{"id":331038,"date":"2022-01-06T06:09:17","date_gmt":"2022-01-06T06:09:17","guid":{"rendered":"https:\/\/www.purejewels.com\/?post_type=product&#038;p=331038"},"modified":"2026-02-26T12:16:11","modified_gmt":"2026-02-26T12:16:11","slug":"asya-altin-kupeler-uk-40927","status":"publish","type":"product","link":"https:\/\/www.purejewels.com\/tr\/product\/asian-gold-earrings-uk-40927\/","title":{"rendered":"Asya Alt\u0131n K\u00fcpeler \u0130ngiltere"},"content":{"rendered":"<p data-start=\"250\" data-end=\"610\"><strong data-start=\"250\" data-end=\"260\">Tasar\u0131m<\/strong><br data-start=\"260\" data-end=\"263\" \/>Bu k\u00fcpeler, ak\u0131c\u0131 k\u0131vr\u0131mlar\u0131 ve belirgin detaylar\u0131 dengeleyen Asya esintili bir profile sahip zengin 22 ayar alt\u0131ndan \u00fcretilmi\u015ftir. Rodyum kaplama, tasar\u0131m\u0131n temel unsurlar\u0131n\u0131 vurgulayarak \u0131\u015f\u0131\u011f\u0131 g\u00fczel bir \u015fekilde yakalayan ince bir iki ton etkisi yarat\u0131r. Yakla\u015f\u0131k 5,7 gram a\u011f\u0131rl\u0131\u011f\u0131ndaki bu tasar\u0131m, kulakta fark edilir ancak kolay tak\u0131labilir bir duru\u015f sergiler.<\/p>\n<p data-start=\"612\" data-end=\"1018\"><strong data-start=\"612\" data-end=\"629\">Zanaatkarl\u0131k<\/strong><br data-start=\"629\" data-end=\"632\" \/>22 ayar alt\u0131ndan \u00fcretilen her bir k\u00fcpe, rodyum detaylar\u0131n alt\u0131n\u0131n s\u0131cakl\u0131\u011f\u0131n\u0131 bast\u0131rmadan deseni g\u00fc\u00e7lendirmesi i\u00e7in \u00f6zenle \u015fekillendirilmi\u015f ve tamamlanm\u0131\u015ft\u0131r. Rahat bir kullan\u0131m ve zarif bir parlakl\u0131k i\u00e7in y\u00fczeyler p\u00fcr\u00fczs\u00fcz bir \u015fekilde parlat\u0131lm\u0131\u015ft\u0131r. Her \u00e7ift, safl\u0131k sertifikas\u0131 i\u00e7in Londra Assay Office taraf\u0131ndan \u0130ngiltere'de damgalanm\u0131\u015ft\u0131r ve size hem kalite hem de orijinallik konusunda g\u00fcven verir.<\/p>\n<p data-start=\"1020\" data-end=\"1415\" data-is-last-node=\"\" data-is-only-node=\"\"><strong data-start=\"1020\" data-end=\"1037\">Stil Fikirleri<\/strong><br data-start=\"1037\" data-end=\"1040\" \/>D\u00fc\u011f\u00fcnler, bayramlar ve aile kutlamalar\u0131 i\u00e7in m\u00fckemmel olan bu k\u00fcpeler sariler, lehengalar veya modern gece k\u0131yafetleriyle zahmetsizce e\u015fle\u015fir. Rodyum detaylar\u0131n\u0131 yans\u0131tmak i\u00e7in sade bir alt\u0131n bileklik veya narin iki tonlu bir kolye ucu ile stilize edin. Daha g\u00fcnl\u00fck bir ifade i\u00e7in, minimal makyaj ve temiz bir yaka ile odak noktas\u0131 olmalar\u0131na izin verin, b\u00f6ylece tasar\u0131m ger\u00e7ekten \u00f6ne \u00e7\u0131kabilir.<\/p>","protected":false},"excerpt":{"rendered":"<div class=\"woocommerce-product-details__short-description\">\n<ul>\n<li>Rodyum kaplamal\u0131 22 Ayar Alt\u0131n K\u00fcpe<\/li>\n<li>A\u011f\u0131rl\u0131k 5,7 gms<\/li>\n<li>SKU. 44328<\/li>\n<li>T\u00fcm fiyatlara KDV dahildir<\/li>\n<li>London Assay Office taraf\u0131ndan damgalanm\u0131\u015f alt\u0131n<\/li>\n<li>22 Ayar Alt\u0131n K\u00fcpe Sunum Kutusuyla Birlikte Gelir<\/li>\n<li>Teslimat Dahil<\/li>\n<li>Stok durumu ve stokta bulunan benzer tasar\u0131mlar\u0131n daha fazla g\u00f6r\u00fcnt\u00fcs\u00fc i\u00e7in bizimle canl\u0131 sohbet edin<\/li>\n<\/ul>\n<\/div>\n<p>&nbsp;<\/p>","protected":false},"featured_media":348529,"comment_status":"closed","ping_status":"closed","template":"","meta":{"_eb_attr":"","_crsspst_to_jayantr4sg-hostcom":true},"product_brand":[],"product_cat":[1791,1559,1793,1254,1229,1578,1573,1574,5349],"product_tag":[],"class_list":{"0":"post-331038","1":"product","2":"type-product","3":"status-publish","4":"has-post-thumbnail","6":"product_cat-anniversary-gifts","7":"product_cat-birthday-gifts","8":"product_cat-diwali-gifts","9":"product_cat-gold-earrings","10":"product_cat-22ct-gold-jewellery","11":"product_cat-jhumkha-earrings","12":"product_cat-wedding-gifts","13":"product_cat-womens-jewellery","14":"product_cat-yellow-gold-jewellery","16":"first","17":"instock","18":"sale","19":"taxable","20":"shipping-taxable","21":"purchasable","22":"product-type-simple","23":"add-to-wishlist-before_image"},"yoast_head":"<!-- This site is optimized with the Yoast SEO plugin v27.5 - https:\/\/yoast.com\/product\/yoast-seo-wordpress\/ -->\n<title>22 carat Real Gold Earrings UK | PureJewels<\/title>\n<meta name=\"description\" content=\"Explore and shop our 22 Carat Real Gold Earring with Rhodium finish. 22 Carat Gold Earring Comes With Presentation Box.\" \/>\n<meta name=\"robots\" content=\"index, follow, max-snippet:-1, max-image-preview:large, max-video-preview:-1\" \/>\n<link rel=\"canonical\" href=\"https:\/\/www.purejewels.com\/tr\/urun\/asya-altin-kupeler-uk-40927\/\" \/>\n<meta property=\"og:locale\" content=\"tr_TR\" \/>\n<meta property=\"og:type\" content=\"article\" \/>\n<meta property=\"og:title\" content=\"22 carat Real Gold Earrings UK | PureJewels\" \/>\n<meta property=\"og:description\" content=\"Explore and shop our 22 Carat Real Gold Earring with Rhodium finish. 22 Carat Gold Earring Comes With Presentation Box.\" \/>\n<meta property=\"og:url\" content=\"https:\/\/www.purejewels.com\/tr\/urun\/asya-altin-kupeler-uk-40927\/\" \/>\n<meta property=\"og:site_name\" content=\"PureJewels UK\" \/>\n<meta property=\"article:modified_time\" content=\"2026-02-26T12:16:11+00:00\" \/>\n<meta property=\"og:image\" content=\"https:\/\/static.purejewels.com\/wp-content\/uploads\/2022\/01\/44328.jpg\" \/>\n\t<meta property=\"og:image:width\" content=\"1000\" \/>\n\t<meta property=\"og:image:height\" content=\"1000\" \/>\n\t<meta property=\"og:image:type\" content=\"image\/jpeg\" \/>\n<meta name=\"twitter:card\" content=\"summary_large_image\" \/>\n<meta name=\"twitter:label1\" content=\"Tahmini okuma s\u00fcresi\" \/>\n\t<meta name=\"twitter:data1\" content=\"1 dakika\" \/>\n<script type=\"application\/ld+json\" class=\"yoast-schema-graph\">{\"@context\":\"https:\\\/\\\/schema.org\",\"@graph\":[{\"@type\":[\"WebPage\",\"ItemPage\"],\"@id\":\"https:\\\/\\\/www.purejewels.com\\\/product\\\/asian-gold-earrings-uk-40927\\\/\",\"url\":\"https:\\\/\\\/www.purejewels.com\\\/product\\\/asian-gold-earrings-uk-40927\\\/\",\"name\":\"22 carat Real Gold Earrings UK | PureJewels\",\"isPartOf\":{\"@id\":\"https:\\\/\\\/www.purejewels.com\\\/#website\"},\"primaryImageOfPage\":{\"@id\":\"https:\\\/\\\/www.purejewels.com\\\/product\\\/asian-gold-earrings-uk-40927\\\/#primaryimage\"},\"image\":{\"@id\":\"https:\\\/\\\/www.purejewels.com\\\/product\\\/asian-gold-earrings-uk-40927\\\/#primaryimage\"},\"thumbnailUrl\":\"https:\\\/\\\/static.purejewels.com\\\/wp-content\\\/uploads\\\/2022\\\/01\\\/44328.jpg\",\"datePublished\":\"2022-01-06T06:09:17+00:00\",\"dateModified\":\"2026-02-26T12:16:11+00:00\",\"description\":\"Explore and shop our 22 Carat Real Gold Earring with Rhodium finish. 22 Carat Gold Earring Comes With Presentation Box.\",\"breadcrumb\":{\"@id\":\"https:\\\/\\\/www.purejewels.com\\\/product\\\/asian-gold-earrings-uk-40927\\\/#breadcrumb\"},\"inLanguage\":\"tr\",\"potentialAction\":[{\"@type\":\"ReadAction\",\"target\":[\"https:\\\/\\\/www.purejewels.com\\\/product\\\/asian-gold-earrings-uk-40927\\\/\"]}]},{\"@type\":\"ImageObject\",\"inLanguage\":\"tr\",\"@id\":\"https:\\\/\\\/www.purejewels.com\\\/product\\\/asian-gold-earrings-uk-40927\\\/#primaryimage\",\"url\":\"https:\\\/\\\/static.purejewels.com\\\/wp-content\\\/uploads\\\/2022\\\/01\\\/44328.jpg\",\"contentUrl\":\"https:\\\/\\\/static.purejewels.com\\\/wp-content\\\/uploads\\\/2022\\\/01\\\/44328.jpg\",\"width\":1000,\"height\":1000,\"caption\":\"Asian Gold Earrings UK\"},{\"@type\":\"BreadcrumbList\",\"@id\":\"https:\\\/\\\/www.purejewels.com\\\/product\\\/asian-gold-earrings-uk-40927\\\/#breadcrumb\",\"itemListElement\":[{\"@type\":\"ListItem\",\"position\":1,\"name\":\"Home\",\"item\":\"https:\\\/\\\/www.purejewels.com\\\/\"},{\"@type\":\"ListItem\",\"position\":2,\"name\":\"Shop\",\"item\":\"https:\\\/\\\/www.purejewels.com\\\/shop\\\/\"},{\"@type\":\"ListItem\",\"position\":3,\"name\":\"Asian Gold Earrings UK\"}]},{\"@type\":\"WebSite\",\"@id\":\"https:\\\/\\\/www.purejewels.com\\\/#website\",\"url\":\"https:\\\/\\\/www.purejewels.com\\\/\",\"name\":\"PureJewels UK\",\"description\":\"Share the Love\",\"publisher\":{\"@id\":\"https:\\\/\\\/www.purejewels.com\\\/#organization\"},\"potentialAction\":[{\"@type\":\"SearchAction\",\"target\":{\"@type\":\"EntryPoint\",\"urlTemplate\":\"https:\\\/\\\/www.purejewels.com\\\/?s={search_term_string}\"},\"query-input\":{\"@type\":\"PropertyValueSpecification\",\"valueRequired\":true,\"valueName\":\"search_term_string\"}}],\"inLanguage\":\"tr\"},{\"@type\":\"Organization\",\"@id\":\"https:\\\/\\\/www.purejewels.com\\\/#organization\",\"name\":\"PureJewels UK\",\"url\":\"https:\\\/\\\/www.purejewels.com\\\/\",\"logo\":{\"@type\":\"ImageObject\",\"inLanguage\":\"tr\",\"@id\":\"https:\\\/\\\/www.purejewels.com\\\/#\\\/schema\\\/logo\\\/image\\\/\",\"url\":\"https:\\\/\\\/static.purejewels.com\\\/wp-content\\\/uploads\\\/2020\\\/11\\\/Logo-PJ-New-1.png\",\"contentUrl\":\"https:\\\/\\\/static.purejewels.com\\\/wp-content\\\/uploads\\\/2020\\\/11\\\/Logo-PJ-New-1.png\",\"width\":150,\"height\":80,\"caption\":\"PureJewels UK\"},\"image\":{\"@id\":\"https:\\\/\\\/www.purejewels.com\\\/#\\\/schema\\\/logo\\\/image\\\/\"}}]}<\/script>\n<!-- \/ Yoast SEO plugin. -->","yoast_head_json":{"title":"22 Ayar Ger\u00e7ek Alt\u0131n K\u00fcpe \u0130ngiltere | PureJewels","description":"Rodyum kaplamal\u0131 22 Ayar Ger\u00e7ek Alt\u0131n K\u00fcpemizi ke\u015ffedin ve al\u0131\u015fveri\u015f yap\u0131n. 22 Ayar Alt\u0131n K\u00fcpe Sunum Kutusu ile Birlikte Gelir.","robots":{"index":"index","follow":"follow","max-snippet":"max-snippet:-1","max-image-preview":"max-image-preview:large","max-video-preview":"max-video-preview:-1"},"canonical":"https:\/\/www.purejewels.com\/tr\/urun\/asya-altin-kupeler-uk-40927\/","og_locale":"tr_TR","og_type":"article","og_title":"22 carat Real Gold Earrings UK | PureJewels","og_description":"Explore and shop our 22 Carat Real Gold Earring with Rhodium finish. 22 Carat Gold Earring Comes With Presentation Box.","og_url":"https:\/\/www.purejewels.com\/tr\/urun\/asya-altin-kupeler-uk-40927\/","og_site_name":"PureJewels UK","article_modified_time":"2026-02-26T12:16:11+00:00","og_image":[{"width":1000,"height":1000,"url":"https:\/\/static.purejewels.com\/wp-content\/uploads\/2022\/01\/44328.jpg","type":"image\/jpeg"}],"twitter_card":"summary_large_image","twitter_misc":{"Tahmini okuma s\u00fcresi":"1 dakika"},"schema":{"@context":"https:\/\/schema.org","@graph":[{"@type":["WebPage","ItemPage"],"@id":"https:\/\/www.purejewels.com\/product\/asian-gold-earrings-uk-40927\/","url":"https:\/\/www.purejewels.com\/product\/asian-gold-earrings-uk-40927\/","name":"22 Ayar Ger\u00e7ek Alt\u0131n K\u00fcpe \u0130ngiltere | PureJewels","isPartOf":{"@id":"https:\/\/www.purejewels.com\/#website"},"primaryImageOfPage":{"@id":"https:\/\/www.purejewels.com\/product\/asian-gold-earrings-uk-40927\/#primaryimage"},"image":{"@id":"https:\/\/www.purejewels.com\/product\/asian-gold-earrings-uk-40927\/#primaryimage"},"thumbnailUrl":"https:\/\/static.purejewels.com\/wp-content\/uploads\/2022\/01\/44328.jpg","datePublished":"2022-01-06T06:09:17+00:00","dateModified":"2026-02-26T12:16:11+00:00","description":"Rodyum kaplamal\u0131 22 Ayar Ger\u00e7ek Alt\u0131n K\u00fcpemizi ke\u015ffedin ve al\u0131\u015fveri\u015f yap\u0131n. 22 Ayar Alt\u0131n K\u00fcpe Sunum Kutusu ile Birlikte Gelir.","breadcrumb":{"@id":"https:\/\/www.purejewels.com\/product\/asian-gold-earrings-uk-40927\/#breadcrumb"},"inLanguage":"tr","potentialAction":[{"@type":"ReadAction","target":["https:\/\/www.purejewels.com\/product\/asian-gold-earrings-uk-40927\/"]}]},{"@type":"ImageObject","inLanguage":"tr","@id":"https:\/\/www.purejewels.com\/product\/asian-gold-earrings-uk-40927\/#primaryimage","url":"https:\/\/static.purejewels.com\/wp-content\/uploads\/2022\/01\/44328.jpg","contentUrl":"https:\/\/static.purejewels.com\/wp-content\/uploads\/2022\/01\/44328.jpg","width":1000,"height":1000,"caption":"Asian Gold Earrings UK"},{"@type":"BreadcrumbList","@id":"https:\/\/www.purejewels.com\/product\/asian-gold-earrings-uk-40927\/#breadcrumb","itemListElement":[{"@type":"ListItem","position":1,"name":"Home","item":"https:\/\/www.purejewels.com\/"},{"@type":"ListItem","position":2,"name":"Shop","item":"https:\/\/www.purejewels.com\/shop\/"},{"@type":"ListItem","position":3,"name":"Asian Gold Earrings UK"}]},{"@type":"WebSite","@id":"https:\/\/www.purejewels.com\/#website","url":"https:\/\/www.purejewels.com\/","name":"PureJewels \u0130ngiltere","description":"Sevgiyi Payla\u015f\u0131n","publisher":{"@id":"https:\/\/www.purejewels.com\/#organization"},"potentialAction":[{"@type":"SearchAction","target":{"@type":"EntryPoint","urlTemplate":"https:\/\/www.purejewels.com\/?s={search_term_string}"},"query-input":{"@type":"PropertyValueSpecification","valueRequired":true,"valueName":"search_term_string"}}],"inLanguage":"tr"},{"@type":"Organization","@id":"https:\/\/www.purejewels.com\/#organization","name":"PureJewels \u0130ngiltere","url":"https:\/\/www.purejewels.com\/","logo":{"@type":"ImageObject","inLanguage":"tr","@id":"https:\/\/www.purejewels.com\/#\/schema\/logo\/image\/","url":"https:\/\/static.purejewels.com\/wp-content\/uploads\/2020\/11\/Logo-PJ-New-1.png","contentUrl":"https:\/\/static.purejewels.com\/wp-content\/uploads\/2020\/11\/Logo-PJ-New-1.png","width":150,"height":80,"caption":"PureJewels UK"},"image":{"@id":"https:\/\/www.purejewels.com\/#\/schema\/logo\/image\/"}}]}},"_links":{"self":[{"href":"https:\/\/www.purejewels.com\/tr\/wp-json\/wp\/v2\/product\/331038","targetHints":{"allow":["GET"]}}],"collection":[{"href":"https:\/\/www.purejewels.com\/tr\/wp-json\/wp\/v2\/product"}],"about":[{"href":"https:\/\/www.purejewels.com\/tr\/wp-json\/wp\/v2\/types\/product"}],"replies":[{"embeddable":true,"href":"https:\/\/www.purejewels.com\/tr\/wp-json\/wp\/v2\/comments?post=331038"}],"version-history":[{"count":3,"href":"https:\/\/www.purejewels.com\/tr\/wp-json\/wp\/v2\/product\/331038\/revisions"}],"predecessor-version":[{"id":420913,"href":"https:\/\/www.purejewels.com\/tr\/wp-json\/wp\/v2\/product\/331038\/revisions\/420913"}],"wp:featuredmedia":[{"embeddable":true,"href":"https:\/\/www.purejewels.com\/tr\/wp-json\/wp\/v2\/media\/348529"}],"wp:attachment":[{"href":"https:\/\/www.purejewels.com\/tr\/wp-json\/wp\/v2\/media?parent=331038"}],"wp:term":[{"taxonomy":"product_brand","embeddable":true,"href":"https:\/\/www.purejewels.com\/tr\/wp-json\/wp\/v2\/product_brand?post=331038"},{"taxonomy":"product_cat","embeddable":true,"href":"https:\/\/www.purejewels.com\/tr\/wp-json\/wp\/v2\/product_cat?post=331038"},{"taxonomy":"product_tag","embeddable":true,"href":"https:\/\/www.purejewels.com\/tr\/wp-json\/wp\/v2\/product_tag?post=331038"}],"curies":[{"name":"wp","href":"https:\/\/api.w.org\/{rel}","templated":true}]}}