{"id":331137,"date":"2022-01-07T05:00:16","date_gmt":"2022-01-07T05:00:16","guid":{"rendered":"https:\/\/www.purejewels.com\/?post_type=product&#038;p=331137"},"modified":"2026-02-18T05:22:20","modified_gmt":"2026-02-18T05:22:20","slug":"18-ayar-beyaz-altin-burun-ignesi-41452","status":"publish","type":"product","link":"https:\/\/www.purejewels.com\/tr\/product\/18ct-white-gold-nose-pin-41452\/","title":{"rendered":"18 Ayar Beyaz Alt\u0131n 0,04 Ayar P\u0131rlanta Burun \u0130\u011fnesi"},"content":{"rendered":"<p>Zarif 18 Ayar Beyaz Alt\u0131n\u0131m\u0131z ile tarz\u0131n\u0131z\u0131 y\u00fckseltin <a href=\"https:\/\/www.purejewels.com\/tr\/product\/cz-stone-nose-stud-in-yellow-gold-43243\/\">Tel Burun Pimi<\/a> 0,04 cts g\u00f6z kama\u015ft\u0131r\u0131c\u0131 elmaslarla s\u00fcslenmi\u015ftir. M\u00fckemmellik i\u00e7in haz\u0131rlanm\u0131\u015f bu burun i\u011fnesi zarafet ve sofistike bir g\u00f6r\u00fcn\u00fcm sergileyerek m\u00fccevher koleksiyonunuza m\u00fckemmel bir katk\u0131 sa\u011flar. P\u0131rlantalar VVS berrakl\u0131\u011f\u0131 ve E-F bozulmam\u0131\u015f renk derecesi ile dikkat \u00e7eker ve her g\u00f6ze \u00e7arpan parlak bir \u0131\u015f\u0131lt\u0131 sa\u011flar. Y\u00fcksek kaliteli beyaz alt\u0131ndan \u00f6zenle \u00fcretilen bu burun i\u011fnesi hem l\u00fcks hem de kal\u0131c\u0131d\u0131r. Her durum i\u00e7in m\u00fckemmel olan bu \u00e7arp\u0131c\u0131 par\u00e7a ile zamans\u0131z bir g\u00fczellik ifadesi yarat\u0131n.<\/p>","protected":false},"excerpt":{"rendered":"<ul>\n<li>Elmas Burun \u0130\u011fnesi uk<\/li>\n<li>18 Ayar Beyaz Alt\u0131n P\u0131rlanta Burun M\u00fccevheri<\/li>\n<li>Tel bobin Sapl\u0131<\/li>\n<li>0,04ct Yuvarlak Parlak Kesim P\u0131rlanta\n<ul>\n<li>P\u0131rlanta Berrakl\u0131\u011f\u0131. VVS<\/li>\n<li>P\u0131rlanta Rengi.  E - F<\/li>\n<\/ul>\n<\/li>\n<li>T\u00fcm Elmaslar\u0131m\u0131z SGL Sertifikas\u0131 ile birlikte gelir<\/li>\n<li>SKU 45186, 47134<\/li>\n<li>T\u00fcm Fiyatlara KDV Dahildir<\/li>\n<li>Sunum Kutusu ile Birlikte Gelir<\/li>\n<li>Teslimat Dahil<\/li>\n<li>P\u0131rlanta Burun \u00c7\u0131t\u00e7\u0131tlar\u0131 koleksiyonumuzu ke\u015ffetmek i\u00e7in bizimle ileti\u015fime ge\u00e7in\/canl\u0131 sohbet edin<\/li>\n<\/ul>","protected":false},"featured_media":326673,"comment_status":"closed","ping_status":"closed","template":"","meta":{"_eb_attr":"","_crsspst_to_jayantr4sg-hostcom":false},"product_brand":[],"product_cat":[5679,6093,5457,1530,5942,1463,1574],"product_tag":[],"class_list":{"0":"post-331137","1":"product","2":"type-product","3":"status-publish","4":"has-post-thumbnail","6":"product_cat-18ct-gold-jewellery","7":"product_cat-18ct-nose-jewellery","8":"product_cat-diamond-jewellery","9":"product_cat-diamond-nose-pin","10":"product_cat-nose-jewellery","11":"product_cat-gold-nose-pins","12":"product_cat-womens-jewellery","14":"first","15":"outofstock","16":"taxable","17":"shipping-taxable","18":"product-type-simple","19":"add-to-wishlist-before_image"},"yoast_head":"<!-- This site is optimized with the Yoast SEO plugin v27.3 - https:\/\/yoast.com\/product\/yoast-seo-wordpress\/ -->\n<title>Wire Nose Pin in 18ct white gold at PureJewels UK<\/title>\n<meta name=\"description\" content=\"Buy the Best white gold Nose Pins in UK. Select from our wide range of jewellery collections at best Price with Free Shipment in the UK.\" \/>\n<meta name=\"robots\" content=\"index, follow, max-snippet:-1, max-image-preview:large, max-video-preview:-1\" \/>\n<link rel=\"canonical\" href=\"https:\/\/www.purejewels.com\/tr\/urun\/18-ayar-beyaz-altin-burun-ignesi-41452\/\" \/>\n<meta property=\"og:locale\" content=\"tr_TR\" \/>\n<meta property=\"og:type\" content=\"article\" \/>\n<meta property=\"og:title\" content=\"Wire Nose Pin in 18ct white gold at PureJewels UK\" \/>\n<meta property=\"og:description\" content=\"Buy the Best white gold Nose Pins in UK. Select from our wide range of jewellery collections at best Price with Free Shipment in the UK.\" \/>\n<meta property=\"og:url\" content=\"https:\/\/www.purejewels.com\/tr\/urun\/18-ayar-beyaz-altin-burun-ignesi-41452\/\" \/>\n<meta property=\"og:site_name\" content=\"PureJewels UK\" \/>\n<meta property=\"article:modified_time\" content=\"2026-02-18T05:22:20+00:00\" \/>\n<meta property=\"og:image\" content=\"https:\/\/static.purejewels.com\/wp-content\/uploads\/2021\/07\/34155-34154-1-1.jpg\" \/>\n\t<meta property=\"og:image:width\" content=\"1000\" \/>\n\t<meta property=\"og:image:height\" content=\"1000\" \/>\n\t<meta property=\"og:image:type\" content=\"image\/jpeg\" \/>\n<meta name=\"twitter:card\" content=\"summary_large_image\" \/>\n<meta name=\"twitter:label1\" content=\"Tahmini okuma s\u00fcresi\" \/>\n\t<meta name=\"twitter:data1\" content=\"1 dakika\" \/>\n<script type=\"application\/ld+json\" class=\"yoast-schema-graph\">{\"@context\":\"https:\\\/\\\/schema.org\",\"@graph\":[{\"@type\":[\"WebPage\",\"ItemPage\"],\"@id\":\"https:\\\/\\\/www.purejewels.com\\\/product\\\/18ct-white-gold-nose-pin-41452\\\/\",\"url\":\"https:\\\/\\\/www.purejewels.com\\\/product\\\/18ct-white-gold-nose-pin-41452\\\/\",\"name\":\"Wire Nose Pin in 18ct white gold at PureJewels UK\",\"isPartOf\":{\"@id\":\"https:\\\/\\\/www.purejewels.com\\\/#website\"},\"primaryImageOfPage\":{\"@id\":\"https:\\\/\\\/www.purejewels.com\\\/product\\\/18ct-white-gold-nose-pin-41452\\\/#primaryimage\"},\"image\":{\"@id\":\"https:\\\/\\\/www.purejewels.com\\\/product\\\/18ct-white-gold-nose-pin-41452\\\/#primaryimage\"},\"thumbnailUrl\":\"https:\\\/\\\/static.purejewels.com\\\/wp-content\\\/uploads\\\/2021\\\/07\\\/34155-34154-1-1.jpg\",\"datePublished\":\"2022-01-07T05:00:16+00:00\",\"dateModified\":\"2026-02-18T05:22:20+00:00\",\"description\":\"Buy the Best white gold Nose Pins in UK. Select from our wide range of jewellery collections at best Price with Free Shipment in the UK.\",\"breadcrumb\":{\"@id\":\"https:\\\/\\\/www.purejewels.com\\\/product\\\/18ct-white-gold-nose-pin-41452\\\/#breadcrumb\"},\"inLanguage\":\"tr\",\"potentialAction\":[{\"@type\":\"ReadAction\",\"target\":[\"https:\\\/\\\/www.purejewels.com\\\/product\\\/18ct-white-gold-nose-pin-41452\\\/\"]}]},{\"@type\":\"ImageObject\",\"inLanguage\":\"tr\",\"@id\":\"https:\\\/\\\/www.purejewels.com\\\/product\\\/18ct-white-gold-nose-pin-41452\\\/#primaryimage\",\"url\":\"https:\\\/\\\/static.purejewels.com\\\/wp-content\\\/uploads\\\/2021\\\/07\\\/34155-34154-1-1.jpg\",\"contentUrl\":\"https:\\\/\\\/static.purejewels.com\\\/wp-content\\\/uploads\\\/2021\\\/07\\\/34155-34154-1-1.jpg\",\"width\":1000,\"height\":1000},{\"@type\":\"BreadcrumbList\",\"@id\":\"https:\\\/\\\/www.purejewels.com\\\/product\\\/18ct-white-gold-nose-pin-41452\\\/#breadcrumb\",\"itemListElement\":[{\"@type\":\"ListItem\",\"position\":1,\"name\":\"Home\",\"item\":\"https:\\\/\\\/www.purejewels.com\\\/\"},{\"@type\":\"ListItem\",\"position\":2,\"name\":\"Shop\",\"item\":\"https:\\\/\\\/www.purejewels.com\\\/shop\\\/\"},{\"@type\":\"ListItem\",\"position\":3,\"name\":\"18ct White Gold 0.04ct Diamond Nose Pin\"}]},{\"@type\":\"WebSite\",\"@id\":\"https:\\\/\\\/www.purejewels.com\\\/#website\",\"url\":\"https:\\\/\\\/www.purejewels.com\\\/\",\"name\":\"PureJewels UK\",\"description\":\"Share the Love\",\"publisher\":{\"@id\":\"https:\\\/\\\/www.purejewels.com\\\/#organization\"},\"potentialAction\":[{\"@type\":\"SearchAction\",\"target\":{\"@type\":\"EntryPoint\",\"urlTemplate\":\"https:\\\/\\\/www.purejewels.com\\\/?s={search_term_string}\"},\"query-input\":{\"@type\":\"PropertyValueSpecification\",\"valueRequired\":true,\"valueName\":\"search_term_string\"}}],\"inLanguage\":\"tr\"},{\"@type\":\"Organization\",\"@id\":\"https:\\\/\\\/www.purejewels.com\\\/#organization\",\"name\":\"PureJewels UK\",\"url\":\"https:\\\/\\\/www.purejewels.com\\\/\",\"logo\":{\"@type\":\"ImageObject\",\"inLanguage\":\"tr\",\"@id\":\"https:\\\/\\\/www.purejewels.com\\\/#\\\/schema\\\/logo\\\/image\\\/\",\"url\":\"https:\\\/\\\/static.purejewels.com\\\/wp-content\\\/uploads\\\/2020\\\/11\\\/Logo-PJ-New-1.png\",\"contentUrl\":\"https:\\\/\\\/static.purejewels.com\\\/wp-content\\\/uploads\\\/2020\\\/11\\\/Logo-PJ-New-1.png\",\"width\":150,\"height\":80,\"caption\":\"PureJewels UK\"},\"image\":{\"@id\":\"https:\\\/\\\/www.purejewels.com\\\/#\\\/schema\\\/logo\\\/image\\\/\"}}]}<\/script>\n<!-- \/ Yoast SEO plugin. -->","yoast_head_json":{"title":"PureJewels UK'de 18 ayar beyaz alt\u0131n Tel Burun \u0130\u011fnesi","description":"\u0130ngiltere'deki En \u0130yi Beyaz Alt\u0131n Burun \u0130\u011fnelerini Sat\u0131n Al\u0131n. \u0130ngiltere'de \u00dccretsiz G\u00f6nderi ile en iyi Fiyata geni\u015f m\u00fccevher koleksiyonlar\u0131m\u0131zdan birini se\u00e7in.","robots":{"index":"index","follow":"follow","max-snippet":"max-snippet:-1","max-image-preview":"max-image-preview:large","max-video-preview":"max-video-preview:-1"},"canonical":"https:\/\/www.purejewels.com\/tr\/urun\/18-ayar-beyaz-altin-burun-ignesi-41452\/","og_locale":"tr_TR","og_type":"article","og_title":"Wire Nose Pin in 18ct white gold at PureJewels UK","og_description":"Buy the Best white gold Nose Pins in UK. Select from our wide range of jewellery collections at best Price with Free Shipment in the UK.","og_url":"https:\/\/www.purejewels.com\/tr\/urun\/18-ayar-beyaz-altin-burun-ignesi-41452\/","og_site_name":"PureJewels UK","article_modified_time":"2026-02-18T05:22:20+00:00","og_image":[{"width":1000,"height":1000,"url":"https:\/\/static.purejewels.com\/wp-content\/uploads\/2021\/07\/34155-34154-1-1.jpg","type":"image\/jpeg"}],"twitter_card":"summary_large_image","twitter_misc":{"Tahmini okuma s\u00fcresi":"1 dakika"},"schema":{"@context":"https:\/\/schema.org","@graph":[{"@type":["WebPage","ItemPage"],"@id":"https:\/\/www.purejewels.com\/product\/18ct-white-gold-nose-pin-41452\/","url":"https:\/\/www.purejewels.com\/product\/18ct-white-gold-nose-pin-41452\/","name":"PureJewels UK'de 18 ayar beyaz alt\u0131n Tel Burun \u0130\u011fnesi","isPartOf":{"@id":"https:\/\/www.purejewels.com\/#website"},"primaryImageOfPage":{"@id":"https:\/\/www.purejewels.com\/product\/18ct-white-gold-nose-pin-41452\/#primaryimage"},"image":{"@id":"https:\/\/www.purejewels.com\/product\/18ct-white-gold-nose-pin-41452\/#primaryimage"},"thumbnailUrl":"https:\/\/static.purejewels.com\/wp-content\/uploads\/2021\/07\/34155-34154-1-1.jpg","datePublished":"2022-01-07T05:00:16+00:00","dateModified":"2026-02-18T05:22:20+00:00","description":"\u0130ngiltere'deki En \u0130yi Beyaz Alt\u0131n Burun \u0130\u011fnelerini Sat\u0131n Al\u0131n. \u0130ngiltere'de \u00dccretsiz G\u00f6nderi ile en iyi Fiyata geni\u015f m\u00fccevher koleksiyonlar\u0131m\u0131zdan birini se\u00e7in.","breadcrumb":{"@id":"https:\/\/www.purejewels.com\/product\/18ct-white-gold-nose-pin-41452\/#breadcrumb"},"inLanguage":"tr","potentialAction":[{"@type":"ReadAction","target":["https:\/\/www.purejewels.com\/product\/18ct-white-gold-nose-pin-41452\/"]}]},{"@type":"ImageObject","inLanguage":"tr","@id":"https:\/\/www.purejewels.com\/product\/18ct-white-gold-nose-pin-41452\/#primaryimage","url":"https:\/\/static.purejewels.com\/wp-content\/uploads\/2021\/07\/34155-34154-1-1.jpg","contentUrl":"https:\/\/static.purejewels.com\/wp-content\/uploads\/2021\/07\/34155-34154-1-1.jpg","width":1000,"height":1000},{"@type":"BreadcrumbList","@id":"https:\/\/www.purejewels.com\/product\/18ct-white-gold-nose-pin-41452\/#breadcrumb","itemListElement":[{"@type":"ListItem","position":1,"name":"Home","item":"https:\/\/www.purejewels.com\/"},{"@type":"ListItem","position":2,"name":"Shop","item":"https:\/\/www.purejewels.com\/shop\/"},{"@type":"ListItem","position":3,"name":"18ct White Gold 0.04ct Diamond Nose Pin"}]},{"@type":"WebSite","@id":"https:\/\/www.purejewels.com\/#website","url":"https:\/\/www.purejewels.com\/","name":"PureJewels \u0130ngiltere","description":"Sevgiyi Payla\u015f\u0131n","publisher":{"@id":"https:\/\/www.purejewels.com\/#organization"},"potentialAction":[{"@type":"SearchAction","target":{"@type":"EntryPoint","urlTemplate":"https:\/\/www.purejewels.com\/?s={search_term_string}"},"query-input":{"@type":"PropertyValueSpecification","valueRequired":true,"valueName":"search_term_string"}}],"inLanguage":"tr"},{"@type":"Organization","@id":"https:\/\/www.purejewels.com\/#organization","name":"PureJewels \u0130ngiltere","url":"https:\/\/www.purejewels.com\/","logo":{"@type":"ImageObject","inLanguage":"tr","@id":"https:\/\/www.purejewels.com\/#\/schema\/logo\/image\/","url":"https:\/\/static.purejewels.com\/wp-content\/uploads\/2020\/11\/Logo-PJ-New-1.png","contentUrl":"https:\/\/static.purejewels.com\/wp-content\/uploads\/2020\/11\/Logo-PJ-New-1.png","width":150,"height":80,"caption":"PureJewels UK"},"image":{"@id":"https:\/\/www.purejewels.com\/#\/schema\/logo\/image\/"}}]}},"_links":{"self":[{"href":"https:\/\/www.purejewels.com\/tr\/wp-json\/wp\/v2\/product\/331137","targetHints":{"allow":["GET"]}}],"collection":[{"href":"https:\/\/www.purejewels.com\/tr\/wp-json\/wp\/v2\/product"}],"about":[{"href":"https:\/\/www.purejewels.com\/tr\/wp-json\/wp\/v2\/types\/product"}],"replies":[{"embeddable":true,"href":"https:\/\/www.purejewels.com\/tr\/wp-json\/wp\/v2\/comments?post=331137"}],"version-history":[{"count":4,"href":"https:\/\/www.purejewels.com\/tr\/wp-json\/wp\/v2\/product\/331137\/revisions"}],"predecessor-version":[{"id":392717,"href":"https:\/\/www.purejewels.com\/tr\/wp-json\/wp\/v2\/product\/331137\/revisions\/392717"}],"wp:featuredmedia":[{"embeddable":true,"href":"https:\/\/www.purejewels.com\/tr\/wp-json\/wp\/v2\/media\/326673"}],"wp:attachment":[{"href":"https:\/\/www.purejewels.com\/tr\/wp-json\/wp\/v2\/media?parent=331137"}],"wp:term":[{"taxonomy":"product_brand","embeddable":true,"href":"https:\/\/www.purejewels.com\/tr\/wp-json\/wp\/v2\/product_brand?post=331137"},{"taxonomy":"product_cat","embeddable":true,"href":"https:\/\/www.purejewels.com\/tr\/wp-json\/wp\/v2\/product_cat?post=331137"},{"taxonomy":"product_tag","embeddable":true,"href":"https:\/\/www.purejewels.com\/tr\/wp-json\/wp\/v2\/product_tag?post=331137"}],"curies":[{"name":"wp","href":"https:\/\/api.w.org\/{rel}","templated":true}]}}