{"id":331309,"date":"2022-01-13T09:57:26","date_gmt":"2022-01-13T09:57:26","guid":{"rendered":"https:\/\/www.purejewels.com\/?post_type=product&#038;p=331309"},"modified":"2026-01-08T06:26:25","modified_gmt":"2026-01-08T06:26:25","slug":"sari-altin-telkari-burun-ignesi-saplama-41390","status":"publish","type":"product","link":"https:\/\/www.purejewels.com\/tr\/product\/yellow-gold-filigree-nose-pin-stud-41390\/","title":{"rendered":"18 Ayar Alt\u0131n | Sar\u0131 Alt\u0131n Telkari Burun \u0130\u011fnesi Saplama | 7,6mm \u00c7ap"},"content":{"rendered":"<p><strong>Tasar\u0131m<\/strong><\/p>\n<p>Bu 18 ayar sar\u0131 alt\u0131n telkari burun piercingi, narin halkalar ve b\u00fck\u00fclm\u00fc\u015f detaylarla \u015fekillendirilmi\u015f 7,6 mm'lik \u00e7i\u00e7ek motifine sahiptir. A\u00e7\u0131k i\u015f\u00e7ilikli tasar\u0131m yumu\u015fakl\u0131k ve boyut katarken, ortadaki cilal\u0131 boncuk \u0131\u015f\u0131\u011f\u0131 ve hareketi vurgular. Etkileyici formu, gelenek ve modernli\u011fin zarif bir dengesini sunar.<\/p>\n<p><strong><a href=\"https:\/\/www.purejewels.com\/tr\/a-guide-to-die-stamping\/\">Zanaatkarl\u0131k<\/a><\/strong><\/p>\n<p>\u0130nce telkari teknikleri kullan\u0131larak el yap\u0131m\u0131 olan her bir k\u0131vr\u0131m ve b\u00fck\u00fcm, hafif ancak detayl\u0131 bir son katman olu\u015fturmak i\u00e7in \u00f6zenle \u015fekillendirilmi\u015ftir. P\u00fcr\u00fczs\u00fcz sap ve g\u00fcvenli arka k\u0131s\u0131m, g\u00fcn boyu rahatl\u0131k sa\u011flar. Her par\u00e7a, PureJewels'\u0131n sertifikal\u0131 safl\u0131\u011f\u0131 ve y\u00fcksek standartlar\u0131n\u0131 teyit eden, Birle\u015fik Krall\u0131k'ta damgalanm\u0131\u015ft\u0131r.<\/p>\n<p><strong>\u015eekillendirme &amp; Hediyele\u015fme<\/strong><\/p>\n<p>Karma\u015f\u0131k tasar\u0131m\u0131, bu k\u00fcpeyi g\u00fcnl\u00fck tak\u0131larda sanatsal de\u011feri takdir edenler i\u00e7in \u00f6ne \u00e7\u0131kan bir se\u00e7im haline getiriyor. Hem geleneksel hem de \u00e7a\u011fda\u015f g\u00f6r\u00fcn\u00fcmlerle m\u00fckemmel bir uyum sa\u011flayan bu k\u00fcpe, g\u00fcnl\u00fck giyime veya \u00f6zel g\u00fcnlere zarafet kat\u0131yor. Do\u011fum g\u00fcnleri, ki\u015fisel d\u00f6n\u00fcm noktalar\u0131 veya k\u00fclt\u00fcrel kutlamalar i\u00e7in d\u00fc\u015f\u00fcnceli bir hediye.<\/p>","protected":false},"excerpt":{"rendered":"<p>7,6 mm'lik \u00e7i\u00e7ek motifli ve cilal\u0131 detaylarla i\u015flenmi\u015f, 18 ayar sar\u0131 alt\u0131n filigran burun piercingi. \u0130ngiltere'de damgal\u0131.<\/p>\n<table class=\"sh_desc\">\n<tbody>\n<tr>\n<td>Burun Pimi Tipi<\/td>\n<td>Alt\u0131n \u00c7i\u00e7ek Burun \u00c7\u0131t\u00e7\u0131t<\/td>\n<\/tr>\n<tr>\n<td>SKU<\/td>\n<td>41391<\/td>\n<\/tr>\n<tr>\n<td>A\u011f\u0131rl\u0131k<\/td>\n<td>0.4 Gms<\/td>\n<\/tr>\n<tr>\n<td>Metal<\/td>\n<td>18 Ayar Alt\u0131n<\/td>\n<\/tr>\n<tr>\n<td>Boyut<\/td>\n<td>\n<ul>\n<li>Sap Uzunlu\u011fu: 6,2 mm (approax)<\/li>\n<li>Ayar \u00e7ap\u0131: 7,6 mm (yakla\u015f\u0131k)<\/li>\n<li>Sap Kal\u0131nl\u0131\u011f\u0131: 0,9 mm (yakla\u015f\u0131k)<\/li>\n<\/ul>\n<\/td>\n<\/tr>\n<tr>\n<td>\u00dccretler<\/td>\n<td>Teslimat ve KDV Dahil<\/td>\n<\/tr>\n<tr>\n<td>Paketleme<\/td>\n<td>Sunum Kutusu ile Birlikte Gelir<\/td>\n<\/tr>\n<tr>\n<td>Daha Fazla Bilgi<\/td>\n<td>Hint Burun Tak\u0131lar\u0131n\u0131n mevcudiyeti ve daha fazla g\u00f6rsel i\u00e7in bizimle canl\u0131 sohbet edin<\/td>\n<\/tr>\n<\/tbody>\n<\/table>","protected":false},"featured_media":345389,"comment_status":"closed","ping_status":"closed","template":"","meta":{"_eb_attr":"","_crsspst_to_jayantr4sg-hostcom":false},"product_brand":[],"product_cat":[1711,5942,1574],"product_tag":[],"class_list":{"0":"post-331309","1":"product","2":"type-product","3":"status-publish","4":"has-post-thumbnail","6":"product_cat-gold-nose-studs","7":"product_cat-nose-jewellery","8":"product_cat-womens-jewellery","10":"first","11":"instock","12":"taxable","13":"shipping-taxable","14":"purchasable","15":"product-type-simple","16":"add-to-wishlist-before_image"},"yoast_head":"<!-- This site is optimized with the Yoast SEO plugin v27.6 - https:\/\/yoast.com\/product\/yoast-seo-wordpress\/ -->\n<title>Flower Nose Pin in 18kt yellow Gold | PureJewels<\/title>\n<meta name=\"description\" content=\"This 18ct Yellow Gold Filigree Nose Pin Stud is 7.6mm Thick is best for special occasions. Order online for free UK delivery\" \/>\n<meta name=\"robots\" content=\"index, follow, max-snippet:-1, max-image-preview:large, max-video-preview:-1\" \/>\n<link rel=\"canonical\" href=\"https:\/\/www.purejewels.com\/tr\/urun\/sari-altin-telkari-burun-ignesi-saplama-41390\/\" \/>\n<meta property=\"og:locale\" content=\"tr_TR\" \/>\n<meta property=\"og:type\" content=\"article\" \/>\n<meta property=\"og:title\" content=\"Flower Nose Pin in 18kt yellow Gold | PureJewels\" \/>\n<meta property=\"og:description\" content=\"This 18ct Yellow Gold Filigree Nose Pin Stud is 7.6mm Thick is best for special occasions. Order online for free UK delivery\" \/>\n<meta property=\"og:url\" content=\"https:\/\/www.purejewels.com\/tr\/urun\/sari-altin-telkari-burun-ignesi-saplama-41390\/\" \/>\n<meta property=\"og:site_name\" content=\"PureJewels UK\" \/>\n<meta property=\"article:modified_time\" content=\"2026-01-08T06:26:25+00:00\" \/>\n<meta property=\"og:image\" content=\"https:\/\/static.purejewels.com\/wp-content\/uploads\/2022\/01\/41391-7.6mm-2.jpg\" \/>\n\t<meta property=\"og:image:width\" content=\"1\" \/>\n\t<meta property=\"og:image:height\" content=\"1\" \/>\n\t<meta property=\"og:image:type\" content=\"image\/jpeg\" \/>\n<meta name=\"twitter:card\" content=\"summary_large_image\" \/>\n<meta name=\"twitter:label1\" content=\"Tahmini okuma s\u00fcresi\" \/>\n\t<meta name=\"twitter:data1\" content=\"1 dakika\" \/>\n<script type=\"application\/ld+json\" class=\"yoast-schema-graph\">{\"@context\":\"https:\\\/\\\/schema.org\",\"@graph\":[{\"@type\":[\"WebPage\",\"ItemPage\"],\"@id\":\"https:\\\/\\\/www.purejewels.com\\\/product\\\/yellow-gold-filigree-nose-pin-stud-41390\\\/\",\"url\":\"https:\\\/\\\/www.purejewels.com\\\/product\\\/yellow-gold-filigree-nose-pin-stud-41390\\\/\",\"name\":\"Flower Nose Pin in 18kt yellow Gold | PureJewels\",\"isPartOf\":{\"@id\":\"https:\\\/\\\/www.purejewels.com\\\/#website\"},\"primaryImageOfPage\":{\"@id\":\"https:\\\/\\\/www.purejewels.com\\\/product\\\/yellow-gold-filigree-nose-pin-stud-41390\\\/#primaryimage\"},\"image\":{\"@id\":\"https:\\\/\\\/www.purejewels.com\\\/product\\\/yellow-gold-filigree-nose-pin-stud-41390\\\/#primaryimage\"},\"thumbnailUrl\":\"https:\\\/\\\/static.purejewels.com\\\/wp-content\\\/uploads\\\/2022\\\/01\\\/41391-7.6mm-2.jpg\",\"datePublished\":\"2022-01-13T09:57:26+00:00\",\"dateModified\":\"2026-01-08T06:26:25+00:00\",\"description\":\"This 18ct Yellow Gold Filigree Nose Pin Stud is 7.6mm Thick is best for special occasions. Order online for free UK delivery\",\"breadcrumb\":{\"@id\":\"https:\\\/\\\/www.purejewels.com\\\/product\\\/yellow-gold-filigree-nose-pin-stud-41390\\\/#breadcrumb\"},\"inLanguage\":\"tr\",\"potentialAction\":[{\"@type\":\"ReadAction\",\"target\":[\"https:\\\/\\\/www.purejewels.com\\\/product\\\/yellow-gold-filigree-nose-pin-stud-41390\\\/\"]}]},{\"@type\":\"ImageObject\",\"inLanguage\":\"tr\",\"@id\":\"https:\\\/\\\/www.purejewels.com\\\/product\\\/yellow-gold-filigree-nose-pin-stud-41390\\\/#primaryimage\",\"url\":\"https:\\\/\\\/static.purejewels.com\\\/wp-content\\\/uploads\\\/2022\\\/01\\\/41391-7.6mm-2.jpg\",\"contentUrl\":\"https:\\\/\\\/static.purejewels.com\\\/wp-content\\\/uploads\\\/2022\\\/01\\\/41391-7.6mm-2.jpg\"},{\"@type\":\"BreadcrumbList\",\"@id\":\"https:\\\/\\\/www.purejewels.com\\\/product\\\/yellow-gold-filigree-nose-pin-stud-41390\\\/#breadcrumb\",\"itemListElement\":[{\"@type\":\"ListItem\",\"position\":1,\"name\":\"Home\",\"item\":\"https:\\\/\\\/www.purejewels.com\\\/\"},{\"@type\":\"ListItem\",\"position\":2,\"name\":\"Shop\",\"item\":\"https:\\\/\\\/www.purejewels.com\\\/shop\\\/\"},{\"@type\":\"ListItem\",\"position\":3,\"name\":\"18ct Gold | Yellow Gold Filigree Nose Pin Stud | 7.6mm Diameter\"}]},{\"@type\":\"WebSite\",\"@id\":\"https:\\\/\\\/www.purejewels.com\\\/#website\",\"url\":\"https:\\\/\\\/www.purejewels.com\\\/\",\"name\":\"PureJewels UK\",\"description\":\"Share the Love\",\"publisher\":{\"@id\":\"https:\\\/\\\/www.purejewels.com\\\/#organization\"},\"potentialAction\":[{\"@type\":\"SearchAction\",\"target\":{\"@type\":\"EntryPoint\",\"urlTemplate\":\"https:\\\/\\\/www.purejewels.com\\\/?s={search_term_string}\"},\"query-input\":{\"@type\":\"PropertyValueSpecification\",\"valueRequired\":true,\"valueName\":\"search_term_string\"}}],\"inLanguage\":\"tr\"},{\"@type\":\"Organization\",\"@id\":\"https:\\\/\\\/www.purejewels.com\\\/#organization\",\"name\":\"PureJewels UK\",\"url\":\"https:\\\/\\\/www.purejewels.com\\\/\",\"logo\":{\"@type\":\"ImageObject\",\"inLanguage\":\"tr\",\"@id\":\"https:\\\/\\\/www.purejewels.com\\\/#\\\/schema\\\/logo\\\/image\\\/\",\"url\":\"https:\\\/\\\/static.purejewels.com\\\/wp-content\\\/uploads\\\/2020\\\/11\\\/Logo-PJ-New-1.png\",\"contentUrl\":\"https:\\\/\\\/static.purejewels.com\\\/wp-content\\\/uploads\\\/2020\\\/11\\\/Logo-PJ-New-1.png\",\"width\":150,\"height\":80,\"caption\":\"PureJewels UK\"},\"image\":{\"@id\":\"https:\\\/\\\/www.purejewels.com\\\/#\\\/schema\\\/logo\\\/image\\\/\"}}]}<\/script>\n<!-- \/ Yoast SEO plugin. -->","yoast_head_json":{"title":"18 Ayar Sar\u0131 Alt\u0131n \u00c7i\u00e7ek Burun \u0130\u011fnesi | PureJewels","description":"Bu 18 Ayar Sar\u0131 Alt\u0131n Telkari Burun \u0130\u011fnesi 7,6 mm kal\u0131nl\u0131\u011f\u0131ndad\u0131r ve \u00f6zel g\u00fcnler i\u00e7in idealdir. \u00dccretsiz \u0130ngiltere teslimat\u0131 i\u00e7in online sipari\u015f verin","robots":{"index":"index","follow":"follow","max-snippet":"max-snippet:-1","max-image-preview":"max-image-preview:large","max-video-preview":"max-video-preview:-1"},"canonical":"https:\/\/www.purejewels.com\/tr\/urun\/sari-altin-telkari-burun-ignesi-saplama-41390\/","og_locale":"tr_TR","og_type":"article","og_title":"Flower Nose Pin in 18kt yellow Gold | PureJewels","og_description":"This 18ct Yellow Gold Filigree Nose Pin Stud is 7.6mm Thick is best for special occasions. Order online for free UK delivery","og_url":"https:\/\/www.purejewels.com\/tr\/urun\/sari-altin-telkari-burun-ignesi-saplama-41390\/","og_site_name":"PureJewels UK","article_modified_time":"2026-01-08T06:26:25+00:00","og_image":[{"url":"https:\/\/static.purejewels.com\/wp-content\/uploads\/2022\/01\/41391-7.6mm-2.jpg","width":1,"height":1,"type":"image\/jpeg"}],"twitter_card":"summary_large_image","twitter_misc":{"Tahmini okuma s\u00fcresi":"1 dakika"},"schema":{"@context":"https:\/\/schema.org","@graph":[{"@type":["WebPage","ItemPage"],"@id":"https:\/\/www.purejewels.com\/product\/yellow-gold-filigree-nose-pin-stud-41390\/","url":"https:\/\/www.purejewels.com\/product\/yellow-gold-filigree-nose-pin-stud-41390\/","name":"18 Ayar Sar\u0131 Alt\u0131n \u00c7i\u00e7ek Burun \u0130\u011fnesi | PureJewels","isPartOf":{"@id":"https:\/\/www.purejewels.com\/#website"},"primaryImageOfPage":{"@id":"https:\/\/www.purejewels.com\/product\/yellow-gold-filigree-nose-pin-stud-41390\/#primaryimage"},"image":{"@id":"https:\/\/www.purejewels.com\/product\/yellow-gold-filigree-nose-pin-stud-41390\/#primaryimage"},"thumbnailUrl":"https:\/\/static.purejewels.com\/wp-content\/uploads\/2022\/01\/41391-7.6mm-2.jpg","datePublished":"2022-01-13T09:57:26+00:00","dateModified":"2026-01-08T06:26:25+00:00","description":"Bu 18 Ayar Sar\u0131 Alt\u0131n Telkari Burun \u0130\u011fnesi 7,6 mm kal\u0131nl\u0131\u011f\u0131ndad\u0131r ve \u00f6zel g\u00fcnler i\u00e7in idealdir. \u00dccretsiz \u0130ngiltere teslimat\u0131 i\u00e7in online sipari\u015f verin","breadcrumb":{"@id":"https:\/\/www.purejewels.com\/product\/yellow-gold-filigree-nose-pin-stud-41390\/#breadcrumb"},"inLanguage":"tr","potentialAction":[{"@type":"ReadAction","target":["https:\/\/www.purejewels.com\/product\/yellow-gold-filigree-nose-pin-stud-41390\/"]}]},{"@type":"ImageObject","inLanguage":"tr","@id":"https:\/\/www.purejewels.com\/product\/yellow-gold-filigree-nose-pin-stud-41390\/#primaryimage","url":"https:\/\/static.purejewels.com\/wp-content\/uploads\/2022\/01\/41391-7.6mm-2.jpg","contentUrl":"https:\/\/static.purejewels.com\/wp-content\/uploads\/2022\/01\/41391-7.6mm-2.jpg"},{"@type":"BreadcrumbList","@id":"https:\/\/www.purejewels.com\/product\/yellow-gold-filigree-nose-pin-stud-41390\/#breadcrumb","itemListElement":[{"@type":"ListItem","position":1,"name":"Home","item":"https:\/\/www.purejewels.com\/"},{"@type":"ListItem","position":2,"name":"Shop","item":"https:\/\/www.purejewels.com\/shop\/"},{"@type":"ListItem","position":3,"name":"18ct Gold | Yellow Gold Filigree Nose Pin Stud | 7.6mm Diameter"}]},{"@type":"WebSite","@id":"https:\/\/www.purejewels.com\/#website","url":"https:\/\/www.purejewels.com\/","name":"PureJewels \u0130ngiltere","description":"Sevgiyi Payla\u015f\u0131n","publisher":{"@id":"https:\/\/www.purejewels.com\/#organization"},"potentialAction":[{"@type":"SearchAction","target":{"@type":"EntryPoint","urlTemplate":"https:\/\/www.purejewels.com\/?s={search_term_string}"},"query-input":{"@type":"PropertyValueSpecification","valueRequired":true,"valueName":"search_term_string"}}],"inLanguage":"tr"},{"@type":"Organization","@id":"https:\/\/www.purejewels.com\/#organization","name":"PureJewels \u0130ngiltere","url":"https:\/\/www.purejewels.com\/","logo":{"@type":"ImageObject","inLanguage":"tr","@id":"https:\/\/www.purejewels.com\/#\/schema\/logo\/image\/","url":"https:\/\/static.purejewels.com\/wp-content\/uploads\/2020\/11\/Logo-PJ-New-1.png","contentUrl":"https:\/\/static.purejewels.com\/wp-content\/uploads\/2020\/11\/Logo-PJ-New-1.png","width":150,"height":80,"caption":"PureJewels UK"},"image":{"@id":"https:\/\/www.purejewels.com\/#\/schema\/logo\/image\/"}}]}},"_links":{"self":[{"href":"https:\/\/www.purejewels.com\/tr\/wp-json\/wp\/v2\/product\/331309","targetHints":{"allow":["GET"]}}],"collection":[{"href":"https:\/\/www.purejewels.com\/tr\/wp-json\/wp\/v2\/product"}],"about":[{"href":"https:\/\/www.purejewels.com\/tr\/wp-json\/wp\/v2\/types\/product"}],"replies":[{"embeddable":true,"href":"https:\/\/www.purejewels.com\/tr\/wp-json\/wp\/v2\/comments?post=331309"}],"version-history":[{"count":4,"href":"https:\/\/www.purejewels.com\/tr\/wp-json\/wp\/v2\/product\/331309\/revisions"}],"predecessor-version":[{"id":422623,"href":"https:\/\/www.purejewels.com\/tr\/wp-json\/wp\/v2\/product\/331309\/revisions\/422623"}],"wp:featuredmedia":[{"embeddable":true,"href":"https:\/\/www.purejewels.com\/tr\/wp-json\/wp\/v2\/media\/345389"}],"wp:attachment":[{"href":"https:\/\/www.purejewels.com\/tr\/wp-json\/wp\/v2\/media?parent=331309"}],"wp:term":[{"taxonomy":"product_brand","embeddable":true,"href":"https:\/\/www.purejewels.com\/tr\/wp-json\/wp\/v2\/product_brand?post=331309"},{"taxonomy":"product_cat","embeddable":true,"href":"https:\/\/www.purejewels.com\/tr\/wp-json\/wp\/v2\/product_cat?post=331309"},{"taxonomy":"product_tag","embeddable":true,"href":"https:\/\/www.purejewels.com\/tr\/wp-json\/wp\/v2\/product_tag?post=331309"}],"curies":[{"name":"wp","href":"https:\/\/api.w.org\/{rel}","templated":true}]}}