{"id":331331,"date":"2022-01-13T12:47:08","date_gmt":"2022-01-13T12:47:08","guid":{"rendered":"https:\/\/www.purejewels.com\/?post_type=product&#038;p=331331"},"modified":"2025-11-12T07:57:44","modified_gmt":"2025-11-12T07:57:44","slug":"18-ayar-altin-hizma-saplamasi-41407","status":"publish","type":"product","link":"https:\/\/www.purejewels.com\/tr\/product\/18ct-gold-nose-ring-stud-41407\/","title":{"rendered":"18 Ayar Alt\u0131n | Burun Halkas\u0131 Saplama | 3,2 mm Kal\u0131nl\u0131k"},"content":{"rendered":"<p>Koleksiyonunuza eklemek i\u00e7in \u015f\u0131k ve zarif bir h\u0131zma m\u0131 ar\u0131yorsunuz? Tek Ta\u015f 18ct burun y\u00fcz\u00fc\u011f\u00fcm\u00fczden ba\u015fkas\u0131na bakmay\u0131n. <a href=\"https:\/\/www.purejewels.com\/tr\/product\/18-carat-yellow-gold-nose-pin-33271\/\">Alt\u0131n Burun \u00c7\u0131t\u00e7\u0131t<\/a>. Y\u00fcksek kaliteli 18 ayar alt\u0131ndan \u00fcretilen bu h\u0131zma, g\u00f6r\u00fcn\u00fcm\u00fcn\u00fcze ihti\u015faml\u0131 bir dokunu\u015f katmak i\u00e7in m\u00fckemmeldir. \u00c7\u0131t\u00e7\u0131t\u0131n 3,2 mm kal\u0131nl\u0131\u011f\u0131 dayan\u0131kl\u0131l\u0131k ve rahatl\u0131k sa\u011flayarak g\u00fcnl\u00fck kullan\u0131m i\u00e7in idealdir.<\/p>\n<p>Bu k\u00fc\u00e7\u00fck tek ta\u015f burun k\u00fcpesi, benzersiz ve g\u00fczel tak\u0131larla s\u00fcslenmeyi seven herkes i\u00e7in sahip olunmas\u0131 gereken bir aksesuard\u0131r. 6mm sap uzunlu\u011fu ve 3,2mm ayar \u00e7ap\u0131, onu ince ama g\u00f6z al\u0131c\u0131 bir g\u00f6r\u00fcn\u00fcm i\u00e7in m\u00fckemmel bir boyut haline getirir. Sap kal\u0131nl\u0131\u011f\u0131 0,6 mm ve boru kal\u0131nl\u0131\u011f\u0131 0,9 mm olan bu h\u0131zma hem sa\u011flam hem de \u015f\u0131kt\u0131r.<\/p>\n<p>PureJewels UK'de \u00fccretsiz takipli teslimat ve g\u00fcvenli online \u00f6demeler sunuyoruz. Bu \u00e7arp\u0131c\u0131 18 ayar alt\u0131n burun saplamas\u0131n\u0131 koleksiyonunuza bug\u00fcn ekleyin ve stilinizi bir \u00fcst seviyeye ta\u015f\u0131y\u0131n.<\/p>","protected":false},"excerpt":{"rendered":"<table class=\"sh_desc\">\n<tbody>\n<tr>\n<td>Burun Pimi Tipi<\/td>\n<td>K\u00fc\u00e7\u00fck Tek Ta\u015f Burun Saplamas\u0131<\/td>\n<\/tr>\n<tr>\n<td>SKU<\/td>\n<td>41407, 43206<\/td>\n<\/tr>\n<tr>\n<td>A\u011f\u0131rl\u0131k<\/td>\n<td>0.1 gms<\/td>\n<\/tr>\n<tr>\n<td>Metal<\/td>\n<td>18 Ayar Alt\u0131n<\/td>\n<\/tr>\n<tr>\n<td>Boyut<\/td>\n<td>\n<ul>\n<li>Sap Uzunlu\u011fu: 6mm (yakla\u015f\u0131k)<\/li>\n<li>Ayar \u00e7ap\u0131: 3,2 mm (yakla\u015f\u0131k)<\/li>\n<li>Sap Kal\u0131nl\u0131\u011f\u0131: 0,6 mm (yakla\u015f\u0131k)<\/li>\n<li>T\u00fcp Kal\u0131nl\u0131\u011f\u0131: 0,9 mm (yakla\u015f\u0131k)<\/li>\n<\/ul>\n<\/td>\n<\/tr>\n<tr>\n<td>\u00dccretler<\/td>\n<td>Teslimat ve KDV Dahil<\/td>\n<\/tr>\n<tr>\n<td>Paketleme<\/td>\n<td>Sunum Kutusu ile Birlikte Gelir<\/td>\n<\/tr>\n<tr>\n<td>Daha Fazla Bilgi<\/td>\n<td>M\u00fcsaitlik durumu ve daha fazla resim i\u00e7in bizimle canl\u0131 sohbet edin<\/td>\n<\/tr>\n<\/tbody>\n<\/table>","protected":false},"featured_media":345446,"comment_status":"closed","ping_status":"closed","template":"","meta":{"_eb_attr":"","_crsspst_to_jayantr4sg-hostcom":false},"product_brand":[],"product_cat":[5679,1711,1463,5305,1574,5306],"product_tag":[],"class_list":{"0":"post-331331","1":"product","2":"type-product","3":"status-publish","4":"has-post-thumbnail","6":"product_cat-18ct-gold-jewellery","7":"product_cat-gold-nose-studs","8":"product_cat-gold-nose-pins","9":"product_cat-nose-studs","10":"product_cat-womens-jewellery","11":"product_cat-yellow-gold-nose-studs","13":"first","14":"outofstock","15":"taxable","16":"shipping-taxable","17":"product-type-simple","18":"add-to-wishlist-before_image"},"yoast_head":"<!-- This site is optimized with the Yoast SEO plugin v27.3 - https:\/\/yoast.com\/product\/yoast-seo-wordpress\/ -->\n<title>Buy Single Stone 18ct Gold Nose Stud online at PureJewels UK<\/title>\n<meta name=\"description\" content=\"These tiny nose pins in 18ct yellow gold is suitable for daily wear. Browse our nose pin collection for the best quality and reasonable price.\" \/>\n<meta name=\"robots\" content=\"index, follow, max-snippet:-1, max-image-preview:large, max-video-preview:-1\" \/>\n<link rel=\"canonical\" href=\"https:\/\/www.purejewels.com\/tr\/urun\/18-ayar-altin-hizma-saplamasi-41407\/\" \/>\n<meta property=\"og:locale\" content=\"tr_TR\" \/>\n<meta property=\"og:type\" content=\"article\" \/>\n<meta property=\"og:title\" content=\"Buy Single Stone 18ct Gold Nose Stud online at PureJewels UK\" \/>\n<meta property=\"og:description\" content=\"These tiny nose pins in 18ct yellow gold is suitable for daily wear. Browse our nose pin collection for the best quality and reasonable price.\" \/>\n<meta property=\"og:url\" content=\"https:\/\/www.purejewels.com\/tr\/urun\/18-ayar-altin-hizma-saplamasi-41407\/\" \/>\n<meta property=\"og:site_name\" content=\"PureJewels UK\" \/>\n<meta property=\"article:modified_time\" content=\"2025-11-12T07:57:44+00:00\" \/>\n<meta property=\"og:image\" content=\"https:\/\/www.purejewels.com\/wp-content\/uploads\/2022\/01\/41407-3.2mm-1.jpg\" \/>\n\t<meta property=\"og:image:width\" content=\"1000\" \/>\n\t<meta property=\"og:image:height\" content=\"1000\" \/>\n\t<meta property=\"og:image:type\" content=\"image\/jpeg\" \/>\n<meta name=\"twitter:card\" content=\"summary_large_image\" \/>\n<meta name=\"twitter:label1\" content=\"Tahmini okuma s\u00fcresi\" \/>\n\t<meta name=\"twitter:data1\" content=\"1 dakika\" \/>\n<script type=\"application\/ld+json\" class=\"yoast-schema-graph\">{\"@context\":\"https:\\\/\\\/schema.org\",\"@graph\":[{\"@type\":[\"WebPage\",\"ItemPage\"],\"@id\":\"https:\\\/\\\/www.purejewels.com\\\/product\\\/18ct-gold-nose-ring-stud-41407\\\/\",\"url\":\"https:\\\/\\\/www.purejewels.com\\\/product\\\/18ct-gold-nose-ring-stud-41407\\\/\",\"name\":\"Buy Single Stone 18ct Gold Nose Stud online at PureJewels UK\",\"isPartOf\":{\"@id\":\"https:\\\/\\\/www.purejewels.com\\\/#website\"},\"primaryImageOfPage\":{\"@id\":\"https:\\\/\\\/www.purejewels.com\\\/product\\\/18ct-gold-nose-ring-stud-41407\\\/#primaryimage\"},\"image\":{\"@id\":\"https:\\\/\\\/www.purejewels.com\\\/product\\\/18ct-gold-nose-ring-stud-41407\\\/#primaryimage\"},\"thumbnailUrl\":\"https:\\\/\\\/static.purejewels.com\\\/wp-content\\\/uploads\\\/2022\\\/01\\\/41407-3.2mm-1.jpg\",\"datePublished\":\"2022-01-13T12:47:08+00:00\",\"dateModified\":\"2025-11-12T07:57:44+00:00\",\"description\":\"These tiny nose pins in 18ct yellow gold is suitable for daily wear. Browse our nose pin collection for the best quality and reasonable price.\",\"breadcrumb\":{\"@id\":\"https:\\\/\\\/www.purejewels.com\\\/product\\\/18ct-gold-nose-ring-stud-41407\\\/#breadcrumb\"},\"inLanguage\":\"tr\",\"potentialAction\":[{\"@type\":\"ReadAction\",\"target\":[\"https:\\\/\\\/www.purejewels.com\\\/product\\\/18ct-gold-nose-ring-stud-41407\\\/\"]}]},{\"@type\":\"ImageObject\",\"inLanguage\":\"tr\",\"@id\":\"https:\\\/\\\/www.purejewels.com\\\/product\\\/18ct-gold-nose-ring-stud-41407\\\/#primaryimage\",\"url\":\"https:\\\/\\\/static.purejewels.com\\\/wp-content\\\/uploads\\\/2022\\\/01\\\/41407-3.2mm-1.jpg\",\"contentUrl\":\"https:\\\/\\\/static.purejewels.com\\\/wp-content\\\/uploads\\\/2022\\\/01\\\/41407-3.2mm-1.jpg\",\"width\":1000,\"height\":1000,\"caption\":\"18ct Gold | Nose Ring Stud | 3.2mm Thick\"},{\"@type\":\"BreadcrumbList\",\"@id\":\"https:\\\/\\\/www.purejewels.com\\\/product\\\/18ct-gold-nose-ring-stud-41407\\\/#breadcrumb\",\"itemListElement\":[{\"@type\":\"ListItem\",\"position\":1,\"name\":\"Home\",\"item\":\"https:\\\/\\\/www.purejewels.com\\\/\"},{\"@type\":\"ListItem\",\"position\":2,\"name\":\"Shop\",\"item\":\"https:\\\/\\\/www.purejewels.com\\\/shop\\\/\"},{\"@type\":\"ListItem\",\"position\":3,\"name\":\"18ct Gold | Nose Ring Stud | 3.2mm Thick\"}]},{\"@type\":\"WebSite\",\"@id\":\"https:\\\/\\\/www.purejewels.com\\\/#website\",\"url\":\"https:\\\/\\\/www.purejewels.com\\\/\",\"name\":\"PureJewels UK\",\"description\":\"Share the Love\",\"publisher\":{\"@id\":\"https:\\\/\\\/www.purejewels.com\\\/#organization\"},\"potentialAction\":[{\"@type\":\"SearchAction\",\"target\":{\"@type\":\"EntryPoint\",\"urlTemplate\":\"https:\\\/\\\/www.purejewels.com\\\/?s={search_term_string}\"},\"query-input\":{\"@type\":\"PropertyValueSpecification\",\"valueRequired\":true,\"valueName\":\"search_term_string\"}}],\"inLanguage\":\"tr\"},{\"@type\":\"Organization\",\"@id\":\"https:\\\/\\\/www.purejewels.com\\\/#organization\",\"name\":\"PureJewels UK\",\"url\":\"https:\\\/\\\/www.purejewels.com\\\/\",\"logo\":{\"@type\":\"ImageObject\",\"inLanguage\":\"tr\",\"@id\":\"https:\\\/\\\/www.purejewels.com\\\/#\\\/schema\\\/logo\\\/image\\\/\",\"url\":\"https:\\\/\\\/static.purejewels.com\\\/wp-content\\\/uploads\\\/2020\\\/11\\\/Logo-PJ-New-1.png\",\"contentUrl\":\"https:\\\/\\\/static.purejewels.com\\\/wp-content\\\/uploads\\\/2020\\\/11\\\/Logo-PJ-New-1.png\",\"width\":150,\"height\":80,\"caption\":\"PureJewels UK\"},\"image\":{\"@id\":\"https:\\\/\\\/www.purejewels.com\\\/#\\\/schema\\\/logo\\\/image\\\/\"}}]}<\/script>\n<!-- \/ Yoast SEO plugin. -->","yoast_head_json":{"title":"PureJewels UK'de Tek Ta\u015f 18 Ayar Alt\u0131n Burun Saplamas\u0131n\u0131 online sat\u0131n al\u0131n","description":"Bu 18 ayar sar\u0131 alt\u0131n minik burun i\u011fneleri g\u00fcnl\u00fck kullan\u0131m i\u00e7in uygundur. En iyi kalite ve uygun fiyat i\u00e7in burun i\u011fnesi koleksiyonumuza g\u00f6z at\u0131n.","robots":{"index":"index","follow":"follow","max-snippet":"max-snippet:-1","max-image-preview":"max-image-preview:large","max-video-preview":"max-video-preview:-1"},"canonical":"https:\/\/www.purejewels.com\/tr\/urun\/18-ayar-altin-hizma-saplamasi-41407\/","og_locale":"tr_TR","og_type":"article","og_title":"Buy Single Stone 18ct Gold Nose Stud online at PureJewels UK","og_description":"These tiny nose pins in 18ct yellow gold is suitable for daily wear. Browse our nose pin collection for the best quality and reasonable price.","og_url":"https:\/\/www.purejewels.com\/tr\/urun\/18-ayar-altin-hizma-saplamasi-41407\/","og_site_name":"PureJewels UK","article_modified_time":"2025-11-12T07:57:44+00:00","og_image":[{"width":1000,"height":1000,"url":"https:\/\/www.purejewels.com\/wp-content\/uploads\/2022\/01\/41407-3.2mm-1.jpg","type":"image\/jpeg"}],"twitter_card":"summary_large_image","twitter_misc":{"Tahmini okuma s\u00fcresi":"1 dakika"},"schema":{"@context":"https:\/\/schema.org","@graph":[{"@type":["WebPage","ItemPage"],"@id":"https:\/\/www.purejewels.com\/product\/18ct-gold-nose-ring-stud-41407\/","url":"https:\/\/www.purejewels.com\/product\/18ct-gold-nose-ring-stud-41407\/","name":"PureJewels UK'de Tek Ta\u015f 18 Ayar Alt\u0131n Burun Saplamas\u0131n\u0131 online sat\u0131n al\u0131n","isPartOf":{"@id":"https:\/\/www.purejewels.com\/#website"},"primaryImageOfPage":{"@id":"https:\/\/www.purejewels.com\/product\/18ct-gold-nose-ring-stud-41407\/#primaryimage"},"image":{"@id":"https:\/\/www.purejewels.com\/product\/18ct-gold-nose-ring-stud-41407\/#primaryimage"},"thumbnailUrl":"https:\/\/static.purejewels.com\/wp-content\/uploads\/2022\/01\/41407-3.2mm-1.jpg","datePublished":"2022-01-13T12:47:08+00:00","dateModified":"2025-11-12T07:57:44+00:00","description":"Bu 18 ayar sar\u0131 alt\u0131n minik burun i\u011fneleri g\u00fcnl\u00fck kullan\u0131m i\u00e7in uygundur. En iyi kalite ve uygun fiyat i\u00e7in burun i\u011fnesi koleksiyonumuza g\u00f6z at\u0131n.","breadcrumb":{"@id":"https:\/\/www.purejewels.com\/product\/18ct-gold-nose-ring-stud-41407\/#breadcrumb"},"inLanguage":"tr","potentialAction":[{"@type":"ReadAction","target":["https:\/\/www.purejewels.com\/product\/18ct-gold-nose-ring-stud-41407\/"]}]},{"@type":"ImageObject","inLanguage":"tr","@id":"https:\/\/www.purejewels.com\/product\/18ct-gold-nose-ring-stud-41407\/#primaryimage","url":"https:\/\/static.purejewels.com\/wp-content\/uploads\/2022\/01\/41407-3.2mm-1.jpg","contentUrl":"https:\/\/static.purejewels.com\/wp-content\/uploads\/2022\/01\/41407-3.2mm-1.jpg","width":1000,"height":1000,"caption":"18ct Gold | Nose Ring Stud | 3.2mm Thick"},{"@type":"BreadcrumbList","@id":"https:\/\/www.purejewels.com\/product\/18ct-gold-nose-ring-stud-41407\/#breadcrumb","itemListElement":[{"@type":"ListItem","position":1,"name":"Home","item":"https:\/\/www.purejewels.com\/"},{"@type":"ListItem","position":2,"name":"Shop","item":"https:\/\/www.purejewels.com\/shop\/"},{"@type":"ListItem","position":3,"name":"18ct Gold | Nose Ring Stud | 3.2mm Thick"}]},{"@type":"WebSite","@id":"https:\/\/www.purejewels.com\/#website","url":"https:\/\/www.purejewels.com\/","name":"PureJewels \u0130ngiltere","description":"Sevgiyi Payla\u015f\u0131n","publisher":{"@id":"https:\/\/www.purejewels.com\/#organization"},"potentialAction":[{"@type":"SearchAction","target":{"@type":"EntryPoint","urlTemplate":"https:\/\/www.purejewels.com\/?s={search_term_string}"},"query-input":{"@type":"PropertyValueSpecification","valueRequired":true,"valueName":"search_term_string"}}],"inLanguage":"tr"},{"@type":"Organization","@id":"https:\/\/www.purejewels.com\/#organization","name":"PureJewels \u0130ngiltere","url":"https:\/\/www.purejewels.com\/","logo":{"@type":"ImageObject","inLanguage":"tr","@id":"https:\/\/www.purejewels.com\/#\/schema\/logo\/image\/","url":"https:\/\/static.purejewels.com\/wp-content\/uploads\/2020\/11\/Logo-PJ-New-1.png","contentUrl":"https:\/\/static.purejewels.com\/wp-content\/uploads\/2020\/11\/Logo-PJ-New-1.png","width":150,"height":80,"caption":"PureJewels UK"},"image":{"@id":"https:\/\/www.purejewels.com\/#\/schema\/logo\/image\/"}}]}},"_links":{"self":[{"href":"https:\/\/www.purejewels.com\/tr\/wp-json\/wp\/v2\/product\/331331","targetHints":{"allow":["GET"]}}],"collection":[{"href":"https:\/\/www.purejewels.com\/tr\/wp-json\/wp\/v2\/product"}],"about":[{"href":"https:\/\/www.purejewels.com\/tr\/wp-json\/wp\/v2\/types\/product"}],"replies":[{"embeddable":true,"href":"https:\/\/www.purejewels.com\/tr\/wp-json\/wp\/v2\/comments?post=331331"}],"version-history":[{"count":1,"href":"https:\/\/www.purejewels.com\/tr\/wp-json\/wp\/v2\/product\/331331\/revisions"}],"predecessor-version":[{"id":420866,"href":"https:\/\/www.purejewels.com\/tr\/wp-json\/wp\/v2\/product\/331331\/revisions\/420866"}],"wp:featuredmedia":[{"embeddable":true,"href":"https:\/\/www.purejewels.com\/tr\/wp-json\/wp\/v2\/media\/345446"}],"wp:attachment":[{"href":"https:\/\/www.purejewels.com\/tr\/wp-json\/wp\/v2\/media?parent=331331"}],"wp:term":[{"taxonomy":"product_brand","embeddable":true,"href":"https:\/\/www.purejewels.com\/tr\/wp-json\/wp\/v2\/product_brand?post=331331"},{"taxonomy":"product_cat","embeddable":true,"href":"https:\/\/www.purejewels.com\/tr\/wp-json\/wp\/v2\/product_cat?post=331331"},{"taxonomy":"product_tag","embeddable":true,"href":"https:\/\/www.purejewels.com\/tr\/wp-json\/wp\/v2\/product_tag?post=331331"}],"curies":[{"name":"wp","href":"https:\/\/api.w.org\/{rel}","templated":true}]}}