{"id":331374,"date":"2022-01-13T15:20:26","date_gmt":"2022-01-13T15:20:26","guid":{"rendered":"https:\/\/www.purejewels.com\/?post_type=product&#038;p=331374"},"modified":"2026-04-10T15:16:33","modified_gmt":"2026-04-10T14:16:33","slug":"18-ayar-altin-hint-burun-ignesi-41402","status":"publish","type":"product","link":"https:\/\/www.purejewels.com\/tr\/product\/18ct-gold-indian-nose-pin-stud-41402\/","title":{"rendered":"18 Ayar Alt\u0131n Hint Burun \u0130\u011fnesi Saplama | 2,9 mm Kal\u0131nl\u0131k"},"content":{"rendered":"<article class=\"text-token-text-primary w-full focus:outline-none [--shadow-height:45px] has-data-writing-block:pointer-events-none has-data-writing-block:-mt-(--shadow-height) has-data-writing-block:pt-(--shadow-height) [&amp;:has([data-writing-block])&gt;*]:pointer-events-auto [content-visibility:auto] supports-[content-visibility:auto]:[contain-intrinsic-size:auto_100lvh] scroll-mt-[calc(var(--header-height)+min(200px,max(70px,20svh)))]\" dir=\"auto\" tabindex=\"-1\" data-turn-id=\"request-WEB:8354f028-9a69-472a-8876-0953541fd018-3\" data-testid=\"conversation-turn-8\" data-scroll-anchor=\"true\" data-turn=\"assistant\">\n<div class=\"text-base my-auto mx-auto pb-10 [--thread-content-margin:--spacing(4)] thread-sm:[--thread-content-margin:--spacing(6)] thread-lg:[--thread-content-margin:--spacing(16)] px-(--thread-content-margin)\">\n<div class=\"[--thread-content-max-width:40rem] thread-lg:[--thread-content-max-width:48rem] mx-auto max-w-(--thread-content-max-width) flex-1 group\/turn-messages focus-visible:outline-hidden relative flex w-full min-w-0 flex-col agent-turn\" tabindex=\"-1\">\n<div class=\"flex max-w-full flex-col grow\">\n<div class=\"min-h-8 text-message relative flex w-full flex-col items-end gap-2 text-start break-words whitespace-normal [.text-message+&amp;]:mt-1\" dir=\"auto\" data-message-author-role=\"assistant\" data-message-id=\"72f42861-ccb9-45f9-9724-f0a9d9376606\" data-message-model-slug=\"gpt-5-thinking\">\n<div class=\"flex w-full flex-col gap-1 empty:hidden first:pt-[1px]\">\n<div class=\"markdown prose dark:prose-invert w-full break-words light markdown-new-styling\">\n<p data-start=\"0\" data-end=\"327\"><strong data-start=\"0\" data-end=\"10\">Design<\/strong><br data-start=\"10\" data-end=\"13\" \/>This delicate 18ct gold Indian <a href=\"https:\/\/www.purejewels.com\/product-category\/22ct-gold-jewellery\/nose-jewellery\/gold-nose-pins\/\">nose pin<\/a> stud is all about quiet simplicity. A tiny 2.9mm setting sits neatly on the nose, adding just a hint of warm glow without overpowering your features. It is the kind of piece that feels effortless yet instantly polished, whether you wear it alone or with layered jewellery.<\/p>\n<p data-start=\"329\" data-end=\"679\"><strong data-start=\"329\" data-end=\"346\">Craftsmanship<\/strong><br data-start=\"346\" data-end=\"349\" \/>Crafted in fine 18ct gold, the <a href=\"https:\/\/www.purejewels.com\/product-category\/22ct-gold-jewellery\/nose-jewellery\/gold-nose-pins\/\">nose pin<\/a> is designed to be light, secure and comfortable for daily wear. The slender 0.6mm stem and approximately 6mm length sit neatly in place, while the 0.9mm tube thickness offers a reassuring feel without bulk. Each piece is hallmarked in the UK to certify the purity and quality of the gold.<\/p>\n<p data-start=\"681\" data-end=\"1086\" data-is-last-node=\"\" data-is-only-node=\"\"><strong data-start=\"681\" data-end=\"702\">Styling &amp; Gifting<\/strong><br data-start=\"702\" data-end=\"705\" \/>Perfect for minimalists and traditional jewellery lovers alike, this tiny stud works beautifully with both Western outfits and Indian ensembles. Wear it every day as your signature piece or pair it with fine gold hoops and bangles for celebrations and special occasions. Presented in a gift box, it makes a thoughtful present for birthdays, festivals or as a meaningful self-treat.<\/p>\n<\/div>\n<\/div>\n<\/div>\n<\/div>\n<div class=\"z-0 flex min-h-[46px] justify-start\"><\/div>\n<div class=\"mt-3 w-full empty:hidden\">\n<div class=\"text-center\"><\/div>\n<\/div>\n<\/div>\n<\/div>\n<\/article>\n<div class=\"pointer-events-none h-px w-px\" aria-hidden=\"true\" data-edge=\"true\"><\/div>\n","protected":false},"excerpt":{"rendered":"<table class=\"sh_desc\" style=\"width: 100%; height: 355px;\">\n<tbody>\n<tr style=\"height: 27px;\">\n<td style=\"height: 27px;\">Burun Pimi Tipi<\/td>\n<td style=\"height: 27px;\">Minik K\u0131z\u0131lderili Burun \u0130\u011fnesi \u00c7\u0131t\u00e7\u0131t<\/td>\n<\/tr>\n<tr style=\"height: 27px;\">\n<td style=\"height: 27px;\">SKU<\/td>\n<td style=\"height: 27px;\">41402<\/td>\n<\/tr>\n<tr style=\"height: 27px;\">\n<td style=\"height: 27px;\">A\u011f\u0131rl\u0131k<\/td>\n<td style=\"height: 27px;\">0.1 gms<\/td>\n<\/tr>\n<tr style=\"height: 27px;\">\n<td style=\"height: 27px;\">Metal<\/td>\n<td style=\"height: 27px;\">18 Ayar Alt\u0131n<\/td>\n<\/tr>\n<tr style=\"height: 139px;\">\n<td style=\"height: 139px;\">Boyut<\/td>\n<td style=\"height: 139px;\">\n<ul>\n<li>Sap Uzunlu\u011fu: 6mm (yakla\u015f\u0131k)<\/li>\n<li>Ayar \u00e7ap\u0131: 2,9 mm (yakla\u015f\u0131k)<\/li>\n<li>Sap Kal\u0131nl\u0131\u011f\u0131: 0,6 mm (yakla\u015f\u0131k)<\/li>\n<li>T\u00fcp Kal\u0131nl\u0131\u011f\u0131: 0,9 mm (yakla\u015f\u0131k)<\/li>\n<\/ul>\n<\/td>\n<\/tr>\n<tr style=\"height: 27px;\">\n<td style=\"height: 27px;\">\u00dccretler<\/td>\n<td style=\"height: 27px;\">Teslimat ve KDV Dahil<\/td>\n<\/tr>\n<tr style=\"height: 27px;\">\n<td style=\"height: 27px;\">Paketleme<\/td>\n<td style=\"height: 27px;\">Sunum Kutusu ile Birlikte Gelir<\/td>\n<\/tr>\n<tr style=\"height: 27px;\">\n<td style=\"height: 27px;\">Daha Fazla Bilgi<\/td>\n<td style=\"height: 27px;\">M\u00fcsaitlik durumu ve daha fazla resim i\u00e7in bizimle canl\u0131 sohbet edin<\/p>\n<p>Daha fazla ke\u015ffedin Burun i\u011fneleri<\/td>\n<\/tr>\n<\/tbody>\n<\/table>","protected":false},"featured_media":352544,"comment_status":"closed","ping_status":"closed","template":"","meta":{"_eb_attr":"","_crsspst_to_jayantr4sg-hostcom":false},"product_brand":[],"product_cat":[5679,1711,5942,1574],"product_tag":[],"class_list":{"0":"post-331374","1":"product","2":"type-product","3":"status-publish","4":"has-post-thumbnail","6":"product_cat-18ct-gold-jewellery","7":"product_cat-gold-nose-studs","8":"product_cat-nose-jewellery","9":"product_cat-womens-jewellery","11":"first","12":"instock","13":"taxable","14":"shipping-taxable","15":"purchasable","16":"product-type-simple","17":"add-to-wishlist-before_image"},"yoast_head":"<!-- This site is optimized with the Yoast SEO plugin v27.6 - https:\/\/yoast.com\/product\/yoast-seo-wordpress\/ -->\n<title>Buy Plain Gold Indian Nose Pins Online at PureJewels UK<\/title>\n<meta name=\"description\" content=\"Browse through the newly designed 22ct and 18ct yellow gold screw-back nose studs and nose rings. Free delivery within the UK.\" \/>\n<meta name=\"robots\" content=\"index, follow, max-snippet:-1, max-image-preview:large, max-video-preview:-1\" \/>\n<link rel=\"canonical\" href=\"https:\/\/www.purejewels.com\/tr\/urun\/18-ayar-altin-hint-burun-ignesi-41402\/\" \/>\n<meta property=\"og:locale\" content=\"tr_TR\" \/>\n<meta property=\"og:type\" content=\"article\" \/>\n<meta property=\"og:title\" content=\"Buy Plain Gold Indian Nose Pins Online at PureJewels UK\" \/>\n<meta property=\"og:description\" content=\"Browse through the newly designed 22ct and 18ct yellow gold screw-back nose studs and nose rings. Free delivery within the UK.\" \/>\n<meta property=\"og:url\" content=\"https:\/\/www.purejewels.com\/tr\/urun\/18-ayar-altin-hint-burun-ignesi-41402\/\" \/>\n<meta property=\"og:site_name\" content=\"PureJewels UK\" \/>\n<meta property=\"article:modified_time\" content=\"2026-04-10T14:16:33+00:00\" \/>\n<meta property=\"og:image\" content=\"https:\/\/static.purejewels.com\/wp-content\/uploads\/2022\/01\/243.jpg\" \/>\n\t<meta property=\"og:image:width\" content=\"1000\" \/>\n\t<meta property=\"og:image:height\" content=\"1000\" \/>\n\t<meta property=\"og:image:type\" content=\"image\/jpeg\" \/>\n<meta name=\"twitter:card\" content=\"summary_large_image\" \/>\n<meta name=\"twitter:label1\" content=\"Tahmini okuma s\u00fcresi\" \/>\n\t<meta name=\"twitter:data1\" content=\"2 dakika\" \/>\n<script type=\"application\/ld+json\" class=\"yoast-schema-graph\">{\"@context\":\"https:\\\/\\\/schema.org\",\"@graph\":[{\"@type\":[\"WebPage\",\"ItemPage\"],\"@id\":\"https:\\\/\\\/www.purejewels.com\\\/product\\\/18ct-gold-indian-nose-pin-stud-41402\\\/\",\"url\":\"https:\\\/\\\/www.purejewels.com\\\/product\\\/18ct-gold-indian-nose-pin-stud-41402\\\/\",\"name\":\"Buy Plain Gold Indian Nose Pins Online at PureJewels UK\",\"isPartOf\":{\"@id\":\"https:\\\/\\\/www.purejewels.com\\\/#website\"},\"primaryImageOfPage\":{\"@id\":\"https:\\\/\\\/www.purejewels.com\\\/product\\\/18ct-gold-indian-nose-pin-stud-41402\\\/#primaryimage\"},\"image\":{\"@id\":\"https:\\\/\\\/www.purejewels.com\\\/product\\\/18ct-gold-indian-nose-pin-stud-41402\\\/#primaryimage\"},\"thumbnailUrl\":\"https:\\\/\\\/static.purejewels.com\\\/wp-content\\\/uploads\\\/2022\\\/01\\\/243.jpg\",\"datePublished\":\"2022-01-13T15:20:26+00:00\",\"dateModified\":\"2026-04-10T14:16:33+00:00\",\"description\":\"Browse through the newly designed 22ct and 18ct yellow gold screw-back nose studs and nose rings. Free delivery within the UK.\",\"breadcrumb\":{\"@id\":\"https:\\\/\\\/www.purejewels.com\\\/product\\\/18ct-gold-indian-nose-pin-stud-41402\\\/#breadcrumb\"},\"inLanguage\":\"tr\",\"potentialAction\":[{\"@type\":\"ReadAction\",\"target\":[\"https:\\\/\\\/www.purejewels.com\\\/product\\\/18ct-gold-indian-nose-pin-stud-41402\\\/\"]}]},{\"@type\":\"ImageObject\",\"inLanguage\":\"tr\",\"@id\":\"https:\\\/\\\/www.purejewels.com\\\/product\\\/18ct-gold-indian-nose-pin-stud-41402\\\/#primaryimage\",\"url\":\"https:\\\/\\\/static.purejewels.com\\\/wp-content\\\/uploads\\\/2022\\\/01\\\/243.jpg\",\"contentUrl\":\"https:\\\/\\\/static.purejewels.com\\\/wp-content\\\/uploads\\\/2022\\\/01\\\/243.jpg\",\"width\":1000,\"height\":1000,\"caption\":\"18ct Gold Indian Nose Pin Stud\"},{\"@type\":\"BreadcrumbList\",\"@id\":\"https:\\\/\\\/www.purejewels.com\\\/product\\\/18ct-gold-indian-nose-pin-stud-41402\\\/#breadcrumb\",\"itemListElement\":[{\"@type\":\"ListItem\",\"position\":1,\"name\":\"Home\",\"item\":\"https:\\\/\\\/www.purejewels.com\\\/\"},{\"@type\":\"ListItem\",\"position\":2,\"name\":\"Shop\",\"item\":\"https:\\\/\\\/www.purejewels.com\\\/shop\\\/\"},{\"@type\":\"ListItem\",\"position\":3,\"name\":\"18ct Gold Indian Nose Pin Stud | 2.9mm Thick\"}]},{\"@type\":\"WebSite\",\"@id\":\"https:\\\/\\\/www.purejewels.com\\\/#website\",\"url\":\"https:\\\/\\\/www.purejewels.com\\\/\",\"name\":\"PureJewels UK\",\"description\":\"Share the Love\",\"publisher\":{\"@id\":\"https:\\\/\\\/www.purejewels.com\\\/#organization\"},\"potentialAction\":[{\"@type\":\"SearchAction\",\"target\":{\"@type\":\"EntryPoint\",\"urlTemplate\":\"https:\\\/\\\/www.purejewels.com\\\/?s={search_term_string}\"},\"query-input\":{\"@type\":\"PropertyValueSpecification\",\"valueRequired\":true,\"valueName\":\"search_term_string\"}}],\"inLanguage\":\"tr\"},{\"@type\":\"Organization\",\"@id\":\"https:\\\/\\\/www.purejewels.com\\\/#organization\",\"name\":\"PureJewels UK\",\"url\":\"https:\\\/\\\/www.purejewels.com\\\/\",\"logo\":{\"@type\":\"ImageObject\",\"inLanguage\":\"tr\",\"@id\":\"https:\\\/\\\/www.purejewels.com\\\/#\\\/schema\\\/logo\\\/image\\\/\",\"url\":\"https:\\\/\\\/static.purejewels.com\\\/wp-content\\\/uploads\\\/2020\\\/11\\\/Logo-PJ-New-1.png\",\"contentUrl\":\"https:\\\/\\\/static.purejewels.com\\\/wp-content\\\/uploads\\\/2020\\\/11\\\/Logo-PJ-New-1.png\",\"width\":150,\"height\":80,\"caption\":\"PureJewels UK\"},\"image\":{\"@id\":\"https:\\\/\\\/www.purejewels.com\\\/#\\\/schema\\\/logo\\\/image\\\/\"}}]}<\/script>\n<!-- \/ Yoast SEO plugin. -->","yoast_head_json":{"title":"PureJewels UK'de D\u00fcz Alt\u0131n Hint Burun \u0130\u011fnelerini Online Sat\u0131n Al\u0131n","description":"Yeni tasarlanan 22 ayar ve 18 ayar sar\u0131 alt\u0131n vidal\u0131 burun \u00e7\u0131t\u00e7\u0131tlar\u0131na ve burun halkalar\u0131na g\u00f6z at\u0131n. \u0130ngiltere i\u00e7inde \u00fccretsiz teslimat.","robots":{"index":"index","follow":"follow","max-snippet":"max-snippet:-1","max-image-preview":"max-image-preview:large","max-video-preview":"max-video-preview:-1"},"canonical":"https:\/\/www.purejewels.com\/tr\/urun\/18-ayar-altin-hint-burun-ignesi-41402\/","og_locale":"tr_TR","og_type":"article","og_title":"Buy Plain Gold Indian Nose Pins Online at PureJewels UK","og_description":"Browse through the newly designed 22ct and 18ct yellow gold screw-back nose studs and nose rings. Free delivery within the UK.","og_url":"https:\/\/www.purejewels.com\/tr\/urun\/18-ayar-altin-hint-burun-ignesi-41402\/","og_site_name":"PureJewels UK","article_modified_time":"2026-04-10T14:16:33+00:00","og_image":[{"width":1000,"height":1000,"url":"https:\/\/static.purejewels.com\/wp-content\/uploads\/2022\/01\/243.jpg","type":"image\/jpeg"}],"twitter_card":"summary_large_image","twitter_misc":{"Tahmini okuma s\u00fcresi":"2 dakika"},"schema":{"@context":"https:\/\/schema.org","@graph":[{"@type":["WebPage","ItemPage"],"@id":"https:\/\/www.purejewels.com\/product\/18ct-gold-indian-nose-pin-stud-41402\/","url":"https:\/\/www.purejewels.com\/product\/18ct-gold-indian-nose-pin-stud-41402\/","name":"PureJewels UK'de D\u00fcz Alt\u0131n Hint Burun \u0130\u011fnelerini Online Sat\u0131n Al\u0131n","isPartOf":{"@id":"https:\/\/www.purejewels.com\/#website"},"primaryImageOfPage":{"@id":"https:\/\/www.purejewels.com\/product\/18ct-gold-indian-nose-pin-stud-41402\/#primaryimage"},"image":{"@id":"https:\/\/www.purejewels.com\/product\/18ct-gold-indian-nose-pin-stud-41402\/#primaryimage"},"thumbnailUrl":"https:\/\/static.purejewels.com\/wp-content\/uploads\/2022\/01\/243.jpg","datePublished":"2022-01-13T15:20:26+00:00","dateModified":"2026-04-10T14:16:33+00:00","description":"Yeni tasarlanan 22 ayar ve 18 ayar sar\u0131 alt\u0131n vidal\u0131 burun \u00e7\u0131t\u00e7\u0131tlar\u0131na ve burun halkalar\u0131na g\u00f6z at\u0131n. \u0130ngiltere i\u00e7inde \u00fccretsiz teslimat.","breadcrumb":{"@id":"https:\/\/www.purejewels.com\/product\/18ct-gold-indian-nose-pin-stud-41402\/#breadcrumb"},"inLanguage":"tr","potentialAction":[{"@type":"ReadAction","target":["https:\/\/www.purejewels.com\/product\/18ct-gold-indian-nose-pin-stud-41402\/"]}]},{"@type":"ImageObject","inLanguage":"tr","@id":"https:\/\/www.purejewels.com\/product\/18ct-gold-indian-nose-pin-stud-41402\/#primaryimage","url":"https:\/\/static.purejewels.com\/wp-content\/uploads\/2022\/01\/243.jpg","contentUrl":"https:\/\/static.purejewels.com\/wp-content\/uploads\/2022\/01\/243.jpg","width":1000,"height":1000,"caption":"18ct Gold Indian Nose Pin Stud"},{"@type":"BreadcrumbList","@id":"https:\/\/www.purejewels.com\/product\/18ct-gold-indian-nose-pin-stud-41402\/#breadcrumb","itemListElement":[{"@type":"ListItem","position":1,"name":"Home","item":"https:\/\/www.purejewels.com\/"},{"@type":"ListItem","position":2,"name":"Shop","item":"https:\/\/www.purejewels.com\/shop\/"},{"@type":"ListItem","position":3,"name":"18ct Gold Indian Nose Pin Stud | 2.9mm Thick"}]},{"@type":"WebSite","@id":"https:\/\/www.purejewels.com\/#website","url":"https:\/\/www.purejewels.com\/","name":"PureJewels \u0130ngiltere","description":"Sevgiyi Payla\u015f\u0131n","publisher":{"@id":"https:\/\/www.purejewels.com\/#organization"},"potentialAction":[{"@type":"SearchAction","target":{"@type":"EntryPoint","urlTemplate":"https:\/\/www.purejewels.com\/?s={search_term_string}"},"query-input":{"@type":"PropertyValueSpecification","valueRequired":true,"valueName":"search_term_string"}}],"inLanguage":"tr"},{"@type":"Organization","@id":"https:\/\/www.purejewels.com\/#organization","name":"PureJewels \u0130ngiltere","url":"https:\/\/www.purejewels.com\/","logo":{"@type":"ImageObject","inLanguage":"tr","@id":"https:\/\/www.purejewels.com\/#\/schema\/logo\/image\/","url":"https:\/\/static.purejewels.com\/wp-content\/uploads\/2020\/11\/Logo-PJ-New-1.png","contentUrl":"https:\/\/static.purejewels.com\/wp-content\/uploads\/2020\/11\/Logo-PJ-New-1.png","width":150,"height":80,"caption":"PureJewels UK"},"image":{"@id":"https:\/\/www.purejewels.com\/#\/schema\/logo\/image\/"}}]}},"_links":{"self":[{"href":"https:\/\/www.purejewels.com\/tr\/wp-json\/wp\/v2\/product\/331374","targetHints":{"allow":["GET"]}}],"collection":[{"href":"https:\/\/www.purejewels.com\/tr\/wp-json\/wp\/v2\/product"}],"about":[{"href":"https:\/\/www.purejewels.com\/tr\/wp-json\/wp\/v2\/types\/product"}],"replies":[{"embeddable":true,"href":"https:\/\/www.purejewels.com\/tr\/wp-json\/wp\/v2\/comments?post=331374"}],"version-history":[{"count":3,"href":"https:\/\/www.purejewels.com\/tr\/wp-json\/wp\/v2\/product\/331374\/revisions"}],"predecessor-version":[{"id":426687,"href":"https:\/\/www.purejewels.com\/tr\/wp-json\/wp\/v2\/product\/331374\/revisions\/426687"}],"wp:featuredmedia":[{"embeddable":true,"href":"https:\/\/www.purejewels.com\/tr\/wp-json\/wp\/v2\/media\/352544"}],"wp:attachment":[{"href":"https:\/\/www.purejewels.com\/tr\/wp-json\/wp\/v2\/media?parent=331374"}],"wp:term":[{"taxonomy":"product_brand","embeddable":true,"href":"https:\/\/www.purejewels.com\/tr\/wp-json\/wp\/v2\/product_brand?post=331374"},{"taxonomy":"product_cat","embeddable":true,"href":"https:\/\/www.purejewels.com\/tr\/wp-json\/wp\/v2\/product_cat?post=331374"},{"taxonomy":"product_tag","embeddable":true,"href":"https:\/\/www.purejewels.com\/tr\/wp-json\/wp\/v2\/product_tag?post=331374"}],"curies":[{"name":"wp","href":"https:\/\/api.w.org\/{rel}","templated":true}]}}