{"id":331996,"date":"2022-01-20T08:46:20","date_gmt":"2022-01-20T08:46:20","guid":{"rendered":"https:\/\/www.purejewels.com\/?post_type=product&#038;p=331996"},"modified":"2025-06-25T10:36:44","modified_gmt":"2025-06-25T09:36:44","slug":"18-ayar-beyaz-altin-geleneksel-kordon-7-mm-genisliginde","status":"publish","type":"product","link":"https:\/\/www.purejewels.com\/tr\/product\/18ct-white-gold-wedding-band-traditional-court-7mm-wide\/","title":{"rendered":"18 Ayar Beyaz Alt\u0131n | Alyans | 7mm geni\u015fli\u011finde"},"content":{"rendered":"<h3>\u0130lham kayna\u011f\u0131<\/h3>\n<p>18 ayar beyaz alt\u0131n\u0131m\u0131z <strong>d\u00fc\u011f\u00fcn bandi<\/strong> G\u00fczel ba\u011f\u0131n\u0131zdan ilham alan bu alyans, nadir ve l\u00fcks bir hazine gibidir ve sevgiliniz i\u00e7in m\u00fckemmel bir m\u00fccevherdir. Usta karigarlar\u0131m\u0131z taraf\u0131ndan de\u011ferli bir \u015fekilde el i\u015f\u00e7ili\u011fiyle \u00fcretilmi\u015f ve s\u00fcsleyen ki\u015fi kadar g\u00fczel ve co\u015fkulu olmas\u0131 i\u00e7in m\u00fckemmel bir \u015fekilde detayland\u0131r\u0131lm\u0131\u015ft\u0131r.<\/p>\n<h3>Tasar\u0131m<\/h3>\n<p>Klasik d\u00fc\u011f\u00fcn <strong>ni\u015fan y\u00fcz\u00fc\u011f\u00fc<\/strong> saf 18 ayar beyaz alt\u0131ndan oyulmu\u015ftur. Purejewels'in bu sonsuz y\u00fcz\u00fc\u011f\u00fc, 18 ayar beyaz alt\u0131n alyans seti koleksiyonumuzun en de\u011ferli y\u00fcz\u00fcklerinden biridir. Beyaz alt\u0131n alyans\u0131m\u0131z yar\u0131m yuvarlak bir yap\u0131ya ve 7 mm kal\u0131nl\u0131\u011fa sahiptir. Y\u00fcz\u00fc\u011f\u00fcn y\u00fczeyi hassas bir \u015fekilde parlat\u0131lm\u0131\u015ft\u0131r ve ba\u015ftan sona l\u00fcks, y\u00fcksek parlakl\u0131kta bir y\u00fczeye sahiptir. Bu klasik 7mm 18 ayar beyaz alt\u0131n alyans\u0131n tasar\u0131m\u0131 hi\u00e7 eskimez ve mat bir y\u00fczeyde de \u00fcretilebilir. Tercihinize g\u00f6re iki y\u00fczey ve y\u00fcz\u00fck boyutu aras\u0131ndan se\u00e7im yapabilir ve sat\u0131n alma i\u015fleminize devam edebilirsiniz.<\/p>\n<p>Purejewels'in bu ni\u015fan y\u00fcz\u00fc\u011f\u00fcne klasik ve her daim ye\u015fil bir dokunu\u015f yap\u0131ld\u0131, bir kez s\u00fcslendi\u011finde ba\u011f\u0131n\u0131z\u0131n g\u00fczelli\u011fini art\u0131raca\u011f\u0131ndan ve saf, ger\u00e7ek ve sonsuz a\u015fk\u0131n\u0131z\u0131 simgeleyece\u011finden emin olabilirsiniz. Bu de\u011ferli m\u00fccevher, s\u0131cak bir jestin yan\u0131 s\u0131ra bug\u00fcn ve her zaman a\u015fk\u0131 simgeleyecek bir par\u00e7ad\u0131r.<\/p>","protected":false},"excerpt":{"rendered":"<table class=\"sh_desc\">\n<tbody>\n<tr>\n<td>Y\u00fcz\u00fck Tipi<\/td>\n<td>D\u00fc\u011f\u00fcn Bandosu<\/td>\n<\/tr>\n<tr>\n<td>Metal<\/td>\n<td>18 Ayar Beyaz Alt\u0131n<\/td>\n<\/tr>\n<tr>\n<td>Kal\u0131nl\u0131k<\/td>\n<td>7mm<\/td>\n<\/tr>\n<tr>\n<td>Boyut<\/td>\n<td>\u00c7e\u015fitli ebat ve geni\u015fliklerde yap\u0131labilir<\/td>\n<\/tr>\n<tr>\n<td>Teslimat<\/td>\n<td>Teslimat d\u00f6rt haftaya kadar s\u00fcrecektir<\/td>\n<\/tr>\n<tr>\n<td>Hallmark<\/td>\n<td>Londra Tahlil Ofisi Taraf\u0131ndan Damgalanm\u0131\u015f 18 Ayar Alt\u0131n<\/td>\n<\/tr>\n<tr>\n<td>\u00dccretler<\/td>\n<td>Teslimat ve KDV Dahil<\/td>\n<\/tr>\n<tr>\n<td>Paketleme<\/td>\n<td>Sunum Kutusu ile Birlikte Gelir<\/td>\n<\/tr>\n<tr>\n<td>Daha Fazla Bilgi<\/td>\n<td>M\u00fcsaitlik durumu ve daha fazla resim i\u00e7in bizimle canl\u0131 sohbet edin<\/td>\n<\/tr>\n<\/tbody>\n<\/table>","protected":false},"featured_media":331997,"comment_status":"closed","ping_status":"closed","template":"","meta":{"_eb_attr":"","_crsspst_to_jayantr4sg-hostcom":false},"product_brand":[],"product_cat":[1799,229,226,5298],"product_tag":[],"class_list":{"0":"post-331996","1":"product","2":"type-product","3":"status-publish","4":"has-post-thumbnail","6":"product_cat-18ct-gold-bands","7":"product_cat-wedding-bands","8":"product_cat-wedding-rings-bands","9":"product_cat-white-gold-wedding-bands","11":"first","12":"onbackorder","13":"taxable","14":"shipping-taxable","15":"product-type-variable","16":"add-to-wishlist-before_image"},"yoast_head":"<!-- This site is optimized with the Yoast SEO plugin v27.5 - https:\/\/yoast.com\/product\/yoast-seo-wordpress\/ -->\n<title>white gold wedding band | PureJewels.com<\/title>\n<meta name=\"description\" content=\"Elegant plain white gold wedding bands, perfect for couples in London. Discover high-quality pairs with free shipping.\" \/>\n<meta name=\"robots\" content=\"index, follow, max-snippet:-1, max-image-preview:large, max-video-preview:-1\" \/>\n<link rel=\"canonical\" href=\"https:\/\/www.purejewels.com\/tr\/urun\/18-ayar-beyaz-altin-geleneksel-kordon-7-mm-genisliginde\/\" \/>\n<meta property=\"og:locale\" content=\"tr_TR\" \/>\n<meta property=\"og:type\" content=\"article\" \/>\n<meta property=\"og:title\" content=\"white gold wedding band | PureJewels.com\" \/>\n<meta property=\"og:description\" content=\"Elegant plain white gold wedding bands, perfect for couples in London. Discover high-quality pairs with free shipping.\" \/>\n<meta property=\"og:url\" content=\"https:\/\/www.purejewels.com\/tr\/urun\/18-ayar-beyaz-altin-geleneksel-kordon-7-mm-genisliginde\/\" \/>\n<meta property=\"og:site_name\" content=\"PureJewels UK\" \/>\n<meta property=\"article:modified_time\" content=\"2025-06-25T09:36:44+00:00\" \/>\n<meta property=\"og:image\" content=\"https:\/\/www.purejewels.com\/wp-content\/uploads\/2022\/01\/WG-PT-_-7mm-Court-_-Medium-Weight-.jpg\" \/>\n\t<meta property=\"og:image:width\" content=\"1280\" \/>\n\t<meta property=\"og:image:height\" content=\"910\" \/>\n\t<meta property=\"og:image:type\" content=\"image\/jpeg\" \/>\n<meta name=\"twitter:card\" content=\"summary_large_image\" \/>\n<meta name=\"twitter:label1\" content=\"Tahmini okuma s\u00fcresi\" \/>\n\t<meta name=\"twitter:data1\" content=\"1 dakika\" \/>\n<script type=\"application\/ld+json\" class=\"yoast-schema-graph\">{\"@context\":\"https:\\\/\\\/schema.org\",\"@graph\":[{\"@type\":[\"WebPage\",\"ItemPage\"],\"@id\":\"https:\\\/\\\/www.purejewels.com\\\/product\\\/18ct-white-gold-wedding-band-traditional-court-7mm-wide\\\/\",\"url\":\"https:\\\/\\\/www.purejewels.com\\\/product\\\/18ct-white-gold-wedding-band-traditional-court-7mm-wide\\\/\",\"name\":\"white gold wedding band | PureJewels.com\",\"isPartOf\":{\"@id\":\"https:\\\/\\\/www.purejewels.com\\\/#website\"},\"primaryImageOfPage\":{\"@id\":\"https:\\\/\\\/www.purejewels.com\\\/product\\\/18ct-white-gold-wedding-band-traditional-court-7mm-wide\\\/#primaryimage\"},\"image\":{\"@id\":\"https:\\\/\\\/www.purejewels.com\\\/product\\\/18ct-white-gold-wedding-band-traditional-court-7mm-wide\\\/#primaryimage\"},\"thumbnailUrl\":\"https:\\\/\\\/static.purejewels.com\\\/wp-content\\\/uploads\\\/2022\\\/01\\\/WG-PT-_-7mm-Court-_-Medium-Weight-.jpg\",\"datePublished\":\"2022-01-20T08:46:20+00:00\",\"dateModified\":\"2025-06-25T09:36:44+00:00\",\"description\":\"Elegant plain white gold wedding bands, perfect for couples in London. Discover high-quality pairs with free shipping.\",\"breadcrumb\":{\"@id\":\"https:\\\/\\\/www.purejewels.com\\\/product\\\/18ct-white-gold-wedding-band-traditional-court-7mm-wide\\\/#breadcrumb\"},\"inLanguage\":\"tr\",\"potentialAction\":[{\"@type\":\"ReadAction\",\"target\":[\"https:\\\/\\\/www.purejewels.com\\\/product\\\/18ct-white-gold-wedding-band-traditional-court-7mm-wide\\\/\"]}]},{\"@type\":\"ImageObject\",\"inLanguage\":\"tr\",\"@id\":\"https:\\\/\\\/www.purejewels.com\\\/product\\\/18ct-white-gold-wedding-band-traditional-court-7mm-wide\\\/#primaryimage\",\"url\":\"https:\\\/\\\/static.purejewels.com\\\/wp-content\\\/uploads\\\/2022\\\/01\\\/WG-PT-_-7mm-Court-_-Medium-Weight-.jpg\",\"contentUrl\":\"https:\\\/\\\/static.purejewels.com\\\/wp-content\\\/uploads\\\/2022\\\/01\\\/WG-PT-_-7mm-Court-_-Medium-Weight-.jpg\",\"width\":1280,\"height\":910,\"caption\":\"WG, PT _ 7mm Court _ Medium Weight\"},{\"@type\":\"BreadcrumbList\",\"@id\":\"https:\\\/\\\/www.purejewels.com\\\/product\\\/18ct-white-gold-wedding-band-traditional-court-7mm-wide\\\/#breadcrumb\",\"itemListElement\":[{\"@type\":\"ListItem\",\"position\":1,\"name\":\"Home\",\"item\":\"https:\\\/\\\/www.purejewels.com\\\/\"},{\"@type\":\"ListItem\",\"position\":2,\"name\":\"Shop\",\"item\":\"https:\\\/\\\/www.purejewels.com\\\/shop\\\/\"},{\"@type\":\"ListItem\",\"position\":3,\"name\":\"18ct White Gold | Wedding Band | 7mm wide\"}]},{\"@type\":\"WebSite\",\"@id\":\"https:\\\/\\\/www.purejewels.com\\\/#website\",\"url\":\"https:\\\/\\\/www.purejewels.com\\\/\",\"name\":\"PureJewels UK\",\"description\":\"Share the Love\",\"publisher\":{\"@id\":\"https:\\\/\\\/www.purejewels.com\\\/#organization\"},\"potentialAction\":[{\"@type\":\"SearchAction\",\"target\":{\"@type\":\"EntryPoint\",\"urlTemplate\":\"https:\\\/\\\/www.purejewels.com\\\/?s={search_term_string}\"},\"query-input\":{\"@type\":\"PropertyValueSpecification\",\"valueRequired\":true,\"valueName\":\"search_term_string\"}}],\"inLanguage\":\"tr\"},{\"@type\":\"Organization\",\"@id\":\"https:\\\/\\\/www.purejewels.com\\\/#organization\",\"name\":\"PureJewels UK\",\"url\":\"https:\\\/\\\/www.purejewels.com\\\/\",\"logo\":{\"@type\":\"ImageObject\",\"inLanguage\":\"tr\",\"@id\":\"https:\\\/\\\/www.purejewels.com\\\/#\\\/schema\\\/logo\\\/image\\\/\",\"url\":\"https:\\\/\\\/static.purejewels.com\\\/wp-content\\\/uploads\\\/2020\\\/11\\\/Logo-PJ-New-1.png\",\"contentUrl\":\"https:\\\/\\\/static.purejewels.com\\\/wp-content\\\/uploads\\\/2020\\\/11\\\/Logo-PJ-New-1.png\",\"width\":150,\"height\":80,\"caption\":\"PureJewels UK\"},\"image\":{\"@id\":\"https:\\\/\\\/www.purejewels.com\\\/#\\\/schema\\\/logo\\\/image\\\/\"}}]}<\/script>\n<!-- \/ Yoast SEO plugin. -->","yoast_head_json":{"title":"beyaz alt\u0131n alyans | PureJewels.com","description":"Londra'daki \u00e7iftler i\u00e7in m\u00fckemmel, zarif d\u00fcz beyaz alt\u0131n alyanslar. \u00dccretsiz kargo ile y\u00fcksek kaliteli \u00e7iftleri ke\u015ffedin.","robots":{"index":"index","follow":"follow","max-snippet":"max-snippet:-1","max-image-preview":"max-image-preview:large","max-video-preview":"max-video-preview:-1"},"canonical":"https:\/\/www.purejewels.com\/tr\/urun\/18-ayar-beyaz-altin-geleneksel-kordon-7-mm-genisliginde\/","og_locale":"tr_TR","og_type":"article","og_title":"white gold wedding band | PureJewels.com","og_description":"Elegant plain white gold wedding bands, perfect for couples in London. Discover high-quality pairs with free shipping.","og_url":"https:\/\/www.purejewels.com\/tr\/urun\/18-ayar-beyaz-altin-geleneksel-kordon-7-mm-genisliginde\/","og_site_name":"PureJewels UK","article_modified_time":"2025-06-25T09:36:44+00:00","og_image":[{"width":1280,"height":910,"url":"https:\/\/www.purejewels.com\/wp-content\/uploads\/2022\/01\/WG-PT-_-7mm-Court-_-Medium-Weight-.jpg","type":"image\/jpeg"}],"twitter_card":"summary_large_image","twitter_misc":{"Tahmini okuma s\u00fcresi":"1 dakika"},"schema":{"@context":"https:\/\/schema.org","@graph":[{"@type":["WebPage","ItemPage"],"@id":"https:\/\/www.purejewels.com\/product\/18ct-white-gold-wedding-band-traditional-court-7mm-wide\/","url":"https:\/\/www.purejewels.com\/product\/18ct-white-gold-wedding-band-traditional-court-7mm-wide\/","name":"beyaz alt\u0131n alyans | PureJewels.com","isPartOf":{"@id":"https:\/\/www.purejewels.com\/#website"},"primaryImageOfPage":{"@id":"https:\/\/www.purejewels.com\/product\/18ct-white-gold-wedding-band-traditional-court-7mm-wide\/#primaryimage"},"image":{"@id":"https:\/\/www.purejewels.com\/product\/18ct-white-gold-wedding-band-traditional-court-7mm-wide\/#primaryimage"},"thumbnailUrl":"https:\/\/static.purejewels.com\/wp-content\/uploads\/2022\/01\/WG-PT-_-7mm-Court-_-Medium-Weight-.jpg","datePublished":"2022-01-20T08:46:20+00:00","dateModified":"2025-06-25T09:36:44+00:00","description":"Londra'daki \u00e7iftler i\u00e7in m\u00fckemmel, zarif d\u00fcz beyaz alt\u0131n alyanslar. \u00dccretsiz kargo ile y\u00fcksek kaliteli \u00e7iftleri ke\u015ffedin.","breadcrumb":{"@id":"https:\/\/www.purejewels.com\/product\/18ct-white-gold-wedding-band-traditional-court-7mm-wide\/#breadcrumb"},"inLanguage":"tr","potentialAction":[{"@type":"ReadAction","target":["https:\/\/www.purejewels.com\/product\/18ct-white-gold-wedding-band-traditional-court-7mm-wide\/"]}]},{"@type":"ImageObject","inLanguage":"tr","@id":"https:\/\/www.purejewels.com\/product\/18ct-white-gold-wedding-band-traditional-court-7mm-wide\/#primaryimage","url":"https:\/\/static.purejewels.com\/wp-content\/uploads\/2022\/01\/WG-PT-_-7mm-Court-_-Medium-Weight-.jpg","contentUrl":"https:\/\/static.purejewels.com\/wp-content\/uploads\/2022\/01\/WG-PT-_-7mm-Court-_-Medium-Weight-.jpg","width":1280,"height":910,"caption":"WG, PT _ 7mm Court _ Medium Weight"},{"@type":"BreadcrumbList","@id":"https:\/\/www.purejewels.com\/product\/18ct-white-gold-wedding-band-traditional-court-7mm-wide\/#breadcrumb","itemListElement":[{"@type":"ListItem","position":1,"name":"Home","item":"https:\/\/www.purejewels.com\/"},{"@type":"ListItem","position":2,"name":"Shop","item":"https:\/\/www.purejewels.com\/shop\/"},{"@type":"ListItem","position":3,"name":"18ct White Gold | Wedding Band | 7mm wide"}]},{"@type":"WebSite","@id":"https:\/\/www.purejewels.com\/#website","url":"https:\/\/www.purejewels.com\/","name":"PureJewels \u0130ngiltere","description":"Sevgiyi Payla\u015f\u0131n","publisher":{"@id":"https:\/\/www.purejewels.com\/#organization"},"potentialAction":[{"@type":"SearchAction","target":{"@type":"EntryPoint","urlTemplate":"https:\/\/www.purejewels.com\/?s={search_term_string}"},"query-input":{"@type":"PropertyValueSpecification","valueRequired":true,"valueName":"search_term_string"}}],"inLanguage":"tr"},{"@type":"Organization","@id":"https:\/\/www.purejewels.com\/#organization","name":"PureJewels \u0130ngiltere","url":"https:\/\/www.purejewels.com\/","logo":{"@type":"ImageObject","inLanguage":"tr","@id":"https:\/\/www.purejewels.com\/#\/schema\/logo\/image\/","url":"https:\/\/static.purejewels.com\/wp-content\/uploads\/2020\/11\/Logo-PJ-New-1.png","contentUrl":"https:\/\/static.purejewels.com\/wp-content\/uploads\/2020\/11\/Logo-PJ-New-1.png","width":150,"height":80,"caption":"PureJewels UK"},"image":{"@id":"https:\/\/www.purejewels.com\/#\/schema\/logo\/image\/"}}]}},"_links":{"self":[{"href":"https:\/\/www.purejewels.com\/tr\/wp-json\/wp\/v2\/product\/331996","targetHints":{"allow":["GET"]}}],"collection":[{"href":"https:\/\/www.purejewels.com\/tr\/wp-json\/wp\/v2\/product"}],"about":[{"href":"https:\/\/www.purejewels.com\/tr\/wp-json\/wp\/v2\/types\/product"}],"replies":[{"embeddable":true,"href":"https:\/\/www.purejewels.com\/tr\/wp-json\/wp\/v2\/comments?post=331996"}],"version-history":[{"count":2,"href":"https:\/\/www.purejewels.com\/tr\/wp-json\/wp\/v2\/product\/331996\/revisions"}],"predecessor-version":[{"id":388124,"href":"https:\/\/www.purejewels.com\/tr\/wp-json\/wp\/v2\/product\/331996\/revisions\/388124"}],"wp:featuredmedia":[{"embeddable":true,"href":"https:\/\/www.purejewels.com\/tr\/wp-json\/wp\/v2\/media\/331997"}],"wp:attachment":[{"href":"https:\/\/www.purejewels.com\/tr\/wp-json\/wp\/v2\/media?parent=331996"}],"wp:term":[{"taxonomy":"product_brand","embeddable":true,"href":"https:\/\/www.purejewels.com\/tr\/wp-json\/wp\/v2\/product_brand?post=331996"},{"taxonomy":"product_cat","embeddable":true,"href":"https:\/\/www.purejewels.com\/tr\/wp-json\/wp\/v2\/product_cat?post=331996"},{"taxonomy":"product_tag","embeddable":true,"href":"https:\/\/www.purejewels.com\/tr\/wp-json\/wp\/v2\/product_tag?post=331996"}],"curies":[{"name":"wp","href":"https:\/\/api.w.org\/{rel}","templated":true}]}}