{"id":332077,"date":"2022-01-20T10:08:31","date_gmt":"2022-01-20T10:08:31","guid":{"rendered":"https:\/\/www.purejewels.com\/?post_type=product&#038;p=332077"},"modified":"2025-11-13T10:12:57","modified_gmt":"2025-11-13T10:12:57","slug":"platin-alyans-bandi-geleneksel-kort-2mm-genisliginde","status":"publish","type":"product","link":"https:\/\/www.purejewels.com\/tr\/product\/platinum-wedding-ring-band-traditional-court-2mm-wide\/","title":{"rendered":"Platin | Alyans Band\u0131 | 2mm geni\u015fli\u011finde"},"content":{"rendered":"<p data-start=\"0\" data-end=\"364\"><strong data-start=\"0\" data-end=\"10\">Tasar\u0131m<\/strong><br data-start=\"10\" data-end=\"13\" \/>Bu platin alyans y\u00fcz\u00fck ince, abart\u0131s\u0131z bir ba\u011fl\u0131l\u0131k sembol\u00fc olarak tasarlanm\u0131\u015ft\u0131r. 2 mm geni\u015fli\u011finde, hantal hissettirmeden parma\u011fa d\u00fczg\u00fcn bir \u015fekilde oturan ince, zarif bir profil sunar. P\u00fcr\u00fczs\u00fcz, cilal\u0131 y\u00fczey, hem erkeklere hem de kad\u0131nlara uygun temiz ve \u00e7a\u011fda\u015f bir g\u00f6r\u00fcn\u00fcm verir ve klasik veya modern ni\u015fan y\u00fcz\u00fckleriyle g\u00fczel bir \u015fekilde e\u015fle\u015fir.<\/p>\n<p data-start=\"366\" data-end=\"729\"><strong data-start=\"366\" data-end=\"383\">Zanaatkarl\u0131k<\/strong><br data-start=\"383\" data-end=\"386\" \/>Y\u00fcksek kaliteli platinden \u00fcretilen kordon, her g\u00fcn do\u011fal bir \u015fekilde tak\u0131labilecek rahat bir uyum i\u00e7in \u00f6zenle \u015fekillendirilmi\u015ftir. Her bir y\u00fcz\u00fck Londra Assay Ofisi taraf\u0131ndan damgalanarak metal safl\u0131\u011f\u0131 ve orijinalli\u011fi konusunda g\u00fcvence sa\u011flar. \u00c7e\u015fitli boyutlarda mevcut olan ve tercih etti\u011finiz uyumda sipari\u015f \u00fczerine \u00fcretilen bu y\u00fcz\u00fck, \u00f6m\u00fcr boyu tak\u0131lmak \u00fczere tasarlanm\u0131\u015ft\u0131r.<\/p>\n<p data-start=\"731\" data-end=\"1160\" data-is-last-node=\"\" data-is-only-node=\"\"><strong data-start=\"731\" data-end=\"748\">Stil Fikirleri<\/strong><br data-start=\"748\" data-end=\"751\" \/>Bu 2 mm platin band\u0131 minimal, zarif bir g\u00f6r\u00fcn\u00fcm i\u00e7in tek ba\u015f\u0131na tak\u0131n veya ki\u015fiselle\u015ftirilmi\u015f bir gelin seti olu\u015fturmak i\u00e7in p\u0131rlanta tekta\u015f veya sonsuzluk y\u00fcz\u00fc\u011f\u00fc ile birlikte kullan\u0131n. So\u011fuk tonu, sar\u0131 alt\u0131n ve beyaz metallerle sorunsuz bir \u015fekilde \u00e7al\u0131\u015f\u0131r, b\u00f6ylece mevcut t\u00fcm m\u00fccevher gard\u0131roplar\u0131n\u0131 tamamlar. G\u00fcnl\u00fck kullan\u0131m ve \u00f6zel g\u00fcnler i\u00e7in e\u015fit derecede uygun olan bu y\u00fcz\u00fck, en anlaml\u0131 anlar\u0131n\u0131z i\u00e7in gizli ama l\u00fcks bir son dokunu\u015ftur.<\/p>","protected":false},"excerpt":{"rendered":"<table class=\"sh_desc\">\n<tbody>\n<tr>\n<td>Y\u00fcz\u00fck Tipi<\/td>\n<td>D\u00fc\u011f\u00fcn Bandosu<\/td>\n<\/tr>\n<tr>\n<td>Metal<\/td>\n<td>Platin<\/td>\n<\/tr>\n<tr>\n<td>Kal\u0131nl\u0131k<\/td>\n<td>2mm<\/td>\n<\/tr>\n<tr>\n<td>Boyut<\/td>\n<td>\u00c7e\u015fitli ebat ve geni\u015fliklerde yap\u0131labilir<\/td>\n<\/tr>\n<tr>\n<td>Hallmark<\/td>\n<td>Londra Assay Ofisi taraf\u0131ndan damgalanm\u0131\u015f Platin<\/td>\n<\/tr>\n<tr>\n<td>\u00dccretler<\/td>\n<td>Teslimat ve KDV Dahil<\/td>\n<\/tr>\n<tr>\n<td>Paketleme<\/td>\n<td>Sunum Kutusu ile Birlikte Gelir<\/td>\n<\/tr>\n<tr>\n<td>Daha Fazla Bilgi<\/td>\n<td>\n<ul>\n<li>M\u00fcsaitlik durumu ve daha fazla resim i\u00e7in bizimle canl\u0131 sohbet edin<\/li>\n<li>Teslimat d\u00f6rt haftaya kadar s\u00fcrecektir<\/li>\n<\/ul>\n<\/td>\n<\/tr>\n<\/tbody>\n<\/table>","protected":false},"featured_media":331740,"comment_status":"closed","ping_status":"closed","template":"","meta":{"_eb_attr":"","_crsspst_to_jayantr4sg-hostcom":false},"product_brand":[],"product_cat":[5293,5294,5295],"product_tag":[],"class_list":{"0":"post-332077","1":"product","2":"type-product","3":"status-publish","4":"has-post-thumbnail","6":"product_cat-platinum-wedding-bands-2","7":"product_cat-platinum-wedding-bands-for-men","8":"product_cat-platinum-wedding-bands-for-women","10":"first","11":"onbackorder","12":"taxable","13":"shipping-taxable","14":"product-type-variable","15":"add-to-wishlist-before_image"},"yoast_head":"<!-- This site is optimized with the Yoast SEO plugin v27.5 - https:\/\/yoast.com\/product\/yoast-seo-wordpress\/ -->\n<title>Platinum Wedding Band Sets online in UK | PureJewels.com<\/title>\n<meta name=\"description\" content=\"Matching Platinum Wedding Bands | Valentines Day Gifts Near Me | Shop bands for this valentines day | Explore more collection at PureJewels.com\" \/>\n<meta name=\"robots\" content=\"index, follow, max-snippet:-1, max-image-preview:large, max-video-preview:-1\" \/>\n<link rel=\"canonical\" href=\"https:\/\/www.purejewels.com\/tr\/urun\/platin-alyans-bandi-geleneksel-kort-2mm-genisliginde\/\" \/>\n<meta property=\"og:locale\" content=\"tr_TR\" \/>\n<meta property=\"og:type\" content=\"article\" \/>\n<meta property=\"og:title\" content=\"Platinum Wedding Band Sets online in UK | PureJewels.com\" \/>\n<meta property=\"og:description\" content=\"Matching Platinum Wedding Bands | Valentines Day Gifts Near Me | Shop bands for this valentines day | Explore more collection at PureJewels.com\" \/>\n<meta property=\"og:url\" content=\"https:\/\/www.purejewels.com\/tr\/urun\/platin-alyans-bandi-geleneksel-kort-2mm-genisliginde\/\" \/>\n<meta property=\"og:site_name\" content=\"PureJewels UK\" \/>\n<meta property=\"article:modified_time\" content=\"2025-11-13T10:12:57+00:00\" \/>\n<meta property=\"og:image\" content=\"https:\/\/www.purejewels.com\/wp-content\/uploads\/2022\/01\/WG-PT-_-2mm-Court-_-Medium-Weight.jpg\" \/>\n\t<meta property=\"og:image:width\" content=\"1280\" \/>\n\t<meta property=\"og:image:height\" content=\"910\" \/>\n\t<meta property=\"og:image:type\" content=\"image\/jpeg\" \/>\n<meta name=\"twitter:card\" content=\"summary_large_image\" \/>\n<meta name=\"twitter:label1\" content=\"Tahmini okuma s\u00fcresi\" \/>\n\t<meta name=\"twitter:data1\" content=\"2 dakika\" \/>\n<script type=\"application\/ld+json\" class=\"yoast-schema-graph\">{\"@context\":\"https:\\\/\\\/schema.org\",\"@graph\":[{\"@type\":[\"WebPage\",\"ItemPage\"],\"@id\":\"https:\\\/\\\/www.purejewels.com\\\/product\\\/platinum-wedding-ring-band-traditional-court-2mm-wide\\\/\",\"url\":\"https:\\\/\\\/www.purejewels.com\\\/product\\\/platinum-wedding-ring-band-traditional-court-2mm-wide\\\/\",\"name\":\"Platinum Wedding Band Sets online in UK | PureJewels.com\",\"isPartOf\":{\"@id\":\"https:\\\/\\\/www.purejewels.com\\\/#website\"},\"primaryImageOfPage\":{\"@id\":\"https:\\\/\\\/www.purejewels.com\\\/product\\\/platinum-wedding-ring-band-traditional-court-2mm-wide\\\/#primaryimage\"},\"image\":{\"@id\":\"https:\\\/\\\/www.purejewels.com\\\/product\\\/platinum-wedding-ring-band-traditional-court-2mm-wide\\\/#primaryimage\"},\"thumbnailUrl\":\"https:\\\/\\\/static.purejewels.com\\\/wp-content\\\/uploads\\\/2022\\\/01\\\/WG-PT-_-2mm-Court-_-Medium-Weight.jpg\",\"datePublished\":\"2022-01-20T10:08:31+00:00\",\"dateModified\":\"2025-11-13T10:12:57+00:00\",\"description\":\"Matching Platinum Wedding Bands | Valentines Day Gifts Near Me | Shop bands for this valentines day | Explore more collection at PureJewels.com\",\"breadcrumb\":{\"@id\":\"https:\\\/\\\/www.purejewels.com\\\/product\\\/platinum-wedding-ring-band-traditional-court-2mm-wide\\\/#breadcrumb\"},\"inLanguage\":\"tr\",\"potentialAction\":[{\"@type\":\"ReadAction\",\"target\":[\"https:\\\/\\\/www.purejewels.com\\\/product\\\/platinum-wedding-ring-band-traditional-court-2mm-wide\\\/\"]}]},{\"@type\":\"ImageObject\",\"inLanguage\":\"tr\",\"@id\":\"https:\\\/\\\/www.purejewels.com\\\/product\\\/platinum-wedding-ring-band-traditional-court-2mm-wide\\\/#primaryimage\",\"url\":\"https:\\\/\\\/static.purejewels.com\\\/wp-content\\\/uploads\\\/2022\\\/01\\\/WG-PT-_-2mm-Court-_-Medium-Weight.jpg\",\"contentUrl\":\"https:\\\/\\\/static.purejewels.com\\\/wp-content\\\/uploads\\\/2022\\\/01\\\/WG-PT-_-2mm-Court-_-Medium-Weight.jpg\",\"width\":1280,\"height\":910,\"caption\":\"WG, PT _ 2mm Court _ Medium Weight\"},{\"@type\":\"BreadcrumbList\",\"@id\":\"https:\\\/\\\/www.purejewels.com\\\/product\\\/platinum-wedding-ring-band-traditional-court-2mm-wide\\\/#breadcrumb\",\"itemListElement\":[{\"@type\":\"ListItem\",\"position\":1,\"name\":\"Home\",\"item\":\"https:\\\/\\\/www.purejewels.com\\\/\"},{\"@type\":\"ListItem\",\"position\":2,\"name\":\"Shop\",\"item\":\"https:\\\/\\\/www.purejewels.com\\\/shop\\\/\"},{\"@type\":\"ListItem\",\"position\":3,\"name\":\"Platinum | Wedding Ring Band | 2mm wide\"}]},{\"@type\":\"WebSite\",\"@id\":\"https:\\\/\\\/www.purejewels.com\\\/#website\",\"url\":\"https:\\\/\\\/www.purejewels.com\\\/\",\"name\":\"PureJewels UK\",\"description\":\"Share the Love\",\"publisher\":{\"@id\":\"https:\\\/\\\/www.purejewels.com\\\/#organization\"},\"potentialAction\":[{\"@type\":\"SearchAction\",\"target\":{\"@type\":\"EntryPoint\",\"urlTemplate\":\"https:\\\/\\\/www.purejewels.com\\\/?s={search_term_string}\"},\"query-input\":{\"@type\":\"PropertyValueSpecification\",\"valueRequired\":true,\"valueName\":\"search_term_string\"}}],\"inLanguage\":\"tr\"},{\"@type\":\"Organization\",\"@id\":\"https:\\\/\\\/www.purejewels.com\\\/#organization\",\"name\":\"PureJewels UK\",\"url\":\"https:\\\/\\\/www.purejewels.com\\\/\",\"logo\":{\"@type\":\"ImageObject\",\"inLanguage\":\"tr\",\"@id\":\"https:\\\/\\\/www.purejewels.com\\\/#\\\/schema\\\/logo\\\/image\\\/\",\"url\":\"https:\\\/\\\/static.purejewels.com\\\/wp-content\\\/uploads\\\/2020\\\/11\\\/Logo-PJ-New-1.png\",\"contentUrl\":\"https:\\\/\\\/static.purejewels.com\\\/wp-content\\\/uploads\\\/2020\\\/11\\\/Logo-PJ-New-1.png\",\"width\":150,\"height\":80,\"caption\":\"PureJewels UK\"},\"image\":{\"@id\":\"https:\\\/\\\/www.purejewels.com\\\/#\\\/schema\\\/logo\\\/image\\\/\"}}]}<\/script>\n<!-- \/ Yoast SEO plugin. -->","yoast_head_json":{"title":"Platin Alyans Setleri \u0130ngiltere'de online | PureJewels.com","description":"E\u015fle\u015fen Platin Alyanslar | Yak\u0131n\u0131mdaki Sevgililer G\u00fcn\u00fc Hediyeleri | Bu sevgililer g\u00fcn\u00fc i\u00e7in al\u0131\u015fveri\u015f bantlar\u0131 | PureJewels.com'da daha fazla koleksiyon ke\u015ffedin","robots":{"index":"index","follow":"follow","max-snippet":"max-snippet:-1","max-image-preview":"max-image-preview:large","max-video-preview":"max-video-preview:-1"},"canonical":"https:\/\/www.purejewels.com\/tr\/urun\/platin-alyans-bandi-geleneksel-kort-2mm-genisliginde\/","og_locale":"tr_TR","og_type":"article","og_title":"Platinum Wedding Band Sets online in UK | PureJewels.com","og_description":"Matching Platinum Wedding Bands | Valentines Day Gifts Near Me | Shop bands for this valentines day | Explore more collection at PureJewels.com","og_url":"https:\/\/www.purejewels.com\/tr\/urun\/platin-alyans-bandi-geleneksel-kort-2mm-genisliginde\/","og_site_name":"PureJewels UK","article_modified_time":"2025-11-13T10:12:57+00:00","og_image":[{"width":1280,"height":910,"url":"https:\/\/www.purejewels.com\/wp-content\/uploads\/2022\/01\/WG-PT-_-2mm-Court-_-Medium-Weight.jpg","type":"image\/jpeg"}],"twitter_card":"summary_large_image","twitter_misc":{"Tahmini okuma s\u00fcresi":"2 dakika"},"schema":{"@context":"https:\/\/schema.org","@graph":[{"@type":["WebPage","ItemPage"],"@id":"https:\/\/www.purejewels.com\/product\/platinum-wedding-ring-band-traditional-court-2mm-wide\/","url":"https:\/\/www.purejewels.com\/product\/platinum-wedding-ring-band-traditional-court-2mm-wide\/","name":"Platin Alyans Setleri \u0130ngiltere'de online | PureJewels.com","isPartOf":{"@id":"https:\/\/www.purejewels.com\/#website"},"primaryImageOfPage":{"@id":"https:\/\/www.purejewels.com\/product\/platinum-wedding-ring-band-traditional-court-2mm-wide\/#primaryimage"},"image":{"@id":"https:\/\/www.purejewels.com\/product\/platinum-wedding-ring-band-traditional-court-2mm-wide\/#primaryimage"},"thumbnailUrl":"https:\/\/static.purejewels.com\/wp-content\/uploads\/2022\/01\/WG-PT-_-2mm-Court-_-Medium-Weight.jpg","datePublished":"2022-01-20T10:08:31+00:00","dateModified":"2025-11-13T10:12:57+00:00","description":"E\u015fle\u015fen Platin Alyanslar | Yak\u0131n\u0131mdaki Sevgililer G\u00fcn\u00fc Hediyeleri | Bu sevgililer g\u00fcn\u00fc i\u00e7in al\u0131\u015fveri\u015f bantlar\u0131 | PureJewels.com'da daha fazla koleksiyon ke\u015ffedin","breadcrumb":{"@id":"https:\/\/www.purejewels.com\/product\/platinum-wedding-ring-band-traditional-court-2mm-wide\/#breadcrumb"},"inLanguage":"tr","potentialAction":[{"@type":"ReadAction","target":["https:\/\/www.purejewels.com\/product\/platinum-wedding-ring-band-traditional-court-2mm-wide\/"]}]},{"@type":"ImageObject","inLanguage":"tr","@id":"https:\/\/www.purejewels.com\/product\/platinum-wedding-ring-band-traditional-court-2mm-wide\/#primaryimage","url":"https:\/\/static.purejewels.com\/wp-content\/uploads\/2022\/01\/WG-PT-_-2mm-Court-_-Medium-Weight.jpg","contentUrl":"https:\/\/static.purejewels.com\/wp-content\/uploads\/2022\/01\/WG-PT-_-2mm-Court-_-Medium-Weight.jpg","width":1280,"height":910,"caption":"WG, PT _ 2mm Court _ Medium Weight"},{"@type":"BreadcrumbList","@id":"https:\/\/www.purejewels.com\/product\/platinum-wedding-ring-band-traditional-court-2mm-wide\/#breadcrumb","itemListElement":[{"@type":"ListItem","position":1,"name":"Home","item":"https:\/\/www.purejewels.com\/"},{"@type":"ListItem","position":2,"name":"Shop","item":"https:\/\/www.purejewels.com\/shop\/"},{"@type":"ListItem","position":3,"name":"Platinum | Wedding Ring Band | 2mm wide"}]},{"@type":"WebSite","@id":"https:\/\/www.purejewels.com\/#website","url":"https:\/\/www.purejewels.com\/","name":"PureJewels \u0130ngiltere","description":"Sevgiyi Payla\u015f\u0131n","publisher":{"@id":"https:\/\/www.purejewels.com\/#organization"},"potentialAction":[{"@type":"SearchAction","target":{"@type":"EntryPoint","urlTemplate":"https:\/\/www.purejewels.com\/?s={search_term_string}"},"query-input":{"@type":"PropertyValueSpecification","valueRequired":true,"valueName":"search_term_string"}}],"inLanguage":"tr"},{"@type":"Organization","@id":"https:\/\/www.purejewels.com\/#organization","name":"PureJewels \u0130ngiltere","url":"https:\/\/www.purejewels.com\/","logo":{"@type":"ImageObject","inLanguage":"tr","@id":"https:\/\/www.purejewels.com\/#\/schema\/logo\/image\/","url":"https:\/\/static.purejewels.com\/wp-content\/uploads\/2020\/11\/Logo-PJ-New-1.png","contentUrl":"https:\/\/static.purejewels.com\/wp-content\/uploads\/2020\/11\/Logo-PJ-New-1.png","width":150,"height":80,"caption":"PureJewels UK"},"image":{"@id":"https:\/\/www.purejewels.com\/#\/schema\/logo\/image\/"}}]}},"_links":{"self":[{"href":"https:\/\/www.purejewels.com\/tr\/wp-json\/wp\/v2\/product\/332077","targetHints":{"allow":["GET"]}}],"collection":[{"href":"https:\/\/www.purejewels.com\/tr\/wp-json\/wp\/v2\/product"}],"about":[{"href":"https:\/\/www.purejewels.com\/tr\/wp-json\/wp\/v2\/types\/product"}],"replies":[{"embeddable":true,"href":"https:\/\/www.purejewels.com\/tr\/wp-json\/wp\/v2\/comments?post=332077"}],"version-history":[{"count":2,"href":"https:\/\/www.purejewels.com\/tr\/wp-json\/wp\/v2\/product\/332077\/revisions"}],"predecessor-version":[{"id":421002,"href":"https:\/\/www.purejewels.com\/tr\/wp-json\/wp\/v2\/product\/332077\/revisions\/421002"}],"wp:featuredmedia":[{"embeddable":true,"href":"https:\/\/www.purejewels.com\/tr\/wp-json\/wp\/v2\/media\/331740"}],"wp:attachment":[{"href":"https:\/\/www.purejewels.com\/tr\/wp-json\/wp\/v2\/media?parent=332077"}],"wp:term":[{"taxonomy":"product_brand","embeddable":true,"href":"https:\/\/www.purejewels.com\/tr\/wp-json\/wp\/v2\/product_brand?post=332077"},{"taxonomy":"product_cat","embeddable":true,"href":"https:\/\/www.purejewels.com\/tr\/wp-json\/wp\/v2\/product_cat?post=332077"},{"taxonomy":"product_tag","embeddable":true,"href":"https:\/\/www.purejewels.com\/tr\/wp-json\/wp\/v2\/product_tag?post=332077"}],"curies":[{"name":"wp","href":"https:\/\/api.w.org\/{rel}","templated":true}]}}