{"id":332226,"date":"2022-01-24T06:25:09","date_gmt":"2022-01-24T06:25:09","guid":{"rendered":"https:\/\/www.purejewels.com\/?post_type=product&#038;p=332226"},"modified":"2025-12-08T07:06:50","modified_gmt":"2025-12-08T07:06:50","slug":"sari-altin-alyans-bant-geleneksel-kort-2mm-genisliginde","status":"publish","type":"product","link":"https:\/\/www.purejewels.com\/tr\/product\/yellow-gold-wedding-ring-band-traditional-court-2mm-wide\/","title":{"rendered":"18 Ayar Sar\u0131 Alt\u0131n | Alyans Band\u0131 | 2mm geni\u015fli\u011finde"},"content":{"rendered":"<p>Zarif bir ba\u011fl\u0131l\u0131k \u00e7emberi, bu <a href=\"https:\/\/www.purejewels.com\/tr\/product\/18ct-white-gold-khanda-sikh-religious-pendant-6226\/\">18ct<\/a> Sar\u0131 Alt\u0131n Alyans, safl\u0131\u011f\u0131, miras\u0131 ve ba\u011fl\u0131l\u0131\u011f\u0131 yans\u0131tan zamans\u0131z bir se\u00e7imdir. Oranlara ve cilaya titizlikle \u00f6zen g\u00f6sterilerek el i\u015f\u00e7ili\u011fi ile \u00fcretilen bu alyans, parma\u011fa rahat\u00e7a oturur ve \u015f\u0131k ve kal\u0131c\u0131 bir a\u015fk sembol\u00fc sunar.<\/p>\n<p>Temiz, yuvarlak profili geleneksel tasar\u0131m\u0131 onurland\u0131r\u0131rken, g\u00fcnl\u00fck kullan\u0131m i\u00e7in de uygundur. D\u00fc\u011f\u00fcn, yemin yenileme t\u00f6reni veya anlaml\u0131 bir hediye olarak se\u00e7ilse de, \u00f6m\u00fcr boyu s\u00fcrecek bir ba\u011f\u0131n sessiz ama g\u00fc\u00e7l\u00fc bir yans\u0131mas\u0131 olarak hizmet eder.<\/p>\n<p>Y\u00fcksek safl\u0131kta 18 ayar sar\u0131 alt\u0131ndan \u00fcretilen ve Londra Assay Office taraf\u0131ndan damgalanm\u0131\u015f olan her y\u00fcz\u00fck, PureJewels'\u0131n b\u00fct\u00fcnl\u00fck ve m\u00fckemmellik vaadini ta\u015f\u0131r. Klasik g\u00fczelli\u011fi ve ince l\u00fcks\u00fc sevenler i\u00e7in, bu y\u00fcz\u00fck sonsuza kadar tak\u0131lacak ve de\u011fer verilecek bir par\u00e7ad\u0131r.<\/p>\n<p><strong>Tasar\u0131m Stili<\/strong><\/p>\n<p>Sade, klasik ve unisex. Ayna parlakl\u0131\u011f\u0131nda cilal\u0131 y\u00fczey, y\u00fcz\u00fc\u011f\u00fcn yumu\u015fak k\u0131vr\u0131mlar\u0131n\u0131 vurgular ve zamans\u0131z bir zarafet ve duygusal bir rezonans yarat\u0131r.<\/p>\n<p><strong>Zanaatkarl\u0131k<\/strong><\/p>\n<p>PureJewels'\u0131n Londra at\u00f6lyesinde geleneksel kuyumculuk teknikleri kullan\u0131larak \u00fcretilen bu y\u00fcz\u00fck, 18 ayar som alt\u0131ndan yap\u0131lm\u0131\u015ft\u0131r ve rahat bir i\u00e7 y\u00fczeye sahiptir, b\u00f6ylece g\u00fcnl\u00fck kullan\u0131mda rahatl\u0131k sa\u011flar. Her par\u00e7a ayr\u0131 ayr\u0131 i\u015flenir ve orijinalli\u011fi i\u00e7in damgalan\u0131r.<\/p>","protected":false},"excerpt":{"rendered":"<p>Sonsuz sevginin sembol\u00fc olan bu klasik 18 ayar sar\u0131 alt\u0131n alyans, rahatl\u0131k, zarafet ve zamans\u0131z \u015f\u0131kl\u0131k i\u00e7in tasarlanm\u0131\u015ft\u0131r.<\/p>\n<table class=\"sh_desc\">\n<tbody>\n<tr>\n<td>Y\u00fcz\u00fck Tipi<\/td>\n<td>D\u00fc\u011f\u00fcn Bandosu<\/td>\n<\/tr>\n<tr>\n<td>Metal<\/td>\n<td>Sar\u0131 Alt\u0131n<\/td>\n<\/tr>\n<tr>\n<td>Kal\u0131nl\u0131k<\/td>\n<td>2mm<\/td>\n<\/tr>\n<tr>\n<td>Boyut<\/td>\n<td>\u00c7e\u015fitli ebat ve geni\u015fliklerde yap\u0131labilir<\/td>\n<\/tr>\n<tr>\n<td>Hallmark<\/td>\n<td>Londra Tahlil Ofisi Taraf\u0131ndan Damgalanm\u0131\u015f 18 Ayar Alt\u0131n<\/td>\n<\/tr>\n<tr>\n<td>\u00dccretler<\/td>\n<td>Teslimat ve KDV Dahil<\/td>\n<\/tr>\n<tr>\n<td>Paketleme<\/td>\n<td>Sunum Kutusu ile Birlikte Gelir<\/td>\n<\/tr>\n<tr>\n<td>Daha Fazla Bilgi<\/td>\n<td>\n<ul>\n<li>M\u00fcsaitlik durumu ve daha fazla resim i\u00e7in bizimle canl\u0131 sohbet edin<\/li>\n<li>Teslimat d\u00f6rt haftaya kadar s\u00fcrecektir<\/li>\n<\/ul>\n<\/td>\n<\/tr>\n<\/tbody>\n<\/table>","protected":false},"featured_media":332234,"comment_status":"closed","ping_status":"closed","template":"","meta":{"_eb_attr":"","_crsspst_to_jayantr4sg-hostcom":false},"product_brand":[],"product_cat":[5297,5321,5322],"product_tag":[64],"class_list":{"0":"post-332226","1":"product","2":"type-product","3":"status-publish","4":"has-post-thumbnail","6":"product_cat-yellow-gold-wedding-bands","7":"product_cat-18ct-yellow-gold-wedding-bands-for-men","8":"product_cat-yellow-gold-wedding-bands-for-women","9":"product_tag-rings","11":"first","12":"onbackorder","13":"taxable","14":"shipping-taxable","15":"product-type-variable","16":"add-to-wishlist-before_image"},"yoast_head":"<!-- This site is optimized with the Yoast SEO plugin v27.5 - https:\/\/yoast.com\/product\/yoast-seo-wordpress\/ -->\n<title>unique yellow gold wedding Bands online in UK | PureJewel.com<\/title>\n<meta name=\"description\" content=\"yellow gold wedding bands for him and her | Shop Love bands online in UK | Valentines Day Rings, bands in UK\" \/>\n<meta name=\"robots\" content=\"index, follow, max-snippet:-1, max-image-preview:large, max-video-preview:-1\" \/>\n<link rel=\"canonical\" href=\"https:\/\/www.purejewels.com\/tr\/urun\/sari-altin-alyans-bant-geleneksel-kort-2mm-genisliginde\/\" \/>\n<meta property=\"og:locale\" content=\"tr_TR\" \/>\n<meta property=\"og:type\" content=\"article\" \/>\n<meta property=\"og:title\" content=\"unique yellow gold wedding Bands online in UK | PureJewel.com\" \/>\n<meta property=\"og:description\" content=\"yellow gold wedding bands for him and her | Shop Love bands online in UK | Valentines Day Rings, bands in UK\" \/>\n<meta property=\"og:url\" content=\"https:\/\/www.purejewels.com\/tr\/urun\/sari-altin-alyans-bant-geleneksel-kort-2mm-genisliginde\/\" \/>\n<meta property=\"og:site_name\" content=\"PureJewels UK\" \/>\n<meta property=\"article:modified_time\" content=\"2025-12-08T07:06:50+00:00\" \/>\n<meta property=\"og:image\" content=\"https:\/\/static.purejewels.com\/wp-content\/uploads\/2022\/01\/YG-_-2mm-Court-_-Medium-Weight-.jpg\" \/>\n\t<meta property=\"og:image:width\" content=\"1280\" \/>\n\t<meta property=\"og:image:height\" content=\"910\" \/>\n\t<meta property=\"og:image:type\" content=\"image\/jpeg\" \/>\n<meta name=\"twitter:card\" content=\"summary_large_image\" \/>\n<meta name=\"twitter:label1\" content=\"Tahmini okuma s\u00fcresi\" \/>\n\t<meta name=\"twitter:data1\" content=\"1 dakika\" \/>\n<script type=\"application\/ld+json\" class=\"yoast-schema-graph\">{\"@context\":\"https:\\\/\\\/schema.org\",\"@graph\":[{\"@type\":[\"WebPage\",\"ItemPage\"],\"@id\":\"https:\\\/\\\/www.purejewels.com\\\/product\\\/yellow-gold-wedding-ring-band-traditional-court-2mm-wide\\\/\",\"url\":\"https:\\\/\\\/www.purejewels.com\\\/product\\\/yellow-gold-wedding-ring-band-traditional-court-2mm-wide\\\/\",\"name\":\"unique yellow gold wedding Bands online in UK | PureJewel.com\",\"isPartOf\":{\"@id\":\"https:\\\/\\\/www.purejewels.com\\\/#website\"},\"primaryImageOfPage\":{\"@id\":\"https:\\\/\\\/www.purejewels.com\\\/product\\\/yellow-gold-wedding-ring-band-traditional-court-2mm-wide\\\/#primaryimage\"},\"image\":{\"@id\":\"https:\\\/\\\/www.purejewels.com\\\/product\\\/yellow-gold-wedding-ring-band-traditional-court-2mm-wide\\\/#primaryimage\"},\"thumbnailUrl\":\"https:\\\/\\\/static.purejewels.com\\\/wp-content\\\/uploads\\\/2022\\\/01\\\/YG-_-2mm-Court-_-Medium-Weight-.jpg\",\"datePublished\":\"2022-01-24T06:25:09+00:00\",\"dateModified\":\"2025-12-08T07:06:50+00:00\",\"description\":\"yellow gold wedding bands for him and her | Shop Love bands online in UK | Valentines Day Rings, bands in UK\",\"breadcrumb\":{\"@id\":\"https:\\\/\\\/www.purejewels.com\\\/product\\\/yellow-gold-wedding-ring-band-traditional-court-2mm-wide\\\/#breadcrumb\"},\"inLanguage\":\"tr\",\"potentialAction\":[{\"@type\":\"ReadAction\",\"target\":[\"https:\\\/\\\/www.purejewels.com\\\/product\\\/yellow-gold-wedding-ring-band-traditional-court-2mm-wide\\\/\"]}]},{\"@type\":\"ImageObject\",\"inLanguage\":\"tr\",\"@id\":\"https:\\\/\\\/www.purejewels.com\\\/product\\\/yellow-gold-wedding-ring-band-traditional-court-2mm-wide\\\/#primaryimage\",\"url\":\"https:\\\/\\\/static.purejewels.com\\\/wp-content\\\/uploads\\\/2022\\\/01\\\/YG-_-2mm-Court-_-Medium-Weight-.jpg\",\"contentUrl\":\"https:\\\/\\\/static.purejewels.com\\\/wp-content\\\/uploads\\\/2022\\\/01\\\/YG-_-2mm-Court-_-Medium-Weight-.jpg\",\"width\":1280,\"height\":910,\"caption\":\"Yellow Gold | Wedding Ring Band | Traditional Court | 2mm wide\"},{\"@type\":\"BreadcrumbList\",\"@id\":\"https:\\\/\\\/www.purejewels.com\\\/product\\\/yellow-gold-wedding-ring-band-traditional-court-2mm-wide\\\/#breadcrumb\",\"itemListElement\":[{\"@type\":\"ListItem\",\"position\":1,\"name\":\"Home\",\"item\":\"https:\\\/\\\/www.purejewels.com\\\/\"},{\"@type\":\"ListItem\",\"position\":2,\"name\":\"Shop\",\"item\":\"https:\\\/\\\/www.purejewels.com\\\/shop\\\/\"},{\"@type\":\"ListItem\",\"position\":3,\"name\":\"18ct Yellow Gold | Wedding Ring Band | 2mm wide\"}]},{\"@type\":\"WebSite\",\"@id\":\"https:\\\/\\\/www.purejewels.com\\\/#website\",\"url\":\"https:\\\/\\\/www.purejewels.com\\\/\",\"name\":\"PureJewels UK\",\"description\":\"Share the Love\",\"publisher\":{\"@id\":\"https:\\\/\\\/www.purejewels.com\\\/#organization\"},\"potentialAction\":[{\"@type\":\"SearchAction\",\"target\":{\"@type\":\"EntryPoint\",\"urlTemplate\":\"https:\\\/\\\/www.purejewels.com\\\/?s={search_term_string}\"},\"query-input\":{\"@type\":\"PropertyValueSpecification\",\"valueRequired\":true,\"valueName\":\"search_term_string\"}}],\"inLanguage\":\"tr\"},{\"@type\":\"Organization\",\"@id\":\"https:\\\/\\\/www.purejewels.com\\\/#organization\",\"name\":\"PureJewels UK\",\"url\":\"https:\\\/\\\/www.purejewels.com\\\/\",\"logo\":{\"@type\":\"ImageObject\",\"inLanguage\":\"tr\",\"@id\":\"https:\\\/\\\/www.purejewels.com\\\/#\\\/schema\\\/logo\\\/image\\\/\",\"url\":\"https:\\\/\\\/static.purejewels.com\\\/wp-content\\\/uploads\\\/2020\\\/11\\\/Logo-PJ-New-1.png\",\"contentUrl\":\"https:\\\/\\\/static.purejewels.com\\\/wp-content\\\/uploads\\\/2020\\\/11\\\/Logo-PJ-New-1.png\",\"width\":150,\"height\":80,\"caption\":\"PureJewels UK\"},\"image\":{\"@id\":\"https:\\\/\\\/www.purejewels.com\\\/#\\\/schema\\\/logo\\\/image\\\/\"}}]}<\/script>\n<!-- \/ Yoast SEO plugin. -->","yoast_head_json":{"title":"\u0130ngiltere'de online benzersiz sar\u0131 alt\u0131n alyanslar | PureJewel.com","description":"k\u0131z ve erkek i\u00e7in sar\u0131 alt\u0131n alyanslar | \u0130ngiltere'de online a\u015fk y\u00fcz\u00fc\u011f\u00fc al\u0131\u015fveri\u015fi | \u0130ngiltere'de Sevgililer G\u00fcn\u00fc Y\u00fcz\u00fckleri, alyanslar\u0131","robots":{"index":"index","follow":"follow","max-snippet":"max-snippet:-1","max-image-preview":"max-image-preview:large","max-video-preview":"max-video-preview:-1"},"canonical":"https:\/\/www.purejewels.com\/tr\/urun\/sari-altin-alyans-bant-geleneksel-kort-2mm-genisliginde\/","og_locale":"tr_TR","og_type":"article","og_title":"unique yellow gold wedding Bands online in UK | PureJewel.com","og_description":"yellow gold wedding bands for him and her | Shop Love bands online in UK | Valentines Day Rings, bands in UK","og_url":"https:\/\/www.purejewels.com\/tr\/urun\/sari-altin-alyans-bant-geleneksel-kort-2mm-genisliginde\/","og_site_name":"PureJewels UK","article_modified_time":"2025-12-08T07:06:50+00:00","og_image":[{"width":1280,"height":910,"url":"https:\/\/static.purejewels.com\/wp-content\/uploads\/2022\/01\/YG-_-2mm-Court-_-Medium-Weight-.jpg","type":"image\/jpeg"}],"twitter_card":"summary_large_image","twitter_misc":{"Tahmini okuma s\u00fcresi":"1 dakika"},"schema":{"@context":"https:\/\/schema.org","@graph":[{"@type":["WebPage","ItemPage"],"@id":"https:\/\/www.purejewels.com\/product\/yellow-gold-wedding-ring-band-traditional-court-2mm-wide\/","url":"https:\/\/www.purejewels.com\/product\/yellow-gold-wedding-ring-band-traditional-court-2mm-wide\/","name":"\u0130ngiltere'de online benzersiz sar\u0131 alt\u0131n alyanslar | PureJewel.com","isPartOf":{"@id":"https:\/\/www.purejewels.com\/#website"},"primaryImageOfPage":{"@id":"https:\/\/www.purejewels.com\/product\/yellow-gold-wedding-ring-band-traditional-court-2mm-wide\/#primaryimage"},"image":{"@id":"https:\/\/www.purejewels.com\/product\/yellow-gold-wedding-ring-band-traditional-court-2mm-wide\/#primaryimage"},"thumbnailUrl":"https:\/\/static.purejewels.com\/wp-content\/uploads\/2022\/01\/YG-_-2mm-Court-_-Medium-Weight-.jpg","datePublished":"2022-01-24T06:25:09+00:00","dateModified":"2025-12-08T07:06:50+00:00","description":"k\u0131z ve erkek i\u00e7in sar\u0131 alt\u0131n alyanslar | \u0130ngiltere'de online a\u015fk y\u00fcz\u00fc\u011f\u00fc al\u0131\u015fveri\u015fi | \u0130ngiltere'de Sevgililer G\u00fcn\u00fc Y\u00fcz\u00fckleri, alyanslar\u0131","breadcrumb":{"@id":"https:\/\/www.purejewels.com\/product\/yellow-gold-wedding-ring-band-traditional-court-2mm-wide\/#breadcrumb"},"inLanguage":"tr","potentialAction":[{"@type":"ReadAction","target":["https:\/\/www.purejewels.com\/product\/yellow-gold-wedding-ring-band-traditional-court-2mm-wide\/"]}]},{"@type":"ImageObject","inLanguage":"tr","@id":"https:\/\/www.purejewels.com\/product\/yellow-gold-wedding-ring-band-traditional-court-2mm-wide\/#primaryimage","url":"https:\/\/static.purejewels.com\/wp-content\/uploads\/2022\/01\/YG-_-2mm-Court-_-Medium-Weight-.jpg","contentUrl":"https:\/\/static.purejewels.com\/wp-content\/uploads\/2022\/01\/YG-_-2mm-Court-_-Medium-Weight-.jpg","width":1280,"height":910,"caption":"Yellow Gold | Wedding Ring Band | Traditional Court | 2mm wide"},{"@type":"BreadcrumbList","@id":"https:\/\/www.purejewels.com\/product\/yellow-gold-wedding-ring-band-traditional-court-2mm-wide\/#breadcrumb","itemListElement":[{"@type":"ListItem","position":1,"name":"Home","item":"https:\/\/www.purejewels.com\/"},{"@type":"ListItem","position":2,"name":"Shop","item":"https:\/\/www.purejewels.com\/shop\/"},{"@type":"ListItem","position":3,"name":"18ct Yellow Gold | Wedding Ring Band | 2mm wide"}]},{"@type":"WebSite","@id":"https:\/\/www.purejewels.com\/#website","url":"https:\/\/www.purejewels.com\/","name":"PureJewels \u0130ngiltere","description":"Sevgiyi Payla\u015f\u0131n","publisher":{"@id":"https:\/\/www.purejewels.com\/#organization"},"potentialAction":[{"@type":"SearchAction","target":{"@type":"EntryPoint","urlTemplate":"https:\/\/www.purejewels.com\/?s={search_term_string}"},"query-input":{"@type":"PropertyValueSpecification","valueRequired":true,"valueName":"search_term_string"}}],"inLanguage":"tr"},{"@type":"Organization","@id":"https:\/\/www.purejewels.com\/#organization","name":"PureJewels \u0130ngiltere","url":"https:\/\/www.purejewels.com\/","logo":{"@type":"ImageObject","inLanguage":"tr","@id":"https:\/\/www.purejewels.com\/#\/schema\/logo\/image\/","url":"https:\/\/static.purejewels.com\/wp-content\/uploads\/2020\/11\/Logo-PJ-New-1.png","contentUrl":"https:\/\/static.purejewels.com\/wp-content\/uploads\/2020\/11\/Logo-PJ-New-1.png","width":150,"height":80,"caption":"PureJewels UK"},"image":{"@id":"https:\/\/www.purejewels.com\/#\/schema\/logo\/image\/"}}]}},"_links":{"self":[{"href":"https:\/\/www.purejewels.com\/tr\/wp-json\/wp\/v2\/product\/332226","targetHints":{"allow":["GET"]}}],"collection":[{"href":"https:\/\/www.purejewels.com\/tr\/wp-json\/wp\/v2\/product"}],"about":[{"href":"https:\/\/www.purejewels.com\/tr\/wp-json\/wp\/v2\/types\/product"}],"replies":[{"embeddable":true,"href":"https:\/\/www.purejewels.com\/tr\/wp-json\/wp\/v2\/comments?post=332226"}],"version-history":[{"count":3,"href":"https:\/\/www.purejewels.com\/tr\/wp-json\/wp\/v2\/product\/332226\/revisions"}],"predecessor-version":[{"id":422592,"href":"https:\/\/www.purejewels.com\/tr\/wp-json\/wp\/v2\/product\/332226\/revisions\/422592"}],"wp:featuredmedia":[{"embeddable":true,"href":"https:\/\/www.purejewels.com\/tr\/wp-json\/wp\/v2\/media\/332234"}],"wp:attachment":[{"href":"https:\/\/www.purejewels.com\/tr\/wp-json\/wp\/v2\/media?parent=332226"}],"wp:term":[{"taxonomy":"product_brand","embeddable":true,"href":"https:\/\/www.purejewels.com\/tr\/wp-json\/wp\/v2\/product_brand?post=332226"},{"taxonomy":"product_cat","embeddable":true,"href":"https:\/\/www.purejewels.com\/tr\/wp-json\/wp\/v2\/product_cat?post=332226"},{"taxonomy":"product_tag","embeddable":true,"href":"https:\/\/www.purejewels.com\/tr\/wp-json\/wp\/v2\/product_tag?post=332226"}],"curies":[{"name":"wp","href":"https:\/\/api.w.org\/{rel}","templated":true}]}}