{"id":332881,"date":"2022-01-25T07:56:55","date_gmt":"2022-01-25T07:56:55","guid":{"rendered":"https:\/\/www.purejewels.com\/?post_type=product&#038;p=332881"},"modified":"2025-06-09T06:12:12","modified_gmt":"2025-06-09T05:12:12","slug":"18-ayar-pembe-altin-alyans-yuzuk-geleneksel-kort-4mm-genisliginde","status":"publish","type":"product","link":"https:\/\/www.purejewels.com\/tr\/product\/18ct-rose-gold-wedding-band-ring-traditional-court-4mm-wide\/","title":{"rendered":"18 Ayar Pembe Alt\u0131n D\u00fcz Alyans Y\u00fcz\u00fck | 4mm geni\u015fli\u011finde"},"content":{"rendered":"<p><a href=\"https:\/\/www.purejewels.com\/tr\/product\/18ct-white-gold-khanda-sikh-religious-pendant-6226\/\">18ct<\/a> Pembe Alt\u0131n | Alyans Y\u00fcz\u00fck | Geleneksel Kordon | 4mm geni\u015flik<\/p>","protected":false},"excerpt":{"rendered":"<table class=\"sh_desc\" style=\"width: 100%; height: 252px;\">\n<tbody>\n<tr style=\"height: 28px;\">\n<td style=\"height: 28px;\">Y\u00fcz\u00fck Tipi<\/td>\n<td style=\"height: 28px;\">D\u00fc\u011f\u00fcn Bandosu<\/td>\n<\/tr>\n<tr style=\"height: 28px;\">\n<td style=\"height: 28px;\">Metal<\/td>\n<td style=\"height: 28px;\">18 Ayar Pembe Alt\u0131n<\/td>\n<\/tr>\n<tr style=\"height: 28px;\">\n<td style=\"height: 28px;\">Kal\u0131nl\u0131k<\/td>\n<td style=\"height: 28px;\">4mm<\/td>\n<\/tr>\n<tr style=\"height: 28px;\">\n<td style=\"height: 28px;\">Boyut<\/td>\n<td style=\"height: 28px;\">\u00c7e\u015fitli ebat ve geni\u015fliklerde yap\u0131labilir<\/td>\n<\/tr>\n<tr style=\"height: 28px;\">\n<td style=\"height: 28px;\"><strong>Teslimat<\/strong><\/td>\n<td style=\"height: 28px;\"><strong>Teslimat d\u00f6rt hafta kadar s\u00fcrecektir<\/strong><\/td>\n<\/tr>\n<tr style=\"height: 28px;\">\n<td style=\"height: 28px;\">Hallmark<\/td>\n<td style=\"height: 28px;\">Londra Tahlil Ofisi Taraf\u0131ndan Damgalanm\u0131\u015f 18 Ayar Alt\u0131n<\/td>\n<\/tr>\n<tr style=\"height: 28px;\">\n<td style=\"height: 28px;\">\u00dccretler<\/td>\n<td style=\"height: 28px;\">Teslimat ve KDV Dahil<\/td>\n<\/tr>\n<tr style=\"height: 28px;\">\n<td style=\"height: 28px;\">Paketleme<\/td>\n<td style=\"height: 28px;\">Sunum Kutusu ile Birlikte Gelir<\/td>\n<\/tr>\n<tr style=\"height: 28px;\">\n<td style=\"height: 28px;\">Daha Fazla Bilgi<\/td>\n<td style=\"height: 28px;\">M\u00fcsaitlik durumu ve daha fazla resim i\u00e7in bizimle canl\u0131 sohbet edin<\/td>\n<\/tr>\n<\/tbody>\n<\/table>","protected":false},"featured_media":332882,"comment_status":"closed","ping_status":"closed","template":"","meta":{"_eb_attr":"","_crsspst_to_jayantr4sg-hostcom":false},"product_brand":[],"product_cat":[1799,5679,5296,5299],"product_tag":[],"class_list":{"0":"post-332881","1":"product","2":"type-product","3":"status-publish","4":"has-post-thumbnail","6":"product_cat-18ct-gold-bands","7":"product_cat-18ct-gold-jewellery","8":"product_cat-18ct-wedding-bands","9":"product_cat-rose-gold-wedding-bands","11":"first","12":"onbackorder","13":"taxable","14":"shipping-taxable","15":"product-type-variable","16":"add-to-wishlist-before_image"},"yoast_head":"<!-- This site is optimized with the Yoast SEO plugin v27.5 - https:\/\/yoast.com\/product\/yoast-seo-wordpress\/ -->\n<title>Rose Gold Wedding Band UK | Bands Online | PureJewels.com<\/title>\n<meta name=\"description\" content=\"Find stunning rose gold wedding bands for men and women at PureJewels UK. Shop certified rose gold jewellery with quick delivery. Explor collection today!\" \/>\n<meta name=\"robots\" content=\"index, follow, max-snippet:-1, max-image-preview:large, max-video-preview:-1\" \/>\n<link rel=\"canonical\" href=\"https:\/\/www.purejewels.com\/tr\/urun\/18-ayar-pembe-altin-alyans-yuzuk-geleneksel-kort-4mm-genisliginde\/\" \/>\n<meta property=\"og:locale\" content=\"tr_TR\" \/>\n<meta property=\"og:type\" content=\"article\" \/>\n<meta property=\"og:title\" content=\"Rose Gold Wedding Band UK | Bands Online | PureJewels.com\" \/>\n<meta property=\"og:description\" content=\"Find stunning rose gold wedding bands for men and women at PureJewels UK. Shop certified rose gold jewellery with quick delivery. Explor collection today!\" \/>\n<meta property=\"og:url\" content=\"https:\/\/www.purejewels.com\/tr\/urun\/18-ayar-pembe-altin-alyans-yuzuk-geleneksel-kort-4mm-genisliginde\/\" \/>\n<meta property=\"og:site_name\" content=\"PureJewels UK\" \/>\n<meta property=\"article:modified_time\" content=\"2025-06-09T05:12:12+00:00\" \/>\n<meta property=\"og:image\" content=\"https:\/\/www.purejewels.com\/wp-content\/uploads\/2022\/01\/RG-_-4mm-Court-_-Medium-Weight.jpg\" \/>\n\t<meta property=\"og:image:width\" content=\"1280\" \/>\n\t<meta property=\"og:image:height\" content=\"910\" \/>\n\t<meta property=\"og:image:type\" content=\"image\/jpeg\" \/>\n<meta name=\"twitter:card\" content=\"summary_large_image\" \/>\n<script type=\"application\/ld+json\" class=\"yoast-schema-graph\">{\"@context\":\"https:\\\/\\\/schema.org\",\"@graph\":[{\"@type\":[\"WebPage\",\"ItemPage\"],\"@id\":\"https:\\\/\\\/www.purejewels.com\\\/product\\\/18ct-rose-gold-wedding-band-ring-traditional-court-4mm-wide\\\/\",\"url\":\"https:\\\/\\\/www.purejewels.com\\\/product\\\/18ct-rose-gold-wedding-band-ring-traditional-court-4mm-wide\\\/\",\"name\":\"Rose Gold Wedding Band UK | Bands Online | PureJewels.com\",\"isPartOf\":{\"@id\":\"https:\\\/\\\/www.purejewels.com\\\/#website\"},\"primaryImageOfPage\":{\"@id\":\"https:\\\/\\\/www.purejewels.com\\\/product\\\/18ct-rose-gold-wedding-band-ring-traditional-court-4mm-wide\\\/#primaryimage\"},\"image\":{\"@id\":\"https:\\\/\\\/www.purejewels.com\\\/product\\\/18ct-rose-gold-wedding-band-ring-traditional-court-4mm-wide\\\/#primaryimage\"},\"thumbnailUrl\":\"https:\\\/\\\/static.purejewels.com\\\/wp-content\\\/uploads\\\/2022\\\/01\\\/RG-_-4mm-Court-_-Medium-Weight.jpg\",\"datePublished\":\"2022-01-25T07:56:55+00:00\",\"dateModified\":\"2025-06-09T05:12:12+00:00\",\"description\":\"Find stunning rose gold wedding bands for men and women at PureJewels UK. Shop certified rose gold jewellery with quick delivery. Explor collection today!\",\"breadcrumb\":{\"@id\":\"https:\\\/\\\/www.purejewels.com\\\/product\\\/18ct-rose-gold-wedding-band-ring-traditional-court-4mm-wide\\\/#breadcrumb\"},\"inLanguage\":\"tr\",\"potentialAction\":[{\"@type\":\"ReadAction\",\"target\":[\"https:\\\/\\\/www.purejewels.com\\\/product\\\/18ct-rose-gold-wedding-band-ring-traditional-court-4mm-wide\\\/\"]}]},{\"@type\":\"ImageObject\",\"inLanguage\":\"tr\",\"@id\":\"https:\\\/\\\/www.purejewels.com\\\/product\\\/18ct-rose-gold-wedding-band-ring-traditional-court-4mm-wide\\\/#primaryimage\",\"url\":\"https:\\\/\\\/static.purejewels.com\\\/wp-content\\\/uploads\\\/2022\\\/01\\\/RG-_-4mm-Court-_-Medium-Weight.jpg\",\"contentUrl\":\"https:\\\/\\\/static.purejewels.com\\\/wp-content\\\/uploads\\\/2022\\\/01\\\/RG-_-4mm-Court-_-Medium-Weight.jpg\",\"width\":1280,\"height\":910,\"caption\":\"RG _ 4mm Court _ Medium Weight\"},{\"@type\":\"BreadcrumbList\",\"@id\":\"https:\\\/\\\/www.purejewels.com\\\/product\\\/18ct-rose-gold-wedding-band-ring-traditional-court-4mm-wide\\\/#breadcrumb\",\"itemListElement\":[{\"@type\":\"ListItem\",\"position\":1,\"name\":\"Home\",\"item\":\"https:\\\/\\\/www.purejewels.com\\\/\"},{\"@type\":\"ListItem\",\"position\":2,\"name\":\"Shop\",\"item\":\"https:\\\/\\\/www.purejewels.com\\\/shop\\\/\"},{\"@type\":\"ListItem\",\"position\":3,\"name\":\"18ct Rose Gold Plain Wedding Band Ring | 4mm wide\"}]},{\"@type\":\"WebSite\",\"@id\":\"https:\\\/\\\/www.purejewels.com\\\/#website\",\"url\":\"https:\\\/\\\/www.purejewels.com\\\/\",\"name\":\"PureJewels UK\",\"description\":\"Share the Love\",\"publisher\":{\"@id\":\"https:\\\/\\\/www.purejewels.com\\\/#organization\"},\"potentialAction\":[{\"@type\":\"SearchAction\",\"target\":{\"@type\":\"EntryPoint\",\"urlTemplate\":\"https:\\\/\\\/www.purejewels.com\\\/?s={search_term_string}\"},\"query-input\":{\"@type\":\"PropertyValueSpecification\",\"valueRequired\":true,\"valueName\":\"search_term_string\"}}],\"inLanguage\":\"tr\"},{\"@type\":\"Organization\",\"@id\":\"https:\\\/\\\/www.purejewels.com\\\/#organization\",\"name\":\"PureJewels UK\",\"url\":\"https:\\\/\\\/www.purejewels.com\\\/\",\"logo\":{\"@type\":\"ImageObject\",\"inLanguage\":\"tr\",\"@id\":\"https:\\\/\\\/www.purejewels.com\\\/#\\\/schema\\\/logo\\\/image\\\/\",\"url\":\"https:\\\/\\\/static.purejewels.com\\\/wp-content\\\/uploads\\\/2020\\\/11\\\/Logo-PJ-New-1.png\",\"contentUrl\":\"https:\\\/\\\/static.purejewels.com\\\/wp-content\\\/uploads\\\/2020\\\/11\\\/Logo-PJ-New-1.png\",\"width\":150,\"height\":80,\"caption\":\"PureJewels UK\"},\"image\":{\"@id\":\"https:\\\/\\\/www.purejewels.com\\\/#\\\/schema\\\/logo\\\/image\\\/\"}}]}<\/script>\n<!-- \/ Yoast SEO plugin. -->","yoast_head_json":{"title":"G\u00fcl Alt\u0131n Alyans \u0130ngiltere | Alyanslar Online | PureJewels.com","description":"PureJewels UK'de erkekler ve kad\u0131nlar i\u00e7in \u00e7arp\u0131c\u0131 pembe alt\u0131n alyanslar bulun. H\u0131zl\u0131 teslimat ile sertifikal\u0131 pembe alt\u0131n tak\u0131lar sat\u0131n al\u0131n. Koleksiyonu bug\u00fcn ke\u015ffedin!","robots":{"index":"index","follow":"follow","max-snippet":"max-snippet:-1","max-image-preview":"max-image-preview:large","max-video-preview":"max-video-preview:-1"},"canonical":"https:\/\/www.purejewels.com\/tr\/urun\/18-ayar-pembe-altin-alyans-yuzuk-geleneksel-kort-4mm-genisliginde\/","og_locale":"tr_TR","og_type":"article","og_title":"Rose Gold Wedding Band UK | Bands Online | PureJewels.com","og_description":"Find stunning rose gold wedding bands for men and women at PureJewels UK. Shop certified rose gold jewellery with quick delivery. Explor collection today!","og_url":"https:\/\/www.purejewels.com\/tr\/urun\/18-ayar-pembe-altin-alyans-yuzuk-geleneksel-kort-4mm-genisliginde\/","og_site_name":"PureJewels UK","article_modified_time":"2025-06-09T05:12:12+00:00","og_image":[{"width":1280,"height":910,"url":"https:\/\/www.purejewels.com\/wp-content\/uploads\/2022\/01\/RG-_-4mm-Court-_-Medium-Weight.jpg","type":"image\/jpeg"}],"twitter_card":"summary_large_image","schema":{"@context":"https:\/\/schema.org","@graph":[{"@type":["WebPage","ItemPage"],"@id":"https:\/\/www.purejewels.com\/product\/18ct-rose-gold-wedding-band-ring-traditional-court-4mm-wide\/","url":"https:\/\/www.purejewels.com\/product\/18ct-rose-gold-wedding-band-ring-traditional-court-4mm-wide\/","name":"G\u00fcl Alt\u0131n Alyans \u0130ngiltere | Alyanslar Online | PureJewels.com","isPartOf":{"@id":"https:\/\/www.purejewels.com\/#website"},"primaryImageOfPage":{"@id":"https:\/\/www.purejewels.com\/product\/18ct-rose-gold-wedding-band-ring-traditional-court-4mm-wide\/#primaryimage"},"image":{"@id":"https:\/\/www.purejewels.com\/product\/18ct-rose-gold-wedding-band-ring-traditional-court-4mm-wide\/#primaryimage"},"thumbnailUrl":"https:\/\/static.purejewels.com\/wp-content\/uploads\/2022\/01\/RG-_-4mm-Court-_-Medium-Weight.jpg","datePublished":"2022-01-25T07:56:55+00:00","dateModified":"2025-06-09T05:12:12+00:00","description":"PureJewels UK'de erkekler ve kad\u0131nlar i\u00e7in \u00e7arp\u0131c\u0131 pembe alt\u0131n alyanslar bulun. H\u0131zl\u0131 teslimat ile sertifikal\u0131 pembe alt\u0131n tak\u0131lar sat\u0131n al\u0131n. Koleksiyonu bug\u00fcn ke\u015ffedin!","breadcrumb":{"@id":"https:\/\/www.purejewels.com\/product\/18ct-rose-gold-wedding-band-ring-traditional-court-4mm-wide\/#breadcrumb"},"inLanguage":"tr","potentialAction":[{"@type":"ReadAction","target":["https:\/\/www.purejewels.com\/product\/18ct-rose-gold-wedding-band-ring-traditional-court-4mm-wide\/"]}]},{"@type":"ImageObject","inLanguage":"tr","@id":"https:\/\/www.purejewels.com\/product\/18ct-rose-gold-wedding-band-ring-traditional-court-4mm-wide\/#primaryimage","url":"https:\/\/static.purejewels.com\/wp-content\/uploads\/2022\/01\/RG-_-4mm-Court-_-Medium-Weight.jpg","contentUrl":"https:\/\/static.purejewels.com\/wp-content\/uploads\/2022\/01\/RG-_-4mm-Court-_-Medium-Weight.jpg","width":1280,"height":910,"caption":"RG _ 4mm Court _ Medium Weight"},{"@type":"BreadcrumbList","@id":"https:\/\/www.purejewels.com\/product\/18ct-rose-gold-wedding-band-ring-traditional-court-4mm-wide\/#breadcrumb","itemListElement":[{"@type":"ListItem","position":1,"name":"Home","item":"https:\/\/www.purejewels.com\/"},{"@type":"ListItem","position":2,"name":"Shop","item":"https:\/\/www.purejewels.com\/shop\/"},{"@type":"ListItem","position":3,"name":"18ct Rose Gold Plain Wedding Band Ring | 4mm wide"}]},{"@type":"WebSite","@id":"https:\/\/www.purejewels.com\/#website","url":"https:\/\/www.purejewels.com\/","name":"PureJewels \u0130ngiltere","description":"Sevgiyi Payla\u015f\u0131n","publisher":{"@id":"https:\/\/www.purejewels.com\/#organization"},"potentialAction":[{"@type":"SearchAction","target":{"@type":"EntryPoint","urlTemplate":"https:\/\/www.purejewels.com\/?s={search_term_string}"},"query-input":{"@type":"PropertyValueSpecification","valueRequired":true,"valueName":"search_term_string"}}],"inLanguage":"tr"},{"@type":"Organization","@id":"https:\/\/www.purejewels.com\/#organization","name":"PureJewels \u0130ngiltere","url":"https:\/\/www.purejewels.com\/","logo":{"@type":"ImageObject","inLanguage":"tr","@id":"https:\/\/www.purejewels.com\/#\/schema\/logo\/image\/","url":"https:\/\/static.purejewels.com\/wp-content\/uploads\/2020\/11\/Logo-PJ-New-1.png","contentUrl":"https:\/\/static.purejewels.com\/wp-content\/uploads\/2020\/11\/Logo-PJ-New-1.png","width":150,"height":80,"caption":"PureJewels UK"},"image":{"@id":"https:\/\/www.purejewels.com\/#\/schema\/logo\/image\/"}}]}},"_links":{"self":[{"href":"https:\/\/www.purejewels.com\/tr\/wp-json\/wp\/v2\/product\/332881","targetHints":{"allow":["GET"]}}],"collection":[{"href":"https:\/\/www.purejewels.com\/tr\/wp-json\/wp\/v2\/product"}],"about":[{"href":"https:\/\/www.purejewels.com\/tr\/wp-json\/wp\/v2\/types\/product"}],"replies":[{"embeddable":true,"href":"https:\/\/www.purejewels.com\/tr\/wp-json\/wp\/v2\/comments?post=332881"}],"version-history":[{"count":1,"href":"https:\/\/www.purejewels.com\/tr\/wp-json\/wp\/v2\/product\/332881\/revisions"}],"predecessor-version":[{"id":388121,"href":"https:\/\/www.purejewels.com\/tr\/wp-json\/wp\/v2\/product\/332881\/revisions\/388121"}],"wp:featuredmedia":[{"embeddable":true,"href":"https:\/\/www.purejewels.com\/tr\/wp-json\/wp\/v2\/media\/332882"}],"wp:attachment":[{"href":"https:\/\/www.purejewels.com\/tr\/wp-json\/wp\/v2\/media?parent=332881"}],"wp:term":[{"taxonomy":"product_brand","embeddable":true,"href":"https:\/\/www.purejewels.com\/tr\/wp-json\/wp\/v2\/product_brand?post=332881"},{"taxonomy":"product_cat","embeddable":true,"href":"https:\/\/www.purejewels.com\/tr\/wp-json\/wp\/v2\/product_cat?post=332881"},{"taxonomy":"product_tag","embeddable":true,"href":"https:\/\/www.purejewels.com\/tr\/wp-json\/wp\/v2\/product_tag?post=332881"}],"curies":[{"name":"wp","href":"https:\/\/api.w.org\/{rel}","templated":true}]}}