{"id":333673,"date":"2025-05-14T03:00:05","date_gmt":"2025-05-14T02:00:05","guid":{"rendered":"https:\/\/www.purejewels.com\/?post_type=product&#038;p=333673"},"modified":"2026-05-11T10:24:18","modified_gmt":"2026-05-11T09:24:18","slug":"22-ayar-altindan-spiga-zincir-20-inc-45470","status":"publish","type":"product","link":"https:\/\/www.purejewels.com\/tr\/product\/spiga-chain-in-22ct-gold-20-inches-45470\/","title":{"rendered":"22 Ayar Alt\u0131n Spiga Zincir | 20 \u0130n\u00e7"},"content":{"rendered":"<p data-start=\"0\" data-end=\"401\"><strong data-start=\"0\" data-end=\"10\">Tasar\u0131m<\/strong><br data-start=\"10\" data-end=\"13\" \/>Bu 22 ayar alt\u0131n <a href=\"https:\/\/www.purejewels.com\/tr\/product\/22ct-gold-premium-spiga-chain-20-inches-1-2mm-thick-41359\/\">Spiga zincir<\/a> ay\u0131rt edici, dokuma silueti ile rafine bir g\u00fcnl\u00fck ihtiya\u00e7 olarak tasarlanm\u0131\u015ft\u0131r. Karma\u015f\u0131k Spiga ba\u011flant\u0131lar\u0131, 20 in\u00e7 uzunlu\u011fu boyunca \u0131\u015f\u0131\u011f\u0131 yakalayan yumu\u015fak, ip benzeri bir doku olu\u015fturur. 1,2 mm kal\u0131nl\u0131\u011f\u0131yla ince ama kendinden emin bir profile sahip olan bu \u00fcr\u00fcn, tek ba\u015f\u0131na ya da favori bir kolye ucu i\u00e7in temel olarak g\u00fczel bir \u015fekilde \u00e7al\u0131\u015fan, zahmetsizce \u00fcniseks bir par\u00e7ad\u0131r.<\/p>\n<p data-start=\"403\" data-end=\"856\"><strong data-start=\"403\" data-end=\"420\">Zanaatkarl\u0131k<\/strong><br data-start=\"420\" data-end=\"423\" \/>Y\u00fcksek safl\u0131kta 22 ayar alt\u0131ndan \u00fcretilen Spiga zincirin her bir halkas\u0131, boyun \u00e7izgisi boyunca p\u00fcr\u00fczs\u00fcz ve esnek bir \u00f6rt\u00fc olu\u015fturmak i\u00e7in hassas bir \u015fekilde \u015fekillendirilmi\u015f ve birbirine kenetlenmi\u015ftir. 7,1 gram a\u011f\u0131rl\u0131\u011f\u0131ndaki zincir, g\u00fcnl\u00fck kullan\u0131m i\u00e7in rahatl\u0131\u011f\u0131n\u0131 korurken tatmin edici bir sa\u011flaml\u0131k hissi sunar. Safl\u0131k sertifikas\u0131 i\u00e7in Londra Assay Ofisi taraf\u0131ndan damgalanan zincir, g\u00fcvenli bir toka ile tamamlan\u0131r ve d\u00fc\u015f\u00fcn\u00fclm\u00fc\u015f kalitesini yans\u0131tan uygun bir hediye kutusunda sunulur.<\/p>\n<p data-start=\"858\" data-end=\"1262\" data-is-last-node=\"\" data-is-only-node=\"\"><strong data-start=\"858\" data-end=\"875\">Stil Fikirleri<\/strong><br data-start=\"875\" data-end=\"878\" \/>Bu Spiga zinciri, temiz ve g\u00f6steri\u015fli bir g\u00f6r\u00fcn\u00fcm i\u00e7in bisiklet yaka bir ti\u015f\u00f6rt, kurta veya g\u00f6mlek \u00fczerine tek ba\u015f\u0131na tak\u0131n ya da daha ki\u015fisel hale getirmek i\u00e7in bir kolye ucu ekleyin. Daha ince veya biraz daha a\u011f\u0131r 22ct ile g\u00fczel bir \u015fekilde katmanlan\u0131r. <a href=\"https:\/\/www.purejewels.com\/tr\/product-category\/22ct-gold-jewellery\/gold-chains\/\">Zincirler<\/a> modern, y\u0131\u011f\u0131lm\u0131\u015f bir yaka olu\u015fturmak i\u00e7in. G\u00fcnl\u00fck stil ve f\u0131rsat giyimi i\u00e7in e\u015fit derecede uygun olan bu par\u00e7a, g\u00fcnd\u00fcz randevular\u0131ndan ak\u015fam toplant\u0131lar\u0131na kolayca ta\u015f\u0131nan \u00e7ok y\u00f6nl\u00fc bir par\u00e7ad\u0131r.<\/p>","protected":false},"excerpt":{"rendered":"<table class=\"sh_desc\">\n<tbody>\n<tr>\n<td>Zincir Tipi<\/td>\n<td>Spiga Zincir<\/td>\n<\/tr>\n<tr>\n<td>SKU<\/td>\n<td>45470, 45907<\/td>\n<\/tr>\n<tr>\n<td>A\u011f\u0131rl\u0131k<\/td>\n<td>7.1 gram<\/td>\n<\/tr>\n<tr>\n<td>Metal<\/td>\n<td>22 Ayar Alt\u0131n<\/td>\n<\/tr>\n<tr>\n<td>Kal\u0131nl\u0131k<\/td>\n<td>1.2mm<\/td>\n<\/tr>\n<tr>\n<td>Uzunluk<\/td>\n<td>20 in\u00e7<\/td>\n<\/tr>\n<tr>\n<td>Hallmark<\/td>\n<td>Londra Tahlil Ofisi Taraf\u0131ndan Damgalanm\u0131\u015f 22 Ayar Alt\u0131n<\/td>\n<\/tr>\n<tr>\n<td>\u00dccretler<\/td>\n<td>Teslimat ve KDV Dahil<\/td>\n<\/tr>\n<tr>\n<td>Paketleme<\/td>\n<td>Sunum Kutusu ile Birlikte Gelir<\/td>\n<\/tr>\n<tr>\n<td>Daha Fazla Bilgi<\/td>\n<td>M\u00fcsaitlik durumu ve daha fazla resim i\u00e7in bizimle canl\u0131 sohbet edin<\/td>\n<\/tr>\n<\/tbody>\n<\/table>","protected":false},"featured_media":327527,"comment_status":"closed","ping_status":"closed","template":"","meta":{"_eb_attr":"","_crsspst_to_jayantr4sg-hostcom":true},"product_brand":[],"product_cat":[1791,1559,6164,1571,1475,1229,1572,5266,1574,5349],"product_tag":[3990,63],"class_list":{"0":"post-333673","1":"product","2":"type-product","3":"status-publish","4":"has-post-thumbnail","6":"product_cat-anniversary-gifts","7":"product_cat-birthday-gifts","8":"product_cat-chain-gents","9":"product_cat-fathers-day-gifts","10":"product_cat-gold-chains","11":"product_cat-22ct-gold-jewellery","12":"product_cat-mens-jewellery","13":"product_cat-spiga-chain","14":"product_cat-womens-jewellery","15":"product_cat-yellow-gold-jewellery","16":"product_tag-22-carat-gold-chain","17":"product_tag-gold","19":"first","20":"onbackorder","21":"taxable","22":"shipping-taxable","23":"purchasable","24":"product-type-simple","25":"add-to-wishlist-before_image"},"yoast_head":"<!-- This site is optimized with the Yoast SEO plugin v27.5 - https:\/\/yoast.com\/product\/yoast-seo-wordpress\/ -->\n<title>Spiga Chain Necklace | Gold Chain | PureJewels UK<\/title>\n<meta name=\"description\" content=\"Buy 22 carat Yellow Gold Spiga Chain Necklace - 1.1mm Thick - 17 Inch Long. Buy Gold Chain Online today. Free delivery across UK.\" \/>\n<meta name=\"robots\" content=\"index, follow, max-snippet:-1, max-image-preview:large, max-video-preview:-1\" \/>\n<link rel=\"canonical\" href=\"https:\/\/www.purejewels.com\/tr\/urun\/22-ayar-altindan-spiga-zincir-20-inc-45470\/\" \/>\n<meta property=\"og:locale\" content=\"tr_TR\" \/>\n<meta property=\"og:type\" content=\"article\" \/>\n<meta property=\"og:title\" content=\"Spiga Chain Necklace | Gold Chain | PureJewels UK\" \/>\n<meta property=\"og:description\" content=\"Buy 22 carat Yellow Gold Spiga Chain Necklace - 1.1mm Thick - 17 Inch Long. Buy Gold Chain Online today. Free delivery across UK.\" \/>\n<meta property=\"og:url\" content=\"https:\/\/www.purejewels.com\/tr\/urun\/22-ayar-altindan-spiga-zincir-20-inc-45470\/\" \/>\n<meta property=\"og:site_name\" content=\"PureJewels UK\" \/>\n<meta property=\"article:modified_time\" content=\"2026-05-11T09:24:18+00:00\" \/>\n<meta property=\"og:image\" content=\"https:\/\/static.purejewels.com\/wp-content\/uploads\/2020\/02\/31814-1.jpg\" \/>\n\t<meta property=\"og:image:width\" content=\"1000\" \/>\n\t<meta property=\"og:image:height\" content=\"1000\" \/>\n\t<meta property=\"og:image:type\" content=\"image\/jpeg\" \/>\n<meta name=\"twitter:card\" content=\"summary_large_image\" \/>\n<meta name=\"twitter:label1\" content=\"Tahmini okuma s\u00fcresi\" \/>\n\t<meta name=\"twitter:data1\" content=\"2 dakika\" \/>\n<script type=\"application\/ld+json\" class=\"yoast-schema-graph\">{\"@context\":\"https:\\\/\\\/schema.org\",\"@graph\":[{\"@type\":[\"WebPage\",\"ItemPage\"],\"@id\":\"https:\\\/\\\/www.purejewels.com\\\/product\\\/spiga-chain-in-22ct-gold-20-inches-45470\\\/\",\"url\":\"https:\\\/\\\/www.purejewels.com\\\/product\\\/spiga-chain-in-22ct-gold-20-inches-45470\\\/\",\"name\":\"Spiga Chain Necklace | Gold Chain | PureJewels UK\",\"isPartOf\":{\"@id\":\"https:\\\/\\\/www.purejewels.com\\\/#website\"},\"primaryImageOfPage\":{\"@id\":\"https:\\\/\\\/www.purejewels.com\\\/product\\\/spiga-chain-in-22ct-gold-20-inches-45470\\\/#primaryimage\"},\"image\":{\"@id\":\"https:\\\/\\\/www.purejewels.com\\\/product\\\/spiga-chain-in-22ct-gold-20-inches-45470\\\/#primaryimage\"},\"thumbnailUrl\":\"https:\\\/\\\/static.purejewels.com\\\/wp-content\\\/uploads\\\/2020\\\/02\\\/31814-1.jpg\",\"datePublished\":\"2025-05-14T02:00:05+00:00\",\"dateModified\":\"2026-05-11T09:24:18+00:00\",\"description\":\"Buy 22 carat Yellow Gold Spiga Chain Necklace - 1.1mm Thick - 17 Inch Long. Buy Gold Chain Online today. Free delivery across UK.\",\"breadcrumb\":{\"@id\":\"https:\\\/\\\/www.purejewels.com\\\/product\\\/spiga-chain-in-22ct-gold-20-inches-45470\\\/#breadcrumb\"},\"inLanguage\":\"tr\",\"potentialAction\":[{\"@type\":\"ReadAction\",\"target\":[\"https:\\\/\\\/www.purejewels.com\\\/product\\\/spiga-chain-in-22ct-gold-20-inches-45470\\\/\"]}]},{\"@type\":\"ImageObject\",\"inLanguage\":\"tr\",\"@id\":\"https:\\\/\\\/www.purejewels.com\\\/product\\\/spiga-chain-in-22ct-gold-20-inches-45470\\\/#primaryimage\",\"url\":\"https:\\\/\\\/static.purejewels.com\\\/wp-content\\\/uploads\\\/2020\\\/02\\\/31814-1.jpg\",\"contentUrl\":\"https:\\\/\\\/static.purejewels.com\\\/wp-content\\\/uploads\\\/2020\\\/02\\\/31814-1.jpg\",\"width\":1000,\"height\":1000,\"caption\":\"22ct Gold Spiga Chain 31814-1\"},{\"@type\":\"BreadcrumbList\",\"@id\":\"https:\\\/\\\/www.purejewels.com\\\/product\\\/spiga-chain-in-22ct-gold-20-inches-45470\\\/#breadcrumb\",\"itemListElement\":[{\"@type\":\"ListItem\",\"position\":1,\"name\":\"Home\",\"item\":\"https:\\\/\\\/www.purejewels.com\\\/\"},{\"@type\":\"ListItem\",\"position\":2,\"name\":\"Shop\",\"item\":\"https:\\\/\\\/www.purejewels.com\\\/shop\\\/\"},{\"@type\":\"ListItem\",\"position\":3,\"name\":\"Spiga Chain in 22ct Gold | 20 Inches\"}]},{\"@type\":\"WebSite\",\"@id\":\"https:\\\/\\\/www.purejewels.com\\\/#website\",\"url\":\"https:\\\/\\\/www.purejewels.com\\\/\",\"name\":\"PureJewels UK\",\"description\":\"Share the Love\",\"publisher\":{\"@id\":\"https:\\\/\\\/www.purejewels.com\\\/#organization\"},\"potentialAction\":[{\"@type\":\"SearchAction\",\"target\":{\"@type\":\"EntryPoint\",\"urlTemplate\":\"https:\\\/\\\/www.purejewels.com\\\/?s={search_term_string}\"},\"query-input\":{\"@type\":\"PropertyValueSpecification\",\"valueRequired\":true,\"valueName\":\"search_term_string\"}}],\"inLanguage\":\"tr\"},{\"@type\":\"Organization\",\"@id\":\"https:\\\/\\\/www.purejewels.com\\\/#organization\",\"name\":\"PureJewels UK\",\"url\":\"https:\\\/\\\/www.purejewels.com\\\/\",\"logo\":{\"@type\":\"ImageObject\",\"inLanguage\":\"tr\",\"@id\":\"https:\\\/\\\/www.purejewels.com\\\/#\\\/schema\\\/logo\\\/image\\\/\",\"url\":\"https:\\\/\\\/static.purejewels.com\\\/wp-content\\\/uploads\\\/2020\\\/11\\\/Logo-PJ-New-1.png\",\"contentUrl\":\"https:\\\/\\\/static.purejewels.com\\\/wp-content\\\/uploads\\\/2020\\\/11\\\/Logo-PJ-New-1.png\",\"width\":150,\"height\":80,\"caption\":\"PureJewels UK\"},\"image\":{\"@id\":\"https:\\\/\\\/www.purejewels.com\\\/#\\\/schema\\\/logo\\\/image\\\/\"}}]}<\/script>\n<!-- \/ Yoast SEO plugin. -->","yoast_head_json":{"title":"Spiga Zincir Kolye | Alt\u0131n Zincir | PureJewels UK","description":"22 Ayar Sar\u0131 Alt\u0131n Spiga Zincir Kolye - 1.1mm Kal\u0131n - 17 \u0130n\u00e7 Uzun sat\u0131n al\u0131n. Bug\u00fcn Alt\u0131n Zincir Online Sat\u0131n Al\u0131n. \u0130ngiltere genelinde \u00fccretsiz teslimat.","robots":{"index":"index","follow":"follow","max-snippet":"max-snippet:-1","max-image-preview":"max-image-preview:large","max-video-preview":"max-video-preview:-1"},"canonical":"https:\/\/www.purejewels.com\/tr\/urun\/22-ayar-altindan-spiga-zincir-20-inc-45470\/","og_locale":"tr_TR","og_type":"article","og_title":"Spiga Chain Necklace | Gold Chain | PureJewels UK","og_description":"Buy 22 carat Yellow Gold Spiga Chain Necklace - 1.1mm Thick - 17 Inch Long. Buy Gold Chain Online today. Free delivery across UK.","og_url":"https:\/\/www.purejewels.com\/tr\/urun\/22-ayar-altindan-spiga-zincir-20-inc-45470\/","og_site_name":"PureJewels UK","article_modified_time":"2026-05-11T09:24:18+00:00","og_image":[{"width":1000,"height":1000,"url":"https:\/\/static.purejewels.com\/wp-content\/uploads\/2020\/02\/31814-1.jpg","type":"image\/jpeg"}],"twitter_card":"summary_large_image","twitter_misc":{"Tahmini okuma s\u00fcresi":"2 dakika"},"schema":{"@context":"https:\/\/schema.org","@graph":[{"@type":["WebPage","ItemPage"],"@id":"https:\/\/www.purejewels.com\/product\/spiga-chain-in-22ct-gold-20-inches-45470\/","url":"https:\/\/www.purejewels.com\/product\/spiga-chain-in-22ct-gold-20-inches-45470\/","name":"Spiga Zincir Kolye | Alt\u0131n Zincir | PureJewels UK","isPartOf":{"@id":"https:\/\/www.purejewels.com\/#website"},"primaryImageOfPage":{"@id":"https:\/\/www.purejewels.com\/product\/spiga-chain-in-22ct-gold-20-inches-45470\/#primaryimage"},"image":{"@id":"https:\/\/www.purejewels.com\/product\/spiga-chain-in-22ct-gold-20-inches-45470\/#primaryimage"},"thumbnailUrl":"https:\/\/static.purejewels.com\/wp-content\/uploads\/2020\/02\/31814-1.jpg","datePublished":"2025-05-14T02:00:05+00:00","dateModified":"2026-05-11T09:24:18+00:00","description":"22 Ayar Sar\u0131 Alt\u0131n Spiga Zincir Kolye - 1.1mm Kal\u0131n - 17 \u0130n\u00e7 Uzun sat\u0131n al\u0131n. Bug\u00fcn Alt\u0131n Zincir Online Sat\u0131n Al\u0131n. \u0130ngiltere genelinde \u00fccretsiz teslimat.","breadcrumb":{"@id":"https:\/\/www.purejewels.com\/product\/spiga-chain-in-22ct-gold-20-inches-45470\/#breadcrumb"},"inLanguage":"tr","potentialAction":[{"@type":"ReadAction","target":["https:\/\/www.purejewels.com\/product\/spiga-chain-in-22ct-gold-20-inches-45470\/"]}]},{"@type":"ImageObject","inLanguage":"tr","@id":"https:\/\/www.purejewels.com\/product\/spiga-chain-in-22ct-gold-20-inches-45470\/#primaryimage","url":"https:\/\/static.purejewels.com\/wp-content\/uploads\/2020\/02\/31814-1.jpg","contentUrl":"https:\/\/static.purejewels.com\/wp-content\/uploads\/2020\/02\/31814-1.jpg","width":1000,"height":1000,"caption":"22ct Gold Spiga Chain 31814-1"},{"@type":"BreadcrumbList","@id":"https:\/\/www.purejewels.com\/product\/spiga-chain-in-22ct-gold-20-inches-45470\/#breadcrumb","itemListElement":[{"@type":"ListItem","position":1,"name":"Home","item":"https:\/\/www.purejewels.com\/"},{"@type":"ListItem","position":2,"name":"Shop","item":"https:\/\/www.purejewels.com\/shop\/"},{"@type":"ListItem","position":3,"name":"Spiga Chain in 22ct Gold | 20 Inches"}]},{"@type":"WebSite","@id":"https:\/\/www.purejewels.com\/#website","url":"https:\/\/www.purejewels.com\/","name":"PureJewels \u0130ngiltere","description":"Sevgiyi Payla\u015f\u0131n","publisher":{"@id":"https:\/\/www.purejewels.com\/#organization"},"potentialAction":[{"@type":"SearchAction","target":{"@type":"EntryPoint","urlTemplate":"https:\/\/www.purejewels.com\/?s={search_term_string}"},"query-input":{"@type":"PropertyValueSpecification","valueRequired":true,"valueName":"search_term_string"}}],"inLanguage":"tr"},{"@type":"Organization","@id":"https:\/\/www.purejewels.com\/#organization","name":"PureJewels \u0130ngiltere","url":"https:\/\/www.purejewels.com\/","logo":{"@type":"ImageObject","inLanguage":"tr","@id":"https:\/\/www.purejewels.com\/#\/schema\/logo\/image\/","url":"https:\/\/static.purejewels.com\/wp-content\/uploads\/2020\/11\/Logo-PJ-New-1.png","contentUrl":"https:\/\/static.purejewels.com\/wp-content\/uploads\/2020\/11\/Logo-PJ-New-1.png","width":150,"height":80,"caption":"PureJewels UK"},"image":{"@id":"https:\/\/www.purejewels.com\/#\/schema\/logo\/image\/"}}]}},"_links":{"self":[{"href":"https:\/\/www.purejewels.com\/tr\/wp-json\/wp\/v2\/product\/333673","targetHints":{"allow":["GET"]}}],"collection":[{"href":"https:\/\/www.purejewels.com\/tr\/wp-json\/wp\/v2\/product"}],"about":[{"href":"https:\/\/www.purejewels.com\/tr\/wp-json\/wp\/v2\/types\/product"}],"replies":[{"embeddable":true,"href":"https:\/\/www.purejewels.com\/tr\/wp-json\/wp\/v2\/comments?post=333673"}],"version-history":[{"count":5,"href":"https:\/\/www.purejewels.com\/tr\/wp-json\/wp\/v2\/product\/333673\/revisions"}],"predecessor-version":[{"id":429620,"href":"https:\/\/www.purejewels.com\/tr\/wp-json\/wp\/v2\/product\/333673\/revisions\/429620"}],"wp:featuredmedia":[{"embeddable":true,"href":"https:\/\/www.purejewels.com\/tr\/wp-json\/wp\/v2\/media\/327527"}],"wp:attachment":[{"href":"https:\/\/www.purejewels.com\/tr\/wp-json\/wp\/v2\/media?parent=333673"}],"wp:term":[{"taxonomy":"product_brand","embeddable":true,"href":"https:\/\/www.purejewels.com\/tr\/wp-json\/wp\/v2\/product_brand?post=333673"},{"taxonomy":"product_cat","embeddable":true,"href":"https:\/\/www.purejewels.com\/tr\/wp-json\/wp\/v2\/product_cat?post=333673"},{"taxonomy":"product_tag","embeddable":true,"href":"https:\/\/www.purejewels.com\/tr\/wp-json\/wp\/v2\/product_tag?post=333673"}],"curies":[{"name":"wp","href":"https:\/\/api.w.org\/{rel}","templated":true}]}}