{"id":333675,"date":"2022-01-31T03:03:47","date_gmt":"2022-01-31T03:03:47","guid":{"rendered":"https:\/\/www.purejewels.com\/?post_type=product&#038;p=333675"},"modified":"2025-08-26T06:37:30","modified_gmt":"2025-08-26T05:37:30","slug":"22-ayar-altin-spiga-zincir-41721","status":"publish","type":"product","link":"https:\/\/www.purejewels.com\/tr\/product\/22ct-gold-spiga-chain-41721\/","title":{"rendered":"22 Ayar Alt\u0131n | Spiga Zincir | 16 \u0130n\u00e7 | 1mm Kal\u0131nl\u0131k"},"content":{"rendered":"<p>Spiga alt\u0131n zincir, sekiz rakam\u0131 \u015feklindeki halkalardan olu\u015fur ve daha sonra birbirinin i\u00e7ine ge\u00e7er. Deseni bu\u011fday sap\u0131n\u0131n ba\u015f\u0131n\u0131 and\u0131rd\u0131\u011f\u0131 i\u00e7in bazen bu\u011fday zinciri olarak da adland\u0131r\u0131l\u0131r. Sekiz \u015feklindeki baklalar b\u00fck\u00fclm\u00fc\u015f ve d\u00fczle\u015ftirilmi\u015ftir, bu da g\u00fcnl\u00fck kullan\u0131m\u0131 rahat hale getirir.<\/p>\n<p>\u015ea\u015f\u0131rt\u0131c\u0131 olmayan bir \u015fekilde, bu alt\u0131n zincir erkekler ve kad\u0131nlar i\u00e7in hediye etmek i\u00e7in m\u00fckemmeldir. T\u00fcm alt\u0131n zincirlerimiz, dola\u015fmamalar\u0131 ve esnek olmalar\u0131 g\u00f6z \u00f6n\u00fcnde bulundurularak \u00fcretilmi\u015ftir. P\u00fcr\u00fczs\u00fcz bir \u015fekilde birbirine ba\u011flanmas\u0131, sorunsuz bir takma deneyimi yarat\u0131r. PureJewels'te erkekler ve kad\u0131nlar i\u00e7in farkl\u0131 uzunluklarda, kal\u0131nl\u0131klarda ve tasar\u0131mlarda \u00e7e\u015fitli alt\u0131n zincirlerimiz bulunmaktad\u0131r.<\/p>","protected":false},"excerpt":{"rendered":"<table class=\"sh_desc\">\n<tbody>\n<tr>\n<td>Zincir Tipi<\/td>\n<td>Spiga Zincir<\/td>\n<\/tr>\n<tr>\n<td>SKU<\/td>\n<td>41721, 44403<\/td>\n<\/tr>\n<tr>\n<td>A\u011f\u0131rl\u0131k<\/td>\n<td>4.2 Gms<\/td>\n<\/tr>\n<tr>\n<td>Metal<\/td>\n<td>22 Ayar Alt\u0131n<\/td>\n<\/tr>\n<tr>\n<td>Kal\u0131nl\u0131k<\/td>\n<td>1 mm<\/td>\n<\/tr>\n<tr>\n<td>Uzunluk<\/td>\n<td>16 in\u00e7<\/td>\n<\/tr>\n<tr>\n<td>Hallmark<\/td>\n<td>Londra Tahlil Ofisi Taraf\u0131ndan Damgalanm\u0131\u015f 22 Ayar Alt\u0131n<\/td>\n<\/tr>\n<tr>\n<td>\u00dccretler<\/td>\n<td>Teslimat ve KDV Dahil<\/td>\n<\/tr>\n<tr>\n<td>Paketleme<\/td>\n<td>Sunum Kutusu ile Birlikte Gelir<\/td>\n<\/tr>\n<tr>\n<td>Daha Fazla Bilgi<\/td>\n<td>M\u00fcsaitlik durumu ve daha fazla resim i\u00e7in bizimle canl\u0131 sohbet edin<\/td>\n<\/tr>\n<\/tbody>\n<\/table>","protected":false},"featured_media":327527,"comment_status":"closed","ping_status":"closed","template":"","meta":{"_eb_attr":"","_crsspst_to_jayantr4sg-hostcom":true},"product_brand":[],"product_cat":[1791,1559,1475,1229,5266,1574],"product_tag":[3990,63],"class_list":{"0":"post-333675","1":"product","2":"type-product","3":"status-publish","4":"has-post-thumbnail","6":"product_cat-anniversary-gifts","7":"product_cat-birthday-gifts","8":"product_cat-gold-chains","9":"product_cat-22ct-gold-jewellery","10":"product_cat-spiga-chain","11":"product_cat-womens-jewellery","12":"product_tag-22-carat-gold-chain","13":"product_tag-gold","15":"first","16":"outofstock","17":"taxable","18":"shipping-taxable","19":"product-type-simple","20":"add-to-wishlist-before_image"},"yoast_head":"<!-- This site is optimized with the Yoast SEO plugin v27.5 - https:\/\/yoast.com\/product\/yoast-seo-wordpress\/ -->\n<title>Lightweight Gold Spiga Chain for dailywear by PureJewels<\/title>\n<meta name=\"description\" content=\"Shop 22ct Yellow Gold Spiga Chain - 1.1mm Thick - 16 Inch Long. This chain is lightweight &amp; perfect for everyday use. Order online for free UK delivery\" \/>\n<meta name=\"robots\" content=\"index, follow, max-snippet:-1, max-image-preview:large, max-video-preview:-1\" \/>\n<link rel=\"canonical\" href=\"https:\/\/www.purejewels.com\/tr\/urun\/22-ayar-altin-spiga-zincir-41721\/\" \/>\n<meta property=\"og:locale\" content=\"tr_TR\" \/>\n<meta property=\"og:type\" content=\"article\" \/>\n<meta property=\"og:title\" content=\"Lightweight Gold Spiga Chain for dailywear by PureJewels\" \/>\n<meta property=\"og:description\" content=\"Shop 22ct Yellow Gold Spiga Chain - 1.1mm Thick - 16 Inch Long. This chain is lightweight &amp; perfect for everyday use. Order online for free UK delivery\" \/>\n<meta property=\"og:url\" content=\"https:\/\/www.purejewels.com\/tr\/urun\/22-ayar-altin-spiga-zincir-41721\/\" \/>\n<meta property=\"og:site_name\" content=\"PureJewels UK\" \/>\n<meta property=\"article:modified_time\" content=\"2025-08-26T05:37:30+00:00\" \/>\n<meta property=\"og:image\" content=\"https:\/\/www.purejewels.com\/wp-content\/uploads\/2020\/02\/31814-1.jpg\" \/>\n\t<meta property=\"og:image:width\" content=\"1000\" \/>\n\t<meta property=\"og:image:height\" content=\"1000\" \/>\n\t<meta property=\"og:image:type\" content=\"image\/jpeg\" \/>\n<meta name=\"twitter:card\" content=\"summary_large_image\" \/>\n<meta name=\"twitter:label1\" content=\"Tahmini okuma s\u00fcresi\" \/>\n\t<meta name=\"twitter:data1\" content=\"1 dakika\" \/>\n<script type=\"application\/ld+json\" class=\"yoast-schema-graph\">{\"@context\":\"https:\\\/\\\/schema.org\",\"@graph\":[{\"@type\":[\"WebPage\",\"ItemPage\"],\"@id\":\"https:\\\/\\\/www.purejewels.com\\\/product\\\/22ct-gold-spiga-chain-41721\\\/\",\"url\":\"https:\\\/\\\/www.purejewels.com\\\/product\\\/22ct-gold-spiga-chain-41721\\\/\",\"name\":\"Lightweight Gold Spiga Chain for dailywear by PureJewels\",\"isPartOf\":{\"@id\":\"https:\\\/\\\/www.purejewels.com\\\/#website\"},\"primaryImageOfPage\":{\"@id\":\"https:\\\/\\\/www.purejewels.com\\\/product\\\/22ct-gold-spiga-chain-41721\\\/#primaryimage\"},\"image\":{\"@id\":\"https:\\\/\\\/www.purejewels.com\\\/product\\\/22ct-gold-spiga-chain-41721\\\/#primaryimage\"},\"thumbnailUrl\":\"https:\\\/\\\/static.purejewels.com\\\/wp-content\\\/uploads\\\/2020\\\/02\\\/31814-1.jpg\",\"datePublished\":\"2022-01-31T03:03:47+00:00\",\"dateModified\":\"2025-08-26T05:37:30+00:00\",\"description\":\"Shop 22ct Yellow Gold Spiga Chain - 1.1mm Thick - 16 Inch Long. This chain is lightweight & perfect for everyday use. Order online for free UK delivery\",\"breadcrumb\":{\"@id\":\"https:\\\/\\\/www.purejewels.com\\\/product\\\/22ct-gold-spiga-chain-41721\\\/#breadcrumb\"},\"inLanguage\":\"tr\",\"potentialAction\":[{\"@type\":\"ReadAction\",\"target\":[\"https:\\\/\\\/www.purejewels.com\\\/product\\\/22ct-gold-spiga-chain-41721\\\/\"]}]},{\"@type\":\"ImageObject\",\"inLanguage\":\"tr\",\"@id\":\"https:\\\/\\\/www.purejewels.com\\\/product\\\/22ct-gold-spiga-chain-41721\\\/#primaryimage\",\"url\":\"https:\\\/\\\/static.purejewels.com\\\/wp-content\\\/uploads\\\/2020\\\/02\\\/31814-1.jpg\",\"contentUrl\":\"https:\\\/\\\/static.purejewels.com\\\/wp-content\\\/uploads\\\/2020\\\/02\\\/31814-1.jpg\",\"width\":1000,\"height\":1000,\"caption\":\"22ct Gold Spiga Chain 31814-1\"},{\"@type\":\"BreadcrumbList\",\"@id\":\"https:\\\/\\\/www.purejewels.com\\\/product\\\/22ct-gold-spiga-chain-41721\\\/#breadcrumb\",\"itemListElement\":[{\"@type\":\"ListItem\",\"position\":1,\"name\":\"Home\",\"item\":\"https:\\\/\\\/www.purejewels.com\\\/\"},{\"@type\":\"ListItem\",\"position\":2,\"name\":\"Shop\",\"item\":\"https:\\\/\\\/www.purejewels.com\\\/shop\\\/\"},{\"@type\":\"ListItem\",\"position\":3,\"name\":\"22ct Gold | Spiga Chain | 16 Inches | 1mm Thick\"}]},{\"@type\":\"WebSite\",\"@id\":\"https:\\\/\\\/www.purejewels.com\\\/#website\",\"url\":\"https:\\\/\\\/www.purejewels.com\\\/\",\"name\":\"PureJewels UK\",\"description\":\"Share the Love\",\"publisher\":{\"@id\":\"https:\\\/\\\/www.purejewels.com\\\/#organization\"},\"potentialAction\":[{\"@type\":\"SearchAction\",\"target\":{\"@type\":\"EntryPoint\",\"urlTemplate\":\"https:\\\/\\\/www.purejewels.com\\\/?s={search_term_string}\"},\"query-input\":{\"@type\":\"PropertyValueSpecification\",\"valueRequired\":true,\"valueName\":\"search_term_string\"}}],\"inLanguage\":\"tr\"},{\"@type\":\"Organization\",\"@id\":\"https:\\\/\\\/www.purejewels.com\\\/#organization\",\"name\":\"PureJewels UK\",\"url\":\"https:\\\/\\\/www.purejewels.com\\\/\",\"logo\":{\"@type\":\"ImageObject\",\"inLanguage\":\"tr\",\"@id\":\"https:\\\/\\\/www.purejewels.com\\\/#\\\/schema\\\/logo\\\/image\\\/\",\"url\":\"https:\\\/\\\/static.purejewels.com\\\/wp-content\\\/uploads\\\/2020\\\/11\\\/Logo-PJ-New-1.png\",\"contentUrl\":\"https:\\\/\\\/static.purejewels.com\\\/wp-content\\\/uploads\\\/2020\\\/11\\\/Logo-PJ-New-1.png\",\"width\":150,\"height\":80,\"caption\":\"PureJewels UK\"},\"image\":{\"@id\":\"https:\\\/\\\/www.purejewels.com\\\/#\\\/schema\\\/logo\\\/image\\\/\"}}]}<\/script>\n<!-- \/ Yoast SEO plugin. -->","yoast_head_json":{"title":"PureJewels'ten g\u00fcnl\u00fck giyim i\u00e7in hafif Alt\u0131n Spiga Zincir","description":"22 Ayar Sar\u0131 Alt\u0131n Spiga Zincir - 1,1 mm Kal\u0131nl\u0131\u011f\u0131nda - 16 \u0130n\u00e7 Uzunlu\u011funda al\u0131\u015fveri\u015f yap\u0131n. Bu zincir hafiftir ve g\u00fcnl\u00fck kullan\u0131m i\u00e7in m\u00fckemmeldir. \u00dccretsiz \u0130ngiltere teslimat\u0131 i\u00e7in online sipari\u015f verin","robots":{"index":"index","follow":"follow","max-snippet":"max-snippet:-1","max-image-preview":"max-image-preview:large","max-video-preview":"max-video-preview:-1"},"canonical":"https:\/\/www.purejewels.com\/tr\/urun\/22-ayar-altin-spiga-zincir-41721\/","og_locale":"tr_TR","og_type":"article","og_title":"Lightweight Gold Spiga Chain for dailywear by PureJewels","og_description":"Shop 22ct Yellow Gold Spiga Chain - 1.1mm Thick - 16 Inch Long. This chain is lightweight & perfect for everyday use. Order online for free UK delivery","og_url":"https:\/\/www.purejewels.com\/tr\/urun\/22-ayar-altin-spiga-zincir-41721\/","og_site_name":"PureJewels UK","article_modified_time":"2025-08-26T05:37:30+00:00","og_image":[{"width":1000,"height":1000,"url":"https:\/\/www.purejewels.com\/wp-content\/uploads\/2020\/02\/31814-1.jpg","type":"image\/jpeg"}],"twitter_card":"summary_large_image","twitter_misc":{"Tahmini okuma s\u00fcresi":"1 dakika"},"schema":{"@context":"https:\/\/schema.org","@graph":[{"@type":["WebPage","ItemPage"],"@id":"https:\/\/www.purejewels.com\/product\/22ct-gold-spiga-chain-41721\/","url":"https:\/\/www.purejewels.com\/product\/22ct-gold-spiga-chain-41721\/","name":"PureJewels'ten g\u00fcnl\u00fck giyim i\u00e7in hafif Alt\u0131n Spiga Zincir","isPartOf":{"@id":"https:\/\/www.purejewels.com\/#website"},"primaryImageOfPage":{"@id":"https:\/\/www.purejewels.com\/product\/22ct-gold-spiga-chain-41721\/#primaryimage"},"image":{"@id":"https:\/\/www.purejewels.com\/product\/22ct-gold-spiga-chain-41721\/#primaryimage"},"thumbnailUrl":"https:\/\/static.purejewels.com\/wp-content\/uploads\/2020\/02\/31814-1.jpg","datePublished":"2022-01-31T03:03:47+00:00","dateModified":"2025-08-26T05:37:30+00:00","description":"22 Ayar Sar\u0131 Alt\u0131n Spiga Zincir - 1,1 mm Kal\u0131nl\u0131\u011f\u0131nda - 16 \u0130n\u00e7 Uzunlu\u011funda al\u0131\u015fveri\u015f yap\u0131n. Bu zincir hafiftir ve g\u00fcnl\u00fck kullan\u0131m i\u00e7in m\u00fckemmeldir. \u00dccretsiz \u0130ngiltere teslimat\u0131 i\u00e7in online sipari\u015f verin","breadcrumb":{"@id":"https:\/\/www.purejewels.com\/product\/22ct-gold-spiga-chain-41721\/#breadcrumb"},"inLanguage":"tr","potentialAction":[{"@type":"ReadAction","target":["https:\/\/www.purejewels.com\/product\/22ct-gold-spiga-chain-41721\/"]}]},{"@type":"ImageObject","inLanguage":"tr","@id":"https:\/\/www.purejewels.com\/product\/22ct-gold-spiga-chain-41721\/#primaryimage","url":"https:\/\/static.purejewels.com\/wp-content\/uploads\/2020\/02\/31814-1.jpg","contentUrl":"https:\/\/static.purejewels.com\/wp-content\/uploads\/2020\/02\/31814-1.jpg","width":1000,"height":1000,"caption":"22ct Gold Spiga Chain 31814-1"},{"@type":"BreadcrumbList","@id":"https:\/\/www.purejewels.com\/product\/22ct-gold-spiga-chain-41721\/#breadcrumb","itemListElement":[{"@type":"ListItem","position":1,"name":"Home","item":"https:\/\/www.purejewels.com\/"},{"@type":"ListItem","position":2,"name":"Shop","item":"https:\/\/www.purejewels.com\/shop\/"},{"@type":"ListItem","position":3,"name":"22ct Gold | Spiga Chain | 16 Inches | 1mm Thick"}]},{"@type":"WebSite","@id":"https:\/\/www.purejewels.com\/#website","url":"https:\/\/www.purejewels.com\/","name":"PureJewels \u0130ngiltere","description":"Sevgiyi Payla\u015f\u0131n","publisher":{"@id":"https:\/\/www.purejewels.com\/#organization"},"potentialAction":[{"@type":"SearchAction","target":{"@type":"EntryPoint","urlTemplate":"https:\/\/www.purejewels.com\/?s={search_term_string}"},"query-input":{"@type":"PropertyValueSpecification","valueRequired":true,"valueName":"search_term_string"}}],"inLanguage":"tr"},{"@type":"Organization","@id":"https:\/\/www.purejewels.com\/#organization","name":"PureJewels \u0130ngiltere","url":"https:\/\/www.purejewels.com\/","logo":{"@type":"ImageObject","inLanguage":"tr","@id":"https:\/\/www.purejewels.com\/#\/schema\/logo\/image\/","url":"https:\/\/static.purejewels.com\/wp-content\/uploads\/2020\/11\/Logo-PJ-New-1.png","contentUrl":"https:\/\/static.purejewels.com\/wp-content\/uploads\/2020\/11\/Logo-PJ-New-1.png","width":150,"height":80,"caption":"PureJewels UK"},"image":{"@id":"https:\/\/www.purejewels.com\/#\/schema\/logo\/image\/"}}]}},"_links":{"self":[{"href":"https:\/\/www.purejewels.com\/tr\/wp-json\/wp\/v2\/product\/333675","targetHints":{"allow":["GET"]}}],"collection":[{"href":"https:\/\/www.purejewels.com\/tr\/wp-json\/wp\/v2\/product"}],"about":[{"href":"https:\/\/www.purejewels.com\/tr\/wp-json\/wp\/v2\/types\/product"}],"replies":[{"embeddable":true,"href":"https:\/\/www.purejewels.com\/tr\/wp-json\/wp\/v2\/comments?post=333675"}],"version-history":[{"count":3,"href":"https:\/\/www.purejewels.com\/tr\/wp-json\/wp\/v2\/product\/333675\/revisions"}],"predecessor-version":[{"id":375207,"href":"https:\/\/www.purejewels.com\/tr\/wp-json\/wp\/v2\/product\/333675\/revisions\/375207"}],"wp:featuredmedia":[{"embeddable":true,"href":"https:\/\/www.purejewels.com\/tr\/wp-json\/wp\/v2\/media\/327527"}],"wp:attachment":[{"href":"https:\/\/www.purejewels.com\/tr\/wp-json\/wp\/v2\/media?parent=333675"}],"wp:term":[{"taxonomy":"product_brand","embeddable":true,"href":"https:\/\/www.purejewels.com\/tr\/wp-json\/wp\/v2\/product_brand?post=333675"},{"taxonomy":"product_cat","embeddable":true,"href":"https:\/\/www.purejewels.com\/tr\/wp-json\/wp\/v2\/product_cat?post=333675"},{"taxonomy":"product_tag","embeddable":true,"href":"https:\/\/www.purejewels.com\/tr\/wp-json\/wp\/v2\/product_tag?post=333675"}],"curies":[{"name":"wp","href":"https:\/\/api.w.org\/{rel}","templated":true}]}}