{"id":333692,"date":"2022-01-31T09:34:36","date_gmt":"2022-01-31T09:34:36","guid":{"rendered":"https:\/\/www.purejewels.com\/?post_type=product&#038;p=333692"},"modified":"2026-01-06T07:29:56","modified_gmt":"2026-01-06T07:29:56","slug":"kutsal-hac-kolye-ucu","status":"publish","type":"product","link":"https:\/\/www.purejewels.com\/tr\/product\/holy-cross-pendant\/","title":{"rendered":"Kutsal Ha\u00e7 Kolye"},"content":{"rendered":"<ul>\n<li>A\u011f\u0131rl\u0131k 2,9 gms<\/li>\n<li>SKU. 41653<\/li>\n<li>\u0130nanc\u0131n ve ba\u011fl\u0131l\u0131\u011f\u0131n kutsal bir sembol\u00fc olan 22 ayar alt\u0131ndan Kutsal Ha\u00e7 Kolyemizle tan\u0131\u015f\u0131n Bu zarif kolye ucu, son derece hassas ve detaylara \u00f6zen g\u00f6sterilerek haz\u0131rlanm\u0131\u015ft\u0131r. Y\u00fcksek kaliteli 22 ayar alt\u0131ndan \u00fcretilen bu kolye, yaln\u0131zca kaliteli alt\u0131n\u0131n sa\u011flayabilece\u011fi zamans\u0131z g\u00fczelli\u011fi ve parlakl\u0131\u011f\u0131 sergiliyor. Zarif tasar\u0131m\u0131nda Hristiyanl\u0131\u011f\u0131n nihai sembol\u00fcn\u00fc temsil eden g\u00fczel i\u015flenmi\u015f bir ha\u00e7 bulunur. G\u00fcnl\u00fck olarak veya \u00f6zel g\u00fcnlerde tak\u0131labilen anlaml\u0131 bir aksesuard\u0131r ve dindar bireyler i\u00e7in de\u011ferli bir par\u00e7ad\u0131r.\n<p>Ha\u00e7\u0131n karma\u015f\u0131k detaylar\u0131, yarat\u0131l\u0131\u015f\u0131na harcanan i\u015f\u00e7ili\u011fi ve \u00f6zveriyi yans\u0131tmaktad\u0131r. P\u00fcr\u00fczs\u00fcz ve cilal\u0131 y\u00fczey sofistike bir dokunu\u015f katar ve \u0131\u015f\u0131\u011f\u0131 yakalayarak g\u00f6z kama\u015ft\u0131r\u0131c\u0131 bir g\u00f6r\u00fcnt\u00fc olu\u015fturur.<\/p>\n<p>\u0130ster ki\u015fisel bir inan\u00e7 simgesi ister sevdi\u011finiz biri i\u00e7in bir hediye ar\u0131yor olun, 22 ayar alt\u0131ndan Kutsal Ha\u00e7 Kolyemiz zamans\u0131z bir se\u00e7imdir. Ha\u00e7 ile ili\u015fkilendirilen sayg\u0131 ve ba\u011fl\u0131l\u0131\u011f\u0131 somutla\u015ft\u0131rarak onu \u00f6m\u00fcr boyu de\u011ferli ve anlaml\u0131 bir aksesuar haline getirir.<\/p>\n<p>Manevi \u00f6nemi olan bir par\u00e7aya yat\u0131r\u0131m yap\u0131n ve 22 ayar alt\u0131ndan Kutsal Ha\u00e7 Kolyemizle inanc\u0131n g\u00fczelli\u011fini kucaklay\u0131n. B\u0131rak\u0131n varl\u0131\u011f\u0131, inanc\u0131n kal\u0131c\u0131 g\u00fcc\u00fcn\u00fcn s\u00fcrekli bir hat\u0131rlat\u0131c\u0131s\u0131 olarak hizmet etsin.<\/li>\n<\/ul>","protected":false},"excerpt":{"rendered":"<ul>\n<li>22 Ayar Alt\u0131n Kutsal Ha\u00e7 Kolye<\/li>\n<li>CZ Ta\u015fl\u0131 \u00c7ivili<\/li>\n<li>A\u011f\u0131rl\u0131k 2,9 gms<\/li>\n<li>SKU. 41653<\/li>\n<li>Zincir dahil de\u011fildir<\/li>\n<li>Londra Tahlil Ofisi Taraf\u0131ndan Damgalanm\u0131\u015f 22 Ayar Alt\u0131n<\/li>\n<li>Resimde g\u00f6sterilen Zincir bir\u00a0<strong>Spiga Zincir<\/strong><\/li>\n<li>Sunum Kutusu ile Birlikte Gelir<\/li>\n<li>Teslimat Dahil<\/li>\n<li>T\u00fcm fiyatlara KDV dahildir<\/li>\n<li>Stok durumu ve stokta bulunan benzer tasar\u0131mlar\u0131n daha fazla g\u00f6r\u00fcnt\u00fcs\u00fc i\u00e7in bizimle canl\u0131 sohbet edin<\/li>\n<\/ul>","protected":false},"featured_media":333693,"comment_status":"closed","ping_status":"closed","template":"","meta":{"_eb_attr":"","_crsspst_to_jayantr4sg-hostcom":true},"product_brand":[],"product_cat":[1794,5603,1255,1572,1768,1701,1574,5349],"product_tag":[],"class_list":{"0":"post-333692","1":"product","2":"type-product","3":"status-publish","4":"has-post-thumbnail","6":"product_cat-christmas-gifts","7":"product_cat-cross-pendants","8":"product_cat-gold-pendants","9":"product_cat-mens-jewellery","10":"product_cat-mens-pendants","11":"product_cat-religious-pendants","12":"product_cat-womens-jewellery","13":"product_cat-yellow-gold-jewellery","15":"first","16":"outofstock","17":"sale","18":"taxable","19":"shipping-taxable","20":"product-type-simple","21":"add-to-wishlist-before_image"},"yoast_head":"<!-- This site is optimized with the Yoast SEO plugin v27.5 - https:\/\/yoast.com\/product\/yoast-seo-wordpress\/ -->\n<title>Holy Cross Pendant in Real Gold | PureJewels UK<\/title>\n<meta name=\"description\" content=\"Introducing our Holy Cross Pendant, a symbol of faith &amp; devotion. Made from 22ct gold, it showcases the radiance that only fine gold can provide\" \/>\n<meta name=\"robots\" content=\"index, follow, max-snippet:-1, max-image-preview:large, max-video-preview:-1\" \/>\n<link rel=\"canonical\" href=\"https:\/\/www.purejewels.com\/tr\/urun\/kutsal-hac-kolye-ucu\/\" \/>\n<meta property=\"og:locale\" content=\"tr_TR\" \/>\n<meta property=\"og:type\" content=\"article\" \/>\n<meta property=\"og:title\" content=\"Holy Cross Pendant in Real Gold | PureJewels UK\" \/>\n<meta property=\"og:description\" content=\"Introducing our Holy Cross Pendant, a symbol of faith &amp; devotion. Made from 22ct gold, it showcases the radiance that only fine gold can provide\" \/>\n<meta property=\"og:url\" content=\"https:\/\/www.purejewels.com\/tr\/urun\/kutsal-hac-kolye-ucu\/\" \/>\n<meta property=\"og:site_name\" content=\"PureJewels UK\" \/>\n<meta property=\"article:modified_time\" content=\"2026-01-06T07:29:56+00:00\" \/>\n<meta property=\"og:image\" content=\"https:\/\/www.purejewels.com\/wp-content\/uploads\/2022\/01\/41653-41654-2.jpg\" \/>\n\t<meta property=\"og:image:width\" content=\"1000\" \/>\n\t<meta property=\"og:image:height\" content=\"1000\" \/>\n\t<meta property=\"og:image:type\" content=\"image\/jpeg\" \/>\n<meta name=\"twitter:card\" content=\"summary_large_image\" \/>\n<meta name=\"twitter:label1\" content=\"Tahmini okuma s\u00fcresi\" \/>\n\t<meta name=\"twitter:data1\" content=\"1 dakika\" \/>\n<script type=\"application\/ld+json\" class=\"yoast-schema-graph\">{\"@context\":\"https:\\\/\\\/schema.org\",\"@graph\":[{\"@type\":[\"WebPage\",\"ItemPage\"],\"@id\":\"https:\\\/\\\/www.purejewels.com\\\/product\\\/holy-cross-pendant\\\/\",\"url\":\"https:\\\/\\\/www.purejewels.com\\\/product\\\/holy-cross-pendant\\\/\",\"name\":\"Holy Cross Pendant in Real Gold | PureJewels UK\",\"isPartOf\":{\"@id\":\"https:\\\/\\\/www.purejewels.com\\\/#website\"},\"primaryImageOfPage\":{\"@id\":\"https:\\\/\\\/www.purejewels.com\\\/product\\\/holy-cross-pendant\\\/#primaryimage\"},\"image\":{\"@id\":\"https:\\\/\\\/www.purejewels.com\\\/product\\\/holy-cross-pendant\\\/#primaryimage\"},\"thumbnailUrl\":\"https:\\\/\\\/static.purejewels.com\\\/wp-content\\\/uploads\\\/2022\\\/01\\\/41653-41654-2.jpg\",\"datePublished\":\"2022-01-31T09:34:36+00:00\",\"dateModified\":\"2026-01-06T07:29:56+00:00\",\"description\":\"Introducing our Holy Cross Pendant, a symbol of faith & devotion. Made from 22ct gold, it showcases the radiance that only fine gold can provide\",\"breadcrumb\":{\"@id\":\"https:\\\/\\\/www.purejewels.com\\\/product\\\/holy-cross-pendant\\\/#breadcrumb\"},\"inLanguage\":\"tr\",\"potentialAction\":[{\"@type\":\"ReadAction\",\"target\":[\"https:\\\/\\\/www.purejewels.com\\\/product\\\/holy-cross-pendant\\\/\"]}]},{\"@type\":\"ImageObject\",\"inLanguage\":\"tr\",\"@id\":\"https:\\\/\\\/www.purejewels.com\\\/product\\\/holy-cross-pendant\\\/#primaryimage\",\"url\":\"https:\\\/\\\/static.purejewels.com\\\/wp-content\\\/uploads\\\/2022\\\/01\\\/41653-41654-2.jpg\",\"contentUrl\":\"https:\\\/\\\/static.purejewels.com\\\/wp-content\\\/uploads\\\/2022\\\/01\\\/41653-41654-2.jpg\",\"width\":1000,\"height\":1000,\"caption\":\"Holy Cross Pendant 41653-41654-2\"},{\"@type\":\"BreadcrumbList\",\"@id\":\"https:\\\/\\\/www.purejewels.com\\\/product\\\/holy-cross-pendant\\\/#breadcrumb\",\"itemListElement\":[{\"@type\":\"ListItem\",\"position\":1,\"name\":\"Home\",\"item\":\"https:\\\/\\\/www.purejewels.com\\\/\"},{\"@type\":\"ListItem\",\"position\":2,\"name\":\"Shop\",\"item\":\"https:\\\/\\\/www.purejewels.com\\\/shop\\\/\"},{\"@type\":\"ListItem\",\"position\":3,\"name\":\"Holy Cross Pendant\"}]},{\"@type\":\"WebSite\",\"@id\":\"https:\\\/\\\/www.purejewels.com\\\/#website\",\"url\":\"https:\\\/\\\/www.purejewels.com\\\/\",\"name\":\"PureJewels UK\",\"description\":\"Share the Love\",\"publisher\":{\"@id\":\"https:\\\/\\\/www.purejewels.com\\\/#organization\"},\"potentialAction\":[{\"@type\":\"SearchAction\",\"target\":{\"@type\":\"EntryPoint\",\"urlTemplate\":\"https:\\\/\\\/www.purejewels.com\\\/?s={search_term_string}\"},\"query-input\":{\"@type\":\"PropertyValueSpecification\",\"valueRequired\":true,\"valueName\":\"search_term_string\"}}],\"inLanguage\":\"tr\"},{\"@type\":\"Organization\",\"@id\":\"https:\\\/\\\/www.purejewels.com\\\/#organization\",\"name\":\"PureJewels UK\",\"url\":\"https:\\\/\\\/www.purejewels.com\\\/\",\"logo\":{\"@type\":\"ImageObject\",\"inLanguage\":\"tr\",\"@id\":\"https:\\\/\\\/www.purejewels.com\\\/#\\\/schema\\\/logo\\\/image\\\/\",\"url\":\"https:\\\/\\\/static.purejewels.com\\\/wp-content\\\/uploads\\\/2020\\\/11\\\/Logo-PJ-New-1.png\",\"contentUrl\":\"https:\\\/\\\/static.purejewels.com\\\/wp-content\\\/uploads\\\/2020\\\/11\\\/Logo-PJ-New-1.png\",\"width\":150,\"height\":80,\"caption\":\"PureJewels UK\"},\"image\":{\"@id\":\"https:\\\/\\\/www.purejewels.com\\\/#\\\/schema\\\/logo\\\/image\\\/\"}}]}<\/script>\n<!-- \/ Yoast SEO plugin. -->","yoast_head_json":{"title":"Ger\u00e7ek Alt\u0131ndan Kutsal Ha\u00e7 Kolye Ucu | PureJewels UK","description":"Kar\u015f\u0131n\u0131zda inan\u00e7 ve ba\u011fl\u0131l\u0131\u011f\u0131n sembol\u00fc olan Kutsal Ha\u00e7 Kolyemiz. 22 ayar alt\u0131ndan \u00fcretilen bu kolye, yaln\u0131zca kaliteli alt\u0131n\u0131n sa\u011flayabilece\u011fi \u0131\u015f\u0131lt\u0131y\u0131 sergiliyor","robots":{"index":"index","follow":"follow","max-snippet":"max-snippet:-1","max-image-preview":"max-image-preview:large","max-video-preview":"max-video-preview:-1"},"canonical":"https:\/\/www.purejewels.com\/tr\/urun\/kutsal-hac-kolye-ucu\/","og_locale":"tr_TR","og_type":"article","og_title":"Holy Cross Pendant in Real Gold | PureJewels UK","og_description":"Introducing our Holy Cross Pendant, a symbol of faith & devotion. Made from 22ct gold, it showcases the radiance that only fine gold can provide","og_url":"https:\/\/www.purejewels.com\/tr\/urun\/kutsal-hac-kolye-ucu\/","og_site_name":"PureJewels UK","article_modified_time":"2026-01-06T07:29:56+00:00","og_image":[{"width":1000,"height":1000,"url":"https:\/\/www.purejewels.com\/wp-content\/uploads\/2022\/01\/41653-41654-2.jpg","type":"image\/jpeg"}],"twitter_card":"summary_large_image","twitter_misc":{"Tahmini okuma s\u00fcresi":"1 dakika"},"schema":{"@context":"https:\/\/schema.org","@graph":[{"@type":["WebPage","ItemPage"],"@id":"https:\/\/www.purejewels.com\/product\/holy-cross-pendant\/","url":"https:\/\/www.purejewels.com\/product\/holy-cross-pendant\/","name":"Ger\u00e7ek Alt\u0131ndan Kutsal Ha\u00e7 Kolye Ucu | PureJewels UK","isPartOf":{"@id":"https:\/\/www.purejewels.com\/#website"},"primaryImageOfPage":{"@id":"https:\/\/www.purejewels.com\/product\/holy-cross-pendant\/#primaryimage"},"image":{"@id":"https:\/\/www.purejewels.com\/product\/holy-cross-pendant\/#primaryimage"},"thumbnailUrl":"https:\/\/static.purejewels.com\/wp-content\/uploads\/2022\/01\/41653-41654-2.jpg","datePublished":"2022-01-31T09:34:36+00:00","dateModified":"2026-01-06T07:29:56+00:00","description":"Kar\u015f\u0131n\u0131zda inan\u00e7 ve ba\u011fl\u0131l\u0131\u011f\u0131n sembol\u00fc olan Kutsal Ha\u00e7 Kolyemiz. 22 ayar alt\u0131ndan \u00fcretilen bu kolye, yaln\u0131zca kaliteli alt\u0131n\u0131n sa\u011flayabilece\u011fi \u0131\u015f\u0131lt\u0131y\u0131 sergiliyor","breadcrumb":{"@id":"https:\/\/www.purejewels.com\/product\/holy-cross-pendant\/#breadcrumb"},"inLanguage":"tr","potentialAction":[{"@type":"ReadAction","target":["https:\/\/www.purejewels.com\/product\/holy-cross-pendant\/"]}]},{"@type":"ImageObject","inLanguage":"tr","@id":"https:\/\/www.purejewels.com\/product\/holy-cross-pendant\/#primaryimage","url":"https:\/\/static.purejewels.com\/wp-content\/uploads\/2022\/01\/41653-41654-2.jpg","contentUrl":"https:\/\/static.purejewels.com\/wp-content\/uploads\/2022\/01\/41653-41654-2.jpg","width":1000,"height":1000,"caption":"Holy Cross Pendant 41653-41654-2"},{"@type":"BreadcrumbList","@id":"https:\/\/www.purejewels.com\/product\/holy-cross-pendant\/#breadcrumb","itemListElement":[{"@type":"ListItem","position":1,"name":"Home","item":"https:\/\/www.purejewels.com\/"},{"@type":"ListItem","position":2,"name":"Shop","item":"https:\/\/www.purejewels.com\/shop\/"},{"@type":"ListItem","position":3,"name":"Holy Cross Pendant"}]},{"@type":"WebSite","@id":"https:\/\/www.purejewels.com\/#website","url":"https:\/\/www.purejewels.com\/","name":"PureJewels \u0130ngiltere","description":"Sevgiyi Payla\u015f\u0131n","publisher":{"@id":"https:\/\/www.purejewels.com\/#organization"},"potentialAction":[{"@type":"SearchAction","target":{"@type":"EntryPoint","urlTemplate":"https:\/\/www.purejewels.com\/?s={search_term_string}"},"query-input":{"@type":"PropertyValueSpecification","valueRequired":true,"valueName":"search_term_string"}}],"inLanguage":"tr"},{"@type":"Organization","@id":"https:\/\/www.purejewels.com\/#organization","name":"PureJewels \u0130ngiltere","url":"https:\/\/www.purejewels.com\/","logo":{"@type":"ImageObject","inLanguage":"tr","@id":"https:\/\/www.purejewels.com\/#\/schema\/logo\/image\/","url":"https:\/\/static.purejewels.com\/wp-content\/uploads\/2020\/11\/Logo-PJ-New-1.png","contentUrl":"https:\/\/static.purejewels.com\/wp-content\/uploads\/2020\/11\/Logo-PJ-New-1.png","width":150,"height":80,"caption":"PureJewels UK"},"image":{"@id":"https:\/\/www.purejewels.com\/#\/schema\/logo\/image\/"}}]}},"_links":{"self":[{"href":"https:\/\/www.purejewels.com\/tr\/wp-json\/wp\/v2\/product\/333692","targetHints":{"allow":["GET"]}}],"collection":[{"href":"https:\/\/www.purejewels.com\/tr\/wp-json\/wp\/v2\/product"}],"about":[{"href":"https:\/\/www.purejewels.com\/tr\/wp-json\/wp\/v2\/types\/product"}],"replies":[{"embeddable":true,"href":"https:\/\/www.purejewels.com\/tr\/wp-json\/wp\/v2\/comments?post=333692"}],"version-history":[{"count":1,"href":"https:\/\/www.purejewels.com\/tr\/wp-json\/wp\/v2\/product\/333692\/revisions"}],"predecessor-version":[{"id":387122,"href":"https:\/\/www.purejewels.com\/tr\/wp-json\/wp\/v2\/product\/333692\/revisions\/387122"}],"wp:featuredmedia":[{"embeddable":true,"href":"https:\/\/www.purejewels.com\/tr\/wp-json\/wp\/v2\/media\/333693"}],"wp:attachment":[{"href":"https:\/\/www.purejewels.com\/tr\/wp-json\/wp\/v2\/media?parent=333692"}],"wp:term":[{"taxonomy":"product_brand","embeddable":true,"href":"https:\/\/www.purejewels.com\/tr\/wp-json\/wp\/v2\/product_brand?post=333692"},{"taxonomy":"product_cat","embeddable":true,"href":"https:\/\/www.purejewels.com\/tr\/wp-json\/wp\/v2\/product_cat?post=333692"},{"taxonomy":"product_tag","embeddable":true,"href":"https:\/\/www.purejewels.com\/tr\/wp-json\/wp\/v2\/product_tag?post=333692"}],"curies":[{"name":"wp","href":"https:\/\/api.w.org\/{rel}","templated":true}]}}