{"id":333701,"date":"2024-11-17T10:07:34","date_gmt":"2024-11-17T10:07:34","guid":{"rendered":"https:\/\/www.purejewels.com\/?post_type=product&#038;p=333701"},"modified":"2026-01-06T07:29:56","modified_gmt":"2026-01-06T07:29:56","slug":"altin-hac-kolye-ucu","status":"publish","type":"product","link":"https:\/\/www.purejewels.com\/tr\/product\/gold-cross-pendant\/","title":{"rendered":"Ger\u00e7ek Alt\u0131n Ha\u00e7 Kolye"},"content":{"rendered":"<p>Kar\u015f\u0131n\u0131zda, en kaliteli malzemelerle haz\u0131rlanm\u0131\u015f, inan\u00e7 ve ba\u011fl\u0131l\u0131\u011f\u0131n sembol\u00fc olan \u00e7arp\u0131c\u0131 24 Ayar Alt\u0131n Kutsal Ha\u00e7 Kolyemiz. Bu dini ha\u00e7 kolye, hem erkekler hem de kad\u0131nlar i\u00e7in uygun zamans\u0131z bir par\u00e7ad\u0131r ve her durum i\u00e7in m\u00fckemmel bir hediyedir.<\/p>\n<p>2,54 cm uzunlu\u011funda ve 1,3 cm geni\u015fli\u011finde olan bu unisex kolye ucu 2,3 gram a\u011f\u0131rl\u0131\u011f\u0131ndad\u0131r ve saklamak i\u00e7in g\u00fczel bir sunum kutusuyla birlikte gelir. L\u00fctfen zincirin dahil olmad\u0131\u011f\u0131n\u0131, ancak web sitemizden sat\u0131n alabilece\u011finiz uygun bir zincir bulabilece\u011finizi unutmay\u0131n.<\/p>\n<p>\u0130ster anlaml\u0131 bir Babalar G\u00fcn\u00fc hediyesi ister \u00f6zel bir Noel hediyesi ar\u0131yor olun, bu alt\u0131n ha\u00e7 kolye ucu d\u00fc\u015f\u00fcnceli bir se\u00e7imdir.<\/p>\n<p>Bu zarif dini m\u00fccevher par\u00e7as\u0131n\u0131 ka\u00e7\u0131rmay\u0131n. Hemen sipari\u015f verin ve koleksiyonunuza \u015f\u0131k bir dokunu\u015f kat\u0131n. Daha fazla bilgi almak veya daha h\u0131zl\u0131 teslimat talep etmek i\u00e7in canl\u0131 sohbet arac\u0131l\u0131\u011f\u0131yla bizimle ileti\u015fime ge\u00e7mekten \u00e7ekinmeyin.<\/p>","protected":false},"excerpt":{"rendered":"<table style=\"border-collapse: collapse; width: 100%; height: 196px;\">\n<tbody>\n<tr style=\"height: 28px;\">\n<td style=\"width: 50%; height: 28px;\">Kolye Tipi<\/td>\n<td style=\"width: 50%; height: 28px;\">Din Ha\u00e7 Kolye<\/td>\n<\/tr>\n<tr style=\"height: 28px;\">\n<td style=\"width: 50%; height: 28px;\">SKU<\/td>\n<td style=\"width: 50%; height: 28px;\">50537<\/td>\n<\/tr>\n<tr style=\"height: 28px;\">\n<td style=\"width: 50%; height: 28px;\">A\u011f\u0131rl\u0131k<\/td>\n<td style=\"width: 50%; height: 28px;\">2,3 gms<\/td>\n<\/tr>\n<tr style=\"height: 28px;\">\n<td style=\"width: 50%; height: 28px;\">Boyut<\/td>\n<td style=\"width: 50%; height: 28px;\">\u00d6l\u00e7me <strong>2,54 cm uzunlu\u011funda<\/strong> ve <strong>1,3 cm geni\u015fli\u011finde<\/strong>.<\/td>\n<\/tr>\n<tr style=\"height: 28px;\">\n<td style=\"width: 50%; height: 28px;\">Cinsiyet<\/td>\n<td style=\"width: 50%; height: 28px;\">Unisex<\/td>\n<\/tr>\n<tr style=\"height: 28px;\">\n<td style=\"width: 50%; height: 28px;\">\u00dccretler<\/td>\n<td style=\"width: 50%; height: 28px;\">Teslimat ve KDV Dahil<\/td>\n<\/tr>\n<tr style=\"height: 28px;\">\n<td style=\"width: 50%; height: 28px;\">Paketleme<\/td>\n<td style=\"width: 50%; height: 28px;\">Sunum Kutusu ile Birlikte Gelir<\/td>\n<\/tr>\n<tr>\n<td style=\"width: 50%;\">Daha Fazla Bilgi<\/td>\n<td style=\"width: 50%;\">\n<ul>\n<li>Zincir dahil de\u011fildir<\/li>\n<li>E\u015fle\u015fen zincir i\u00e7in buraya t\u0131klay\u0131n<\/li>\n<li>M\u00fcsaitlik durumu ve daha fazla resim i\u00e7in bizimle canl\u0131 sohbet edin<\/li>\n<\/ul>\n<\/td>\n<\/tr>\n<\/tbody>\n<\/table>\n<p>&nbsp;<\/p>","protected":false},"featured_media":380759,"comment_status":"closed","ping_status":"closed","template":"","meta":{"_eb_attr":"","_crsspst_to_jayantr4sg-hostcom":true},"product_brand":[],"product_cat":[1794,5603,1571,1255,1572,1768,1701,1574],"product_tag":[],"class_list":{"0":"post-333701","1":"product","2":"type-product","3":"status-publish","4":"has-post-thumbnail","6":"product_cat-christmas-gifts","7":"product_cat-cross-pendants","8":"product_cat-fathers-day-gifts","9":"product_cat-gold-pendants","10":"product_cat-mens-jewellery","11":"product_cat-mens-pendants","12":"product_cat-religious-pendants","13":"product_cat-womens-jewellery","15":"first","16":"outofstock","17":"taxable","18":"shipping-taxable","19":"product-type-simple","20":"add-to-wishlist-before_image"},"yoast_head":"<!-- This site is optimized with the Yoast SEO plugin v27.5 - https:\/\/yoast.com\/product\/yoast-seo-wordpress\/ -->\n<title>Holy Cross Pendant | 24ct Gold | PureJewels UK<\/title>\n<meta name=\"description\" content=\"Discover the Holy Cross Pendant in 24ct gold at PureJewels UK. Perfect for women and men, this timeless design blends faith and style. Shop online now!\" \/>\n<meta name=\"robots\" content=\"index, follow, max-snippet:-1, max-image-preview:large, max-video-preview:-1\" \/>\n<link rel=\"canonical\" href=\"https:\/\/www.purejewels.com\/tr\/urun\/altin-hac-kolye-ucu\/\" \/>\n<meta property=\"og:locale\" content=\"tr_TR\" \/>\n<meta property=\"og:type\" content=\"article\" \/>\n<meta property=\"og:title\" content=\"Holy Cross Pendant | 24ct Gold | PureJewels UK\" \/>\n<meta property=\"og:description\" content=\"Discover the Holy Cross Pendant in 24ct gold at PureJewels UK. Perfect for women and men, this timeless design blends faith and style. Shop online now!\" \/>\n<meta property=\"og:url\" content=\"https:\/\/www.purejewels.com\/tr\/urun\/altin-hac-kolye-ucu\/\" \/>\n<meta property=\"og:site_name\" content=\"PureJewels UK\" \/>\n<meta property=\"article:modified_time\" content=\"2026-01-06T07:29:56+00:00\" \/>\n<meta property=\"og:image\" content=\"https:\/\/www.purejewels.com\/wp-content\/uploads\/2024\/12\/50537-edited.png\" \/>\n\t<meta property=\"og:image:width\" content=\"1000\" \/>\n\t<meta property=\"og:image:height\" content=\"1000\" \/>\n\t<meta property=\"og:image:type\" content=\"image\/png\" \/>\n<meta name=\"twitter:card\" content=\"summary_large_image\" \/>\n<meta name=\"twitter:label1\" content=\"Tahmini okuma s\u00fcresi\" \/>\n\t<meta name=\"twitter:data1\" content=\"1 dakika\" \/>\n<script type=\"application\/ld+json\" class=\"yoast-schema-graph\">{\"@context\":\"https:\\\/\\\/schema.org\",\"@graph\":[{\"@type\":[\"WebPage\",\"ItemPage\"],\"@id\":\"https:\\\/\\\/www.purejewels.com\\\/product\\\/gold-cross-pendant\\\/\",\"url\":\"https:\\\/\\\/www.purejewels.com\\\/product\\\/gold-cross-pendant\\\/\",\"name\":\"Holy Cross Pendant | 24ct Gold | PureJewels UK\",\"isPartOf\":{\"@id\":\"https:\\\/\\\/www.purejewels.com\\\/#website\"},\"primaryImageOfPage\":{\"@id\":\"https:\\\/\\\/www.purejewels.com\\\/product\\\/gold-cross-pendant\\\/#primaryimage\"},\"image\":{\"@id\":\"https:\\\/\\\/www.purejewels.com\\\/product\\\/gold-cross-pendant\\\/#primaryimage\"},\"thumbnailUrl\":\"https:\\\/\\\/static.purejewels.com\\\/wp-content\\\/uploads\\\/2024\\\/12\\\/50537-edited.png\",\"datePublished\":\"2024-11-17T10:07:34+00:00\",\"dateModified\":\"2026-01-06T07:29:56+00:00\",\"description\":\"Discover the Holy Cross Pendant in 24ct gold at PureJewels UK. Perfect for women and men, this timeless design blends faith and style. Shop online now!\",\"breadcrumb\":{\"@id\":\"https:\\\/\\\/www.purejewels.com\\\/product\\\/gold-cross-pendant\\\/#breadcrumb\"},\"inLanguage\":\"tr\",\"potentialAction\":[{\"@type\":\"ReadAction\",\"target\":[\"https:\\\/\\\/www.purejewels.com\\\/product\\\/gold-cross-pendant\\\/\"]}]},{\"@type\":\"ImageObject\",\"inLanguage\":\"tr\",\"@id\":\"https:\\\/\\\/www.purejewels.com\\\/product\\\/gold-cross-pendant\\\/#primaryimage\",\"url\":\"https:\\\/\\\/static.purejewels.com\\\/wp-content\\\/uploads\\\/2024\\\/12\\\/50537-edited.png\",\"contentUrl\":\"https:\\\/\\\/static.purejewels.com\\\/wp-content\\\/uploads\\\/2024\\\/12\\\/50537-edited.png\",\"width\":1000,\"height\":1000},{\"@type\":\"BreadcrumbList\",\"@id\":\"https:\\\/\\\/www.purejewels.com\\\/product\\\/gold-cross-pendant\\\/#breadcrumb\",\"itemListElement\":[{\"@type\":\"ListItem\",\"position\":1,\"name\":\"Home\",\"item\":\"https:\\\/\\\/www.purejewels.com\\\/\"},{\"@type\":\"ListItem\",\"position\":2,\"name\":\"Shop\",\"item\":\"https:\\\/\\\/www.purejewels.com\\\/shop\\\/\"},{\"@type\":\"ListItem\",\"position\":3,\"name\":\"Real Gold Cross Pendant\"}]},{\"@type\":\"WebSite\",\"@id\":\"https:\\\/\\\/www.purejewels.com\\\/#website\",\"url\":\"https:\\\/\\\/www.purejewels.com\\\/\",\"name\":\"PureJewels UK\",\"description\":\"Share the Love\",\"publisher\":{\"@id\":\"https:\\\/\\\/www.purejewels.com\\\/#organization\"},\"potentialAction\":[{\"@type\":\"SearchAction\",\"target\":{\"@type\":\"EntryPoint\",\"urlTemplate\":\"https:\\\/\\\/www.purejewels.com\\\/?s={search_term_string}\"},\"query-input\":{\"@type\":\"PropertyValueSpecification\",\"valueRequired\":true,\"valueName\":\"search_term_string\"}}],\"inLanguage\":\"tr\"},{\"@type\":\"Organization\",\"@id\":\"https:\\\/\\\/www.purejewels.com\\\/#organization\",\"name\":\"PureJewels UK\",\"url\":\"https:\\\/\\\/www.purejewels.com\\\/\",\"logo\":{\"@type\":\"ImageObject\",\"inLanguage\":\"tr\",\"@id\":\"https:\\\/\\\/www.purejewels.com\\\/#\\\/schema\\\/logo\\\/image\\\/\",\"url\":\"https:\\\/\\\/static.purejewels.com\\\/wp-content\\\/uploads\\\/2020\\\/11\\\/Logo-PJ-New-1.png\",\"contentUrl\":\"https:\\\/\\\/static.purejewels.com\\\/wp-content\\\/uploads\\\/2020\\\/11\\\/Logo-PJ-New-1.png\",\"width\":150,\"height\":80,\"caption\":\"PureJewels UK\"},\"image\":{\"@id\":\"https:\\\/\\\/www.purejewels.com\\\/#\\\/schema\\\/logo\\\/image\\\/\"}}]}<\/script>\n<!-- \/ Yoast SEO plugin. -->","yoast_head_json":{"title":"Kutsal Ha\u00e7 Kolye Ucu | 24 Ayar Alt\u0131n | PureJewels UK","description":"PureJewels UK'de 24 ayar alt\u0131ndan Kutsal Ha\u00e7 Kolyesini ke\u015ffedin. Kad\u0131nlar ve erkekler i\u00e7in m\u00fckemmel olan bu zamans\u0131z tasar\u0131m, inan\u00e7 ve stili harmanl\u0131yor. \u015eimdi online al\u0131\u015fveri\u015f yap\u0131n!","robots":{"index":"index","follow":"follow","max-snippet":"max-snippet:-1","max-image-preview":"max-image-preview:large","max-video-preview":"max-video-preview:-1"},"canonical":"https:\/\/www.purejewels.com\/tr\/urun\/altin-hac-kolye-ucu\/","og_locale":"tr_TR","og_type":"article","og_title":"Holy Cross Pendant | 24ct Gold | PureJewels UK","og_description":"Discover the Holy Cross Pendant in 24ct gold at PureJewels UK. Perfect for women and men, this timeless design blends faith and style. Shop online now!","og_url":"https:\/\/www.purejewels.com\/tr\/urun\/altin-hac-kolye-ucu\/","og_site_name":"PureJewels UK","article_modified_time":"2026-01-06T07:29:56+00:00","og_image":[{"width":1000,"height":1000,"url":"https:\/\/www.purejewels.com\/wp-content\/uploads\/2024\/12\/50537-edited.png","type":"image\/png"}],"twitter_card":"summary_large_image","twitter_misc":{"Tahmini okuma s\u00fcresi":"1 dakika"},"schema":{"@context":"https:\/\/schema.org","@graph":[{"@type":["WebPage","ItemPage"],"@id":"https:\/\/www.purejewels.com\/product\/gold-cross-pendant\/","url":"https:\/\/www.purejewels.com\/product\/gold-cross-pendant\/","name":"Kutsal Ha\u00e7 Kolye Ucu | 24 Ayar Alt\u0131n | PureJewels UK","isPartOf":{"@id":"https:\/\/www.purejewels.com\/#website"},"primaryImageOfPage":{"@id":"https:\/\/www.purejewels.com\/product\/gold-cross-pendant\/#primaryimage"},"image":{"@id":"https:\/\/www.purejewels.com\/product\/gold-cross-pendant\/#primaryimage"},"thumbnailUrl":"https:\/\/static.purejewels.com\/wp-content\/uploads\/2024\/12\/50537-edited.png","datePublished":"2024-11-17T10:07:34+00:00","dateModified":"2026-01-06T07:29:56+00:00","description":"PureJewels UK'de 24 ayar alt\u0131ndan Kutsal Ha\u00e7 Kolyesini ke\u015ffedin. Kad\u0131nlar ve erkekler i\u00e7in m\u00fckemmel olan bu zamans\u0131z tasar\u0131m, inan\u00e7 ve stili harmanl\u0131yor. \u015eimdi online al\u0131\u015fveri\u015f yap\u0131n!","breadcrumb":{"@id":"https:\/\/www.purejewels.com\/product\/gold-cross-pendant\/#breadcrumb"},"inLanguage":"tr","potentialAction":[{"@type":"ReadAction","target":["https:\/\/www.purejewels.com\/product\/gold-cross-pendant\/"]}]},{"@type":"ImageObject","inLanguage":"tr","@id":"https:\/\/www.purejewels.com\/product\/gold-cross-pendant\/#primaryimage","url":"https:\/\/static.purejewels.com\/wp-content\/uploads\/2024\/12\/50537-edited.png","contentUrl":"https:\/\/static.purejewels.com\/wp-content\/uploads\/2024\/12\/50537-edited.png","width":1000,"height":1000},{"@type":"BreadcrumbList","@id":"https:\/\/www.purejewels.com\/product\/gold-cross-pendant\/#breadcrumb","itemListElement":[{"@type":"ListItem","position":1,"name":"Home","item":"https:\/\/www.purejewels.com\/"},{"@type":"ListItem","position":2,"name":"Shop","item":"https:\/\/www.purejewels.com\/shop\/"},{"@type":"ListItem","position":3,"name":"Real Gold Cross Pendant"}]},{"@type":"WebSite","@id":"https:\/\/www.purejewels.com\/#website","url":"https:\/\/www.purejewels.com\/","name":"PureJewels \u0130ngiltere","description":"Sevgiyi Payla\u015f\u0131n","publisher":{"@id":"https:\/\/www.purejewels.com\/#organization"},"potentialAction":[{"@type":"SearchAction","target":{"@type":"EntryPoint","urlTemplate":"https:\/\/www.purejewels.com\/?s={search_term_string}"},"query-input":{"@type":"PropertyValueSpecification","valueRequired":true,"valueName":"search_term_string"}}],"inLanguage":"tr"},{"@type":"Organization","@id":"https:\/\/www.purejewels.com\/#organization","name":"PureJewels \u0130ngiltere","url":"https:\/\/www.purejewels.com\/","logo":{"@type":"ImageObject","inLanguage":"tr","@id":"https:\/\/www.purejewels.com\/#\/schema\/logo\/image\/","url":"https:\/\/static.purejewels.com\/wp-content\/uploads\/2020\/11\/Logo-PJ-New-1.png","contentUrl":"https:\/\/static.purejewels.com\/wp-content\/uploads\/2020\/11\/Logo-PJ-New-1.png","width":150,"height":80,"caption":"PureJewels UK"},"image":{"@id":"https:\/\/www.purejewels.com\/#\/schema\/logo\/image\/"}}]}},"_links":{"self":[{"href":"https:\/\/www.purejewels.com\/tr\/wp-json\/wp\/v2\/product\/333701","targetHints":{"allow":["GET"]}}],"collection":[{"href":"https:\/\/www.purejewels.com\/tr\/wp-json\/wp\/v2\/product"}],"about":[{"href":"https:\/\/www.purejewels.com\/tr\/wp-json\/wp\/v2\/types\/product"}],"replies":[{"embeddable":true,"href":"https:\/\/www.purejewels.com\/tr\/wp-json\/wp\/v2\/comments?post=333701"}],"version-history":[{"count":4,"href":"https:\/\/www.purejewels.com\/tr\/wp-json\/wp\/v2\/product\/333701\/revisions"}],"predecessor-version":[{"id":420748,"href":"https:\/\/www.purejewels.com\/tr\/wp-json\/wp\/v2\/product\/333701\/revisions\/420748"}],"wp:featuredmedia":[{"embeddable":true,"href":"https:\/\/www.purejewels.com\/tr\/wp-json\/wp\/v2\/media\/380759"}],"wp:attachment":[{"href":"https:\/\/www.purejewels.com\/tr\/wp-json\/wp\/v2\/media?parent=333701"}],"wp:term":[{"taxonomy":"product_brand","embeddable":true,"href":"https:\/\/www.purejewels.com\/tr\/wp-json\/wp\/v2\/product_brand?post=333701"},{"taxonomy":"product_cat","embeddable":true,"href":"https:\/\/www.purejewels.com\/tr\/wp-json\/wp\/v2\/product_cat?post=333701"},{"taxonomy":"product_tag","embeddable":true,"href":"https:\/\/www.purejewels.com\/tr\/wp-json\/wp\/v2\/product_tag?post=333701"}],"curies":[{"name":"wp","href":"https:\/\/api.w.org\/{rel}","templated":true}]}}