{"id":333775,"date":"2022-02-02T10:09:09","date_gmt":"2022-02-02T10:09:09","guid":{"rendered":"https:\/\/www.purejewels.com\/?post_type=product&#038;p=333775"},"modified":"2024-11-13T13:07:21","modified_gmt":"2024-11-13T13:07:21","slug":"22-ayar-altin-kolye-bas-harfi-a-41209","status":"publish","type":"product","link":"https:\/\/www.purejewels.com\/tr\/product\/22-carat-gold-pendant-initial-a-41209\/","title":{"rendered":"22 Ayar Alt\u0131n Kolye Ba\u015f Harfi A"},"content":{"rendered":"<p>\u015e\u0131kl\u0131\u011f\u0131m\u0131z ve ki\u015fisel yeteneklerimizle b\u00fcy\u00fcleyin <a href=\"https:\/\/www.purejewels.com\/tr\/product\/22ct-gold-jali-filigree-ring-jali-collection-31926\/\">22ct<\/a> Alt\u0131n Alfabe A Kolye, \u0131\u015f\u0131lt\u0131l\u0131 bir CZ ta\u015fla s\u00fcslenmi\u015ftir. Detaylara titizlikle \u00f6zen g\u00f6sterilerek haz\u0131rlanan bu kolye ucu, sofistike ve bireysel bir g\u00f6r\u00fcn\u00fcm sergiliyor. Parlak 22 ayar alt\u0131n \"A\" harfini g\u00fczel bir \u015fekilde \u00e7er\u00e7evelerken, g\u00f6z kama\u015ft\u0131r\u0131c\u0131 CZ ta\u015f\u0131 ihti\u015fam ve parlakl\u0131k kat\u0131yor.<\/p>\n<p>\u0130ster tek ba\u015f\u0131na ister di\u011fer favorilerinizle birlikte tak\u0131n, bu kolye ucu her m\u00fccevher koleksiyonu i\u00e7in \u00e7ok y\u00f6nl\u00fc bir eklentidir. Benzersiz ki\u015fili\u011finizi ve zevkinizi yans\u0131tan zamans\u0131z bir s\u00fcsleme olan 22 Ayar Alt\u0131n Alfabe A Kolyemiz ile tarz\u0131n\u0131z\u0131 ki\u015fiselle\u015ftirin ve cesur bir ifade yarat\u0131n.<\/p>","protected":false},"excerpt":{"rendered":"<ul>\n<li>CZ ta\u015fl\u0131 Alt\u0131n Alfabe Kolye<\/li>\n<li>Ba\u015flang\u0131\u00e7 A<\/li>\n<li>T\u00fcm durumlar i\u00e7in m\u00fckemmel bir hediye<\/li>\n<li>T\u00fcm Alfabeler ma\u011fazada mevcuttur<\/li>\n<li>A\u011f\u0131rl\u0131k 0,8 gms<\/li>\n<li>Sku 42284<\/li>\n<li>Zincir dahil de\u011fildir<\/li>\n<li>Resimde g\u00f6sterilen zincir bir <strong>Tilki Kuyru\u011fu Zinciri<\/strong><\/li>\n<li>T\u00fcm \u00fcr\u00fcnlerimiz London Assay Office taraf\u0131ndan damgalanm\u0131\u015ft\u0131r<\/li>\n<li>Sunum Kutusu ile Birlikte Gelir<\/li>\n<li>Teslimat Dahil<\/li>\n<li>T\u00fcm fiyatlara KDV dahildir<\/li>\n<li>T\u00fcm Y\u0131lba\u015f\u0131 M\u00fccevher Hediyelerini g\u00f6rmek i\u00e7in bizimle ileti\u015fime ge\u00e7in\/canl\u0131 sohbet edin<\/li>\n<\/ul>","protected":false},"featured_media":333777,"comment_status":"closed","ping_status":"closed","template":"","meta":{"_eb_attr":"","_crsspst_to_jayantr4sg-hostcom":false},"product_brand":[],"product_cat":[1794,1255,1769,1767,1570,1569],"product_tag":[],"class_list":{"0":"post-333775","1":"product","2":"type-product","3":"status-publish","4":"has-post-thumbnail","6":"product_cat-christmas-gifts","7":"product_cat-gold-pendants","8":"product_cat-kids-pendants","9":"product_cat-ladies-pendants","10":"product_cat-mothers-day-gifts","11":"product_cat-valentine-day-gifts","13":"first","14":"outofstock","15":"taxable","16":"shipping-taxable","17":"product-type-simple","18":"add-to-wishlist-before_image"},"yoast_head":"<!-- This site is optimized with the Yoast SEO plugin v27.3 - https:\/\/yoast.com\/product\/yoast-seo-wordpress\/ -->\n<title>Initial A Pendant | Gold Initial Pendant | PureJewels UK<\/title>\n<meta name=\"description\" content=\"Check out our unique range of Initial Pendants. Wear your favourite letter through your piece of Initial Pendant with a Chain.\" \/>\n<meta name=\"robots\" content=\"index, follow, max-snippet:-1, max-image-preview:large, max-video-preview:-1\" \/>\n<link rel=\"canonical\" href=\"https:\/\/www.purejewels.com\/tr\/urun\/22-ayar-altin-kolye-bas-harfi-a-41209\/\" \/>\n<meta property=\"og:locale\" content=\"tr_TR\" \/>\n<meta property=\"og:type\" content=\"article\" \/>\n<meta property=\"og:title\" content=\"Initial A Pendant | Gold Initial Pendant | PureJewels UK\" \/>\n<meta property=\"og:description\" content=\"Check out our unique range of Initial Pendants. Wear your favourite letter through your piece of Initial Pendant with a Chain.\" \/>\n<meta property=\"og:url\" content=\"https:\/\/www.purejewels.com\/tr\/urun\/22-ayar-altin-kolye-bas-harfi-a-41209\/\" \/>\n<meta property=\"og:site_name\" content=\"PureJewels UK\" \/>\n<meta property=\"article:modified_time\" content=\"2024-11-13T13:07:21+00:00\" \/>\n<meta property=\"og:image\" content=\"https:\/\/www.purejewels.com\/wp-content\/uploads\/2022\/02\/41209-32046-1.jpg\" \/>\n\t<meta property=\"og:image:width\" content=\"1000\" \/>\n\t<meta property=\"og:image:height\" content=\"1000\" \/>\n\t<meta property=\"og:image:type\" content=\"image\/jpeg\" \/>\n<meta name=\"twitter:card\" content=\"summary_large_image\" \/>\n<script type=\"application\/ld+json\" class=\"yoast-schema-graph\">{\"@context\":\"https:\\\/\\\/schema.org\",\"@graph\":[{\"@type\":[\"WebPage\",\"ItemPage\"],\"@id\":\"https:\\\/\\\/www.purejewels.com\\\/product\\\/22-carat-gold-pendant-initial-a-41209\\\/\",\"url\":\"https:\\\/\\\/www.purejewels.com\\\/product\\\/22-carat-gold-pendant-initial-a-41209\\\/\",\"name\":\"Initial A Pendant | Gold Initial Pendant | PureJewels UK\",\"isPartOf\":{\"@id\":\"https:\\\/\\\/www.purejewels.com\\\/#website\"},\"primaryImageOfPage\":{\"@id\":\"https:\\\/\\\/www.purejewels.com\\\/product\\\/22-carat-gold-pendant-initial-a-41209\\\/#primaryimage\"},\"image\":{\"@id\":\"https:\\\/\\\/www.purejewels.com\\\/product\\\/22-carat-gold-pendant-initial-a-41209\\\/#primaryimage\"},\"thumbnailUrl\":\"https:\\\/\\\/static.purejewels.com\\\/wp-content\\\/uploads\\\/2022\\\/02\\\/41209-32046-1.jpg\",\"datePublished\":\"2022-02-02T10:09:09+00:00\",\"dateModified\":\"2024-11-13T13:07:21+00:00\",\"description\":\"Check out our unique range of Initial Pendants. Wear your favourite letter through your piece of Initial Pendant with a Chain.\",\"breadcrumb\":{\"@id\":\"https:\\\/\\\/www.purejewels.com\\\/product\\\/22-carat-gold-pendant-initial-a-41209\\\/#breadcrumb\"},\"inLanguage\":\"tr\",\"potentialAction\":[{\"@type\":\"ReadAction\",\"target\":[\"https:\\\/\\\/www.purejewels.com\\\/product\\\/22-carat-gold-pendant-initial-a-41209\\\/\"]}]},{\"@type\":\"ImageObject\",\"inLanguage\":\"tr\",\"@id\":\"https:\\\/\\\/www.purejewels.com\\\/product\\\/22-carat-gold-pendant-initial-a-41209\\\/#primaryimage\",\"url\":\"https:\\\/\\\/static.purejewels.com\\\/wp-content\\\/uploads\\\/2022\\\/02\\\/41209-32046-1.jpg\",\"contentUrl\":\"https:\\\/\\\/static.purejewels.com\\\/wp-content\\\/uploads\\\/2022\\\/02\\\/41209-32046-1.jpg\",\"width\":1000,\"height\":1000,\"caption\":\"Initial Pendant 41209-32046-1\"},{\"@type\":\"BreadcrumbList\",\"@id\":\"https:\\\/\\\/www.purejewels.com\\\/product\\\/22-carat-gold-pendant-initial-a-41209\\\/#breadcrumb\",\"itemListElement\":[{\"@type\":\"ListItem\",\"position\":1,\"name\":\"Home\",\"item\":\"https:\\\/\\\/www.purejewels.com\\\/\"},{\"@type\":\"ListItem\",\"position\":2,\"name\":\"Shop\",\"item\":\"https:\\\/\\\/www.purejewels.com\\\/shop\\\/\"},{\"@type\":\"ListItem\",\"position\":3,\"name\":\"22 Carat Gold Pendant Initial A\"}]},{\"@type\":\"WebSite\",\"@id\":\"https:\\\/\\\/www.purejewels.com\\\/#website\",\"url\":\"https:\\\/\\\/www.purejewels.com\\\/\",\"name\":\"PureJewels UK\",\"description\":\"Share the Love\",\"publisher\":{\"@id\":\"https:\\\/\\\/www.purejewels.com\\\/#organization\"},\"potentialAction\":[{\"@type\":\"SearchAction\",\"target\":{\"@type\":\"EntryPoint\",\"urlTemplate\":\"https:\\\/\\\/www.purejewels.com\\\/?s={search_term_string}\"},\"query-input\":{\"@type\":\"PropertyValueSpecification\",\"valueRequired\":true,\"valueName\":\"search_term_string\"}}],\"inLanguage\":\"tr\"},{\"@type\":\"Organization\",\"@id\":\"https:\\\/\\\/www.purejewels.com\\\/#organization\",\"name\":\"PureJewels UK\",\"url\":\"https:\\\/\\\/www.purejewels.com\\\/\",\"logo\":{\"@type\":\"ImageObject\",\"inLanguage\":\"tr\",\"@id\":\"https:\\\/\\\/www.purejewels.com\\\/#\\\/schema\\\/logo\\\/image\\\/\",\"url\":\"https:\\\/\\\/static.purejewels.com\\\/wp-content\\\/uploads\\\/2020\\\/11\\\/Logo-PJ-New-1.png\",\"contentUrl\":\"https:\\\/\\\/static.purejewels.com\\\/wp-content\\\/uploads\\\/2020\\\/11\\\/Logo-PJ-New-1.png\",\"width\":150,\"height\":80,\"caption\":\"PureJewels UK\"},\"image\":{\"@id\":\"https:\\\/\\\/www.purejewels.com\\\/#\\\/schema\\\/logo\\\/image\\\/\"}}]}<\/script>\n<!-- \/ Yoast SEO plugin. -->","yoast_head_json":{"title":"A Ba\u015f Harfi Kolye Ucu | Alt\u0131n Ba\u015f Harfi Kolye Ucu | PureJewels UK","description":"E\u015fsiz Ba\u015f Harf Kolye \u00e7e\u015fitlerimize g\u00f6z at\u0131n. En sevdi\u011finiz harfi Zincirli Ba\u015f Harf Kolye Par\u00e7an\u0131zla tak\u0131n.","robots":{"index":"index","follow":"follow","max-snippet":"max-snippet:-1","max-image-preview":"max-image-preview:large","max-video-preview":"max-video-preview:-1"},"canonical":"https:\/\/www.purejewels.com\/tr\/urun\/22-ayar-altin-kolye-bas-harfi-a-41209\/","og_locale":"tr_TR","og_type":"article","og_title":"Initial A Pendant | Gold Initial Pendant | PureJewels UK","og_description":"Check out our unique range of Initial Pendants. Wear your favourite letter through your piece of Initial Pendant with a Chain.","og_url":"https:\/\/www.purejewels.com\/tr\/urun\/22-ayar-altin-kolye-bas-harfi-a-41209\/","og_site_name":"PureJewels UK","article_modified_time":"2024-11-13T13:07:21+00:00","og_image":[{"width":1000,"height":1000,"url":"https:\/\/www.purejewels.com\/wp-content\/uploads\/2022\/02\/41209-32046-1.jpg","type":"image\/jpeg"}],"twitter_card":"summary_large_image","schema":{"@context":"https:\/\/schema.org","@graph":[{"@type":["WebPage","ItemPage"],"@id":"https:\/\/www.purejewels.com\/product\/22-carat-gold-pendant-initial-a-41209\/","url":"https:\/\/www.purejewels.com\/product\/22-carat-gold-pendant-initial-a-41209\/","name":"A Ba\u015f Harfi Kolye Ucu | Alt\u0131n Ba\u015f Harfi Kolye Ucu | PureJewels UK","isPartOf":{"@id":"https:\/\/www.purejewels.com\/#website"},"primaryImageOfPage":{"@id":"https:\/\/www.purejewels.com\/product\/22-carat-gold-pendant-initial-a-41209\/#primaryimage"},"image":{"@id":"https:\/\/www.purejewels.com\/product\/22-carat-gold-pendant-initial-a-41209\/#primaryimage"},"thumbnailUrl":"https:\/\/static.purejewels.com\/wp-content\/uploads\/2022\/02\/41209-32046-1.jpg","datePublished":"2022-02-02T10:09:09+00:00","dateModified":"2024-11-13T13:07:21+00:00","description":"E\u015fsiz Ba\u015f Harf Kolye \u00e7e\u015fitlerimize g\u00f6z at\u0131n. En sevdi\u011finiz harfi Zincirli Ba\u015f Harf Kolye Par\u00e7an\u0131zla tak\u0131n.","breadcrumb":{"@id":"https:\/\/www.purejewels.com\/product\/22-carat-gold-pendant-initial-a-41209\/#breadcrumb"},"inLanguage":"tr","potentialAction":[{"@type":"ReadAction","target":["https:\/\/www.purejewels.com\/product\/22-carat-gold-pendant-initial-a-41209\/"]}]},{"@type":"ImageObject","inLanguage":"tr","@id":"https:\/\/www.purejewels.com\/product\/22-carat-gold-pendant-initial-a-41209\/#primaryimage","url":"https:\/\/static.purejewels.com\/wp-content\/uploads\/2022\/02\/41209-32046-1.jpg","contentUrl":"https:\/\/static.purejewels.com\/wp-content\/uploads\/2022\/02\/41209-32046-1.jpg","width":1000,"height":1000,"caption":"Initial Pendant 41209-32046-1"},{"@type":"BreadcrumbList","@id":"https:\/\/www.purejewels.com\/product\/22-carat-gold-pendant-initial-a-41209\/#breadcrumb","itemListElement":[{"@type":"ListItem","position":1,"name":"Home","item":"https:\/\/www.purejewels.com\/"},{"@type":"ListItem","position":2,"name":"Shop","item":"https:\/\/www.purejewels.com\/shop\/"},{"@type":"ListItem","position":3,"name":"22 Carat Gold Pendant Initial A"}]},{"@type":"WebSite","@id":"https:\/\/www.purejewels.com\/#website","url":"https:\/\/www.purejewels.com\/","name":"PureJewels \u0130ngiltere","description":"Sevgiyi Payla\u015f\u0131n","publisher":{"@id":"https:\/\/www.purejewels.com\/#organization"},"potentialAction":[{"@type":"SearchAction","target":{"@type":"EntryPoint","urlTemplate":"https:\/\/www.purejewels.com\/?s={search_term_string}"},"query-input":{"@type":"PropertyValueSpecification","valueRequired":true,"valueName":"search_term_string"}}],"inLanguage":"tr"},{"@type":"Organization","@id":"https:\/\/www.purejewels.com\/#organization","name":"PureJewels \u0130ngiltere","url":"https:\/\/www.purejewels.com\/","logo":{"@type":"ImageObject","inLanguage":"tr","@id":"https:\/\/www.purejewels.com\/#\/schema\/logo\/image\/","url":"https:\/\/static.purejewels.com\/wp-content\/uploads\/2020\/11\/Logo-PJ-New-1.png","contentUrl":"https:\/\/static.purejewels.com\/wp-content\/uploads\/2020\/11\/Logo-PJ-New-1.png","width":150,"height":80,"caption":"PureJewels UK"},"image":{"@id":"https:\/\/www.purejewels.com\/#\/schema\/logo\/image\/"}}]}},"_links":{"self":[{"href":"https:\/\/www.purejewels.com\/tr\/wp-json\/wp\/v2\/product\/333775","targetHints":{"allow":["GET"]}}],"collection":[{"href":"https:\/\/www.purejewels.com\/tr\/wp-json\/wp\/v2\/product"}],"about":[{"href":"https:\/\/www.purejewels.com\/tr\/wp-json\/wp\/v2\/types\/product"}],"replies":[{"embeddable":true,"href":"https:\/\/www.purejewels.com\/tr\/wp-json\/wp\/v2\/comments?post=333775"}],"version-history":[{"count":3,"href":"https:\/\/www.purejewels.com\/tr\/wp-json\/wp\/v2\/product\/333775\/revisions"}],"predecessor-version":[{"id":362388,"href":"https:\/\/www.purejewels.com\/tr\/wp-json\/wp\/v2\/product\/333775\/revisions\/362388"}],"wp:featuredmedia":[{"embeddable":true,"href":"https:\/\/www.purejewels.com\/tr\/wp-json\/wp\/v2\/media\/333777"}],"wp:attachment":[{"href":"https:\/\/www.purejewels.com\/tr\/wp-json\/wp\/v2\/media?parent=333775"}],"wp:term":[{"taxonomy":"product_brand","embeddable":true,"href":"https:\/\/www.purejewels.com\/tr\/wp-json\/wp\/v2\/product_brand?post=333775"},{"taxonomy":"product_cat","embeddable":true,"href":"https:\/\/www.purejewels.com\/tr\/wp-json\/wp\/v2\/product_cat?post=333775"},{"taxonomy":"product_tag","embeddable":true,"href":"https:\/\/www.purejewels.com\/tr\/wp-json\/wp\/v2\/product_tag?post=333775"}],"curies":[{"name":"wp","href":"https:\/\/api.w.org\/{rel}","templated":true}]}}