{"id":334047,"date":"2024-12-08T19:53:18","date_gmt":"2024-12-08T19:53:18","guid":{"rendered":"https:\/\/www.purejewels.com\/?post_type=product&#038;p=334047"},"modified":"2026-03-03T12:15:53","modified_gmt":"2026-03-03T12:15:53","slug":"22-ayar-geleneksel-bileklik-2-6-hafif","status":"publish","type":"product","link":"https:\/\/www.purejewels.com\/tr\/product\/22ct-traditional-bangle-2-6-lightweight\/","title":{"rendered":"22 Ayar Alt\u0131n Geleneksel Bileklik | 2,4 Beden"},"content":{"rendered":"<h3>Gelenek<\/h3>\n<p><a href=\"https:\/\/www.purejewels.com\/tr\/how-to-measure-bangle-size-2\/\">Bilezikler<\/a> Bilek s\u00fcsleri kapsam\u0131na girer ve temel olarak kullan\u0131c\u0131n\u0131n bileklerini g\u00fczel bir \u015fekilde geli\u015ftiren sert ve dairesel yap\u0131lard\u0131r. <strong>Bilezikler<\/strong> \u00e7e\u015fitli tasar\u0131m ve stillerde \u00fcretilmi\u015ftir ve her biri kendi ba\u015f\u0131na \u00f6nemli bir anlam ve geleneksel \u00f6neme sahiptir. Duruma ba\u011fl\u0131 olarak, bazen birlikte katlan\u0131rlar, bazen de ba\u011f\u0131ms\u0131z olarak her iki ele tak\u0131l\u0131rlar.<\/p>\n<h3>Tasar\u0131m<\/h3>\n<p>Bu zahmetle haz\u0131rlanm\u0131\u015f bileklik saf malzemeden oyulmu\u015ftu. <a href=\"https:\/\/www.purejewels.com\/tr\/product-category\/22ct-gold-jewellery\/\">22 kt alt\u0131n<\/a> usta karigarlar\u0131m\u0131z\u0131n ellerinden \u00e7\u0131km\u0131\u015ft\u0131r. Bu geleneksel Orissa bilekliklerinin tasar\u0131m\u0131, her iki tarafta yatay olarak uzanan narin ip yap\u0131lar\u0131yla ba\u015flar. Ayr\u0131ca, bilekli\u011fin i\u00e7 y\u00fczeyi geleneksel Hint motifleri ve geleneksel Hint cam bilekliklerine benzer unsurlarla detayland\u0131r\u0131lm\u0131\u015ft\u0131r. Bu minyat\u00fcr \u00f6\u011feler bilekli\u011fin y\u00fczeyine g\u00fczel bir \u015fekilde yay\u0131larak bilekli\u011fin minimal g\u00f6r\u00fcnmesine ra\u011fmen Hintli bir dokunu\u015fa sahip olmas\u0131n\u0131 sa\u011flar. Cildinize temas eden i\u00e7 taraf, bu muhte\u015fem bilezi\u011fi tereya\u011fl\u0131 saten bir y\u00fczey haline getirmek i\u00e7in kusursuz bir \u015fekilde parlat\u0131lm\u0131\u015ft\u0131r. <a href=\"https:\/\/www.purejewels.com\/tr\/product\/22-carat-gold-single-bangle-34207\/\">alt\u0131n bileklik<\/a> sayg\u0131de\u011fer bir e\u015fya.<\/p>\n<h3>Stil<\/h3>\n<p>Bu geleneksel <a href=\"https:\/\/www.purejewels.com\/tr\/urun-kategori%cc%87si%cc%87\/22-ayar-altin-takilar\/altin-bilezikler\/\" target=\"_blank\" rel=\"noopener\">hint alt\u0131n bilezikleri<\/a> Purejewels taraf\u0131ndan \u00fcretilen bu bilezikler son derece \u00e7ok y\u00f6nl\u00fcd\u00fcr ve durum ne olursa olsun neredeyse her g\u00fcn tak\u0131labilir. Basit kurtalar\u0131n\u0131zla ve hatta g\u00fcnl\u00fck sare'lerinizle stilize edin ya da festivaller i\u00e7in m\u00fckemmel hale getirmek i\u00e7in bir araya getirilmi\u015f di\u011fer bilekliklerin aras\u0131nda ta\u015f\u0131y\u0131n<\/p>\n<p>&nbsp;<\/p>\n<p><b>Aral\u0131k Kimli\u011fi <\/b>JLBG231<\/p>","protected":false},"excerpt":{"rendered":"<table class=\"sh_desc\">\n<tbody>\n<tr>\n<td>Bileklik T\u00fcr\u00fc<\/td>\n<td>G\u00fcnl\u00fck Giyim Bileklik<\/td>\n<\/tr>\n<tr>\n<td>SKU<\/td>\n<td>42302<\/td>\n<\/tr>\n<tr>\n<td>A\u011f\u0131rl\u0131k<\/td>\n<td>21,4 Gms<\/td>\n<\/tr>\n<tr>\n<td>Metal<\/td>\n<td>22 Ayar Alt\u0131n<\/td>\n<\/tr>\n<tr>\n<td>Bileklik \u00d6l\u00e7\u00fcs\u00fc<\/td>\n<td>2.4<\/td>\n<\/tr>\n<tr>\n<td>Hallmark<\/td>\n<td>Londra Tahlil Ofisi Taraf\u0131ndan Damgalanm\u0131\u015f 22 Ayar Alt\u0131n<\/td>\n<\/tr>\n<tr>\n<td>\u00dccretler<\/td>\n<td>Teslimat ve KDV Dahil<\/td>\n<\/tr>\n<tr>\n<td>Paketleme<\/td>\n<td>Sunum Kutusu ile Birlikte Gelir<\/td>\n<\/tr>\n<tr>\n<td>Daha Fazla Bilgi<\/td>\n<td>\n<ul>\n<li>Not: Burada belirtilen fiyat Tek Bileklik i\u00e7indir<\/li>\n<li>M\u00fcsaitlik durumu ve daha fazla resim i\u00e7in bizimle canl\u0131 sohbet edin<\/li>\n<li>Kontrol etmek i\u00e7in buraya t\u0131klay\u0131n <strong>Bileklik \u00d6l\u00e7\u00fcs\u00fc<\/strong><\/li>\n<li>Daha fazla alt\u0131n bilezik ke\u015ffedin<\/li>\n<\/ul>\n<\/td>\n<\/tr>\n<\/tbody>\n<\/table>","protected":false},"featured_media":351605,"comment_status":"closed","ping_status":"closed","template":"","meta":{"_eb_attr":"","_crsspst_to_jayantr4sg-hostcom":true},"product_brand":[],"product_cat":[1791,1659,236,1233,1229,252,1573,1574],"product_tag":[5310,5292],"class_list":{"0":"post-334047","1":"product","2":"type-product","3":"status-publish","4":"has-post-thumbnail","6":"product_cat-anniversary-gifts","7":"product_cat-bridal-and-party-wear-gold-kada-bangle","8":"product_cat-collections","9":"product_cat-gold-bangles","10":"product_cat-22ct-gold-jewellery","11":"product_cat-jali-collections","12":"product_cat-wedding-gifts","13":"product_cat-womens-jewellery","14":"product_tag-22k-gold-bangles","15":"product_tag-22k-gold-filigree-bangle","17":"first","18":"outofstock","19":"sale","20":"taxable","21":"shipping-taxable","22":"product-type-simple","23":"add-to-wishlist-before_image"},"yoast_head":"<!-- This site is optimized with the Yoast SEO plugin v27.5 - https:\/\/yoast.com\/product\/yoast-seo-wordpress\/ -->\n<title>Bangles in 22ct Gold | Shop Online | PureJewels.com<\/title>\n<meta name=\"description\" content=\"Browse our 22ct Gold Bangles collection in London | Pure Gold Bangles | Order Now | Quick Delivery | Easy Returns.\" \/>\n<meta name=\"robots\" content=\"index, follow, max-snippet:-1, max-image-preview:large, max-video-preview:-1\" \/>\n<link rel=\"canonical\" href=\"https:\/\/www.purejewels.com\/tr\/urun\/22-ayar-geleneksel-bileklik-2-6-hafif\/\" \/>\n<meta property=\"og:locale\" content=\"tr_TR\" \/>\n<meta property=\"og:type\" content=\"article\" \/>\n<meta property=\"og:title\" content=\"Bangles in 22ct Gold | Shop Online | PureJewels.com\" \/>\n<meta property=\"og:description\" content=\"Browse our 22ct Gold Bangles collection in London | Pure Gold Bangles | Order Now | Quick Delivery | Easy Returns.\" \/>\n<meta property=\"og:url\" content=\"https:\/\/www.purejewels.com\/tr\/urun\/22-ayar-geleneksel-bileklik-2-6-hafif\/\" \/>\n<meta property=\"og:site_name\" content=\"PureJewels UK\" \/>\n<meta property=\"article:modified_time\" content=\"2026-03-03T12:15:53+00:00\" \/>\n<meta property=\"og:image\" content=\"https:\/\/static.purejewels.com\/wp-content\/uploads\/2022\/02\/SKU-42302.png\" \/>\n\t<meta property=\"og:image:width\" content=\"1000\" \/>\n\t<meta property=\"og:image:height\" content=\"1000\" \/>\n\t<meta property=\"og:image:type\" content=\"image\/png\" \/>\n<meta name=\"twitter:card\" content=\"summary_large_image\" \/>\n<meta name=\"twitter:label1\" content=\"Tahmini okuma s\u00fcresi\" \/>\n\t<meta name=\"twitter:data1\" content=\"2 dakika\" \/>\n<script type=\"application\/ld+json\" class=\"yoast-schema-graph\">{\"@context\":\"https:\\\/\\\/schema.org\",\"@graph\":[{\"@type\":[\"WebPage\",\"ItemPage\"],\"@id\":\"https:\\\/\\\/www.purejewels.com\\\/product\\\/22ct-traditional-bangle-2-6-lightweight\\\/\",\"url\":\"https:\\\/\\\/www.purejewels.com\\\/product\\\/22ct-traditional-bangle-2-6-lightweight\\\/\",\"name\":\"Bangles in 22ct Gold | Shop Online | PureJewels.com\",\"isPartOf\":{\"@id\":\"https:\\\/\\\/www.purejewels.com\\\/#website\"},\"primaryImageOfPage\":{\"@id\":\"https:\\\/\\\/www.purejewels.com\\\/product\\\/22ct-traditional-bangle-2-6-lightweight\\\/#primaryimage\"},\"image\":{\"@id\":\"https:\\\/\\\/www.purejewels.com\\\/product\\\/22ct-traditional-bangle-2-6-lightweight\\\/#primaryimage\"},\"thumbnailUrl\":\"https:\\\/\\\/static.purejewels.com\\\/wp-content\\\/uploads\\\/2022\\\/02\\\/SKU-42302.png\",\"datePublished\":\"2024-12-08T19:53:18+00:00\",\"dateModified\":\"2026-03-03T12:15:53+00:00\",\"description\":\"Browse our 22ct Gold Bangles collection in London | Pure Gold Bangles | Order Now | Quick Delivery | Easy Returns.\",\"breadcrumb\":{\"@id\":\"https:\\\/\\\/www.purejewels.com\\\/product\\\/22ct-traditional-bangle-2-6-lightweight\\\/#breadcrumb\"},\"inLanguage\":\"tr\",\"potentialAction\":[{\"@type\":\"ReadAction\",\"target\":[\"https:\\\/\\\/www.purejewels.com\\\/product\\\/22ct-traditional-bangle-2-6-lightweight\\\/\"]}]},{\"@type\":\"ImageObject\",\"inLanguage\":\"tr\",\"@id\":\"https:\\\/\\\/www.purejewels.com\\\/product\\\/22ct-traditional-bangle-2-6-lightweight\\\/#primaryimage\",\"url\":\"https:\\\/\\\/static.purejewels.com\\\/wp-content\\\/uploads\\\/2022\\\/02\\\/SKU-42302.png\",\"contentUrl\":\"https:\\\/\\\/static.purejewels.com\\\/wp-content\\\/uploads\\\/2022\\\/02\\\/SKU-42302.png\",\"width\":1000,\"height\":1000,\"caption\":\"22ct Gold Traditional Bangle\"},{\"@type\":\"BreadcrumbList\",\"@id\":\"https:\\\/\\\/www.purejewels.com\\\/product\\\/22ct-traditional-bangle-2-6-lightweight\\\/#breadcrumb\",\"itemListElement\":[{\"@type\":\"ListItem\",\"position\":1,\"name\":\"Home\",\"item\":\"https:\\\/\\\/www.purejewels.com\\\/\"},{\"@type\":\"ListItem\",\"position\":2,\"name\":\"Shop\",\"item\":\"https:\\\/\\\/www.purejewels.com\\\/shop\\\/\"},{\"@type\":\"ListItem\",\"position\":3,\"name\":\"22ct Gold Traditional Bangle | Size 2.4\"}]},{\"@type\":\"WebSite\",\"@id\":\"https:\\\/\\\/www.purejewels.com\\\/#website\",\"url\":\"https:\\\/\\\/www.purejewels.com\\\/\",\"name\":\"PureJewels UK\",\"description\":\"Share the Love\",\"publisher\":{\"@id\":\"https:\\\/\\\/www.purejewels.com\\\/#organization\"},\"potentialAction\":[{\"@type\":\"SearchAction\",\"target\":{\"@type\":\"EntryPoint\",\"urlTemplate\":\"https:\\\/\\\/www.purejewels.com\\\/?s={search_term_string}\"},\"query-input\":{\"@type\":\"PropertyValueSpecification\",\"valueRequired\":true,\"valueName\":\"search_term_string\"}}],\"inLanguage\":\"tr\"},{\"@type\":\"Organization\",\"@id\":\"https:\\\/\\\/www.purejewels.com\\\/#organization\",\"name\":\"PureJewels UK\",\"url\":\"https:\\\/\\\/www.purejewels.com\\\/\",\"logo\":{\"@type\":\"ImageObject\",\"inLanguage\":\"tr\",\"@id\":\"https:\\\/\\\/www.purejewels.com\\\/#\\\/schema\\\/logo\\\/image\\\/\",\"url\":\"https:\\\/\\\/static.purejewels.com\\\/wp-content\\\/uploads\\\/2020\\\/11\\\/Logo-PJ-New-1.png\",\"contentUrl\":\"https:\\\/\\\/static.purejewels.com\\\/wp-content\\\/uploads\\\/2020\\\/11\\\/Logo-PJ-New-1.png\",\"width\":150,\"height\":80,\"caption\":\"PureJewels UK\"},\"image\":{\"@id\":\"https:\\\/\\\/www.purejewels.com\\\/#\\\/schema\\\/logo\\\/image\\\/\"}}]}<\/script>\n<!-- \/ Yoast SEO plugin. -->","yoast_head_json":{"title":"22 Ayar Alt\u0131n Bilezikler | Online Al\u0131\u015fveri\u015f | PureJewels.com","description":"Londra'daki 22 Ayar Alt\u0131n Bileklik koleksiyonumuza g\u00f6z at\u0131n | Saf Alt\u0131n Bileklikler | \u015eimdi Sipari\u015f Verin | H\u0131zl\u0131 Teslimat | Kolay \u0130ade.","robots":{"index":"index","follow":"follow","max-snippet":"max-snippet:-1","max-image-preview":"max-image-preview:large","max-video-preview":"max-video-preview:-1"},"canonical":"https:\/\/www.purejewels.com\/tr\/urun\/22-ayar-geleneksel-bileklik-2-6-hafif\/","og_locale":"tr_TR","og_type":"article","og_title":"Bangles in 22ct Gold | Shop Online | PureJewels.com","og_description":"Browse our 22ct Gold Bangles collection in London | Pure Gold Bangles | Order Now | Quick Delivery | Easy Returns.","og_url":"https:\/\/www.purejewels.com\/tr\/urun\/22-ayar-geleneksel-bileklik-2-6-hafif\/","og_site_name":"PureJewels UK","article_modified_time":"2026-03-03T12:15:53+00:00","og_image":[{"width":1000,"height":1000,"url":"https:\/\/static.purejewels.com\/wp-content\/uploads\/2022\/02\/SKU-42302.png","type":"image\/png"}],"twitter_card":"summary_large_image","twitter_misc":{"Tahmini okuma s\u00fcresi":"2 dakika"},"schema":{"@context":"https:\/\/schema.org","@graph":[{"@type":["WebPage","ItemPage"],"@id":"https:\/\/www.purejewels.com\/product\/22ct-traditional-bangle-2-6-lightweight\/","url":"https:\/\/www.purejewels.com\/product\/22ct-traditional-bangle-2-6-lightweight\/","name":"22 Ayar Alt\u0131n Bilezikler | Online Al\u0131\u015fveri\u015f | PureJewels.com","isPartOf":{"@id":"https:\/\/www.purejewels.com\/#website"},"primaryImageOfPage":{"@id":"https:\/\/www.purejewels.com\/product\/22ct-traditional-bangle-2-6-lightweight\/#primaryimage"},"image":{"@id":"https:\/\/www.purejewels.com\/product\/22ct-traditional-bangle-2-6-lightweight\/#primaryimage"},"thumbnailUrl":"https:\/\/static.purejewels.com\/wp-content\/uploads\/2022\/02\/SKU-42302.png","datePublished":"2024-12-08T19:53:18+00:00","dateModified":"2026-03-03T12:15:53+00:00","description":"Londra'daki 22 Ayar Alt\u0131n Bileklik koleksiyonumuza g\u00f6z at\u0131n | Saf Alt\u0131n Bileklikler | \u015eimdi Sipari\u015f Verin | H\u0131zl\u0131 Teslimat | Kolay \u0130ade.","breadcrumb":{"@id":"https:\/\/www.purejewels.com\/product\/22ct-traditional-bangle-2-6-lightweight\/#breadcrumb"},"inLanguage":"tr","potentialAction":[{"@type":"ReadAction","target":["https:\/\/www.purejewels.com\/product\/22ct-traditional-bangle-2-6-lightweight\/"]}]},{"@type":"ImageObject","inLanguage":"tr","@id":"https:\/\/www.purejewels.com\/product\/22ct-traditional-bangle-2-6-lightweight\/#primaryimage","url":"https:\/\/static.purejewels.com\/wp-content\/uploads\/2022\/02\/SKU-42302.png","contentUrl":"https:\/\/static.purejewels.com\/wp-content\/uploads\/2022\/02\/SKU-42302.png","width":1000,"height":1000,"caption":"22ct Gold Traditional Bangle"},{"@type":"BreadcrumbList","@id":"https:\/\/www.purejewels.com\/product\/22ct-traditional-bangle-2-6-lightweight\/#breadcrumb","itemListElement":[{"@type":"ListItem","position":1,"name":"Home","item":"https:\/\/www.purejewels.com\/"},{"@type":"ListItem","position":2,"name":"Shop","item":"https:\/\/www.purejewels.com\/shop\/"},{"@type":"ListItem","position":3,"name":"22ct Gold Traditional Bangle | Size 2.4"}]},{"@type":"WebSite","@id":"https:\/\/www.purejewels.com\/#website","url":"https:\/\/www.purejewels.com\/","name":"PureJewels \u0130ngiltere","description":"Sevgiyi Payla\u015f\u0131n","publisher":{"@id":"https:\/\/www.purejewels.com\/#organization"},"potentialAction":[{"@type":"SearchAction","target":{"@type":"EntryPoint","urlTemplate":"https:\/\/www.purejewels.com\/?s={search_term_string}"},"query-input":{"@type":"PropertyValueSpecification","valueRequired":true,"valueName":"search_term_string"}}],"inLanguage":"tr"},{"@type":"Organization","@id":"https:\/\/www.purejewels.com\/#organization","name":"PureJewels \u0130ngiltere","url":"https:\/\/www.purejewels.com\/","logo":{"@type":"ImageObject","inLanguage":"tr","@id":"https:\/\/www.purejewels.com\/#\/schema\/logo\/image\/","url":"https:\/\/static.purejewels.com\/wp-content\/uploads\/2020\/11\/Logo-PJ-New-1.png","contentUrl":"https:\/\/static.purejewels.com\/wp-content\/uploads\/2020\/11\/Logo-PJ-New-1.png","width":150,"height":80,"caption":"PureJewels UK"},"image":{"@id":"https:\/\/www.purejewels.com\/#\/schema\/logo\/image\/"}}]}},"_links":{"self":[{"href":"https:\/\/www.purejewels.com\/tr\/wp-json\/wp\/v2\/product\/334047","targetHints":{"allow":["GET"]}}],"collection":[{"href":"https:\/\/www.purejewels.com\/tr\/wp-json\/wp\/v2\/product"}],"about":[{"href":"https:\/\/www.purejewels.com\/tr\/wp-json\/wp\/v2\/types\/product"}],"replies":[{"embeddable":true,"href":"https:\/\/www.purejewels.com\/tr\/wp-json\/wp\/v2\/comments?post=334047"}],"version-history":[{"count":3,"href":"https:\/\/www.purejewels.com\/tr\/wp-json\/wp\/v2\/product\/334047\/revisions"}],"predecessor-version":[{"id":426533,"href":"https:\/\/www.purejewels.com\/tr\/wp-json\/wp\/v2\/product\/334047\/revisions\/426533"}],"wp:featuredmedia":[{"embeddable":true,"href":"https:\/\/www.purejewels.com\/tr\/wp-json\/wp\/v2\/media\/351605"}],"wp:attachment":[{"href":"https:\/\/www.purejewels.com\/tr\/wp-json\/wp\/v2\/media?parent=334047"}],"wp:term":[{"taxonomy":"product_brand","embeddable":true,"href":"https:\/\/www.purejewels.com\/tr\/wp-json\/wp\/v2\/product_brand?post=334047"},{"taxonomy":"product_cat","embeddable":true,"href":"https:\/\/www.purejewels.com\/tr\/wp-json\/wp\/v2\/product_cat?post=334047"},{"taxonomy":"product_tag","embeddable":true,"href":"https:\/\/www.purejewels.com\/tr\/wp-json\/wp\/v2\/product_tag?post=334047"}],"curies":[{"name":"wp","href":"https:\/\/api.w.org\/{rel}","templated":true}]}}