{"id":334062,"date":"2022-02-09T06:30:36","date_gmt":"2022-02-09T06:30:36","guid":{"rendered":"https:\/\/www.purejewels.com\/?post_type=product&#038;p=334062"},"modified":"2026-03-03T12:10:58","modified_gmt":"2026-03-03T12:10:58","slug":"22ct-hi%cc%87nt-altini-bi%cc%87lezi%cc%87k-set-gunluk-kullanim-2-6-hafi%cc%87f","status":"publish","type":"product","link":"https:\/\/www.purejewels.com\/tr\/product\/indian-gold-bangle-set-in-22ct-daily-wear-2-6-lightweight\/","title":{"rendered":"22ct Hint Alt\u0131n Bileklik | G\u00fcnl\u00fck Giyim | 2.6 Beden"},"content":{"rendered":"<h2>Gelenek<\/h2>\n<p><a href=\"https:\/\/www.purejewels.com\/tr\/urun-kategori%cc%87si%cc%87\/22-ayar-altin-takilar\/altin-bilezikler\/\" target=\"_blank\" rel=\"noopener\">Hint alt\u0131n bilezikleri<\/a> takan ki\u015finin bileklerini g\u00fczelle\u015ftiren sert ve dairesel aksesuarlar olan bilek s\u00fcsleridir. Bilezikler \u00e7e\u015fitli tasar\u0131m ve stillerde \u00fcretilir ve her biri kendi ba\u015f\u0131na \u00f6nemli bir anlam ve geleneksel \u00f6neme sahiptir. Duruma ba\u011fl\u0131 olarak, bazen birlikte katlan\u0131rlar, bazen de her iki ele ba\u011f\u0131ms\u0131z olarak tak\u0131l\u0131rlar.<\/p>\n<h2>Tasar\u0131m<\/h2>\n<p>Bu \u00f6zenle i\u015flenmi\u015f sar\u0131 alt\u0131n bileklik, usta karigarlar\u0131m\u0131z\u0131n elleriyle saf 22 ayar alt\u0131ndan oyulmu\u015ftur. Bu sar\u0131 alt\u0131n bileklik, her iki taraf\u0131nda yatay olarak uzanan narin rawa yap\u0131lar\u0131yla ba\u015flar. Ayr\u0131ca, bilezi\u011fin i\u00e7 y\u00fczeyi geleneksel Hint motifleri ve unsurlar\u0131yla detayland\u0131r\u0131lm\u0131\u015ft\u0131r. Bu minyat\u00fcr \u00f6\u011feler, bilekli\u011fin y\u00fczeyine g\u00fczel bir \u015fekilde yay\u0131lm\u0131\u015ft\u0131r; \u00f6yle ki bileklik minimal g\u00f6r\u00fcnmesine ra\u011fmen Hint dokunu\u015funa sahiptir. Cildinize temas eden i\u00e7 taraf, bu muhte\u015fem alt\u0131n bilekli\u011fi sayg\u0131 duyulan bir \u00fcr\u00fcn haline getiren tereya\u011fl\u0131 saten bir y\u00fczey elde etmek i\u00e7in kusursuz bir \u015fekilde parlat\u0131lm\u0131\u015ft\u0131r.<\/p>\n<h2>Stil<\/h2>\n<p>G\u00fcney Hindistan tarz\u0131ndaki bu alt\u0131n bilezikler Hint d\u00fc\u011f\u00fcn bilezikleri koleksiyonumuzdan. Purejewels'in bu son derece \u00e7ok y\u00f6nl\u00fc bilekliklerini sade kurtalar\u0131n\u0131zla ve hatta g\u00fcnl\u00fck sarilerinizle stilize edin veya festivaller i\u00e7in m\u00fckemmel hale getirmek i\u00e7in bir araya getirilmi\u015f di\u011fer bilekliklerin aras\u0131nda ta\u015f\u0131y\u0131n.<\/p>\n<ul>\n<li><b>Menzil kimli\u011fi. <\/b>JLBG1083<\/li>\n<\/ul>","protected":false},"excerpt":{"rendered":"<table class=\"sh_desc\" style=\"width: 100%; height: 365px;\">\n<tbody>\n<tr style=\"height: 27px;\">\n<td style=\"height: 27px;\">Bileklik T\u00fcr\u00fc<\/td>\n<td style=\"height: 27px;\">G\u00fcnl\u00fck Giyim Bileklik<\/td>\n<\/tr>\n<tr style=\"height: 10px;\">\n<td style=\"height: 10px;\">SKU<\/td>\n<td style=\"height: 10px;\">44170<\/td>\n<\/tr>\n<tr style=\"height: 55px;\">\n<td style=\"height: 55px;\">A\u011f\u0131rl\u0131k.<\/td>\n<td style=\"height: 55px;\">10.2 Gms<\/td>\n<\/tr>\n<tr style=\"height: 27px;\">\n<td style=\"height: 27px;\">Metal<\/td>\n<td style=\"height: 27px;\">22 Ayar Alt\u0131n<\/td>\n<\/tr>\n<tr style=\"height: 27px;\">\n<td style=\"height: 27px;\">Bileklik \u00d6l\u00e7\u00fcs\u00fc<\/td>\n<td style=\"height: 27px;\">2.6 (Ek boyutlar i\u00e7in l\u00fctfen sorunuz)<\/td>\n<\/tr>\n<tr style=\"height: 27px;\">\n<td style=\"height: 27px;\">Koleksiyon<\/td>\n<td style=\"height: 27px;\"><strong>Jali Telkari Koleksiyonu<\/strong><\/td>\n<\/tr>\n<tr style=\"height: 27px;\">\n<td style=\"height: 27px;\">Hallmark<\/td>\n<td style=\"height: 27px;\">Londra Tahlil Ofisi Taraf\u0131ndan Damgalanm\u0131\u015f 22 Ayar Alt\u0131n<\/td>\n<\/tr>\n<tr style=\"height: 27px;\">\n<td style=\"height: 27px;\">\u00dccretler<\/td>\n<td style=\"height: 27px;\">Teslimat ve KDV Dahil<\/td>\n<\/tr>\n<tr style=\"height: 27px;\">\n<td style=\"height: 27px;\">Paketleme<\/td>\n<td style=\"height: 27px;\">Sunum Kutusu ile Birlikte Gelir<\/td>\n<\/tr>\n<tr style=\"height: 111px;\">\n<td style=\"height: 111px;\">Daha Fazla Bilgi<\/td>\n<td style=\"height: 111px;\">\n<ul>\n<li>Ger\u00e7ek Alt\u0131n Hint Bilekliklerinin mevcudiyeti ve daha fazla g\u00f6rsel i\u00e7in bizimle canl\u0131 sohbet edin<\/li>\n<li>Not: Burada belirtilen fiyat tek bileklik i\u00e7indir<\/li>\n<\/ul>\n<\/td>\n<\/tr>\n<\/tbody>\n<\/table>","protected":false},"featured_media":334052,"comment_status":"closed","ping_status":"closed","template":"","meta":{"_eb_attr":"","_crsspst_to_jayantr4sg-hostcom":false},"product_brand":[],"product_cat":[1791,1559,5270,1790,1233,1229,5606,252,1570,1569,1573,1574],"product_tag":[5310,5292],"class_list":{"0":"post-334062","1":"product","2":"type-product","3":"status-publish","4":"has-post-thumbnail","6":"product_cat-anniversary-gifts","7":"product_cat-birthday-gifts","8":"product_cat-daily-wear-bangles","9":"product_cat-for-whom-when","10":"product_cat-gold-bangles","11":"product_cat-22ct-gold-jewellery","12":"product_cat-jali-filigree-bangles","13":"product_cat-jali-collections","14":"product_cat-mothers-day-gifts","15":"product_cat-valentine-day-gifts","16":"product_cat-wedding-gifts","17":"product_cat-womens-jewellery","18":"product_tag-22k-gold-bangles","19":"product_tag-22k-gold-filigree-bangle","21":"first","22":"outofstock","23":"taxable","24":"shipping-taxable","25":"product-type-simple","26":"add-to-wishlist-before_image"},"yoast_head":"<!-- This site is optimized with the Yoast SEO plugin v27.3 - https:\/\/yoast.com\/product\/yoast-seo-wordpress\/ -->\n<title>Gold Kada Bangles for Dailywear | Shop Online | PureJewels.com<\/title>\n<meta name=\"description\" content=\"Gold Bangles for everyday wear in UK | Size 2.6 | Gold Bangles | Lightweight bangles for dailywear | Fast Delivery\" \/>\n<meta name=\"robots\" content=\"index, follow, max-snippet:-1, max-image-preview:large, max-video-preview:-1\" \/>\n<link rel=\"canonical\" href=\"https:\/\/www.purejewels.com\/tr\/urun\/22ct-hi\u0307nt-altini-bi\u0307lezi\u0307k-set-gunluk-kullanim-2-6-hafi\u0307f\/\" \/>\n<meta property=\"og:locale\" content=\"tr_TR\" \/>\n<meta property=\"og:type\" content=\"article\" \/>\n<meta property=\"og:title\" content=\"Gold Kada Bangles for Dailywear | Shop Online | PureJewels.com\" \/>\n<meta property=\"og:description\" content=\"Gold Bangles for everyday wear in UK | Size 2.6 | Gold Bangles | Lightweight bangles for dailywear | Fast Delivery\" \/>\n<meta property=\"og:url\" content=\"https:\/\/www.purejewels.com\/tr\/urun\/22ct-hi\u0307nt-altini-bi\u0307lezi\u0307k-set-gunluk-kullanim-2-6-hafi\u0307f\/\" \/>\n<meta property=\"og:site_name\" content=\"PureJewels UK\" \/>\n<meta property=\"article:modified_time\" content=\"2026-03-03T12:10:58+00:00\" \/>\n<meta property=\"og:image\" content=\"https:\/\/static.purejewels.com\/wp-content\/uploads\/2022\/02\/41492-41493-41495-41497-4.jpg\" \/>\n\t<meta property=\"og:image:width\" content=\"1000\" \/>\n\t<meta property=\"og:image:height\" content=\"1000\" \/>\n\t<meta property=\"og:image:type\" content=\"image\/jpeg\" \/>\n<meta name=\"twitter:card\" content=\"summary_large_image\" \/>\n<meta name=\"twitter:label1\" content=\"Tahmini okuma s\u00fcresi\" \/>\n\t<meta name=\"twitter:data1\" content=\"2 dakika\" \/>\n<script type=\"application\/ld+json\" class=\"yoast-schema-graph\">{\"@context\":\"https:\\\/\\\/schema.org\",\"@graph\":[{\"@type\":[\"WebPage\",\"ItemPage\"],\"@id\":\"https:\\\/\\\/www.purejewels.com\\\/product\\\/indian-gold-bangle-set-in-22ct-daily-wear-2-6-lightweight\\\/\",\"url\":\"https:\\\/\\\/www.purejewels.com\\\/product\\\/indian-gold-bangle-set-in-22ct-daily-wear-2-6-lightweight\\\/\",\"name\":\"Gold Kada Bangles for Dailywear | Shop Online | PureJewels.com\",\"isPartOf\":{\"@id\":\"https:\\\/\\\/www.purejewels.com\\\/#website\"},\"primaryImageOfPage\":{\"@id\":\"https:\\\/\\\/www.purejewels.com\\\/product\\\/indian-gold-bangle-set-in-22ct-daily-wear-2-6-lightweight\\\/#primaryimage\"},\"image\":{\"@id\":\"https:\\\/\\\/www.purejewels.com\\\/product\\\/indian-gold-bangle-set-in-22ct-daily-wear-2-6-lightweight\\\/#primaryimage\"},\"thumbnailUrl\":\"https:\\\/\\\/static.purejewels.com\\\/wp-content\\\/uploads\\\/2022\\\/02\\\/41492-41493-41495-41497-4.jpg\",\"datePublished\":\"2022-02-09T06:30:36+00:00\",\"dateModified\":\"2026-03-03T12:10:58+00:00\",\"description\":\"Gold Bangles for everyday wear in UK | Size 2.6 | Gold Bangles | Lightweight bangles for dailywear | Fast Delivery\",\"breadcrumb\":{\"@id\":\"https:\\\/\\\/www.purejewels.com\\\/product\\\/indian-gold-bangle-set-in-22ct-daily-wear-2-6-lightweight\\\/#breadcrumb\"},\"inLanguage\":\"tr\",\"potentialAction\":[{\"@type\":\"ReadAction\",\"target\":[\"https:\\\/\\\/www.purejewels.com\\\/product\\\/indian-gold-bangle-set-in-22ct-daily-wear-2-6-lightweight\\\/\"]}]},{\"@type\":\"ImageObject\",\"inLanguage\":\"tr\",\"@id\":\"https:\\\/\\\/www.purejewels.com\\\/product\\\/indian-gold-bangle-set-in-22ct-daily-wear-2-6-lightweight\\\/#primaryimage\",\"url\":\"https:\\\/\\\/static.purejewels.com\\\/wp-content\\\/uploads\\\/2022\\\/02\\\/41492-41493-41495-41497-4.jpg\",\"contentUrl\":\"https:\\\/\\\/static.purejewels.com\\\/wp-content\\\/uploads\\\/2022\\\/02\\\/41492-41493-41495-41497-4.jpg\",\"width\":1000,\"height\":1000,\"caption\":\"Indian Gold Bangle Set in 22ct | Daily Wear | 2.4 | Lightweight\"},{\"@type\":\"BreadcrumbList\",\"@id\":\"https:\\\/\\\/www.purejewels.com\\\/product\\\/indian-gold-bangle-set-in-22ct-daily-wear-2-6-lightweight\\\/#breadcrumb\",\"itemListElement\":[{\"@type\":\"ListItem\",\"position\":1,\"name\":\"Home\",\"item\":\"https:\\\/\\\/www.purejewels.com\\\/\"},{\"@type\":\"ListItem\",\"position\":2,\"name\":\"Shop\",\"item\":\"https:\\\/\\\/www.purejewels.com\\\/shop\\\/\"},{\"@type\":\"ListItem\",\"position\":3,\"name\":\"Indian Gold Bangle in 22ct | Daily Wear | Size 2.6\"}]},{\"@type\":\"WebSite\",\"@id\":\"https:\\\/\\\/www.purejewels.com\\\/#website\",\"url\":\"https:\\\/\\\/www.purejewels.com\\\/\",\"name\":\"PureJewels UK\",\"description\":\"Share the Love\",\"publisher\":{\"@id\":\"https:\\\/\\\/www.purejewels.com\\\/#organization\"},\"potentialAction\":[{\"@type\":\"SearchAction\",\"target\":{\"@type\":\"EntryPoint\",\"urlTemplate\":\"https:\\\/\\\/www.purejewels.com\\\/?s={search_term_string}\"},\"query-input\":{\"@type\":\"PropertyValueSpecification\",\"valueRequired\":true,\"valueName\":\"search_term_string\"}}],\"inLanguage\":\"tr\"},{\"@type\":\"Organization\",\"@id\":\"https:\\\/\\\/www.purejewels.com\\\/#organization\",\"name\":\"PureJewels UK\",\"url\":\"https:\\\/\\\/www.purejewels.com\\\/\",\"logo\":{\"@type\":\"ImageObject\",\"inLanguage\":\"tr\",\"@id\":\"https:\\\/\\\/www.purejewels.com\\\/#\\\/schema\\\/logo\\\/image\\\/\",\"url\":\"https:\\\/\\\/static.purejewels.com\\\/wp-content\\\/uploads\\\/2020\\\/11\\\/Logo-PJ-New-1.png\",\"contentUrl\":\"https:\\\/\\\/static.purejewels.com\\\/wp-content\\\/uploads\\\/2020\\\/11\\\/Logo-PJ-New-1.png\",\"width\":150,\"height\":80,\"caption\":\"PureJewels UK\"},\"image\":{\"@id\":\"https:\\\/\\\/www.purejewels.com\\\/#\\\/schema\\\/logo\\\/image\\\/\"}}]}<\/script>\n<!-- \/ Yoast SEO plugin. -->","yoast_head_json":{"title":"G\u00fcnl\u00fck Giyim i\u00e7in Alt\u0131n Kada Bileklikler | Online Al\u0131\u015fveri\u015f | PureJewels.com","description":"\u0130ngiltere'de g\u00fcnl\u00fck kullan\u0131m i\u00e7in Alt\u0131n Bileklikler | Beden 2.6 | Alt\u0131n Bileklikler | G\u00fcnl\u00fck kullan\u0131m i\u00e7in hafif bileklikler | H\u0131zl\u0131 Teslimat","robots":{"index":"index","follow":"follow","max-snippet":"max-snippet:-1","max-image-preview":"max-image-preview:large","max-video-preview":"max-video-preview:-1"},"canonical":"https:\/\/www.purejewels.com\/tr\/urun\/22ct-hi\u0307nt-altini-bi\u0307lezi\u0307k-set-gunluk-kullanim-2-6-hafi\u0307f\/","og_locale":"tr_TR","og_type":"article","og_title":"Gold Kada Bangles for Dailywear | Shop Online | PureJewels.com","og_description":"Gold Bangles for everyday wear in UK | Size 2.6 | Gold Bangles | Lightweight bangles for dailywear | Fast Delivery","og_url":"https:\/\/www.purejewels.com\/tr\/urun\/22ct-hi\u0307nt-altini-bi\u0307lezi\u0307k-set-gunluk-kullanim-2-6-hafi\u0307f\/","og_site_name":"PureJewels UK","article_modified_time":"2026-03-03T12:10:58+00:00","og_image":[{"width":1000,"height":1000,"url":"https:\/\/static.purejewels.com\/wp-content\/uploads\/2022\/02\/41492-41493-41495-41497-4.jpg","type":"image\/jpeg"}],"twitter_card":"summary_large_image","twitter_misc":{"Tahmini okuma s\u00fcresi":"2 dakika"},"schema":{"@context":"https:\/\/schema.org","@graph":[{"@type":["WebPage","ItemPage"],"@id":"https:\/\/www.purejewels.com\/product\/indian-gold-bangle-set-in-22ct-daily-wear-2-6-lightweight\/","url":"https:\/\/www.purejewels.com\/product\/indian-gold-bangle-set-in-22ct-daily-wear-2-6-lightweight\/","name":"G\u00fcnl\u00fck Giyim i\u00e7in Alt\u0131n Kada Bileklikler | Online Al\u0131\u015fveri\u015f | PureJewels.com","isPartOf":{"@id":"https:\/\/www.purejewels.com\/#website"},"primaryImageOfPage":{"@id":"https:\/\/www.purejewels.com\/product\/indian-gold-bangle-set-in-22ct-daily-wear-2-6-lightweight\/#primaryimage"},"image":{"@id":"https:\/\/www.purejewels.com\/product\/indian-gold-bangle-set-in-22ct-daily-wear-2-6-lightweight\/#primaryimage"},"thumbnailUrl":"https:\/\/static.purejewels.com\/wp-content\/uploads\/2022\/02\/41492-41493-41495-41497-4.jpg","datePublished":"2022-02-09T06:30:36+00:00","dateModified":"2026-03-03T12:10:58+00:00","description":"\u0130ngiltere'de g\u00fcnl\u00fck kullan\u0131m i\u00e7in Alt\u0131n Bileklikler | Beden 2.6 | Alt\u0131n Bileklikler | G\u00fcnl\u00fck kullan\u0131m i\u00e7in hafif bileklikler | H\u0131zl\u0131 Teslimat","breadcrumb":{"@id":"https:\/\/www.purejewels.com\/product\/indian-gold-bangle-set-in-22ct-daily-wear-2-6-lightweight\/#breadcrumb"},"inLanguage":"tr","potentialAction":[{"@type":"ReadAction","target":["https:\/\/www.purejewels.com\/product\/indian-gold-bangle-set-in-22ct-daily-wear-2-6-lightweight\/"]}]},{"@type":"ImageObject","inLanguage":"tr","@id":"https:\/\/www.purejewels.com\/product\/indian-gold-bangle-set-in-22ct-daily-wear-2-6-lightweight\/#primaryimage","url":"https:\/\/static.purejewels.com\/wp-content\/uploads\/2022\/02\/41492-41493-41495-41497-4.jpg","contentUrl":"https:\/\/static.purejewels.com\/wp-content\/uploads\/2022\/02\/41492-41493-41495-41497-4.jpg","width":1000,"height":1000,"caption":"Indian Gold Bangle Set in 22ct | Daily Wear | 2.4 | Lightweight"},{"@type":"BreadcrumbList","@id":"https:\/\/www.purejewels.com\/product\/indian-gold-bangle-set-in-22ct-daily-wear-2-6-lightweight\/#breadcrumb","itemListElement":[{"@type":"ListItem","position":1,"name":"Home","item":"https:\/\/www.purejewels.com\/"},{"@type":"ListItem","position":2,"name":"Shop","item":"https:\/\/www.purejewels.com\/shop\/"},{"@type":"ListItem","position":3,"name":"Indian Gold Bangle in 22ct | Daily Wear | Size 2.6"}]},{"@type":"WebSite","@id":"https:\/\/www.purejewels.com\/#website","url":"https:\/\/www.purejewels.com\/","name":"PureJewels \u0130ngiltere","description":"Sevgiyi Payla\u015f\u0131n","publisher":{"@id":"https:\/\/www.purejewels.com\/#organization"},"potentialAction":[{"@type":"SearchAction","target":{"@type":"EntryPoint","urlTemplate":"https:\/\/www.purejewels.com\/?s={search_term_string}"},"query-input":{"@type":"PropertyValueSpecification","valueRequired":true,"valueName":"search_term_string"}}],"inLanguage":"tr"},{"@type":"Organization","@id":"https:\/\/www.purejewels.com\/#organization","name":"PureJewels \u0130ngiltere","url":"https:\/\/www.purejewels.com\/","logo":{"@type":"ImageObject","inLanguage":"tr","@id":"https:\/\/www.purejewels.com\/#\/schema\/logo\/image\/","url":"https:\/\/static.purejewels.com\/wp-content\/uploads\/2020\/11\/Logo-PJ-New-1.png","contentUrl":"https:\/\/static.purejewels.com\/wp-content\/uploads\/2020\/11\/Logo-PJ-New-1.png","width":150,"height":80,"caption":"PureJewels UK"},"image":{"@id":"https:\/\/www.purejewels.com\/#\/schema\/logo\/image\/"}}]}},"_links":{"self":[{"href":"https:\/\/www.purejewels.com\/tr\/wp-json\/wp\/v2\/product\/334062","targetHints":{"allow":["GET"]}}],"collection":[{"href":"https:\/\/www.purejewels.com\/tr\/wp-json\/wp\/v2\/product"}],"about":[{"href":"https:\/\/www.purejewels.com\/tr\/wp-json\/wp\/v2\/types\/product"}],"replies":[{"embeddable":true,"href":"https:\/\/www.purejewels.com\/tr\/wp-json\/wp\/v2\/comments?post=334062"}],"version-history":[{"count":3,"href":"https:\/\/www.purejewels.com\/tr\/wp-json\/wp\/v2\/product\/334062\/revisions"}],"predecessor-version":[{"id":426531,"href":"https:\/\/www.purejewels.com\/tr\/wp-json\/wp\/v2\/product\/334062\/revisions\/426531"}],"wp:featuredmedia":[{"embeddable":true,"href":"https:\/\/www.purejewels.com\/tr\/wp-json\/wp\/v2\/media\/334052"}],"wp:attachment":[{"href":"https:\/\/www.purejewels.com\/tr\/wp-json\/wp\/v2\/media?parent=334062"}],"wp:term":[{"taxonomy":"product_brand","embeddable":true,"href":"https:\/\/www.purejewels.com\/tr\/wp-json\/wp\/v2\/product_brand?post=334062"},{"taxonomy":"product_cat","embeddable":true,"href":"https:\/\/www.purejewels.com\/tr\/wp-json\/wp\/v2\/product_cat?post=334062"},{"taxonomy":"product_tag","embeddable":true,"href":"https:\/\/www.purejewels.com\/tr\/wp-json\/wp\/v2\/product_tag?post=334062"}],"curies":[{"name":"wp","href":"https:\/\/api.w.org\/{rel}","templated":true}]}}