{"id":334127,"date":"2023-01-04T05:27:14","date_gmt":"2023-01-04T05:27:14","guid":{"rendered":"https:\/\/www.purejewels.com\/?post_type=product&#038;p=334127"},"modified":"2026-01-06T11:06:35","modified_gmt":"2026-01-06T11:06:35","slug":"18-ayar-altin-yuzuk-40540","status":"publish","type":"product","link":"https:\/\/www.purejewels.com\/tr\/product\/18-carat-gold-ring-40540\/","title":{"rendered":"18 Ayar Alt\u0131ndan Ayarlanabilir P\u0131rlanta Y\u00fcz\u00fck"},"content":{"rendered":"<p data-start=\"0\" data-end=\"474\"><strong data-start=\"0\" data-end=\"18\">Tasar\u0131m Konsepti<\/strong><br data-start=\"18\" data-end=\"21\" \/>Bu \u00e7arp\u0131c\u0131 ayarlanabilir p\u0131rlanta y\u00fcz\u00fck, ince i\u015f\u00e7ili\u011fi ve zamans\u0131z g\u00fczelli\u011fi takdir eden kad\u0131nlar i\u00e7in \u00e7ok y\u00f6nl\u00fc, zarif bir par\u00e7a olarak tasarlanm\u0131\u015ft\u0131r. L\u00fcks 18 ayar alt\u0131n \u00fczerine g\u00f6z kama\u015ft\u0131r\u0131c\u0131 bir 0,37 ct p\u0131rlanta ile merkezlenen bu y\u00fcz\u00fck, g\u00fcnl\u00fck giyilebilirli\u011fi sessiz ve l\u00fcks bir duru\u015fla dengeler. Ayarlanabilir tasar\u0131m\u0131 her parma\u011fa rahat\u00e7a tak\u0131labilmesini sa\u011flayarak onu g\u00fczel oldu\u011fu kadar pratik ve m\u00fccevher koleksiyonunuza ger\u00e7ekten \u00f6zel bir katk\u0131 haline getirir.<\/p>\n<p data-start=\"476\" data-end=\"1076\"><strong data-start=\"476\" data-end=\"493\">Zanaatkarl\u0131k<\/strong><br data-start=\"493\" data-end=\"496\" \/>18 ayar alt\u0131ndan \u00fcretilen y\u00fcz\u00fck, 0,37 ct p\u0131rlantan\u0131n \u0131\u015f\u0131\u011f\u0131 her a\u00e7\u0131dan yakalamas\u0131n\u0131 sa\u011flayan zarif bir ayar ile tasarlanm\u0131\u015ft\u0131r. Ayarlanabilir mekanizma, \u015f\u0131k bir profili korurken g\u00fcvenli ve ki\u015fiye \u00f6zel bir uyum sa\u011flamak i\u00e7in \u00f6zenle tasarlanm\u0131\u015ft\u0131r.<\/p>\n<p data-start=\"1078\" data-end=\"1606\" data-is-last-node=\"\" data-is-only-node=\"\"><strong data-start=\"1078\" data-end=\"1095\">Stil Fikirleri<\/strong><br data-start=\"1095\" data-end=\"1098\" \/>Bu p\u0131rlanta y\u00fcz\u00fc\u011f\u00fc \u00f6zel g\u00fcnler i\u00e7in tek ba\u015f\u0131na kullan\u0131n ya da se\u00e7ti\u011finiz herhangi bir parmakta modern, \u00fcst \u00fcste dizilmi\u015f bir g\u00f6r\u00fcn\u00fcm i\u00e7in ince alt\u0131n bantlarla e\u015fle\u015ftirin. G\u00fcnd\u00fcz k\u0131yafetlerinden gece k\u0131yafetlerine zahmetsizce ge\u00e7i\u015f yapan bu \u00fcr\u00fcn, ister kendinizi \u015f\u0131martmak ister m\u00fckemmel bir hediye aramak i\u00e7in ideal bir se\u00e7imdir. Daha fazla ilham ve g\u00f6rsel i\u00e7in bizimle canl\u0131 sohbet edebilir veya Alt\u0131n <a href=\"https:\/\/www.purejewels.com\/tr\/product-category\/22ct-gold-jewellery\/gold-rings\/\">Y\u00fcz\u00fckler<\/a> Koleksiyonu'nu inceleyin, ard\u0131ndan bu ayarlanabilir p\u0131rlanta y\u00fcz\u00fc\u011f\u00fcn g\u00fczelli\u011finin ve kolayl\u0131\u011f\u0131n\u0131n keyfini \u00e7\u0131karmak i\u00e7in sipari\u015finizi online olarak tamamlay\u0131n.<\/p>","protected":false},"excerpt":{"rendered":"<table style=\"border-collapse: collapse; width: 100%; height: 196px;\">\n<tbody>\n<tr>\n<td>Y\u00fcz\u00fck Tipi<\/td>\n<td>\u00a0Bayan Y\u00fcz\u00fck<\/td>\n<\/tr>\n<tr>\n<td>SKU<\/td>\n<td>40540<\/td>\n<\/tr>\n<tr>\n<td>Y\u00fcz\u00fck \u00d6l\u00e7\u00fcs\u00fc<\/td>\n<td>Ayarlanabilir<\/td>\n<\/tr>\n<tr>\n<td>Elmas<\/td>\n<td>0.37ct<\/td>\n<\/tr>\n<tr>\n<td>Metal<\/td>\n<td>18 Ayar Alt\u0131n<\/td>\n<\/tr>\n<tr>\n<td>Cinsiyet<\/td>\n<td>Bayanlar<\/td>\n<\/tr>\n<tr>\n<td>\u00dccretler<\/td>\n<td>Teslimat ve KDV Dahil<\/td>\n<\/tr>\n<tr>\n<td>Paketleme<\/td>\n<td>Sunum Kutusu ile Birlikte Gelir<\/td>\n<\/tr>\n<tr>\n<td style=\"width: 50%;\">Daha Fazla Bilgi<\/td>\n<td style=\"width: 50%;\">\n<ul>\n<li>M\u00fcsaitlik durumu ve daha fazla resim i\u00e7in bizimle canl\u0131 sohbet edin<\/li>\n<li>Alt\u0131n Y\u00fcz\u00fck Koleksiyonumuzu Ke\u015ffedin<\/li>\n<\/ul>\n<\/td>\n<\/tr>\n<\/tbody>\n<\/table>\n<p>&nbsp;<\/p>","protected":false},"featured_media":342648,"comment_status":"closed","ping_status":"closed","template":"","meta":{"_eb_attr":"","_crsspst_to_jayantr4sg-hostcom":true},"product_brand":[],"product_cat":[5679,6085,1791,1559,5457,5460,5371,1786,246,5354,1569,1573,1574],"product_tag":[64],"class_list":{"0":"post-334127","1":"product","2":"type-product","3":"status-publish","4":"has-post-thumbnail","6":"product_cat-18ct-gold-jewellery","7":"product_cat-18ct-gold-ring","8":"product_cat-anniversary-gifts","9":"product_cat-birthday-gifts","10":"product_cat-diamond-jewellery","11":"product_cat-diamond-ring","12":"product_cat-jewellery-for-hands","13":"product_cat-occasional-wear-rings","14":"product_cat-rose-gold-collections","15":"product_cat-rose-gold-jewellery","16":"product_cat-valentine-day-gifts","17":"product_cat-wedding-gifts","18":"product_cat-womens-jewellery","19":"product_tag-rings","21":"first","22":"instock","23":"taxable","24":"shipping-taxable","25":"purchasable","26":"product-type-simple","27":"add-to-wishlist-before_image"},"yoast_head":"<!-- This site is optimized with the Yoast SEO plugin v27.6 - https:\/\/yoast.com\/product\/yoast-seo-wordpress\/ -->\n<title>Online Latest Ring Designs | Shop 18k Gold Rings<\/title>\n<meta name=\"description\" content=\"Discover the 18ct Gold Rings collection by PureJewels for the finest selection of designer Gold Rings. Take your favourite one.\" \/>\n<meta name=\"robots\" content=\"index, follow, max-snippet:-1, max-image-preview:large, max-video-preview:-1\" \/>\n<link rel=\"canonical\" href=\"https:\/\/www.purejewels.com\/tr\/urun\/18-ayar-altin-yuzuk-40540\/\" \/>\n<meta property=\"og:locale\" content=\"tr_TR\" \/>\n<meta property=\"og:type\" content=\"article\" \/>\n<meta property=\"og:title\" content=\"Online Latest Ring Designs | Shop 18k Gold Rings\" \/>\n<meta property=\"og:description\" content=\"Discover the 18ct Gold Rings collection by PureJewels for the finest selection of designer Gold Rings. Take your favourite one.\" \/>\n<meta property=\"og:url\" content=\"https:\/\/www.purejewels.com\/tr\/urun\/18-ayar-altin-yuzuk-40540\/\" \/>\n<meta property=\"og:site_name\" content=\"PureJewels UK\" \/>\n<meta property=\"article:modified_time\" content=\"2026-01-06T11:06:35+00:00\" \/>\n<meta property=\"og:image\" content=\"https:\/\/www.purejewels.com\/wp-content\/uploads\/2023\/01\/40540-1.jpg\" \/>\n\t<meta property=\"og:image:width\" content=\"1000\" \/>\n\t<meta property=\"og:image:height\" content=\"1000\" \/>\n\t<meta property=\"og:image:type\" content=\"image\/jpeg\" \/>\n<meta name=\"twitter:card\" content=\"summary_large_image\" \/>\n<meta name=\"twitter:label1\" content=\"Tahmini okuma s\u00fcresi\" \/>\n\t<meta name=\"twitter:data1\" content=\"2 dakika\" \/>\n<script type=\"application\/ld+json\" class=\"yoast-schema-graph\">{\"@context\":\"https:\\\/\\\/schema.org\",\"@graph\":[{\"@type\":[\"WebPage\",\"ItemPage\"],\"@id\":\"https:\\\/\\\/www.purejewels.com\\\/product\\\/18-carat-gold-ring-40540\\\/\",\"url\":\"https:\\\/\\\/www.purejewels.com\\\/product\\\/18-carat-gold-ring-40540\\\/\",\"name\":\"Online Latest Ring Designs | Shop 18k Gold Rings\",\"isPartOf\":{\"@id\":\"https:\\\/\\\/www.purejewels.com\\\/#website\"},\"primaryImageOfPage\":{\"@id\":\"https:\\\/\\\/www.purejewels.com\\\/product\\\/18-carat-gold-ring-40540\\\/#primaryimage\"},\"image\":{\"@id\":\"https:\\\/\\\/www.purejewels.com\\\/product\\\/18-carat-gold-ring-40540\\\/#primaryimage\"},\"thumbnailUrl\":\"https:\\\/\\\/static.purejewels.com\\\/wp-content\\\/uploads\\\/2023\\\/01\\\/40540-1.jpg\",\"datePublished\":\"2023-01-04T05:27:14+00:00\",\"dateModified\":\"2026-01-06T11:06:35+00:00\",\"description\":\"Discover the 18ct Gold Rings collection by PureJewels for the finest selection of designer Gold Rings. Take your favourite one.\",\"breadcrumb\":{\"@id\":\"https:\\\/\\\/www.purejewels.com\\\/product\\\/18-carat-gold-ring-40540\\\/#breadcrumb\"},\"inLanguage\":\"tr\",\"potentialAction\":[{\"@type\":\"ReadAction\",\"target\":[\"https:\\\/\\\/www.purejewels.com\\\/product\\\/18-carat-gold-ring-40540\\\/\"]}]},{\"@type\":\"ImageObject\",\"inLanguage\":\"tr\",\"@id\":\"https:\\\/\\\/www.purejewels.com\\\/product\\\/18-carat-gold-ring-40540\\\/#primaryimage\",\"url\":\"https:\\\/\\\/static.purejewels.com\\\/wp-content\\\/uploads\\\/2023\\\/01\\\/40540-1.jpg\",\"contentUrl\":\"https:\\\/\\\/static.purejewels.com\\\/wp-content\\\/uploads\\\/2023\\\/01\\\/40540-1.jpg\",\"width\":1000,\"height\":1000,\"caption\":\"18ct Gold Diamond Adjustable Ladies Ring\"},{\"@type\":\"BreadcrumbList\",\"@id\":\"https:\\\/\\\/www.purejewels.com\\\/product\\\/18-carat-gold-ring-40540\\\/#breadcrumb\",\"itemListElement\":[{\"@type\":\"ListItem\",\"position\":1,\"name\":\"Home\",\"item\":\"https:\\\/\\\/www.purejewels.com\\\/\"},{\"@type\":\"ListItem\",\"position\":2,\"name\":\"Shop\",\"item\":\"https:\\\/\\\/www.purejewels.com\\\/shop\\\/\"},{\"@type\":\"ListItem\",\"position\":3,\"name\":\"Adjustable Diamond Ring in 18ct Gold\"}]},{\"@type\":\"WebSite\",\"@id\":\"https:\\\/\\\/www.purejewels.com\\\/#website\",\"url\":\"https:\\\/\\\/www.purejewels.com\\\/\",\"name\":\"PureJewels UK\",\"description\":\"Share the Love\",\"publisher\":{\"@id\":\"https:\\\/\\\/www.purejewels.com\\\/#organization\"},\"potentialAction\":[{\"@type\":\"SearchAction\",\"target\":{\"@type\":\"EntryPoint\",\"urlTemplate\":\"https:\\\/\\\/www.purejewels.com\\\/?s={search_term_string}\"},\"query-input\":{\"@type\":\"PropertyValueSpecification\",\"valueRequired\":true,\"valueName\":\"search_term_string\"}}],\"inLanguage\":\"tr\"},{\"@type\":\"Organization\",\"@id\":\"https:\\\/\\\/www.purejewels.com\\\/#organization\",\"name\":\"PureJewels UK\",\"url\":\"https:\\\/\\\/www.purejewels.com\\\/\",\"logo\":{\"@type\":\"ImageObject\",\"inLanguage\":\"tr\",\"@id\":\"https:\\\/\\\/www.purejewels.com\\\/#\\\/schema\\\/logo\\\/image\\\/\",\"url\":\"https:\\\/\\\/static.purejewels.com\\\/wp-content\\\/uploads\\\/2020\\\/11\\\/Logo-PJ-New-1.png\",\"contentUrl\":\"https:\\\/\\\/static.purejewels.com\\\/wp-content\\\/uploads\\\/2020\\\/11\\\/Logo-PJ-New-1.png\",\"width\":150,\"height\":80,\"caption\":\"PureJewels UK\"},\"image\":{\"@id\":\"https:\\\/\\\/www.purejewels.com\\\/#\\\/schema\\\/logo\\\/image\\\/\"}}]}<\/script>\n<!-- \/ Yoast SEO plugin. -->","yoast_head_json":{"title":"Online Son Y\u00fcz\u00fck Tasar\u0131mlar\u0131 | 18 Ayar Alt\u0131n Y\u00fcz\u00fck Al\u0131\u015fveri\u015fi","description":"Tasar\u0131m Alt\u0131n Y\u00fcz\u00fcklerin en iyi se\u00e7imi i\u00e7in PureJewels'in 18 Ayar Alt\u0131n Y\u00fcz\u00fck koleksiyonunu ke\u015ffedin. En sevdi\u011finizi al\u0131n.","robots":{"index":"index","follow":"follow","max-snippet":"max-snippet:-1","max-image-preview":"max-image-preview:large","max-video-preview":"max-video-preview:-1"},"canonical":"https:\/\/www.purejewels.com\/tr\/urun\/18-ayar-altin-yuzuk-40540\/","og_locale":"tr_TR","og_type":"article","og_title":"Online Latest Ring Designs | Shop 18k Gold Rings","og_description":"Discover the 18ct Gold Rings collection by PureJewels for the finest selection of designer Gold Rings. Take your favourite one.","og_url":"https:\/\/www.purejewels.com\/tr\/urun\/18-ayar-altin-yuzuk-40540\/","og_site_name":"PureJewels UK","article_modified_time":"2026-01-06T11:06:35+00:00","og_image":[{"width":1000,"height":1000,"url":"https:\/\/www.purejewels.com\/wp-content\/uploads\/2023\/01\/40540-1.jpg","type":"image\/jpeg"}],"twitter_card":"summary_large_image","twitter_misc":{"Tahmini okuma s\u00fcresi":"2 dakika"},"schema":{"@context":"https:\/\/schema.org","@graph":[{"@type":["WebPage","ItemPage"],"@id":"https:\/\/www.purejewels.com\/product\/18-carat-gold-ring-40540\/","url":"https:\/\/www.purejewels.com\/product\/18-carat-gold-ring-40540\/","name":"Online Son Y\u00fcz\u00fck Tasar\u0131mlar\u0131 | 18 Ayar Alt\u0131n Y\u00fcz\u00fck Al\u0131\u015fveri\u015fi","isPartOf":{"@id":"https:\/\/www.purejewels.com\/#website"},"primaryImageOfPage":{"@id":"https:\/\/www.purejewels.com\/product\/18-carat-gold-ring-40540\/#primaryimage"},"image":{"@id":"https:\/\/www.purejewels.com\/product\/18-carat-gold-ring-40540\/#primaryimage"},"thumbnailUrl":"https:\/\/static.purejewels.com\/wp-content\/uploads\/2023\/01\/40540-1.jpg","datePublished":"2023-01-04T05:27:14+00:00","dateModified":"2026-01-06T11:06:35+00:00","description":"Tasar\u0131m Alt\u0131n Y\u00fcz\u00fcklerin en iyi se\u00e7imi i\u00e7in PureJewels'in 18 Ayar Alt\u0131n Y\u00fcz\u00fck koleksiyonunu ke\u015ffedin. En sevdi\u011finizi al\u0131n.","breadcrumb":{"@id":"https:\/\/www.purejewels.com\/product\/18-carat-gold-ring-40540\/#breadcrumb"},"inLanguage":"tr","potentialAction":[{"@type":"ReadAction","target":["https:\/\/www.purejewels.com\/product\/18-carat-gold-ring-40540\/"]}]},{"@type":"ImageObject","inLanguage":"tr","@id":"https:\/\/www.purejewels.com\/product\/18-carat-gold-ring-40540\/#primaryimage","url":"https:\/\/static.purejewels.com\/wp-content\/uploads\/2023\/01\/40540-1.jpg","contentUrl":"https:\/\/static.purejewels.com\/wp-content\/uploads\/2023\/01\/40540-1.jpg","width":1000,"height":1000,"caption":"18ct Gold Diamond Adjustable Ladies Ring"},{"@type":"BreadcrumbList","@id":"https:\/\/www.purejewels.com\/product\/18-carat-gold-ring-40540\/#breadcrumb","itemListElement":[{"@type":"ListItem","position":1,"name":"Home","item":"https:\/\/www.purejewels.com\/"},{"@type":"ListItem","position":2,"name":"Shop","item":"https:\/\/www.purejewels.com\/shop\/"},{"@type":"ListItem","position":3,"name":"Adjustable Diamond Ring in 18ct Gold"}]},{"@type":"WebSite","@id":"https:\/\/www.purejewels.com\/#website","url":"https:\/\/www.purejewels.com\/","name":"PureJewels \u0130ngiltere","description":"Sevgiyi Payla\u015f\u0131n","publisher":{"@id":"https:\/\/www.purejewels.com\/#organization"},"potentialAction":[{"@type":"SearchAction","target":{"@type":"EntryPoint","urlTemplate":"https:\/\/www.purejewels.com\/?s={search_term_string}"},"query-input":{"@type":"PropertyValueSpecification","valueRequired":true,"valueName":"search_term_string"}}],"inLanguage":"tr"},{"@type":"Organization","@id":"https:\/\/www.purejewels.com\/#organization","name":"PureJewels \u0130ngiltere","url":"https:\/\/www.purejewels.com\/","logo":{"@type":"ImageObject","inLanguage":"tr","@id":"https:\/\/www.purejewels.com\/#\/schema\/logo\/image\/","url":"https:\/\/static.purejewels.com\/wp-content\/uploads\/2020\/11\/Logo-PJ-New-1.png","contentUrl":"https:\/\/static.purejewels.com\/wp-content\/uploads\/2020\/11\/Logo-PJ-New-1.png","width":150,"height":80,"caption":"PureJewels UK"},"image":{"@id":"https:\/\/www.purejewels.com\/#\/schema\/logo\/image\/"}}]}},"_links":{"self":[{"href":"https:\/\/www.purejewels.com\/tr\/wp-json\/wp\/v2\/product\/334127","targetHints":{"allow":["GET"]}}],"collection":[{"href":"https:\/\/www.purejewels.com\/tr\/wp-json\/wp\/v2\/product"}],"about":[{"href":"https:\/\/www.purejewels.com\/tr\/wp-json\/wp\/v2\/types\/product"}],"replies":[{"embeddable":true,"href":"https:\/\/www.purejewels.com\/tr\/wp-json\/wp\/v2\/comments?post=334127"}],"version-history":[{"count":3,"href":"https:\/\/www.purejewels.com\/tr\/wp-json\/wp\/v2\/product\/334127\/revisions"}],"predecessor-version":[{"id":420248,"href":"https:\/\/www.purejewels.com\/tr\/wp-json\/wp\/v2\/product\/334127\/revisions\/420248"}],"wp:featuredmedia":[{"embeddable":true,"href":"https:\/\/www.purejewels.com\/tr\/wp-json\/wp\/v2\/media\/342648"}],"wp:attachment":[{"href":"https:\/\/www.purejewels.com\/tr\/wp-json\/wp\/v2\/media?parent=334127"}],"wp:term":[{"taxonomy":"product_brand","embeddable":true,"href":"https:\/\/www.purejewels.com\/tr\/wp-json\/wp\/v2\/product_brand?post=334127"},{"taxonomy":"product_cat","embeddable":true,"href":"https:\/\/www.purejewels.com\/tr\/wp-json\/wp\/v2\/product_cat?post=334127"},{"taxonomy":"product_tag","embeddable":true,"href":"https:\/\/www.purejewels.com\/tr\/wp-json\/wp\/v2\/product_tag?post=334127"}],"curies":[{"name":"wp","href":"https:\/\/api.w.org\/{rel}","templated":true}]}}