{"id":334132,"date":"2022-02-11T08:44:21","date_gmt":"2022-02-11T08:44:21","guid":{"rendered":"https:\/\/www.purejewels.com\/?post_type=product&#038;p=334132"},"modified":"2026-01-07T06:42:04","modified_gmt":"2026-01-07T06:42:04","slug":"18-ayar-pembe-altin-yuzuk-pirlanta-40794","status":"publish","type":"product","link":"https:\/\/www.purejewels.com\/tr\/product\/18ct-rose-gold-ring-diamond-40794\/","title":{"rendered":"18 Ayar Pembe Alt\u0131n P\u0131rlanta Y\u00fcz\u00fck"},"content":{"rendered":"<h3>\u0130lham kayna\u011f\u0131<\/h3>\n<p>Ya\u015famlar\u0131m\u0131z, do\u011fa, geometri ve sanat b\u00fcy\u00fck ilham kaynaklar\u0131d\u0131r. Bu nedenle, bu 18 ayar g\u00fcl <a href=\"https:\/\/www.purejewels.com\/tr\/product\/18ct-rose-gold-ruby-and-diamond-ring\/\">alt\u0131n p\u0131rlanta y\u00fcz\u00fck<\/a> a\u00e7\u0131k ve ak\u0131\u015fkan ya\u015famlardan ve geometrik siluetlerden ilham alarak tasarland\u0131. <a href=\"https:\/\/www.purejewels.com\/tr\/product-category\/22ct-gold-jewellery\/gold-rings\/\">Y\u00fcz\u00fckler<\/a> bug\u00fcn \u00e7ok \u00e7e\u015fitli stil ve tasar\u0131mlara sahiptir ve burada Purejewels'te sizin taraf\u0131n\u0131zdan se\u00e7ilmeye ve \u015fekillendirilmeye haz\u0131r bir\u00e7ok se\u00e7ene\u011fimiz bulunmaktad\u0131r.<\/p>\n<h3>Tasar\u0131m<\/h3>\n<p>Bu klasik \u00f6n\u00fc a\u00e7\u0131k 18 ayar pembe alt\u0131n p\u0131rlanta y\u00fcz\u00fck, l\u00fcks 18 ayar pembe alt\u0131ndan oyulmu\u015ftur ve m\u00fckemmel organik ama modern bir dokunu\u015fa sahiptir. Tasar\u0131m, a\u00e7\u0131k bir merkeze sahip a\u00e7\u0131k bir y\u00fcz\u00fck sap\u0131 ile ba\u015flar. Y\u00fcz\u00fck el i\u015f\u00e7ili\u011fiyle \u00fcretilmi\u015ftir ve y\u00fczeyde tereya\u011fl\u0131 ipek benzeri bir parlakl\u0131k elde etmek i\u00e7in m\u00fckemmel bir \u015fekilde parlat\u0131lm\u0131\u015ft\u0131r. Bu y\u00fcz\u00fc\u011f\u00fcn bir ucunda yemye\u015fil beyaz ince p\u0131rlantalarla karma\u015f\u0131k bir \u015fekilde s\u00fcslenmi\u015f armut bi\u00e7imli bir bile\u015fen bulunurken, di\u011fer taraf\u0131 da yemye\u015fil yuvarlak p\u0131rlantalarla s\u00fcslenmi\u015f olduk\u00e7a geometrik bir dokunu\u015fa sahiptir. Bu p\u0131rlantalar sertifikal\u0131 ve etik kaynakl\u0131d\u0131r.<\/p>\n<h3>Stil<\/h3>\n<p>Bu minimal ama \u015f\u0131k aksesuar, t\u00fcm k\u0131yafetleriniz ve farkl\u0131 durumlar i\u00e7in m\u00fckemmeldir. Tek ba\u015f\u0131na tak\u0131ld\u0131\u011f\u0131nda kendinden ge\u00e7mi\u015f gibi g\u00f6r\u00fcnse de, bunu koleksiyonunuzdaki di\u011fer y\u00fcz\u00fcklerle \u00fcst \u00fcste takabilir veya geni\u015f \u00fcst \u00fcste tak\u0131labilir y\u00fcz\u00fck yelpazemizden se\u00e7im yapabilirsiniz. <strong>18 ayar pembe alt\u0131n y\u00fcz\u00fckler<\/strong> \u015f\u0131k g\u00f6r\u00fcn\u00fcm\u00fcn\u00fcze katk\u0131da bulunabilir. Her \u015feyin \u00f6tesinde, bu g\u00fczellik bir sunum kutusu ve bir p\u0131rlanta sertifikas\u0131 ile birlikte geliyor.<\/p>","protected":false},"excerpt":{"rendered":"<ul>\n<li style=\"list-style-type: none;\">\n<ul>\n<li>Pembe Alt\u0131n P\u0131rlanta Y\u00fcz\u00fck<\/li>\n<li>P\u0131rlanta A\u011f\u0131rl\u0131\u011f\u0131 0,27 karat<\/li>\n<li>A\u011f\u0131rl\u0131k 3,77 gms<\/li>\n<li>Y\u00fcz\u00fck \u00f6l\u00e7\u00fcs\u00fc. Ayarlanabilir<\/li>\n<li>SKU. 40794<\/li>\n<li>Elmas sertifikas\u0131 ile birlikte gelir<\/li>\n<li>T\u00fcm fiyatlara KDV dahildir<\/li>\n<li>T\u00fcm \u00fcr\u00fcnlerimiz London Assay Office taraf\u0131ndan damgalanm\u0131\u015ft\u0131r<\/li>\n<li>Sunum Kutusu ile Birlikte Gelir<\/li>\n<li>Teslimat Dahil<\/li>\n<li>M\u00fcsaitlik durumu ve ki\u015fiselle\u015ftirilmi\u015f sevgililer g\u00fcn\u00fc m\u00fccevherlerinin daha fazla g\u00f6r\u00fcnt\u00fcs\u00fc i\u00e7in bizimle canl\u0131 sohbet edin<\/li>\n<\/ul>\n<\/li>\n<\/ul>\n<p>&nbsp;<\/p>\n<p>&nbsp;<\/p>","protected":false},"featured_media":334212,"comment_status":"closed","ping_status":"closed","template":"","meta":{"_eb_attr":"","_crsspst_to_jayantr4sg-hostcom":false},"product_brand":[],"product_cat":[1679,1791,1559,1794,5371,1783,1786,246,5354,1569,1573,1574],"product_tag":[64],"class_list":{"0":"post-334132","1":"product","2":"type-product","3":"status-publish","4":"has-post-thumbnail","6":"product_cat-18ct-gold-rings","7":"product_cat-anniversary-gifts","8":"product_cat-birthday-gifts","9":"product_cat-christmas-gifts","10":"product_cat-jewellery-for-hands","11":"product_cat-ladies-rings","12":"product_cat-occasional-wear-rings","13":"product_cat-rose-gold-collections","14":"product_cat-rose-gold-jewellery","15":"product_cat-valentine-day-gifts","16":"product_cat-wedding-gifts","17":"product_cat-womens-jewellery","18":"product_tag-rings","20":"first","21":"outofstock","22":"taxable","23":"shipping-taxable","24":"product-type-simple","25":"add-to-wishlist-before_image"},"yoast_head":"<!-- This site is optimized with the Yoast SEO plugin v27.3 - https:\/\/yoast.com\/product\/yoast-seo-wordpress\/ -->\n<title>18ct Rose Gold Diamond Ring | Diamond Rings Online<\/title>\n<meta name=\"description\" content=\"Perfect the occasion for the special you with PureJewels&#039;s beautiful and quality jewellery. Buy Real Gold &amp; Diamond jewellery online.\" \/>\n<meta name=\"robots\" content=\"index, follow, max-snippet:-1, max-image-preview:large, max-video-preview:-1\" \/>\n<link rel=\"canonical\" href=\"https:\/\/www.purejewels.com\/tr\/urun\/18-ayar-pembe-altin-yuzuk-pirlanta-40794\/\" \/>\n<meta property=\"og:locale\" content=\"tr_TR\" \/>\n<meta property=\"og:type\" content=\"article\" \/>\n<meta property=\"og:title\" content=\"18ct Rose Gold Diamond Ring | Diamond Rings Online\" \/>\n<meta property=\"og:description\" content=\"Perfect the occasion for the special you with PureJewels&#039;s beautiful and quality jewellery. Buy Real Gold &amp; Diamond jewellery online.\" \/>\n<meta property=\"og:url\" content=\"https:\/\/www.purejewels.com\/tr\/urun\/18-ayar-pembe-altin-yuzuk-pirlanta-40794\/\" \/>\n<meta property=\"og:site_name\" content=\"PureJewels UK\" \/>\n<meta property=\"article:modified_time\" content=\"2026-01-07T06:42:04+00:00\" \/>\n<meta property=\"og:image\" content=\"https:\/\/www.purejewels.com\/wp-content\/uploads\/2022\/02\/40794-3.jpg\" \/>\n\t<meta property=\"og:image:width\" content=\"1000\" \/>\n\t<meta property=\"og:image:height\" content=\"1000\" \/>\n\t<meta property=\"og:image:type\" content=\"image\/jpeg\" \/>\n<meta name=\"twitter:card\" content=\"summary_large_image\" \/>\n<meta name=\"twitter:label1\" content=\"Tahmini okuma s\u00fcresi\" \/>\n\t<meta name=\"twitter:data1\" content=\"2 dakika\" \/>\n<script type=\"application\/ld+json\" class=\"yoast-schema-graph\">{\"@context\":\"https:\\\/\\\/schema.org\",\"@graph\":[{\"@type\":[\"WebPage\",\"ItemPage\"],\"@id\":\"https:\\\/\\\/www.purejewels.com\\\/product\\\/18ct-rose-gold-ring-diamond-40794\\\/\",\"url\":\"https:\\\/\\\/www.purejewels.com\\\/product\\\/18ct-rose-gold-ring-diamond-40794\\\/\",\"name\":\"18ct Rose Gold Diamond Ring | Diamond Rings Online\",\"isPartOf\":{\"@id\":\"https:\\\/\\\/www.purejewels.com\\\/#website\"},\"primaryImageOfPage\":{\"@id\":\"https:\\\/\\\/www.purejewels.com\\\/product\\\/18ct-rose-gold-ring-diamond-40794\\\/#primaryimage\"},\"image\":{\"@id\":\"https:\\\/\\\/www.purejewels.com\\\/product\\\/18ct-rose-gold-ring-diamond-40794\\\/#primaryimage\"},\"thumbnailUrl\":\"https:\\\/\\\/static.purejewels.com\\\/wp-content\\\/uploads\\\/2022\\\/02\\\/40794-3.jpg\",\"datePublished\":\"2022-02-11T08:44:21+00:00\",\"dateModified\":\"2026-01-07T06:42:04+00:00\",\"description\":\"Perfect the occasion for the special you with PureJewels's beautiful and quality jewellery. Buy Real Gold & Diamond jewellery online.\",\"breadcrumb\":{\"@id\":\"https:\\\/\\\/www.purejewels.com\\\/product\\\/18ct-rose-gold-ring-diamond-40794\\\/#breadcrumb\"},\"inLanguage\":\"tr\",\"potentialAction\":[{\"@type\":\"ReadAction\",\"target\":[\"https:\\\/\\\/www.purejewels.com\\\/product\\\/18ct-rose-gold-ring-diamond-40794\\\/\"]}]},{\"@type\":\"ImageObject\",\"inLanguage\":\"tr\",\"@id\":\"https:\\\/\\\/www.purejewels.com\\\/product\\\/18ct-rose-gold-ring-diamond-40794\\\/#primaryimage\",\"url\":\"https:\\\/\\\/static.purejewels.com\\\/wp-content\\\/uploads\\\/2022\\\/02\\\/40794-3.jpg\",\"contentUrl\":\"https:\\\/\\\/static.purejewels.com\\\/wp-content\\\/uploads\\\/2022\\\/02\\\/40794-3.jpg\",\"width\":1000,\"height\":1000},{\"@type\":\"BreadcrumbList\",\"@id\":\"https:\\\/\\\/www.purejewels.com\\\/product\\\/18ct-rose-gold-ring-diamond-40794\\\/#breadcrumb\",\"itemListElement\":[{\"@type\":\"ListItem\",\"position\":1,\"name\":\"Home\",\"item\":\"https:\\\/\\\/www.purejewels.com\\\/\"},{\"@type\":\"ListItem\",\"position\":2,\"name\":\"Shop\",\"item\":\"https:\\\/\\\/www.purejewels.com\\\/shop\\\/\"},{\"@type\":\"ListItem\",\"position\":3,\"name\":\"18ct Rose Gold Diamond Ring\"}]},{\"@type\":\"WebSite\",\"@id\":\"https:\\\/\\\/www.purejewels.com\\\/#website\",\"url\":\"https:\\\/\\\/www.purejewels.com\\\/\",\"name\":\"PureJewels UK\",\"description\":\"Share the Love\",\"publisher\":{\"@id\":\"https:\\\/\\\/www.purejewels.com\\\/#organization\"},\"potentialAction\":[{\"@type\":\"SearchAction\",\"target\":{\"@type\":\"EntryPoint\",\"urlTemplate\":\"https:\\\/\\\/www.purejewels.com\\\/?s={search_term_string}\"},\"query-input\":{\"@type\":\"PropertyValueSpecification\",\"valueRequired\":true,\"valueName\":\"search_term_string\"}}],\"inLanguage\":\"tr\"},{\"@type\":\"Organization\",\"@id\":\"https:\\\/\\\/www.purejewels.com\\\/#organization\",\"name\":\"PureJewels UK\",\"url\":\"https:\\\/\\\/www.purejewels.com\\\/\",\"logo\":{\"@type\":\"ImageObject\",\"inLanguage\":\"tr\",\"@id\":\"https:\\\/\\\/www.purejewels.com\\\/#\\\/schema\\\/logo\\\/image\\\/\",\"url\":\"https:\\\/\\\/static.purejewels.com\\\/wp-content\\\/uploads\\\/2020\\\/11\\\/Logo-PJ-New-1.png\",\"contentUrl\":\"https:\\\/\\\/static.purejewels.com\\\/wp-content\\\/uploads\\\/2020\\\/11\\\/Logo-PJ-New-1.png\",\"width\":150,\"height\":80,\"caption\":\"PureJewels UK\"},\"image\":{\"@id\":\"https:\\\/\\\/www.purejewels.com\\\/#\\\/schema\\\/logo\\\/image\\\/\"}}]}<\/script>\n<!-- \/ Yoast SEO plugin. -->","yoast_head_json":{"title":"18 Ayar Pembe Alt\u0131n P\u0131rlanta Y\u00fcz\u00fck | P\u0131rlanta Y\u00fcz\u00fckler Online","description":"PureJewels'in birbirinden g\u00fczel ve kaliteli m\u00fccevherleri ile \u00f6zel g\u00fcn\u00fcn\u00fcz\u00fc m\u00fckemmelle\u015ftirin. Ger\u00e7ek Alt\u0131n ve P\u0131rlanta m\u00fccevherleri online sat\u0131n al\u0131n.","robots":{"index":"index","follow":"follow","max-snippet":"max-snippet:-1","max-image-preview":"max-image-preview:large","max-video-preview":"max-video-preview:-1"},"canonical":"https:\/\/www.purejewels.com\/tr\/urun\/18-ayar-pembe-altin-yuzuk-pirlanta-40794\/","og_locale":"tr_TR","og_type":"article","og_title":"18ct Rose Gold Diamond Ring | Diamond Rings Online","og_description":"Perfect the occasion for the special you with PureJewels's beautiful and quality jewellery. Buy Real Gold & Diamond jewellery online.","og_url":"https:\/\/www.purejewels.com\/tr\/urun\/18-ayar-pembe-altin-yuzuk-pirlanta-40794\/","og_site_name":"PureJewels UK","article_modified_time":"2026-01-07T06:42:04+00:00","og_image":[{"width":1000,"height":1000,"url":"https:\/\/www.purejewels.com\/wp-content\/uploads\/2022\/02\/40794-3.jpg","type":"image\/jpeg"}],"twitter_card":"summary_large_image","twitter_misc":{"Tahmini okuma s\u00fcresi":"2 dakika"},"schema":{"@context":"https:\/\/schema.org","@graph":[{"@type":["WebPage","ItemPage"],"@id":"https:\/\/www.purejewels.com\/product\/18ct-rose-gold-ring-diamond-40794\/","url":"https:\/\/www.purejewels.com\/product\/18ct-rose-gold-ring-diamond-40794\/","name":"18 Ayar Pembe Alt\u0131n P\u0131rlanta Y\u00fcz\u00fck | P\u0131rlanta Y\u00fcz\u00fckler Online","isPartOf":{"@id":"https:\/\/www.purejewels.com\/#website"},"primaryImageOfPage":{"@id":"https:\/\/www.purejewels.com\/product\/18ct-rose-gold-ring-diamond-40794\/#primaryimage"},"image":{"@id":"https:\/\/www.purejewels.com\/product\/18ct-rose-gold-ring-diamond-40794\/#primaryimage"},"thumbnailUrl":"https:\/\/static.purejewels.com\/wp-content\/uploads\/2022\/02\/40794-3.jpg","datePublished":"2022-02-11T08:44:21+00:00","dateModified":"2026-01-07T06:42:04+00:00","description":"PureJewels'in birbirinden g\u00fczel ve kaliteli m\u00fccevherleri ile \u00f6zel g\u00fcn\u00fcn\u00fcz\u00fc m\u00fckemmelle\u015ftirin. Ger\u00e7ek Alt\u0131n ve P\u0131rlanta m\u00fccevherleri online sat\u0131n al\u0131n.","breadcrumb":{"@id":"https:\/\/www.purejewels.com\/product\/18ct-rose-gold-ring-diamond-40794\/#breadcrumb"},"inLanguage":"tr","potentialAction":[{"@type":"ReadAction","target":["https:\/\/www.purejewels.com\/product\/18ct-rose-gold-ring-diamond-40794\/"]}]},{"@type":"ImageObject","inLanguage":"tr","@id":"https:\/\/www.purejewels.com\/product\/18ct-rose-gold-ring-diamond-40794\/#primaryimage","url":"https:\/\/static.purejewels.com\/wp-content\/uploads\/2022\/02\/40794-3.jpg","contentUrl":"https:\/\/static.purejewels.com\/wp-content\/uploads\/2022\/02\/40794-3.jpg","width":1000,"height":1000},{"@type":"BreadcrumbList","@id":"https:\/\/www.purejewels.com\/product\/18ct-rose-gold-ring-diamond-40794\/#breadcrumb","itemListElement":[{"@type":"ListItem","position":1,"name":"Home","item":"https:\/\/www.purejewels.com\/"},{"@type":"ListItem","position":2,"name":"Shop","item":"https:\/\/www.purejewels.com\/shop\/"},{"@type":"ListItem","position":3,"name":"18ct Rose Gold Diamond Ring"}]},{"@type":"WebSite","@id":"https:\/\/www.purejewels.com\/#website","url":"https:\/\/www.purejewels.com\/","name":"PureJewels \u0130ngiltere","description":"Sevgiyi Payla\u015f\u0131n","publisher":{"@id":"https:\/\/www.purejewels.com\/#organization"},"potentialAction":[{"@type":"SearchAction","target":{"@type":"EntryPoint","urlTemplate":"https:\/\/www.purejewels.com\/?s={search_term_string}"},"query-input":{"@type":"PropertyValueSpecification","valueRequired":true,"valueName":"search_term_string"}}],"inLanguage":"tr"},{"@type":"Organization","@id":"https:\/\/www.purejewels.com\/#organization","name":"PureJewels \u0130ngiltere","url":"https:\/\/www.purejewels.com\/","logo":{"@type":"ImageObject","inLanguage":"tr","@id":"https:\/\/www.purejewels.com\/#\/schema\/logo\/image\/","url":"https:\/\/static.purejewels.com\/wp-content\/uploads\/2020\/11\/Logo-PJ-New-1.png","contentUrl":"https:\/\/static.purejewels.com\/wp-content\/uploads\/2020\/11\/Logo-PJ-New-1.png","width":150,"height":80,"caption":"PureJewels UK"},"image":{"@id":"https:\/\/www.purejewels.com\/#\/schema\/logo\/image\/"}}]}},"_links":{"self":[{"href":"https:\/\/www.purejewels.com\/tr\/wp-json\/wp\/v2\/product\/334132","targetHints":{"allow":["GET"]}}],"collection":[{"href":"https:\/\/www.purejewels.com\/tr\/wp-json\/wp\/v2\/product"}],"about":[{"href":"https:\/\/www.purejewels.com\/tr\/wp-json\/wp\/v2\/types\/product"}],"replies":[{"embeddable":true,"href":"https:\/\/www.purejewels.com\/tr\/wp-json\/wp\/v2\/comments?post=334132"}],"version-history":[{"count":0,"href":"https:\/\/www.purejewels.com\/tr\/wp-json\/wp\/v2\/product\/334132\/revisions"}],"wp:featuredmedia":[{"embeddable":true,"href":"https:\/\/www.purejewels.com\/tr\/wp-json\/wp\/v2\/media\/334212"}],"wp:attachment":[{"href":"https:\/\/www.purejewels.com\/tr\/wp-json\/wp\/v2\/media?parent=334132"}],"wp:term":[{"taxonomy":"product_brand","embeddable":true,"href":"https:\/\/www.purejewels.com\/tr\/wp-json\/wp\/v2\/product_brand?post=334132"},{"taxonomy":"product_cat","embeddable":true,"href":"https:\/\/www.purejewels.com\/tr\/wp-json\/wp\/v2\/product_cat?post=334132"},{"taxonomy":"product_tag","embeddable":true,"href":"https:\/\/www.purejewels.com\/tr\/wp-json\/wp\/v2\/product_tag?post=334132"}],"curies":[{"name":"wp","href":"https:\/\/api.w.org\/{rel}","templated":true}]}}