{"id":334136,"date":"2022-02-11T08:51:27","date_gmt":"2022-02-11T08:51:27","guid":{"rendered":"https:\/\/www.purejewels.com\/?post_type=product&#038;p=334136"},"modified":"2026-01-07T06:42:04","modified_gmt":"2026-01-07T06:42:04","slug":"pirlanta-ve-safir-yuzuk-40805","status":"publish","type":"product","link":"https:\/\/www.purejewels.com\/tr\/product\/diamond-and-sapphire-ring-40805\/","title":{"rendered":"18 Ayar Beyaz Alt\u0131ndan P\u0131rlanta &amp; Safir Ta\u015fl\u0131 Y\u00fcz\u00fck"},"content":{"rendered":"<h3>\u0130lham kayna\u011f\u0131<\/h3>\n<p>Do\u011fa ve \u00e7evremizdeki \u015feyler b\u00fcy\u00fck ilham kaynaklar\u0131d\u0131r. Bu nedenle, bu y\u00fcz\u00fck a\u00e7\u0131k ve ak\u0131\u015fkan ya\u015famlardan ve bir ipin ham ve tekrarlayan siluetinden ilham al\u0131narak tasarlanm\u0131\u015ft\u0131r. G\u00fcn\u00fcm\u00fczde y\u00fcz\u00fckler \u00e7ok \u00e7e\u015fitli stil ve tasar\u0131mlara sahiptir ve burada, Purejewels'te, sizin taraf\u0131n\u0131zdan se\u00e7ilmeye ve \u015fekillendirilmeye haz\u0131r bir\u00e7ok se\u00e7ene\u011fimiz bulunmaktad\u0131r.<\/p>\n<h3>Tasar\u0131m<\/h3>\n<p>Bu klasik \u00f6n\u00fc a\u00e7\u0131k safir ve <strong>elmas y\u00fcz\u00fck<\/strong> l\u00fcks 18 ayar beyaz alt\u0131ndan yontulmu\u015ftur ve k\u0131vr\u0131ml\u0131 ve hassas bir \u015fekilde parlat\u0131lm\u0131\u015ft\u0131r. Halat yap\u0131s\u0131 elle elde edilmi\u015f ve y\u00fczeyde ipek gibi bir parlakl\u0131k elde etmek i\u00e7in m\u00fckemmel bir \u015fekilde parlat\u0131lm\u0131\u015ft\u0131r. Bu p\u0131rlanta ve safir ni\u015fan y\u00fcz\u00fc\u011f\u00fcn\u00fcn merkezi a\u00e7\u0131kt\u0131r ve iki g\u00fczel ucu vard\u0131r. Bir taraf p\u0131rlanta \u00e7ivili bir pensle sonlan\u0131rken, di\u011fer taraf merkezinde b\u00fcy\u00fcleyici bir mavi safir bulunan dikd\u00f6rtgen p\u0131rlanta setli bir pensle sonlan\u0131r.<\/p>\n<h3>Stil<\/h3>\n<p>Bu minimal ama \u015f\u0131k aksesuar, t\u00fcm k\u0131yafetleriniz ve \u00e7e\u015fitli durumlar i\u00e7in m\u00fckemmeldir. Mavi safir inan\u00e7 ve umut anlam\u0131na gelir, bu nedenle sizin i\u00e7in mutlak bir zorunluluktur. Her ne kadar bu safir ve p\u0131rlanta <a href=\"https:\/\/www.purejewels.com\/tr\/eternity-rings\/\">sonsuzluk y\u00fcz\u00fc\u011f\u00fc<\/a> Tek ba\u015f\u0131na tak\u0131ld\u0131\u011f\u0131nda mest edici g\u00f6r\u00fcnen bu y\u00fcz\u00fc\u011f\u00fc koleksiyonunuzdaki di\u011fer y\u00fcz\u00fcklerle \u00fcst \u00fcste takabilir ya da \u00fcst \u00fcste tak\u0131labilen geni\u015f y\u00fcz\u00fck yelpazemizden birini se\u00e7erek biraz daha e\u011flence ve ihti\u015fam katabilirsiniz. Her \u015feyin \u00f6tesinde, bu g\u00fczellik bir SGL sertifikas\u0131 ile birlikte bir sunum kutusuyla birlikte geliyor.<\/p>","protected":false},"excerpt":{"rendered":"<ul>\n<li style=\"list-style-type: none\">\n<ul>\n<li>P\u0131rlanta ve Safir Ta\u015fl\u0131 18 Ayar Alt\u0131n Y\u00fcz\u00fck<\/li>\n<li>P\u0131rlanta A\u011f\u0131rl\u0131\u011f\u0131 0.0.215ct<\/li>\n<li>Safir A\u011f\u0131rl\u0131\u011f\u0131 0.72ct<\/li>\n<li>Y\u00fcz\u00fck \u00f6l\u00e7\u00fcs\u00fc. Ayarlanabilir<\/li>\n<li>SKU. 40805<\/li>\n<li>SGL sertifikas\u0131 ile birlikte gelir<\/li>\n<li>T\u00fcm fiyatlara KDV dahildir<\/li>\n<li>T\u00fcm \u00fcr\u00fcnlerimiz London Assay Office taraf\u0131ndan damgalanm\u0131\u015ft\u0131r<\/li>\n<li>Sunum Kutusu ile Birlikte Gelir<\/li>\n<li>Teslimat Dahil<\/li>\n<li>M\u00fcsaitlik durumu ve ki\u015fiselle\u015ftirilmi\u015f sevgililer g\u00fcn\u00fc m\u00fccevherlerinin daha fazla g\u00f6r\u00fcnt\u00fcs\u00fc i\u00e7in bizimle canl\u0131 sohbet edin<\/li>\n<\/ul>\n<\/li>\n<\/ul>\n<p>&nbsp;<\/p>\n<p>&nbsp;<\/p>","protected":false},"featured_media":334214,"comment_status":"closed","ping_status":"closed","template":"","meta":{"_eb_attr":"","_crsspst_to_jayantr4sg-hostcom":false},"product_brand":[],"product_cat":[1679,1791,1559,1794,1783,1786,1569,1573,5348,1574],"product_tag":[64],"class_list":{"0":"post-334136","1":"product","2":"type-product","3":"status-publish","4":"has-post-thumbnail","6":"product_cat-18ct-gold-rings","7":"product_cat-anniversary-gifts","8":"product_cat-birthday-gifts","9":"product_cat-christmas-gifts","10":"product_cat-ladies-rings","11":"product_cat-occasional-wear-rings","12":"product_cat-valentine-day-gifts","13":"product_cat-wedding-gifts","14":"product_cat-white-gold-jewellery","15":"product_cat-womens-jewellery","16":"product_tag-rings","18":"first","19":"outofstock","20":"taxable","21":"shipping-taxable","22":"product-type-simple","23":"add-to-wishlist-before_image"},"yoast_head":"<!-- This site is optimized with the Yoast SEO plugin v27.5 - https:\/\/yoast.com\/product\/yoast-seo-wordpress\/ -->\n<title>18ct Gold Diamond and Sapphire Ring | Diamond Rings Online<\/title>\n<meta name=\"description\" content=\"Perfect your occasion with PureJewels&#039;s beautiful and quality Real Gold &amp; Diamond jewellery. Buy Diamond Jewellery online Today!\" \/>\n<meta name=\"robots\" content=\"index, follow, max-snippet:-1, max-image-preview:large, max-video-preview:-1\" \/>\n<link rel=\"canonical\" href=\"https:\/\/www.purejewels.com\/tr\/urun\/pirlanta-ve-safir-yuzuk-40805\/\" \/>\n<meta property=\"og:locale\" content=\"tr_TR\" \/>\n<meta property=\"og:type\" content=\"article\" \/>\n<meta property=\"og:title\" content=\"18ct Gold Diamond and Sapphire Ring | Diamond Rings Online\" \/>\n<meta property=\"og:description\" content=\"Perfect your occasion with PureJewels&#039;s beautiful and quality Real Gold &amp; Diamond jewellery. Buy Diamond Jewellery online Today!\" \/>\n<meta property=\"og:url\" content=\"https:\/\/www.purejewels.com\/tr\/urun\/pirlanta-ve-safir-yuzuk-40805\/\" \/>\n<meta property=\"og:site_name\" content=\"PureJewels UK\" \/>\n<meta property=\"article:modified_time\" content=\"2026-01-07T06:42:04+00:00\" \/>\n<meta property=\"og:image\" content=\"https:\/\/www.purejewels.com\/wp-content\/uploads\/2022\/02\/40805-1.jpg\" \/>\n\t<meta property=\"og:image:width\" content=\"1000\" \/>\n\t<meta property=\"og:image:height\" content=\"1000\" \/>\n\t<meta property=\"og:image:type\" content=\"image\/jpeg\" \/>\n<meta name=\"twitter:card\" content=\"summary_large_image\" \/>\n<meta name=\"twitter:label1\" content=\"Tahmini okuma s\u00fcresi\" \/>\n\t<meta name=\"twitter:data1\" content=\"2 dakika\" \/>\n<script type=\"application\/ld+json\" class=\"yoast-schema-graph\">{\"@context\":\"https:\\\/\\\/schema.org\",\"@graph\":[{\"@type\":[\"WebPage\",\"ItemPage\"],\"@id\":\"https:\\\/\\\/www.purejewels.com\\\/product\\\/diamond-and-sapphire-ring-40805\\\/\",\"url\":\"https:\\\/\\\/www.purejewels.com\\\/product\\\/diamond-and-sapphire-ring-40805\\\/\",\"name\":\"18ct Gold Diamond and Sapphire Ring | Diamond Rings Online\",\"isPartOf\":{\"@id\":\"https:\\\/\\\/www.purejewels.com\\\/#website\"},\"primaryImageOfPage\":{\"@id\":\"https:\\\/\\\/www.purejewels.com\\\/product\\\/diamond-and-sapphire-ring-40805\\\/#primaryimage\"},\"image\":{\"@id\":\"https:\\\/\\\/www.purejewels.com\\\/product\\\/diamond-and-sapphire-ring-40805\\\/#primaryimage\"},\"thumbnailUrl\":\"https:\\\/\\\/static.purejewels.com\\\/wp-content\\\/uploads\\\/2022\\\/02\\\/40805-1.jpg\",\"datePublished\":\"2022-02-11T08:51:27+00:00\",\"dateModified\":\"2026-01-07T06:42:04+00:00\",\"description\":\"Perfect your occasion with PureJewels's beautiful and quality Real Gold & Diamond jewellery. Buy Diamond Jewellery online Today!\",\"breadcrumb\":{\"@id\":\"https:\\\/\\\/www.purejewels.com\\\/product\\\/diamond-and-sapphire-ring-40805\\\/#breadcrumb\"},\"inLanguage\":\"tr\",\"potentialAction\":[{\"@type\":\"ReadAction\",\"target\":[\"https:\\\/\\\/www.purejewels.com\\\/product\\\/diamond-and-sapphire-ring-40805\\\/\"]}]},{\"@type\":\"ImageObject\",\"inLanguage\":\"tr\",\"@id\":\"https:\\\/\\\/www.purejewels.com\\\/product\\\/diamond-and-sapphire-ring-40805\\\/#primaryimage\",\"url\":\"https:\\\/\\\/static.purejewels.com\\\/wp-content\\\/uploads\\\/2022\\\/02\\\/40805-1.jpg\",\"contentUrl\":\"https:\\\/\\\/static.purejewels.com\\\/wp-content\\\/uploads\\\/2022\\\/02\\\/40805-1.jpg\",\"width\":1000,\"height\":1000},{\"@type\":\"BreadcrumbList\",\"@id\":\"https:\\\/\\\/www.purejewels.com\\\/product\\\/diamond-and-sapphire-ring-40805\\\/#breadcrumb\",\"itemListElement\":[{\"@type\":\"ListItem\",\"position\":1,\"name\":\"Home\",\"item\":\"https:\\\/\\\/www.purejewels.com\\\/\"},{\"@type\":\"ListItem\",\"position\":2,\"name\":\"Shop\",\"item\":\"https:\\\/\\\/www.purejewels.com\\\/shop\\\/\"},{\"@type\":\"ListItem\",\"position\":3,\"name\":\"Diamond &amp; Sapphire Stone Ring in 18ct White Gold\"}]},{\"@type\":\"WebSite\",\"@id\":\"https:\\\/\\\/www.purejewels.com\\\/#website\",\"url\":\"https:\\\/\\\/www.purejewels.com\\\/\",\"name\":\"PureJewels UK\",\"description\":\"Share the Love\",\"publisher\":{\"@id\":\"https:\\\/\\\/www.purejewels.com\\\/#organization\"},\"potentialAction\":[{\"@type\":\"SearchAction\",\"target\":{\"@type\":\"EntryPoint\",\"urlTemplate\":\"https:\\\/\\\/www.purejewels.com\\\/?s={search_term_string}\"},\"query-input\":{\"@type\":\"PropertyValueSpecification\",\"valueRequired\":true,\"valueName\":\"search_term_string\"}}],\"inLanguage\":\"tr\"},{\"@type\":\"Organization\",\"@id\":\"https:\\\/\\\/www.purejewels.com\\\/#organization\",\"name\":\"PureJewels UK\",\"url\":\"https:\\\/\\\/www.purejewels.com\\\/\",\"logo\":{\"@type\":\"ImageObject\",\"inLanguage\":\"tr\",\"@id\":\"https:\\\/\\\/www.purejewels.com\\\/#\\\/schema\\\/logo\\\/image\\\/\",\"url\":\"https:\\\/\\\/static.purejewels.com\\\/wp-content\\\/uploads\\\/2020\\\/11\\\/Logo-PJ-New-1.png\",\"contentUrl\":\"https:\\\/\\\/static.purejewels.com\\\/wp-content\\\/uploads\\\/2020\\\/11\\\/Logo-PJ-New-1.png\",\"width\":150,\"height\":80,\"caption\":\"PureJewels UK\"},\"image\":{\"@id\":\"https:\\\/\\\/www.purejewels.com\\\/#\\\/schema\\\/logo\\\/image\\\/\"}}]}<\/script>\n<!-- \/ Yoast SEO plugin. -->","yoast_head_json":{"title":"18 Ayar Alt\u0131n P\u0131rlanta ve Safir Y\u00fcz\u00fck | P\u0131rlanta Y\u00fcz\u00fckler Online","description":"PureJewels'in g\u00fczel ve kaliteli Ger\u00e7ek Alt\u0131n ve P\u0131rlanta m\u00fccevherleri ile f\u0131rsat\u0131n\u0131z\u0131 m\u00fckemmelle\u015ftirin. P\u0131rlanta M\u00fccevherleri Bug\u00fcn Online Sat\u0131n Al\u0131n!","robots":{"index":"index","follow":"follow","max-snippet":"max-snippet:-1","max-image-preview":"max-image-preview:large","max-video-preview":"max-video-preview:-1"},"canonical":"https:\/\/www.purejewels.com\/tr\/urun\/pirlanta-ve-safir-yuzuk-40805\/","og_locale":"tr_TR","og_type":"article","og_title":"18ct Gold Diamond and Sapphire Ring | Diamond Rings Online","og_description":"Perfect your occasion with PureJewels's beautiful and quality Real Gold & Diamond jewellery. Buy Diamond Jewellery online Today!","og_url":"https:\/\/www.purejewels.com\/tr\/urun\/pirlanta-ve-safir-yuzuk-40805\/","og_site_name":"PureJewels UK","article_modified_time":"2026-01-07T06:42:04+00:00","og_image":[{"width":1000,"height":1000,"url":"https:\/\/www.purejewels.com\/wp-content\/uploads\/2022\/02\/40805-1.jpg","type":"image\/jpeg"}],"twitter_card":"summary_large_image","twitter_misc":{"Tahmini okuma s\u00fcresi":"2 dakika"},"schema":{"@context":"https:\/\/schema.org","@graph":[{"@type":["WebPage","ItemPage"],"@id":"https:\/\/www.purejewels.com\/product\/diamond-and-sapphire-ring-40805\/","url":"https:\/\/www.purejewels.com\/product\/diamond-and-sapphire-ring-40805\/","name":"18 Ayar Alt\u0131n P\u0131rlanta ve Safir Y\u00fcz\u00fck | P\u0131rlanta Y\u00fcz\u00fckler Online","isPartOf":{"@id":"https:\/\/www.purejewels.com\/#website"},"primaryImageOfPage":{"@id":"https:\/\/www.purejewels.com\/product\/diamond-and-sapphire-ring-40805\/#primaryimage"},"image":{"@id":"https:\/\/www.purejewels.com\/product\/diamond-and-sapphire-ring-40805\/#primaryimage"},"thumbnailUrl":"https:\/\/static.purejewels.com\/wp-content\/uploads\/2022\/02\/40805-1.jpg","datePublished":"2022-02-11T08:51:27+00:00","dateModified":"2026-01-07T06:42:04+00:00","description":"PureJewels'in g\u00fczel ve kaliteli Ger\u00e7ek Alt\u0131n ve P\u0131rlanta m\u00fccevherleri ile f\u0131rsat\u0131n\u0131z\u0131 m\u00fckemmelle\u015ftirin. P\u0131rlanta M\u00fccevherleri Bug\u00fcn Online Sat\u0131n Al\u0131n!","breadcrumb":{"@id":"https:\/\/www.purejewels.com\/product\/diamond-and-sapphire-ring-40805\/#breadcrumb"},"inLanguage":"tr","potentialAction":[{"@type":"ReadAction","target":["https:\/\/www.purejewels.com\/product\/diamond-and-sapphire-ring-40805\/"]}]},{"@type":"ImageObject","inLanguage":"tr","@id":"https:\/\/www.purejewels.com\/product\/diamond-and-sapphire-ring-40805\/#primaryimage","url":"https:\/\/static.purejewels.com\/wp-content\/uploads\/2022\/02\/40805-1.jpg","contentUrl":"https:\/\/static.purejewels.com\/wp-content\/uploads\/2022\/02\/40805-1.jpg","width":1000,"height":1000},{"@type":"BreadcrumbList","@id":"https:\/\/www.purejewels.com\/product\/diamond-and-sapphire-ring-40805\/#breadcrumb","itemListElement":[{"@type":"ListItem","position":1,"name":"Home","item":"https:\/\/www.purejewels.com\/"},{"@type":"ListItem","position":2,"name":"Shop","item":"https:\/\/www.purejewels.com\/shop\/"},{"@type":"ListItem","position":3,"name":"Diamond &amp; Sapphire Stone Ring in 18ct White Gold"}]},{"@type":"WebSite","@id":"https:\/\/www.purejewels.com\/#website","url":"https:\/\/www.purejewels.com\/","name":"PureJewels \u0130ngiltere","description":"Sevgiyi Payla\u015f\u0131n","publisher":{"@id":"https:\/\/www.purejewels.com\/#organization"},"potentialAction":[{"@type":"SearchAction","target":{"@type":"EntryPoint","urlTemplate":"https:\/\/www.purejewels.com\/?s={search_term_string}"},"query-input":{"@type":"PropertyValueSpecification","valueRequired":true,"valueName":"search_term_string"}}],"inLanguage":"tr"},{"@type":"Organization","@id":"https:\/\/www.purejewels.com\/#organization","name":"PureJewels \u0130ngiltere","url":"https:\/\/www.purejewels.com\/","logo":{"@type":"ImageObject","inLanguage":"tr","@id":"https:\/\/www.purejewels.com\/#\/schema\/logo\/image\/","url":"https:\/\/static.purejewels.com\/wp-content\/uploads\/2020\/11\/Logo-PJ-New-1.png","contentUrl":"https:\/\/static.purejewels.com\/wp-content\/uploads\/2020\/11\/Logo-PJ-New-1.png","width":150,"height":80,"caption":"PureJewels UK"},"image":{"@id":"https:\/\/www.purejewels.com\/#\/schema\/logo\/image\/"}}]}},"_links":{"self":[{"href":"https:\/\/www.purejewels.com\/tr\/wp-json\/wp\/v2\/product\/334136","targetHints":{"allow":["GET"]}}],"collection":[{"href":"https:\/\/www.purejewels.com\/tr\/wp-json\/wp\/v2\/product"}],"about":[{"href":"https:\/\/www.purejewels.com\/tr\/wp-json\/wp\/v2\/types\/product"}],"replies":[{"embeddable":true,"href":"https:\/\/www.purejewels.com\/tr\/wp-json\/wp\/v2\/comments?post=334136"}],"version-history":[{"count":0,"href":"https:\/\/www.purejewels.com\/tr\/wp-json\/wp\/v2\/product\/334136\/revisions"}],"wp:featuredmedia":[{"embeddable":true,"href":"https:\/\/www.purejewels.com\/tr\/wp-json\/wp\/v2\/media\/334214"}],"wp:attachment":[{"href":"https:\/\/www.purejewels.com\/tr\/wp-json\/wp\/v2\/media?parent=334136"}],"wp:term":[{"taxonomy":"product_brand","embeddable":true,"href":"https:\/\/www.purejewels.com\/tr\/wp-json\/wp\/v2\/product_brand?post=334136"},{"taxonomy":"product_cat","embeddable":true,"href":"https:\/\/www.purejewels.com\/tr\/wp-json\/wp\/v2\/product_cat?post=334136"},{"taxonomy":"product_tag","embeddable":true,"href":"https:\/\/www.purejewels.com\/tr\/wp-json\/wp\/v2\/product_tag?post=334136"}],"curies":[{"name":"wp","href":"https:\/\/api.w.org\/{rel}","templated":true}]}}