{"id":334143,"date":"2022-02-11T09:53:28","date_gmt":"2022-02-11T09:53:28","guid":{"rendered":"https:\/\/www.purejewels.com\/?post_type=product&#038;p=334143"},"modified":"2026-01-07T06:42:04","modified_gmt":"2026-01-07T06:42:04","slug":"18-ayar-sari-altin-yuzuk-40796","status":"publish","type":"product","link":"https:\/\/www.purejewels.com\/tr\/product\/18k-yellow-gold-ring-40796\/","title":{"rendered":"18 Ayar Sar\u0131 Alt\u0131n Y\u00fcz\u00fck"},"content":{"rendered":"<p>Bu \u00e7arp\u0131c\u0131 18 ayar sar\u0131 alt\u0131n y\u00fcz\u00fck, do\u011fal p\u0131rlantalar ve muhte\u015fem bir turuncu safir ile ger\u00e7ek bir ifade par\u00e7as\u0131d\u0131r. Toplam p\u0131rlanta a\u011f\u0131rl\u0131\u011f\u0131 0,22 ct ve ta\u015f a\u011f\u0131rl\u0131\u011f\u0131 0,73 ct olan bu y\u00fcz\u00fc\u011f\u00fcn dikkat \u00e7ekece\u011fi ve kal\u0131c\u0131 bir etki b\u0131rakaca\u011f\u0131 kesindir. Ayarlanabilir y\u00fcz\u00fck \u00f6l\u00e7\u00fcs\u00fc her parma\u011fa m\u00fckemmel uyum sa\u011flar.<\/p>\n<p>Her y\u00fcz\u00fck, \u00f6zg\u00fcnl\u00fck ve g\u00f6n\u00fcl rahatl\u0131\u011f\u0131 i\u00e7in bir p\u0131rlanta sertifikas\u0131yla birlikte gelir. T\u00fcm \u00fcr\u00fcnlerimiz Londra Assay Ofisi taraf\u0131ndan damgalanarak alt\u0131n\u0131n kalitesini ve safl\u0131\u011f\u0131n\u0131 garanti eder. Y\u00fcz\u00fck ayr\u0131ca bir hediye kutusunda g\u00fczel bir \u015fekilde sunulmakta olup, \u00f6zel g\u00fcnler i\u00e7in m\u00fckemmel bir se\u00e7imdir.<\/p>\n<p>\u0130ster \u00e7arp\u0131c\u0131 bir y\u0131ld\u00f6n\u00fcm\u00fc hediyesi, ister unutulmaz bir d\u00fc\u011f\u00fcn hediyesi ya da g\u00fczel bir do\u011fum g\u00fcn\u00fc hediyesi ar\u0131yor olun, bu 18 ayar sar\u0131 alt\u0131n y\u00fcz\u00fc\u011f\u00fcn sizi memnun edece\u011finden emin olabilirsiniz. Bu zarif m\u00fccevher par\u00e7as\u0131n\u0131 ka\u00e7\u0131rmay\u0131n - hemen sipari\u015f verin ve koleksiyonunuza l\u00fcks bir dokunu\u015f ekleyin.<\/p>","protected":false},"excerpt":{"rendered":"<ul>\n<li style=\"list-style-type: none;\">\n<ul>\n<li>18 Ayar Sar\u0131 Alt\u0131n Y\u00fcz\u00fck<\/li>\n<li>Do\u011fal P\u0131rlantal\u0131 ve Turuncu Safirli<\/li>\n<li>P\u0131rlanta A\u011f\u0131rl\u0131\u011f\u0131 0.22ct<\/li>\n<li>Ta\u015f A\u011f\u0131rl\u0131\u011f\u0131 0,73ct<\/li>\n<li>Y\u00fcz\u00fck \u00f6l\u00e7\u00fcs\u00fc. Ayarlanabilir<\/li>\n<li>SKU. 40796<\/li>\n<li>Elmas sertifikas\u0131 ile birlikte gelir<\/li>\n<li>T\u00fcm fiyatlara KDV dahildir<\/li>\n<li>T\u00fcm \u00fcr\u00fcnlerimiz London Assay Office taraf\u0131ndan damgalanm\u0131\u015ft\u0131r<\/li>\n<li>Sunum Kutusu ile Birlikte Gelir<\/li>\n<li>Teslimat Dahil<\/li>\n<li>M\u00fcsaitlik durumu ve ki\u015fiselle\u015ftirilmi\u015f sevgililer g\u00fcn\u00fc m\u00fccevherlerinin daha fazla g\u00f6r\u00fcnt\u00fcs\u00fc i\u00e7in bizimle canl\u0131 sohbet edin<\/li>\n<\/ul>\n<\/li>\n<\/ul>\n<p>&nbsp;<\/p>\n<p>&nbsp;<\/p>","protected":false},"featured_media":334213,"comment_status":"closed","ping_status":"closed","template":"","meta":{"_eb_attr":"","_crsspst_to_jayantr4sg-hostcom":false},"product_brand":[],"product_cat":[1679,1791,1559,1794,1783,1786,1569,1573,1574,5349],"product_tag":[64],"class_list":{"0":"post-334143","1":"product","2":"type-product","3":"status-publish","4":"has-post-thumbnail","6":"product_cat-18ct-gold-rings","7":"product_cat-anniversary-gifts","8":"product_cat-birthday-gifts","9":"product_cat-christmas-gifts","10":"product_cat-ladies-rings","11":"product_cat-occasional-wear-rings","12":"product_cat-valentine-day-gifts","13":"product_cat-wedding-gifts","14":"product_cat-womens-jewellery","15":"product_cat-yellow-gold-jewellery","16":"product_tag-rings","18":"first","19":"outofstock","20":"taxable","21":"shipping-taxable","22":"product-type-simple","23":"add-to-wishlist-before_image"},"yoast_head":"<!-- This site is optimized with the Yoast SEO plugin v27.3 - https:\/\/yoast.com\/product\/yoast-seo-wordpress\/ -->\n<title>18k Yellow Gold Ring | Diamond Rings | PureJewels<\/title>\n<meta name=\"description\" content=\"Purejewels Specialises In 18Ct Diamond Rings &amp; Platinum Engagement Rings. Choose The Perfect 18Kt Gold Ring For Her. Free Delivery Across Uk.\" \/>\n<meta name=\"robots\" content=\"index, follow, max-snippet:-1, max-image-preview:large, max-video-preview:-1\" \/>\n<link rel=\"canonical\" href=\"https:\/\/www.purejewels.com\/tr\/urun\/18-ayar-sari-altin-yuzuk-40796\/\" \/>\n<meta property=\"og:locale\" content=\"tr_TR\" \/>\n<meta property=\"og:type\" content=\"article\" \/>\n<meta property=\"og:title\" content=\"18k Yellow Gold Ring | Diamond Rings | PureJewels\" \/>\n<meta property=\"og:description\" content=\"Purejewels Specialises In 18Ct Diamond Rings &amp; Platinum Engagement Rings. Choose The Perfect 18Kt Gold Ring For Her. Free Delivery Across Uk.\" \/>\n<meta property=\"og:url\" content=\"https:\/\/www.purejewels.com\/tr\/urun\/18-ayar-sari-altin-yuzuk-40796\/\" \/>\n<meta property=\"og:site_name\" content=\"PureJewels UK\" \/>\n<meta property=\"article:modified_time\" content=\"2026-01-07T06:42:04+00:00\" \/>\n<meta property=\"og:image\" content=\"https:\/\/www.purejewels.com\/wp-content\/uploads\/2022\/02\/40796-2.jpg\" \/>\n\t<meta property=\"og:image:width\" content=\"1000\" \/>\n\t<meta property=\"og:image:height\" content=\"1000\" \/>\n\t<meta property=\"og:image:type\" content=\"image\/jpeg\" \/>\n<meta name=\"twitter:card\" content=\"summary_large_image\" \/>\n<meta name=\"twitter:label1\" content=\"Tahmini okuma s\u00fcresi\" \/>\n\t<meta name=\"twitter:data1\" content=\"1 dakika\" \/>\n<script type=\"application\/ld+json\" class=\"yoast-schema-graph\">{\"@context\":\"https:\\\/\\\/schema.org\",\"@graph\":[{\"@type\":[\"WebPage\",\"ItemPage\"],\"@id\":\"https:\\\/\\\/www.purejewels.com\\\/product\\\/18k-yellow-gold-ring-40796\\\/\",\"url\":\"https:\\\/\\\/www.purejewels.com\\\/product\\\/18k-yellow-gold-ring-40796\\\/\",\"name\":\"18k Yellow Gold Ring | Diamond Rings | PureJewels\",\"isPartOf\":{\"@id\":\"https:\\\/\\\/www.purejewels.com\\\/#website\"},\"primaryImageOfPage\":{\"@id\":\"https:\\\/\\\/www.purejewels.com\\\/product\\\/18k-yellow-gold-ring-40796\\\/#primaryimage\"},\"image\":{\"@id\":\"https:\\\/\\\/www.purejewels.com\\\/product\\\/18k-yellow-gold-ring-40796\\\/#primaryimage\"},\"thumbnailUrl\":\"https:\\\/\\\/static.purejewels.com\\\/wp-content\\\/uploads\\\/2022\\\/02\\\/40796-2.jpg\",\"datePublished\":\"2022-02-11T09:53:28+00:00\",\"dateModified\":\"2026-01-07T06:42:04+00:00\",\"description\":\"Purejewels Specialises In 18Ct Diamond Rings & Platinum Engagement Rings. Choose The Perfect 18Kt Gold Ring For Her. Free Delivery Across Uk.\",\"breadcrumb\":{\"@id\":\"https:\\\/\\\/www.purejewels.com\\\/product\\\/18k-yellow-gold-ring-40796\\\/#breadcrumb\"},\"inLanguage\":\"tr\",\"potentialAction\":[{\"@type\":\"ReadAction\",\"target\":[\"https:\\\/\\\/www.purejewels.com\\\/product\\\/18k-yellow-gold-ring-40796\\\/\"]}]},{\"@type\":\"ImageObject\",\"inLanguage\":\"tr\",\"@id\":\"https:\\\/\\\/www.purejewels.com\\\/product\\\/18k-yellow-gold-ring-40796\\\/#primaryimage\",\"url\":\"https:\\\/\\\/static.purejewels.com\\\/wp-content\\\/uploads\\\/2022\\\/02\\\/40796-2.jpg\",\"contentUrl\":\"https:\\\/\\\/static.purejewels.com\\\/wp-content\\\/uploads\\\/2022\\\/02\\\/40796-2.jpg\",\"width\":1000,\"height\":1000},{\"@type\":\"BreadcrumbList\",\"@id\":\"https:\\\/\\\/www.purejewels.com\\\/product\\\/18k-yellow-gold-ring-40796\\\/#breadcrumb\",\"itemListElement\":[{\"@type\":\"ListItem\",\"position\":1,\"name\":\"Home\",\"item\":\"https:\\\/\\\/www.purejewels.com\\\/\"},{\"@type\":\"ListItem\",\"position\":2,\"name\":\"Shop\",\"item\":\"https:\\\/\\\/www.purejewels.com\\\/shop\\\/\"},{\"@type\":\"ListItem\",\"position\":3,\"name\":\"18kt Yellow Gold Ring\"}]},{\"@type\":\"WebSite\",\"@id\":\"https:\\\/\\\/www.purejewels.com\\\/#website\",\"url\":\"https:\\\/\\\/www.purejewels.com\\\/\",\"name\":\"PureJewels UK\",\"description\":\"Share the Love\",\"publisher\":{\"@id\":\"https:\\\/\\\/www.purejewels.com\\\/#organization\"},\"potentialAction\":[{\"@type\":\"SearchAction\",\"target\":{\"@type\":\"EntryPoint\",\"urlTemplate\":\"https:\\\/\\\/www.purejewels.com\\\/?s={search_term_string}\"},\"query-input\":{\"@type\":\"PropertyValueSpecification\",\"valueRequired\":true,\"valueName\":\"search_term_string\"}}],\"inLanguage\":\"tr\"},{\"@type\":\"Organization\",\"@id\":\"https:\\\/\\\/www.purejewels.com\\\/#organization\",\"name\":\"PureJewels UK\",\"url\":\"https:\\\/\\\/www.purejewels.com\\\/\",\"logo\":{\"@type\":\"ImageObject\",\"inLanguage\":\"tr\",\"@id\":\"https:\\\/\\\/www.purejewels.com\\\/#\\\/schema\\\/logo\\\/image\\\/\",\"url\":\"https:\\\/\\\/static.purejewels.com\\\/wp-content\\\/uploads\\\/2020\\\/11\\\/Logo-PJ-New-1.png\",\"contentUrl\":\"https:\\\/\\\/static.purejewels.com\\\/wp-content\\\/uploads\\\/2020\\\/11\\\/Logo-PJ-New-1.png\",\"width\":150,\"height\":80,\"caption\":\"PureJewels UK\"},\"image\":{\"@id\":\"https:\\\/\\\/www.purejewels.com\\\/#\\\/schema\\\/logo\\\/image\\\/\"}}]}<\/script>\n<!-- \/ Yoast SEO plugin. -->","yoast_head_json":{"title":"18 Ayar Sar\u0131 Alt\u0131n Y\u00fcz\u00fck | P\u0131rlanta Y\u00fcz\u00fckler | PureJewels","description":"Purejewels 18 Ayar P\u0131rlanta Y\u00fcz\u00fckler ve Platin Ni\u015fan Y\u00fcz\u00fcklerinde Uzmanla\u015fm\u0131\u015ft\u0131r. Onun \u0130\u00e7in M\u00fckemmel 18Kt Alt\u0131n Y\u00fcz\u00fc\u011f\u00fc Se\u00e7in. \u0130ngiltere Genelinde \u00dccretsiz Teslimat.","robots":{"index":"index","follow":"follow","max-snippet":"max-snippet:-1","max-image-preview":"max-image-preview:large","max-video-preview":"max-video-preview:-1"},"canonical":"https:\/\/www.purejewels.com\/tr\/urun\/18-ayar-sari-altin-yuzuk-40796\/","og_locale":"tr_TR","og_type":"article","og_title":"18k Yellow Gold Ring | Diamond Rings | PureJewels","og_description":"Purejewels Specialises In 18Ct Diamond Rings & Platinum Engagement Rings. Choose The Perfect 18Kt Gold Ring For Her. Free Delivery Across Uk.","og_url":"https:\/\/www.purejewels.com\/tr\/urun\/18-ayar-sari-altin-yuzuk-40796\/","og_site_name":"PureJewels UK","article_modified_time":"2026-01-07T06:42:04+00:00","og_image":[{"width":1000,"height":1000,"url":"https:\/\/www.purejewels.com\/wp-content\/uploads\/2022\/02\/40796-2.jpg","type":"image\/jpeg"}],"twitter_card":"summary_large_image","twitter_misc":{"Tahmini okuma s\u00fcresi":"1 dakika"},"schema":{"@context":"https:\/\/schema.org","@graph":[{"@type":["WebPage","ItemPage"],"@id":"https:\/\/www.purejewels.com\/product\/18k-yellow-gold-ring-40796\/","url":"https:\/\/www.purejewels.com\/product\/18k-yellow-gold-ring-40796\/","name":"18 Ayar Sar\u0131 Alt\u0131n Y\u00fcz\u00fck | P\u0131rlanta Y\u00fcz\u00fckler | PureJewels","isPartOf":{"@id":"https:\/\/www.purejewels.com\/#website"},"primaryImageOfPage":{"@id":"https:\/\/www.purejewels.com\/product\/18k-yellow-gold-ring-40796\/#primaryimage"},"image":{"@id":"https:\/\/www.purejewels.com\/product\/18k-yellow-gold-ring-40796\/#primaryimage"},"thumbnailUrl":"https:\/\/static.purejewels.com\/wp-content\/uploads\/2022\/02\/40796-2.jpg","datePublished":"2022-02-11T09:53:28+00:00","dateModified":"2026-01-07T06:42:04+00:00","description":"Purejewels 18 Ayar P\u0131rlanta Y\u00fcz\u00fckler ve Platin Ni\u015fan Y\u00fcz\u00fcklerinde Uzmanla\u015fm\u0131\u015ft\u0131r. Onun \u0130\u00e7in M\u00fckemmel 18Kt Alt\u0131n Y\u00fcz\u00fc\u011f\u00fc Se\u00e7in. \u0130ngiltere Genelinde \u00dccretsiz Teslimat.","breadcrumb":{"@id":"https:\/\/www.purejewels.com\/product\/18k-yellow-gold-ring-40796\/#breadcrumb"},"inLanguage":"tr","potentialAction":[{"@type":"ReadAction","target":["https:\/\/www.purejewels.com\/product\/18k-yellow-gold-ring-40796\/"]}]},{"@type":"ImageObject","inLanguage":"tr","@id":"https:\/\/www.purejewels.com\/product\/18k-yellow-gold-ring-40796\/#primaryimage","url":"https:\/\/static.purejewels.com\/wp-content\/uploads\/2022\/02\/40796-2.jpg","contentUrl":"https:\/\/static.purejewels.com\/wp-content\/uploads\/2022\/02\/40796-2.jpg","width":1000,"height":1000},{"@type":"BreadcrumbList","@id":"https:\/\/www.purejewels.com\/product\/18k-yellow-gold-ring-40796\/#breadcrumb","itemListElement":[{"@type":"ListItem","position":1,"name":"Home","item":"https:\/\/www.purejewels.com\/"},{"@type":"ListItem","position":2,"name":"Shop","item":"https:\/\/www.purejewels.com\/shop\/"},{"@type":"ListItem","position":3,"name":"18kt Yellow Gold Ring"}]},{"@type":"WebSite","@id":"https:\/\/www.purejewels.com\/#website","url":"https:\/\/www.purejewels.com\/","name":"PureJewels \u0130ngiltere","description":"Sevgiyi Payla\u015f\u0131n","publisher":{"@id":"https:\/\/www.purejewels.com\/#organization"},"potentialAction":[{"@type":"SearchAction","target":{"@type":"EntryPoint","urlTemplate":"https:\/\/www.purejewels.com\/?s={search_term_string}"},"query-input":{"@type":"PropertyValueSpecification","valueRequired":true,"valueName":"search_term_string"}}],"inLanguage":"tr"},{"@type":"Organization","@id":"https:\/\/www.purejewels.com\/#organization","name":"PureJewels \u0130ngiltere","url":"https:\/\/www.purejewels.com\/","logo":{"@type":"ImageObject","inLanguage":"tr","@id":"https:\/\/www.purejewels.com\/#\/schema\/logo\/image\/","url":"https:\/\/static.purejewels.com\/wp-content\/uploads\/2020\/11\/Logo-PJ-New-1.png","contentUrl":"https:\/\/static.purejewels.com\/wp-content\/uploads\/2020\/11\/Logo-PJ-New-1.png","width":150,"height":80,"caption":"PureJewels UK"},"image":{"@id":"https:\/\/www.purejewels.com\/#\/schema\/logo\/image\/"}}]}},"_links":{"self":[{"href":"https:\/\/www.purejewels.com\/tr\/wp-json\/wp\/v2\/product\/334143","targetHints":{"allow":["GET"]}}],"collection":[{"href":"https:\/\/www.purejewels.com\/tr\/wp-json\/wp\/v2\/product"}],"about":[{"href":"https:\/\/www.purejewels.com\/tr\/wp-json\/wp\/v2\/types\/product"}],"replies":[{"embeddable":true,"href":"https:\/\/www.purejewels.com\/tr\/wp-json\/wp\/v2\/comments?post=334143"}],"version-history":[{"count":1,"href":"https:\/\/www.purejewels.com\/tr\/wp-json\/wp\/v2\/product\/334143\/revisions"}],"predecessor-version":[{"id":420862,"href":"https:\/\/www.purejewels.com\/tr\/wp-json\/wp\/v2\/product\/334143\/revisions\/420862"}],"wp:featuredmedia":[{"embeddable":true,"href":"https:\/\/www.purejewels.com\/tr\/wp-json\/wp\/v2\/media\/334213"}],"wp:attachment":[{"href":"https:\/\/www.purejewels.com\/tr\/wp-json\/wp\/v2\/media?parent=334143"}],"wp:term":[{"taxonomy":"product_brand","embeddable":true,"href":"https:\/\/www.purejewels.com\/tr\/wp-json\/wp\/v2\/product_brand?post=334143"},{"taxonomy":"product_cat","embeddable":true,"href":"https:\/\/www.purejewels.com\/tr\/wp-json\/wp\/v2\/product_cat?post=334143"},{"taxonomy":"product_tag","embeddable":true,"href":"https:\/\/www.purejewels.com\/tr\/wp-json\/wp\/v2\/product_tag?post=334143"}],"curies":[{"name":"wp","href":"https:\/\/api.w.org\/{rel}","templated":true}]}}