{"id":334146,"date":"2022-02-11T10:18:09","date_gmt":"2022-02-11T10:18:09","guid":{"rendered":"https:\/\/www.purejewels.com\/?post_type=product&#038;p=334146"},"modified":"2025-04-16T10:20:41","modified_gmt":"2025-04-16T09:20:41","slug":"18-ayar-sari-altin-pirlanta-kolye-41220","status":"publish","type":"product","link":"https:\/\/www.purejewels.com\/tr\/product\/18ct-yellow-gold-diamond-necklace-41220\/","title":{"rendered":"18 Ayar Sar\u0131 Alt\u0131n P\u0131rlanta Kolye"},"content":{"rendered":"<h3>\u0130lham kayna\u011f\u0131<\/h3>\n<p>Eski zamanlarda, boyuna muska veya t\u0131ls\u0131m takma uygulamas\u0131 vard\u0131. Bu ilkel uygulamalar, insanlar\u0131n di\u015f, ta\u015f ve deniz kabu\u011fu gibi nesnelerden yap\u0131lm\u0131\u015f kolyeleri boyunlar\u0131na geli\u015fig\u00fczel takt\u0131klar\u0131 Ta\u015f Devri'ne kadar uzanmaktad\u0131r. Bu yaprak d\u00f6kmeyen sar\u0131 alt\u0131n p\u0131rlanta kolye g\u00f6rkemli ve zarif g\u00f6r\u00fcn\u00fcyor. Bu <a href=\"https:\/\/www.purejewels.com\/tr\/product\/18ct-white-gold-khanda-sikh-religious-pendant-6226\/\">18ct<\/a> elmas <strong>KOLYE<\/strong> g\u00fcn\u00fcm\u00fcz k\u00fclt\u00fcr\u00fcyle birle\u015fen ge\u00e7mi\u015fin zengin k\u00fclt\u00fcrlerinden ilham al\u0131yor. Bu 18 ayar sar\u0131 <a href=\"https:\/\/www.purejewels.com\/tr\/armari-collection\/\">alt\u0131n kolyeler<\/a> vintage g\u00f6r\u00fcn\u00fcml\u00fc p\u0131rlanta m\u00fccevher koleksiyonumuzun bir par\u00e7as\u0131d\u0131r ve oyma gibi teknikler kullan\u0131larak beyaz alt\u0131ndan elle \u00fcretilmi\u015ftir, <a href=\"https:\/\/www.purejewels.com\/tr\/a-guide-to-die-stamping\/\">kabartma<\/a> ve \u00e7ivileme.<\/p>\n<h3>Tasar\u0131m<\/h3>\n<p>Tasar\u0131m, oval \u015fekilli bir unsurda karma\u015f\u0131k bir \u015fekilde detayland\u0131r\u0131lm\u0131\u015f g\u00fcr ve parlak p\u0131rlanta \u00e7izgisiyle ba\u015flar. Bu oval bile\u015fenin merkezi g\u00fczelce kesilmi\u015f ve incelikle parlat\u0131lm\u0131\u015f bir p\u0131rlanta ile s\u00fcslenmi\u015ftir <a href=\"https:\/\/www.purejewels.com\/tr\/peridot\/\">peridot<\/a> \u00e7ifte vintage bir \u0131\u015f\u0131lt\u0131 kat\u0131yor. Purejewels'in bu kolyesi \u015f\u0131k ve her daim ye\u015fil ve d\u00fcnyan\u0131n d\u00f6rt bir yan\u0131nda kalplere dokunuyor. P\u0131rlanta Sertifikas\u0131 ile birlikte gelen bu biblo, eve getirildi\u011finde, \u00f6nemli ve g\u00fczel anlar i\u00e7in s\u00fcslerken aile yadigar\u0131 koleksiyonunuzun bir par\u00e7as\u0131 haline gelecektir. Web sitemize g\u00f6z atabilir ve bu t\u00fcrden daha fazla tasar\u0131m\u0131 fiyatlar\u0131yla birlikte ke\u015ffedebilir ve favorilerinizi eve getirebilirsiniz.<\/p>","protected":false},"excerpt":{"rendered":"<ul>\n<li>P\u0131rlanta ve Peridotlu 18 Ayar Alt\u0131n Kolye<\/li>\n<li>A\u011f\u0131rl\u0131k 1,85 gm<\/li>\n<li>P\u0131rlanta a\u011f\u0131rl\u0131\u011f\u0131 0.08ct<\/li>\n<li>Peridot a\u011f\u0131rl\u0131\u011f\u0131 0,80 ct<\/li>\n<li>Uzunluk. 18 in\u00e7<\/li>\n<li>SKU 41220<\/li>\n<li>Elmas Sertifikas\u0131 ile birlikte gelir<\/li>\n<li>T\u00fcm fiyatlara KDV dahildir<\/li>\n<li>Londra Tahlil Ofisi Taraf\u0131ndan Damgalanm\u0131\u015f 18 Ayar Alt\u0131n<\/li>\n<li>Sunum Kutusu ile Birlikte Gelir<\/li>\n<li>Teslimat Dahil<\/li>\n<li>Sevgililer G\u00fcn\u00fc m\u00fccevher koleksiyonunun mevcudiyeti ve daha fazla g\u00f6rsel i\u00e7in bizimle canl\u0131 sohbet edin<\/li>\n<\/ul>","protected":false},"featured_media":334217,"comment_status":"closed","ping_status":"closed","template":"","meta":{"_eb_attr":"","_crsspst_to_jayantr4sg-hostcom":true},"product_brand":[],"product_cat":[1791,1804,1533,1253,1570,1778,1569,1573,1574,5349],"product_tag":[],"class_list":{"0":"post-334146","1":"product","2":"type-product","3":"status-publish","4":"has-post-thumbnail","6":"product_cat-anniversary-gifts","7":"product_cat-jewellery-sets","8":"product_cat-diamond-jewellery-set","9":"product_cat-gold-necklaces","10":"product_cat-mothers-day-gifts","11":"product_cat-short-necklaces","12":"product_cat-valentine-day-gifts","13":"product_cat-wedding-gifts","14":"product_cat-womens-jewellery","15":"product_cat-yellow-gold-jewellery","17":"first","18":"outofstock","19":"taxable","20":"shipping-taxable","21":"product-type-simple","22":"add-to-wishlist-before_image"},"yoast_head":"<!-- This site is optimized with the Yoast SEO plugin v27.3 - https:\/\/yoast.com\/product\/yoast-seo-wordpress\/ -->\n<title>Simple Diamond Necklace in 18ct Gold | PureJewels.com<\/title>\n<meta name=\"description\" content=\"Diamond Pendant With Chain in 18ct | Buy Online Simple Diamond Necklace in London | Quick Delivery | Hassle Free Returns.\" \/>\n<meta name=\"robots\" content=\"index, follow, max-snippet:-1, max-image-preview:large, max-video-preview:-1\" \/>\n<link rel=\"canonical\" href=\"https:\/\/www.purejewels.com\/tr\/urun\/18-ayar-sari-altin-pirlanta-kolye-41220\/\" \/>\n<meta property=\"og:locale\" content=\"tr_TR\" \/>\n<meta property=\"og:type\" content=\"article\" \/>\n<meta property=\"og:title\" content=\"Simple Diamond Necklace in 18ct Gold | PureJewels.com\" \/>\n<meta property=\"og:description\" content=\"Diamond Pendant With Chain in 18ct | Buy Online Simple Diamond Necklace in London | Quick Delivery | Hassle Free Returns.\" \/>\n<meta property=\"og:url\" content=\"https:\/\/www.purejewels.com\/tr\/urun\/18-ayar-sari-altin-pirlanta-kolye-41220\/\" \/>\n<meta property=\"og:site_name\" content=\"PureJewels UK\" \/>\n<meta property=\"article:modified_time\" content=\"2025-04-16T09:20:41+00:00\" \/>\n<meta property=\"og:image\" content=\"https:\/\/www.purejewels.com\/wp-content\/uploads\/2022\/02\/41220-1.jpg\" \/>\n\t<meta property=\"og:image:width\" content=\"1000\" \/>\n\t<meta property=\"og:image:height\" content=\"1000\" \/>\n\t<meta property=\"og:image:type\" content=\"image\/jpeg\" \/>\n<meta name=\"twitter:card\" content=\"summary_large_image\" \/>\n<meta name=\"twitter:label1\" content=\"Tahmini okuma s\u00fcresi\" \/>\n\t<meta name=\"twitter:data1\" content=\"1 dakika\" \/>\n<script type=\"application\/ld+json\" class=\"yoast-schema-graph\">{\"@context\":\"https:\\\/\\\/schema.org\",\"@graph\":[{\"@type\":[\"WebPage\",\"ItemPage\"],\"@id\":\"https:\\\/\\\/www.purejewels.com\\\/product\\\/18ct-yellow-gold-diamond-necklace-41220\\\/\",\"url\":\"https:\\\/\\\/www.purejewels.com\\\/product\\\/18ct-yellow-gold-diamond-necklace-41220\\\/\",\"name\":\"Simple Diamond Necklace in 18ct Gold | PureJewels.com\",\"isPartOf\":{\"@id\":\"https:\\\/\\\/www.purejewels.com\\\/#website\"},\"primaryImageOfPage\":{\"@id\":\"https:\\\/\\\/www.purejewels.com\\\/product\\\/18ct-yellow-gold-diamond-necklace-41220\\\/#primaryimage\"},\"image\":{\"@id\":\"https:\\\/\\\/www.purejewels.com\\\/product\\\/18ct-yellow-gold-diamond-necklace-41220\\\/#primaryimage\"},\"thumbnailUrl\":\"https:\\\/\\\/static.purejewels.com\\\/wp-content\\\/uploads\\\/2022\\\/02\\\/41220-1.jpg\",\"datePublished\":\"2022-02-11T10:18:09+00:00\",\"dateModified\":\"2025-04-16T09:20:41+00:00\",\"description\":\"Diamond Pendant With Chain in 18ct | Buy Online Simple Diamond Necklace in London | Quick Delivery | Hassle Free Returns.\",\"breadcrumb\":{\"@id\":\"https:\\\/\\\/www.purejewels.com\\\/product\\\/18ct-yellow-gold-diamond-necklace-41220\\\/#breadcrumb\"},\"inLanguage\":\"tr\",\"potentialAction\":[{\"@type\":\"ReadAction\",\"target\":[\"https:\\\/\\\/www.purejewels.com\\\/product\\\/18ct-yellow-gold-diamond-necklace-41220\\\/\"]}]},{\"@type\":\"ImageObject\",\"inLanguage\":\"tr\",\"@id\":\"https:\\\/\\\/www.purejewels.com\\\/product\\\/18ct-yellow-gold-diamond-necklace-41220\\\/#primaryimage\",\"url\":\"https:\\\/\\\/static.purejewels.com\\\/wp-content\\\/uploads\\\/2022\\\/02\\\/41220-1.jpg\",\"contentUrl\":\"https:\\\/\\\/static.purejewels.com\\\/wp-content\\\/uploads\\\/2022\\\/02\\\/41220-1.jpg\",\"width\":1000,\"height\":1000},{\"@type\":\"BreadcrumbList\",\"@id\":\"https:\\\/\\\/www.purejewels.com\\\/product\\\/18ct-yellow-gold-diamond-necklace-41220\\\/#breadcrumb\",\"itemListElement\":[{\"@type\":\"ListItem\",\"position\":1,\"name\":\"Home\",\"item\":\"https:\\\/\\\/www.purejewels.com\\\/\"},{\"@type\":\"ListItem\",\"position\":2,\"name\":\"Shop\",\"item\":\"https:\\\/\\\/www.purejewels.com\\\/shop\\\/\"},{\"@type\":\"ListItem\",\"position\":3,\"name\":\"18ct Yellow Gold Diamond Necklace\"}]},{\"@type\":\"WebSite\",\"@id\":\"https:\\\/\\\/www.purejewels.com\\\/#website\",\"url\":\"https:\\\/\\\/www.purejewels.com\\\/\",\"name\":\"PureJewels UK\",\"description\":\"Share the Love\",\"publisher\":{\"@id\":\"https:\\\/\\\/www.purejewels.com\\\/#organization\"},\"potentialAction\":[{\"@type\":\"SearchAction\",\"target\":{\"@type\":\"EntryPoint\",\"urlTemplate\":\"https:\\\/\\\/www.purejewels.com\\\/?s={search_term_string}\"},\"query-input\":{\"@type\":\"PropertyValueSpecification\",\"valueRequired\":true,\"valueName\":\"search_term_string\"}}],\"inLanguage\":\"tr\"},{\"@type\":\"Organization\",\"@id\":\"https:\\\/\\\/www.purejewels.com\\\/#organization\",\"name\":\"PureJewels UK\",\"url\":\"https:\\\/\\\/www.purejewels.com\\\/\",\"logo\":{\"@type\":\"ImageObject\",\"inLanguage\":\"tr\",\"@id\":\"https:\\\/\\\/www.purejewels.com\\\/#\\\/schema\\\/logo\\\/image\\\/\",\"url\":\"https:\\\/\\\/static.purejewels.com\\\/wp-content\\\/uploads\\\/2020\\\/11\\\/Logo-PJ-New-1.png\",\"contentUrl\":\"https:\\\/\\\/static.purejewels.com\\\/wp-content\\\/uploads\\\/2020\\\/11\\\/Logo-PJ-New-1.png\",\"width\":150,\"height\":80,\"caption\":\"PureJewels UK\"},\"image\":{\"@id\":\"https:\\\/\\\/www.purejewels.com\\\/#\\\/schema\\\/logo\\\/image\\\/\"}}]}<\/script>\n<!-- \/ Yoast SEO plugin. -->","yoast_head_json":{"title":"18 Ayar Alt\u0131n Sade P\u0131rlanta Kolye | PureJewels.com","description":"18ct Zincirli P\u0131rlanta Kolye | Londra'dan Online Sade P\u0131rlanta Kolye Sat\u0131n Al\u0131n | H\u0131zl\u0131 Teslimat | Sorunsuz \u0130ade.","robots":{"index":"index","follow":"follow","max-snippet":"max-snippet:-1","max-image-preview":"max-image-preview:large","max-video-preview":"max-video-preview:-1"},"canonical":"https:\/\/www.purejewels.com\/tr\/urun\/18-ayar-sari-altin-pirlanta-kolye-41220\/","og_locale":"tr_TR","og_type":"article","og_title":"Simple Diamond Necklace in 18ct Gold | PureJewels.com","og_description":"Diamond Pendant With Chain in 18ct | Buy Online Simple Diamond Necklace in London | Quick Delivery | Hassle Free Returns.","og_url":"https:\/\/www.purejewels.com\/tr\/urun\/18-ayar-sari-altin-pirlanta-kolye-41220\/","og_site_name":"PureJewels UK","article_modified_time":"2025-04-16T09:20:41+00:00","og_image":[{"width":1000,"height":1000,"url":"https:\/\/www.purejewels.com\/wp-content\/uploads\/2022\/02\/41220-1.jpg","type":"image\/jpeg"}],"twitter_card":"summary_large_image","twitter_misc":{"Tahmini okuma s\u00fcresi":"1 dakika"},"schema":{"@context":"https:\/\/schema.org","@graph":[{"@type":["WebPage","ItemPage"],"@id":"https:\/\/www.purejewels.com\/product\/18ct-yellow-gold-diamond-necklace-41220\/","url":"https:\/\/www.purejewels.com\/product\/18ct-yellow-gold-diamond-necklace-41220\/","name":"18 Ayar Alt\u0131n Sade P\u0131rlanta Kolye | PureJewels.com","isPartOf":{"@id":"https:\/\/www.purejewels.com\/#website"},"primaryImageOfPage":{"@id":"https:\/\/www.purejewels.com\/product\/18ct-yellow-gold-diamond-necklace-41220\/#primaryimage"},"image":{"@id":"https:\/\/www.purejewels.com\/product\/18ct-yellow-gold-diamond-necklace-41220\/#primaryimage"},"thumbnailUrl":"https:\/\/static.purejewels.com\/wp-content\/uploads\/2022\/02\/41220-1.jpg","datePublished":"2022-02-11T10:18:09+00:00","dateModified":"2025-04-16T09:20:41+00:00","description":"18ct Zincirli P\u0131rlanta Kolye | Londra'dan Online Sade P\u0131rlanta Kolye Sat\u0131n Al\u0131n | H\u0131zl\u0131 Teslimat | Sorunsuz \u0130ade.","breadcrumb":{"@id":"https:\/\/www.purejewels.com\/product\/18ct-yellow-gold-diamond-necklace-41220\/#breadcrumb"},"inLanguage":"tr","potentialAction":[{"@type":"ReadAction","target":["https:\/\/www.purejewels.com\/product\/18ct-yellow-gold-diamond-necklace-41220\/"]}]},{"@type":"ImageObject","inLanguage":"tr","@id":"https:\/\/www.purejewels.com\/product\/18ct-yellow-gold-diamond-necklace-41220\/#primaryimage","url":"https:\/\/static.purejewels.com\/wp-content\/uploads\/2022\/02\/41220-1.jpg","contentUrl":"https:\/\/static.purejewels.com\/wp-content\/uploads\/2022\/02\/41220-1.jpg","width":1000,"height":1000},{"@type":"BreadcrumbList","@id":"https:\/\/www.purejewels.com\/product\/18ct-yellow-gold-diamond-necklace-41220\/#breadcrumb","itemListElement":[{"@type":"ListItem","position":1,"name":"Home","item":"https:\/\/www.purejewels.com\/"},{"@type":"ListItem","position":2,"name":"Shop","item":"https:\/\/www.purejewels.com\/shop\/"},{"@type":"ListItem","position":3,"name":"18ct Yellow Gold Diamond Necklace"}]},{"@type":"WebSite","@id":"https:\/\/www.purejewels.com\/#website","url":"https:\/\/www.purejewels.com\/","name":"PureJewels \u0130ngiltere","description":"Sevgiyi Payla\u015f\u0131n","publisher":{"@id":"https:\/\/www.purejewels.com\/#organization"},"potentialAction":[{"@type":"SearchAction","target":{"@type":"EntryPoint","urlTemplate":"https:\/\/www.purejewels.com\/?s={search_term_string}"},"query-input":{"@type":"PropertyValueSpecification","valueRequired":true,"valueName":"search_term_string"}}],"inLanguage":"tr"},{"@type":"Organization","@id":"https:\/\/www.purejewels.com\/#organization","name":"PureJewels \u0130ngiltere","url":"https:\/\/www.purejewels.com\/","logo":{"@type":"ImageObject","inLanguage":"tr","@id":"https:\/\/www.purejewels.com\/#\/schema\/logo\/image\/","url":"https:\/\/static.purejewels.com\/wp-content\/uploads\/2020\/11\/Logo-PJ-New-1.png","contentUrl":"https:\/\/static.purejewels.com\/wp-content\/uploads\/2020\/11\/Logo-PJ-New-1.png","width":150,"height":80,"caption":"PureJewels UK"},"image":{"@id":"https:\/\/www.purejewels.com\/#\/schema\/logo\/image\/"}}]}},"_links":{"self":[{"href":"https:\/\/www.purejewels.com\/tr\/wp-json\/wp\/v2\/product\/334146","targetHints":{"allow":["GET"]}}],"collection":[{"href":"https:\/\/www.purejewels.com\/tr\/wp-json\/wp\/v2\/product"}],"about":[{"href":"https:\/\/www.purejewels.com\/tr\/wp-json\/wp\/v2\/types\/product"}],"replies":[{"embeddable":true,"href":"https:\/\/www.purejewels.com\/tr\/wp-json\/wp\/v2\/comments?post=334146"}],"version-history":[{"count":1,"href":"https:\/\/www.purejewels.com\/tr\/wp-json\/wp\/v2\/product\/334146\/revisions"}],"predecessor-version":[{"id":392981,"href":"https:\/\/www.purejewels.com\/tr\/wp-json\/wp\/v2\/product\/334146\/revisions\/392981"}],"wp:featuredmedia":[{"embeddable":true,"href":"https:\/\/www.purejewels.com\/tr\/wp-json\/wp\/v2\/media\/334217"}],"wp:attachment":[{"href":"https:\/\/www.purejewels.com\/tr\/wp-json\/wp\/v2\/media?parent=334146"}],"wp:term":[{"taxonomy":"product_brand","embeddable":true,"href":"https:\/\/www.purejewels.com\/tr\/wp-json\/wp\/v2\/product_brand?post=334146"},{"taxonomy":"product_cat","embeddable":true,"href":"https:\/\/www.purejewels.com\/tr\/wp-json\/wp\/v2\/product_cat?post=334146"},{"taxonomy":"product_tag","embeddable":true,"href":"https:\/\/www.purejewels.com\/tr\/wp-json\/wp\/v2\/product_tag?post=334146"}],"curies":[{"name":"wp","href":"https:\/\/api.w.org\/{rel}","templated":true}]}}