{"id":334270,"date":"2024-08-04T05:56:28","date_gmt":"2024-08-04T04:56:28","guid":{"rendered":"https:\/\/www.purejewels.com\/?post_type=product&#038;p=334270"},"modified":"2026-01-30T07:36:49","modified_gmt":"2026-01-30T07:36:49","slug":"hint-altin-halka-kupeler-49204","status":"publish","type":"product","link":"https:\/\/www.purejewels.com\/tr\/product\/indian-gold-hoop-earrings-49204\/","title":{"rendered":"Hint Alt\u0131n Halka K\u00fcpeler"},"content":{"rendered":"<p data-start=\"0\" data-end=\"367\"><strong data-start=\"0\" data-end=\"10\">Tasar\u0131m<\/strong><br data-start=\"10\" data-end=\"13\" \/>Jali Telkari Koleksiyonumuzdan bu 22 ayar alt\u0131n jhumka k\u00fcpeler, klasik Hint formunu zarif, mimari bir dokunu\u015fla kutluyor. Yontulmu\u015f bir kubbe, \u0131\u015f\u0131\u011f\u0131n dantel gibi s\u00fcz\u00fclmesini sa\u011flayan a\u00e7\u0131k jali i\u015fi ile karma\u015f\u0131k desenli bir \u00fcst k\u0131s\u0131mdan sarkar. Sonu\u00e7 olarak ortaya havadar, zarif ve her ad\u0131mda sessiz bir hareket hissi veren bir \u00e7ift k\u00fcpe \u00e7\u0131k\u0131yor.<\/p>\n<p data-start=\"369\" data-end=\"754\"><strong data-start=\"369\" data-end=\"386\">Zanaatkarl\u0131k<\/strong><br data-start=\"386\" data-end=\"389\" \/>Yakla\u015f\u0131k 8,9 gram a\u011f\u0131rl\u0131\u011f\u0131ndaki her bir jhumka, zanaatk\u00e2rlar\u0131m\u0131z\u0131n becerisini sergileyen ince telkari ve kesme i\u015f\u00e7ili\u011fi ile zengin 22 ayar alt\u0131ndan titizlikle \u00fcretilmi\u015ftir. Kubbeler kulakta rahat dururken hafif bir sal\u0131n\u0131m yaratacak \u015fekilde dikkatlice dengelenmi\u015ftir. Her bir \u00e7ift, safl\u0131k sertifikas\u0131 i\u00e7in \u0130ngiltere'de damgalanm\u0131\u015ft\u0131r, b\u00f6ylece onlar\u0131 tam bir g\u00fcvenle takabilirsiniz.<\/p>\n<p data-start=\"756\" data-end=\"1167\" data-is-last-node=\"\" data-is-only-node=\"\"><strong data-start=\"756\" data-end=\"777\">\u015eekillendirme &amp; Hediyele\u015fme<\/strong><br data-start=\"777\" data-end=\"780\" \/>\u0130pek sariler, lehengalar ve \u00f6zel g\u00fcnlerde giyilen k\u0131yafetlerle m\u00fckemmel uyum sa\u011flayan bu jhumkalar d\u00fc\u011f\u00fcnlere, resepsiyonlara ve bayram kutlamalar\u0131na an\u0131nda Hint ihti\u015fam\u0131n\u0131n dokunu\u015funu getiriyor. Ayr\u0131ca, tak\u0131lar\u0131n\u0131z\u0131n konu\u015fmas\u0131n\u0131 istedi\u011finizde basit bir kurta veya elbiseyi de y\u00fckseltirler. G\u00fczel bir hediye kutusunda sunulan bu tak\u0131lar, gelin pantolonlar\u0131, y\u0131ld\u00f6n\u00fcmleri veya yadig\u00e2r de\u011ferinde \u00f6zel bir hediye olarak unutulmaz bir se\u00e7imdir.<\/p>","protected":false},"excerpt":{"rendered":"<div class=\"woocommerce-product-details__short-description\">\n<table class=\"sh_desc\">\n<tbody>\n<tr>\n<td>K\u00fcpe T\u00fcr\u00fc<\/td>\n<td>Jumkha ile Halka K\u00fcpe<\/td>\n<\/tr>\n<tr>\n<td>SKU<\/td>\n<td>49204<\/td>\n<\/tr>\n<tr>\n<td>\u00c7ap<\/td>\n<td>42mm<\/td>\n<\/tr>\n<tr>\n<td>A\u011f\u0131rl\u0131k<\/td>\n<td>11.5 Gms<\/td>\n<\/tr>\n<tr>\n<td>Metal<\/td>\n<td>22 Ayar Alt\u0131n<\/td>\n<\/tr>\n<tr>\n<td>KatalogID<\/td>\n<td>A1006<\/td>\n<\/tr>\n<tr>\n<td>\u00dccretler<\/td>\n<td>Teslimat ve KDV Dahil<\/td>\n<\/tr>\n<tr>\n<td>Paketleme<\/td>\n<td>Sunum Kutusu ile Birlikte Gelir<\/td>\n<\/tr>\n<tr>\n<td>Daha Fazla Bilgi<\/td>\n<td>M\u00fcsaitlik durumu ve daha fazla resim i\u00e7in bizimle canl\u0131 sohbet edin<\/td>\n<\/tr>\n<\/tbody>\n<\/table>\n<\/div>\n<div class=\"btn-atc atc-slide\"><\/div>\n<div class=\"product_meta\"><\/div>","protected":false},"featured_media":355134,"comment_status":"closed","ping_status":"closed","template":"","meta":{"_eb_attr":"","_crsspst_to_jayantr4sg-hostcom":false},"product_brand":[],"product_cat":[1791,245,5639,6145,6139,5370,1254,1229,1579,1574],"product_tag":[66],"class_list":{"0":"post-334270","1":"product","2":"type-product","3":"status-publish","4":"has-post-thumbnail","6":"product_cat-anniversary-gifts","7":"product_cat-armari-collections","8":"product_cat-armari-earring","9":"product_cat-armari-hoop-earring","10":"product_cat-armari-jhumka-earring","11":"product_cat-ethnic-jewellery","12":"product_cat-gold-earrings","13":"product_cat-22ct-gold-jewellery","14":"product_cat-hoop-earrings","15":"product_cat-womens-jewellery","16":"product_tag-earrings","18":"first","19":"onbackorder","20":"taxable","21":"shipping-taxable","22":"purchasable","23":"product-type-simple","24":"add-to-wishlist-before_image"},"yoast_head":"<!-- This site is optimized with the Yoast SEO plugin v27.5 - https:\/\/yoast.com\/product\/yoast-seo-wordpress\/ -->\n<title>22ct Indian Gold Hoop Earrings Best Jewellery Gift for Her<\/title>\n<meta name=\"description\" content=\"Buy the best real gold jewellery gifts for your loved ones this Festival. Order online for free and fast UK delivery.\" \/>\n<meta name=\"robots\" content=\"index, follow, max-snippet:-1, max-image-preview:large, max-video-preview:-1\" \/>\n<link rel=\"canonical\" href=\"https:\/\/www.purejewels.com\/tr\/urun\/hint-altin-halka-kupeler-49204\/\" \/>\n<meta property=\"og:locale\" content=\"tr_TR\" \/>\n<meta property=\"og:type\" content=\"article\" \/>\n<meta property=\"og:title\" content=\"22ct Indian Gold Hoop Earrings Best Jewellery Gift for Her\" \/>\n<meta property=\"og:description\" content=\"Buy the best real gold jewellery gifts for your loved ones this Festival. Order online for free and fast UK delivery.\" \/>\n<meta property=\"og:url\" content=\"https:\/\/www.purejewels.com\/tr\/urun\/hint-altin-halka-kupeler-49204\/\" \/>\n<meta property=\"og:site_name\" content=\"PureJewels UK\" \/>\n<meta property=\"article:modified_time\" content=\"2026-01-30T07:36:49+00:00\" \/>\n<meta property=\"og:image\" content=\"https:\/\/static.purejewels.com\/wp-content\/uploads\/2022\/09\/46003.jpg\" \/>\n\t<meta property=\"og:image:width\" content=\"27058\" \/>\n\t<meta property=\"og:image:height\" content=\"55040\" \/>\n\t<meta property=\"og:image:type\" content=\"image\/jpeg\" \/>\n<meta name=\"twitter:card\" content=\"summary_large_image\" \/>\n<meta name=\"twitter:label1\" content=\"Tahmini okuma s\u00fcresi\" \/>\n\t<meta name=\"twitter:data1\" content=\"1 dakika\" \/>\n<script type=\"application\/ld+json\" class=\"yoast-schema-graph\">{\"@context\":\"https:\\\/\\\/schema.org\",\"@graph\":[{\"@type\":[\"WebPage\",\"ItemPage\"],\"@id\":\"https:\\\/\\\/www.purejewels.com\\\/product\\\/indian-gold-hoop-earrings-49204\\\/\",\"url\":\"https:\\\/\\\/www.purejewels.com\\\/product\\\/indian-gold-hoop-earrings-49204\\\/\",\"name\":\"22ct Indian Gold Hoop Earrings Best Jewellery Gift for Her\",\"isPartOf\":{\"@id\":\"https:\\\/\\\/www.purejewels.com\\\/#website\"},\"primaryImageOfPage\":{\"@id\":\"https:\\\/\\\/www.purejewels.com\\\/product\\\/indian-gold-hoop-earrings-49204\\\/#primaryimage\"},\"image\":{\"@id\":\"https:\\\/\\\/www.purejewels.com\\\/product\\\/indian-gold-hoop-earrings-49204\\\/#primaryimage\"},\"thumbnailUrl\":\"https:\\\/\\\/static.purejewels.com\\\/wp-content\\\/uploads\\\/2022\\\/09\\\/46003.jpg\",\"datePublished\":\"2024-08-04T04:56:28+00:00\",\"dateModified\":\"2026-01-30T07:36:49+00:00\",\"description\":\"Buy the best real gold jewellery gifts for your loved ones this Festival. Order online for free and fast UK delivery.\",\"breadcrumb\":{\"@id\":\"https:\\\/\\\/www.purejewels.com\\\/product\\\/indian-gold-hoop-earrings-49204\\\/#breadcrumb\"},\"inLanguage\":\"tr\",\"potentialAction\":[{\"@type\":\"ReadAction\",\"target\":[\"https:\\\/\\\/www.purejewels.com\\\/product\\\/indian-gold-hoop-earrings-49204\\\/\"]}]},{\"@type\":\"ImageObject\",\"inLanguage\":\"tr\",\"@id\":\"https:\\\/\\\/www.purejewels.com\\\/product\\\/indian-gold-hoop-earrings-49204\\\/#primaryimage\",\"url\":\"https:\\\/\\\/static.purejewels.com\\\/wp-content\\\/uploads\\\/2022\\\/09\\\/46003.jpg\",\"contentUrl\":\"https:\\\/\\\/static.purejewels.com\\\/wp-content\\\/uploads\\\/2022\\\/09\\\/46003.jpg\",\"width\":27058,\"height\":55040,\"caption\":\"22ctGold Hoops with Jumkha\"},{\"@type\":\"BreadcrumbList\",\"@id\":\"https:\\\/\\\/www.purejewels.com\\\/product\\\/indian-gold-hoop-earrings-49204\\\/#breadcrumb\",\"itemListElement\":[{\"@type\":\"ListItem\",\"position\":1,\"name\":\"Home\",\"item\":\"https:\\\/\\\/www.purejewels.com\\\/\"},{\"@type\":\"ListItem\",\"position\":2,\"name\":\"Shop\",\"item\":\"https:\\\/\\\/www.purejewels.com\\\/shop\\\/\"},{\"@type\":\"ListItem\",\"position\":3,\"name\":\"Indian Gold Hoop Earrings\"}]},{\"@type\":\"WebSite\",\"@id\":\"https:\\\/\\\/www.purejewels.com\\\/#website\",\"url\":\"https:\\\/\\\/www.purejewels.com\\\/\",\"name\":\"PureJewels UK\",\"description\":\"Share the Love\",\"publisher\":{\"@id\":\"https:\\\/\\\/www.purejewels.com\\\/#organization\"},\"potentialAction\":[{\"@type\":\"SearchAction\",\"target\":{\"@type\":\"EntryPoint\",\"urlTemplate\":\"https:\\\/\\\/www.purejewels.com\\\/?s={search_term_string}\"},\"query-input\":{\"@type\":\"PropertyValueSpecification\",\"valueRequired\":true,\"valueName\":\"search_term_string\"}}],\"inLanguage\":\"tr\"},{\"@type\":\"Organization\",\"@id\":\"https:\\\/\\\/www.purejewels.com\\\/#organization\",\"name\":\"PureJewels UK\",\"url\":\"https:\\\/\\\/www.purejewels.com\\\/\",\"logo\":{\"@type\":\"ImageObject\",\"inLanguage\":\"tr\",\"@id\":\"https:\\\/\\\/www.purejewels.com\\\/#\\\/schema\\\/logo\\\/image\\\/\",\"url\":\"https:\\\/\\\/static.purejewels.com\\\/wp-content\\\/uploads\\\/2020\\\/11\\\/Logo-PJ-New-1.png\",\"contentUrl\":\"https:\\\/\\\/static.purejewels.com\\\/wp-content\\\/uploads\\\/2020\\\/11\\\/Logo-PJ-New-1.png\",\"width\":150,\"height\":80,\"caption\":\"PureJewels UK\"},\"image\":{\"@id\":\"https:\\\/\\\/www.purejewels.com\\\/#\\\/schema\\\/logo\\\/image\\\/\"}}]}<\/script>\n<!-- \/ Yoast SEO plugin. -->","yoast_head_json":{"title":"22 Ayar Hint Alt\u0131n\u0131 Halka K\u00fcpe Onun \u0130\u00e7in En \u0130yi M\u00fccevher Hediyesi","description":"Bu bayramda sevdikleriniz i\u00e7in en iyi ger\u00e7ek alt\u0131n tak\u0131 hediyelerini sat\u0131n al\u0131n. \u00dccretsiz ve h\u0131zl\u0131 \u0130ngiltere teslimat\u0131 i\u00e7in online sipari\u015f verin.","robots":{"index":"index","follow":"follow","max-snippet":"max-snippet:-1","max-image-preview":"max-image-preview:large","max-video-preview":"max-video-preview:-1"},"canonical":"https:\/\/www.purejewels.com\/tr\/urun\/hint-altin-halka-kupeler-49204\/","og_locale":"tr_TR","og_type":"article","og_title":"22ct Indian Gold Hoop Earrings Best Jewellery Gift for Her","og_description":"Buy the best real gold jewellery gifts for your loved ones this Festival. Order online for free and fast UK delivery.","og_url":"https:\/\/www.purejewels.com\/tr\/urun\/hint-altin-halka-kupeler-49204\/","og_site_name":"PureJewels UK","article_modified_time":"2026-01-30T07:36:49+00:00","og_image":[{"width":27058,"height":55040,"url":"https:\/\/static.purejewels.com\/wp-content\/uploads\/2022\/09\/46003.jpg","type":"image\/jpeg"}],"twitter_card":"summary_large_image","twitter_misc":{"Tahmini okuma s\u00fcresi":"1 dakika"},"schema":{"@context":"https:\/\/schema.org","@graph":[{"@type":["WebPage","ItemPage"],"@id":"https:\/\/www.purejewels.com\/product\/indian-gold-hoop-earrings-49204\/","url":"https:\/\/www.purejewels.com\/product\/indian-gold-hoop-earrings-49204\/","name":"22 Ayar Hint Alt\u0131n\u0131 Halka K\u00fcpe Onun \u0130\u00e7in En \u0130yi M\u00fccevher Hediyesi","isPartOf":{"@id":"https:\/\/www.purejewels.com\/#website"},"primaryImageOfPage":{"@id":"https:\/\/www.purejewels.com\/product\/indian-gold-hoop-earrings-49204\/#primaryimage"},"image":{"@id":"https:\/\/www.purejewels.com\/product\/indian-gold-hoop-earrings-49204\/#primaryimage"},"thumbnailUrl":"https:\/\/static.purejewels.com\/wp-content\/uploads\/2022\/09\/46003.jpg","datePublished":"2024-08-04T04:56:28+00:00","dateModified":"2026-01-30T07:36:49+00:00","description":"Bu bayramda sevdikleriniz i\u00e7in en iyi ger\u00e7ek alt\u0131n tak\u0131 hediyelerini sat\u0131n al\u0131n. \u00dccretsiz ve h\u0131zl\u0131 \u0130ngiltere teslimat\u0131 i\u00e7in online sipari\u015f verin.","breadcrumb":{"@id":"https:\/\/www.purejewels.com\/product\/indian-gold-hoop-earrings-49204\/#breadcrumb"},"inLanguage":"tr","potentialAction":[{"@type":"ReadAction","target":["https:\/\/www.purejewels.com\/product\/indian-gold-hoop-earrings-49204\/"]}]},{"@type":"ImageObject","inLanguage":"tr","@id":"https:\/\/www.purejewels.com\/product\/indian-gold-hoop-earrings-49204\/#primaryimage","url":"https:\/\/static.purejewels.com\/wp-content\/uploads\/2022\/09\/46003.jpg","contentUrl":"https:\/\/static.purejewels.com\/wp-content\/uploads\/2022\/09\/46003.jpg","width":27058,"height":55040,"caption":"22ctGold Hoops with Jumkha"},{"@type":"BreadcrumbList","@id":"https:\/\/www.purejewels.com\/product\/indian-gold-hoop-earrings-49204\/#breadcrumb","itemListElement":[{"@type":"ListItem","position":1,"name":"Home","item":"https:\/\/www.purejewels.com\/"},{"@type":"ListItem","position":2,"name":"Shop","item":"https:\/\/www.purejewels.com\/shop\/"},{"@type":"ListItem","position":3,"name":"Indian Gold Hoop Earrings"}]},{"@type":"WebSite","@id":"https:\/\/www.purejewels.com\/#website","url":"https:\/\/www.purejewels.com\/","name":"PureJewels \u0130ngiltere","description":"Sevgiyi Payla\u015f\u0131n","publisher":{"@id":"https:\/\/www.purejewels.com\/#organization"},"potentialAction":[{"@type":"SearchAction","target":{"@type":"EntryPoint","urlTemplate":"https:\/\/www.purejewels.com\/?s={search_term_string}"},"query-input":{"@type":"PropertyValueSpecification","valueRequired":true,"valueName":"search_term_string"}}],"inLanguage":"tr"},{"@type":"Organization","@id":"https:\/\/www.purejewels.com\/#organization","name":"PureJewels \u0130ngiltere","url":"https:\/\/www.purejewels.com\/","logo":{"@type":"ImageObject","inLanguage":"tr","@id":"https:\/\/www.purejewels.com\/#\/schema\/logo\/image\/","url":"https:\/\/static.purejewels.com\/wp-content\/uploads\/2020\/11\/Logo-PJ-New-1.png","contentUrl":"https:\/\/static.purejewels.com\/wp-content\/uploads\/2020\/11\/Logo-PJ-New-1.png","width":150,"height":80,"caption":"PureJewels UK"},"image":{"@id":"https:\/\/www.purejewels.com\/#\/schema\/logo\/image\/"}}]}},"_links":{"self":[{"href":"https:\/\/www.purejewels.com\/tr\/wp-json\/wp\/v2\/product\/334270","targetHints":{"allow":["GET"]}}],"collection":[{"href":"https:\/\/www.purejewels.com\/tr\/wp-json\/wp\/v2\/product"}],"about":[{"href":"https:\/\/www.purejewels.com\/tr\/wp-json\/wp\/v2\/types\/product"}],"replies":[{"embeddable":true,"href":"https:\/\/www.purejewels.com\/tr\/wp-json\/wp\/v2\/comments?post=334270"}],"version-history":[{"count":4,"href":"https:\/\/www.purejewels.com\/tr\/wp-json\/wp\/v2\/product\/334270\/revisions"}],"predecessor-version":[{"id":425009,"href":"https:\/\/www.purejewels.com\/tr\/wp-json\/wp\/v2\/product\/334270\/revisions\/425009"}],"wp:featuredmedia":[{"embeddable":true,"href":"https:\/\/www.purejewels.com\/tr\/wp-json\/wp\/v2\/media\/355134"}],"wp:attachment":[{"href":"https:\/\/www.purejewels.com\/tr\/wp-json\/wp\/v2\/media?parent=334270"}],"wp:term":[{"taxonomy":"product_brand","embeddable":true,"href":"https:\/\/www.purejewels.com\/tr\/wp-json\/wp\/v2\/product_brand?post=334270"},{"taxonomy":"product_cat","embeddable":true,"href":"https:\/\/www.purejewels.com\/tr\/wp-json\/wp\/v2\/product_cat?post=334270"},{"taxonomy":"product_tag","embeddable":true,"href":"https:\/\/www.purejewels.com\/tr\/wp-json\/wp\/v2\/product_tag?post=334270"}],"curies":[{"name":"wp","href":"https:\/\/api.w.org\/{rel}","templated":true}]}}