{"id":334289,"date":"2022-05-27T07:40:19","date_gmt":"2022-05-27T06:40:19","guid":{"rendered":"https:\/\/www.purejewels.com\/?post_type=product&#038;p=334289"},"modified":"2026-01-06T08:09:01","modified_gmt":"2026-01-06T08:09:01","slug":"22ct-41789da-pembe-altin-kolye-ucu","status":"publish","type":"product","link":"https:\/\/www.purejewels.com\/tr\/product\/rose-gold-pendant-in-22ct-41789\/","title":{"rendered":"22ct Pembe Alt\u0131n Kolye"},"content":{"rendered":"<p>Bu zarif 22 ayar Pembe Alt\u0131n Kolye, zarafet ve sofistike bir g\u00f6r\u00fcn\u00fcm sergileyen \u00e7arp\u0131c\u0131 bir m\u00fccevher par\u00e7as\u0131d\u0131r. 3,6 gram a\u011f\u0131rl\u0131\u011f\u0131ndaki bu kolye ucu, t\u00fcm m\u00fccevher koleksiyonlar\u0131 i\u00e7in m\u00fckemmel bir eklentidir. Kolye ucu bir zincirle birlikte gelmez, ancak Bayan Kolye ucu koleksiyonumuzu inceleyebilirsiniz. <a href=\"https:\/\/www.purejewels.com\/tr\/product-category\/22ct-gold-jewellery\/gold-chains\/\">Zincirler<\/a> m\u00fckemmel e\u015fle\u015fmeyi bulmak i\u00e7in.<\/p>\n<p>T\u00fcm \u00fcr\u00fcnlerimiz Londra Tahlil Ofisi taraf\u0131ndan damgalanarak en y\u00fcksek kalite ve orijinalli\u011fi garanti eder. Kolye ucu bir sunum kutusuyla birlikte gelir ve \u00f6zel g\u00fcnler i\u00e7in ideal bir hediyedir. Teslimat fiyata dahildir ve t\u00fcm fiyatlara KDV dahildir.<\/p>\n<p>Herhangi bir sorunuz varsa veya daha h\u0131zl\u0131 teslimat istiyorsan\u0131z, bizimle ileti\u015fime ge\u00e7mekten veya bizimle canl\u0131 sohbet etmekten \u00e7ekinmeyin. G\u00fcvenle al\u0131\u015fveri\u015f yap\u0131n ve bu g\u00fczel Pembe Alt\u0131n Kolyeyi bug\u00fcn koleksiyonunuza ekleyin.<\/p>","protected":false},"excerpt":{"rendered":"<ul>\n<li>22 Ayar Pembe Alt\u0131n Kolye<\/li>\n<li>A\u011f\u0131rl\u0131k 3,6 gms<\/li>\n<li>SKU. 41789<\/li>\n<li>Zincir dahil de\u011fildir<\/li>\n<li>Koleksiyonumuzu G\u00f6r\u00fcnt\u00fcleyin\u00a0<strong>Bayan Zincir<\/strong><\/li>\n<li>T\u00fcm \u00dcr\u00fcnlerimiz Londra Tahlil Ofisi Taraf\u0131ndan Damgalanm\u0131\u015ft\u0131r<\/li>\n<li>Sunum Kutusu ile Birlikte Gelir<\/li>\n<li>Teslimat Dahil<\/li>\n<li>T\u00fcm fiyatlara KDV dahildir<\/li>\n<li>\u00dcr\u00fcn\u00fcn videosunu g\u00f6rmek i\u00e7in bize ula\u015f\u0131n \/ bizimle canl\u0131 sohbet edin<\/li>\n<\/ul>","protected":false},"featured_media":336940,"comment_status":"closed","ping_status":"closed","template":"","meta":{"_eb_attr":"","_crsspst_to_jayantr4sg-hostcom":false},"product_brand":[],"product_cat":[1791,1559,1794,236,1793,1770,1792,1790,1255,1767,1570,246,5354,1569,1573,1574],"product_tag":[],"class_list":{"0":"post-334289","1":"product","2":"type-product","3":"status-publish","4":"has-post-thumbnail","6":"product_cat-anniversary-gifts","7":"product_cat-birthday-gifts","8":"product_cat-christmas-gifts","9":"product_cat-collections","10":"product_cat-diwali-gifts","11":"product_cat-fancy-pendants","12":"product_cat-festival-gifts","13":"product_cat-for-whom-when","14":"product_cat-gold-pendants","15":"product_cat-ladies-pendants","16":"product_cat-mothers-day-gifts","17":"product_cat-rose-gold-collections","18":"product_cat-rose-gold-jewellery","19":"product_cat-valentine-day-gifts","20":"product_cat-wedding-gifts","21":"product_cat-womens-jewellery","23":"first","24":"outofstock","25":"taxable","26":"shipping-taxable","27":"product-type-simple","28":"add-to-wishlist-before_image"},"yoast_head":"<!-- This site is optimized with the Yoast SEO plugin v27.3 - https:\/\/yoast.com\/product\/yoast-seo-wordpress\/ -->\n<title>Rose Gold Pendant in UK | PureJewels.com<\/title>\n<meta name=\"description\" content=\"Rose Gold Jewellery Online in London | Explore Precious Pendant Collection in UK | Certified | Quick Delivery | Easy Returns.\" \/>\n<meta name=\"robots\" content=\"index, follow, max-snippet:-1, max-image-preview:large, max-video-preview:-1\" \/>\n<link rel=\"canonical\" href=\"https:\/\/www.purejewels.com\/tr\/urun\/22ct-41789da-pembe-altin-kolye-ucu\/\" \/>\n<meta property=\"og:locale\" content=\"tr_TR\" \/>\n<meta property=\"og:type\" content=\"article\" \/>\n<meta property=\"og:title\" content=\"Rose Gold Pendant in UK | PureJewels.com\" \/>\n<meta property=\"og:description\" content=\"Rose Gold Jewellery Online in London | Explore Precious Pendant Collection in UK | Certified | Quick Delivery | Easy Returns.\" \/>\n<meta property=\"og:url\" content=\"https:\/\/www.purejewels.com\/tr\/urun\/22ct-41789da-pembe-altin-kolye-ucu\/\" \/>\n<meta property=\"og:site_name\" content=\"PureJewels UK\" \/>\n<meta property=\"article:modified_time\" content=\"2026-01-06T08:09:01+00:00\" \/>\n<meta property=\"og:image\" content=\"https:\/\/www.purejewels.com\/wp-content\/uploads\/2022\/02\/41789-2.jpg\" \/>\n\t<meta property=\"og:image:width\" content=\"1000\" \/>\n\t<meta property=\"og:image:height\" content=\"1000\" \/>\n\t<meta property=\"og:image:type\" content=\"image\/jpeg\" \/>\n<meta name=\"twitter:card\" content=\"summary_large_image\" \/>\n<meta name=\"twitter:label1\" content=\"Tahmini okuma s\u00fcresi\" \/>\n\t<meta name=\"twitter:data1\" content=\"1 dakika\" \/>\n<script type=\"application\/ld+json\" class=\"yoast-schema-graph\">{\"@context\":\"https:\\\/\\\/schema.org\",\"@graph\":[{\"@type\":[\"WebPage\",\"ItemPage\"],\"@id\":\"https:\\\/\\\/www.purejewels.com\\\/product\\\/rose-gold-pendant-in-22ct-41789\\\/\",\"url\":\"https:\\\/\\\/www.purejewels.com\\\/product\\\/rose-gold-pendant-in-22ct-41789\\\/\",\"name\":\"Rose Gold Pendant in UK | PureJewels.com\",\"isPartOf\":{\"@id\":\"https:\\\/\\\/www.purejewels.com\\\/#website\"},\"primaryImageOfPage\":{\"@id\":\"https:\\\/\\\/www.purejewels.com\\\/product\\\/rose-gold-pendant-in-22ct-41789\\\/#primaryimage\"},\"image\":{\"@id\":\"https:\\\/\\\/www.purejewels.com\\\/product\\\/rose-gold-pendant-in-22ct-41789\\\/#primaryimage\"},\"thumbnailUrl\":\"https:\\\/\\\/static.purejewels.com\\\/wp-content\\\/uploads\\\/2022\\\/02\\\/41789-2.jpg\",\"datePublished\":\"2022-05-27T06:40:19+00:00\",\"dateModified\":\"2026-01-06T08:09:01+00:00\",\"description\":\"Rose Gold Jewellery Online in London | Explore Precious Pendant Collection in UK | Certified | Quick Delivery | Easy Returns.\",\"breadcrumb\":{\"@id\":\"https:\\\/\\\/www.purejewels.com\\\/product\\\/rose-gold-pendant-in-22ct-41789\\\/#breadcrumb\"},\"inLanguage\":\"tr\",\"potentialAction\":[{\"@type\":\"ReadAction\",\"target\":[\"https:\\\/\\\/www.purejewels.com\\\/product\\\/rose-gold-pendant-in-22ct-41789\\\/\"]}]},{\"@type\":\"ImageObject\",\"inLanguage\":\"tr\",\"@id\":\"https:\\\/\\\/www.purejewels.com\\\/product\\\/rose-gold-pendant-in-22ct-41789\\\/#primaryimage\",\"url\":\"https:\\\/\\\/static.purejewels.com\\\/wp-content\\\/uploads\\\/2022\\\/02\\\/41789-2.jpg\",\"contentUrl\":\"https:\\\/\\\/static.purejewels.com\\\/wp-content\\\/uploads\\\/2022\\\/02\\\/41789-2.jpg\",\"width\":1000,\"height\":1000,\"caption\":\"Rose Gold Pendant in 22ct 41789-2\"},{\"@type\":\"BreadcrumbList\",\"@id\":\"https:\\\/\\\/www.purejewels.com\\\/product\\\/rose-gold-pendant-in-22ct-41789\\\/#breadcrumb\",\"itemListElement\":[{\"@type\":\"ListItem\",\"position\":1,\"name\":\"Home\",\"item\":\"https:\\\/\\\/www.purejewels.com\\\/\"},{\"@type\":\"ListItem\",\"position\":2,\"name\":\"Shop\",\"item\":\"https:\\\/\\\/www.purejewels.com\\\/shop\\\/\"},{\"@type\":\"ListItem\",\"position\":3,\"name\":\"Rose Gold Pendant in 22ct\"}]},{\"@type\":\"WebSite\",\"@id\":\"https:\\\/\\\/www.purejewels.com\\\/#website\",\"url\":\"https:\\\/\\\/www.purejewels.com\\\/\",\"name\":\"PureJewels UK\",\"description\":\"Share the Love\",\"publisher\":{\"@id\":\"https:\\\/\\\/www.purejewels.com\\\/#organization\"},\"potentialAction\":[{\"@type\":\"SearchAction\",\"target\":{\"@type\":\"EntryPoint\",\"urlTemplate\":\"https:\\\/\\\/www.purejewels.com\\\/?s={search_term_string}\"},\"query-input\":{\"@type\":\"PropertyValueSpecification\",\"valueRequired\":true,\"valueName\":\"search_term_string\"}}],\"inLanguage\":\"tr\"},{\"@type\":\"Organization\",\"@id\":\"https:\\\/\\\/www.purejewels.com\\\/#organization\",\"name\":\"PureJewels UK\",\"url\":\"https:\\\/\\\/www.purejewels.com\\\/\",\"logo\":{\"@type\":\"ImageObject\",\"inLanguage\":\"tr\",\"@id\":\"https:\\\/\\\/www.purejewels.com\\\/#\\\/schema\\\/logo\\\/image\\\/\",\"url\":\"https:\\\/\\\/static.purejewels.com\\\/wp-content\\\/uploads\\\/2020\\\/11\\\/Logo-PJ-New-1.png\",\"contentUrl\":\"https:\\\/\\\/static.purejewels.com\\\/wp-content\\\/uploads\\\/2020\\\/11\\\/Logo-PJ-New-1.png\",\"width\":150,\"height\":80,\"caption\":\"PureJewels UK\"},\"image\":{\"@id\":\"https:\\\/\\\/www.purejewels.com\\\/#\\\/schema\\\/logo\\\/image\\\/\"}}]}<\/script>\n<!-- \/ Yoast SEO plugin. -->","yoast_head_json":{"title":"G\u00fcl Alt\u0131n Kolye \u0130ngiltere | PureJewels.com","description":"Londra'da Online G\u00fcl Alt\u0131n Tak\u0131lar | \u0130ngiltere'deki De\u011ferli Kolye Koleksiyonunu Ke\u015ffedin | Sertifikal\u0131 | H\u0131zl\u0131 Teslimat | Kolay \u0130ade.","robots":{"index":"index","follow":"follow","max-snippet":"max-snippet:-1","max-image-preview":"max-image-preview:large","max-video-preview":"max-video-preview:-1"},"canonical":"https:\/\/www.purejewels.com\/tr\/urun\/22ct-41789da-pembe-altin-kolye-ucu\/","og_locale":"tr_TR","og_type":"article","og_title":"Rose Gold Pendant in UK | PureJewels.com","og_description":"Rose Gold Jewellery Online in London | Explore Precious Pendant Collection in UK | Certified | Quick Delivery | Easy Returns.","og_url":"https:\/\/www.purejewels.com\/tr\/urun\/22ct-41789da-pembe-altin-kolye-ucu\/","og_site_name":"PureJewels UK","article_modified_time":"2026-01-06T08:09:01+00:00","og_image":[{"width":1000,"height":1000,"url":"https:\/\/www.purejewels.com\/wp-content\/uploads\/2022\/02\/41789-2.jpg","type":"image\/jpeg"}],"twitter_card":"summary_large_image","twitter_misc":{"Tahmini okuma s\u00fcresi":"1 dakika"},"schema":{"@context":"https:\/\/schema.org","@graph":[{"@type":["WebPage","ItemPage"],"@id":"https:\/\/www.purejewels.com\/product\/rose-gold-pendant-in-22ct-41789\/","url":"https:\/\/www.purejewels.com\/product\/rose-gold-pendant-in-22ct-41789\/","name":"G\u00fcl Alt\u0131n Kolye \u0130ngiltere | PureJewels.com","isPartOf":{"@id":"https:\/\/www.purejewels.com\/#website"},"primaryImageOfPage":{"@id":"https:\/\/www.purejewels.com\/product\/rose-gold-pendant-in-22ct-41789\/#primaryimage"},"image":{"@id":"https:\/\/www.purejewels.com\/product\/rose-gold-pendant-in-22ct-41789\/#primaryimage"},"thumbnailUrl":"https:\/\/static.purejewels.com\/wp-content\/uploads\/2022\/02\/41789-2.jpg","datePublished":"2022-05-27T06:40:19+00:00","dateModified":"2026-01-06T08:09:01+00:00","description":"Londra'da Online G\u00fcl Alt\u0131n Tak\u0131lar | \u0130ngiltere'deki De\u011ferli Kolye Koleksiyonunu Ke\u015ffedin | Sertifikal\u0131 | H\u0131zl\u0131 Teslimat | Kolay \u0130ade.","breadcrumb":{"@id":"https:\/\/www.purejewels.com\/product\/rose-gold-pendant-in-22ct-41789\/#breadcrumb"},"inLanguage":"tr","potentialAction":[{"@type":"ReadAction","target":["https:\/\/www.purejewels.com\/product\/rose-gold-pendant-in-22ct-41789\/"]}]},{"@type":"ImageObject","inLanguage":"tr","@id":"https:\/\/www.purejewels.com\/product\/rose-gold-pendant-in-22ct-41789\/#primaryimage","url":"https:\/\/static.purejewels.com\/wp-content\/uploads\/2022\/02\/41789-2.jpg","contentUrl":"https:\/\/static.purejewels.com\/wp-content\/uploads\/2022\/02\/41789-2.jpg","width":1000,"height":1000,"caption":"Rose Gold Pendant in 22ct 41789-2"},{"@type":"BreadcrumbList","@id":"https:\/\/www.purejewels.com\/product\/rose-gold-pendant-in-22ct-41789\/#breadcrumb","itemListElement":[{"@type":"ListItem","position":1,"name":"Home","item":"https:\/\/www.purejewels.com\/"},{"@type":"ListItem","position":2,"name":"Shop","item":"https:\/\/www.purejewels.com\/shop\/"},{"@type":"ListItem","position":3,"name":"Rose Gold Pendant in 22ct"}]},{"@type":"WebSite","@id":"https:\/\/www.purejewels.com\/#website","url":"https:\/\/www.purejewels.com\/","name":"PureJewels \u0130ngiltere","description":"Sevgiyi Payla\u015f\u0131n","publisher":{"@id":"https:\/\/www.purejewels.com\/#organization"},"potentialAction":[{"@type":"SearchAction","target":{"@type":"EntryPoint","urlTemplate":"https:\/\/www.purejewels.com\/?s={search_term_string}"},"query-input":{"@type":"PropertyValueSpecification","valueRequired":true,"valueName":"search_term_string"}}],"inLanguage":"tr"},{"@type":"Organization","@id":"https:\/\/www.purejewels.com\/#organization","name":"PureJewels \u0130ngiltere","url":"https:\/\/www.purejewels.com\/","logo":{"@type":"ImageObject","inLanguage":"tr","@id":"https:\/\/www.purejewels.com\/#\/schema\/logo\/image\/","url":"https:\/\/static.purejewels.com\/wp-content\/uploads\/2020\/11\/Logo-PJ-New-1.png","contentUrl":"https:\/\/static.purejewels.com\/wp-content\/uploads\/2020\/11\/Logo-PJ-New-1.png","width":150,"height":80,"caption":"PureJewels UK"},"image":{"@id":"https:\/\/www.purejewels.com\/#\/schema\/logo\/image\/"}}]}},"_links":{"self":[{"href":"https:\/\/www.purejewels.com\/tr\/wp-json\/wp\/v2\/product\/334289","targetHints":{"allow":["GET"]}}],"collection":[{"href":"https:\/\/www.purejewels.com\/tr\/wp-json\/wp\/v2\/product"}],"about":[{"href":"https:\/\/www.purejewels.com\/tr\/wp-json\/wp\/v2\/types\/product"}],"replies":[{"embeddable":true,"href":"https:\/\/www.purejewels.com\/tr\/wp-json\/wp\/v2\/comments?post=334289"}],"version-history":[{"count":1,"href":"https:\/\/www.purejewels.com\/tr\/wp-json\/wp\/v2\/product\/334289\/revisions"}],"predecessor-version":[{"id":421013,"href":"https:\/\/www.purejewels.com\/tr\/wp-json\/wp\/v2\/product\/334289\/revisions\/421013"}],"wp:featuredmedia":[{"embeddable":true,"href":"https:\/\/www.purejewels.com\/tr\/wp-json\/wp\/v2\/media\/336940"}],"wp:attachment":[{"href":"https:\/\/www.purejewels.com\/tr\/wp-json\/wp\/v2\/media?parent=334289"}],"wp:term":[{"taxonomy":"product_brand","embeddable":true,"href":"https:\/\/www.purejewels.com\/tr\/wp-json\/wp\/v2\/product_brand?post=334289"},{"taxonomy":"product_cat","embeddable":true,"href":"https:\/\/www.purejewels.com\/tr\/wp-json\/wp\/v2\/product_cat?post=334289"},{"taxonomy":"product_tag","embeddable":true,"href":"https:\/\/www.purejewels.com\/tr\/wp-json\/wp\/v2\/product_tag?post=334289"}],"curies":[{"name":"wp","href":"https:\/\/api.w.org\/{rel}","templated":true}]}}