{"id":334314,"date":"2022-05-27T06:48:42","date_gmt":"2022-05-27T05:48:42","guid":{"rendered":"https:\/\/www.purejewels.com\/?post_type=product&#038;p=334314"},"modified":"2026-01-06T08:09:02","modified_gmt":"2026-01-06T08:09:02","slug":"22-ayar-altin-kolye-ucu-pembe-altin-kaplama-41783","status":"publish","type":"product","link":"https:\/\/www.purejewels.com\/tr\/product\/22ct-gold-pendant-rose-gold-finish-41783\/","title":{"rendered":"22 Ayar Alt\u0131n Kolye | Pembe Alt\u0131n Kaplama | Yuvarlak \u015eekil"},"content":{"rendered":"<p>Kar\u015f\u0131n\u0131zda G\u00fcl Alt\u0131n Koleksiyonumuza \u00e7arp\u0131c\u0131 bir ekleme olan enfes 22 ayar G\u00fcl Alt\u0131n Kolyemiz. Bu yuvarlak kolye ucu, l\u00fcks bir his i\u00e7in 5,1 gram a\u011f\u0131rl\u0131\u011f\u0131nda g\u00fczel bir pembe alt\u0131n kaplamaya sahiptir. Kolye ucu zarif bir tasar\u0131ma sahiptir ve g\u00fcnl\u00fck kullan\u0131m ya da \u00f6zel g\u00fcnler i\u00e7in m\u00fckemmeldir. Zincirin dahil olmad\u0131\u011f\u0131n\u0131 l\u00fctfen unutmay\u0131n, ancak Bayan kolye koleksiyonumuzu inceleyebilirsiniz. <a href=\"https:\/\/www.purejewels.com\/tr\/product-category\/22ct-gold-jewellery\/gold-chains\/\">Zincirler<\/a> m\u00fckemmel e\u015fle\u015fmeyi bulmak i\u00e7in.<\/p>\n<p>T\u00fcm \u00fcr\u00fcnlerimiz Londra Tahlil Ofisi taraf\u0131ndan damgalanarak en y\u00fcksek kalite ve \u00f6zg\u00fcnl\u00fc\u011f\u00fc garanti eder. Kolyeniz bir hediye kutusu i\u00e7inde g\u00fczel bir \u015fekilde sunulacak ve teslimat fiyata dahil olacakt\u0131r. Herhangi bir sorunuz varsa veya \u00fcr\u00fcn\u00fcn bir videosunu g\u00f6rmek istiyorsan\u0131z, bizimle ileti\u015fime ge\u00e7mekten veya bizimle canl\u0131 sohbet etmekten \u00e7ekinmeyin.<\/p>\n<p>Bu Pembe Alt\u0131n Kolye y\u0131ld\u00f6n\u00fcmleri, do\u011fum g\u00fcnleri, Sevgililer G\u00fcn\u00fc, Anneler G\u00fcn\u00fc, d\u00fc\u011f\u00fcnler veya herhangi bir \u00f6zel g\u00fcn i\u00e7in m\u00fckemmel bir hediyedir. Sparkle Koleksiyonumuzu ke\u015ffedin ve kendinize ya da sevdi\u011finiz birine bu zarif m\u00fccevheri hediye edin.<\/p>","protected":false},"excerpt":{"rendered":"<ul>\n<li>22 Ayar Pembe Alt\u0131n Kolye<\/li>\n<li>A\u011f\u0131rl\u0131k 5.1 gms<\/li>\n<li>SKU.41783<\/li>\n<li>Zincir dahil de\u011fildir<\/li>\n<li>Koleksiyonumuzu G\u00f6r\u00fcnt\u00fcleyin\u00a0<strong>Bayan Zincir<\/strong><\/li>\n<li>T\u00fcm \u00dcr\u00fcnlerimiz Londra Tahlil Ofisi Taraf\u0131ndan Damgalanm\u0131\u015ft\u0131r<\/li>\n<li>Sunum Kutusu ile Birlikte Gelir<\/li>\n<li>Teslimat Dahil<\/li>\n<li>T\u00fcm fiyatlara KDV dahildir<\/li>\n<li>\u00dcr\u00fcn\u00fcn videosunu g\u00f6rmek i\u00e7in bize ula\u015f\u0131n \/ bizimle canl\u0131 sohbet edin<\/li>\n<\/ul>","protected":false},"featured_media":336930,"comment_status":"closed","ping_status":"closed","template":"","meta":{"_eb_attr":"","_crsspst_to_jayantr4sg-hostcom":false},"product_brand":[],"product_cat":[1791,1559,236,1770,1792,1790,1255,1767,1570,246,5354,248,1569,1573,1574],"product_tag":[],"class_list":{"0":"post-334314","1":"product","2":"type-product","3":"status-publish","4":"has-post-thumbnail","6":"product_cat-anniversary-gifts","7":"product_cat-birthday-gifts","8":"product_cat-collections","9":"product_cat-fancy-pendants","10":"product_cat-festival-gifts","11":"product_cat-for-whom-when","12":"product_cat-gold-pendants","13":"product_cat-ladies-pendants","14":"product_cat-mothers-day-gifts","15":"product_cat-rose-gold-collections","16":"product_cat-rose-gold-jewellery","17":"product_cat-sparkle-collections","18":"product_cat-valentine-day-gifts","19":"product_cat-wedding-gifts","20":"product_cat-womens-jewellery","22":"first","23":"outofstock","24":"taxable","25":"shipping-taxable","26":"product-type-simple","27":"add-to-wishlist-before_image"},"yoast_head":"<!-- This site is optimized with the Yoast SEO plugin v27.3 - https:\/\/yoast.com\/product\/yoast-seo-wordpress\/ -->\n<title>Rose Gold Pendants | Round Pendants | PureJewels.com<\/title>\n<meta name=\"description\" content=\"Round Shaped Rose Gold Pendants Online in UK | Shop wide range of Rose Gold Jewellery in London | Perfect For Gifting | Quick Delivery\" \/>\n<meta name=\"robots\" content=\"index, follow, max-snippet:-1, max-image-preview:large, max-video-preview:-1\" \/>\n<link rel=\"canonical\" href=\"https:\/\/www.purejewels.com\/tr\/urun\/22-ayar-altin-kolye-ucu-pembe-altin-kaplama-41783\/\" \/>\n<meta property=\"og:locale\" content=\"tr_TR\" \/>\n<meta property=\"og:type\" content=\"article\" \/>\n<meta property=\"og:title\" content=\"Rose Gold Pendants | Round Pendants | PureJewels.com\" \/>\n<meta property=\"og:description\" content=\"Round Shaped Rose Gold Pendants Online in UK | Shop wide range of Rose Gold Jewellery in London | Perfect For Gifting | Quick Delivery\" \/>\n<meta property=\"og:url\" content=\"https:\/\/www.purejewels.com\/tr\/urun\/22-ayar-altin-kolye-ucu-pembe-altin-kaplama-41783\/\" \/>\n<meta property=\"og:site_name\" content=\"PureJewels UK\" \/>\n<meta property=\"article:modified_time\" content=\"2026-01-06T08:09:02+00:00\" \/>\n<meta property=\"og:image\" content=\"https:\/\/www.purejewels.com\/wp-content\/uploads\/2022\/02\/41783-1.jpg\" \/>\n\t<meta property=\"og:image:width\" content=\"1000\" \/>\n\t<meta property=\"og:image:height\" content=\"1000\" \/>\n\t<meta property=\"og:image:type\" content=\"image\/jpeg\" \/>\n<meta name=\"twitter:card\" content=\"summary_large_image\" \/>\n<meta name=\"twitter:label1\" content=\"Tahmini okuma s\u00fcresi\" \/>\n\t<meta name=\"twitter:data1\" content=\"1 dakika\" \/>\n<script type=\"application\/ld+json\" class=\"yoast-schema-graph\">{\"@context\":\"https:\\\/\\\/schema.org\",\"@graph\":[{\"@type\":[\"WebPage\",\"ItemPage\"],\"@id\":\"https:\\\/\\\/www.purejewels.com\\\/product\\\/22ct-gold-pendant-rose-gold-finish-41783\\\/\",\"url\":\"https:\\\/\\\/www.purejewels.com\\\/product\\\/22ct-gold-pendant-rose-gold-finish-41783\\\/\",\"name\":\"Rose Gold Pendants | Round Pendants | PureJewels.com\",\"isPartOf\":{\"@id\":\"https:\\\/\\\/www.purejewels.com\\\/#website\"},\"primaryImageOfPage\":{\"@id\":\"https:\\\/\\\/www.purejewels.com\\\/product\\\/22ct-gold-pendant-rose-gold-finish-41783\\\/#primaryimage\"},\"image\":{\"@id\":\"https:\\\/\\\/www.purejewels.com\\\/product\\\/22ct-gold-pendant-rose-gold-finish-41783\\\/#primaryimage\"},\"thumbnailUrl\":\"https:\\\/\\\/static.purejewels.com\\\/wp-content\\\/uploads\\\/2022\\\/02\\\/41783-1.jpg\",\"datePublished\":\"2022-05-27T05:48:42+00:00\",\"dateModified\":\"2026-01-06T08:09:02+00:00\",\"description\":\"Round Shaped Rose Gold Pendants Online in UK | Shop wide range of Rose Gold Jewellery in London | Perfect For Gifting | Quick Delivery\",\"breadcrumb\":{\"@id\":\"https:\\\/\\\/www.purejewels.com\\\/product\\\/22ct-gold-pendant-rose-gold-finish-41783\\\/#breadcrumb\"},\"inLanguage\":\"tr\",\"potentialAction\":[{\"@type\":\"ReadAction\",\"target\":[\"https:\\\/\\\/www.purejewels.com\\\/product\\\/22ct-gold-pendant-rose-gold-finish-41783\\\/\"]}]},{\"@type\":\"ImageObject\",\"inLanguage\":\"tr\",\"@id\":\"https:\\\/\\\/www.purejewels.com\\\/product\\\/22ct-gold-pendant-rose-gold-finish-41783\\\/#primaryimage\",\"url\":\"https:\\\/\\\/static.purejewels.com\\\/wp-content\\\/uploads\\\/2022\\\/02\\\/41783-1.jpg\",\"contentUrl\":\"https:\\\/\\\/static.purejewels.com\\\/wp-content\\\/uploads\\\/2022\\\/02\\\/41783-1.jpg\",\"width\":1000,\"height\":1000,\"caption\":\"22ct Gold Pendant\"},{\"@type\":\"BreadcrumbList\",\"@id\":\"https:\\\/\\\/www.purejewels.com\\\/product\\\/22ct-gold-pendant-rose-gold-finish-41783\\\/#breadcrumb\",\"itemListElement\":[{\"@type\":\"ListItem\",\"position\":1,\"name\":\"Home\",\"item\":\"https:\\\/\\\/www.purejewels.com\\\/\"},{\"@type\":\"ListItem\",\"position\":2,\"name\":\"Shop\",\"item\":\"https:\\\/\\\/www.purejewels.com\\\/shop\\\/\"},{\"@type\":\"ListItem\",\"position\":3,\"name\":\"22ct Gold Pendant | Rose Gold Finish | Round Shape\"}]},{\"@type\":\"WebSite\",\"@id\":\"https:\\\/\\\/www.purejewels.com\\\/#website\",\"url\":\"https:\\\/\\\/www.purejewels.com\\\/\",\"name\":\"PureJewels UK\",\"description\":\"Share the Love\",\"publisher\":{\"@id\":\"https:\\\/\\\/www.purejewels.com\\\/#organization\"},\"potentialAction\":[{\"@type\":\"SearchAction\",\"target\":{\"@type\":\"EntryPoint\",\"urlTemplate\":\"https:\\\/\\\/www.purejewels.com\\\/?s={search_term_string}\"},\"query-input\":{\"@type\":\"PropertyValueSpecification\",\"valueRequired\":true,\"valueName\":\"search_term_string\"}}],\"inLanguage\":\"tr\"},{\"@type\":\"Organization\",\"@id\":\"https:\\\/\\\/www.purejewels.com\\\/#organization\",\"name\":\"PureJewels UK\",\"url\":\"https:\\\/\\\/www.purejewels.com\\\/\",\"logo\":{\"@type\":\"ImageObject\",\"inLanguage\":\"tr\",\"@id\":\"https:\\\/\\\/www.purejewels.com\\\/#\\\/schema\\\/logo\\\/image\\\/\",\"url\":\"https:\\\/\\\/static.purejewels.com\\\/wp-content\\\/uploads\\\/2020\\\/11\\\/Logo-PJ-New-1.png\",\"contentUrl\":\"https:\\\/\\\/static.purejewels.com\\\/wp-content\\\/uploads\\\/2020\\\/11\\\/Logo-PJ-New-1.png\",\"width\":150,\"height\":80,\"caption\":\"PureJewels UK\"},\"image\":{\"@id\":\"https:\\\/\\\/www.purejewels.com\\\/#\\\/schema\\\/logo\\\/image\\\/\"}}]}<\/script>\n<!-- \/ Yoast SEO plugin. -->","yoast_head_json":{"title":"Pembe Alt\u0131n Kolyeler | Yuvarlak Kolyeler | PureJewels.com","description":"Yuvarlak \u015eekilli G\u00fcl Alt\u0131n Kolyeler \u0130ngiltere'de Online | Londra'da \u00c7ok \u00c7e\u015fitli G\u00fcl Alt\u0131n Tak\u0131lar Sat\u0131n Al\u0131n | Hediye \u0130\u00e7in M\u00fckemmel | H\u0131zl\u0131 Teslimat","robots":{"index":"index","follow":"follow","max-snippet":"max-snippet:-1","max-image-preview":"max-image-preview:large","max-video-preview":"max-video-preview:-1"},"canonical":"https:\/\/www.purejewels.com\/tr\/urun\/22-ayar-altin-kolye-ucu-pembe-altin-kaplama-41783\/","og_locale":"tr_TR","og_type":"article","og_title":"Rose Gold Pendants | Round Pendants | PureJewels.com","og_description":"Round Shaped Rose Gold Pendants Online in UK | Shop wide range of Rose Gold Jewellery in London | Perfect For Gifting | Quick Delivery","og_url":"https:\/\/www.purejewels.com\/tr\/urun\/22-ayar-altin-kolye-ucu-pembe-altin-kaplama-41783\/","og_site_name":"PureJewels UK","article_modified_time":"2026-01-06T08:09:02+00:00","og_image":[{"width":1000,"height":1000,"url":"https:\/\/www.purejewels.com\/wp-content\/uploads\/2022\/02\/41783-1.jpg","type":"image\/jpeg"}],"twitter_card":"summary_large_image","twitter_misc":{"Tahmini okuma s\u00fcresi":"1 dakika"},"schema":{"@context":"https:\/\/schema.org","@graph":[{"@type":["WebPage","ItemPage"],"@id":"https:\/\/www.purejewels.com\/product\/22ct-gold-pendant-rose-gold-finish-41783\/","url":"https:\/\/www.purejewels.com\/product\/22ct-gold-pendant-rose-gold-finish-41783\/","name":"Pembe Alt\u0131n Kolyeler | Yuvarlak Kolyeler | PureJewels.com","isPartOf":{"@id":"https:\/\/www.purejewels.com\/#website"},"primaryImageOfPage":{"@id":"https:\/\/www.purejewels.com\/product\/22ct-gold-pendant-rose-gold-finish-41783\/#primaryimage"},"image":{"@id":"https:\/\/www.purejewels.com\/product\/22ct-gold-pendant-rose-gold-finish-41783\/#primaryimage"},"thumbnailUrl":"https:\/\/static.purejewels.com\/wp-content\/uploads\/2022\/02\/41783-1.jpg","datePublished":"2022-05-27T05:48:42+00:00","dateModified":"2026-01-06T08:09:02+00:00","description":"Yuvarlak \u015eekilli G\u00fcl Alt\u0131n Kolyeler \u0130ngiltere'de Online | Londra'da \u00c7ok \u00c7e\u015fitli G\u00fcl Alt\u0131n Tak\u0131lar Sat\u0131n Al\u0131n | Hediye \u0130\u00e7in M\u00fckemmel | H\u0131zl\u0131 Teslimat","breadcrumb":{"@id":"https:\/\/www.purejewels.com\/product\/22ct-gold-pendant-rose-gold-finish-41783\/#breadcrumb"},"inLanguage":"tr","potentialAction":[{"@type":"ReadAction","target":["https:\/\/www.purejewels.com\/product\/22ct-gold-pendant-rose-gold-finish-41783\/"]}]},{"@type":"ImageObject","inLanguage":"tr","@id":"https:\/\/www.purejewels.com\/product\/22ct-gold-pendant-rose-gold-finish-41783\/#primaryimage","url":"https:\/\/static.purejewels.com\/wp-content\/uploads\/2022\/02\/41783-1.jpg","contentUrl":"https:\/\/static.purejewels.com\/wp-content\/uploads\/2022\/02\/41783-1.jpg","width":1000,"height":1000,"caption":"22ct Gold Pendant"},{"@type":"BreadcrumbList","@id":"https:\/\/www.purejewels.com\/product\/22ct-gold-pendant-rose-gold-finish-41783\/#breadcrumb","itemListElement":[{"@type":"ListItem","position":1,"name":"Home","item":"https:\/\/www.purejewels.com\/"},{"@type":"ListItem","position":2,"name":"Shop","item":"https:\/\/www.purejewels.com\/shop\/"},{"@type":"ListItem","position":3,"name":"22ct Gold Pendant | Rose Gold Finish | Round Shape"}]},{"@type":"WebSite","@id":"https:\/\/www.purejewels.com\/#website","url":"https:\/\/www.purejewels.com\/","name":"PureJewels \u0130ngiltere","description":"Sevgiyi Payla\u015f\u0131n","publisher":{"@id":"https:\/\/www.purejewels.com\/#organization"},"potentialAction":[{"@type":"SearchAction","target":{"@type":"EntryPoint","urlTemplate":"https:\/\/www.purejewels.com\/?s={search_term_string}"},"query-input":{"@type":"PropertyValueSpecification","valueRequired":true,"valueName":"search_term_string"}}],"inLanguage":"tr"},{"@type":"Organization","@id":"https:\/\/www.purejewels.com\/#organization","name":"PureJewels \u0130ngiltere","url":"https:\/\/www.purejewels.com\/","logo":{"@type":"ImageObject","inLanguage":"tr","@id":"https:\/\/www.purejewels.com\/#\/schema\/logo\/image\/","url":"https:\/\/static.purejewels.com\/wp-content\/uploads\/2020\/11\/Logo-PJ-New-1.png","contentUrl":"https:\/\/static.purejewels.com\/wp-content\/uploads\/2020\/11\/Logo-PJ-New-1.png","width":150,"height":80,"caption":"PureJewels UK"},"image":{"@id":"https:\/\/www.purejewels.com\/#\/schema\/logo\/image\/"}}]}},"_links":{"self":[{"href":"https:\/\/www.purejewels.com\/tr\/wp-json\/wp\/v2\/product\/334314","targetHints":{"allow":["GET"]}}],"collection":[{"href":"https:\/\/www.purejewels.com\/tr\/wp-json\/wp\/v2\/product"}],"about":[{"href":"https:\/\/www.purejewels.com\/tr\/wp-json\/wp\/v2\/types\/product"}],"replies":[{"embeddable":true,"href":"https:\/\/www.purejewels.com\/tr\/wp-json\/wp\/v2\/comments?post=334314"}],"version-history":[{"count":1,"href":"https:\/\/www.purejewels.com\/tr\/wp-json\/wp\/v2\/product\/334314\/revisions"}],"predecessor-version":[{"id":420826,"href":"https:\/\/www.purejewels.com\/tr\/wp-json\/wp\/v2\/product\/334314\/revisions\/420826"}],"wp:featuredmedia":[{"embeddable":true,"href":"https:\/\/www.purejewels.com\/tr\/wp-json\/wp\/v2\/media\/336930"}],"wp:attachment":[{"href":"https:\/\/www.purejewels.com\/tr\/wp-json\/wp\/v2\/media?parent=334314"}],"wp:term":[{"taxonomy":"product_brand","embeddable":true,"href":"https:\/\/www.purejewels.com\/tr\/wp-json\/wp\/v2\/product_brand?post=334314"},{"taxonomy":"product_cat","embeddable":true,"href":"https:\/\/www.purejewels.com\/tr\/wp-json\/wp\/v2\/product_cat?post=334314"},{"taxonomy":"product_tag","embeddable":true,"href":"https:\/\/www.purejewels.com\/tr\/wp-json\/wp\/v2\/product_tag?post=334314"}],"curies":[{"name":"wp","href":"https:\/\/api.w.org\/{rel}","templated":true}]}}