{"id":334344,"date":"2022-02-15T04:05:32","date_gmt":"2022-02-15T04:05:32","guid":{"rendered":"https:\/\/www.purejewels.com\/?post_type=product&#038;p=334344"},"modified":"2025-11-10T06:52:02","modified_gmt":"2025-11-10T06:52:02","slug":"hint-altin-yuzukleri-uk-47507","status":"publish","type":"product","link":"https:\/\/www.purejewels.com\/tr\/product\/indian-gold-rings-uk-47507\/","title":{"rendered":"Hint Alt\u0131n Y\u00fcz\u00fckleri \u0130ngiltere | K Beden"},"content":{"rendered":"<p data-start=\"0\" data-end=\"431\"><strong data-start=\"0\" data-end=\"10\">Tasar\u0131m<\/strong><br data-start=\"10\" data-end=\"13\" \/>Rosette Koleksiyonu'ndan bu 22 ayar alt\u0131n y\u00fcz\u00fck, tam \u00e7i\u00e7ek a\u00e7m\u0131\u015f bir \u00e7i\u00e7ekten esinlenerek katmanl\u0131 ta\u00e7 yapraklar\u0131n\u0131n yumu\u015fak geometrisini kompakt, giyilebilir bir formda yakal\u0131yor. Karma\u015f\u0131k rozet motifi parma\u011fa zarif bir \u015fekilde oturarak detay ve sadeli\u011fin do\u011fru dengesini sunar. Zarif profili ve yakla\u015f\u0131k 3,9 gram a\u011f\u0131rl\u0131\u011f\u0131yla narin ama etkileyici bir his verir - K gibi daha k\u00fc\u00e7\u00fck y\u00fcz\u00fck boyutlar\u0131 i\u00e7in m\u00fckemmeldir.<\/p>\n<p data-start=\"433\" data-end=\"824\"><strong data-start=\"433\" data-end=\"450\">Zanaatkarl\u0131k<\/strong><br data-start=\"450\" data-end=\"453\" \/>Zengin 22 ayar sar\u0131 alt\u0131ndan ustal\u0131kla \u00fcretilen y\u00fcz\u00fck, rozetin her bir k\u0131vr\u0131m\u0131n\u0131 vurgulayan ince dokular ve hassas r\u00f6lyef \u00e7al\u0131\u015fmalar\u0131 sergiliyor. Bant, g\u00fcnl\u00fck rahatl\u0131k i\u00e7in nazik\u00e7e \u015fekillendirilirken, kullan\u0131mda g\u00fcven verici bir sa\u011flaml\u0131k sa\u011flar. Her par\u00e7a, alt\u0131n\u0131n safl\u0131\u011f\u0131n\u0131 ve orijinalli\u011fini belgelemek i\u00e7in Birle\u015fik Krall\u0131k'ta damgalanm\u0131\u015ft\u0131r, b\u00f6ylece ona g\u00fcvenle de\u011fer verebilirsiniz.<\/p>\n<p data-start=\"826\" data-end=\"1265\" data-is-last-node=\"\" data-is-only-node=\"\"><strong data-start=\"826\" data-end=\"847\">\u015eekillendirme &amp; Hediyele\u015fme<\/strong><br data-start=\"847\" data-end=\"850\" \/>Bu Rozet y\u00fcz\u00fc\u011f\u00fc i\u015faret veya y\u00fcz\u00fck parma\u011f\u0131n\u0131zda tek ba\u015f\u0131na kullan\u0131n veya daha katmanl\u0131, \u00e7a\u011fda\u015f bir g\u00f6r\u00fcn\u00fcm i\u00e7in ince istifleme bantlar\u0131yla e\u015fle\u015ftirin. \u0130pek sariler ve kurta tak\u0131mlardan g\u00f6mlek ve elbiselere kadar hem Hint hem de Bat\u0131 gard\u0131roplar\u0131n\u0131 tamamlar. Hediye kutusunda g\u00fczel bir \u015fekilde sunulan bu \u00fcr\u00fcn, do\u011fum g\u00fcnleri, y\u0131l d\u00f6n\u00fcmleri veya hat\u0131rlamak istedi\u011finiz bir an\u0131 i\u015faretlemek i\u00e7in \u00f6zel bir ki\u015fisel hediye olarak d\u00fc\u015f\u00fcnceli bir se\u00e7imdir.<\/p>","protected":false},"excerpt":{"rendered":"<table>\n<tbody>\n<tr>\n<td>Y\u00fcz\u00fck Tipi<\/td>\n<td>22 Ayar Alt\u0131n Y\u00fcz\u00fck<\/td>\n<\/tr>\n<tr>\n<td>SKU<\/td>\n<td>45352<\/td>\n<\/tr>\n<tr>\n<td>A\u011f\u0131rl\u0131k<\/td>\n<td>3,9 gms<\/td>\n<\/tr>\n<tr>\n<td>Y\u00fcz\u00fck \u00d6l\u00e7\u00fcs\u00fc<\/td>\n<td>K<\/td>\n<\/tr>\n<tr>\n<td>Koleksiyon<\/td>\n<td>Rozet Koleksiyonu<\/td>\n<\/tr>\n<tr>\n<td>Geni\u015flik<\/td>\n<td>4.2mm<\/td>\n<\/tr>\n<tr>\n<td>\u00dccretler<\/td>\n<td>Teslimat ve KDV Dahil<\/td>\n<\/tr>\n<tr>\n<td>Paketleme<\/td>\n<td>Sunum Kutusu ile Birlikte Gelir<\/td>\n<\/tr>\n<tr>\n<td>Daha Fazla Bilgi<\/td>\n<td>M\u00fcsaitlik durumu ve daha fazla resim i\u00e7in bizimle canl\u0131 sohbet edin<\/td>\n<\/tr>\n<\/tbody>\n<\/table>","protected":false},"featured_media":345766,"comment_status":"closed","ping_status":"closed","template":"","meta":{"_eb_attr":"","_crsspst_to_jayantr4sg-hostcom":false},"product_brand":[],"product_cat":[236,1235,1783,1786,6156,1656,5276,1573,1574],"product_tag":[63,64],"class_list":{"0":"post-334344","1":"product","2":"type-product","3":"status-publish","4":"has-post-thumbnail","6":"product_cat-collections","7":"product_cat-gold-rings","8":"product_cat-ladies-rings","9":"product_cat-occasional-wear-rings","10":"product_cat-rosette-bands","11":"product_cat-rosettes-collections","12":"product_cat-rosettes-ring","13":"product_cat-wedding-gifts","14":"product_cat-womens-jewellery","15":"product_tag-gold","16":"product_tag-rings","18":"first","19":"outofstock","20":"taxable","21":"shipping-taxable","22":"product-type-simple","23":"add-to-wishlist-before_image"},"yoast_head":"<!-- This site is optimized with the Yoast SEO plugin v27.5 - https:\/\/yoast.com\/product\/yoast-seo-wordpress\/ -->\n<title>Indian Gold Rings UK | Buy Gold Rings Online<\/title>\n<meta name=\"description\" content=\"Choose the perfect Yellow Gold Ring from PureJewels. Buy Gold Indian Gold Rings UK from our Jewellery collection. Free delivery across UK.\" \/>\n<meta name=\"robots\" content=\"index, follow, max-snippet:-1, max-image-preview:large, max-video-preview:-1\" \/>\n<link rel=\"canonical\" href=\"https:\/\/www.purejewels.com\/tr\/urun\/hint-altin-yuzukleri-uk-47507\/\" \/>\n<meta property=\"og:locale\" content=\"tr_TR\" \/>\n<meta property=\"og:type\" content=\"article\" \/>\n<meta property=\"og:title\" content=\"Indian Gold Rings UK | Buy Gold Rings Online\" \/>\n<meta property=\"og:description\" content=\"Choose the perfect Yellow Gold Ring from PureJewels. Buy Gold Indian Gold Rings UK from our Jewellery collection. Free delivery across UK.\" \/>\n<meta property=\"og:url\" content=\"https:\/\/www.purejewels.com\/tr\/urun\/hint-altin-yuzukleri-uk-47507\/\" \/>\n<meta property=\"og:site_name\" content=\"PureJewels UK\" \/>\n<meta property=\"article:modified_time\" content=\"2025-11-10T06:52:02+00:00\" \/>\n<meta property=\"og:image\" content=\"https:\/\/www.purejewels.com\/wp-content\/uploads\/2023\/02\/1674653536_43355-43353-43356-43404-43355-43354-41708-3.jpg\" \/>\n\t<meta property=\"og:image:width\" content=\"1000\" \/>\n\t<meta property=\"og:image:height\" content=\"1000\" \/>\n\t<meta property=\"og:image:type\" content=\"image\/jpeg\" \/>\n<meta name=\"twitter:card\" content=\"summary_large_image\" \/>\n<meta name=\"twitter:label1\" content=\"Tahmini okuma s\u00fcresi\" \/>\n\t<meta name=\"twitter:data1\" content=\"2 dakika\" \/>\n<script type=\"application\/ld+json\" class=\"yoast-schema-graph\">{\"@context\":\"https:\\\/\\\/schema.org\",\"@graph\":[{\"@type\":[\"WebPage\",\"ItemPage\"],\"@id\":\"https:\\\/\\\/www.purejewels.com\\\/product\\\/indian-gold-rings-uk-47507\\\/\",\"url\":\"https:\\\/\\\/www.purejewels.com\\\/product\\\/indian-gold-rings-uk-47507\\\/\",\"name\":\"Indian Gold Rings UK | Buy Gold Rings Online\",\"isPartOf\":{\"@id\":\"https:\\\/\\\/www.purejewels.com\\\/#website\"},\"primaryImageOfPage\":{\"@id\":\"https:\\\/\\\/www.purejewels.com\\\/product\\\/indian-gold-rings-uk-47507\\\/#primaryimage\"},\"image\":{\"@id\":\"https:\\\/\\\/www.purejewels.com\\\/product\\\/indian-gold-rings-uk-47507\\\/#primaryimage\"},\"thumbnailUrl\":\"https:\\\/\\\/static.purejewels.com\\\/wp-content\\\/uploads\\\/2023\\\/02\\\/1674653536_43355-43353-43356-43404-43355-43354-41708-3.jpg\",\"datePublished\":\"2022-02-15T04:05:32+00:00\",\"dateModified\":\"2025-11-10T06:52:02+00:00\",\"description\":\"Choose the perfect Yellow Gold Ring from PureJewels. Buy Gold Indian Gold Rings UK from our Jewellery collection. Free delivery across UK.\",\"breadcrumb\":{\"@id\":\"https:\\\/\\\/www.purejewels.com\\\/product\\\/indian-gold-rings-uk-47507\\\/#breadcrumb\"},\"inLanguage\":\"tr\",\"potentialAction\":[{\"@type\":\"ReadAction\",\"target\":[\"https:\\\/\\\/www.purejewels.com\\\/product\\\/indian-gold-rings-uk-47507\\\/\"]}]},{\"@type\":\"ImageObject\",\"inLanguage\":\"tr\",\"@id\":\"https:\\\/\\\/www.purejewels.com\\\/product\\\/indian-gold-rings-uk-47507\\\/#primaryimage\",\"url\":\"https:\\\/\\\/static.purejewels.com\\\/wp-content\\\/uploads\\\/2023\\\/02\\\/1674653536_43355-43353-43356-43404-43355-43354-41708-3.jpg\",\"contentUrl\":\"https:\\\/\\\/static.purejewels.com\\\/wp-content\\\/uploads\\\/2023\\\/02\\\/1674653536_43355-43353-43356-43404-43355-43354-41708-3.jpg\",\"width\":1000,\"height\":1000,\"caption\":\"22ct Gold Ladies Ring | L Size | Rosettes Collection\"},{\"@type\":\"BreadcrumbList\",\"@id\":\"https:\\\/\\\/www.purejewels.com\\\/product\\\/indian-gold-rings-uk-47507\\\/#breadcrumb\",\"itemListElement\":[{\"@type\":\"ListItem\",\"position\":1,\"name\":\"Home\",\"item\":\"https:\\\/\\\/www.purejewels.com\\\/\"},{\"@type\":\"ListItem\",\"position\":2,\"name\":\"Shop\",\"item\":\"https:\\\/\\\/www.purejewels.com\\\/shop\\\/\"},{\"@type\":\"ListItem\",\"position\":3,\"name\":\"Indian Gold Rings UK | Size K\"}]},{\"@type\":\"WebSite\",\"@id\":\"https:\\\/\\\/www.purejewels.com\\\/#website\",\"url\":\"https:\\\/\\\/www.purejewels.com\\\/\",\"name\":\"PureJewels UK\",\"description\":\"Share the Love\",\"publisher\":{\"@id\":\"https:\\\/\\\/www.purejewels.com\\\/#organization\"},\"potentialAction\":[{\"@type\":\"SearchAction\",\"target\":{\"@type\":\"EntryPoint\",\"urlTemplate\":\"https:\\\/\\\/www.purejewels.com\\\/?s={search_term_string}\"},\"query-input\":{\"@type\":\"PropertyValueSpecification\",\"valueRequired\":true,\"valueName\":\"search_term_string\"}}],\"inLanguage\":\"tr\"},{\"@type\":\"Organization\",\"@id\":\"https:\\\/\\\/www.purejewels.com\\\/#organization\",\"name\":\"PureJewels UK\",\"url\":\"https:\\\/\\\/www.purejewels.com\\\/\",\"logo\":{\"@type\":\"ImageObject\",\"inLanguage\":\"tr\",\"@id\":\"https:\\\/\\\/www.purejewels.com\\\/#\\\/schema\\\/logo\\\/image\\\/\",\"url\":\"https:\\\/\\\/static.purejewels.com\\\/wp-content\\\/uploads\\\/2020\\\/11\\\/Logo-PJ-New-1.png\",\"contentUrl\":\"https:\\\/\\\/static.purejewels.com\\\/wp-content\\\/uploads\\\/2020\\\/11\\\/Logo-PJ-New-1.png\",\"width\":150,\"height\":80,\"caption\":\"PureJewels UK\"},\"image\":{\"@id\":\"https:\\\/\\\/www.purejewels.com\\\/#\\\/schema\\\/logo\\\/image\\\/\"}}]}<\/script>\n<!-- \/ Yoast SEO plugin. -->","yoast_head_json":{"title":"Hint Alt\u0131n Y\u00fcz\u00fckleri \u0130ngiltere | Alt\u0131n Y\u00fcz\u00fckleri Online Sat\u0131n Al\u0131n","description":"PureJewels'ten m\u00fckemmel Sar\u0131 Alt\u0131n Y\u00fcz\u00fc\u011f\u00fc se\u00e7in. M\u00fccevher koleksiyonumuzdan Alt\u0131n Hint Alt\u0131n Y\u00fcz\u00fckleri \u0130ngiltere sat\u0131n al\u0131n. \u0130ngiltere genelinde \u00fccretsiz teslimat.","robots":{"index":"index","follow":"follow","max-snippet":"max-snippet:-1","max-image-preview":"max-image-preview:large","max-video-preview":"max-video-preview:-1"},"canonical":"https:\/\/www.purejewels.com\/tr\/urun\/hint-altin-yuzukleri-uk-47507\/","og_locale":"tr_TR","og_type":"article","og_title":"Indian Gold Rings UK | Buy Gold Rings Online","og_description":"Choose the perfect Yellow Gold Ring from PureJewels. Buy Gold Indian Gold Rings UK from our Jewellery collection. Free delivery across UK.","og_url":"https:\/\/www.purejewels.com\/tr\/urun\/hint-altin-yuzukleri-uk-47507\/","og_site_name":"PureJewels UK","article_modified_time":"2025-11-10T06:52:02+00:00","og_image":[{"width":1000,"height":1000,"url":"https:\/\/www.purejewels.com\/wp-content\/uploads\/2023\/02\/1674653536_43355-43353-43356-43404-43355-43354-41708-3.jpg","type":"image\/jpeg"}],"twitter_card":"summary_large_image","twitter_misc":{"Tahmini okuma s\u00fcresi":"2 dakika"},"schema":{"@context":"https:\/\/schema.org","@graph":[{"@type":["WebPage","ItemPage"],"@id":"https:\/\/www.purejewels.com\/product\/indian-gold-rings-uk-47507\/","url":"https:\/\/www.purejewels.com\/product\/indian-gold-rings-uk-47507\/","name":"Hint Alt\u0131n Y\u00fcz\u00fckleri \u0130ngiltere | Alt\u0131n Y\u00fcz\u00fckleri Online Sat\u0131n Al\u0131n","isPartOf":{"@id":"https:\/\/www.purejewels.com\/#website"},"primaryImageOfPage":{"@id":"https:\/\/www.purejewels.com\/product\/indian-gold-rings-uk-47507\/#primaryimage"},"image":{"@id":"https:\/\/www.purejewels.com\/product\/indian-gold-rings-uk-47507\/#primaryimage"},"thumbnailUrl":"https:\/\/static.purejewels.com\/wp-content\/uploads\/2023\/02\/1674653536_43355-43353-43356-43404-43355-43354-41708-3.jpg","datePublished":"2022-02-15T04:05:32+00:00","dateModified":"2025-11-10T06:52:02+00:00","description":"PureJewels'ten m\u00fckemmel Sar\u0131 Alt\u0131n Y\u00fcz\u00fc\u011f\u00fc se\u00e7in. M\u00fccevher koleksiyonumuzdan Alt\u0131n Hint Alt\u0131n Y\u00fcz\u00fckleri \u0130ngiltere sat\u0131n al\u0131n. \u0130ngiltere genelinde \u00fccretsiz teslimat.","breadcrumb":{"@id":"https:\/\/www.purejewels.com\/product\/indian-gold-rings-uk-47507\/#breadcrumb"},"inLanguage":"tr","potentialAction":[{"@type":"ReadAction","target":["https:\/\/www.purejewels.com\/product\/indian-gold-rings-uk-47507\/"]}]},{"@type":"ImageObject","inLanguage":"tr","@id":"https:\/\/www.purejewels.com\/product\/indian-gold-rings-uk-47507\/#primaryimage","url":"https:\/\/static.purejewels.com\/wp-content\/uploads\/2023\/02\/1674653536_43355-43353-43356-43404-43355-43354-41708-3.jpg","contentUrl":"https:\/\/static.purejewels.com\/wp-content\/uploads\/2023\/02\/1674653536_43355-43353-43356-43404-43355-43354-41708-3.jpg","width":1000,"height":1000,"caption":"22ct Gold Ladies Ring | L Size | Rosettes Collection"},{"@type":"BreadcrumbList","@id":"https:\/\/www.purejewels.com\/product\/indian-gold-rings-uk-47507\/#breadcrumb","itemListElement":[{"@type":"ListItem","position":1,"name":"Home","item":"https:\/\/www.purejewels.com\/"},{"@type":"ListItem","position":2,"name":"Shop","item":"https:\/\/www.purejewels.com\/shop\/"},{"@type":"ListItem","position":3,"name":"Indian Gold Rings UK | Size K"}]},{"@type":"WebSite","@id":"https:\/\/www.purejewels.com\/#website","url":"https:\/\/www.purejewels.com\/","name":"PureJewels \u0130ngiltere","description":"Sevgiyi Payla\u015f\u0131n","publisher":{"@id":"https:\/\/www.purejewels.com\/#organization"},"potentialAction":[{"@type":"SearchAction","target":{"@type":"EntryPoint","urlTemplate":"https:\/\/www.purejewels.com\/?s={search_term_string}"},"query-input":{"@type":"PropertyValueSpecification","valueRequired":true,"valueName":"search_term_string"}}],"inLanguage":"tr"},{"@type":"Organization","@id":"https:\/\/www.purejewels.com\/#organization","name":"PureJewels \u0130ngiltere","url":"https:\/\/www.purejewels.com\/","logo":{"@type":"ImageObject","inLanguage":"tr","@id":"https:\/\/www.purejewels.com\/#\/schema\/logo\/image\/","url":"https:\/\/static.purejewels.com\/wp-content\/uploads\/2020\/11\/Logo-PJ-New-1.png","contentUrl":"https:\/\/static.purejewels.com\/wp-content\/uploads\/2020\/11\/Logo-PJ-New-1.png","width":150,"height":80,"caption":"PureJewels UK"},"image":{"@id":"https:\/\/www.purejewels.com\/#\/schema\/logo\/image\/"}}]}},"_links":{"self":[{"href":"https:\/\/www.purejewels.com\/tr\/wp-json\/wp\/v2\/product\/334344","targetHints":{"allow":["GET"]}}],"collection":[{"href":"https:\/\/www.purejewels.com\/tr\/wp-json\/wp\/v2\/product"}],"about":[{"href":"https:\/\/www.purejewels.com\/tr\/wp-json\/wp\/v2\/types\/product"}],"replies":[{"embeddable":true,"href":"https:\/\/www.purejewels.com\/tr\/wp-json\/wp\/v2\/comments?post=334344"}],"version-history":[{"count":3,"href":"https:\/\/www.purejewels.com\/tr\/wp-json\/wp\/v2\/product\/334344\/revisions"}],"predecessor-version":[{"id":420658,"href":"https:\/\/www.purejewels.com\/tr\/wp-json\/wp\/v2\/product\/334344\/revisions\/420658"}],"wp:featuredmedia":[{"embeddable":true,"href":"https:\/\/www.purejewels.com\/tr\/wp-json\/wp\/v2\/media\/345766"}],"wp:attachment":[{"href":"https:\/\/www.purejewels.com\/tr\/wp-json\/wp\/v2\/media?parent=334344"}],"wp:term":[{"taxonomy":"product_brand","embeddable":true,"href":"https:\/\/www.purejewels.com\/tr\/wp-json\/wp\/v2\/product_brand?post=334344"},{"taxonomy":"product_cat","embeddable":true,"href":"https:\/\/www.purejewels.com\/tr\/wp-json\/wp\/v2\/product_cat?post=334344"},{"taxonomy":"product_tag","embeddable":true,"href":"https:\/\/www.purejewels.com\/tr\/wp-json\/wp\/v2\/product_tag?post=334344"}],"curies":[{"name":"wp","href":"https:\/\/api.w.org\/{rel}","templated":true}]}}