{"id":334349,"date":"2022-02-15T04:23:59","date_gmt":"2022-02-15T04:23:59","guid":{"rendered":"https:\/\/www.purejewels.com\/?post_type=product&#038;p=334349"},"modified":"2026-01-07T05:58:14","modified_gmt":"2026-01-07T05:58:14","slug":"hint-nisan-yuzugu-41594","status":"publish","type":"product","link":"https:\/\/www.purejewels.com\/tr\/product\/indian-engagement-ring-41594\/","title":{"rendered":"Hint Ni\u015fan Y\u00fcz\u00fc\u011f\u00fc (H Beden)"},"content":{"rendered":"<p>H bedeninde \u00e7arp\u0131c\u0131 bir Hint ni\u015fan y\u00fcz\u00fc\u011f\u00fc m\u00fc ar\u0131yorsunuz? Ba\u015fka yere bakman\u0131za gerek yok! Bu zarif 22 ayar alt\u0131n y\u00fcz\u00fck, 1,6 gram a\u011f\u0131rl\u0131\u011f\u0131nda \u0131\u015f\u0131lt\u0131l\u0131 bir k\u00fcbik zirkon ta\u015fa sahiptir. Her bir y\u00fcz\u00fck Londra Assay Ofisi taraf\u0131ndan damgalanarak orijinalli\u011fi ve kalitesi garanti alt\u0131na al\u0131nm\u0131\u015ft\u0131r.<\/p>\n<p>Do\u011fru beden de\u011fil mi? Hi\u00e7 sorun de\u011fil! Bu y\u00fcz\u00fc\u011f\u00fc parma\u011f\u0131n\u0131za m\u00fckemmel \u015fekilde uyacak \u015fekilde \u00f6zel olarak \u00fcretebiliriz. Her y\u00fcz\u00fck bir hediye kutusunda g\u00fczel bir \u015fekilde sunulur ve ni\u015fan veya y\u0131ld\u00f6n\u00fcm\u00fc gibi \u00f6zel g\u00fcnler i\u00e7in m\u00fckemmel bir se\u00e7imdir.<\/p>\n<p>\u00c7evrimi\u00e7i ma\u011fazam\u0131zda, \u00fccretsiz takipli teslimat ve g\u00fcvenli \u00e7evrimi\u00e7i \u00f6demeler sundu\u011fumuzu bilerek g\u00fcvenle al\u0131\u015fveri\u015f yapabilirsiniz. \u0130ster g\u00fcnl\u00fck kullan\u0131m i\u00e7in bir y\u00fcz\u00fck ister \u00f6zel bir kutlama i\u00e7in benzersiz bir par\u00e7a ar\u0131yor olun, bu Hint ni\u015fan y\u00fcz\u00fc\u011f\u00fcn\u00fcn sizi etkileyece\u011finden emin olabilirsiniz.<\/p>\n<p>Beklemeyin, bug\u00fcn sipari\u015finizi verin ve bu \u00e7arp\u0131c\u0131 m\u00fccevher par\u00e7as\u0131yla bir a\u00e7\u0131klama yap\u0131n. Benzer alyanslar\u0131 ke\u015ffetmek ve tarz\u0131n\u0131za en uygun olan\u0131 bulmak i\u00e7in bizimle ileti\u015fime ge\u00e7in.<\/p>","protected":false},"excerpt":{"rendered":"<ul>\n<li>22ct\u00a0<span id=\"urn:enhancement-f69766c1\" class=\"textannotation\">Alt\u0131n<\/span> Y\u00fcz\u00fck ile\u00a0<span id=\"urn:enhancement-ef0fa8f8\" class=\"textannotation\">K\u00fcbik zirkonya<\/span> ta\u015f<\/li>\n<li>A\u011f\u0131rl\u0131k 1,6 gms<\/li>\n<li>Y\u00fcz\u00fck \u00d6l\u00e7\u00fcs\u00fc. H<\/li>\n<li><span id=\"urn:enhancement-b80a25bb\" class=\"textannotation\">SKU<\/span>. 41594<\/li>\n<li>Olabilir\u00a0<span id=\"urn:enhancement-c1b7fb96\" class=\"textannotation\">sipari\u015f \u00fczerine<\/span>\u00a0parmak \u00f6l\u00e7\u00fcn\u00fcze g\u00f6re<\/li>\n<li>B\u00fct\u00fcn\u00a0<span id=\"urn:enhancement-48edcf47\" class=\"textannotation\">\u00fcr\u00fcnler<\/span>\u00a0Londra taraf\u0131ndan damgalanm\u0131\u015ft\u0131r\u00a0<span id=\"urn:enhancement-452a3ce\" class=\"textannotation\">Tahlil Ofisi<\/span><\/li>\n<li>Sunum ile Birlikte Gelir\u00a0<span id=\"urn:enhancement-ac5abee4\" class=\"textannotation\">Kutu<\/span><\/li>\n<li>Teslimat Dahil<\/li>\n<li>T\u00fcm fiyatlara KDV dahildir<\/li>\n<li>Benzer d\u00fc\u011f\u00fcnleri ke\u015ffetmek i\u00e7in bize ula\u015f\u0131n <span id=\"urn:enhancement-1162a1de\" class=\"textannotation\">halkalar<\/span><\/li>\n<\/ul>","protected":false},"featured_media":319592,"comment_status":"closed","ping_status":"closed","template":"","meta":{"_eb_attr":"","_crsspst_to_jayantr4sg-hostcom":false},"product_brand":[],"product_cat":[1791,1559,1785,231,1235,5343,1783,5353,1574,5349],"product_tag":[64],"class_list":{"0":"post-334349","1":"product","2":"type-product","3":"status-publish","4":"has-post-thumbnail","6":"product_cat-anniversary-gifts","7":"product_cat-birthday-gifts","8":"product_cat-daily-wear-rings","9":"product_cat-engagement-rings","10":"product_cat-gold-rings","11":"product_cat-jewellery-under-550","12":"product_cat-ladies-rings","13":"product_cat-shop-by","14":"product_cat-womens-jewellery","15":"product_cat-yellow-gold-jewellery","16":"product_tag-rings","18":"first","19":"outofstock","20":"taxable","21":"shipping-taxable","22":"product-type-simple","23":"add-to-wishlist-before_image"},"yoast_head":"<!-- This site is optimized with the Yoast SEO plugin v27.5 - https:\/\/yoast.com\/product\/yoast-seo-wordpress\/ -->\n<title>Indian Engagement Ring | Buy Engagement Rings Online<\/title>\n<meta name=\"description\" content=\"Looking for Beautiful Engagement Ring? Check out our huge collection of Engagement Rings for Men and Women from PureJewels. Free delivery.\" \/>\n<meta name=\"robots\" content=\"index, follow, max-snippet:-1, max-image-preview:large, max-video-preview:-1\" \/>\n<link rel=\"canonical\" href=\"https:\/\/www.purejewels.com\/tr\/urun\/hint-nisan-yuzugu-41594\/\" \/>\n<meta property=\"og:locale\" content=\"tr_TR\" \/>\n<meta property=\"og:type\" content=\"article\" \/>\n<meta property=\"og:title\" content=\"Indian Engagement Ring | Buy Engagement Rings Online\" \/>\n<meta property=\"og:description\" content=\"Looking for Beautiful Engagement Ring? Check out our huge collection of Engagement Rings for Men and Women from PureJewels. Free delivery.\" \/>\n<meta property=\"og:url\" content=\"https:\/\/www.purejewels.com\/tr\/urun\/hint-nisan-yuzugu-41594\/\" \/>\n<meta property=\"og:site_name\" content=\"PureJewels UK\" \/>\n<meta property=\"article:modified_time\" content=\"2026-01-07T05:58:14+00:00\" \/>\n<meta property=\"og:image\" content=\"https:\/\/www.purejewels.com\/wp-content\/uploads\/2020\/12\/33546-01.jpg\" \/>\n\t<meta property=\"og:image:width\" content=\"1000\" \/>\n\t<meta property=\"og:image:height\" content=\"1000\" \/>\n\t<meta property=\"og:image:type\" content=\"image\/jpeg\" \/>\n<meta name=\"twitter:card\" content=\"summary_large_image\" \/>\n<meta name=\"twitter:label1\" content=\"Tahmini okuma s\u00fcresi\" \/>\n\t<meta name=\"twitter:data1\" content=\"1 dakika\" \/>\n<script type=\"application\/ld+json\" class=\"yoast-schema-graph\">{\"@context\":\"https:\\\/\\\/schema.org\",\"@graph\":[{\"@type\":[\"WebPage\",\"ItemPage\"],\"@id\":\"https:\\\/\\\/www.purejewels.com\\\/product\\\/indian-engagement-ring-41594\\\/\",\"url\":\"https:\\\/\\\/www.purejewels.com\\\/product\\\/indian-engagement-ring-41594\\\/\",\"name\":\"Indian Engagement Ring | Buy Engagement Rings Online\",\"isPartOf\":{\"@id\":\"https:\\\/\\\/www.purejewels.com\\\/#website\"},\"primaryImageOfPage\":{\"@id\":\"https:\\\/\\\/www.purejewels.com\\\/product\\\/indian-engagement-ring-41594\\\/#primaryimage\"},\"image\":{\"@id\":\"https:\\\/\\\/www.purejewels.com\\\/product\\\/indian-engagement-ring-41594\\\/#primaryimage\"},\"thumbnailUrl\":\"https:\\\/\\\/static.purejewels.com\\\/wp-content\\\/uploads\\\/2020\\\/12\\\/33546-01.jpg\",\"datePublished\":\"2022-02-15T04:23:59+00:00\",\"dateModified\":\"2026-01-07T05:58:14+00:00\",\"description\":\"Looking for Beautiful Engagement Ring? Check out our huge collection of Engagement Rings for Men and Women from PureJewels. Free delivery.\",\"breadcrumb\":{\"@id\":\"https:\\\/\\\/www.purejewels.com\\\/product\\\/indian-engagement-ring-41594\\\/#breadcrumb\"},\"inLanguage\":\"tr\",\"potentialAction\":[{\"@type\":\"ReadAction\",\"target\":[\"https:\\\/\\\/www.purejewels.com\\\/product\\\/indian-engagement-ring-41594\\\/\"]}]},{\"@type\":\"ImageObject\",\"inLanguage\":\"tr\",\"@id\":\"https:\\\/\\\/www.purejewels.com\\\/product\\\/indian-engagement-ring-41594\\\/#primaryimage\",\"url\":\"https:\\\/\\\/static.purejewels.com\\\/wp-content\\\/uploads\\\/2020\\\/12\\\/33546-01.jpg\",\"contentUrl\":\"https:\\\/\\\/static.purejewels.com\\\/wp-content\\\/uploads\\\/2020\\\/12\\\/33546-01.jpg\",\"width\":1000,\"height\":1000,\"caption\":\"22ct Gold Ring 33546-01\"},{\"@type\":\"BreadcrumbList\",\"@id\":\"https:\\\/\\\/www.purejewels.com\\\/product\\\/indian-engagement-ring-41594\\\/#breadcrumb\",\"itemListElement\":[{\"@type\":\"ListItem\",\"position\":1,\"name\":\"Home\",\"item\":\"https:\\\/\\\/www.purejewels.com\\\/\"},{\"@type\":\"ListItem\",\"position\":2,\"name\":\"Shop\",\"item\":\"https:\\\/\\\/www.purejewels.com\\\/shop\\\/\"},{\"@type\":\"ListItem\",\"position\":3,\"name\":\"Indian Engagement Ring (Size H)\"}]},{\"@type\":\"WebSite\",\"@id\":\"https:\\\/\\\/www.purejewels.com\\\/#website\",\"url\":\"https:\\\/\\\/www.purejewels.com\\\/\",\"name\":\"PureJewels UK\",\"description\":\"Share the Love\",\"publisher\":{\"@id\":\"https:\\\/\\\/www.purejewels.com\\\/#organization\"},\"potentialAction\":[{\"@type\":\"SearchAction\",\"target\":{\"@type\":\"EntryPoint\",\"urlTemplate\":\"https:\\\/\\\/www.purejewels.com\\\/?s={search_term_string}\"},\"query-input\":{\"@type\":\"PropertyValueSpecification\",\"valueRequired\":true,\"valueName\":\"search_term_string\"}}],\"inLanguage\":\"tr\"},{\"@type\":\"Organization\",\"@id\":\"https:\\\/\\\/www.purejewels.com\\\/#organization\",\"name\":\"PureJewels UK\",\"url\":\"https:\\\/\\\/www.purejewels.com\\\/\",\"logo\":{\"@type\":\"ImageObject\",\"inLanguage\":\"tr\",\"@id\":\"https:\\\/\\\/www.purejewels.com\\\/#\\\/schema\\\/logo\\\/image\\\/\",\"url\":\"https:\\\/\\\/static.purejewels.com\\\/wp-content\\\/uploads\\\/2020\\\/11\\\/Logo-PJ-New-1.png\",\"contentUrl\":\"https:\\\/\\\/static.purejewels.com\\\/wp-content\\\/uploads\\\/2020\\\/11\\\/Logo-PJ-New-1.png\",\"width\":150,\"height\":80,\"caption\":\"PureJewels UK\"},\"image\":{\"@id\":\"https:\\\/\\\/www.purejewels.com\\\/#\\\/schema\\\/logo\\\/image\\\/\"}}]}<\/script>\n<!-- \/ Yoast SEO plugin. -->","yoast_head_json":{"title":"Hint Ni\u015fan Y\u00fcz\u00fc\u011f\u00fc | Ni\u015fan Y\u00fcz\u00fcklerini Online Sat\u0131n Al\u0131n","description":"G\u00fczel Ni\u015fan Y\u00fcz\u00fc\u011f\u00fc m\u00fc ar\u0131yorsunuz? PureJewels'in Erkekler ve Kad\u0131nlar i\u00e7in geni\u015f Ni\u015fan Y\u00fcz\u00fc\u011f\u00fc koleksiyonumuza g\u00f6z at\u0131n. \u00dccretsiz teslimat.","robots":{"index":"index","follow":"follow","max-snippet":"max-snippet:-1","max-image-preview":"max-image-preview:large","max-video-preview":"max-video-preview:-1"},"canonical":"https:\/\/www.purejewels.com\/tr\/urun\/hint-nisan-yuzugu-41594\/","og_locale":"tr_TR","og_type":"article","og_title":"Indian Engagement Ring | Buy Engagement Rings Online","og_description":"Looking for Beautiful Engagement Ring? Check out our huge collection of Engagement Rings for Men and Women from PureJewels. Free delivery.","og_url":"https:\/\/www.purejewels.com\/tr\/urun\/hint-nisan-yuzugu-41594\/","og_site_name":"PureJewels UK","article_modified_time":"2026-01-07T05:58:14+00:00","og_image":[{"width":1000,"height":1000,"url":"https:\/\/www.purejewels.com\/wp-content\/uploads\/2020\/12\/33546-01.jpg","type":"image\/jpeg"}],"twitter_card":"summary_large_image","twitter_misc":{"Tahmini okuma s\u00fcresi":"1 dakika"},"schema":{"@context":"https:\/\/schema.org","@graph":[{"@type":["WebPage","ItemPage"],"@id":"https:\/\/www.purejewels.com\/product\/indian-engagement-ring-41594\/","url":"https:\/\/www.purejewels.com\/product\/indian-engagement-ring-41594\/","name":"Hint Ni\u015fan Y\u00fcz\u00fc\u011f\u00fc | Ni\u015fan Y\u00fcz\u00fcklerini Online Sat\u0131n Al\u0131n","isPartOf":{"@id":"https:\/\/www.purejewels.com\/#website"},"primaryImageOfPage":{"@id":"https:\/\/www.purejewels.com\/product\/indian-engagement-ring-41594\/#primaryimage"},"image":{"@id":"https:\/\/www.purejewels.com\/product\/indian-engagement-ring-41594\/#primaryimage"},"thumbnailUrl":"https:\/\/static.purejewels.com\/wp-content\/uploads\/2020\/12\/33546-01.jpg","datePublished":"2022-02-15T04:23:59+00:00","dateModified":"2026-01-07T05:58:14+00:00","description":"G\u00fczel Ni\u015fan Y\u00fcz\u00fc\u011f\u00fc m\u00fc ar\u0131yorsunuz? PureJewels'in Erkekler ve Kad\u0131nlar i\u00e7in geni\u015f Ni\u015fan Y\u00fcz\u00fc\u011f\u00fc koleksiyonumuza g\u00f6z at\u0131n. \u00dccretsiz teslimat.","breadcrumb":{"@id":"https:\/\/www.purejewels.com\/product\/indian-engagement-ring-41594\/#breadcrumb"},"inLanguage":"tr","potentialAction":[{"@type":"ReadAction","target":["https:\/\/www.purejewels.com\/product\/indian-engagement-ring-41594\/"]}]},{"@type":"ImageObject","inLanguage":"tr","@id":"https:\/\/www.purejewels.com\/product\/indian-engagement-ring-41594\/#primaryimage","url":"https:\/\/static.purejewels.com\/wp-content\/uploads\/2020\/12\/33546-01.jpg","contentUrl":"https:\/\/static.purejewels.com\/wp-content\/uploads\/2020\/12\/33546-01.jpg","width":1000,"height":1000,"caption":"22ct Gold Ring 33546-01"},{"@type":"BreadcrumbList","@id":"https:\/\/www.purejewels.com\/product\/indian-engagement-ring-41594\/#breadcrumb","itemListElement":[{"@type":"ListItem","position":1,"name":"Home","item":"https:\/\/www.purejewels.com\/"},{"@type":"ListItem","position":2,"name":"Shop","item":"https:\/\/www.purejewels.com\/shop\/"},{"@type":"ListItem","position":3,"name":"Indian Engagement Ring (Size H)"}]},{"@type":"WebSite","@id":"https:\/\/www.purejewels.com\/#website","url":"https:\/\/www.purejewels.com\/","name":"PureJewels \u0130ngiltere","description":"Sevgiyi Payla\u015f\u0131n","publisher":{"@id":"https:\/\/www.purejewels.com\/#organization"},"potentialAction":[{"@type":"SearchAction","target":{"@type":"EntryPoint","urlTemplate":"https:\/\/www.purejewels.com\/?s={search_term_string}"},"query-input":{"@type":"PropertyValueSpecification","valueRequired":true,"valueName":"search_term_string"}}],"inLanguage":"tr"},{"@type":"Organization","@id":"https:\/\/www.purejewels.com\/#organization","name":"PureJewels \u0130ngiltere","url":"https:\/\/www.purejewels.com\/","logo":{"@type":"ImageObject","inLanguage":"tr","@id":"https:\/\/www.purejewels.com\/#\/schema\/logo\/image\/","url":"https:\/\/static.purejewels.com\/wp-content\/uploads\/2020\/11\/Logo-PJ-New-1.png","contentUrl":"https:\/\/static.purejewels.com\/wp-content\/uploads\/2020\/11\/Logo-PJ-New-1.png","width":150,"height":80,"caption":"PureJewels UK"},"image":{"@id":"https:\/\/www.purejewels.com\/#\/schema\/logo\/image\/"}}]}},"_links":{"self":[{"href":"https:\/\/www.purejewels.com\/tr\/wp-json\/wp\/v2\/product\/334349","targetHints":{"allow":["GET"]}}],"collection":[{"href":"https:\/\/www.purejewels.com\/tr\/wp-json\/wp\/v2\/product"}],"about":[{"href":"https:\/\/www.purejewels.com\/tr\/wp-json\/wp\/v2\/types\/product"}],"replies":[{"embeddable":true,"href":"https:\/\/www.purejewels.com\/tr\/wp-json\/wp\/v2\/comments?post=334349"}],"version-history":[{"count":2,"href":"https:\/\/www.purejewels.com\/tr\/wp-json\/wp\/v2\/product\/334349\/revisions"}],"predecessor-version":[{"id":420868,"href":"https:\/\/www.purejewels.com\/tr\/wp-json\/wp\/v2\/product\/334349\/revisions\/420868"}],"wp:featuredmedia":[{"embeddable":true,"href":"https:\/\/www.purejewels.com\/tr\/wp-json\/wp\/v2\/media\/319592"}],"wp:attachment":[{"href":"https:\/\/www.purejewels.com\/tr\/wp-json\/wp\/v2\/media?parent=334349"}],"wp:term":[{"taxonomy":"product_brand","embeddable":true,"href":"https:\/\/www.purejewels.com\/tr\/wp-json\/wp\/v2\/product_brand?post=334349"},{"taxonomy":"product_cat","embeddable":true,"href":"https:\/\/www.purejewels.com\/tr\/wp-json\/wp\/v2\/product_cat?post=334349"},{"taxonomy":"product_tag","embeddable":true,"href":"https:\/\/www.purejewels.com\/tr\/wp-json\/wp\/v2\/product_tag?post=334349"}],"curies":[{"name":"wp","href":"https:\/\/api.w.org\/{rel}","templated":true}]}}