{"id":334362,"date":"2022-02-15T06:29:21","date_gmt":"2022-02-15T06:29:21","guid":{"rendered":"https:\/\/www.purejewels.com\/?post_type=product&#038;p=334362"},"modified":"2026-01-07T05:58:14","modified_gmt":"2026-01-07T05:58:14","slug":"kadinlar-icin-22-ayar-altin-yuzuk-46844","status":"publish","type":"product","link":"https:\/\/www.purejewels.com\/tr\/product\/22k-gold-ring-for-women-46844\/","title":{"rendered":"Kad\u0131nlar i\u00e7in 22 Ayar Alt\u0131n Y\u00fcz\u00fck | N 1\/2 Beden"},"content":{"rendered":"<p>Kad\u0131nlar i\u00e7in bu zarif 22 ayar alt\u0131n y\u00fcz\u00fck, zarafet ve sofistike bir g\u00f6r\u00fcn\u00fcm sergileyen \u00e7arp\u0131c\u0131 bir m\u00fccevher par\u00e7as\u0131d\u0131r. 22 ayar alt\u0131ndan \u00fcretilen bu s\u00fcsl\u00fc y\u00fcz\u00fck, her k\u0131yafete l\u00fcks bir dokunu\u015f katmak i\u00e7in m\u00fckemmeldir. Y\u00fcz\u00fck 1,9 gram a\u011f\u0131rl\u0131\u011f\u0131ndad\u0131r ve N 1\/2 beden olarak mevcuttur.<\/p>\n<p>PureJewels UK'de, t\u00fcm sipari\u015flerinizde \u00fccretsiz takipli teslimat sunarak, sat\u0131n ald\u0131\u011f\u0131n\u0131z \u00fcr\u00fcn\u00fcn size g\u00fcvenli ve emniyetli bir \u015fekilde ula\u015fmas\u0131n\u0131 sa\u011fl\u0131yoruz.<\/p>\n<p><span data-sheets-root=\"1\">\u0130ster \u00f6zel bir y\u0131ld\u00f6n\u00fcm\u00fc hediyesi ar\u0131yor olun, ister sadece g\u00fczel bir m\u00fccevherle kendinizi \u015f\u0131martmak isteyin, bu 22 ayar alt\u0131n y\u00fcz\u00fck m\u00fckemmel bir se\u00e7imdir. Klasik tasar\u0131m\u0131 ve zamans\u0131z \u00e7ekicili\u011fiyle koleksiyonunuzun de\u011ferli bir par\u00e7as\u0131 olaca\u011f\u0131 kesin.<\/span><\/p>\n<p>Kad\u0131nlar i\u00e7in bu enfes 22 ayar alt\u0131n y\u00fcz\u00fc\u011fe sahip olma f\u0131rsat\u0131n\u0131 ka\u00e7\u0131rmay\u0131n. \u015eimdi sipari\u015f verin ve PureJewels UK'nin l\u00fcks\u00fcn\u00fc ya\u015fay\u0131n.<\/p>","protected":false},"excerpt":{"rendered":"<div class=\"woocommerce-product-details__short-description\">\n<table class=\"sh_desc\">\n<tbody>\n<tr>\n<td>Y\u00fcz\u00fck Tipi<\/td>\n<td>S\u00fcsl\u00fc Y\u00fcz\u00fck<\/td>\n<\/tr>\n<tr>\n<td>SKU<\/td>\n<td>46844<\/td>\n<\/tr>\n<tr>\n<td>A\u011f\u0131rl\u0131k<\/td>\n<td>1.9 Gms<\/td>\n<\/tr>\n<tr>\n<td>Metal<\/td>\n<td>22 Ayar Alt\u0131n<\/td>\n<\/tr>\n<tr>\n<td>\u00dccretler<\/td>\n<td>Teslimat ve KDV Dahil<\/td>\n<\/tr>\n<tr>\n<td>Paketleme<\/td>\n<td>Sunum Kutusu ile Birlikte Gelir<\/td>\n<\/tr>\n<tr>\n<td>Daha Fazla Bilgi<\/td>\n<td>M\u00fcsaitlik durumu ve daha fazla resim i\u00e7in bizimle canl\u0131 sohbet edin<br \/>\nBenzer Asya d\u00fc\u011f\u00fcnlerini ke\u015ffetmek i\u00e7in bize ula\u015f\u0131n\u00a0<span id=\"urn:enhancement-1162a1de\" class=\"textannotation\">halkalar<\/span><br \/>\nBizim ke\u015ffedin <a href=\"https:\/\/www.purejewels.com\/tr\/urun-kategori%cc%87si%cc%87\/mucevherler\/altin-yuzukler\/\" target=\"_blank\" rel=\"noopener\">Alt\u0131n Y\u00fcz\u00fckler<\/a> Koleksiyon<\/td>\n<\/tr>\n<\/tbody>\n<\/table>\n<\/div>\n<div class=\"btn-atc atc-slide\"><\/div>\n<div class=\"product_meta\"><\/div>","protected":false},"featured_media":355271,"comment_status":"closed","ping_status":"closed","template":"","meta":{"_eb_attr":"","_crsspst_to_jayantr4sg-hostcom":true},"product_brand":[],"product_cat":[1791,1785,1235,5343,1783,5338,1574,5349],"product_tag":[64],"class_list":{"0":"post-334362","1":"product","2":"type-product","3":"status-publish","4":"has-post-thumbnail","6":"product_cat-anniversary-gifts","7":"product_cat-daily-wear-rings","8":"product_cat-gold-rings","9":"product_cat-jewellery-under-550","10":"product_cat-ladies-rings","11":"product_cat-shop-by-price","12":"product_cat-womens-jewellery","13":"product_cat-yellow-gold-jewellery","14":"product_tag-rings","16":"first","17":"outofstock","18":"taxable","19":"shipping-taxable","20":"product-type-simple","21":"add-to-wishlist-before_image"},"yoast_head":"<!-- This site is optimized with the Yoast SEO plugin v27.5 - https:\/\/yoast.com\/product\/yoast-seo-wordpress\/ -->\n<title>22k Gold Ring for Women | Buy Gold at PureJewels UK<\/title>\n<meta name=\"description\" content=\"22 Karat gold ring | Browse our latest collection of gold rings for weddings, special occasions at PureJewels. Fast delivery across UK.\" \/>\n<meta name=\"robots\" content=\"index, follow, max-snippet:-1, max-image-preview:large, max-video-preview:-1\" \/>\n<link rel=\"canonical\" href=\"https:\/\/www.purejewels.com\/tr\/urun\/kadinlar-icin-22-ayar-altin-yuzuk-46844\/\" \/>\n<meta property=\"og:locale\" content=\"tr_TR\" \/>\n<meta property=\"og:type\" content=\"article\" \/>\n<meta property=\"og:title\" content=\"22k Gold Ring for Women | Buy Gold at PureJewels UK\" \/>\n<meta property=\"og:description\" content=\"22 Karat gold ring | Browse our latest collection of gold rings for weddings, special occasions at PureJewels. Fast delivery across UK.\" \/>\n<meta property=\"og:url\" content=\"https:\/\/www.purejewels.com\/tr\/urun\/kadinlar-icin-22-ayar-altin-yuzuk-46844\/\" \/>\n<meta property=\"og:site_name\" content=\"PureJewels UK\" \/>\n<meta property=\"article:modified_time\" content=\"2026-01-07T05:58:14+00:00\" \/>\n<meta property=\"og:image\" content=\"https:\/\/www.purejewels.com\/wp-content\/uploads\/2022\/02\/46844.jpg\" \/>\n\t<meta property=\"og:image:width\" content=\"1000\" \/>\n\t<meta property=\"og:image:height\" content=\"1000\" \/>\n\t<meta property=\"og:image:type\" content=\"image\/jpeg\" \/>\n<meta name=\"twitter:card\" content=\"summary_large_image\" \/>\n<meta name=\"twitter:label1\" content=\"Tahmini okuma s\u00fcresi\" \/>\n\t<meta name=\"twitter:data1\" content=\"1 dakika\" \/>\n<script type=\"application\/ld+json\" class=\"yoast-schema-graph\">{\"@context\":\"https:\\\/\\\/schema.org\",\"@graph\":[{\"@type\":[\"WebPage\",\"ItemPage\"],\"@id\":\"https:\\\/\\\/www.purejewels.com\\\/product\\\/22k-gold-ring-for-women-46844\\\/\",\"url\":\"https:\\\/\\\/www.purejewels.com\\\/product\\\/22k-gold-ring-for-women-46844\\\/\",\"name\":\"22k Gold Ring for Women | Buy Gold at PureJewels UK\",\"isPartOf\":{\"@id\":\"https:\\\/\\\/www.purejewels.com\\\/#website\"},\"primaryImageOfPage\":{\"@id\":\"https:\\\/\\\/www.purejewels.com\\\/product\\\/22k-gold-ring-for-women-46844\\\/#primaryimage\"},\"image\":{\"@id\":\"https:\\\/\\\/www.purejewels.com\\\/product\\\/22k-gold-ring-for-women-46844\\\/#primaryimage\"},\"thumbnailUrl\":\"https:\\\/\\\/static.purejewels.com\\\/wp-content\\\/uploads\\\/2022\\\/02\\\/46844.jpg\",\"datePublished\":\"2022-02-15T06:29:21+00:00\",\"dateModified\":\"2026-01-07T05:58:14+00:00\",\"description\":\"22 Karat gold ring | Browse our latest collection of gold rings for weddings, special occasions at PureJewels. Fast delivery across UK.\",\"breadcrumb\":{\"@id\":\"https:\\\/\\\/www.purejewels.com\\\/product\\\/22k-gold-ring-for-women-46844\\\/#breadcrumb\"},\"inLanguage\":\"tr\",\"potentialAction\":[{\"@type\":\"ReadAction\",\"target\":[\"https:\\\/\\\/www.purejewels.com\\\/product\\\/22k-gold-ring-for-women-46844\\\/\"]}]},{\"@type\":\"ImageObject\",\"inLanguage\":\"tr\",\"@id\":\"https:\\\/\\\/www.purejewels.com\\\/product\\\/22k-gold-ring-for-women-46844\\\/#primaryimage\",\"url\":\"https:\\\/\\\/static.purejewels.com\\\/wp-content\\\/uploads\\\/2022\\\/02\\\/46844.jpg\",\"contentUrl\":\"https:\\\/\\\/static.purejewels.com\\\/wp-content\\\/uploads\\\/2022\\\/02\\\/46844.jpg\",\"width\":1000,\"height\":1000,\"caption\":\"22ct Gold Ring\"},{\"@type\":\"BreadcrumbList\",\"@id\":\"https:\\\/\\\/www.purejewels.com\\\/product\\\/22k-gold-ring-for-women-46844\\\/#breadcrumb\",\"itemListElement\":[{\"@type\":\"ListItem\",\"position\":1,\"name\":\"Home\",\"item\":\"https:\\\/\\\/www.purejewels.com\\\/\"},{\"@type\":\"ListItem\",\"position\":2,\"name\":\"Shop\",\"item\":\"https:\\\/\\\/www.purejewels.com\\\/shop\\\/\"},{\"@type\":\"ListItem\",\"position\":3,\"name\":\"22k Gold Ring for Women | Size N 1\\\/2\"}]},{\"@type\":\"WebSite\",\"@id\":\"https:\\\/\\\/www.purejewels.com\\\/#website\",\"url\":\"https:\\\/\\\/www.purejewels.com\\\/\",\"name\":\"PureJewels UK\",\"description\":\"Share the Love\",\"publisher\":{\"@id\":\"https:\\\/\\\/www.purejewels.com\\\/#organization\"},\"potentialAction\":[{\"@type\":\"SearchAction\",\"target\":{\"@type\":\"EntryPoint\",\"urlTemplate\":\"https:\\\/\\\/www.purejewels.com\\\/?s={search_term_string}\"},\"query-input\":{\"@type\":\"PropertyValueSpecification\",\"valueRequired\":true,\"valueName\":\"search_term_string\"}}],\"inLanguage\":\"tr\"},{\"@type\":\"Organization\",\"@id\":\"https:\\\/\\\/www.purejewels.com\\\/#organization\",\"name\":\"PureJewels UK\",\"url\":\"https:\\\/\\\/www.purejewels.com\\\/\",\"logo\":{\"@type\":\"ImageObject\",\"inLanguage\":\"tr\",\"@id\":\"https:\\\/\\\/www.purejewels.com\\\/#\\\/schema\\\/logo\\\/image\\\/\",\"url\":\"https:\\\/\\\/static.purejewels.com\\\/wp-content\\\/uploads\\\/2020\\\/11\\\/Logo-PJ-New-1.png\",\"contentUrl\":\"https:\\\/\\\/static.purejewels.com\\\/wp-content\\\/uploads\\\/2020\\\/11\\\/Logo-PJ-New-1.png\",\"width\":150,\"height\":80,\"caption\":\"PureJewels UK\"},\"image\":{\"@id\":\"https:\\\/\\\/www.purejewels.com\\\/#\\\/schema\\\/logo\\\/image\\\/\"}}]}<\/script>\n<!-- \/ Yoast SEO plugin. -->","yoast_head_json":{"title":"Kad\u0131nlar i\u00e7in 22 Ayar Alt\u0131n Y\u00fcz\u00fck | PureJewels UK'de Alt\u0131n Sat\u0131n Al\u0131n","description":"22 Karat alt\u0131n y\u00fcz\u00fck | PureJewels'te d\u00fc\u011f\u00fcnler ve \u00f6zel g\u00fcnler i\u00e7in en yeni alt\u0131n y\u00fcz\u00fck koleksiyonumuza g\u00f6z at\u0131n. \u0130ngiltere genelinde h\u0131zl\u0131 teslimat.","robots":{"index":"index","follow":"follow","max-snippet":"max-snippet:-1","max-image-preview":"max-image-preview:large","max-video-preview":"max-video-preview:-1"},"canonical":"https:\/\/www.purejewels.com\/tr\/urun\/kadinlar-icin-22-ayar-altin-yuzuk-46844\/","og_locale":"tr_TR","og_type":"article","og_title":"22k Gold Ring for Women | Buy Gold at PureJewels UK","og_description":"22 Karat gold ring | Browse our latest collection of gold rings for weddings, special occasions at PureJewels. Fast delivery across UK.","og_url":"https:\/\/www.purejewels.com\/tr\/urun\/kadinlar-icin-22-ayar-altin-yuzuk-46844\/","og_site_name":"PureJewels UK","article_modified_time":"2026-01-07T05:58:14+00:00","og_image":[{"width":1000,"height":1000,"url":"https:\/\/www.purejewels.com\/wp-content\/uploads\/2022\/02\/46844.jpg","type":"image\/jpeg"}],"twitter_card":"summary_large_image","twitter_misc":{"Tahmini okuma s\u00fcresi":"1 dakika"},"schema":{"@context":"https:\/\/schema.org","@graph":[{"@type":["WebPage","ItemPage"],"@id":"https:\/\/www.purejewels.com\/product\/22k-gold-ring-for-women-46844\/","url":"https:\/\/www.purejewels.com\/product\/22k-gold-ring-for-women-46844\/","name":"Kad\u0131nlar i\u00e7in 22 Ayar Alt\u0131n Y\u00fcz\u00fck | PureJewels UK'de Alt\u0131n Sat\u0131n Al\u0131n","isPartOf":{"@id":"https:\/\/www.purejewels.com\/#website"},"primaryImageOfPage":{"@id":"https:\/\/www.purejewels.com\/product\/22k-gold-ring-for-women-46844\/#primaryimage"},"image":{"@id":"https:\/\/www.purejewels.com\/product\/22k-gold-ring-for-women-46844\/#primaryimage"},"thumbnailUrl":"https:\/\/static.purejewels.com\/wp-content\/uploads\/2022\/02\/46844.jpg","datePublished":"2022-02-15T06:29:21+00:00","dateModified":"2026-01-07T05:58:14+00:00","description":"22 Karat alt\u0131n y\u00fcz\u00fck | PureJewels'te d\u00fc\u011f\u00fcnler ve \u00f6zel g\u00fcnler i\u00e7in en yeni alt\u0131n y\u00fcz\u00fck koleksiyonumuza g\u00f6z at\u0131n. \u0130ngiltere genelinde h\u0131zl\u0131 teslimat.","breadcrumb":{"@id":"https:\/\/www.purejewels.com\/product\/22k-gold-ring-for-women-46844\/#breadcrumb"},"inLanguage":"tr","potentialAction":[{"@type":"ReadAction","target":["https:\/\/www.purejewels.com\/product\/22k-gold-ring-for-women-46844\/"]}]},{"@type":"ImageObject","inLanguage":"tr","@id":"https:\/\/www.purejewels.com\/product\/22k-gold-ring-for-women-46844\/#primaryimage","url":"https:\/\/static.purejewels.com\/wp-content\/uploads\/2022\/02\/46844.jpg","contentUrl":"https:\/\/static.purejewels.com\/wp-content\/uploads\/2022\/02\/46844.jpg","width":1000,"height":1000,"caption":"22ct Gold Ring"},{"@type":"BreadcrumbList","@id":"https:\/\/www.purejewels.com\/product\/22k-gold-ring-for-women-46844\/#breadcrumb","itemListElement":[{"@type":"ListItem","position":1,"name":"Home","item":"https:\/\/www.purejewels.com\/"},{"@type":"ListItem","position":2,"name":"Shop","item":"https:\/\/www.purejewels.com\/shop\/"},{"@type":"ListItem","position":3,"name":"22k Gold Ring for Women | Size N 1\/2"}]},{"@type":"WebSite","@id":"https:\/\/www.purejewels.com\/#website","url":"https:\/\/www.purejewels.com\/","name":"PureJewels \u0130ngiltere","description":"Sevgiyi Payla\u015f\u0131n","publisher":{"@id":"https:\/\/www.purejewels.com\/#organization"},"potentialAction":[{"@type":"SearchAction","target":{"@type":"EntryPoint","urlTemplate":"https:\/\/www.purejewels.com\/?s={search_term_string}"},"query-input":{"@type":"PropertyValueSpecification","valueRequired":true,"valueName":"search_term_string"}}],"inLanguage":"tr"},{"@type":"Organization","@id":"https:\/\/www.purejewels.com\/#organization","name":"PureJewels \u0130ngiltere","url":"https:\/\/www.purejewels.com\/","logo":{"@type":"ImageObject","inLanguage":"tr","@id":"https:\/\/www.purejewels.com\/#\/schema\/logo\/image\/","url":"https:\/\/static.purejewels.com\/wp-content\/uploads\/2020\/11\/Logo-PJ-New-1.png","contentUrl":"https:\/\/static.purejewels.com\/wp-content\/uploads\/2020\/11\/Logo-PJ-New-1.png","width":150,"height":80,"caption":"PureJewels UK"},"image":{"@id":"https:\/\/www.purejewels.com\/#\/schema\/logo\/image\/"}}]}},"_links":{"self":[{"href":"https:\/\/www.purejewels.com\/tr\/wp-json\/wp\/v2\/product\/334362","targetHints":{"allow":["GET"]}}],"collection":[{"href":"https:\/\/www.purejewels.com\/tr\/wp-json\/wp\/v2\/product"}],"about":[{"href":"https:\/\/www.purejewels.com\/tr\/wp-json\/wp\/v2\/types\/product"}],"replies":[{"embeddable":true,"href":"https:\/\/www.purejewels.com\/tr\/wp-json\/wp\/v2\/comments?post=334362"}],"version-history":[{"count":3,"href":"https:\/\/www.purejewels.com\/tr\/wp-json\/wp\/v2\/product\/334362\/revisions"}],"predecessor-version":[{"id":420852,"href":"https:\/\/www.purejewels.com\/tr\/wp-json\/wp\/v2\/product\/334362\/revisions\/420852"}],"wp:featuredmedia":[{"embeddable":true,"href":"https:\/\/www.purejewels.com\/tr\/wp-json\/wp\/v2\/media\/355271"}],"wp:attachment":[{"href":"https:\/\/www.purejewels.com\/tr\/wp-json\/wp\/v2\/media?parent=334362"}],"wp:term":[{"taxonomy":"product_brand","embeddable":true,"href":"https:\/\/www.purejewels.com\/tr\/wp-json\/wp\/v2\/product_brand?post=334362"},{"taxonomy":"product_cat","embeddable":true,"href":"https:\/\/www.purejewels.com\/tr\/wp-json\/wp\/v2\/product_cat?post=334362"},{"taxonomy":"product_tag","embeddable":true,"href":"https:\/\/www.purejewels.com\/tr\/wp-json\/wp\/v2\/product_tag?post=334362"}],"curies":[{"name":"wp","href":"https:\/\/api.w.org\/{rel}","templated":true}]}}