{"id":334366,"date":"2025-05-20T08:18:39","date_gmt":"2025-05-20T07:18:39","guid":{"rendered":"https:\/\/www.purejewels.com\/?post_type=product&#038;p=334366"},"modified":"2026-01-06T10:00:18","modified_gmt":"2026-01-06T10:00:18","slug":"rudraksha-48775-ile-22-ayar-altin-bileklik","status":"publish","type":"product","link":"https:\/\/www.purejewels.com\/tr\/product\/22ct-gold-bracelet-with-rudraksha-48775\/","title":{"rendered":"Rudraksha ile 22 Ayar Alt\u0131n Bileklik | 8,25 \u0130n\u00e7"},"content":{"rendered":"<p>Kar\u015f\u0131n\u0131zda enfes 22 karat <a href=\"https:\/\/www.purejewels.com\/tr\/product\/22-carat-yellow-gold-rudraksha-bracelet\/\">Alt\u0131n Rudraksha Bileklik<\/a> - maneviyat ve zarafetin uyumlu bir kar\u0131\u015f\u0131m\u0131. Titizlikle haz\u0131rlanm\u0131\u015f ve kutsal Rudraksha boncuklar\u0131yla s\u00fcslenmi\u015f bu <a href=\"https:\/\/www.purejewels.com\/tr\/product-category\/22ct-gold-jewellery\/gold-bracelet\/\">Bilezik<\/a> zamans\u0131z g\u00fczelli\u011fi ve ilahi ba\u011flant\u0131y\u0131 sembolize eder.<\/p>\n<p>\u00d6zg\u00fcnl\u00fc\u011f\u00fc ve g\u00fcc\u00fc i\u00e7in \u00f6zenle se\u00e7ilen her bir Rudraksha boncu\u011fu, zengin bir ruhani \u00f6nem ge\u00e7mi\u015fi ta\u015f\u0131r. Bu boncuklar\u0131n derin iyile\u015ftirici ve meditatif nitelikler ta\u015f\u0131d\u0131\u011f\u0131na, ya\u015famda huzur ve dengeyi te\u015fvik etti\u011fine inan\u0131l\u0131r. I\u015f\u0131lt\u0131l\u0131 22 ayar alt\u0131n ba\u011flant\u0131lar\u0131n zemininde, Rudraksha boncuklar\u0131n\u0131n do\u011fal dokusu alt\u0131n\u0131n parlakl\u0131\u011f\u0131yla \u00e7arp\u0131c\u0131 bir kontrast olu\u015fturur.<\/p>\n<p>Yetenekli zanaatk\u00e2rlar\u0131m\u0131z bu bilezi\u011fi hem estetik bir cazibe hem de ruhani bir rezonans sunmak \u00fczere karma\u015f\u0131k bir \u015fekilde tasarlad\u0131. Detayl\u0131 <a href=\"https:\/\/www.purejewels.com\/tr\/a-guide-to-die-stamping\/\">zanaatkarl\u0131k<\/a> Alt\u0131n ba\u011flant\u0131lar, sadece m\u00fccevher de\u011fil ayn\u0131 zamanda kutsal bir aksesuar olan bir par\u00e7a yaratmak i\u00e7in g\u00f6sterilen \u00f6zveriyi sergiliyor. G\u00fcvenli toka rahat bir kullan\u0131m sa\u011flayarak Rudraksha boncuklar\u0131n\u0131n kutsamalar\u0131n\u0131n gitti\u011finiz her yerde size e\u015flik etmesine olanak tan\u0131r.<\/p>\n<p>\u0130ster \u00e7arp\u0131c\u0131 bir moda ifadesi olarak ister maneviyat\u0131n anlaml\u0131 bir ifadesi olarak tak\u0131ls\u0131n, 22 ayar Alt\u0131n <a href=\"https:\/\/www.purejewels.com\/tr\/product\/rudraksh-gold-bracelet-48372\/\">Rudraksha Bileklik<\/a> \u00e7e\u015fitli stilleri ve durumlar\u0131 tamamlar. Ruhani yolculuklar\u0131n\u0131 sofistike bir \u015fekilde kucaklayan hem erkekler hem de kad\u0131nlar i\u00e7in ideal bir s\u00fcslemedir.<\/p>\n<p>Istakoz kancal\u0131 22 ayar Alt\u0131n Rudraksha Bilekli\u011fimizin b\u00fcy\u00fcleyici cazibesi ile tak\u0131m\u0131n\u0131z\u0131 y\u00fckseltin ve ruhunuzu besleyin. Bu ola\u011fan\u00fcst\u00fc par\u00e7a gelene\u011fi, stili ve a\u015fk\u0131nl\u0131\u011f\u0131 kaps\u0131yor - i\u015f\u00e7ilik ve maneviyat aras\u0131ndaki zamans\u0131z ba\u011flant\u0131n\u0131n ger\u00e7ek bir kan\u0131t\u0131.<\/p>","protected":false},"excerpt":{"rendered":"<ul>\n<li>Ger\u00e7ek Rudraksha Boncuklu 22 Ayar Alt\u0131n Bileklik<\/li>\n<li>Toplam A\u011f\u0131rl\u0131k. 8 gms<\/li>\n<li>Rudraksha A\u011f\u0131rl\u0131k: 0,9 gram<\/li>\n<li>Uzunluk. 8.25 \u0130n\u00e7<\/li>\n<li>SKU. 48775<\/li>\n<li>T\u00fcm fiyatlara KDV dahildir<\/li>\n<li>Londra Tahlil Ofisi Taraf\u0131ndan Damgalanm\u0131\u015f 22 Ayar Alt\u0131n<\/li>\n<li>Sunum Kutusu ile Birlikte Gelir<\/li>\n<li>Teslimat Dahil<\/li>\n<li>Stok durumu ve stokta bulunan benzer tasar\u0131mlar\u0131n daha fazla g\u00f6r\u00fcnt\u00fcs\u00fc i\u00e7in bizimle canl\u0131 sohbet edin<\/li>\n<\/ul>","protected":false},"featured_media":314640,"comment_status":"closed","ping_status":"closed","template":"","meta":{"_eb_attr":"","_crsspst_to_jayantr4sg-hostcom":true},"product_brand":[],"product_cat":[5441,1571,1324,1229,1572,1628],"product_tag":[],"class_list":{"0":"post-334366","1":"product","2":"type-product","3":"status-publish","4":"has-post-thumbnail","6":"product_cat-gold-bead-bracelets","7":"product_cat-fathers-day-gifts","8":"product_cat-gold-bracelet","9":"product_cat-22ct-gold-jewellery","10":"product_cat-mens-jewellery","11":"product_cat-mens-bracelet","13":"first","14":"outofstock","15":"sale","16":"taxable","17":"shipping-taxable","18":"product-type-simple","19":"add-to-wishlist-before_image"},"yoast_head":"<!-- This site is optimized with the Yoast SEO plugin v27.5 - https:\/\/yoast.com\/product\/yoast-seo-wordpress\/ -->\n<title>Gold Rudraksha Bracelet crafted in 22ct Gold | PureJewels UK<\/title>\n<meta name=\"description\" content=\"Enhance your style with a men&#039;s 22 karat gold Rudraksha bracelet, radiating divine elegance. They are handcrafted for a powerful spiritual touch.\" \/>\n<meta name=\"robots\" content=\"index, follow, max-snippet:-1, max-image-preview:large, max-video-preview:-1\" \/>\n<link rel=\"canonical\" href=\"https:\/\/www.purejewels.com\/tr\/urun\/rudraksha-48775-ile-22-ayar-altin-bileklik\/\" \/>\n<meta property=\"og:locale\" content=\"tr_TR\" \/>\n<meta property=\"og:type\" content=\"article\" \/>\n<meta property=\"og:title\" content=\"Gold Rudraksha Bracelet crafted in 22ct Gold | PureJewels UK\" \/>\n<meta property=\"og:description\" content=\"Enhance your style with a men&#039;s 22 karat gold Rudraksha bracelet, radiating divine elegance. They are handcrafted for a powerful spiritual touch.\" \/>\n<meta property=\"og:url\" content=\"https:\/\/www.purejewels.com\/tr\/urun\/rudraksha-48775-ile-22-ayar-altin-bileklik\/\" \/>\n<meta property=\"og:site_name\" content=\"PureJewels UK\" \/>\n<meta property=\"article:modified_time\" content=\"2026-01-06T10:00:18+00:00\" \/>\n<meta property=\"og:image\" content=\"https:\/\/www.purejewels.com\/wp-content\/uploads\/2020\/06\/image174379857.jpg\" \/>\n\t<meta property=\"og:image:width\" content=\"1000\" \/>\n\t<meta property=\"og:image:height\" content=\"1000\" \/>\n\t<meta property=\"og:image:type\" content=\"image\/jpeg\" \/>\n<meta name=\"twitter:card\" content=\"summary_large_image\" \/>\n<meta name=\"twitter:label1\" content=\"Tahmini okuma s\u00fcresi\" \/>\n\t<meta name=\"twitter:data1\" content=\"1 dakika\" \/>\n<script type=\"application\/ld+json\" class=\"yoast-schema-graph\">{\"@context\":\"https:\\\/\\\/schema.org\",\"@graph\":[{\"@type\":[\"WebPage\",\"ItemPage\"],\"@id\":\"https:\\\/\\\/www.purejewels.com\\\/product\\\/22ct-gold-bracelet-with-rudraksha-48775\\\/\",\"url\":\"https:\\\/\\\/www.purejewels.com\\\/product\\\/22ct-gold-bracelet-with-rudraksha-48775\\\/\",\"name\":\"Gold Rudraksha Bracelet crafted in 22ct Gold | PureJewels UK\",\"isPartOf\":{\"@id\":\"https:\\\/\\\/www.purejewels.com\\\/#website\"},\"primaryImageOfPage\":{\"@id\":\"https:\\\/\\\/www.purejewels.com\\\/product\\\/22ct-gold-bracelet-with-rudraksha-48775\\\/#primaryimage\"},\"image\":{\"@id\":\"https:\\\/\\\/www.purejewels.com\\\/product\\\/22ct-gold-bracelet-with-rudraksha-48775\\\/#primaryimage\"},\"thumbnailUrl\":\"https:\\\/\\\/static.purejewels.com\\\/wp-content\\\/uploads\\\/2020\\\/06\\\/image174379857.jpg\",\"datePublished\":\"2025-05-20T07:18:39+00:00\",\"dateModified\":\"2026-01-06T10:00:18+00:00\",\"description\":\"Enhance your style with a men's 22 karat gold Rudraksha bracelet, radiating divine elegance. They are handcrafted for a powerful spiritual touch.\",\"breadcrumb\":{\"@id\":\"https:\\\/\\\/www.purejewels.com\\\/product\\\/22ct-gold-bracelet-with-rudraksha-48775\\\/#breadcrumb\"},\"inLanguage\":\"tr\",\"potentialAction\":[{\"@type\":\"ReadAction\",\"target\":[\"https:\\\/\\\/www.purejewels.com\\\/product\\\/22ct-gold-bracelet-with-rudraksha-48775\\\/\"]}]},{\"@type\":\"ImageObject\",\"inLanguage\":\"tr\",\"@id\":\"https:\\\/\\\/www.purejewels.com\\\/product\\\/22ct-gold-bracelet-with-rudraksha-48775\\\/#primaryimage\",\"url\":\"https:\\\/\\\/static.purejewels.com\\\/wp-content\\\/uploads\\\/2020\\\/06\\\/image174379857.jpg\",\"contentUrl\":\"https:\\\/\\\/static.purejewels.com\\\/wp-content\\\/uploads\\\/2020\\\/06\\\/image174379857.jpg\",\"width\":1000,\"height\":1000,\"caption\":\"22ct Gold Light Rudraksh Gents Bracelet YGGB042\"},{\"@type\":\"BreadcrumbList\",\"@id\":\"https:\\\/\\\/www.purejewels.com\\\/product\\\/22ct-gold-bracelet-with-rudraksha-48775\\\/#breadcrumb\",\"itemListElement\":[{\"@type\":\"ListItem\",\"position\":1,\"name\":\"Home\",\"item\":\"https:\\\/\\\/www.purejewels.com\\\/\"},{\"@type\":\"ListItem\",\"position\":2,\"name\":\"Shop\",\"item\":\"https:\\\/\\\/www.purejewels.com\\\/shop\\\/\"},{\"@type\":\"ListItem\",\"position\":3,\"name\":\"22ct Gold Bracelet With Rudraksha | 8.25 Inches\"}]},{\"@type\":\"WebSite\",\"@id\":\"https:\\\/\\\/www.purejewels.com\\\/#website\",\"url\":\"https:\\\/\\\/www.purejewels.com\\\/\",\"name\":\"PureJewels UK\",\"description\":\"Share the Love\",\"publisher\":{\"@id\":\"https:\\\/\\\/www.purejewels.com\\\/#organization\"},\"potentialAction\":[{\"@type\":\"SearchAction\",\"target\":{\"@type\":\"EntryPoint\",\"urlTemplate\":\"https:\\\/\\\/www.purejewels.com\\\/?s={search_term_string}\"},\"query-input\":{\"@type\":\"PropertyValueSpecification\",\"valueRequired\":true,\"valueName\":\"search_term_string\"}}],\"inLanguage\":\"tr\"},{\"@type\":\"Organization\",\"@id\":\"https:\\\/\\\/www.purejewels.com\\\/#organization\",\"name\":\"PureJewels UK\",\"url\":\"https:\\\/\\\/www.purejewels.com\\\/\",\"logo\":{\"@type\":\"ImageObject\",\"inLanguage\":\"tr\",\"@id\":\"https:\\\/\\\/www.purejewels.com\\\/#\\\/schema\\\/logo\\\/image\\\/\",\"url\":\"https:\\\/\\\/static.purejewels.com\\\/wp-content\\\/uploads\\\/2020\\\/11\\\/Logo-PJ-New-1.png\",\"contentUrl\":\"https:\\\/\\\/static.purejewels.com\\\/wp-content\\\/uploads\\\/2020\\\/11\\\/Logo-PJ-New-1.png\",\"width\":150,\"height\":80,\"caption\":\"PureJewels UK\"},\"image\":{\"@id\":\"https:\\\/\\\/www.purejewels.com\\\/#\\\/schema\\\/logo\\\/image\\\/\"}}]}<\/script>\n<!-- \/ Yoast SEO plugin. -->","yoast_head_json":{"title":"Alt\u0131n Rudraksha Bileklik 22 Ayar Alt\u0131ndan \u00fcretilmi\u015ftir | PureJewels UK","description":"\u0130lahi bir zarafet yayan 22 ayar alt\u0131n erkek Rudraksha bileklik ile tarz\u0131n\u0131z\u0131 geli\u015ftirin. G\u00fc\u00e7l\u00fc bir ruhani dokunu\u015f i\u00e7in el yap\u0131m\u0131d\u0131r.","robots":{"index":"index","follow":"follow","max-snippet":"max-snippet:-1","max-image-preview":"max-image-preview:large","max-video-preview":"max-video-preview:-1"},"canonical":"https:\/\/www.purejewels.com\/tr\/urun\/rudraksha-48775-ile-22-ayar-altin-bileklik\/","og_locale":"tr_TR","og_type":"article","og_title":"Gold Rudraksha Bracelet crafted in 22ct Gold | PureJewels UK","og_description":"Enhance your style with a men's 22 karat gold Rudraksha bracelet, radiating divine elegance. They are handcrafted for a powerful spiritual touch.","og_url":"https:\/\/www.purejewels.com\/tr\/urun\/rudraksha-48775-ile-22-ayar-altin-bileklik\/","og_site_name":"PureJewels UK","article_modified_time":"2026-01-06T10:00:18+00:00","og_image":[{"width":1000,"height":1000,"url":"https:\/\/www.purejewels.com\/wp-content\/uploads\/2020\/06\/image174379857.jpg","type":"image\/jpeg"}],"twitter_card":"summary_large_image","twitter_misc":{"Tahmini okuma s\u00fcresi":"1 dakika"},"schema":{"@context":"https:\/\/schema.org","@graph":[{"@type":["WebPage","ItemPage"],"@id":"https:\/\/www.purejewels.com\/product\/22ct-gold-bracelet-with-rudraksha-48775\/","url":"https:\/\/www.purejewels.com\/product\/22ct-gold-bracelet-with-rudraksha-48775\/","name":"Alt\u0131n Rudraksha Bileklik 22 Ayar Alt\u0131ndan \u00fcretilmi\u015ftir | PureJewels UK","isPartOf":{"@id":"https:\/\/www.purejewels.com\/#website"},"primaryImageOfPage":{"@id":"https:\/\/www.purejewels.com\/product\/22ct-gold-bracelet-with-rudraksha-48775\/#primaryimage"},"image":{"@id":"https:\/\/www.purejewels.com\/product\/22ct-gold-bracelet-with-rudraksha-48775\/#primaryimage"},"thumbnailUrl":"https:\/\/static.purejewels.com\/wp-content\/uploads\/2020\/06\/image174379857.jpg","datePublished":"2025-05-20T07:18:39+00:00","dateModified":"2026-01-06T10:00:18+00:00","description":"\u0130lahi bir zarafet yayan 22 ayar alt\u0131n erkek Rudraksha bileklik ile tarz\u0131n\u0131z\u0131 geli\u015ftirin. G\u00fc\u00e7l\u00fc bir ruhani dokunu\u015f i\u00e7in el yap\u0131m\u0131d\u0131r.","breadcrumb":{"@id":"https:\/\/www.purejewels.com\/product\/22ct-gold-bracelet-with-rudraksha-48775\/#breadcrumb"},"inLanguage":"tr","potentialAction":[{"@type":"ReadAction","target":["https:\/\/www.purejewels.com\/product\/22ct-gold-bracelet-with-rudraksha-48775\/"]}]},{"@type":"ImageObject","inLanguage":"tr","@id":"https:\/\/www.purejewels.com\/product\/22ct-gold-bracelet-with-rudraksha-48775\/#primaryimage","url":"https:\/\/static.purejewels.com\/wp-content\/uploads\/2020\/06\/image174379857.jpg","contentUrl":"https:\/\/static.purejewels.com\/wp-content\/uploads\/2020\/06\/image174379857.jpg","width":1000,"height":1000,"caption":"22ct Gold Light Rudraksh Gents Bracelet YGGB042"},{"@type":"BreadcrumbList","@id":"https:\/\/www.purejewels.com\/product\/22ct-gold-bracelet-with-rudraksha-48775\/#breadcrumb","itemListElement":[{"@type":"ListItem","position":1,"name":"Home","item":"https:\/\/www.purejewels.com\/"},{"@type":"ListItem","position":2,"name":"Shop","item":"https:\/\/www.purejewels.com\/shop\/"},{"@type":"ListItem","position":3,"name":"22ct Gold Bracelet With Rudraksha | 8.25 Inches"}]},{"@type":"WebSite","@id":"https:\/\/www.purejewels.com\/#website","url":"https:\/\/www.purejewels.com\/","name":"PureJewels \u0130ngiltere","description":"Sevgiyi Payla\u015f\u0131n","publisher":{"@id":"https:\/\/www.purejewels.com\/#organization"},"potentialAction":[{"@type":"SearchAction","target":{"@type":"EntryPoint","urlTemplate":"https:\/\/www.purejewels.com\/?s={search_term_string}"},"query-input":{"@type":"PropertyValueSpecification","valueRequired":true,"valueName":"search_term_string"}}],"inLanguage":"tr"},{"@type":"Organization","@id":"https:\/\/www.purejewels.com\/#organization","name":"PureJewels \u0130ngiltere","url":"https:\/\/www.purejewels.com\/","logo":{"@type":"ImageObject","inLanguage":"tr","@id":"https:\/\/www.purejewels.com\/#\/schema\/logo\/image\/","url":"https:\/\/static.purejewels.com\/wp-content\/uploads\/2020\/11\/Logo-PJ-New-1.png","contentUrl":"https:\/\/static.purejewels.com\/wp-content\/uploads\/2020\/11\/Logo-PJ-New-1.png","width":150,"height":80,"caption":"PureJewels UK"},"image":{"@id":"https:\/\/www.purejewels.com\/#\/schema\/logo\/image\/"}}]}},"_links":{"self":[{"href":"https:\/\/www.purejewels.com\/tr\/wp-json\/wp\/v2\/product\/334366","targetHints":{"allow":["GET"]}}],"collection":[{"href":"https:\/\/www.purejewels.com\/tr\/wp-json\/wp\/v2\/product"}],"about":[{"href":"https:\/\/www.purejewels.com\/tr\/wp-json\/wp\/v2\/types\/product"}],"replies":[{"embeddable":true,"href":"https:\/\/www.purejewels.com\/tr\/wp-json\/wp\/v2\/comments?post=334366"}],"version-history":[{"count":4,"href":"https:\/\/www.purejewels.com\/tr\/wp-json\/wp\/v2\/product\/334366\/revisions"}],"predecessor-version":[{"id":378950,"href":"https:\/\/www.purejewels.com\/tr\/wp-json\/wp\/v2\/product\/334366\/revisions\/378950"}],"wp:featuredmedia":[{"embeddable":true,"href":"https:\/\/www.purejewels.com\/tr\/wp-json\/wp\/v2\/media\/314640"}],"wp:attachment":[{"href":"https:\/\/www.purejewels.com\/tr\/wp-json\/wp\/v2\/media?parent=334366"}],"wp:term":[{"taxonomy":"product_brand","embeddable":true,"href":"https:\/\/www.purejewels.com\/tr\/wp-json\/wp\/v2\/product_brand?post=334366"},{"taxonomy":"product_cat","embeddable":true,"href":"https:\/\/www.purejewels.com\/tr\/wp-json\/wp\/v2\/product_cat?post=334366"},{"taxonomy":"product_tag","embeddable":true,"href":"https:\/\/www.purejewels.com\/tr\/wp-json\/wp\/v2\/product_tag?post=334366"}],"curies":[{"name":"wp","href":"https:\/\/api.w.org\/{rel}","templated":true}]}}