{"id":334383,"date":"2022-10-21T03:52:32","date_gmt":"2022-10-21T02:52:32","guid":{"rendered":"https:\/\/www.purejewels.com\/?post_type=product&#038;p=334383"},"modified":"2025-11-11T07:44:15","modified_gmt":"2025-11-11T07:44:15","slug":"antik-kaplamali-22-ayar-asya-altin-yuzuk-46565","status":"publish","type":"product","link":"https:\/\/www.purejewels.com\/tr\/product\/22ct-asian-gold-rings-with-antique-finish-46565\/","title":{"rendered":"Antik Kaplamal\u0131 22 Ayar El \u0130\u015fi Alt\u0131n Y\u00fcz\u00fck | M Beden"},"content":{"rendered":"<h4 data-start=\"361\" data-end=\"386\"><strong data-start=\"366\" data-end=\"384\">Tasar\u0131m Konsepti<\/strong><\/h4>\n<p data-start=\"387\" data-end=\"760\">Rosette Koleksiyonu'nun kalbinden gelen bu el yap\u0131m\u0131 y\u00fcz\u00fck, b\u00fcy\u00fcme, g\u00fczellik ve miras\u0131n sembol\u00fc olan \u00e7i\u00e7ek a\u00e7an rozet motiflerinden esinlenmi\u015ftir. Antik kaplama, zenginli\u011fini ve karakterini geli\u015ftirmek i\u00e7in nazik\u00e7e eskitilmi\u015f, zamans\u0131z bir cazibeyi \u00e7a\u011fr\u0131\u015ft\u0131r\u0131yor. Bu y\u00fcz\u00fck yaln\u0131zca bir aksesuar de\u011fil, bireyselli\u011fi kucaklarken gelene\u011fi de onurland\u0131ran bir hikaye anlatma par\u00e7as\u0131d\u0131r.<\/p>\n<h4 data-start=\"762\" data-end=\"786\"><strong data-start=\"767\" data-end=\"784\">Zanaatkarl\u0131k<\/strong><\/h4>\n<p data-start=\"787\" data-end=\"1237\">Saf 22 ayar alt\u0131ndan \u00fcretilen bu y\u00fcz\u00fck, yetenekli zanaatk\u00e2rlar taraf\u0131ndan zaman\u0131n eskitemedi\u011fi teknikler kullan\u0131larak titizlikle elde i\u015flenmi\u015ftir. Antik cila, alt\u0131na daha derin, daha dokulu bir patina vererek s\u0131cakl\u0131k ve zarafet katar. M \u00f6l\u00e7\u00fcs\u00fc, 4 mm geni\u015fli\u011fi ve 3,7 gram a\u011f\u0131rl\u0131\u011f\u0131yla hem l\u00fcks hem de giyilebilir hissettiren hassas bir duru\u015f sunar. Her bir par\u00e7a Londra Assay Ofisi taraf\u0131ndan damgalanarak orijinalli\u011fi ve safl\u0131\u011f\u0131 garanti alt\u0131na al\u0131nm\u0131\u015ft\u0131r.<\/p>\n<h4 data-start=\"1494\" data-end=\"1524\"><strong data-start=\"1499\" data-end=\"1522\">Stil \u0130lham\u0131<\/strong><\/h4>\n<ul>\n<li data-start=\"1527\" data-end=\"1647\">Modern yadig\u00e2r: Di\u011fer antika i\u015flemeli m\u00fccevherlerle stil olu\u015fturun veya sessiz bir zarafet i\u00e7in tek ba\u015f\u0131na tak\u0131n.<\/li>\n<li data-start=\"1650\" data-end=\"1746\">Kutlamaya Haz\u0131r: D\u00fc\u011f\u00fcnler, Diwali veya nesiller aras\u0131 hediye i\u00e7in g\u00fczel bir se\u00e7im.<\/li>\n<li data-start=\"1749\" data-end=\"1851\">G\u00fcnl\u00fck L\u00fcks: Rahat kesimi ve vintage cazibesi onu g\u00fcnd\u00fczden ak\u015fama ge\u00e7i\u015fler i\u00e7in m\u00fckemmel k\u0131lar.<\/li>\n<\/ul>","protected":false},"excerpt":{"rendered":"<table>\n<tbody>\n<tr>\n<td>Y\u00fcz\u00fck Tipi<\/td>\n<td>22 Ayar Alt\u0131n Y\u00fcz\u00fck<\/td>\n<\/tr>\n<tr>\n<td>SKU<\/td>\n<td>46565, 46566<\/td>\n<\/tr>\n<tr>\n<td>A\u011f\u0131rl\u0131k<\/td>\n<td>3,7 gms<\/td>\n<\/tr>\n<tr>\n<td>Y\u00fcz\u00fck \u00d6l\u00e7\u00fcs\u00fc<\/td>\n<td>M<\/td>\n<\/tr>\n<tr>\n<td>Koleksiyon<\/td>\n<td>Rozet Koleksiyonu<\/td>\n<\/tr>\n<tr>\n<td>Geni\u015flik<\/td>\n<td>4mm<\/td>\n<\/tr>\n<tr>\n<td>\u00dccretler<\/td>\n<td>Teslimat ve KDV Dahil<\/td>\n<\/tr>\n<tr>\n<td>Paketleme<\/td>\n<td>Sunum Kutusu ile Birlikte Gelir<\/td>\n<\/tr>\n<tr>\n<td>Daha Fazla Bilgi<\/td>\n<td>M\u00fcsaitlik durumu ve daha fazla resim i\u00e7in bizimle canl\u0131 sohbet edin<\/td>\n<\/tr>\n<\/tbody>\n<\/table>","protected":false},"featured_media":340209,"comment_status":"closed","ping_status":"closed","template":"","meta":{"_eb_attr":"","_crsspst_to_jayantr4sg-hostcom":false},"product_brand":[],"product_cat":[236,1229,1235,1783,1786,6156,1656,5276,1573,1574,5349],"product_tag":[1430,63,64],"class_list":{"0":"post-334383","1":"product","2":"type-product","3":"status-publish","4":"has-post-thumbnail","6":"product_cat-collections","7":"product_cat-22ct-gold-jewellery","8":"product_cat-gold-rings","9":"product_cat-ladies-rings","10":"product_cat-occasional-wear-rings","11":"product_cat-rosette-bands","12":"product_cat-rosettes-collections","13":"product_cat-rosettes-ring","14":"product_cat-wedding-gifts","15":"product_cat-womens-jewellery","16":"product_cat-yellow-gold-jewellery","17":"product_tag-diwali-gift","18":"product_tag-gold","19":"product_tag-rings","21":"first","22":"outofstock","23":"taxable","24":"shipping-taxable","25":"product-type-simple","26":"add-to-wishlist-before_image"},"yoast_head":"<!-- This site is optimized with the Yoast SEO plugin v27.5 - https:\/\/yoast.com\/product\/yoast-seo-wordpress\/ -->\n<title>22ct Asian Gold Rings With Antique Finish | Buy Gold Rings<\/title>\n<meta name=\"description\" content=\"Explore the perfect 22ct Yellow Gold Ring from PureJewels. Buy traditional handcrafted Gold Ring from our Jewellery collection. Free delivery across UK.\" \/>\n<meta name=\"robots\" content=\"index, follow, max-snippet:-1, max-image-preview:large, max-video-preview:-1\" \/>\n<link rel=\"canonical\" href=\"https:\/\/www.purejewels.com\/tr\/urun\/antik-kaplamali-22-ayar-asya-altin-yuzuk-46565\/\" \/>\n<meta property=\"og:locale\" content=\"tr_TR\" \/>\n<meta property=\"og:type\" content=\"article\" \/>\n<meta property=\"og:title\" content=\"22ct Asian Gold Rings With Antique Finish | Buy Gold Rings\" \/>\n<meta property=\"og:description\" content=\"Explore the perfect 22ct Yellow Gold Ring from PureJewels. Buy traditional handcrafted Gold Ring from our Jewellery collection. Free delivery across UK.\" \/>\n<meta property=\"og:url\" content=\"https:\/\/www.purejewels.com\/tr\/urun\/antik-kaplamali-22-ayar-asya-altin-yuzuk-46565\/\" \/>\n<meta property=\"og:site_name\" content=\"PureJewels UK\" \/>\n<meta property=\"article:modified_time\" content=\"2025-11-11T07:44:15+00:00\" \/>\n<meta property=\"og:image\" content=\"https:\/\/www.purejewels.com\/wp-content\/uploads\/2022\/02\/41706-1.jpg\" \/>\n\t<meta property=\"og:image:width\" content=\"1000\" \/>\n\t<meta property=\"og:image:height\" content=\"1000\" \/>\n\t<meta property=\"og:image:type\" content=\"image\/jpeg\" \/>\n<meta name=\"twitter:card\" content=\"summary_large_image\" \/>\n<meta name=\"twitter:label1\" content=\"Tahmini okuma s\u00fcresi\" \/>\n\t<meta name=\"twitter:data1\" content=\"1 dakika\" \/>\n<script type=\"application\/ld+json\" class=\"yoast-schema-graph\">{\"@context\":\"https:\\\/\\\/schema.org\",\"@graph\":[{\"@type\":[\"WebPage\",\"ItemPage\"],\"@id\":\"https:\\\/\\\/www.purejewels.com\\\/product\\\/22ct-asian-gold-rings-with-antique-finish-46565\\\/\",\"url\":\"https:\\\/\\\/www.purejewels.com\\\/product\\\/22ct-asian-gold-rings-with-antique-finish-46565\\\/\",\"name\":\"22ct Asian Gold Rings With Antique Finish | Buy Gold Rings\",\"isPartOf\":{\"@id\":\"https:\\\/\\\/www.purejewels.com\\\/#website\"},\"primaryImageOfPage\":{\"@id\":\"https:\\\/\\\/www.purejewels.com\\\/product\\\/22ct-asian-gold-rings-with-antique-finish-46565\\\/#primaryimage\"},\"image\":{\"@id\":\"https:\\\/\\\/www.purejewels.com\\\/product\\\/22ct-asian-gold-rings-with-antique-finish-46565\\\/#primaryimage\"},\"thumbnailUrl\":\"https:\\\/\\\/static.purejewels.com\\\/wp-content\\\/uploads\\\/2022\\\/02\\\/41706-1.jpg\",\"datePublished\":\"2022-10-21T02:52:32+00:00\",\"dateModified\":\"2025-11-11T07:44:15+00:00\",\"description\":\"Explore the perfect 22ct Yellow Gold Ring from PureJewels. Buy traditional handcrafted Gold Ring from our Jewellery collection. Free delivery across UK.\",\"breadcrumb\":{\"@id\":\"https:\\\/\\\/www.purejewels.com\\\/product\\\/22ct-asian-gold-rings-with-antique-finish-46565\\\/#breadcrumb\"},\"inLanguage\":\"tr\",\"potentialAction\":[{\"@type\":\"ReadAction\",\"target\":[\"https:\\\/\\\/www.purejewels.com\\\/product\\\/22ct-asian-gold-rings-with-antique-finish-46565\\\/\"]}]},{\"@type\":\"ImageObject\",\"inLanguage\":\"tr\",\"@id\":\"https:\\\/\\\/www.purejewels.com\\\/product\\\/22ct-asian-gold-rings-with-antique-finish-46565\\\/#primaryimage\",\"url\":\"https:\\\/\\\/static.purejewels.com\\\/wp-content\\\/uploads\\\/2022\\\/02\\\/41706-1.jpg\",\"contentUrl\":\"https:\\\/\\\/static.purejewels.com\\\/wp-content\\\/uploads\\\/2022\\\/02\\\/41706-1.jpg\",\"width\":1000,\"height\":1000,\"caption\":\"22ct Asian Gold Rings With Antique Finish | Size M\"},{\"@type\":\"BreadcrumbList\",\"@id\":\"https:\\\/\\\/www.purejewels.com\\\/product\\\/22ct-asian-gold-rings-with-antique-finish-46565\\\/#breadcrumb\",\"itemListElement\":[{\"@type\":\"ListItem\",\"position\":1,\"name\":\"Home\",\"item\":\"https:\\\/\\\/www.purejewels.com\\\/\"},{\"@type\":\"ListItem\",\"position\":2,\"name\":\"Shop\",\"item\":\"https:\\\/\\\/www.purejewels.com\\\/shop\\\/\"},{\"@type\":\"ListItem\",\"position\":3,\"name\":\"22ct Handcrafted Gold Rings With Antique Finish | Size M\"}]},{\"@type\":\"WebSite\",\"@id\":\"https:\\\/\\\/www.purejewels.com\\\/#website\",\"url\":\"https:\\\/\\\/www.purejewels.com\\\/\",\"name\":\"PureJewels UK\",\"description\":\"Share the Love\",\"publisher\":{\"@id\":\"https:\\\/\\\/www.purejewels.com\\\/#organization\"},\"potentialAction\":[{\"@type\":\"SearchAction\",\"target\":{\"@type\":\"EntryPoint\",\"urlTemplate\":\"https:\\\/\\\/www.purejewels.com\\\/?s={search_term_string}\"},\"query-input\":{\"@type\":\"PropertyValueSpecification\",\"valueRequired\":true,\"valueName\":\"search_term_string\"}}],\"inLanguage\":\"tr\"},{\"@type\":\"Organization\",\"@id\":\"https:\\\/\\\/www.purejewels.com\\\/#organization\",\"name\":\"PureJewels UK\",\"url\":\"https:\\\/\\\/www.purejewels.com\\\/\",\"logo\":{\"@type\":\"ImageObject\",\"inLanguage\":\"tr\",\"@id\":\"https:\\\/\\\/www.purejewels.com\\\/#\\\/schema\\\/logo\\\/image\\\/\",\"url\":\"https:\\\/\\\/static.purejewels.com\\\/wp-content\\\/uploads\\\/2020\\\/11\\\/Logo-PJ-New-1.png\",\"contentUrl\":\"https:\\\/\\\/static.purejewels.com\\\/wp-content\\\/uploads\\\/2020\\\/11\\\/Logo-PJ-New-1.png\",\"width\":150,\"height\":80,\"caption\":\"PureJewels UK\"},\"image\":{\"@id\":\"https:\\\/\\\/www.purejewels.com\\\/#\\\/schema\\\/logo\\\/image\\\/\"}}]}<\/script>\n<!-- \/ Yoast SEO plugin. -->","yoast_head_json":{"title":"Antik Kaplama ile 22 Ayar Asya Alt\u0131n Y\u00fcz\u00fckler | Alt\u0131n Y\u00fcz\u00fck Sat\u0131n Al\u0131n","description":"PureJewels'ten m\u00fckemmel 22 ayar Sar\u0131 Alt\u0131n Y\u00fcz\u00fc\u011f\u00fc ke\u015ffedin. M\u00fccevher koleksiyonumuzdan geleneksel el yap\u0131m\u0131 Alt\u0131n Y\u00fcz\u00fck sat\u0131n al\u0131n. \u0130ngiltere genelinde \u00fccretsiz teslimat.","robots":{"index":"index","follow":"follow","max-snippet":"max-snippet:-1","max-image-preview":"max-image-preview:large","max-video-preview":"max-video-preview:-1"},"canonical":"https:\/\/www.purejewels.com\/tr\/urun\/antik-kaplamali-22-ayar-asya-altin-yuzuk-46565\/","og_locale":"tr_TR","og_type":"article","og_title":"22ct Asian Gold Rings With Antique Finish | Buy Gold Rings","og_description":"Explore the perfect 22ct Yellow Gold Ring from PureJewels. Buy traditional handcrafted Gold Ring from our Jewellery collection. Free delivery across UK.","og_url":"https:\/\/www.purejewels.com\/tr\/urun\/antik-kaplamali-22-ayar-asya-altin-yuzuk-46565\/","og_site_name":"PureJewels UK","article_modified_time":"2025-11-11T07:44:15+00:00","og_image":[{"width":1000,"height":1000,"url":"https:\/\/www.purejewels.com\/wp-content\/uploads\/2022\/02\/41706-1.jpg","type":"image\/jpeg"}],"twitter_card":"summary_large_image","twitter_misc":{"Tahmini okuma s\u00fcresi":"1 dakika"},"schema":{"@context":"https:\/\/schema.org","@graph":[{"@type":["WebPage","ItemPage"],"@id":"https:\/\/www.purejewels.com\/product\/22ct-asian-gold-rings-with-antique-finish-46565\/","url":"https:\/\/www.purejewels.com\/product\/22ct-asian-gold-rings-with-antique-finish-46565\/","name":"Antik Kaplama ile 22 Ayar Asya Alt\u0131n Y\u00fcz\u00fckler | Alt\u0131n Y\u00fcz\u00fck Sat\u0131n Al\u0131n","isPartOf":{"@id":"https:\/\/www.purejewels.com\/#website"},"primaryImageOfPage":{"@id":"https:\/\/www.purejewels.com\/product\/22ct-asian-gold-rings-with-antique-finish-46565\/#primaryimage"},"image":{"@id":"https:\/\/www.purejewels.com\/product\/22ct-asian-gold-rings-with-antique-finish-46565\/#primaryimage"},"thumbnailUrl":"https:\/\/static.purejewels.com\/wp-content\/uploads\/2022\/02\/41706-1.jpg","datePublished":"2022-10-21T02:52:32+00:00","dateModified":"2025-11-11T07:44:15+00:00","description":"PureJewels'ten m\u00fckemmel 22 ayar Sar\u0131 Alt\u0131n Y\u00fcz\u00fc\u011f\u00fc ke\u015ffedin. M\u00fccevher koleksiyonumuzdan geleneksel el yap\u0131m\u0131 Alt\u0131n Y\u00fcz\u00fck sat\u0131n al\u0131n. \u0130ngiltere genelinde \u00fccretsiz teslimat.","breadcrumb":{"@id":"https:\/\/www.purejewels.com\/product\/22ct-asian-gold-rings-with-antique-finish-46565\/#breadcrumb"},"inLanguage":"tr","potentialAction":[{"@type":"ReadAction","target":["https:\/\/www.purejewels.com\/product\/22ct-asian-gold-rings-with-antique-finish-46565\/"]}]},{"@type":"ImageObject","inLanguage":"tr","@id":"https:\/\/www.purejewels.com\/product\/22ct-asian-gold-rings-with-antique-finish-46565\/#primaryimage","url":"https:\/\/static.purejewels.com\/wp-content\/uploads\/2022\/02\/41706-1.jpg","contentUrl":"https:\/\/static.purejewels.com\/wp-content\/uploads\/2022\/02\/41706-1.jpg","width":1000,"height":1000,"caption":"22ct Asian Gold Rings With Antique Finish | Size M"},{"@type":"BreadcrumbList","@id":"https:\/\/www.purejewels.com\/product\/22ct-asian-gold-rings-with-antique-finish-46565\/#breadcrumb","itemListElement":[{"@type":"ListItem","position":1,"name":"Home","item":"https:\/\/www.purejewels.com\/"},{"@type":"ListItem","position":2,"name":"Shop","item":"https:\/\/www.purejewels.com\/shop\/"},{"@type":"ListItem","position":3,"name":"22ct Handcrafted Gold Rings With Antique Finish | Size M"}]},{"@type":"WebSite","@id":"https:\/\/www.purejewels.com\/#website","url":"https:\/\/www.purejewels.com\/","name":"PureJewels \u0130ngiltere","description":"Sevgiyi Payla\u015f\u0131n","publisher":{"@id":"https:\/\/www.purejewels.com\/#organization"},"potentialAction":[{"@type":"SearchAction","target":{"@type":"EntryPoint","urlTemplate":"https:\/\/www.purejewels.com\/?s={search_term_string}"},"query-input":{"@type":"PropertyValueSpecification","valueRequired":true,"valueName":"search_term_string"}}],"inLanguage":"tr"},{"@type":"Organization","@id":"https:\/\/www.purejewels.com\/#organization","name":"PureJewels \u0130ngiltere","url":"https:\/\/www.purejewels.com\/","logo":{"@type":"ImageObject","inLanguage":"tr","@id":"https:\/\/www.purejewels.com\/#\/schema\/logo\/image\/","url":"https:\/\/static.purejewels.com\/wp-content\/uploads\/2020\/11\/Logo-PJ-New-1.png","contentUrl":"https:\/\/static.purejewels.com\/wp-content\/uploads\/2020\/11\/Logo-PJ-New-1.png","width":150,"height":80,"caption":"PureJewels UK"},"image":{"@id":"https:\/\/www.purejewels.com\/#\/schema\/logo\/image\/"}}]}},"_links":{"self":[{"href":"https:\/\/www.purejewels.com\/tr\/wp-json\/wp\/v2\/product\/334383","targetHints":{"allow":["GET"]}}],"collection":[{"href":"https:\/\/www.purejewels.com\/tr\/wp-json\/wp\/v2\/product"}],"about":[{"href":"https:\/\/www.purejewels.com\/tr\/wp-json\/wp\/v2\/types\/product"}],"replies":[{"embeddable":true,"href":"https:\/\/www.purejewels.com\/tr\/wp-json\/wp\/v2\/comments?post=334383"}],"version-history":[{"count":3,"href":"https:\/\/www.purejewels.com\/tr\/wp-json\/wp\/v2\/product\/334383\/revisions"}],"predecessor-version":[{"id":420739,"href":"https:\/\/www.purejewels.com\/tr\/wp-json\/wp\/v2\/product\/334383\/revisions\/420739"}],"wp:featuredmedia":[{"embeddable":true,"href":"https:\/\/www.purejewels.com\/tr\/wp-json\/wp\/v2\/media\/340209"}],"wp:attachment":[{"href":"https:\/\/www.purejewels.com\/tr\/wp-json\/wp\/v2\/media?parent=334383"}],"wp:term":[{"taxonomy":"product_brand","embeddable":true,"href":"https:\/\/www.purejewels.com\/tr\/wp-json\/wp\/v2\/product_brand?post=334383"},{"taxonomy":"product_cat","embeddable":true,"href":"https:\/\/www.purejewels.com\/tr\/wp-json\/wp\/v2\/product_cat?post=334383"},{"taxonomy":"product_tag","embeddable":true,"href":"https:\/\/www.purejewels.com\/tr\/wp-json\/wp\/v2\/product_tag?post=334383"}],"curies":[{"name":"wp","href":"https:\/\/api.w.org\/{rel}","templated":true}]}}