{"id":334425,"date":"2025-09-30T04:43:35","date_gmt":"2025-09-30T03:43:35","guid":{"rendered":"https:\/\/www.purejewels.com\/?post_type=product&#038;p=334425"},"modified":"2026-04-13T05:44:59","modified_gmt":"2026-04-13T04:44:59","slug":"22-ayar-altin-bali-kupe-51878","status":"publish","type":"product","link":"https:\/\/www.purejewels.com\/tr\/product\/22kt-gold-bali-earring-51878\/","title":{"rendered":"22 Ayar Alt\u0131n Bali K\u00fcpe"},"content":{"rendered":"<p data-start=\"96\" data-end=\"371\"><strong data-start=\"96\" data-end=\"106\">Tasar\u0131m<\/strong><br data-start=\"106\" data-end=\"109\" \/>Geleneksel alt\u0131n kasna\u011f\u0131n zarif bir yorumu olan bu 22 Ayar Alt\u0131n Bali K\u00fcpeler, yumu\u015fak bir \u015fekilde parlat\u0131lm\u0131\u015f y\u00fczeyiyle temiz bir dairesel siluete sahiptir. Minimal tasar\u0131m\u0131 alt\u0131n\u0131n do\u011fal \u0131\u015f\u0131lt\u0131s\u0131n\u0131n \u00f6ne \u00e7\u0131kmas\u0131n\u0131 sa\u011flayarak her k\u0131vr\u0131mda zahmetsiz bir incelik sunar.<\/p>\n<p data-start=\"373\" data-end=\"633\"><strong data-start=\"373\" data-end=\"390\">Zanaatkarl\u0131k<\/strong><br data-start=\"390\" data-end=\"393\" \/>Saf 22 ayar alt\u0131ndan hassas bir \u015fekilde d\u00f6k\u00fclen ve Londra'da damgalanan her bir bali, p\u00fcr\u00fczs\u00fcz ve rahat bir y\u00fczey elde etmek i\u00e7in parlat\u0131lm\u0131\u015ft\u0131r. G\u00fcvenli ancak hafif yap\u0131s\u0131 dayan\u0131kl\u0131l\u0131k ve kullan\u0131m kolayl\u0131\u011f\u0131 sa\u011flayarak g\u00fcnl\u00fck stil i\u00e7in m\u00fckemmeldir.<\/p>\n<p data-start=\"635\" data-end=\"904\"><strong data-start=\"635\" data-end=\"646\">\u015eekillendirme<\/strong><br data-start=\"646\" data-end=\"649\" \/>Modern m\u00fccevher gard\u0131robu i\u00e7in \u00e7ok y\u00f6nl\u00fc bir vazge\u00e7ilmez olan bu baliler, birden fazla halka veya \u00e7\u0131t\u00e7\u0131t ile katman olu\u015fturmak i\u00e7in m\u00fckemmeldir. Abart\u0131s\u0131z formlar\u0131 hem g\u00fcndelik hem de resmi g\u00f6r\u00fcn\u00fcmleri tamamlayarak her tak\u0131ma s\u0131cakl\u0131k ve minimal bir zarafet katar.<\/p>","protected":false},"excerpt":{"rendered":"<p data-start=\"906\" data-end=\"1110\">22 ayar alt\u0131n Bali k\u00fcpe, Londra damgas\u0131 ve miras i\u015f\u00e7ili\u011fi ile tasarlanm\u0131\u015ft\u0131r.<br data-start=\"1029\" data-end=\"1032\" \/>Modern gelenek severler ve g\u00fcnl\u00fck \u015f\u0131kl\u0131k i\u00e7in m\u00fckemmel, zamans\u0131z bir halka stili.<\/p>\n<p><strong>Malzeme:<\/strong>\u00a022 Ayar Alt\u0131n<strong><br \/>\nHallmark:\u00a0<\/strong>\u0130ngiliz Damgas\u0131<strong><br \/>\n<\/strong><strong>Br\u00fct A\u011f\u0131rl\u0131k:\u00a0<\/strong>1,62 gram<br \/>\n<strong>\u0130\u00e7 \u00e7ap:<\/strong> 9mm<br \/>\n<strong>SKU:<\/strong> 53854, 53855, 53856, 53857<\/p>\n<p><strong>Fiyat ve Teslimat<\/strong>:KDV ve teslimat \u00fccreti dahil<\/p>\n<p><a href=\"https:\/\/www.purejewels.com\/tr\/i%cc%87ade-poli%cc%87ti%cc%87kasi\/\">\u0130ade Politikas\u0131<\/a><\/p>","protected":false},"featured_media":401239,"comment_status":"closed","ping_status":"closed","template":"","meta":{"_eb_attr":"","_crsspst_to_jayantr4sg-hostcom":true},"product_brand":[],"product_cat":[1791,1559,1794,1254,1229,1579,5343,5608,1574,5349],"product_tag":[6101],"class_list":{"0":"post-334425","1":"product","2":"type-product","3":"status-publish","4":"has-post-thumbnail","6":"product_cat-anniversary-gifts","7":"product_cat-birthday-gifts","8":"product_cat-christmas-gifts","9":"product_cat-gold-earrings","10":"product_cat-22ct-gold-jewellery","11":"product_cat-hoop-earrings","12":"product_cat-jewellery-under-550","13":"product_cat-simple-hoops","14":"product_cat-womens-jewellery","15":"product_cat-yellow-gold-jewellery","16":"product_tag-earring","18":"first","19":"instock","20":"taxable","21":"shipping-taxable","22":"purchasable","23":"product-type-simple","24":"add-to-wishlist-before_image"},"yoast_head":"<!-- This site is optimized with the Yoast SEO plugin v27.5 - https:\/\/yoast.com\/product\/yoast-seo-wordpress\/ -->\n<title>22kt Gold Bali Earring UK | Earrings | PureJewels<\/title>\n<meta name=\"description\" content=\"Looking for Bali Earrings Design? Shop latest earring collection with best prices at PureJewels Uk. Free delivery across UK. Easy returns.\" \/>\n<meta name=\"robots\" content=\"index, follow, max-snippet:-1, max-image-preview:large, max-video-preview:-1\" \/>\n<link rel=\"canonical\" href=\"https:\/\/www.purejewels.com\/tr\/urun\/22-ayar-altin-bali-kupe-51878\/\" \/>\n<meta property=\"og:locale\" content=\"tr_TR\" \/>\n<meta property=\"og:type\" content=\"article\" \/>\n<meta property=\"og:title\" content=\"22kt Gold Bali Earring UK | Earrings | PureJewels\" \/>\n<meta property=\"og:description\" content=\"Looking for Bali Earrings Design? Shop latest earring collection with best prices at PureJewels Uk. Free delivery across UK. Easy returns.\" \/>\n<meta property=\"og:url\" content=\"https:\/\/www.purejewels.com\/tr\/urun\/22-ayar-altin-bali-kupe-51878\/\" \/>\n<meta property=\"og:site_name\" content=\"PureJewels UK\" \/>\n<meta property=\"article:modified_time\" content=\"2026-04-13T04:44:59+00:00\" \/>\n<meta property=\"og:image\" content=\"https:\/\/static.purejewels.com\/wp-content\/uploads\/2025\/04\/SKU-52228.png\" \/>\n\t<meta property=\"og:image:width\" content=\"1000\" \/>\n\t<meta property=\"og:image:height\" content=\"1000\" \/>\n\t<meta property=\"og:image:type\" content=\"image\/png\" \/>\n<meta name=\"twitter:card\" content=\"summary_large_image\" \/>\n<meta name=\"twitter:label1\" content=\"Tahmini okuma s\u00fcresi\" \/>\n\t<meta name=\"twitter:data1\" content=\"1 dakika\" \/>\n<script type=\"application\/ld+json\" class=\"yoast-schema-graph\">{\"@context\":\"https:\\\/\\\/schema.org\",\"@graph\":[{\"@type\":[\"WebPage\",\"ItemPage\"],\"@id\":\"https:\\\/\\\/www.purejewels.com\\\/product\\\/22kt-gold-bali-earring-51878\\\/\",\"url\":\"https:\\\/\\\/www.purejewels.com\\\/product\\\/22kt-gold-bali-earring-51878\\\/\",\"name\":\"22kt Gold Bali Earring UK | Earrings | PureJewels\",\"isPartOf\":{\"@id\":\"https:\\\/\\\/www.purejewels.com\\\/#website\"},\"primaryImageOfPage\":{\"@id\":\"https:\\\/\\\/www.purejewels.com\\\/product\\\/22kt-gold-bali-earring-51878\\\/#primaryimage\"},\"image\":{\"@id\":\"https:\\\/\\\/www.purejewels.com\\\/product\\\/22kt-gold-bali-earring-51878\\\/#primaryimage\"},\"thumbnailUrl\":\"https:\\\/\\\/static.purejewels.com\\\/wp-content\\\/uploads\\\/2025\\\/04\\\/SKU-52228.png\",\"datePublished\":\"2025-09-30T03:43:35+00:00\",\"dateModified\":\"2026-04-13T04:44:59+00:00\",\"description\":\"Looking for Bali Earrings Design? Shop latest earring collection with best prices at PureJewels Uk. Free delivery across UK. Easy returns.\",\"breadcrumb\":{\"@id\":\"https:\\\/\\\/www.purejewels.com\\\/product\\\/22kt-gold-bali-earring-51878\\\/#breadcrumb\"},\"inLanguage\":\"tr\",\"potentialAction\":[{\"@type\":\"ReadAction\",\"target\":[\"https:\\\/\\\/www.purejewels.com\\\/product\\\/22kt-gold-bali-earring-51878\\\/\"]}]},{\"@type\":\"ImageObject\",\"inLanguage\":\"tr\",\"@id\":\"https:\\\/\\\/www.purejewels.com\\\/product\\\/22kt-gold-bali-earring-51878\\\/#primaryimage\",\"url\":\"https:\\\/\\\/static.purejewels.com\\\/wp-content\\\/uploads\\\/2025\\\/04\\\/SKU-52228.png\",\"contentUrl\":\"https:\\\/\\\/static.purejewels.com\\\/wp-content\\\/uploads\\\/2025\\\/04\\\/SKU-52228.png\",\"width\":1000,\"height\":1000,\"caption\":\"Gold Bali Earring\"},{\"@type\":\"BreadcrumbList\",\"@id\":\"https:\\\/\\\/www.purejewels.com\\\/product\\\/22kt-gold-bali-earring-51878\\\/#breadcrumb\",\"itemListElement\":[{\"@type\":\"ListItem\",\"position\":1,\"name\":\"Home\",\"item\":\"https:\\\/\\\/www.purejewels.com\\\/\"},{\"@type\":\"ListItem\",\"position\":2,\"name\":\"Shop\",\"item\":\"https:\\\/\\\/www.purejewels.com\\\/shop\\\/\"},{\"@type\":\"ListItem\",\"position\":3,\"name\":\"22kt Gold Bali Earring\"}]},{\"@type\":\"WebSite\",\"@id\":\"https:\\\/\\\/www.purejewels.com\\\/#website\",\"url\":\"https:\\\/\\\/www.purejewels.com\\\/\",\"name\":\"PureJewels UK\",\"description\":\"Share the Love\",\"publisher\":{\"@id\":\"https:\\\/\\\/www.purejewels.com\\\/#organization\"},\"potentialAction\":[{\"@type\":\"SearchAction\",\"target\":{\"@type\":\"EntryPoint\",\"urlTemplate\":\"https:\\\/\\\/www.purejewels.com\\\/?s={search_term_string}\"},\"query-input\":{\"@type\":\"PropertyValueSpecification\",\"valueRequired\":true,\"valueName\":\"search_term_string\"}}],\"inLanguage\":\"tr\"},{\"@type\":\"Organization\",\"@id\":\"https:\\\/\\\/www.purejewels.com\\\/#organization\",\"name\":\"PureJewels UK\",\"url\":\"https:\\\/\\\/www.purejewels.com\\\/\",\"logo\":{\"@type\":\"ImageObject\",\"inLanguage\":\"tr\",\"@id\":\"https:\\\/\\\/www.purejewels.com\\\/#\\\/schema\\\/logo\\\/image\\\/\",\"url\":\"https:\\\/\\\/static.purejewels.com\\\/wp-content\\\/uploads\\\/2020\\\/11\\\/Logo-PJ-New-1.png\",\"contentUrl\":\"https:\\\/\\\/static.purejewels.com\\\/wp-content\\\/uploads\\\/2020\\\/11\\\/Logo-PJ-New-1.png\",\"width\":150,\"height\":80,\"caption\":\"PureJewels UK\"},\"image\":{\"@id\":\"https:\\\/\\\/www.purejewels.com\\\/#\\\/schema\\\/logo\\\/image\\\/\"}}]}<\/script>\n<!-- \/ Yoast SEO plugin. -->","yoast_head_json":{"title":"22 Ayar Alt\u0131n Bali K\u00fcpe \u0130ngiltere | K\u00fcpeler | PureJewels","description":"Bali K\u00fcpe Tasar\u0131m\u0131 m\u0131 ar\u0131yorsunuz? PureJewels Uk'de en iyi fiyatlarla en yeni k\u00fcpe koleksiyonunu sat\u0131n al\u0131n. \u0130ngiltere genelinde \u00fccretsiz teslimat. Kolay iade.","robots":{"index":"index","follow":"follow","max-snippet":"max-snippet:-1","max-image-preview":"max-image-preview:large","max-video-preview":"max-video-preview:-1"},"canonical":"https:\/\/www.purejewels.com\/tr\/urun\/22-ayar-altin-bali-kupe-51878\/","og_locale":"tr_TR","og_type":"article","og_title":"22kt Gold Bali Earring UK | Earrings | PureJewels","og_description":"Looking for Bali Earrings Design? Shop latest earring collection with best prices at PureJewels Uk. Free delivery across UK. Easy returns.","og_url":"https:\/\/www.purejewels.com\/tr\/urun\/22-ayar-altin-bali-kupe-51878\/","og_site_name":"PureJewels UK","article_modified_time":"2026-04-13T04:44:59+00:00","og_image":[{"width":1000,"height":1000,"url":"https:\/\/static.purejewels.com\/wp-content\/uploads\/2025\/04\/SKU-52228.png","type":"image\/png"}],"twitter_card":"summary_large_image","twitter_misc":{"Tahmini okuma s\u00fcresi":"1 dakika"},"schema":{"@context":"https:\/\/schema.org","@graph":[{"@type":["WebPage","ItemPage"],"@id":"https:\/\/www.purejewels.com\/product\/22kt-gold-bali-earring-51878\/","url":"https:\/\/www.purejewels.com\/product\/22kt-gold-bali-earring-51878\/","name":"22 Ayar Alt\u0131n Bali K\u00fcpe \u0130ngiltere | K\u00fcpeler | PureJewels","isPartOf":{"@id":"https:\/\/www.purejewels.com\/#website"},"primaryImageOfPage":{"@id":"https:\/\/www.purejewels.com\/product\/22kt-gold-bali-earring-51878\/#primaryimage"},"image":{"@id":"https:\/\/www.purejewels.com\/product\/22kt-gold-bali-earring-51878\/#primaryimage"},"thumbnailUrl":"https:\/\/static.purejewels.com\/wp-content\/uploads\/2025\/04\/SKU-52228.png","datePublished":"2025-09-30T03:43:35+00:00","dateModified":"2026-04-13T04:44:59+00:00","description":"Bali K\u00fcpe Tasar\u0131m\u0131 m\u0131 ar\u0131yorsunuz? PureJewels Uk'de en iyi fiyatlarla en yeni k\u00fcpe koleksiyonunu sat\u0131n al\u0131n. \u0130ngiltere genelinde \u00fccretsiz teslimat. Kolay iade.","breadcrumb":{"@id":"https:\/\/www.purejewels.com\/product\/22kt-gold-bali-earring-51878\/#breadcrumb"},"inLanguage":"tr","potentialAction":[{"@type":"ReadAction","target":["https:\/\/www.purejewels.com\/product\/22kt-gold-bali-earring-51878\/"]}]},{"@type":"ImageObject","inLanguage":"tr","@id":"https:\/\/www.purejewels.com\/product\/22kt-gold-bali-earring-51878\/#primaryimage","url":"https:\/\/static.purejewels.com\/wp-content\/uploads\/2025\/04\/SKU-52228.png","contentUrl":"https:\/\/static.purejewels.com\/wp-content\/uploads\/2025\/04\/SKU-52228.png","width":1000,"height":1000,"caption":"Gold Bali Earring"},{"@type":"BreadcrumbList","@id":"https:\/\/www.purejewels.com\/product\/22kt-gold-bali-earring-51878\/#breadcrumb","itemListElement":[{"@type":"ListItem","position":1,"name":"Home","item":"https:\/\/www.purejewels.com\/"},{"@type":"ListItem","position":2,"name":"Shop","item":"https:\/\/www.purejewels.com\/shop\/"},{"@type":"ListItem","position":3,"name":"22kt Gold Bali Earring"}]},{"@type":"WebSite","@id":"https:\/\/www.purejewels.com\/#website","url":"https:\/\/www.purejewels.com\/","name":"PureJewels \u0130ngiltere","description":"Sevgiyi Payla\u015f\u0131n","publisher":{"@id":"https:\/\/www.purejewels.com\/#organization"},"potentialAction":[{"@type":"SearchAction","target":{"@type":"EntryPoint","urlTemplate":"https:\/\/www.purejewels.com\/?s={search_term_string}"},"query-input":{"@type":"PropertyValueSpecification","valueRequired":true,"valueName":"search_term_string"}}],"inLanguage":"tr"},{"@type":"Organization","@id":"https:\/\/www.purejewels.com\/#organization","name":"PureJewels \u0130ngiltere","url":"https:\/\/www.purejewels.com\/","logo":{"@type":"ImageObject","inLanguage":"tr","@id":"https:\/\/www.purejewels.com\/#\/schema\/logo\/image\/","url":"https:\/\/static.purejewels.com\/wp-content\/uploads\/2020\/11\/Logo-PJ-New-1.png","contentUrl":"https:\/\/static.purejewels.com\/wp-content\/uploads\/2020\/11\/Logo-PJ-New-1.png","width":150,"height":80,"caption":"PureJewels UK"},"image":{"@id":"https:\/\/www.purejewels.com\/#\/schema\/logo\/image\/"}}]}},"_links":{"self":[{"href":"https:\/\/www.purejewels.com\/tr\/wp-json\/wp\/v2\/product\/334425","targetHints":{"allow":["GET"]}}],"collection":[{"href":"https:\/\/www.purejewels.com\/tr\/wp-json\/wp\/v2\/product"}],"about":[{"href":"https:\/\/www.purejewels.com\/tr\/wp-json\/wp\/v2\/types\/product"}],"replies":[{"embeddable":true,"href":"https:\/\/www.purejewels.com\/tr\/wp-json\/wp\/v2\/comments?post=334425"}],"version-history":[{"count":5,"href":"https:\/\/www.purejewels.com\/tr\/wp-json\/wp\/v2\/product\/334425\/revisions"}],"predecessor-version":[{"id":401484,"href":"https:\/\/www.purejewels.com\/tr\/wp-json\/wp\/v2\/product\/334425\/revisions\/401484"}],"wp:featuredmedia":[{"embeddable":true,"href":"https:\/\/www.purejewels.com\/tr\/wp-json\/wp\/v2\/media\/401239"}],"wp:attachment":[{"href":"https:\/\/www.purejewels.com\/tr\/wp-json\/wp\/v2\/media?parent=334425"}],"wp:term":[{"taxonomy":"product_brand","embeddable":true,"href":"https:\/\/www.purejewels.com\/tr\/wp-json\/wp\/v2\/product_brand?post=334425"},{"taxonomy":"product_cat","embeddable":true,"href":"https:\/\/www.purejewels.com\/tr\/wp-json\/wp\/v2\/product_cat?post=334425"},{"taxonomy":"product_tag","embeddable":true,"href":"https:\/\/www.purejewels.com\/tr\/wp-json\/wp\/v2\/product_tag?post=334425"}],"curies":[{"name":"wp","href":"https:\/\/api.w.org\/{rel}","templated":true}]}}