{"id":334431,"date":"2022-02-16T05:30:17","date_gmt":"2022-02-16T05:30:17","guid":{"rendered":"https:\/\/www.purejewels.com\/?post_type=product&#038;p=334431"},"modified":"2025-12-08T08:11:54","modified_gmt":"2025-12-08T08:11:54","slug":"sari-altin-burun-saplamasi-41449","status":"publish","type":"product","link":"https:\/\/www.purejewels.com\/tr\/product\/yellow-gold-nose-stud-41449\/","title":{"rendered":"Sar\u0131 Alt\u0131n Burun \u00c7\u0131t\u00e7\u0131t"},"content":{"rendered":"<p><strong>Tasar\u0131m<\/strong><\/p>\n<p>Bu zarif burun piercingi, ola\u011fan\u00fcst\u00fc parlakl\u0131\u011f\u0131 ve berrakl\u0131\u011f\u0131 nedeniyle se\u00e7ilen 0,08 karatl\u0131k yuvarlak parlak p\u0131rlanta ile s\u00fcslenmi\u015ftir. Minimalist d\u00f6rt \u00e7atal \u00e7er\u00e7eveye yerle\u015ftirilen p\u0131rlanta, 18 ayar sar\u0131 alt\u0131n\u0131n s\u0131cak par\u0131lt\u0131s\u0131 kar\u015f\u0131s\u0131nda \u0131\u015f\u0131ldamaktad\u0131r. Kompakt formu, sade ama \u015f\u00fcphesiz zarif bir \u0131\u015f\u0131lt\u0131 sunar.<\/p>\n<p><strong>Zanaatkarl\u0131k<\/strong><\/p>\n<p>Her bir elmas, g\u00fcvenli yerle\u015ftirme ve maksimum parlakl\u0131k sa\u011flamak i\u00e7in hassas bir \u015fekilde elle yerle\u015ftirilmi\u015ftir. 18 ayar alt\u0131n sap, rahatl\u0131k ve p\u00fcr\u00fczs\u00fcz bir uyum i\u00e7in \u015fekillendirilmi\u015f ve \u00f6zenle i\u015flenmi\u015f bir arka k\u0131s\u0131mla tamamlanm\u0131\u015ft\u0131r. Her bir k\u00fcpe, alt\u0131n safl\u0131\u011f\u0131n\u0131 ve en y\u00fcksek zanaat standartlar\u0131na uygunlu\u011funu onaylayan Birle\u015fik Krall\u0131k'ta damgalanm\u0131\u015ft\u0131r.<\/p>\n<p><strong>\u015eekillendirme &amp; Hediyele\u015fme<\/strong><\/p>\n<p>G\u00fcnl\u00fck kullan\u0131m i\u00e7in tasarlanan bu k\u00fcpe, hem geleneksel hem de \u00e7a\u011fda\u015f g\u00f6r\u00fcn\u00fcmlerle kolayca kombinlenebilir. Saf \u0131\u015f\u0131lt\u0131s\u0131, onu i\u015f, kutlamalar ve \u00f6zel g\u00fcnler i\u00e7in ideal hale getirir. Do\u011fum g\u00fcnleri, \u00f6nemli g\u00fcnler veya kendini ifade etmek i\u00e7in d\u00fc\u015f\u00fcnceli bir hediye olan bu par\u00e7a, her m\u00fccevher koleksiyonuna parlakl\u0131k katar.<\/p>","protected":false},"excerpt":{"rendered":"<p>Parlak bir 18 ayar alt\u0131n burun piercingi, 0,08 karat E\u2013F VVS elmas ile s\u00fcslenmi\u015f, parlak \u0131\u015f\u0131lt\u0131 ve g\u00fcnl\u00fck \u015f\u0131kl\u0131k i\u00e7in tasarlanm\u0131\u015ft\u0131r. \u0130ngiltere'de damgal\u0131d\u0131r.<\/p>\n<ul>\n<li>Sar\u0131 Alt\u0131n P\u0131rlanta Burun Saplamas\u0131 uk<\/li>\n<li>G\u00fcnl\u00fck Kullan\u0131ma Uygun 18ct Burun Tak\u0131lar\u0131<\/li>\n<li>D\u00f6rt Prong ayar\u0131nda Yuvarlak P\u0131rlanta kesim P\u0131rlanta Set ile<\/li>\n<li>P\u0131rlanta a\u011f\u0131rl\u0131\u011f\u0131 0,08 karat<\/li>\n<li>Toplam A\u011f\u0131rl\u0131k 0,16 gms\n<ul>\n<li style=\"list-style-type: none;\">\n<ul>\n<li>Renkler E - F<\/li>\n<li>Berrakl\u0131k. VVS<\/li>\n<\/ul>\n<\/li>\n<\/ul>\n<\/li>\n<li>T\u00fcm Elmaslar\u0131m\u0131z Elmas Sertifikas\u0131 ile birlikte gelir<\/li>\n<li>SKU. 41449<\/li>\n<li>T\u00fcm fiyatlara KDV dahildir<\/li>\n<li>Sunum Kutusu ile Birlikte Gelir<\/li>\n<li>\u0130ngiltere Genelinde \u00dccretsiz Teslimat<\/li>\n<li>\u00dcr\u00fcn videosu i\u00e7in bize ula\u015f\u0131n \/ bizimle canl\u0131 sohbet edin<\/li>\n<\/ul>","protected":false},"featured_media":326683,"comment_status":"closed","ping_status":"closed","template":"","meta":{"_eb_attr":"","_crsspst_to_jayantr4sg-hostcom":false},"product_brand":[],"product_cat":[1530,1711,1463,1574,5349],"product_tag":[],"class_list":{"0":"post-334431","1":"product","2":"type-product","3":"status-publish","4":"has-post-thumbnail","6":"product_cat-diamond-nose-pin","7":"product_cat-gold-nose-studs","8":"product_cat-gold-nose-pins","9":"product_cat-womens-jewellery","10":"product_cat-yellow-gold-jewellery","12":"first","13":"outofstock","14":"taxable","15":"shipping-taxable","16":"product-type-simple","17":"add-to-wishlist-before_image"},"yoast_head":"<!-- This site is optimized with the Yoast SEO plugin v27.5 - https:\/\/yoast.com\/product\/yoast-seo-wordpress\/ -->\n<title>18ct Yellow Gold Diamond Nose Stud | PureJewels UK | Buy Online<\/title>\n<meta name=\"description\" content=\"Shop the 18ct Yellow Gold Diamond Nose Stud crafted with a 0.08ct VVS diamond in E\u2013F colour. Handset for exceptional brilliance and designed for everyday elegance.\" \/>\n<meta name=\"robots\" content=\"index, follow, max-snippet:-1, max-image-preview:large, max-video-preview:-1\" \/>\n<link rel=\"canonical\" href=\"https:\/\/www.purejewels.com\/tr\/urun\/sari-altin-burun-saplamasi-41449\/\" \/>\n<meta property=\"og:locale\" content=\"tr_TR\" \/>\n<meta property=\"og:type\" content=\"article\" \/>\n<meta property=\"og:title\" content=\"18ct Yellow Gold Diamond Nose Stud | PureJewels UK | Buy Online\" \/>\n<meta property=\"og:description\" content=\"Shop the 18ct Yellow Gold Diamond Nose Stud crafted with a 0.08ct VVS diamond in E\u2013F colour. Handset for exceptional brilliance and designed for everyday elegance.\" \/>\n<meta property=\"og:url\" content=\"https:\/\/www.purejewels.com\/tr\/urun\/sari-altin-burun-saplamasi-41449\/\" \/>\n<meta property=\"og:site_name\" content=\"PureJewels UK\" \/>\n<meta property=\"article:modified_time\" content=\"2025-12-08T08:11:54+00:00\" \/>\n<meta property=\"og:image\" content=\"https:\/\/static.purejewels.com\/wp-content\/uploads\/2021\/07\/34160-1.jpg\" \/>\n\t<meta property=\"og:image:width\" content=\"1000\" \/>\n\t<meta property=\"og:image:height\" content=\"1000\" \/>\n\t<meta property=\"og:image:type\" content=\"image\/jpeg\" \/>\n<meta name=\"twitter:card\" content=\"summary_large_image\" \/>\n<meta name=\"twitter:label1\" content=\"Tahmini okuma s\u00fcresi\" \/>\n\t<meta name=\"twitter:data1\" content=\"1 dakika\" \/>\n<script type=\"application\/ld+json\" class=\"yoast-schema-graph\">{\"@context\":\"https:\\\/\\\/schema.org\",\"@graph\":[{\"@type\":[\"WebPage\",\"ItemPage\"],\"@id\":\"https:\\\/\\\/www.purejewels.com\\\/product\\\/yellow-gold-nose-stud-41449\\\/\",\"url\":\"https:\\\/\\\/www.purejewels.com\\\/product\\\/yellow-gold-nose-stud-41449\\\/\",\"name\":\"18ct Yellow Gold Diamond Nose Stud | PureJewels UK | Buy Online\",\"isPartOf\":{\"@id\":\"https:\\\/\\\/www.purejewels.com\\\/#website\"},\"primaryImageOfPage\":{\"@id\":\"https:\\\/\\\/www.purejewels.com\\\/product\\\/yellow-gold-nose-stud-41449\\\/#primaryimage\"},\"image\":{\"@id\":\"https:\\\/\\\/www.purejewels.com\\\/product\\\/yellow-gold-nose-stud-41449\\\/#primaryimage\"},\"thumbnailUrl\":\"https:\\\/\\\/static.purejewels.com\\\/wp-content\\\/uploads\\\/2021\\\/07\\\/34160-1.jpg\",\"datePublished\":\"2022-02-16T05:30:17+00:00\",\"dateModified\":\"2025-12-08T08:11:54+00:00\",\"description\":\"Shop the 18ct Yellow Gold Diamond Nose Stud crafted with a 0.08ct VVS diamond in E\u2013F colour. Handset for exceptional brilliance and designed for everyday elegance.\",\"breadcrumb\":{\"@id\":\"https:\\\/\\\/www.purejewels.com\\\/product\\\/yellow-gold-nose-stud-41449\\\/#breadcrumb\"},\"inLanguage\":\"tr\",\"potentialAction\":[{\"@type\":\"ReadAction\",\"target\":[\"https:\\\/\\\/www.purejewels.com\\\/product\\\/yellow-gold-nose-stud-41449\\\/\"]}]},{\"@type\":\"ImageObject\",\"inLanguage\":\"tr\",\"@id\":\"https:\\\/\\\/www.purejewels.com\\\/product\\\/yellow-gold-nose-stud-41449\\\/#primaryimage\",\"url\":\"https:\\\/\\\/static.purejewels.com\\\/wp-content\\\/uploads\\\/2021\\\/07\\\/34160-1.jpg\",\"contentUrl\":\"https:\\\/\\\/static.purejewels.com\\\/wp-content\\\/uploads\\\/2021\\\/07\\\/34160-1.jpg\",\"width\":1000,\"height\":1000,\"caption\":\"Yellow Gold Diamond Nose Stud uk 34160-1\"},{\"@type\":\"BreadcrumbList\",\"@id\":\"https:\\\/\\\/www.purejewels.com\\\/product\\\/yellow-gold-nose-stud-41449\\\/#breadcrumb\",\"itemListElement\":[{\"@type\":\"ListItem\",\"position\":1,\"name\":\"Home\",\"item\":\"https:\\\/\\\/www.purejewels.com\\\/\"},{\"@type\":\"ListItem\",\"position\":2,\"name\":\"Shop\",\"item\":\"https:\\\/\\\/www.purejewels.com\\\/shop\\\/\"},{\"@type\":\"ListItem\",\"position\":3,\"name\":\"Yellow Gold Nose Stud\"}]},{\"@type\":\"WebSite\",\"@id\":\"https:\\\/\\\/www.purejewels.com\\\/#website\",\"url\":\"https:\\\/\\\/www.purejewels.com\\\/\",\"name\":\"PureJewels UK\",\"description\":\"Share the Love\",\"publisher\":{\"@id\":\"https:\\\/\\\/www.purejewels.com\\\/#organization\"},\"potentialAction\":[{\"@type\":\"SearchAction\",\"target\":{\"@type\":\"EntryPoint\",\"urlTemplate\":\"https:\\\/\\\/www.purejewels.com\\\/?s={search_term_string}\"},\"query-input\":{\"@type\":\"PropertyValueSpecification\",\"valueRequired\":true,\"valueName\":\"search_term_string\"}}],\"inLanguage\":\"tr\"},{\"@type\":\"Organization\",\"@id\":\"https:\\\/\\\/www.purejewels.com\\\/#organization\",\"name\":\"PureJewels UK\",\"url\":\"https:\\\/\\\/www.purejewels.com\\\/\",\"logo\":{\"@type\":\"ImageObject\",\"inLanguage\":\"tr\",\"@id\":\"https:\\\/\\\/www.purejewels.com\\\/#\\\/schema\\\/logo\\\/image\\\/\",\"url\":\"https:\\\/\\\/static.purejewels.com\\\/wp-content\\\/uploads\\\/2020\\\/11\\\/Logo-PJ-New-1.png\",\"contentUrl\":\"https:\\\/\\\/static.purejewels.com\\\/wp-content\\\/uploads\\\/2020\\\/11\\\/Logo-PJ-New-1.png\",\"width\":150,\"height\":80,\"caption\":\"PureJewels UK\"},\"image\":{\"@id\":\"https:\\\/\\\/www.purejewels.com\\\/#\\\/schema\\\/logo\\\/image\\\/\"}}]}<\/script>\n<!-- \/ Yoast SEO plugin. -->","yoast_head_json":{"title":"18 ayar sar\u0131 alt\u0131n p\u0131rlanta burun piercingi | PureJewels UK | Online sat\u0131n al","description":"E\u2013F renginde 0,08 karat VVS elmas ile i\u015flenmi\u015f 18 ayar sar\u0131 alt\u0131n elmas burun piercingini sat\u0131n al\u0131n. Ola\u011fan\u00fcst\u00fc parlakl\u0131k i\u00e7in elle yerle\u015ftirilmi\u015f ve g\u00fcnl\u00fck \u015f\u0131kl\u0131k i\u00e7in tasarlanm\u0131\u015ft\u0131r.","robots":{"index":"index","follow":"follow","max-snippet":"max-snippet:-1","max-image-preview":"max-image-preview:large","max-video-preview":"max-video-preview:-1"},"canonical":"https:\/\/www.purejewels.com\/tr\/urun\/sari-altin-burun-saplamasi-41449\/","og_locale":"tr_TR","og_type":"article","og_title":"18ct Yellow Gold Diamond Nose Stud | PureJewels UK | Buy Online","og_description":"Shop the 18ct Yellow Gold Diamond Nose Stud crafted with a 0.08ct VVS diamond in E\u2013F colour. Handset for exceptional brilliance and designed for everyday elegance.","og_url":"https:\/\/www.purejewels.com\/tr\/urun\/sari-altin-burun-saplamasi-41449\/","og_site_name":"PureJewels UK","article_modified_time":"2025-12-08T08:11:54+00:00","og_image":[{"width":1000,"height":1000,"url":"https:\/\/static.purejewels.com\/wp-content\/uploads\/2021\/07\/34160-1.jpg","type":"image\/jpeg"}],"twitter_card":"summary_large_image","twitter_misc":{"Tahmini okuma s\u00fcresi":"1 dakika"},"schema":{"@context":"https:\/\/schema.org","@graph":[{"@type":["WebPage","ItemPage"],"@id":"https:\/\/www.purejewels.com\/product\/yellow-gold-nose-stud-41449\/","url":"https:\/\/www.purejewels.com\/product\/yellow-gold-nose-stud-41449\/","name":"18 ayar sar\u0131 alt\u0131n p\u0131rlanta burun piercingi | PureJewels UK | Online sat\u0131n al","isPartOf":{"@id":"https:\/\/www.purejewels.com\/#website"},"primaryImageOfPage":{"@id":"https:\/\/www.purejewels.com\/product\/yellow-gold-nose-stud-41449\/#primaryimage"},"image":{"@id":"https:\/\/www.purejewels.com\/product\/yellow-gold-nose-stud-41449\/#primaryimage"},"thumbnailUrl":"https:\/\/static.purejewels.com\/wp-content\/uploads\/2021\/07\/34160-1.jpg","datePublished":"2022-02-16T05:30:17+00:00","dateModified":"2025-12-08T08:11:54+00:00","description":"E\u2013F renginde 0,08 karat VVS elmas ile i\u015flenmi\u015f 18 ayar sar\u0131 alt\u0131n elmas burun piercingini sat\u0131n al\u0131n. Ola\u011fan\u00fcst\u00fc parlakl\u0131k i\u00e7in elle yerle\u015ftirilmi\u015f ve g\u00fcnl\u00fck \u015f\u0131kl\u0131k i\u00e7in tasarlanm\u0131\u015ft\u0131r.","breadcrumb":{"@id":"https:\/\/www.purejewels.com\/product\/yellow-gold-nose-stud-41449\/#breadcrumb"},"inLanguage":"tr","potentialAction":[{"@type":"ReadAction","target":["https:\/\/www.purejewels.com\/product\/yellow-gold-nose-stud-41449\/"]}]},{"@type":"ImageObject","inLanguage":"tr","@id":"https:\/\/www.purejewels.com\/product\/yellow-gold-nose-stud-41449\/#primaryimage","url":"https:\/\/static.purejewels.com\/wp-content\/uploads\/2021\/07\/34160-1.jpg","contentUrl":"https:\/\/static.purejewels.com\/wp-content\/uploads\/2021\/07\/34160-1.jpg","width":1000,"height":1000,"caption":"Yellow Gold Diamond Nose Stud uk 34160-1"},{"@type":"BreadcrumbList","@id":"https:\/\/www.purejewels.com\/product\/yellow-gold-nose-stud-41449\/#breadcrumb","itemListElement":[{"@type":"ListItem","position":1,"name":"Home","item":"https:\/\/www.purejewels.com\/"},{"@type":"ListItem","position":2,"name":"Shop","item":"https:\/\/www.purejewels.com\/shop\/"},{"@type":"ListItem","position":3,"name":"Yellow Gold Nose Stud"}]},{"@type":"WebSite","@id":"https:\/\/www.purejewels.com\/#website","url":"https:\/\/www.purejewels.com\/","name":"PureJewels \u0130ngiltere","description":"Sevgiyi Payla\u015f\u0131n","publisher":{"@id":"https:\/\/www.purejewels.com\/#organization"},"potentialAction":[{"@type":"SearchAction","target":{"@type":"EntryPoint","urlTemplate":"https:\/\/www.purejewels.com\/?s={search_term_string}"},"query-input":{"@type":"PropertyValueSpecification","valueRequired":true,"valueName":"search_term_string"}}],"inLanguage":"tr"},{"@type":"Organization","@id":"https:\/\/www.purejewels.com\/#organization","name":"PureJewels \u0130ngiltere","url":"https:\/\/www.purejewels.com\/","logo":{"@type":"ImageObject","inLanguage":"tr","@id":"https:\/\/www.purejewels.com\/#\/schema\/logo\/image\/","url":"https:\/\/static.purejewels.com\/wp-content\/uploads\/2020\/11\/Logo-PJ-New-1.png","contentUrl":"https:\/\/static.purejewels.com\/wp-content\/uploads\/2020\/11\/Logo-PJ-New-1.png","width":150,"height":80,"caption":"PureJewels UK"},"image":{"@id":"https:\/\/www.purejewels.com\/#\/schema\/logo\/image\/"}}]}},"_links":{"self":[{"href":"https:\/\/www.purejewels.com\/tr\/wp-json\/wp\/v2\/product\/334431","targetHints":{"allow":["GET"]}}],"collection":[{"href":"https:\/\/www.purejewels.com\/tr\/wp-json\/wp\/v2\/product"}],"about":[{"href":"https:\/\/www.purejewels.com\/tr\/wp-json\/wp\/v2\/types\/product"}],"replies":[{"embeddable":true,"href":"https:\/\/www.purejewels.com\/tr\/wp-json\/wp\/v2\/comments?post=334431"}],"version-history":[{"count":2,"href":"https:\/\/www.purejewels.com\/tr\/wp-json\/wp\/v2\/product\/334431\/revisions"}],"predecessor-version":[{"id":422609,"href":"https:\/\/www.purejewels.com\/tr\/wp-json\/wp\/v2\/product\/334431\/revisions\/422609"}],"wp:featuredmedia":[{"embeddable":true,"href":"https:\/\/www.purejewels.com\/tr\/wp-json\/wp\/v2\/media\/326683"}],"wp:attachment":[{"href":"https:\/\/www.purejewels.com\/tr\/wp-json\/wp\/v2\/media?parent=334431"}],"wp:term":[{"taxonomy":"product_brand","embeddable":true,"href":"https:\/\/www.purejewels.com\/tr\/wp-json\/wp\/v2\/product_brand?post=334431"},{"taxonomy":"product_cat","embeddable":true,"href":"https:\/\/www.purejewels.com\/tr\/wp-json\/wp\/v2\/product_cat?post=334431"},{"taxonomy":"product_tag","embeddable":true,"href":"https:\/\/www.purejewels.com\/tr\/wp-json\/wp\/v2\/product_tag?post=334431"}],"curies":[{"name":"wp","href":"https:\/\/api.w.org\/{rel}","templated":true}]}}