{"id":334488,"date":"2023-12-03T05:27:25","date_gmt":"2023-12-03T05:27:25","guid":{"rendered":"https:\/\/www.purejewels.com\/?post_type=product&#038;p=334488"},"modified":"2026-03-12T07:40:34","modified_gmt":"2026-03-12T07:40:34","slug":"22-ayar-altin-halka-kupe-52140","status":"publish","type":"product","link":"https:\/\/www.purejewels.com\/tr\/product\/22kt-gold-hoop-earring-52140\/","title":{"rendered":"Kad\u0131nlar i\u00e7in Alt\u0131n Halka K\u00fcpeler"},"content":{"rendered":"<p>\u00c7emberler <a href=\"https:\/\/www.purejewels.com\/tr\/product-category\/22ct-gold-jewellery\/gold-earrings\/\">K\u00fcpeler<\/a> modan\u0131n farkl\u0131 d\u00f6nemlerinde farkl\u0131 boyutlarda evrim ge\u00e7irmi\u015ftir. Ancak altta yatan mesaj de\u011fi\u015fmez - m\u00fccevher kutunuza klasik bir ektir.<\/p>\n<p>22 ayar alt\u0131n\u0131m\u0131z <a href=\"https:\/\/www.purejewels.com\/tr\/product\/22kt-gold-daily-wear-hoop-earring-41670\/\">halka k\u00fcpeler<\/a> klasik bir m\u00fccevher par\u00e7as\u0131n\u0131n benzer esteti\u011fini getiriyor. Bu <a href=\"https:\/\/www.purejewels.com\/tr\/product\/22ct-gold-jali-filigree-ring-jali-collection-31926\/\">22ct<\/a> Hint Alt\u0131n Halka K\u00fcpeler, kullan\u0131c\u0131n\u0131n rahatl\u0131\u011f\u0131 g\u00f6z \u00f6n\u00fcnde bulundurularak ustal\u0131kla yap\u0131lm\u0131\u015ft\u0131r.<\/p>\n<p>Koleksiyonumuz <a href=\"https:\/\/www.purejewels.com\/tr\/product-category\/22ct-gold-jewellery\/gold-earrings\/hoop-earrings\/\">22 ayar alt\u0131n halka k\u00fcpeler<\/a> ayr\u0131ca \u00e7e\u015fitli boyutlarda gelir. Baz\u0131 22 ayar Hint alt\u0131n halka k\u00fcpeler de \u0131\u015f\u0131lt\u0131l\u0131 de\u011ferli ta\u015flarla kaplanm\u0131\u015ft\u0131r <a href=\"https:\/\/www.purejewels.com\/tr\/all-about-birthstones\/\">de\u011ferli ta\u015flar<\/a>.<\/p>","protected":false},"excerpt":{"rendered":"<p>Zamans\u0131z ve zarif bu 22 ayar alt\u0131n bali k\u00fcpeler, her d\u00f6n\u00fc\u015fte \u0131\u015f\u0131\u011f\u0131 yakalayan dokulu bir y\u00fczeye sahiptir. Hem g\u00fcnl\u00fck kullan\u0131m hem de kutlama anlar\u0131 i\u00e7in ideal olan \u00e7ok y\u00f6nl\u00fc bir tasar\u0131m.<\/p>\n<p><strong>Malzeme:<\/strong> 22 Ayar Alt\u0131n (92,6% Saf Alt\u0131n)<strong><br \/>\nHallmark:\u00a0<\/strong>\u0130ngiliz Damgas\u0131<strong><br \/>\n<\/strong><strong>A\u011f\u0131rl\u0131k: <\/strong>2,66 gram<br \/>\n<strong>\u0130\u00e7 \u00e7ap:<\/strong> 18mm<br \/>\n<strong>SKU:<\/strong> 53807, 53808, 53809, 53810, 53811, 53812, 53813, 53814, 54697<\/p>\n<p><strong>Fiyat ve Teslimat<\/strong>: KDV ve teslimat \u00fccreti dahil<br \/>\n<strong>Not<\/strong>: Model Resim \u015funun i\u00e7indir\u00a0<strong>approaximate<\/strong>\u00a0<strong>Boyut<\/strong>\u00a0sadece referans<\/p>\n<p><a href=\"https:\/\/www.purejewels.com\/tr\/i%cc%87ade-poli%cc%87ti%cc%87kasi\/\">\u0130ade Politikas\u0131<\/a><\/p>","protected":false},"featured_media":402078,"comment_status":"closed","ping_status":"closed","template":"","meta":{"_eb_attr":"","_crsspst_to_jayantr4sg-hostcom":true},"product_brand":[],"product_cat":[1559,1794,1793,1254,1229,1579,5344,1570,5608,1573,1574,5349],"product_tag":[66],"class_list":{"0":"post-334488","1":"product","2":"type-product","3":"status-publish","4":"has-post-thumbnail","6":"product_cat-birthday-gifts","7":"product_cat-christmas-gifts","8":"product_cat-diwali-gifts","9":"product_cat-gold-earrings","10":"product_cat-22ct-gold-jewellery","11":"product_cat-hoop-earrings","12":"product_cat-jewellery-under-750","13":"product_cat-mothers-day-gifts","14":"product_cat-simple-hoops","15":"product_cat-wedding-gifts","16":"product_cat-womens-jewellery","17":"product_cat-yellow-gold-jewellery","18":"product_tag-earrings","20":"first","21":"instock","22":"taxable","23":"shipping-taxable","24":"purchasable","25":"product-type-simple","26":"add-to-wishlist-before_image"},"yoast_head":"<!-- This site is optimized with the Yoast SEO plugin v27.3 - https:\/\/yoast.com\/product\/yoast-seo-wordpress\/ -->\n<title>Pure Gold Hoop Earrings for Women | PureJewels<\/title>\n<meta name=\"description\" content=\"View our collection of Earrings. Choose from our range of classic Hoop Earrings to suit all dresses, from PureJewels, London UK. Free delivery.\" \/>\n<meta name=\"robots\" content=\"index, follow, max-snippet:-1, max-image-preview:large, max-video-preview:-1\" \/>\n<link rel=\"canonical\" href=\"https:\/\/www.purejewels.com\/tr\/urun\/22-ayar-altin-halka-kupe-52140\/\" \/>\n<meta property=\"og:locale\" content=\"tr_TR\" \/>\n<meta property=\"og:type\" content=\"article\" \/>\n<meta property=\"og:title\" content=\"Pure Gold Hoop Earrings for Women | PureJewels\" \/>\n<meta property=\"og:description\" content=\"View our collection of Earrings. Choose from our range of classic Hoop Earrings to suit all dresses, from PureJewels, London UK. Free delivery.\" \/>\n<meta property=\"og:url\" content=\"https:\/\/www.purejewels.com\/tr\/urun\/22-ayar-altin-halka-kupe-52140\/\" \/>\n<meta property=\"og:site_name\" content=\"PureJewels UK\" \/>\n<meta property=\"article:modified_time\" content=\"2026-03-12T07:40:34+00:00\" \/>\n<meta property=\"og:image\" content=\"https:\/\/static.purejewels.com\/wp-content\/uploads\/2023\/12\/SKU-52137.png\" \/>\n\t<meta property=\"og:image:width\" content=\"1000\" \/>\n\t<meta property=\"og:image:height\" content=\"1000\" \/>\n\t<meta property=\"og:image:type\" content=\"image\/png\" \/>\n<meta name=\"twitter:card\" content=\"summary_large_image\" \/>\n<meta name=\"twitter:label1\" content=\"Tahmini okuma s\u00fcresi\" \/>\n\t<meta name=\"twitter:data1\" content=\"1 dakika\" \/>\n<script type=\"application\/ld+json\" class=\"yoast-schema-graph\">{\"@context\":\"https:\\\/\\\/schema.org\",\"@graph\":[{\"@type\":[\"WebPage\",\"ItemPage\"],\"@id\":\"https:\\\/\\\/www.purejewels.com\\\/product\\\/22kt-gold-hoop-earring-52140\\\/\",\"url\":\"https:\\\/\\\/www.purejewels.com\\\/product\\\/22kt-gold-hoop-earring-52140\\\/\",\"name\":\"Pure Gold Hoop Earrings for Women | PureJewels\",\"isPartOf\":{\"@id\":\"https:\\\/\\\/www.purejewels.com\\\/#website\"},\"primaryImageOfPage\":{\"@id\":\"https:\\\/\\\/www.purejewels.com\\\/product\\\/22kt-gold-hoop-earring-52140\\\/#primaryimage\"},\"image\":{\"@id\":\"https:\\\/\\\/www.purejewels.com\\\/product\\\/22kt-gold-hoop-earring-52140\\\/#primaryimage\"},\"thumbnailUrl\":\"https:\\\/\\\/static.purejewels.com\\\/wp-content\\\/uploads\\\/2023\\\/12\\\/SKU-52137.png\",\"datePublished\":\"2023-12-03T05:27:25+00:00\",\"dateModified\":\"2026-03-12T07:40:34+00:00\",\"description\":\"View our collection of Earrings. Choose from our range of classic Hoop Earrings to suit all dresses, from PureJewels, London UK. Free delivery.\",\"breadcrumb\":{\"@id\":\"https:\\\/\\\/www.purejewels.com\\\/product\\\/22kt-gold-hoop-earring-52140\\\/#breadcrumb\"},\"inLanguage\":\"tr\",\"potentialAction\":[{\"@type\":\"ReadAction\",\"target\":[\"https:\\\/\\\/www.purejewels.com\\\/product\\\/22kt-gold-hoop-earring-52140\\\/\"]}]},{\"@type\":\"ImageObject\",\"inLanguage\":\"tr\",\"@id\":\"https:\\\/\\\/www.purejewels.com\\\/product\\\/22kt-gold-hoop-earring-52140\\\/#primaryimage\",\"url\":\"https:\\\/\\\/static.purejewels.com\\\/wp-content\\\/uploads\\\/2023\\\/12\\\/SKU-52137.png\",\"contentUrl\":\"https:\\\/\\\/static.purejewels.com\\\/wp-content\\\/uploads\\\/2023\\\/12\\\/SKU-52137.png\",\"width\":1000,\"height\":1000,\"caption\":\"Gold Hoop Earrings for Women\"},{\"@type\":\"BreadcrumbList\",\"@id\":\"https:\\\/\\\/www.purejewels.com\\\/product\\\/22kt-gold-hoop-earring-52140\\\/#breadcrumb\",\"itemListElement\":[{\"@type\":\"ListItem\",\"position\":1,\"name\":\"Home\",\"item\":\"https:\\\/\\\/www.purejewels.com\\\/\"},{\"@type\":\"ListItem\",\"position\":2,\"name\":\"Shop\",\"item\":\"https:\\\/\\\/www.purejewels.com\\\/shop\\\/\"},{\"@type\":\"ListItem\",\"position\":3,\"name\":\"Gold Hoop Earrings for Women\"}]},{\"@type\":\"WebSite\",\"@id\":\"https:\\\/\\\/www.purejewels.com\\\/#website\",\"url\":\"https:\\\/\\\/www.purejewels.com\\\/\",\"name\":\"PureJewels UK\",\"description\":\"Share the Love\",\"publisher\":{\"@id\":\"https:\\\/\\\/www.purejewels.com\\\/#organization\"},\"potentialAction\":[{\"@type\":\"SearchAction\",\"target\":{\"@type\":\"EntryPoint\",\"urlTemplate\":\"https:\\\/\\\/www.purejewels.com\\\/?s={search_term_string}\"},\"query-input\":{\"@type\":\"PropertyValueSpecification\",\"valueRequired\":true,\"valueName\":\"search_term_string\"}}],\"inLanguage\":\"tr\"},{\"@type\":\"Organization\",\"@id\":\"https:\\\/\\\/www.purejewels.com\\\/#organization\",\"name\":\"PureJewels UK\",\"url\":\"https:\\\/\\\/www.purejewels.com\\\/\",\"logo\":{\"@type\":\"ImageObject\",\"inLanguage\":\"tr\",\"@id\":\"https:\\\/\\\/www.purejewels.com\\\/#\\\/schema\\\/logo\\\/image\\\/\",\"url\":\"https:\\\/\\\/static.purejewels.com\\\/wp-content\\\/uploads\\\/2020\\\/11\\\/Logo-PJ-New-1.png\",\"contentUrl\":\"https:\\\/\\\/static.purejewels.com\\\/wp-content\\\/uploads\\\/2020\\\/11\\\/Logo-PJ-New-1.png\",\"width\":150,\"height\":80,\"caption\":\"PureJewels UK\"},\"image\":{\"@id\":\"https:\\\/\\\/www.purejewels.com\\\/#\\\/schema\\\/logo\\\/image\\\/\"}}]}<\/script>\n<!-- \/ Yoast SEO plugin. -->","yoast_head_json":{"title":"Kad\u0131nlar i\u00e7in Saf Alt\u0131n Halka K\u00fcpe | PureJewels","description":"K\u00fcpe koleksiyonumuzu inceleyin. PureJewels, London UK'den t\u00fcm elbiselere uyacak klasik Halka K\u00fcpe \u00e7e\u015fitlerimizden birini se\u00e7in. \u00dccretsiz teslimat.","robots":{"index":"index","follow":"follow","max-snippet":"max-snippet:-1","max-image-preview":"max-image-preview:large","max-video-preview":"max-video-preview:-1"},"canonical":"https:\/\/www.purejewels.com\/tr\/urun\/22-ayar-altin-halka-kupe-52140\/","og_locale":"tr_TR","og_type":"article","og_title":"Pure Gold Hoop Earrings for Women | PureJewels","og_description":"View our collection of Earrings. Choose from our range of classic Hoop Earrings to suit all dresses, from PureJewels, London UK. Free delivery.","og_url":"https:\/\/www.purejewels.com\/tr\/urun\/22-ayar-altin-halka-kupe-52140\/","og_site_name":"PureJewels UK","article_modified_time":"2026-03-12T07:40:34+00:00","og_image":[{"width":1000,"height":1000,"url":"https:\/\/static.purejewels.com\/wp-content\/uploads\/2023\/12\/SKU-52137.png","type":"image\/png"}],"twitter_card":"summary_large_image","twitter_misc":{"Tahmini okuma s\u00fcresi":"1 dakika"},"schema":{"@context":"https:\/\/schema.org","@graph":[{"@type":["WebPage","ItemPage"],"@id":"https:\/\/www.purejewels.com\/product\/22kt-gold-hoop-earring-52140\/","url":"https:\/\/www.purejewels.com\/product\/22kt-gold-hoop-earring-52140\/","name":"Kad\u0131nlar i\u00e7in Saf Alt\u0131n Halka K\u00fcpe | PureJewels","isPartOf":{"@id":"https:\/\/www.purejewels.com\/#website"},"primaryImageOfPage":{"@id":"https:\/\/www.purejewels.com\/product\/22kt-gold-hoop-earring-52140\/#primaryimage"},"image":{"@id":"https:\/\/www.purejewels.com\/product\/22kt-gold-hoop-earring-52140\/#primaryimage"},"thumbnailUrl":"https:\/\/static.purejewels.com\/wp-content\/uploads\/2023\/12\/SKU-52137.png","datePublished":"2023-12-03T05:27:25+00:00","dateModified":"2026-03-12T07:40:34+00:00","description":"K\u00fcpe koleksiyonumuzu inceleyin. PureJewels, London UK'den t\u00fcm elbiselere uyacak klasik Halka K\u00fcpe \u00e7e\u015fitlerimizden birini se\u00e7in. \u00dccretsiz teslimat.","breadcrumb":{"@id":"https:\/\/www.purejewels.com\/product\/22kt-gold-hoop-earring-52140\/#breadcrumb"},"inLanguage":"tr","potentialAction":[{"@type":"ReadAction","target":["https:\/\/www.purejewels.com\/product\/22kt-gold-hoop-earring-52140\/"]}]},{"@type":"ImageObject","inLanguage":"tr","@id":"https:\/\/www.purejewels.com\/product\/22kt-gold-hoop-earring-52140\/#primaryimage","url":"https:\/\/static.purejewels.com\/wp-content\/uploads\/2023\/12\/SKU-52137.png","contentUrl":"https:\/\/static.purejewels.com\/wp-content\/uploads\/2023\/12\/SKU-52137.png","width":1000,"height":1000,"caption":"Gold Hoop Earrings for Women"},{"@type":"BreadcrumbList","@id":"https:\/\/www.purejewels.com\/product\/22kt-gold-hoop-earring-52140\/#breadcrumb","itemListElement":[{"@type":"ListItem","position":1,"name":"Home","item":"https:\/\/www.purejewels.com\/"},{"@type":"ListItem","position":2,"name":"Shop","item":"https:\/\/www.purejewels.com\/shop\/"},{"@type":"ListItem","position":3,"name":"Gold Hoop Earrings for Women"}]},{"@type":"WebSite","@id":"https:\/\/www.purejewels.com\/#website","url":"https:\/\/www.purejewels.com\/","name":"PureJewels \u0130ngiltere","description":"Sevgiyi Payla\u015f\u0131n","publisher":{"@id":"https:\/\/www.purejewels.com\/#organization"},"potentialAction":[{"@type":"SearchAction","target":{"@type":"EntryPoint","urlTemplate":"https:\/\/www.purejewels.com\/?s={search_term_string}"},"query-input":{"@type":"PropertyValueSpecification","valueRequired":true,"valueName":"search_term_string"}}],"inLanguage":"tr"},{"@type":"Organization","@id":"https:\/\/www.purejewels.com\/#organization","name":"PureJewels \u0130ngiltere","url":"https:\/\/www.purejewels.com\/","logo":{"@type":"ImageObject","inLanguage":"tr","@id":"https:\/\/www.purejewels.com\/#\/schema\/logo\/image\/","url":"https:\/\/static.purejewels.com\/wp-content\/uploads\/2020\/11\/Logo-PJ-New-1.png","contentUrl":"https:\/\/static.purejewels.com\/wp-content\/uploads\/2020\/11\/Logo-PJ-New-1.png","width":150,"height":80,"caption":"PureJewels UK"},"image":{"@id":"https:\/\/www.purejewels.com\/#\/schema\/logo\/image\/"}}]}},"_links":{"self":[{"href":"https:\/\/www.purejewels.com\/tr\/wp-json\/wp\/v2\/product\/334488","targetHints":{"allow":["GET"]}}],"collection":[{"href":"https:\/\/www.purejewels.com\/tr\/wp-json\/wp\/v2\/product"}],"about":[{"href":"https:\/\/www.purejewels.com\/tr\/wp-json\/wp\/v2\/types\/product"}],"replies":[{"embeddable":true,"href":"https:\/\/www.purejewels.com\/tr\/wp-json\/wp\/v2\/comments?post=334488"}],"version-history":[{"count":4,"href":"https:\/\/www.purejewels.com\/tr\/wp-json\/wp\/v2\/product\/334488\/revisions"}],"predecessor-version":[{"id":426975,"href":"https:\/\/www.purejewels.com\/tr\/wp-json\/wp\/v2\/product\/334488\/revisions\/426975"}],"wp:featuredmedia":[{"embeddable":true,"href":"https:\/\/www.purejewels.com\/tr\/wp-json\/wp\/v2\/media\/402078"}],"wp:attachment":[{"href":"https:\/\/www.purejewels.com\/tr\/wp-json\/wp\/v2\/media?parent=334488"}],"wp:term":[{"taxonomy":"product_brand","embeddable":true,"href":"https:\/\/www.purejewels.com\/tr\/wp-json\/wp\/v2\/product_brand?post=334488"},{"taxonomy":"product_cat","embeddable":true,"href":"https:\/\/www.purejewels.com\/tr\/wp-json\/wp\/v2\/product_cat?post=334488"},{"taxonomy":"product_tag","embeddable":true,"href":"https:\/\/www.purejewels.com\/tr\/wp-json\/wp\/v2\/product_tag?post=334488"}],"curies":[{"name":"wp","href":"https:\/\/api.w.org\/{rel}","templated":true}]}}