{"id":334567,"date":"2022-02-18T07:27:33","date_gmt":"2022-02-18T07:27:33","guid":{"rendered":"https:\/\/www.purejewels.com\/?post_type=product&#038;p=334567"},"modified":"2026-01-10T16:14:50","modified_gmt":"2026-01-10T16:14:50","slug":"ayarlanabilir-altin-bebek-bilekligi-41528","status":"publish","type":"product","link":"https:\/\/www.purejewels.com\/tr\/product\/adjustable-gold-baby-bangle-41528\/","title":{"rendered":"Ayarlanabilir Alt\u0131n Bebek Bilekli\u011fi"},"content":{"rendered":"<p>M\u00fckemmel ayarlanabilir alt\u0131n bebek bilekli\u011fini mi ar\u0131yorsunuz? Ba\u015fka yere bakman\u0131za gerek yok! 22 ayar sar\u0131 alt\u0131n bilekli\u011fimiz sadece ayarlanabilir de\u011fil, ayn\u0131 zamanda sadece 7 gram a\u011f\u0131rl\u0131\u011f\u0131yla hafiftir. Bu g\u00fczel par\u00e7a Londra Tahlil Ofisi taraf\u0131ndan damgalanarak kalitesi ve orijinalli\u011fi garanti alt\u0131na al\u0131nm\u0131\u015ft\u0131r.<\/p>\n<p>\u0130ster k\u00fc\u00e7\u00fck \u00e7ocu\u011funuz i\u00e7in \u00f6zel bir hediye ar\u0131yor ister kendi koleksiyonunuza \u015f\u0131kl\u0131k katmak istiyor olun, bu ayarlanabilir alt\u0131n bebek bilekli\u011fi m\u00fckemmel bir se\u00e7imdir. Bir sunum kutusuyla birlikte gelir ve size kolayl\u0131k sa\u011flamak i\u00e7in \u00fccretsiz teslimat i\u00e7erir.<\/p>\n<p>Bebek alt\u0131n bileklik koleksiyonumuza g\u00f6z at\u0131n ve daha \u00e7arp\u0131c\u0131 tasar\u0131mlar\u0131 ke\u015ffedin. Herhangi bir sorunuz varsa veya benzer tasar\u0131mlar\u0131n daha fazla g\u00f6rselini g\u00f6rmek istiyorsan\u0131z, canl\u0131 sohbet deste\u011fimiz size yard\u0131mc\u0131 olmak i\u00e7in burada.<\/p>\n<p>Bu zarif m\u00fccevher par\u00e7as\u0131n\u0131 ka\u00e7\u0131rmay\u0131n. G\u00fcvenle al\u0131\u015fveri\u015f yap\u0131n ve stilinize l\u00fcks bir dokunu\u015f kat\u0131n.<\/p>","protected":false},"excerpt":{"rendered":"<ul>\n<li>Ayarlanabilir Alt\u0131n Bebek Bilekli\u011fi<\/li>\n<li>22 ayar sar\u0131 alt\u0131n<\/li>\n<li>A\u011f\u0131rl\u0131k 7 gms<\/li>\n<li>SKU. 41528<\/li>\n<li>Bileklik Boyutu. Ayarlanabilir<\/li>\n<li>T\u00fcm fiyatlara KDV dahildir<\/li>\n<li>Burada belirtilen fiyat Tek Bileklik i\u00e7indir<\/li>\n<li>Londra Tahlil Ofisi Taraf\u0131ndan Damgalanm\u0131\u015f 22 Ayar Alt\u0131n<\/li>\n<li>Sunum Kutusu ile Birlikte Gelir<\/li>\n<li>Teslimat Dahil<\/li>\n<li>Koleksiyonumuzu g\u00f6r\u00fcnt\u00fcleyin\u00a0<strong>bebek alt\u0131n bilezikler<\/strong><\/li>\n<li>Stok durumu ve stokta bulunan benzer tasar\u0131mlar\u0131n daha fazla g\u00f6r\u00fcnt\u00fcs\u00fc i\u00e7in bizimle canl\u0131 sohbet edin<\/li>\n<\/ul>","protected":false},"featured_media":334568,"comment_status":"closed","ping_status":"closed","template":"","meta":{"_eb_attr":"","_crsspst_to_jayantr4sg-hostcom":true},"product_brand":[],"product_cat":[1576,236,1233,252,1526,5349],"product_tag":[1514,1502],"class_list":{"0":"post-334567","1":"product","2":"type-product","3":"status-publish","4":"has-post-thumbnail","6":"product_cat-childrens-jewellery","7":"product_cat-collections","8":"product_cat-gold-bangles","9":"product_cat-jali-collections","10":"product_cat-kids-bangles","11":"product_cat-yellow-gold-jewellery","12":"product_tag-bangles","13":"product_tag-filigree","15":"first","16":"outofstock","17":"taxable","18":"shipping-taxable","19":"product-type-simple","20":"add-to-wishlist-before_image"},"yoast_head":"<!-- This site is optimized with the Yoast SEO plugin v27.3 - https:\/\/yoast.com\/product\/yoast-seo-wordpress\/ -->\n<title>Adjustable Gold Baby Bangle | Shop Bangles Online UK<\/title>\n<meta name=\"description\" content=\"If you\u2019d prefer a Modern Design Baby Bangles for the newborn, we offer those too. Explore our collection of Gold Kids Bangle.\" \/>\n<meta name=\"robots\" content=\"index, follow, max-snippet:-1, max-image-preview:large, max-video-preview:-1\" \/>\n<link rel=\"canonical\" href=\"https:\/\/www.purejewels.com\/tr\/urun\/ayarlanabilir-altin-bebek-bilekligi-41528\/\" \/>\n<meta property=\"og:locale\" content=\"tr_TR\" \/>\n<meta property=\"og:type\" content=\"article\" \/>\n<meta property=\"og:title\" content=\"Adjustable Gold Baby Bangle | Shop Bangles Online UK\" \/>\n<meta property=\"og:description\" content=\"If you\u2019d prefer a Modern Design Baby Bangles for the newborn, we offer those too. Explore our collection of Gold Kids Bangle.\" \/>\n<meta property=\"og:url\" content=\"https:\/\/www.purejewels.com\/tr\/urun\/ayarlanabilir-altin-bebek-bilekligi-41528\/\" \/>\n<meta property=\"og:site_name\" content=\"PureJewels UK\" \/>\n<meta property=\"article:modified_time\" content=\"2026-01-10T16:14:50+00:00\" \/>\n<meta property=\"og:image\" content=\"https:\/\/www.purejewels.com\/wp-content\/uploads\/2022\/02\/41528-41529-1.jpg\" \/>\n\t<meta property=\"og:image:width\" content=\"1000\" \/>\n\t<meta property=\"og:image:height\" content=\"1000\" \/>\n\t<meta property=\"og:image:type\" content=\"image\/jpeg\" \/>\n<meta name=\"twitter:card\" content=\"summary_large_image\" \/>\n<meta name=\"twitter:label1\" content=\"Tahmini okuma s\u00fcresi\" \/>\n\t<meta name=\"twitter:data1\" content=\"1 dakika\" \/>\n<script type=\"application\/ld+json\" class=\"yoast-schema-graph\">{\"@context\":\"https:\\\/\\\/schema.org\",\"@graph\":[{\"@type\":[\"WebPage\",\"ItemPage\"],\"@id\":\"https:\\\/\\\/www.purejewels.com\\\/product\\\/adjustable-gold-baby-bangle-41528\\\/\",\"url\":\"https:\\\/\\\/www.purejewels.com\\\/product\\\/adjustable-gold-baby-bangle-41528\\\/\",\"name\":\"Adjustable Gold Baby Bangle | Shop Bangles Online UK\",\"isPartOf\":{\"@id\":\"https:\\\/\\\/www.purejewels.com\\\/#website\"},\"primaryImageOfPage\":{\"@id\":\"https:\\\/\\\/www.purejewels.com\\\/product\\\/adjustable-gold-baby-bangle-41528\\\/#primaryimage\"},\"image\":{\"@id\":\"https:\\\/\\\/www.purejewels.com\\\/product\\\/adjustable-gold-baby-bangle-41528\\\/#primaryimage\"},\"thumbnailUrl\":\"https:\\\/\\\/static.purejewels.com\\\/wp-content\\\/uploads\\\/2022\\\/02\\\/41528-41529-1.jpg\",\"datePublished\":\"2022-02-18T07:27:33+00:00\",\"dateModified\":\"2026-01-10T16:14:50+00:00\",\"description\":\"If you\u2019d prefer a Modern Design Baby Bangles for the newborn, we offer those too. Explore our collection of Gold Kids Bangle.\",\"breadcrumb\":{\"@id\":\"https:\\\/\\\/www.purejewels.com\\\/product\\\/adjustable-gold-baby-bangle-41528\\\/#breadcrumb\"},\"inLanguage\":\"tr\",\"potentialAction\":[{\"@type\":\"ReadAction\",\"target\":[\"https:\\\/\\\/www.purejewels.com\\\/product\\\/adjustable-gold-baby-bangle-41528\\\/\"]}]},{\"@type\":\"ImageObject\",\"inLanguage\":\"tr\",\"@id\":\"https:\\\/\\\/www.purejewels.com\\\/product\\\/adjustable-gold-baby-bangle-41528\\\/#primaryimage\",\"url\":\"https:\\\/\\\/static.purejewels.com\\\/wp-content\\\/uploads\\\/2022\\\/02\\\/41528-41529-1.jpg\",\"contentUrl\":\"https:\\\/\\\/static.purejewels.com\\\/wp-content\\\/uploads\\\/2022\\\/02\\\/41528-41529-1.jpg\",\"width\":1000,\"height\":1000,\"caption\":\"Adjustable Gold Baby Bangle 41528-41529-1\"},{\"@type\":\"BreadcrumbList\",\"@id\":\"https:\\\/\\\/www.purejewels.com\\\/product\\\/adjustable-gold-baby-bangle-41528\\\/#breadcrumb\",\"itemListElement\":[{\"@type\":\"ListItem\",\"position\":1,\"name\":\"Home\",\"item\":\"https:\\\/\\\/www.purejewels.com\\\/\"},{\"@type\":\"ListItem\",\"position\":2,\"name\":\"Shop\",\"item\":\"https:\\\/\\\/www.purejewels.com\\\/shop\\\/\"},{\"@type\":\"ListItem\",\"position\":3,\"name\":\"Adjustable Gold Baby Bangle\"}]},{\"@type\":\"WebSite\",\"@id\":\"https:\\\/\\\/www.purejewels.com\\\/#website\",\"url\":\"https:\\\/\\\/www.purejewels.com\\\/\",\"name\":\"PureJewels UK\",\"description\":\"Share the Love\",\"publisher\":{\"@id\":\"https:\\\/\\\/www.purejewels.com\\\/#organization\"},\"potentialAction\":[{\"@type\":\"SearchAction\",\"target\":{\"@type\":\"EntryPoint\",\"urlTemplate\":\"https:\\\/\\\/www.purejewels.com\\\/?s={search_term_string}\"},\"query-input\":{\"@type\":\"PropertyValueSpecification\",\"valueRequired\":true,\"valueName\":\"search_term_string\"}}],\"inLanguage\":\"tr\"},{\"@type\":\"Organization\",\"@id\":\"https:\\\/\\\/www.purejewels.com\\\/#organization\",\"name\":\"PureJewels UK\",\"url\":\"https:\\\/\\\/www.purejewels.com\\\/\",\"logo\":{\"@type\":\"ImageObject\",\"inLanguage\":\"tr\",\"@id\":\"https:\\\/\\\/www.purejewels.com\\\/#\\\/schema\\\/logo\\\/image\\\/\",\"url\":\"https:\\\/\\\/static.purejewels.com\\\/wp-content\\\/uploads\\\/2020\\\/11\\\/Logo-PJ-New-1.png\",\"contentUrl\":\"https:\\\/\\\/static.purejewels.com\\\/wp-content\\\/uploads\\\/2020\\\/11\\\/Logo-PJ-New-1.png\",\"width\":150,\"height\":80,\"caption\":\"PureJewels UK\"},\"image\":{\"@id\":\"https:\\\/\\\/www.purejewels.com\\\/#\\\/schema\\\/logo\\\/image\\\/\"}}]}<\/script>\n<!-- \/ Yoast SEO plugin. -->","yoast_head_json":{"title":"Ayarlanabilir Alt\u0131n Bebek Bilekli\u011fi | Online Bileklik Al\u0131\u015fveri\u015fi \u0130ngiltere","description":"Yeni do\u011fan bebekler i\u00e7in Modern Tasar\u0131m Bebek Bilekliklerini tercih ediyorsan\u0131z, bunlar\u0131 da sunuyoruz. Alt\u0131n \u00c7ocuk Bileklik koleksiyonumuzu ke\u015ffedin.","robots":{"index":"index","follow":"follow","max-snippet":"max-snippet:-1","max-image-preview":"max-image-preview:large","max-video-preview":"max-video-preview:-1"},"canonical":"https:\/\/www.purejewels.com\/tr\/urun\/ayarlanabilir-altin-bebek-bilekligi-41528\/","og_locale":"tr_TR","og_type":"article","og_title":"Adjustable Gold Baby Bangle | Shop Bangles Online UK","og_description":"If you\u2019d prefer a Modern Design Baby Bangles for the newborn, we offer those too. Explore our collection of Gold Kids Bangle.","og_url":"https:\/\/www.purejewels.com\/tr\/urun\/ayarlanabilir-altin-bebek-bilekligi-41528\/","og_site_name":"PureJewels UK","article_modified_time":"2026-01-10T16:14:50+00:00","og_image":[{"width":1000,"height":1000,"url":"https:\/\/www.purejewels.com\/wp-content\/uploads\/2022\/02\/41528-41529-1.jpg","type":"image\/jpeg"}],"twitter_card":"summary_large_image","twitter_misc":{"Tahmini okuma s\u00fcresi":"1 dakika"},"schema":{"@context":"https:\/\/schema.org","@graph":[{"@type":["WebPage","ItemPage"],"@id":"https:\/\/www.purejewels.com\/product\/adjustable-gold-baby-bangle-41528\/","url":"https:\/\/www.purejewels.com\/product\/adjustable-gold-baby-bangle-41528\/","name":"Ayarlanabilir Alt\u0131n Bebek Bilekli\u011fi | Online Bileklik Al\u0131\u015fveri\u015fi \u0130ngiltere","isPartOf":{"@id":"https:\/\/www.purejewels.com\/#website"},"primaryImageOfPage":{"@id":"https:\/\/www.purejewels.com\/product\/adjustable-gold-baby-bangle-41528\/#primaryimage"},"image":{"@id":"https:\/\/www.purejewels.com\/product\/adjustable-gold-baby-bangle-41528\/#primaryimage"},"thumbnailUrl":"https:\/\/static.purejewels.com\/wp-content\/uploads\/2022\/02\/41528-41529-1.jpg","datePublished":"2022-02-18T07:27:33+00:00","dateModified":"2026-01-10T16:14:50+00:00","description":"Yeni do\u011fan bebekler i\u00e7in Modern Tasar\u0131m Bebek Bilekliklerini tercih ediyorsan\u0131z, bunlar\u0131 da sunuyoruz. Alt\u0131n \u00c7ocuk Bileklik koleksiyonumuzu ke\u015ffedin.","breadcrumb":{"@id":"https:\/\/www.purejewels.com\/product\/adjustable-gold-baby-bangle-41528\/#breadcrumb"},"inLanguage":"tr","potentialAction":[{"@type":"ReadAction","target":["https:\/\/www.purejewels.com\/product\/adjustable-gold-baby-bangle-41528\/"]}]},{"@type":"ImageObject","inLanguage":"tr","@id":"https:\/\/www.purejewels.com\/product\/adjustable-gold-baby-bangle-41528\/#primaryimage","url":"https:\/\/static.purejewels.com\/wp-content\/uploads\/2022\/02\/41528-41529-1.jpg","contentUrl":"https:\/\/static.purejewels.com\/wp-content\/uploads\/2022\/02\/41528-41529-1.jpg","width":1000,"height":1000,"caption":"Adjustable Gold Baby Bangle 41528-41529-1"},{"@type":"BreadcrumbList","@id":"https:\/\/www.purejewels.com\/product\/adjustable-gold-baby-bangle-41528\/#breadcrumb","itemListElement":[{"@type":"ListItem","position":1,"name":"Home","item":"https:\/\/www.purejewels.com\/"},{"@type":"ListItem","position":2,"name":"Shop","item":"https:\/\/www.purejewels.com\/shop\/"},{"@type":"ListItem","position":3,"name":"Adjustable Gold Baby Bangle"}]},{"@type":"WebSite","@id":"https:\/\/www.purejewels.com\/#website","url":"https:\/\/www.purejewels.com\/","name":"PureJewels \u0130ngiltere","description":"Sevgiyi Payla\u015f\u0131n","publisher":{"@id":"https:\/\/www.purejewels.com\/#organization"},"potentialAction":[{"@type":"SearchAction","target":{"@type":"EntryPoint","urlTemplate":"https:\/\/www.purejewels.com\/?s={search_term_string}"},"query-input":{"@type":"PropertyValueSpecification","valueRequired":true,"valueName":"search_term_string"}}],"inLanguage":"tr"},{"@type":"Organization","@id":"https:\/\/www.purejewels.com\/#organization","name":"PureJewels \u0130ngiltere","url":"https:\/\/www.purejewels.com\/","logo":{"@type":"ImageObject","inLanguage":"tr","@id":"https:\/\/www.purejewels.com\/#\/schema\/logo\/image\/","url":"https:\/\/static.purejewels.com\/wp-content\/uploads\/2020\/11\/Logo-PJ-New-1.png","contentUrl":"https:\/\/static.purejewels.com\/wp-content\/uploads\/2020\/11\/Logo-PJ-New-1.png","width":150,"height":80,"caption":"PureJewels UK"},"image":{"@id":"https:\/\/www.purejewels.com\/#\/schema\/logo\/image\/"}}]}},"_links":{"self":[{"href":"https:\/\/www.purejewels.com\/tr\/wp-json\/wp\/v2\/product\/334567","targetHints":{"allow":["GET"]}}],"collection":[{"href":"https:\/\/www.purejewels.com\/tr\/wp-json\/wp\/v2\/product"}],"about":[{"href":"https:\/\/www.purejewels.com\/tr\/wp-json\/wp\/v2\/types\/product"}],"replies":[{"embeddable":true,"href":"https:\/\/www.purejewels.com\/tr\/wp-json\/wp\/v2\/comments?post=334567"}],"version-history":[{"count":2,"href":"https:\/\/www.purejewels.com\/tr\/wp-json\/wp\/v2\/product\/334567\/revisions"}],"predecessor-version":[{"id":420991,"href":"https:\/\/www.purejewels.com\/tr\/wp-json\/wp\/v2\/product\/334567\/revisions\/420991"}],"wp:featuredmedia":[{"embeddable":true,"href":"https:\/\/www.purejewels.com\/tr\/wp-json\/wp\/v2\/media\/334568"}],"wp:attachment":[{"href":"https:\/\/www.purejewels.com\/tr\/wp-json\/wp\/v2\/media?parent=334567"}],"wp:term":[{"taxonomy":"product_brand","embeddable":true,"href":"https:\/\/www.purejewels.com\/tr\/wp-json\/wp\/v2\/product_brand?post=334567"},{"taxonomy":"product_cat","embeddable":true,"href":"https:\/\/www.purejewels.com\/tr\/wp-json\/wp\/v2\/product_cat?post=334567"},{"taxonomy":"product_tag","embeddable":true,"href":"https:\/\/www.purejewels.com\/tr\/wp-json\/wp\/v2\/product_tag?post=334567"}],"curies":[{"name":"wp","href":"https:\/\/api.w.org\/{rel}","templated":true}]}}