{"id":334572,"date":"2022-02-18T07:37:32","date_gmt":"2022-02-18T07:37:32","guid":{"rendered":"https:\/\/www.purejewels.com\/?post_type=product&#038;p=334572"},"modified":"2026-03-05T09:55:53","modified_gmt":"2026-03-05T09:55:53","slug":"kiz-bebek-icin-22-ayar-altin-bileklik-41533","status":"publish","type":"product","link":"https:\/\/www.purejewels.com\/tr\/product\/22k-gold-bangle-for-baby-girl-41533\/","title":{"rendered":"K\u0131z Bebek \u0130\u00e7in 22 Ayar Alt\u0131n Bileklik"},"content":{"rendered":"<p>Bir k\u0131z bebek i\u00e7in m\u00fckemmel bir hediye mi ar\u0131yorsunuz? Bu zarif 22 ayar Alt\u0131n Bileklikten ba\u015fkas\u0131na bakmay\u0131n. Bu \u00e7arp\u0131c\u0131 m\u00fccevher bebeklerden yeni do\u011fanlara kadar her ya\u015ftan \u00e7ocuk i\u00e7in uygundur. A\u011f\u0131rl\u0131\u011f\u0131 6,5 gram olan bu bileklik, k\u00fc\u00e7\u00fck prensesler i\u00e7in m\u00fckemmel bir aksesuard\u0131r.<\/p>\n<p>T\u00fcm \u00fcr\u00fcnlerimiz Londra Tahlil Ofisi taraf\u0131ndan damgalanm\u0131\u015ft\u0131r, bu nedenle y\u00fcksek kaliteli bir m\u00fccevher par\u00e7as\u0131 ald\u0131\u011f\u0131n\u0131za g\u00fcvenebilirsiniz. Bu bileklik bir sunum kutusuyla birlikte gelir ve \u00fccretsiz teslimat i\u00e7erir.<\/p>\n<p>Koleksiyonumuza g\u00f6z at\u0131n <a href=\"https:\/\/www.purejewels.com\/tr\/urun-kategori%cc%87si%cc%87\/22-ayar-altin-takilar\/altin-bilezikler\/cocuk-bilezikleri\/\">bebek alt\u0131n bilezikler<\/a> K\u00fc\u00e7\u00fck \u00e7ocu\u011funuz i\u00e7in m\u00fckemmel par\u00e7ay\u0131 bulmak i\u00e7in. Herhangi bir sorunuz varsa veya benzer tasar\u0131mlar\u0131n daha fazla resmini g\u00f6rmek istiyorsan\u0131z, canl\u0131 sohbetimiz size yard\u0131mc\u0131 olmaya haz\u0131rd\u0131r.<\/p>","protected":false},"excerpt":{"rendered":"<ul>\n<li>K\u0131z Bebek i\u00e7in 22 Ayar Alt\u0131n Bileklik<\/li>\n<li>\u00c7ocuk, \u00c7ocuk, Bebek, Yeni Do\u011fan i\u00e7in uygundur<\/li>\n<li>A\u011f\u0131rl\u0131k.6.5gm<\/li>\n<li>SKU 45906<\/li>\n<li>T\u00fcm fiyatlara KDV dahildir<\/li>\n<li>Burada belirtilen fiyat Tek Bileklik i\u00e7indir<\/li>\n<li>T\u00fcm \u00fcr\u00fcnlerimiz London Assay Office taraf\u0131ndan damgalanm\u0131\u015ft\u0131r<\/li>\n<li>Sunum Kutusu ile Birlikte Gelir<\/li>\n<li>Teslimat Dahil<\/li>\n<li>Koleksiyonumuzu g\u00f6r\u00fcnt\u00fcleyin <a href=\"https:\/\/www.purejewels.com\/tr\/urun-kategori%cc%87si%cc%87\/22-ayar-altin-takilar\/altin-bilezikler\/cocuk-bilezikleri\/\"><strong>bebek alt\u0131n bilezikler<\/strong><\/a><\/li>\n<li>Stok durumu ve stokta bulunan benzer tasar\u0131mlar\u0131n daha fazla g\u00f6r\u00fcnt\u00fcs\u00fc i\u00e7in bizimle canl\u0131 sohbet edin<\/li>\n<\/ul>","protected":false},"featured_media":351665,"comment_status":"closed","ping_status":"closed","template":"","meta":{"_eb_attr":"","_crsspst_to_jayantr4sg-hostcom":true},"product_brand":[],"product_cat":[5677,1576,236,1233,252,1526],"product_tag":[],"class_list":{"0":"post-334572","1":"product","2":"type-product","3":"status-publish","4":"has-post-thumbnail","6":"product_cat-babys-gold-bangle","7":"product_cat-childrens-jewellery","8":"product_cat-collections","9":"product_cat-gold-bangles","10":"product_cat-jali-collections","11":"product_cat-kids-bangles","13":"first","14":"outofstock","15":"sale","16":"taxable","17":"shipping-taxable","18":"product-type-simple","19":"add-to-wishlist-before_image"},"yoast_head":"<!-- This site is optimized with the Yoast SEO plugin v27.3 - https:\/\/yoast.com\/product\/yoast-seo-wordpress\/ -->\n<title>22k Gold Bangle for Baby Girl | Gold Bangles UK<\/title>\n<meta name=\"description\" content=\"Explore our range of Gold Jewellery for kids at PureJewels. Our Baby Bangles are classic designs in 22ct gold \u2013 the best quality for fine jewellery.\" \/>\n<meta name=\"robots\" content=\"index, follow, max-snippet:-1, max-image-preview:large, max-video-preview:-1\" \/>\n<link rel=\"canonical\" href=\"https:\/\/www.purejewels.com\/tr\/urun\/kiz-bebek-icin-22-ayar-altin-bileklik-41533\/\" \/>\n<meta property=\"og:locale\" content=\"tr_TR\" \/>\n<meta property=\"og:type\" content=\"article\" \/>\n<meta property=\"og:title\" content=\"22k Gold Bangle for Baby Girl | Gold Bangles UK\" \/>\n<meta property=\"og:description\" content=\"Explore our range of Gold Jewellery for kids at PureJewels. Our Baby Bangles are classic designs in 22ct gold \u2013 the best quality for fine jewellery.\" \/>\n<meta property=\"og:url\" content=\"https:\/\/www.purejewels.com\/tr\/urun\/kiz-bebek-icin-22-ayar-altin-bileklik-41533\/\" \/>\n<meta property=\"og:site_name\" content=\"PureJewels UK\" \/>\n<meta property=\"article:modified_time\" content=\"2026-03-05T09:55:53+00:00\" \/>\n<meta property=\"og:image\" content=\"https:\/\/static.purejewels.com\/wp-content\/uploads\/2022\/02\/SKU-45906.png\" \/>\n\t<meta property=\"og:image:width\" content=\"1000\" \/>\n\t<meta property=\"og:image:height\" content=\"1000\" \/>\n\t<meta property=\"og:image:type\" content=\"image\/png\" \/>\n<meta name=\"twitter:card\" content=\"summary_large_image\" \/>\n<meta name=\"twitter:label1\" content=\"Tahmini okuma s\u00fcresi\" \/>\n\t<meta name=\"twitter:data1\" content=\"1 dakika\" \/>\n<script type=\"application\/ld+json\" class=\"yoast-schema-graph\">{\"@context\":\"https:\\\/\\\/schema.org\",\"@graph\":[{\"@type\":[\"WebPage\",\"ItemPage\"],\"@id\":\"https:\\\/\\\/www.purejewels.com\\\/product\\\/22k-gold-bangle-for-baby-girl-41533\\\/\",\"url\":\"https:\\\/\\\/www.purejewels.com\\\/product\\\/22k-gold-bangle-for-baby-girl-41533\\\/\",\"name\":\"22k Gold Bangle for Baby Girl | Gold Bangles UK\",\"isPartOf\":{\"@id\":\"https:\\\/\\\/www.purejewels.com\\\/#website\"},\"primaryImageOfPage\":{\"@id\":\"https:\\\/\\\/www.purejewels.com\\\/product\\\/22k-gold-bangle-for-baby-girl-41533\\\/#primaryimage\"},\"image\":{\"@id\":\"https:\\\/\\\/www.purejewels.com\\\/product\\\/22k-gold-bangle-for-baby-girl-41533\\\/#primaryimage\"},\"thumbnailUrl\":\"https:\\\/\\\/static.purejewels.com\\\/wp-content\\\/uploads\\\/2022\\\/02\\\/SKU-45906.png\",\"datePublished\":\"2022-02-18T07:37:32+00:00\",\"dateModified\":\"2026-03-05T09:55:53+00:00\",\"description\":\"Explore our range of Gold Jewellery for kids at PureJewels. Our Baby Bangles are classic designs in 22ct gold \u2013 the best quality for fine jewellery.\",\"breadcrumb\":{\"@id\":\"https:\\\/\\\/www.purejewels.com\\\/product\\\/22k-gold-bangle-for-baby-girl-41533\\\/#breadcrumb\"},\"inLanguage\":\"tr\",\"potentialAction\":[{\"@type\":\"ReadAction\",\"target\":[\"https:\\\/\\\/www.purejewels.com\\\/product\\\/22k-gold-bangle-for-baby-girl-41533\\\/\"]}]},{\"@type\":\"ImageObject\",\"inLanguage\":\"tr\",\"@id\":\"https:\\\/\\\/www.purejewels.com\\\/product\\\/22k-gold-bangle-for-baby-girl-41533\\\/#primaryimage\",\"url\":\"https:\\\/\\\/static.purejewels.com\\\/wp-content\\\/uploads\\\/2022\\\/02\\\/SKU-45906.png\",\"contentUrl\":\"https:\\\/\\\/static.purejewels.com\\\/wp-content\\\/uploads\\\/2022\\\/02\\\/SKU-45906.png\",\"width\":1000,\"height\":1000,\"caption\":\"22k Gold Bangle for Baby Girl\"},{\"@type\":\"BreadcrumbList\",\"@id\":\"https:\\\/\\\/www.purejewels.com\\\/product\\\/22k-gold-bangle-for-baby-girl-41533\\\/#breadcrumb\",\"itemListElement\":[{\"@type\":\"ListItem\",\"position\":1,\"name\":\"Home\",\"item\":\"https:\\\/\\\/www.purejewels.com\\\/\"},{\"@type\":\"ListItem\",\"position\":2,\"name\":\"Shop\",\"item\":\"https:\\\/\\\/www.purejewels.com\\\/shop\\\/\"},{\"@type\":\"ListItem\",\"position\":3,\"name\":\"22k Gold Bangle for Baby Girl\"}]},{\"@type\":\"WebSite\",\"@id\":\"https:\\\/\\\/www.purejewels.com\\\/#website\",\"url\":\"https:\\\/\\\/www.purejewels.com\\\/\",\"name\":\"PureJewels UK\",\"description\":\"Share the Love\",\"publisher\":{\"@id\":\"https:\\\/\\\/www.purejewels.com\\\/#organization\"},\"potentialAction\":[{\"@type\":\"SearchAction\",\"target\":{\"@type\":\"EntryPoint\",\"urlTemplate\":\"https:\\\/\\\/www.purejewels.com\\\/?s={search_term_string}\"},\"query-input\":{\"@type\":\"PropertyValueSpecification\",\"valueRequired\":true,\"valueName\":\"search_term_string\"}}],\"inLanguage\":\"tr\"},{\"@type\":\"Organization\",\"@id\":\"https:\\\/\\\/www.purejewels.com\\\/#organization\",\"name\":\"PureJewels UK\",\"url\":\"https:\\\/\\\/www.purejewels.com\\\/\",\"logo\":{\"@type\":\"ImageObject\",\"inLanguage\":\"tr\",\"@id\":\"https:\\\/\\\/www.purejewels.com\\\/#\\\/schema\\\/logo\\\/image\\\/\",\"url\":\"https:\\\/\\\/static.purejewels.com\\\/wp-content\\\/uploads\\\/2020\\\/11\\\/Logo-PJ-New-1.png\",\"contentUrl\":\"https:\\\/\\\/static.purejewels.com\\\/wp-content\\\/uploads\\\/2020\\\/11\\\/Logo-PJ-New-1.png\",\"width\":150,\"height\":80,\"caption\":\"PureJewels UK\"},\"image\":{\"@id\":\"https:\\\/\\\/www.purejewels.com\\\/#\\\/schema\\\/logo\\\/image\\\/\"}}]}<\/script>\n<!-- \/ Yoast SEO plugin. -->","yoast_head_json":{"title":"K\u0131z Bebek i\u00e7in 22 Ayar Alt\u0131n Bileklik | Alt\u0131n Bileklikler \u0130ngiltere","description":"PureJewels'te \u00e7ocuklar i\u00e7in Alt\u0131n Tak\u0131 \u00e7e\u015fitlerimizi ke\u015ffedin. Bebek Bilekliklerimiz 22 ayar alt\u0131ndan klasik tasar\u0131mlard\u0131r - kaliteli m\u00fccevherler i\u00e7in en iyi kalite.","robots":{"index":"index","follow":"follow","max-snippet":"max-snippet:-1","max-image-preview":"max-image-preview:large","max-video-preview":"max-video-preview:-1"},"canonical":"https:\/\/www.purejewels.com\/tr\/urun\/kiz-bebek-icin-22-ayar-altin-bileklik-41533\/","og_locale":"tr_TR","og_type":"article","og_title":"22k Gold Bangle for Baby Girl | Gold Bangles UK","og_description":"Explore our range of Gold Jewellery for kids at PureJewels. Our Baby Bangles are classic designs in 22ct gold \u2013 the best quality for fine jewellery.","og_url":"https:\/\/www.purejewels.com\/tr\/urun\/kiz-bebek-icin-22-ayar-altin-bileklik-41533\/","og_site_name":"PureJewels UK","article_modified_time":"2026-03-05T09:55:53+00:00","og_image":[{"width":1000,"height":1000,"url":"https:\/\/static.purejewels.com\/wp-content\/uploads\/2022\/02\/SKU-45906.png","type":"image\/png"}],"twitter_card":"summary_large_image","twitter_misc":{"Tahmini okuma s\u00fcresi":"1 dakika"},"schema":{"@context":"https:\/\/schema.org","@graph":[{"@type":["WebPage","ItemPage"],"@id":"https:\/\/www.purejewels.com\/product\/22k-gold-bangle-for-baby-girl-41533\/","url":"https:\/\/www.purejewels.com\/product\/22k-gold-bangle-for-baby-girl-41533\/","name":"K\u0131z Bebek i\u00e7in 22 Ayar Alt\u0131n Bileklik | Alt\u0131n Bileklikler \u0130ngiltere","isPartOf":{"@id":"https:\/\/www.purejewels.com\/#website"},"primaryImageOfPage":{"@id":"https:\/\/www.purejewels.com\/product\/22k-gold-bangle-for-baby-girl-41533\/#primaryimage"},"image":{"@id":"https:\/\/www.purejewels.com\/product\/22k-gold-bangle-for-baby-girl-41533\/#primaryimage"},"thumbnailUrl":"https:\/\/static.purejewels.com\/wp-content\/uploads\/2022\/02\/SKU-45906.png","datePublished":"2022-02-18T07:37:32+00:00","dateModified":"2026-03-05T09:55:53+00:00","description":"PureJewels'te \u00e7ocuklar i\u00e7in Alt\u0131n Tak\u0131 \u00e7e\u015fitlerimizi ke\u015ffedin. Bebek Bilekliklerimiz 22 ayar alt\u0131ndan klasik tasar\u0131mlard\u0131r - kaliteli m\u00fccevherler i\u00e7in en iyi kalite.","breadcrumb":{"@id":"https:\/\/www.purejewels.com\/product\/22k-gold-bangle-for-baby-girl-41533\/#breadcrumb"},"inLanguage":"tr","potentialAction":[{"@type":"ReadAction","target":["https:\/\/www.purejewels.com\/product\/22k-gold-bangle-for-baby-girl-41533\/"]}]},{"@type":"ImageObject","inLanguage":"tr","@id":"https:\/\/www.purejewels.com\/product\/22k-gold-bangle-for-baby-girl-41533\/#primaryimage","url":"https:\/\/static.purejewels.com\/wp-content\/uploads\/2022\/02\/SKU-45906.png","contentUrl":"https:\/\/static.purejewels.com\/wp-content\/uploads\/2022\/02\/SKU-45906.png","width":1000,"height":1000,"caption":"22k Gold Bangle for Baby Girl"},{"@type":"BreadcrumbList","@id":"https:\/\/www.purejewels.com\/product\/22k-gold-bangle-for-baby-girl-41533\/#breadcrumb","itemListElement":[{"@type":"ListItem","position":1,"name":"Home","item":"https:\/\/www.purejewels.com\/"},{"@type":"ListItem","position":2,"name":"Shop","item":"https:\/\/www.purejewels.com\/shop\/"},{"@type":"ListItem","position":3,"name":"22k Gold Bangle for Baby Girl"}]},{"@type":"WebSite","@id":"https:\/\/www.purejewels.com\/#website","url":"https:\/\/www.purejewels.com\/","name":"PureJewels \u0130ngiltere","description":"Sevgiyi Payla\u015f\u0131n","publisher":{"@id":"https:\/\/www.purejewels.com\/#organization"},"potentialAction":[{"@type":"SearchAction","target":{"@type":"EntryPoint","urlTemplate":"https:\/\/www.purejewels.com\/?s={search_term_string}"},"query-input":{"@type":"PropertyValueSpecification","valueRequired":true,"valueName":"search_term_string"}}],"inLanguage":"tr"},{"@type":"Organization","@id":"https:\/\/www.purejewels.com\/#organization","name":"PureJewels \u0130ngiltere","url":"https:\/\/www.purejewels.com\/","logo":{"@type":"ImageObject","inLanguage":"tr","@id":"https:\/\/www.purejewels.com\/#\/schema\/logo\/image\/","url":"https:\/\/static.purejewels.com\/wp-content\/uploads\/2020\/11\/Logo-PJ-New-1.png","contentUrl":"https:\/\/static.purejewels.com\/wp-content\/uploads\/2020\/11\/Logo-PJ-New-1.png","width":150,"height":80,"caption":"PureJewels UK"},"image":{"@id":"https:\/\/www.purejewels.com\/#\/schema\/logo\/image\/"}}]}},"_links":{"self":[{"href":"https:\/\/www.purejewels.com\/tr\/wp-json\/wp\/v2\/product\/334572","targetHints":{"allow":["GET"]}}],"collection":[{"href":"https:\/\/www.purejewels.com\/tr\/wp-json\/wp\/v2\/product"}],"about":[{"href":"https:\/\/www.purejewels.com\/tr\/wp-json\/wp\/v2\/types\/product"}],"replies":[{"embeddable":true,"href":"https:\/\/www.purejewels.com\/tr\/wp-json\/wp\/v2\/comments?post=334572"}],"version-history":[{"count":5,"href":"https:\/\/www.purejewels.com\/tr\/wp-json\/wp\/v2\/product\/334572\/revisions"}],"predecessor-version":[{"id":426648,"href":"https:\/\/www.purejewels.com\/tr\/wp-json\/wp\/v2\/product\/334572\/revisions\/426648"}],"wp:featuredmedia":[{"embeddable":true,"href":"https:\/\/www.purejewels.com\/tr\/wp-json\/wp\/v2\/media\/351665"}],"wp:attachment":[{"href":"https:\/\/www.purejewels.com\/tr\/wp-json\/wp\/v2\/media?parent=334572"}],"wp:term":[{"taxonomy":"product_brand","embeddable":true,"href":"https:\/\/www.purejewels.com\/tr\/wp-json\/wp\/v2\/product_brand?post=334572"},{"taxonomy":"product_cat","embeddable":true,"href":"https:\/\/www.purejewels.com\/tr\/wp-json\/wp\/v2\/product_cat?post=334572"},{"taxonomy":"product_tag","embeddable":true,"href":"https:\/\/www.purejewels.com\/tr\/wp-json\/wp\/v2\/product_tag?post=334572"}],"curies":[{"name":"wp","href":"https:\/\/api.w.org\/{rel}","templated":true}]}}