{"id":334577,"date":"2022-02-18T08:38:32","date_gmt":"2022-02-18T08:38:32","guid":{"rendered":"https:\/\/www.purejewels.com\/?post_type=product&#038;p=334577"},"modified":"2026-01-13T12:02:12","modified_gmt":"2026-01-13T12:02:12","slug":"kiz-bebek-icin-22-ayar-altin-bileklik-47559","status":"publish","type":"product","link":"https:\/\/www.purejewels.com\/tr\/product\/22-karat-gold-bangle-for-baby-girl-47559\/","title":{"rendered":"K\u0131z Bebek \u0130\u00e7in 22 Ayar Alt\u0131n Bileklik"},"content":{"rendered":"<ul>\n<li>A\u011f\u0131rl\u0131k 7 gms<\/li>\n<li>SKU. 47559<\/li>\n<\/ul>","protected":false},"excerpt":{"rendered":"<ul>\n<li>K\u0131z Bebek i\u00e7in 22 Ayar Alt\u0131n Ayarlanabilir Bileklik<\/li>\n<li>Bizim <strong>Jali Telkari Koleksiyonu<\/strong><\/li>\n<li>\u00c7ocuk, \u00c7ocuk, Bebek, Yeni Do\u011fan i\u00e7in uygundur<\/li>\n<li>A\u011f\u0131rl\u0131k.7 gm<\/li>\n<li>SKU 47559<\/li>\n<li>T\u00fcm fiyatlara KDV dahildir<\/li>\n<li>Burada belirtilen fiyat Tek Bileklik i\u00e7indir<\/li>\n<li>T\u00fcm \u00fcr\u00fcnlerimiz London Assay Office taraf\u0131ndan damgalanm\u0131\u015ft\u0131r<\/li>\n<li>Sunum Kutusu ile Birlikte Gelir<\/li>\n<li>Teslimat Dahil<\/li>\n<li>Koleksiyonumuzu g\u00f6r\u00fcnt\u00fcleyin\u00a0<strong>bebek alt\u0131n bilezikler<\/strong><\/li>\n<li>Stok durumu ve stokta bulunan benzer tasar\u0131mlar\u0131n daha fazla g\u00f6r\u00fcnt\u00fcs\u00fc i\u00e7in bizimle canl\u0131 sohbet edin<\/li>\n<\/ul>","protected":false},"featured_media":358118,"comment_status":"closed","ping_status":"closed","template":"","meta":{"_eb_attr":"","_crsspst_to_jayantr4sg-hostcom":true},"product_brand":[],"product_cat":[5677,1576,236,1233,252,1526],"product_tag":[1514,1502,5373],"class_list":{"0":"post-334577","1":"product","2":"type-product","3":"status-publish","4":"has-post-thumbnail","6":"product_cat-babys-gold-bangle","7":"product_cat-childrens-jewellery","8":"product_cat-collections","9":"product_cat-gold-bangles","10":"product_cat-jali-collections","11":"product_cat-kids-bangles","12":"product_tag-bangles","13":"product_tag-filigree","14":"product_tag-indian-gold-bangles-for-kids","16":"first","17":"outofstock","18":"taxable","19":"shipping-taxable","20":"product-type-simple","21":"add-to-wishlist-before_image"},"yoast_head":"<!-- This site is optimized with the Yoast SEO plugin v27.3 - https:\/\/yoast.com\/product\/yoast-seo-wordpress\/ -->\n<title>Shop 22 karat Gold Bangle for Baby Girl from PureJewels<\/title>\n<meta name=\"description\" content=\"Discover our range of Gold Jewellery for Baby at PureJewels. Our Baby Bangles are classic designs in 22karat gold \u2013 the best quality for fine jewellery.\" \/>\n<meta name=\"robots\" content=\"index, follow, max-snippet:-1, max-image-preview:large, max-video-preview:-1\" \/>\n<link rel=\"canonical\" href=\"https:\/\/www.purejewels.com\/tr\/urun\/kiz-bebek-icin-22-ayar-altin-bileklik-47559\/\" \/>\n<meta property=\"og:locale\" content=\"tr_TR\" \/>\n<meta property=\"og:type\" content=\"article\" \/>\n<meta property=\"og:title\" content=\"Shop 22 karat Gold Bangle for Baby Girl from PureJewels\" \/>\n<meta property=\"og:description\" content=\"Discover our range of Gold Jewellery for Baby at PureJewels. Our Baby Bangles are classic designs in 22karat gold \u2013 the best quality for fine jewellery.\" \/>\n<meta property=\"og:url\" content=\"https:\/\/www.purejewels.com\/tr\/urun\/kiz-bebek-icin-22-ayar-altin-bileklik-47559\/\" \/>\n<meta property=\"og:site_name\" content=\"PureJewels UK\" \/>\n<meta property=\"article:modified_time\" content=\"2026-01-13T12:02:12+00:00\" \/>\n<meta property=\"og:image\" content=\"https:\/\/static.purejewels.com\/wp-content\/uploads\/2022\/02\/47559.png\" \/>\n\t<meta property=\"og:image:width\" content=\"1000\" \/>\n\t<meta property=\"og:image:height\" content=\"1000\" \/>\n\t<meta property=\"og:image:type\" content=\"image\/png\" \/>\n<meta name=\"twitter:card\" content=\"summary_large_image\" \/>\n<script type=\"application\/ld+json\" class=\"yoast-schema-graph\">{\"@context\":\"https:\\\/\\\/schema.org\",\"@graph\":[{\"@type\":[\"WebPage\",\"ItemPage\"],\"@id\":\"https:\\\/\\\/www.purejewels.com\\\/product\\\/22-karat-gold-bangle-for-baby-girl-47559\\\/\",\"url\":\"https:\\\/\\\/www.purejewels.com\\\/product\\\/22-karat-gold-bangle-for-baby-girl-47559\\\/\",\"name\":\"Shop 22 karat Gold Bangle for Baby Girl from PureJewels\",\"isPartOf\":{\"@id\":\"https:\\\/\\\/www.purejewels.com\\\/#website\"},\"primaryImageOfPage\":{\"@id\":\"https:\\\/\\\/www.purejewels.com\\\/product\\\/22-karat-gold-bangle-for-baby-girl-47559\\\/#primaryimage\"},\"image\":{\"@id\":\"https:\\\/\\\/www.purejewels.com\\\/product\\\/22-karat-gold-bangle-for-baby-girl-47559\\\/#primaryimage\"},\"thumbnailUrl\":\"https:\\\/\\\/static.purejewels.com\\\/wp-content\\\/uploads\\\/2022\\\/02\\\/47559.png\",\"datePublished\":\"2022-02-18T08:38:32+00:00\",\"dateModified\":\"2026-01-13T12:02:12+00:00\",\"description\":\"Discover our range of Gold Jewellery for Baby at PureJewels. Our Baby Bangles are classic designs in 22karat gold \u2013 the best quality for fine jewellery.\",\"breadcrumb\":{\"@id\":\"https:\\\/\\\/www.purejewels.com\\\/product\\\/22-karat-gold-bangle-for-baby-girl-47559\\\/#breadcrumb\"},\"inLanguage\":\"tr\",\"potentialAction\":[{\"@type\":\"ReadAction\",\"target\":[\"https:\\\/\\\/www.purejewels.com\\\/product\\\/22-karat-gold-bangle-for-baby-girl-47559\\\/\"]}]},{\"@type\":\"ImageObject\",\"inLanguage\":\"tr\",\"@id\":\"https:\\\/\\\/www.purejewels.com\\\/product\\\/22-karat-gold-bangle-for-baby-girl-47559\\\/#primaryimage\",\"url\":\"https:\\\/\\\/static.purejewels.com\\\/wp-content\\\/uploads\\\/2022\\\/02\\\/47559.png\",\"contentUrl\":\"https:\\\/\\\/static.purejewels.com\\\/wp-content\\\/uploads\\\/2022\\\/02\\\/47559.png\",\"width\":1000,\"height\":1000,\"caption\":\"22ct Gold Baby Bangle\"},{\"@type\":\"BreadcrumbList\",\"@id\":\"https:\\\/\\\/www.purejewels.com\\\/product\\\/22-karat-gold-bangle-for-baby-girl-47559\\\/#breadcrumb\",\"itemListElement\":[{\"@type\":\"ListItem\",\"position\":1,\"name\":\"Home\",\"item\":\"https:\\\/\\\/www.purejewels.com\\\/\"},{\"@type\":\"ListItem\",\"position\":2,\"name\":\"Shop\",\"item\":\"https:\\\/\\\/www.purejewels.com\\\/shop\\\/\"},{\"@type\":\"ListItem\",\"position\":3,\"name\":\"22 karat Gold Bangle for Baby Girl\"}]},{\"@type\":\"WebSite\",\"@id\":\"https:\\\/\\\/www.purejewels.com\\\/#website\",\"url\":\"https:\\\/\\\/www.purejewels.com\\\/\",\"name\":\"PureJewels UK\",\"description\":\"Share the Love\",\"publisher\":{\"@id\":\"https:\\\/\\\/www.purejewels.com\\\/#organization\"},\"potentialAction\":[{\"@type\":\"SearchAction\",\"target\":{\"@type\":\"EntryPoint\",\"urlTemplate\":\"https:\\\/\\\/www.purejewels.com\\\/?s={search_term_string}\"},\"query-input\":{\"@type\":\"PropertyValueSpecification\",\"valueRequired\":true,\"valueName\":\"search_term_string\"}}],\"inLanguage\":\"tr\"},{\"@type\":\"Organization\",\"@id\":\"https:\\\/\\\/www.purejewels.com\\\/#organization\",\"name\":\"PureJewels UK\",\"url\":\"https:\\\/\\\/www.purejewels.com\\\/\",\"logo\":{\"@type\":\"ImageObject\",\"inLanguage\":\"tr\",\"@id\":\"https:\\\/\\\/www.purejewels.com\\\/#\\\/schema\\\/logo\\\/image\\\/\",\"url\":\"https:\\\/\\\/static.purejewels.com\\\/wp-content\\\/uploads\\\/2020\\\/11\\\/Logo-PJ-New-1.png\",\"contentUrl\":\"https:\\\/\\\/static.purejewels.com\\\/wp-content\\\/uploads\\\/2020\\\/11\\\/Logo-PJ-New-1.png\",\"width\":150,\"height\":80,\"caption\":\"PureJewels UK\"},\"image\":{\"@id\":\"https:\\\/\\\/www.purejewels.com\\\/#\\\/schema\\\/logo\\\/image\\\/\"}}]}<\/script>\n<!-- \/ Yoast SEO plugin. -->","yoast_head_json":{"title":"PureJewels'ten K\u0131z Bebek i\u00e7in 22 Ayar Alt\u0131n Bileklik Al\u0131\u015fveri\u015fi","description":"PureJewels'te Bebekler i\u00e7in Alt\u0131n Tak\u0131 \u00e7e\u015fitlerimizi ke\u015ffedin. Bebek Bilekliklerimiz 22 ayar alt\u0131ndan klasik tasar\u0131mlard\u0131r - kaliteli m\u00fccevherler i\u00e7in en iyi kalite.","robots":{"index":"index","follow":"follow","max-snippet":"max-snippet:-1","max-image-preview":"max-image-preview:large","max-video-preview":"max-video-preview:-1"},"canonical":"https:\/\/www.purejewels.com\/tr\/urun\/kiz-bebek-icin-22-ayar-altin-bileklik-47559\/","og_locale":"tr_TR","og_type":"article","og_title":"Shop 22 karat Gold Bangle for Baby Girl from PureJewels","og_description":"Discover our range of Gold Jewellery for Baby at PureJewels. Our Baby Bangles are classic designs in 22karat gold \u2013 the best quality for fine jewellery.","og_url":"https:\/\/www.purejewels.com\/tr\/urun\/kiz-bebek-icin-22-ayar-altin-bileklik-47559\/","og_site_name":"PureJewels UK","article_modified_time":"2026-01-13T12:02:12+00:00","og_image":[{"width":1000,"height":1000,"url":"https:\/\/static.purejewels.com\/wp-content\/uploads\/2022\/02\/47559.png","type":"image\/png"}],"twitter_card":"summary_large_image","schema":{"@context":"https:\/\/schema.org","@graph":[{"@type":["WebPage","ItemPage"],"@id":"https:\/\/www.purejewels.com\/product\/22-karat-gold-bangle-for-baby-girl-47559\/","url":"https:\/\/www.purejewels.com\/product\/22-karat-gold-bangle-for-baby-girl-47559\/","name":"PureJewels'ten K\u0131z Bebek i\u00e7in 22 Ayar Alt\u0131n Bileklik Al\u0131\u015fveri\u015fi","isPartOf":{"@id":"https:\/\/www.purejewels.com\/#website"},"primaryImageOfPage":{"@id":"https:\/\/www.purejewels.com\/product\/22-karat-gold-bangle-for-baby-girl-47559\/#primaryimage"},"image":{"@id":"https:\/\/www.purejewels.com\/product\/22-karat-gold-bangle-for-baby-girl-47559\/#primaryimage"},"thumbnailUrl":"https:\/\/static.purejewels.com\/wp-content\/uploads\/2022\/02\/47559.png","datePublished":"2022-02-18T08:38:32+00:00","dateModified":"2026-01-13T12:02:12+00:00","description":"PureJewels'te Bebekler i\u00e7in Alt\u0131n Tak\u0131 \u00e7e\u015fitlerimizi ke\u015ffedin. Bebek Bilekliklerimiz 22 ayar alt\u0131ndan klasik tasar\u0131mlard\u0131r - kaliteli m\u00fccevherler i\u00e7in en iyi kalite.","breadcrumb":{"@id":"https:\/\/www.purejewels.com\/product\/22-karat-gold-bangle-for-baby-girl-47559\/#breadcrumb"},"inLanguage":"tr","potentialAction":[{"@type":"ReadAction","target":["https:\/\/www.purejewels.com\/product\/22-karat-gold-bangle-for-baby-girl-47559\/"]}]},{"@type":"ImageObject","inLanguage":"tr","@id":"https:\/\/www.purejewels.com\/product\/22-karat-gold-bangle-for-baby-girl-47559\/#primaryimage","url":"https:\/\/static.purejewels.com\/wp-content\/uploads\/2022\/02\/47559.png","contentUrl":"https:\/\/static.purejewels.com\/wp-content\/uploads\/2022\/02\/47559.png","width":1000,"height":1000,"caption":"22ct Gold Baby Bangle"},{"@type":"BreadcrumbList","@id":"https:\/\/www.purejewels.com\/product\/22-karat-gold-bangle-for-baby-girl-47559\/#breadcrumb","itemListElement":[{"@type":"ListItem","position":1,"name":"Home","item":"https:\/\/www.purejewels.com\/"},{"@type":"ListItem","position":2,"name":"Shop","item":"https:\/\/www.purejewels.com\/shop\/"},{"@type":"ListItem","position":3,"name":"22 karat Gold Bangle for Baby Girl"}]},{"@type":"WebSite","@id":"https:\/\/www.purejewels.com\/#website","url":"https:\/\/www.purejewels.com\/","name":"PureJewels \u0130ngiltere","description":"Sevgiyi Payla\u015f\u0131n","publisher":{"@id":"https:\/\/www.purejewels.com\/#organization"},"potentialAction":[{"@type":"SearchAction","target":{"@type":"EntryPoint","urlTemplate":"https:\/\/www.purejewels.com\/?s={search_term_string}"},"query-input":{"@type":"PropertyValueSpecification","valueRequired":true,"valueName":"search_term_string"}}],"inLanguage":"tr"},{"@type":"Organization","@id":"https:\/\/www.purejewels.com\/#organization","name":"PureJewels \u0130ngiltere","url":"https:\/\/www.purejewels.com\/","logo":{"@type":"ImageObject","inLanguage":"tr","@id":"https:\/\/www.purejewels.com\/#\/schema\/logo\/image\/","url":"https:\/\/static.purejewels.com\/wp-content\/uploads\/2020\/11\/Logo-PJ-New-1.png","contentUrl":"https:\/\/static.purejewels.com\/wp-content\/uploads\/2020\/11\/Logo-PJ-New-1.png","width":150,"height":80,"caption":"PureJewels UK"},"image":{"@id":"https:\/\/www.purejewels.com\/#\/schema\/logo\/image\/"}}]}},"_links":{"self":[{"href":"https:\/\/www.purejewels.com\/tr\/wp-json\/wp\/v2\/product\/334577","targetHints":{"allow":["GET"]}}],"collection":[{"href":"https:\/\/www.purejewels.com\/tr\/wp-json\/wp\/v2\/product"}],"about":[{"href":"https:\/\/www.purejewels.com\/tr\/wp-json\/wp\/v2\/types\/product"}],"replies":[{"embeddable":true,"href":"https:\/\/www.purejewels.com\/tr\/wp-json\/wp\/v2\/comments?post=334577"}],"version-history":[{"count":4,"href":"https:\/\/www.purejewels.com\/tr\/wp-json\/wp\/v2\/product\/334577\/revisions"}],"predecessor-version":[{"id":424465,"href":"https:\/\/www.purejewels.com\/tr\/wp-json\/wp\/v2\/product\/334577\/revisions\/424465"}],"wp:featuredmedia":[{"embeddable":true,"href":"https:\/\/www.purejewels.com\/tr\/wp-json\/wp\/v2\/media\/358118"}],"wp:attachment":[{"href":"https:\/\/www.purejewels.com\/tr\/wp-json\/wp\/v2\/media?parent=334577"}],"wp:term":[{"taxonomy":"product_brand","embeddable":true,"href":"https:\/\/www.purejewels.com\/tr\/wp-json\/wp\/v2\/product_brand?post=334577"},{"taxonomy":"product_cat","embeddable":true,"href":"https:\/\/www.purejewels.com\/tr\/wp-json\/wp\/v2\/product_cat?post=334577"},{"taxonomy":"product_tag","embeddable":true,"href":"https:\/\/www.purejewels.com\/tr\/wp-json\/wp\/v2\/product_tag?post=334577"}],"curies":[{"name":"wp","href":"https:\/\/api.w.org\/{rel}","templated":true}]}}