{"id":334634,"date":"2022-02-21T05:16:37","date_gmt":"2022-02-21T05:16:37","guid":{"rendered":"https:\/\/www.purejewels.com\/?post_type=product&#038;p=334634"},"modified":"2022-03-25T04:41:39","modified_gmt":"2022-03-25T04:41:39","slug":"kadinlar-icin-altin-kupeler-41766","status":"publish","type":"product","link":"https:\/\/www.purejewels.com\/tr\/product\/gold-earrings-for-women-41766\/","title":{"rendered":"Kad\u0131nlar i\u00e7in Alt\u0131n K\u00fcpeler"},"content":{"rendered":"<h3>Stil<\/h3>\n<p>G\u00f6r\u00fcn\u00fcm\u00fcn\u00fcze an\u0131nda cazibe katmak i\u00e7in s\u00fcrekli m\u00fckemmel bir \u015fey mi ar\u0131yorsunuz? Bu i\u015fe yarayabilir! Bu bir \u00e7ift tek seferlik alt\u0131n parti <a href=\"https:\/\/www.purejewels.com\/tr\/product-category\/22ct-gold-jewellery\/gold-earrings\/\">K\u00fcpeler<\/a> bir a\u00e7\u0131klama yapmak i\u00e7in ihtiyac\u0131n\u0131z olan tek \u015fey. K\u00fcpelerin g\u00f6r\u00fcn\u00fcm\u00fcn\u00fcz\u00fc tam anlam\u0131yla de\u011fi\u015ftirebilecek ya da bozabilecek en g\u00fc\u00e7l\u00fc aksesuarlar oldu\u011funu s\u00f6ylerler. Bunlar\u0131n parti g\u00f6r\u00fcn\u00fcm\u00fcn\u00fcz\u00fc bir \u00fcst seviyeye ta\u015f\u0131yaca\u011f\u0131ndan emin olabilirsiniz. Bu cesur ve sanatsal g\u00f6r\u00fcn\u00fcml\u00fc saf <a href=\"https:\/\/www.purejewels.com\/tr\/armari-collection\/\">alt\u0131n k\u00fcpeler<\/a>Purejewels'in sundu\u011fu bu \u00fcr\u00fcnler, kendinizi partinin ne\u015fesi gibi hissetmeniz i\u00e7in ihtiyac\u0131n\u0131z olan tek \u015fey.<\/p>\n<h3>\u0130lham kayna\u011f\u0131<\/h3>\n<p>Bu g\u00fczel uzun k\u00fcpeler karma\u015f\u0131k mimari yap\u0131lardan esinlenilerek saf 22 ayar alt\u0131ndan \u00fcretilmi\u015ftir. Bu \u00e7ift, karigarlar\u0131m\u0131z taraf\u0131ndan bu el detayl\u0131 k\u00fcre unsurlar\u0131n\u0131n kusursuz bir \u015fekilde bir araya getirilmesiyle en karma\u015f\u0131k \u015fekilde haz\u0131rlanm\u0131\u015ft\u0131r. Dahas\u0131, bunlar m\u00fckemmel sarkan silueti elde etmek i\u00e7in jali benzeri unsurlarla zenginle\u015ftirildi ve her taraf\u0131 mat alt\u0131n tonuyla tamamland\u0131. L\u00fcks mat alt\u0131n ton, a\u015fa\u011f\u0131daki detaylarla b\u00fcy\u00fclenmi\u015ftir <a href=\"https:\/\/www.purejewels.com\/tr\/product\/designer-ring-for-women-in-22-carat-31928\/\">rodyum kaplama<\/a> Sarkan elemanlar\u0131n kenarlar\u0131nda, uzaktan bile g\u00f6ze \u00e7arpmalar\u0131n\u0131 sa\u011flar.<\/p>\n<h3>Kusursuz<\/h3>\n<p>Bu sark\u0131tlar, t\u00fcm parti k\u0131yafetlerinizle uyum sa\u011flamak i\u00e7in m\u00fckemmeldir. M\u00fckemmel m\u00fccevherleri bulmak i\u00e7in bekledi\u011finiz o d\u00fc\u011f\u00fcn kokteyli gecesi i\u00e7in haz\u0131rlan\u0131n \u00e7\u00fcnk\u00fc aray\u0131\u015f\u0131n\u0131z kesinlikle sona erdi. Bu saf m\u00fccevherlerle <a href=\"https:\/\/www.purejewels.com\/tr\/product\/gold-earrings-for-women-27179\/\">kad\u0131nlar i\u00e7in alt\u0131n k\u00fcpeler<\/a> \u00d6zel g\u00fcnlerde cesur g\u00f6r\u00fcn\u00fcrken ve kendinizi sofistike bir yetenekle ta\u015f\u0131rken.<\/p>","protected":false},"excerpt":{"rendered":"<ul>\n<li>Kad\u0131nlar i\u00e7in Alt\u0131n K\u00fcpeler<\/li>\n<li>Rodyum Cila ile<\/li>\n<li>A\u011f\u0131rl\u0131k 3,5 gms<\/li>\n<li>SKU. 41766<\/li>\n<li>T\u00fcm fiyatlara KDV dahildir<\/li>\n<li>London Assay Office taraf\u0131ndan damgalanm\u0131\u015f alt\u0131n<\/li>\n<li>22 Ayar Alt\u0131n K\u00fcpe Sunum Kutusuyla Birlikte Gelir<\/li>\n<li>Teslimat Dahil<\/li>\n<li>M\u00fccevher hediye setlerinin mevcudiyeti ve daha fazla g\u00f6rsel i\u00e7in bizimle canl\u0131 sohbet edin<\/li>\n<\/ul>","protected":false},"featured_media":334635,"comment_status":"closed","ping_status":"closed","template":"","meta":{"_eb_attr":"","_crsspst_to_jayantr4sg-hostcom":false},"product_brand":[],"product_cat":[1559,1685,1254,1569,1573,1574],"product_tag":[66],"class_list":{"0":"post-334634","1":"product","2":"type-product","3":"status-publish","4":"has-post-thumbnail","6":"product_cat-birthday-gifts","7":"product_cat-drop-earrings","8":"product_cat-gold-earrings","9":"product_cat-valentine-day-gifts","10":"product_cat-wedding-gifts","11":"product_cat-womens-jewellery","12":"product_tag-earrings","14":"first","15":"outofstock","16":"taxable","17":"shipping-taxable","18":"product-type-simple","19":"add-to-wishlist-before_image"},"yoast_head":"<!-- This site is optimized with the Yoast SEO plugin v27.3 - https:\/\/yoast.com\/product\/yoast-seo-wordpress\/ -->\n<title>Gold Earrings for Women | Shop Gold Earrings<\/title>\n<meta name=\"description\" content=\"Gold Earrings for Women | Drop Earrings | Rhodium Finish | Earrings in UK | Fast Delivery | Easy Returns.\" \/>\n<meta name=\"robots\" content=\"index, follow, max-snippet:-1, max-image-preview:large, max-video-preview:-1\" \/>\n<link rel=\"canonical\" href=\"https:\/\/www.purejewels.com\/tr\/urun\/kadinlar-icin-altin-kupeler-41766\/\" \/>\n<meta property=\"og:locale\" content=\"tr_TR\" \/>\n<meta property=\"og:type\" content=\"article\" \/>\n<meta property=\"og:title\" content=\"Gold Earrings for Women | Shop Gold Earrings\" \/>\n<meta property=\"og:description\" content=\"Gold Earrings for Women | Drop Earrings | Rhodium Finish | Earrings in UK | Fast Delivery | Easy Returns.\" \/>\n<meta property=\"og:url\" content=\"https:\/\/www.purejewels.com\/tr\/urun\/kadinlar-icin-altin-kupeler-41766\/\" \/>\n<meta property=\"og:site_name\" content=\"PureJewels UK\" \/>\n<meta property=\"article:modified_time\" content=\"2022-03-25T04:41:39+00:00\" \/>\n<meta property=\"og:image\" content=\"https:\/\/www.purejewels.com\/wp-content\/uploads\/2022\/02\/41766.jpg\" \/>\n\t<meta property=\"og:image:width\" content=\"1000\" \/>\n\t<meta property=\"og:image:height\" content=\"1000\" \/>\n\t<meta property=\"og:image:type\" content=\"image\/jpeg\" \/>\n<meta name=\"twitter:card\" content=\"summary_large_image\" \/>\n<meta name=\"twitter:label1\" content=\"Tahmini okuma s\u00fcresi\" \/>\n\t<meta name=\"twitter:data1\" content=\"2 dakika\" \/>\n<script type=\"application\/ld+json\" class=\"yoast-schema-graph\">{\"@context\":\"https:\\\/\\\/schema.org\",\"@graph\":[{\"@type\":[\"WebPage\",\"ItemPage\"],\"@id\":\"https:\\\/\\\/www.purejewels.com\\\/product\\\/gold-earrings-for-women-41766\\\/\",\"url\":\"https:\\\/\\\/www.purejewels.com\\\/product\\\/gold-earrings-for-women-41766\\\/\",\"name\":\"Gold Earrings for Women | Shop Gold Earrings\",\"isPartOf\":{\"@id\":\"https:\\\/\\\/www.purejewels.com\\\/#website\"},\"primaryImageOfPage\":{\"@id\":\"https:\\\/\\\/www.purejewels.com\\\/product\\\/gold-earrings-for-women-41766\\\/#primaryimage\"},\"image\":{\"@id\":\"https:\\\/\\\/www.purejewels.com\\\/product\\\/gold-earrings-for-women-41766\\\/#primaryimage\"},\"thumbnailUrl\":\"https:\\\/\\\/static.purejewels.com\\\/wp-content\\\/uploads\\\/2022\\\/02\\\/41766.jpg\",\"datePublished\":\"2022-02-21T05:16:37+00:00\",\"dateModified\":\"2022-03-25T04:41:39+00:00\",\"description\":\"Gold Earrings for Women | Drop Earrings | Rhodium Finish | Earrings in UK | Fast Delivery | Easy Returns.\",\"breadcrumb\":{\"@id\":\"https:\\\/\\\/www.purejewels.com\\\/product\\\/gold-earrings-for-women-41766\\\/#breadcrumb\"},\"inLanguage\":\"tr\",\"potentialAction\":[{\"@type\":\"ReadAction\",\"target\":[\"https:\\\/\\\/www.purejewels.com\\\/product\\\/gold-earrings-for-women-41766\\\/\"]}]},{\"@type\":\"ImageObject\",\"inLanguage\":\"tr\",\"@id\":\"https:\\\/\\\/www.purejewels.com\\\/product\\\/gold-earrings-for-women-41766\\\/#primaryimage\",\"url\":\"https:\\\/\\\/static.purejewels.com\\\/wp-content\\\/uploads\\\/2022\\\/02\\\/41766.jpg\",\"contentUrl\":\"https:\\\/\\\/static.purejewels.com\\\/wp-content\\\/uploads\\\/2022\\\/02\\\/41766.jpg\",\"width\":1000,\"height\":1000,\"caption\":\"Gold Earrings for Women 41766\"},{\"@type\":\"BreadcrumbList\",\"@id\":\"https:\\\/\\\/www.purejewels.com\\\/product\\\/gold-earrings-for-women-41766\\\/#breadcrumb\",\"itemListElement\":[{\"@type\":\"ListItem\",\"position\":1,\"name\":\"Home\",\"item\":\"https:\\\/\\\/www.purejewels.com\\\/\"},{\"@type\":\"ListItem\",\"position\":2,\"name\":\"Shop\",\"item\":\"https:\\\/\\\/www.purejewels.com\\\/shop\\\/\"},{\"@type\":\"ListItem\",\"position\":3,\"name\":\"Gold Earrings for Women\"}]},{\"@type\":\"WebSite\",\"@id\":\"https:\\\/\\\/www.purejewels.com\\\/#website\",\"url\":\"https:\\\/\\\/www.purejewels.com\\\/\",\"name\":\"PureJewels UK\",\"description\":\"Share the Love\",\"publisher\":{\"@id\":\"https:\\\/\\\/www.purejewels.com\\\/#organization\"},\"potentialAction\":[{\"@type\":\"SearchAction\",\"target\":{\"@type\":\"EntryPoint\",\"urlTemplate\":\"https:\\\/\\\/www.purejewels.com\\\/?s={search_term_string}\"},\"query-input\":{\"@type\":\"PropertyValueSpecification\",\"valueRequired\":true,\"valueName\":\"search_term_string\"}}],\"inLanguage\":\"tr\"},{\"@type\":\"Organization\",\"@id\":\"https:\\\/\\\/www.purejewels.com\\\/#organization\",\"name\":\"PureJewels UK\",\"url\":\"https:\\\/\\\/www.purejewels.com\\\/\",\"logo\":{\"@type\":\"ImageObject\",\"inLanguage\":\"tr\",\"@id\":\"https:\\\/\\\/www.purejewels.com\\\/#\\\/schema\\\/logo\\\/image\\\/\",\"url\":\"https:\\\/\\\/static.purejewels.com\\\/wp-content\\\/uploads\\\/2020\\\/11\\\/Logo-PJ-New-1.png\",\"contentUrl\":\"https:\\\/\\\/static.purejewels.com\\\/wp-content\\\/uploads\\\/2020\\\/11\\\/Logo-PJ-New-1.png\",\"width\":150,\"height\":80,\"caption\":\"PureJewels UK\"},\"image\":{\"@id\":\"https:\\\/\\\/www.purejewels.com\\\/#\\\/schema\\\/logo\\\/image\\\/\"}}]}<\/script>\n<!-- \/ Yoast SEO plugin. -->","yoast_head_json":{"title":"Kad\u0131nlar i\u00e7in Alt\u0131n K\u00fcpeler | Alt\u0131n K\u00fcpe Al\u0131\u015fveri\u015fi","description":"Kad\u0131nlar i\u00e7in Alt\u0131n K\u00fcpeler | Damla K\u00fcpeler | Rodyum Kaplama | \u0130ngiltere'de K\u00fcpeler | H\u0131zl\u0131 Teslimat | Kolay \u0130ade.","robots":{"index":"index","follow":"follow","max-snippet":"max-snippet:-1","max-image-preview":"max-image-preview:large","max-video-preview":"max-video-preview:-1"},"canonical":"https:\/\/www.purejewels.com\/tr\/urun\/kadinlar-icin-altin-kupeler-41766\/","og_locale":"tr_TR","og_type":"article","og_title":"Gold Earrings for Women | Shop Gold Earrings","og_description":"Gold Earrings for Women | Drop Earrings | Rhodium Finish | Earrings in UK | Fast Delivery | Easy Returns.","og_url":"https:\/\/www.purejewels.com\/tr\/urun\/kadinlar-icin-altin-kupeler-41766\/","og_site_name":"PureJewels UK","article_modified_time":"2022-03-25T04:41:39+00:00","og_image":[{"width":1000,"height":1000,"url":"https:\/\/www.purejewels.com\/wp-content\/uploads\/2022\/02\/41766.jpg","type":"image\/jpeg"}],"twitter_card":"summary_large_image","twitter_misc":{"Tahmini okuma s\u00fcresi":"2 dakika"},"schema":{"@context":"https:\/\/schema.org","@graph":[{"@type":["WebPage","ItemPage"],"@id":"https:\/\/www.purejewels.com\/product\/gold-earrings-for-women-41766\/","url":"https:\/\/www.purejewels.com\/product\/gold-earrings-for-women-41766\/","name":"Kad\u0131nlar i\u00e7in Alt\u0131n K\u00fcpeler | Alt\u0131n K\u00fcpe Al\u0131\u015fveri\u015fi","isPartOf":{"@id":"https:\/\/www.purejewels.com\/#website"},"primaryImageOfPage":{"@id":"https:\/\/www.purejewels.com\/product\/gold-earrings-for-women-41766\/#primaryimage"},"image":{"@id":"https:\/\/www.purejewels.com\/product\/gold-earrings-for-women-41766\/#primaryimage"},"thumbnailUrl":"https:\/\/static.purejewels.com\/wp-content\/uploads\/2022\/02\/41766.jpg","datePublished":"2022-02-21T05:16:37+00:00","dateModified":"2022-03-25T04:41:39+00:00","description":"Kad\u0131nlar i\u00e7in Alt\u0131n K\u00fcpeler | Damla K\u00fcpeler | Rodyum Kaplama | \u0130ngiltere'de K\u00fcpeler | H\u0131zl\u0131 Teslimat | Kolay \u0130ade.","breadcrumb":{"@id":"https:\/\/www.purejewels.com\/product\/gold-earrings-for-women-41766\/#breadcrumb"},"inLanguage":"tr","potentialAction":[{"@type":"ReadAction","target":["https:\/\/www.purejewels.com\/product\/gold-earrings-for-women-41766\/"]}]},{"@type":"ImageObject","inLanguage":"tr","@id":"https:\/\/www.purejewels.com\/product\/gold-earrings-for-women-41766\/#primaryimage","url":"https:\/\/static.purejewels.com\/wp-content\/uploads\/2022\/02\/41766.jpg","contentUrl":"https:\/\/static.purejewels.com\/wp-content\/uploads\/2022\/02\/41766.jpg","width":1000,"height":1000,"caption":"Gold Earrings for Women 41766"},{"@type":"BreadcrumbList","@id":"https:\/\/www.purejewels.com\/product\/gold-earrings-for-women-41766\/#breadcrumb","itemListElement":[{"@type":"ListItem","position":1,"name":"Home","item":"https:\/\/www.purejewels.com\/"},{"@type":"ListItem","position":2,"name":"Shop","item":"https:\/\/www.purejewels.com\/shop\/"},{"@type":"ListItem","position":3,"name":"Gold Earrings for Women"}]},{"@type":"WebSite","@id":"https:\/\/www.purejewels.com\/#website","url":"https:\/\/www.purejewels.com\/","name":"PureJewels \u0130ngiltere","description":"Sevgiyi Payla\u015f\u0131n","publisher":{"@id":"https:\/\/www.purejewels.com\/#organization"},"potentialAction":[{"@type":"SearchAction","target":{"@type":"EntryPoint","urlTemplate":"https:\/\/www.purejewels.com\/?s={search_term_string}"},"query-input":{"@type":"PropertyValueSpecification","valueRequired":true,"valueName":"search_term_string"}}],"inLanguage":"tr"},{"@type":"Organization","@id":"https:\/\/www.purejewels.com\/#organization","name":"PureJewels \u0130ngiltere","url":"https:\/\/www.purejewels.com\/","logo":{"@type":"ImageObject","inLanguage":"tr","@id":"https:\/\/www.purejewels.com\/#\/schema\/logo\/image\/","url":"https:\/\/static.purejewels.com\/wp-content\/uploads\/2020\/11\/Logo-PJ-New-1.png","contentUrl":"https:\/\/static.purejewels.com\/wp-content\/uploads\/2020\/11\/Logo-PJ-New-1.png","width":150,"height":80,"caption":"PureJewels UK"},"image":{"@id":"https:\/\/www.purejewels.com\/#\/schema\/logo\/image\/"}}]}},"_links":{"self":[{"href":"https:\/\/www.purejewels.com\/tr\/wp-json\/wp\/v2\/product\/334634","targetHints":{"allow":["GET"]}}],"collection":[{"href":"https:\/\/www.purejewels.com\/tr\/wp-json\/wp\/v2\/product"}],"about":[{"href":"https:\/\/www.purejewels.com\/tr\/wp-json\/wp\/v2\/types\/product"}],"replies":[{"embeddable":true,"href":"https:\/\/www.purejewels.com\/tr\/wp-json\/wp\/v2\/comments?post=334634"}],"version-history":[{"count":0,"href":"https:\/\/www.purejewels.com\/tr\/wp-json\/wp\/v2\/product\/334634\/revisions"}],"wp:featuredmedia":[{"embeddable":true,"href":"https:\/\/www.purejewels.com\/tr\/wp-json\/wp\/v2\/media\/334635"}],"wp:attachment":[{"href":"https:\/\/www.purejewels.com\/tr\/wp-json\/wp\/v2\/media?parent=334634"}],"wp:term":[{"taxonomy":"product_brand","embeddable":true,"href":"https:\/\/www.purejewels.com\/tr\/wp-json\/wp\/v2\/product_brand?post=334634"},{"taxonomy":"product_cat","embeddable":true,"href":"https:\/\/www.purejewels.com\/tr\/wp-json\/wp\/v2\/product_cat?post=334634"},{"taxonomy":"product_tag","embeddable":true,"href":"https:\/\/www.purejewels.com\/tr\/wp-json\/wp\/v2\/product_tag?post=334634"}],"curies":[{"name":"wp","href":"https:\/\/api.w.org\/{rel}","templated":true}]}}