{"id":334651,"date":"2023-08-15T11:15:32","date_gmt":"2023-08-15T10:15:32","guid":{"rendered":"https:\/\/www.purejewels.com\/?post_type=product&#038;p=334651"},"modified":"2025-05-22T11:21:43","modified_gmt":"2025-05-22T10:21:43","slug":"22-ayar-altin-gelin-kupesi-34286","status":"publish","type":"product","link":"https:\/\/www.purejewels.com\/tr\/product\/bridal-earrings-in-22-carat-gold-34286\/","title":{"rendered":"22 Ayar Alt\u0131n Gelin K\u00fcpeleri"},"content":{"rendered":"<h2>\u0130lham kayna\u011f\u0131<\/h2>\n<p>Geleneksel Hint g\u00f6r\u00fcn\u00fcm\u00fcn\u00fcze an\u0131nda cazibe katmak i\u00e7in s\u00fcrekli m\u00fckemmel bir \u015fey mi ar\u0131yorsunuz? Bu i\u015fe yarayabilir! Bu tek seferlik \u00e7ift <strong>alt\u0131n parti <a href=\"https:\/\/www.purejewels.com\/tr\/product\/bridal-earrings-24754\/\">geli\u0307n k\u00fcpeleri\u0307<\/a><\/strong> bir a\u00e7\u0131klama yapmak i\u00e7in ihtiyac\u0131n\u0131z olan tek \u015fey. Diyorlar ki <a href=\"https:\/\/www.purejewels.com\/tr\/product-category\/22ct-gold-jewellery\/gold-earrings\/\">K\u00fcpeler<\/a> g\u00f6r\u00fcn\u00fcm\u00fcn\u00fcz\u00fc tam anlam\u0131yla de\u011fi\u015ftirebilecek ya da bozabilecek en g\u00fc\u00e7l\u00fc aksesuarlard\u0131r. Bunlar\u0131n parti g\u00f6r\u00fcn\u00fcm\u00fcn\u00fcz\u00fc bir \u00fcst seviyeye ta\u015f\u0131yaca\u011f\u0131 kesin.<\/p>\n<h2>Tasar\u0131m<\/h2>\n<p>Bu cesur ve sanatsal g\u00f6r\u00fcn\u00fcml\u00fc <strong>sar\u0131 <a href=\"https:\/\/www.purejewels.com\/tr\/product\/22ct-gold-bridal-earring-in-fine-filigree-design-5\/\">alt\u0131n gelin k\u00fcpeleri<\/a><\/strong>Purejewels taraf\u0131ndan tasarlanan bu \u00fcr\u00fcnler, kendinizi bir partinin ne\u015fesi gibi hissetmeniz i\u00e7in ihtiyac\u0131n\u0131z olan tek \u015fey. Bu g\u00fczel <strong>geli\u0307n k\u00fcpeleri\u0307<\/strong> karma\u015f\u0131k mimari yap\u0131lardan esinlenilmi\u015f ve saf 22 ayar alt\u0131ndan \u00fcretilmi\u015ftir. Bu \u00e7ift, karigarlar\u0131m\u0131z taraf\u0131ndan bu el detayl\u0131 dairesel ve \u00e7i\u00e7ekli unsurlar\u0131n kusursuz bir \u015fekilde bir araya getirilmesiyle en karma\u015f\u0131k \u015fekilde haz\u0131rlanm\u0131\u015ft\u0131r. Ayr\u0131ca, m\u00fckemmel sarkan silueti elde etmek i\u00e7in bunlar birbirine lehimlenmi\u015f ve her taraf\u0131 mat alt\u0131n tonuyla tamamlanm\u0131\u015ft\u0131r. Bunlar\u0131n silueti <strong>geli\u0307n d\u00fc\u011f\u00fcn k\u00fcpeleri\u0307<\/strong> vintage par\u00e7alar gibi g\u00f6r\u00fcn\u00fcr. L\u00fcks mat alt\u0131n tonu, uzaktan bile g\u00f6ze \u00e7arpan kusursuz i\u015flenmi\u015f unsurlar\u0131n detaylar\u0131yla b\u00fcy\u00fcl\u00fcyor.<\/p>\n<h2>Stil<\/h2>\n<p>Bu sark\u0131tlar, t\u00fcm parti k\u0131yafetlerinizle uyum sa\u011flamak i\u00e7in m\u00fckemmeldir. M\u00fckemmel m\u00fccevherleri bulmak i\u00e7in bekledi\u011finiz o d\u00fc\u011f\u00fcn kokteyli gecesi i\u00e7in haz\u0131rlan\u0131n \u00e7\u00fcnk\u00fc aray\u0131\u015f\u0131n\u0131z kesinlikle sona erdi. Bunlar\u0131 aksesuar olarak kullan\u0131n <strong>hint alt\u0131n k\u00fcpeleri<\/strong> \u00d6zel g\u00fcnlerde cesur g\u00f6r\u00fcn\u00fcrken ve kendinizi sofistike bir yetenekle ta\u015f\u0131rken<\/p>","protected":false},"excerpt":{"rendered":"<ul>\n<li>22 Ayar Alt\u0131n Hint Antik K\u00fcpe<\/li>\n<li>Bizim\u00a0<strong>Jali Telkari Koleksiyonu<\/strong><\/li>\n<li>22 Ayar Sar\u0131 Alt\u0131ndan \u00dcretilmi\u015ftir<\/li>\n<li>A\u011f\u0131rl\u0131k  10.7 gms<\/li>\n<li>SKU: 34286<\/li>\n<li>T\u00fcm fiyatlara KDV dahildir<\/li>\n<li>T\u00fcm \u00fcr\u00fcnlerimiz London Assay Office taraf\u0131ndan damgalanm\u0131\u015ft\u0131r<\/li>\n<li>T\u00fcm K\u00fcpeler sunum kutusu ile birlikte gelir<\/li>\n<li>Teslimat Dahil<\/li>\n<li>Koleksiyonumuzu ke\u015ffedin\u00a0<strong>geli\u0307n ve d\u00fc\u011f\u00fcn k\u00fcpeleri\u0307<\/strong><\/li>\n<li>Stok durumu ve stokta bulunan benzer tasar\u0131mlar\u0131n daha fazla g\u00f6r\u00fcnt\u00fcs\u00fc i\u00e7in bizimle canl\u0131 sohbet edin<\/li>\n<\/ul>","protected":false},"featured_media":356229,"comment_status":"closed","ping_status":"closed","template":"","meta":{"_eb_attr":"","_crsspst_to_jayantr4sg-hostcom":true},"product_brand":[],"product_cat":[5315,236,1685,1254,252],"product_tag":[1502],"class_list":{"0":"post-334651","1":"product","2":"type-product","3":"status-publish","4":"has-post-thumbnail","6":"product_cat-bridal-and-wedding-earrings","7":"product_cat-collections","8":"product_cat-drop-earrings","9":"product_cat-gold-earrings","10":"product_cat-jali-collections","11":"product_tag-filigree","13":"first","14":"outofstock","15":"taxable","16":"shipping-taxable","17":"product-type-simple","18":"add-to-wishlist-before_image"},"yoast_head":"<!-- This site is optimized with the Yoast SEO plugin v27.3 - https:\/\/yoast.com\/product\/yoast-seo-wordpress\/ -->\n<title>22ct Bridal Earrings | Designer Earrings | PureJewel.com<\/title>\n<meta name=\"description\" content=\"Shop Bridal Jewellery in London | Indian Jewellery in London Online | Fast Delivery &amp; Quick Returns | Explore Now\" \/>\n<meta name=\"robots\" content=\"index, follow, max-snippet:-1, max-image-preview:large, max-video-preview:-1\" \/>\n<link rel=\"canonical\" href=\"https:\/\/www.purejewels.com\/tr\/urun\/22-ayar-altin-gelin-kupesi-34286\/\" \/>\n<meta property=\"og:locale\" content=\"tr_TR\" \/>\n<meta property=\"og:type\" content=\"article\" \/>\n<meta property=\"og:title\" content=\"22ct Bridal Earrings | Designer Earrings | PureJewel.com\" \/>\n<meta property=\"og:description\" content=\"Shop Bridal Jewellery in London | Indian Jewellery in London Online | Fast Delivery &amp; Quick Returns | Explore Now\" \/>\n<meta property=\"og:url\" content=\"https:\/\/www.purejewels.com\/tr\/urun\/22-ayar-altin-gelin-kupesi-34286\/\" \/>\n<meta property=\"og:site_name\" content=\"PureJewels UK\" \/>\n<meta property=\"article:modified_time\" content=\"2025-05-22T10:21:43+00:00\" \/>\n<meta property=\"og:image\" content=\"https:\/\/www.purejewels.com\/wp-content\/uploads\/2023\/12\/32286.png\" \/>\n\t<meta property=\"og:image:width\" content=\"1000\" \/>\n\t<meta property=\"og:image:height\" content=\"1000\" \/>\n\t<meta property=\"og:image:type\" content=\"image\/png\" \/>\n<meta name=\"twitter:card\" content=\"summary_large_image\" \/>\n<meta name=\"twitter:label1\" content=\"Tahmini okuma s\u00fcresi\" \/>\n\t<meta name=\"twitter:data1\" content=\"1 dakika\" \/>\n<script type=\"application\/ld+json\" class=\"yoast-schema-graph\">{\"@context\":\"https:\\\/\\\/schema.org\",\"@graph\":[{\"@type\":[\"WebPage\",\"ItemPage\"],\"@id\":\"https:\\\/\\\/www.purejewels.com\\\/product\\\/bridal-earrings-in-22-carat-gold-34286\\\/\",\"url\":\"https:\\\/\\\/www.purejewels.com\\\/product\\\/bridal-earrings-in-22-carat-gold-34286\\\/\",\"name\":\"22ct Bridal Earrings | Designer Earrings | PureJewel.com\",\"isPartOf\":{\"@id\":\"https:\\\/\\\/www.purejewels.com\\\/#website\"},\"primaryImageOfPage\":{\"@id\":\"https:\\\/\\\/www.purejewels.com\\\/product\\\/bridal-earrings-in-22-carat-gold-34286\\\/#primaryimage\"},\"image\":{\"@id\":\"https:\\\/\\\/www.purejewels.com\\\/product\\\/bridal-earrings-in-22-carat-gold-34286\\\/#primaryimage\"},\"thumbnailUrl\":\"https:\\\/\\\/static.purejewels.com\\\/wp-content\\\/uploads\\\/2023\\\/12\\\/32286.png\",\"datePublished\":\"2023-08-15T10:15:32+00:00\",\"dateModified\":\"2025-05-22T10:21:43+00:00\",\"description\":\"Shop Bridal Jewellery in London | Indian Jewellery in London Online | Fast Delivery & Quick Returns | Explore Now\",\"breadcrumb\":{\"@id\":\"https:\\\/\\\/www.purejewels.com\\\/product\\\/bridal-earrings-in-22-carat-gold-34286\\\/#breadcrumb\"},\"inLanguage\":\"tr\",\"potentialAction\":[{\"@type\":\"ReadAction\",\"target\":[\"https:\\\/\\\/www.purejewels.com\\\/product\\\/bridal-earrings-in-22-carat-gold-34286\\\/\"]}]},{\"@type\":\"ImageObject\",\"inLanguage\":\"tr\",\"@id\":\"https:\\\/\\\/www.purejewels.com\\\/product\\\/bridal-earrings-in-22-carat-gold-34286\\\/#primaryimage\",\"url\":\"https:\\\/\\\/static.purejewels.com\\\/wp-content\\\/uploads\\\/2023\\\/12\\\/32286.png\",\"contentUrl\":\"https:\\\/\\\/static.purejewels.com\\\/wp-content\\\/uploads\\\/2023\\\/12\\\/32286.png\",\"width\":1000,\"height\":1000},{\"@type\":\"BreadcrumbList\",\"@id\":\"https:\\\/\\\/www.purejewels.com\\\/product\\\/bridal-earrings-in-22-carat-gold-34286\\\/#breadcrumb\",\"itemListElement\":[{\"@type\":\"ListItem\",\"position\":1,\"name\":\"Home\",\"item\":\"https:\\\/\\\/www.purejewels.com\\\/\"},{\"@type\":\"ListItem\",\"position\":2,\"name\":\"Shop\",\"item\":\"https:\\\/\\\/www.purejewels.com\\\/shop\\\/\"},{\"@type\":\"ListItem\",\"position\":3,\"name\":\"Bridal Earrings in 22 Carat Gold\"}]},{\"@type\":\"WebSite\",\"@id\":\"https:\\\/\\\/www.purejewels.com\\\/#website\",\"url\":\"https:\\\/\\\/www.purejewels.com\\\/\",\"name\":\"PureJewels UK\",\"description\":\"Share the Love\",\"publisher\":{\"@id\":\"https:\\\/\\\/www.purejewels.com\\\/#organization\"},\"potentialAction\":[{\"@type\":\"SearchAction\",\"target\":{\"@type\":\"EntryPoint\",\"urlTemplate\":\"https:\\\/\\\/www.purejewels.com\\\/?s={search_term_string}\"},\"query-input\":{\"@type\":\"PropertyValueSpecification\",\"valueRequired\":true,\"valueName\":\"search_term_string\"}}],\"inLanguage\":\"tr\"},{\"@type\":\"Organization\",\"@id\":\"https:\\\/\\\/www.purejewels.com\\\/#organization\",\"name\":\"PureJewels UK\",\"url\":\"https:\\\/\\\/www.purejewels.com\\\/\",\"logo\":{\"@type\":\"ImageObject\",\"inLanguage\":\"tr\",\"@id\":\"https:\\\/\\\/www.purejewels.com\\\/#\\\/schema\\\/logo\\\/image\\\/\",\"url\":\"https:\\\/\\\/static.purejewels.com\\\/wp-content\\\/uploads\\\/2020\\\/11\\\/Logo-PJ-New-1.png\",\"contentUrl\":\"https:\\\/\\\/static.purejewels.com\\\/wp-content\\\/uploads\\\/2020\\\/11\\\/Logo-PJ-New-1.png\",\"width\":150,\"height\":80,\"caption\":\"PureJewels UK\"},\"image\":{\"@id\":\"https:\\\/\\\/www.purejewels.com\\\/#\\\/schema\\\/logo\\\/image\\\/\"}}]}<\/script>\n<!-- \/ Yoast SEO plugin. -->","yoast_head_json":{"title":"22ct Gelin K\u00fcpeleri | Tasar\u0131m K\u00fcpeler | PureJewel.com","description":"Londra'da Gelin Tak\u0131lar\u0131 Al\u0131\u015fveri\u015fi | Londra'da Hint Tak\u0131lar\u0131 Online | H\u0131zl\u0131 Teslimat ve H\u0131zl\u0131 \u0130ade | \u015eimdi Ke\u015ffedin","robots":{"index":"index","follow":"follow","max-snippet":"max-snippet:-1","max-image-preview":"max-image-preview:large","max-video-preview":"max-video-preview:-1"},"canonical":"https:\/\/www.purejewels.com\/tr\/urun\/22-ayar-altin-gelin-kupesi-34286\/","og_locale":"tr_TR","og_type":"article","og_title":"22ct Bridal Earrings | Designer Earrings | PureJewel.com","og_description":"Shop Bridal Jewellery in London | Indian Jewellery in London Online | Fast Delivery & Quick Returns | Explore Now","og_url":"https:\/\/www.purejewels.com\/tr\/urun\/22-ayar-altin-gelin-kupesi-34286\/","og_site_name":"PureJewels UK","article_modified_time":"2025-05-22T10:21:43+00:00","og_image":[{"width":1000,"height":1000,"url":"https:\/\/www.purejewels.com\/wp-content\/uploads\/2023\/12\/32286.png","type":"image\/png"}],"twitter_card":"summary_large_image","twitter_misc":{"Tahmini okuma s\u00fcresi":"1 dakika"},"schema":{"@context":"https:\/\/schema.org","@graph":[{"@type":["WebPage","ItemPage"],"@id":"https:\/\/www.purejewels.com\/product\/bridal-earrings-in-22-carat-gold-34286\/","url":"https:\/\/www.purejewels.com\/product\/bridal-earrings-in-22-carat-gold-34286\/","name":"22ct Gelin K\u00fcpeleri | Tasar\u0131m K\u00fcpeler | PureJewel.com","isPartOf":{"@id":"https:\/\/www.purejewels.com\/#website"},"primaryImageOfPage":{"@id":"https:\/\/www.purejewels.com\/product\/bridal-earrings-in-22-carat-gold-34286\/#primaryimage"},"image":{"@id":"https:\/\/www.purejewels.com\/product\/bridal-earrings-in-22-carat-gold-34286\/#primaryimage"},"thumbnailUrl":"https:\/\/static.purejewels.com\/wp-content\/uploads\/2023\/12\/32286.png","datePublished":"2023-08-15T10:15:32+00:00","dateModified":"2025-05-22T10:21:43+00:00","description":"Londra'da Gelin Tak\u0131lar\u0131 Al\u0131\u015fveri\u015fi | Londra'da Hint Tak\u0131lar\u0131 Online | H\u0131zl\u0131 Teslimat ve H\u0131zl\u0131 \u0130ade | \u015eimdi Ke\u015ffedin","breadcrumb":{"@id":"https:\/\/www.purejewels.com\/product\/bridal-earrings-in-22-carat-gold-34286\/#breadcrumb"},"inLanguage":"tr","potentialAction":[{"@type":"ReadAction","target":["https:\/\/www.purejewels.com\/product\/bridal-earrings-in-22-carat-gold-34286\/"]}]},{"@type":"ImageObject","inLanguage":"tr","@id":"https:\/\/www.purejewels.com\/product\/bridal-earrings-in-22-carat-gold-34286\/#primaryimage","url":"https:\/\/static.purejewels.com\/wp-content\/uploads\/2023\/12\/32286.png","contentUrl":"https:\/\/static.purejewels.com\/wp-content\/uploads\/2023\/12\/32286.png","width":1000,"height":1000},{"@type":"BreadcrumbList","@id":"https:\/\/www.purejewels.com\/product\/bridal-earrings-in-22-carat-gold-34286\/#breadcrumb","itemListElement":[{"@type":"ListItem","position":1,"name":"Home","item":"https:\/\/www.purejewels.com\/"},{"@type":"ListItem","position":2,"name":"Shop","item":"https:\/\/www.purejewels.com\/shop\/"},{"@type":"ListItem","position":3,"name":"Bridal Earrings in 22 Carat Gold"}]},{"@type":"WebSite","@id":"https:\/\/www.purejewels.com\/#website","url":"https:\/\/www.purejewels.com\/","name":"PureJewels \u0130ngiltere","description":"Sevgiyi Payla\u015f\u0131n","publisher":{"@id":"https:\/\/www.purejewels.com\/#organization"},"potentialAction":[{"@type":"SearchAction","target":{"@type":"EntryPoint","urlTemplate":"https:\/\/www.purejewels.com\/?s={search_term_string}"},"query-input":{"@type":"PropertyValueSpecification","valueRequired":true,"valueName":"search_term_string"}}],"inLanguage":"tr"},{"@type":"Organization","@id":"https:\/\/www.purejewels.com\/#organization","name":"PureJewels \u0130ngiltere","url":"https:\/\/www.purejewels.com\/","logo":{"@type":"ImageObject","inLanguage":"tr","@id":"https:\/\/www.purejewels.com\/#\/schema\/logo\/image\/","url":"https:\/\/static.purejewels.com\/wp-content\/uploads\/2020\/11\/Logo-PJ-New-1.png","contentUrl":"https:\/\/static.purejewels.com\/wp-content\/uploads\/2020\/11\/Logo-PJ-New-1.png","width":150,"height":80,"caption":"PureJewels UK"},"image":{"@id":"https:\/\/www.purejewels.com\/#\/schema\/logo\/image\/"}}]}},"_links":{"self":[{"href":"https:\/\/www.purejewels.com\/tr\/wp-json\/wp\/v2\/product\/334651","targetHints":{"allow":["GET"]}}],"collection":[{"href":"https:\/\/www.purejewels.com\/tr\/wp-json\/wp\/v2\/product"}],"about":[{"href":"https:\/\/www.purejewels.com\/tr\/wp-json\/wp\/v2\/types\/product"}],"replies":[{"embeddable":true,"href":"https:\/\/www.purejewels.com\/tr\/wp-json\/wp\/v2\/comments?post=334651"}],"version-history":[{"count":2,"href":"https:\/\/www.purejewels.com\/tr\/wp-json\/wp\/v2\/product\/334651\/revisions"}],"predecessor-version":[{"id":392087,"href":"https:\/\/www.purejewels.com\/tr\/wp-json\/wp\/v2\/product\/334651\/revisions\/392087"}],"wp:featuredmedia":[{"embeddable":true,"href":"https:\/\/www.purejewels.com\/tr\/wp-json\/wp\/v2\/media\/356229"}],"wp:attachment":[{"href":"https:\/\/www.purejewels.com\/tr\/wp-json\/wp\/v2\/media?parent=334651"}],"wp:term":[{"taxonomy":"product_brand","embeddable":true,"href":"https:\/\/www.purejewels.com\/tr\/wp-json\/wp\/v2\/product_brand?post=334651"},{"taxonomy":"product_cat","embeddable":true,"href":"https:\/\/www.purejewels.com\/tr\/wp-json\/wp\/v2\/product_cat?post=334651"},{"taxonomy":"product_tag","embeddable":true,"href":"https:\/\/www.purejewels.com\/tr\/wp-json\/wp\/v2\/product_tag?post=334651"}],"curies":[{"name":"wp","href":"https:\/\/api.w.org\/{rel}","templated":true}]}}