{"id":334656,"date":"2022-02-21T11:02:01","date_gmt":"2022-02-21T11:02:01","guid":{"rendered":"https:\/\/www.purejewels.com\/?post_type=product&#038;p=334656"},"modified":"2025-11-07T08:14:15","modified_gmt":"2025-11-07T08:14:15","slug":"geleneksel-dugun-kupeleri-34282","status":"publish","type":"product","link":"https:\/\/www.purejewels.com\/tr\/product\/traditional-wedding-earrings-34282\/","title":{"rendered":"22 Ayar Alt\u0131ndan Geleneksel D\u00fc\u011f\u00fcn K\u00fcpeleri"},"content":{"rendered":"<p>Jali Telkari Koleksiyonumuzdan bu \u00e7arp\u0131c\u0131 22 ayar sar\u0131 alt\u0131n k\u00fcpeler m\u00fckemmel bir geleneksel d\u00fc\u011f\u00fcn tak\u0131s\u0131 par\u00e7as\u0131d\u0131r. 9,7 gram a\u011f\u0131rl\u0131\u011f\u0131ndaki bu k\u00fcpeler g\u00fczel bir i\u015f\u00e7ilikle \u00fcretilmi\u015f ve Londra Assay Ofisi taraf\u0131ndan damgalanarak kalite ve \u00f6zg\u00fcnl\u00fcklerini garanti alt\u0131na alm\u0131\u015ft\u0131r. Her bir k\u00fcpe \u00e7ifti, hediye etmek veya g\u00fcvenli bir \u015fekilde saklamak i\u00e7in ideal olan bir sunum kutusuyla birlikte gelir.<\/p>\n<p>Sar\u0131 alt\u0131n d\u00fc\u011f\u00fcn k\u00fcpelerimiz t\u00fcm gelin adaylar\u0131 i\u00e7in zamans\u0131z ve zarif bir se\u00e7imdir. Karma\u015f\u0131k telkari tasar\u0131m\u0131, her gelin tak\u0131m\u0131na sofistike bir dokunu\u015f katarak onlar\u0131 \u00f6zel g\u00fcn\u00fcn\u00fcz i\u00e7in m\u00fckemmel bir aksesuar haline getirir. \u0130ster gelinli\u011finizi tamamlayacak klasik bir k\u00fcpe \u00e7ifti, ister bir a\u00e7\u0131klama yapmak i\u00e7in benzersiz bir par\u00e7a ar\u0131yor olun, bu k\u00fcpelerin etkileyici olaca\u011f\u0131ndan emin olabilirsiniz.<\/p>\n<p>Alt\u0131n d\u00fc\u011f\u00fcn k\u00fcpelerinizi bug\u00fcn sipari\u015f edin ve gelin g\u00f6r\u00fcn\u00fcm\u00fcn\u00fcze l\u00fcks bir dokunu\u015f kat\u0131n.<\/p>","protected":false},"excerpt":{"rendered":"<ul>\n<li>22 Ayar Sar\u0131 Alt\u0131n K\u00fcpe<\/li>\n<li>22 Ayar Sar\u0131 Alt\u0131ndan \u00dcretilmi\u015ftir<\/li>\n<li>Bizim\u00a0<strong>Jali Telkari Koleksiyonu<\/strong><\/li>\n<li>A\u011f\u0131rl\u0131k  9,7 gms<\/li>\n<li>SKU: 34282<\/li>\n<li>T\u00fcm fiyatlara KDV dahildir<\/li>\n<li>T\u00fcm \u00fcr\u00fcnlerimiz London Assay Office taraf\u0131ndan damgalanm\u0131\u015ft\u0131r<\/li>\n<li>T\u00fcm K\u00fcpeler sunum kutusu ile birlikte gelir<\/li>\n<li>Teslimat Dahil<\/li>\n<li>Stok durumu ve stokta bulunan benzer tasar\u0131mlar\u0131n daha fazla g\u00f6r\u00fcnt\u00fcs\u00fc i\u00e7in bizimle canl\u0131 sohbet edin<\/li>\n<\/ul>","protected":false},"featured_media":334697,"comment_status":"closed","ping_status":"closed","template":"","meta":{"_eb_attr":"","_crsspst_to_jayantr4sg-hostcom":true},"product_brand":[],"product_cat":[5315,236,1685,1254,252,1574],"product_tag":[66],"class_list":{"0":"post-334656","1":"product","2":"type-product","3":"status-publish","4":"has-post-thumbnail","6":"product_cat-bridal-and-wedding-earrings","7":"product_cat-collections","8":"product_cat-drop-earrings","9":"product_cat-gold-earrings","10":"product_cat-jali-collections","11":"product_cat-womens-jewellery","12":"product_tag-earrings","14":"first","15":"outofstock","16":"taxable","17":"shipping-taxable","18":"product-type-simple","19":"add-to-wishlist-before_image"},"yoast_head":"<!-- This site is optimized with the Yoast SEO plugin v27.3 - https:\/\/yoast.com\/product\/yoast-seo-wordpress\/ -->\n<title>Yellow Gold Earring in 22ct | Wedding Jewellery | PureJewels.com<\/title>\n<meta name=\"description\" content=\"Shop Yellow Gold Earrings For Wedding | Latest Bridal Earrings in UK | Quick Delivery | Easy Returns.\" \/>\n<meta name=\"robots\" content=\"index, follow, max-snippet:-1, max-image-preview:large, max-video-preview:-1\" \/>\n<link rel=\"canonical\" href=\"https:\/\/www.purejewels.com\/tr\/urun\/geleneksel-dugun-kupeleri-34282\/\" \/>\n<meta property=\"og:locale\" content=\"tr_TR\" \/>\n<meta property=\"og:type\" content=\"article\" \/>\n<meta property=\"og:title\" content=\"Yellow Gold Earring in 22ct | Wedding Jewellery | PureJewels.com\" \/>\n<meta property=\"og:description\" content=\"Shop Yellow Gold Earrings For Wedding | Latest Bridal Earrings in UK | Quick Delivery | Easy Returns.\" \/>\n<meta property=\"og:url\" content=\"https:\/\/www.purejewels.com\/tr\/urun\/geleneksel-dugun-kupeleri-34282\/\" \/>\n<meta property=\"og:site_name\" content=\"PureJewels UK\" \/>\n<meta property=\"article:modified_time\" content=\"2025-11-07T08:14:15+00:00\" \/>\n<meta property=\"og:image\" content=\"https:\/\/www.purejewels.com\/wp-content\/uploads\/2022\/02\/34282-3.jpg\" \/>\n\t<meta property=\"og:image:width\" content=\"1075\" \/>\n\t<meta property=\"og:image:height\" content=\"1075\" \/>\n\t<meta property=\"og:image:type\" content=\"image\/jpeg\" \/>\n<meta name=\"twitter:card\" content=\"summary_large_image\" \/>\n<meta name=\"twitter:label1\" content=\"Tahmini okuma s\u00fcresi\" \/>\n\t<meta name=\"twitter:data1\" content=\"1 dakika\" \/>\n<script type=\"application\/ld+json\" class=\"yoast-schema-graph\">{\"@context\":\"https:\\\/\\\/schema.org\",\"@graph\":[{\"@type\":[\"WebPage\",\"ItemPage\"],\"@id\":\"https:\\\/\\\/www.purejewels.com\\\/product\\\/traditional-wedding-earrings-34282\\\/\",\"url\":\"https:\\\/\\\/www.purejewels.com\\\/product\\\/traditional-wedding-earrings-34282\\\/\",\"name\":\"Yellow Gold Earring in 22ct | Wedding Jewellery | PureJewels.com\",\"isPartOf\":{\"@id\":\"https:\\\/\\\/www.purejewels.com\\\/#website\"},\"primaryImageOfPage\":{\"@id\":\"https:\\\/\\\/www.purejewels.com\\\/product\\\/traditional-wedding-earrings-34282\\\/#primaryimage\"},\"image\":{\"@id\":\"https:\\\/\\\/www.purejewels.com\\\/product\\\/traditional-wedding-earrings-34282\\\/#primaryimage\"},\"thumbnailUrl\":\"https:\\\/\\\/static.purejewels.com\\\/wp-content\\\/uploads\\\/2022\\\/02\\\/34282-3.jpg\",\"datePublished\":\"2022-02-21T11:02:01+00:00\",\"dateModified\":\"2025-11-07T08:14:15+00:00\",\"description\":\"Shop Yellow Gold Earrings For Wedding | Latest Bridal Earrings in UK | Quick Delivery | Easy Returns.\",\"breadcrumb\":{\"@id\":\"https:\\\/\\\/www.purejewels.com\\\/product\\\/traditional-wedding-earrings-34282\\\/#breadcrumb\"},\"inLanguage\":\"tr\",\"potentialAction\":[{\"@type\":\"ReadAction\",\"target\":[\"https:\\\/\\\/www.purejewels.com\\\/product\\\/traditional-wedding-earrings-34282\\\/\"]}]},{\"@type\":\"ImageObject\",\"inLanguage\":\"tr\",\"@id\":\"https:\\\/\\\/www.purejewels.com\\\/product\\\/traditional-wedding-earrings-34282\\\/#primaryimage\",\"url\":\"https:\\\/\\\/static.purejewels.com\\\/wp-content\\\/uploads\\\/2022\\\/02\\\/34282-3.jpg\",\"contentUrl\":\"https:\\\/\\\/static.purejewels.com\\\/wp-content\\\/uploads\\\/2022\\\/02\\\/34282-3.jpg\",\"width\":1075,\"height\":1075,\"caption\":\"22ct Gold Earring 34282-3\"},{\"@type\":\"BreadcrumbList\",\"@id\":\"https:\\\/\\\/www.purejewels.com\\\/product\\\/traditional-wedding-earrings-34282\\\/#breadcrumb\",\"itemListElement\":[{\"@type\":\"ListItem\",\"position\":1,\"name\":\"Home\",\"item\":\"https:\\\/\\\/www.purejewels.com\\\/\"},{\"@type\":\"ListItem\",\"position\":2,\"name\":\"Shop\",\"item\":\"https:\\\/\\\/www.purejewels.com\\\/shop\\\/\"},{\"@type\":\"ListItem\",\"position\":3,\"name\":\"Traditional Wedding Earrings in 22ct Gold\"}]},{\"@type\":\"WebSite\",\"@id\":\"https:\\\/\\\/www.purejewels.com\\\/#website\",\"url\":\"https:\\\/\\\/www.purejewels.com\\\/\",\"name\":\"PureJewels UK\",\"description\":\"Share the Love\",\"publisher\":{\"@id\":\"https:\\\/\\\/www.purejewels.com\\\/#organization\"},\"potentialAction\":[{\"@type\":\"SearchAction\",\"target\":{\"@type\":\"EntryPoint\",\"urlTemplate\":\"https:\\\/\\\/www.purejewels.com\\\/?s={search_term_string}\"},\"query-input\":{\"@type\":\"PropertyValueSpecification\",\"valueRequired\":true,\"valueName\":\"search_term_string\"}}],\"inLanguage\":\"tr\"},{\"@type\":\"Organization\",\"@id\":\"https:\\\/\\\/www.purejewels.com\\\/#organization\",\"name\":\"PureJewels UK\",\"url\":\"https:\\\/\\\/www.purejewels.com\\\/\",\"logo\":{\"@type\":\"ImageObject\",\"inLanguage\":\"tr\",\"@id\":\"https:\\\/\\\/www.purejewels.com\\\/#\\\/schema\\\/logo\\\/image\\\/\",\"url\":\"https:\\\/\\\/static.purejewels.com\\\/wp-content\\\/uploads\\\/2020\\\/11\\\/Logo-PJ-New-1.png\",\"contentUrl\":\"https:\\\/\\\/static.purejewels.com\\\/wp-content\\\/uploads\\\/2020\\\/11\\\/Logo-PJ-New-1.png\",\"width\":150,\"height\":80,\"caption\":\"PureJewels UK\"},\"image\":{\"@id\":\"https:\\\/\\\/www.purejewels.com\\\/#\\\/schema\\\/logo\\\/image\\\/\"}}]}<\/script>\n<!-- \/ Yoast SEO plugin. -->","yoast_head_json":{"title":"22ct Sar\u0131 Alt\u0131n K\u00fcpe | D\u00fc\u011f\u00fcn Tak\u0131lar\u0131 | PureJewels.com","description":"D\u00fc\u011f\u00fcn \u0130\u00e7in Sar\u0131 Alt\u0131n K\u00fcpeler | \u0130ngiltere'deki En Yeni Gelin K\u00fcpeleri | H\u0131zl\u0131 Teslimat | Kolay \u0130ade sat\u0131n al\u0131n.","robots":{"index":"index","follow":"follow","max-snippet":"max-snippet:-1","max-image-preview":"max-image-preview:large","max-video-preview":"max-video-preview:-1"},"canonical":"https:\/\/www.purejewels.com\/tr\/urun\/geleneksel-dugun-kupeleri-34282\/","og_locale":"tr_TR","og_type":"article","og_title":"Yellow Gold Earring in 22ct | Wedding Jewellery | PureJewels.com","og_description":"Shop Yellow Gold Earrings For Wedding | Latest Bridal Earrings in UK | Quick Delivery | Easy Returns.","og_url":"https:\/\/www.purejewels.com\/tr\/urun\/geleneksel-dugun-kupeleri-34282\/","og_site_name":"PureJewels UK","article_modified_time":"2025-11-07T08:14:15+00:00","og_image":[{"width":1075,"height":1075,"url":"https:\/\/www.purejewels.com\/wp-content\/uploads\/2022\/02\/34282-3.jpg","type":"image\/jpeg"}],"twitter_card":"summary_large_image","twitter_misc":{"Tahmini okuma s\u00fcresi":"1 dakika"},"schema":{"@context":"https:\/\/schema.org","@graph":[{"@type":["WebPage","ItemPage"],"@id":"https:\/\/www.purejewels.com\/product\/traditional-wedding-earrings-34282\/","url":"https:\/\/www.purejewels.com\/product\/traditional-wedding-earrings-34282\/","name":"22ct Sar\u0131 Alt\u0131n K\u00fcpe | D\u00fc\u011f\u00fcn Tak\u0131lar\u0131 | PureJewels.com","isPartOf":{"@id":"https:\/\/www.purejewels.com\/#website"},"primaryImageOfPage":{"@id":"https:\/\/www.purejewels.com\/product\/traditional-wedding-earrings-34282\/#primaryimage"},"image":{"@id":"https:\/\/www.purejewels.com\/product\/traditional-wedding-earrings-34282\/#primaryimage"},"thumbnailUrl":"https:\/\/static.purejewels.com\/wp-content\/uploads\/2022\/02\/34282-3.jpg","datePublished":"2022-02-21T11:02:01+00:00","dateModified":"2025-11-07T08:14:15+00:00","description":"D\u00fc\u011f\u00fcn \u0130\u00e7in Sar\u0131 Alt\u0131n K\u00fcpeler | \u0130ngiltere'deki En Yeni Gelin K\u00fcpeleri | H\u0131zl\u0131 Teslimat | Kolay \u0130ade sat\u0131n al\u0131n.","breadcrumb":{"@id":"https:\/\/www.purejewels.com\/product\/traditional-wedding-earrings-34282\/#breadcrumb"},"inLanguage":"tr","potentialAction":[{"@type":"ReadAction","target":["https:\/\/www.purejewels.com\/product\/traditional-wedding-earrings-34282\/"]}]},{"@type":"ImageObject","inLanguage":"tr","@id":"https:\/\/www.purejewels.com\/product\/traditional-wedding-earrings-34282\/#primaryimage","url":"https:\/\/static.purejewels.com\/wp-content\/uploads\/2022\/02\/34282-3.jpg","contentUrl":"https:\/\/static.purejewels.com\/wp-content\/uploads\/2022\/02\/34282-3.jpg","width":1075,"height":1075,"caption":"22ct Gold Earring 34282-3"},{"@type":"BreadcrumbList","@id":"https:\/\/www.purejewels.com\/product\/traditional-wedding-earrings-34282\/#breadcrumb","itemListElement":[{"@type":"ListItem","position":1,"name":"Home","item":"https:\/\/www.purejewels.com\/"},{"@type":"ListItem","position":2,"name":"Shop","item":"https:\/\/www.purejewels.com\/shop\/"},{"@type":"ListItem","position":3,"name":"Traditional Wedding Earrings in 22ct Gold"}]},{"@type":"WebSite","@id":"https:\/\/www.purejewels.com\/#website","url":"https:\/\/www.purejewels.com\/","name":"PureJewels \u0130ngiltere","description":"Sevgiyi Payla\u015f\u0131n","publisher":{"@id":"https:\/\/www.purejewels.com\/#organization"},"potentialAction":[{"@type":"SearchAction","target":{"@type":"EntryPoint","urlTemplate":"https:\/\/www.purejewels.com\/?s={search_term_string}"},"query-input":{"@type":"PropertyValueSpecification","valueRequired":true,"valueName":"search_term_string"}}],"inLanguage":"tr"},{"@type":"Organization","@id":"https:\/\/www.purejewels.com\/#organization","name":"PureJewels \u0130ngiltere","url":"https:\/\/www.purejewels.com\/","logo":{"@type":"ImageObject","inLanguage":"tr","@id":"https:\/\/www.purejewels.com\/#\/schema\/logo\/image\/","url":"https:\/\/static.purejewels.com\/wp-content\/uploads\/2020\/11\/Logo-PJ-New-1.png","contentUrl":"https:\/\/static.purejewels.com\/wp-content\/uploads\/2020\/11\/Logo-PJ-New-1.png","width":150,"height":80,"caption":"PureJewels UK"},"image":{"@id":"https:\/\/www.purejewels.com\/#\/schema\/logo\/image\/"}}]}},"_links":{"self":[{"href":"https:\/\/www.purejewels.com\/tr\/wp-json\/wp\/v2\/product\/334656","targetHints":{"allow":["GET"]}}],"collection":[{"href":"https:\/\/www.purejewels.com\/tr\/wp-json\/wp\/v2\/product"}],"about":[{"href":"https:\/\/www.purejewels.com\/tr\/wp-json\/wp\/v2\/types\/product"}],"replies":[{"embeddable":true,"href":"https:\/\/www.purejewels.com\/tr\/wp-json\/wp\/v2\/comments?post=334656"}],"version-history":[{"count":3,"href":"https:\/\/www.purejewels.com\/tr\/wp-json\/wp\/v2\/product\/334656\/revisions"}],"predecessor-version":[{"id":420453,"href":"https:\/\/www.purejewels.com\/tr\/wp-json\/wp\/v2\/product\/334656\/revisions\/420453"}],"wp:featuredmedia":[{"embeddable":true,"href":"https:\/\/www.purejewels.com\/tr\/wp-json\/wp\/v2\/media\/334697"}],"wp:attachment":[{"href":"https:\/\/www.purejewels.com\/tr\/wp-json\/wp\/v2\/media?parent=334656"}],"wp:term":[{"taxonomy":"product_brand","embeddable":true,"href":"https:\/\/www.purejewels.com\/tr\/wp-json\/wp\/v2\/product_brand?post=334656"},{"taxonomy":"product_cat","embeddable":true,"href":"https:\/\/www.purejewels.com\/tr\/wp-json\/wp\/v2\/product_cat?post=334656"},{"taxonomy":"product_tag","embeddable":true,"href":"https:\/\/www.purejewels.com\/tr\/wp-json\/wp\/v2\/product_tag?post=334656"}],"curies":[{"name":"wp","href":"https:\/\/api.w.org\/{rel}","templated":true}]}}