{"id":334657,"date":"2022-02-21T10:53:33","date_gmt":"2022-02-21T10:53:33","guid":{"rendered":"https:\/\/www.purejewels.com\/?post_type=product&#038;p=334657"},"modified":"2025-11-06T07:35:45","modified_gmt":"2025-11-06T07:35:45","slug":"22-ayar-hint-altin-kupe-34280","status":"publish","type":"product","link":"https:\/\/www.purejewels.com\/tr\/product\/22ct-indian-gold-earring-34280\/","title":{"rendered":"D\u00fc\u011f\u00fcn \u0130\u00e7in 22 Ayar Hint Alt\u0131n K\u00fcpe"},"content":{"rendered":"<p>Jali Koleksiyonumuzdan bu zarif 22 ayar alt\u0131n k\u00fcpeler, her gelin tak\u0131m\u0131na \u00e7arp\u0131c\u0131 bir ektir. 22 ayar sar\u0131 alt\u0131ndan el i\u015f\u00e7ili\u011fiyle \u00fcretilen bu Hint k\u00fcpeleri d\u00fc\u011f\u00fcnler ve \u00f6zel g\u00fcnler i\u00e7in m\u00fckemmeldir. Karma\u015f\u0131k tasar\u0131m\u0131 ve hafifli\u011fi sayesinde her gelin i\u00e7in rahat ve zarif bir se\u00e7imdir.<\/p>\n<p>Her bir k\u00fcpe 9,5 gram a\u011f\u0131rl\u0131\u011f\u0131ndad\u0131r ve orijinalli\u011fi Londra Assay Ofisi taraf\u0131ndan damgalanm\u0131\u015ft\u0131r. G\u00fczel sunum kutusu, zaten zarif olan bu k\u00fcpelere ekstra bir l\u00fcks dokunu\u015fu katar.<\/p>\n<p>\u00d6zel g\u00fcn\u00fcn\u00fcze m\u00fckemmel uyumu bulmak i\u00e7in gelin ve d\u00fc\u011f\u00fcn k\u00fcpeleri koleksiyonumuzu ke\u015ffedin. Canl\u0131 sohbet \u00f6zelli\u011fimiz, stok durumu hakk\u0131nda bilgi alman\u0131za ve \u015fu anda stokta bulunan benzer tasar\u0131mlar\u0131n daha fazla g\u00f6r\u00fcnt\u00fcs\u00fcn\u00fc g\u00f6rmenize olanak tan\u0131r.<\/p>","protected":false},"excerpt":{"rendered":"<ul>\n<li>22 Ayar Alt\u0131n Hint K\u00fcpesi<\/li>\n<li>22 Ayar Sar\u0131 Alt\u0131ndan \u00dcretilmi\u015ftir<\/li>\n<li>Bizim\u00a0<strong>Jali Koleksiyonu<\/strong><\/li>\n<li>A\u011f\u0131rl\u0131k  9,5 gms<\/li>\n<li>SKU: 34280<\/li>\n<li>T\u00fcm fiyatlara KDV dahildir<\/li>\n<li>T\u00fcm \u00fcr\u00fcnlerimiz London Assay Office taraf\u0131ndan damgalanm\u0131\u015ft\u0131r<\/li>\n<li>T\u00fcm K\u00fcpeler sunum kutusu ile birlikte gelir<\/li>\n<li>Teslimat Dahil<\/li>\n<li>Koleksiyonumuzu ke\u015ffedin\u00a0<strong>geli\u0307n ve d\u00fc\u011f\u00fcn k\u00fcpeleri\u0307<\/strong><\/li>\n<li>Stok durumu ve stokta bulunan benzer tasar\u0131mlar\u0131n daha fazla g\u00f6r\u00fcnt\u00fcs\u00fc i\u00e7in bizimle canl\u0131 sohbet edin<\/li>\n<\/ul>","protected":false},"featured_media":334693,"comment_status":"closed","ping_status":"closed","template":"","meta":{"_eb_attr":"","_crsspst_to_jayantr4sg-hostcom":true},"product_brand":[],"product_cat":[5315,236,1685,1790,1254,252,1573,1574],"product_tag":[66],"class_list":{"0":"post-334657","1":"product","2":"type-product","3":"status-publish","4":"has-post-thumbnail","6":"product_cat-bridal-and-wedding-earrings","7":"product_cat-collections","8":"product_cat-drop-earrings","9":"product_cat-for-whom-when","10":"product_cat-gold-earrings","11":"product_cat-jali-collections","12":"product_cat-wedding-gifts","13":"product_cat-womens-jewellery","14":"product_tag-earrings","16":"first","17":"outofstock","18":"taxable","19":"shipping-taxable","20":"product-type-simple","21":"add-to-wishlist-before_image"},"yoast_head":"<!-- This site is optimized with the Yoast SEO plugin v27.3 - https:\/\/yoast.com\/product\/yoast-seo-wordpress\/ -->\n<title>Antique Gold Earrings | 22ct Gold Earrings in London<\/title>\n<meta name=\"description\" content=\"Order 22ct Pure Gold Antique Earrings in London | PureJewels.com | Free Delivery across UK\" \/>\n<meta name=\"robots\" content=\"index, follow, max-snippet:-1, max-image-preview:large, max-video-preview:-1\" \/>\n<link rel=\"canonical\" href=\"https:\/\/www.purejewels.com\/tr\/urun\/22-ayar-hint-altin-kupe-34280\/\" \/>\n<meta property=\"og:locale\" content=\"tr_TR\" \/>\n<meta property=\"og:type\" content=\"article\" \/>\n<meta property=\"og:title\" content=\"Antique Gold Earrings | 22ct Gold Earrings in London\" \/>\n<meta property=\"og:description\" content=\"Order 22ct Pure Gold Antique Earrings in London | PureJewels.com | Free Delivery across UK\" \/>\n<meta property=\"og:url\" content=\"https:\/\/www.purejewels.com\/tr\/urun\/22-ayar-hint-altin-kupe-34280\/\" \/>\n<meta property=\"og:site_name\" content=\"PureJewels UK\" \/>\n<meta property=\"article:modified_time\" content=\"2025-11-06T07:35:45+00:00\" \/>\n<meta property=\"og:image\" content=\"https:\/\/www.purejewels.com\/wp-content\/uploads\/2022\/02\/34280-5.jpg\" \/>\n\t<meta property=\"og:image:width\" content=\"1075\" \/>\n\t<meta property=\"og:image:height\" content=\"1075\" \/>\n\t<meta property=\"og:image:type\" content=\"image\/jpeg\" \/>\n<meta name=\"twitter:card\" content=\"summary_large_image\" \/>\n<meta name=\"twitter:label1\" content=\"Tahmini okuma s\u00fcresi\" \/>\n\t<meta name=\"twitter:data1\" content=\"1 dakika\" \/>\n<script type=\"application\/ld+json\" class=\"yoast-schema-graph\">{\"@context\":\"https:\\\/\\\/schema.org\",\"@graph\":[{\"@type\":[\"WebPage\",\"ItemPage\"],\"@id\":\"https:\\\/\\\/www.purejewels.com\\\/product\\\/22ct-indian-gold-earring-34280\\\/\",\"url\":\"https:\\\/\\\/www.purejewels.com\\\/product\\\/22ct-indian-gold-earring-34280\\\/\",\"name\":\"Antique Gold Earrings | 22ct Gold Earrings in London\",\"isPartOf\":{\"@id\":\"https:\\\/\\\/www.purejewels.com\\\/#website\"},\"primaryImageOfPage\":{\"@id\":\"https:\\\/\\\/www.purejewels.com\\\/product\\\/22ct-indian-gold-earring-34280\\\/#primaryimage\"},\"image\":{\"@id\":\"https:\\\/\\\/www.purejewels.com\\\/product\\\/22ct-indian-gold-earring-34280\\\/#primaryimage\"},\"thumbnailUrl\":\"https:\\\/\\\/static.purejewels.com\\\/wp-content\\\/uploads\\\/2022\\\/02\\\/34280-5.jpg\",\"datePublished\":\"2022-02-21T10:53:33+00:00\",\"dateModified\":\"2025-11-06T07:35:45+00:00\",\"description\":\"Order 22ct Pure Gold Antique Earrings in London | PureJewels.com | Free Delivery across UK\",\"breadcrumb\":{\"@id\":\"https:\\\/\\\/www.purejewels.com\\\/product\\\/22ct-indian-gold-earring-34280\\\/#breadcrumb\"},\"inLanguage\":\"tr\",\"potentialAction\":[{\"@type\":\"ReadAction\",\"target\":[\"https:\\\/\\\/www.purejewels.com\\\/product\\\/22ct-indian-gold-earring-34280\\\/\"]}]},{\"@type\":\"ImageObject\",\"inLanguage\":\"tr\",\"@id\":\"https:\\\/\\\/www.purejewels.com\\\/product\\\/22ct-indian-gold-earring-34280\\\/#primaryimage\",\"url\":\"https:\\\/\\\/static.purejewels.com\\\/wp-content\\\/uploads\\\/2022\\\/02\\\/34280-5.jpg\",\"contentUrl\":\"https:\\\/\\\/static.purejewels.com\\\/wp-content\\\/uploads\\\/2022\\\/02\\\/34280-5.jpg\",\"width\":1075,\"height\":1075,\"caption\":\"22ct Indian Gold Earring For Wedding 34280-5\"},{\"@type\":\"BreadcrumbList\",\"@id\":\"https:\\\/\\\/www.purejewels.com\\\/product\\\/22ct-indian-gold-earring-34280\\\/#breadcrumb\",\"itemListElement\":[{\"@type\":\"ListItem\",\"position\":1,\"name\":\"Home\",\"item\":\"https:\\\/\\\/www.purejewels.com\\\/\"},{\"@type\":\"ListItem\",\"position\":2,\"name\":\"Shop\",\"item\":\"https:\\\/\\\/www.purejewels.com\\\/shop\\\/\"},{\"@type\":\"ListItem\",\"position\":3,\"name\":\"22ct Indian Gold Earring For Wedding\"}]},{\"@type\":\"WebSite\",\"@id\":\"https:\\\/\\\/www.purejewels.com\\\/#website\",\"url\":\"https:\\\/\\\/www.purejewels.com\\\/\",\"name\":\"PureJewels UK\",\"description\":\"Share the Love\",\"publisher\":{\"@id\":\"https:\\\/\\\/www.purejewels.com\\\/#organization\"},\"potentialAction\":[{\"@type\":\"SearchAction\",\"target\":{\"@type\":\"EntryPoint\",\"urlTemplate\":\"https:\\\/\\\/www.purejewels.com\\\/?s={search_term_string}\"},\"query-input\":{\"@type\":\"PropertyValueSpecification\",\"valueRequired\":true,\"valueName\":\"search_term_string\"}}],\"inLanguage\":\"tr\"},{\"@type\":\"Organization\",\"@id\":\"https:\\\/\\\/www.purejewels.com\\\/#organization\",\"name\":\"PureJewels UK\",\"url\":\"https:\\\/\\\/www.purejewels.com\\\/\",\"logo\":{\"@type\":\"ImageObject\",\"inLanguage\":\"tr\",\"@id\":\"https:\\\/\\\/www.purejewels.com\\\/#\\\/schema\\\/logo\\\/image\\\/\",\"url\":\"https:\\\/\\\/static.purejewels.com\\\/wp-content\\\/uploads\\\/2020\\\/11\\\/Logo-PJ-New-1.png\",\"contentUrl\":\"https:\\\/\\\/static.purejewels.com\\\/wp-content\\\/uploads\\\/2020\\\/11\\\/Logo-PJ-New-1.png\",\"width\":150,\"height\":80,\"caption\":\"PureJewels UK\"},\"image\":{\"@id\":\"https:\\\/\\\/www.purejewels.com\\\/#\\\/schema\\\/logo\\\/image\\\/\"}}]}<\/script>\n<!-- \/ Yoast SEO plugin. -->","yoast_head_json":{"title":"Antika Alt\u0131n K\u00fcpeler | Londra'da 22 Ayar Alt\u0131n K\u00fcpeler","description":"Londra'da 22 Ayar Saf Alt\u0131n Antik K\u00fcpe Sipari\u015fi | PureJewels.com | \u0130ngiltere \u00c7ap\u0131nda \u00dccretsiz Teslimat","robots":{"index":"index","follow":"follow","max-snippet":"max-snippet:-1","max-image-preview":"max-image-preview:large","max-video-preview":"max-video-preview:-1"},"canonical":"https:\/\/www.purejewels.com\/tr\/urun\/22-ayar-hint-altin-kupe-34280\/","og_locale":"tr_TR","og_type":"article","og_title":"Antique Gold Earrings | 22ct Gold Earrings in London","og_description":"Order 22ct Pure Gold Antique Earrings in London | PureJewels.com | Free Delivery across UK","og_url":"https:\/\/www.purejewels.com\/tr\/urun\/22-ayar-hint-altin-kupe-34280\/","og_site_name":"PureJewels UK","article_modified_time":"2025-11-06T07:35:45+00:00","og_image":[{"width":1075,"height":1075,"url":"https:\/\/www.purejewels.com\/wp-content\/uploads\/2022\/02\/34280-5.jpg","type":"image\/jpeg"}],"twitter_card":"summary_large_image","twitter_misc":{"Tahmini okuma s\u00fcresi":"1 dakika"},"schema":{"@context":"https:\/\/schema.org","@graph":[{"@type":["WebPage","ItemPage"],"@id":"https:\/\/www.purejewels.com\/product\/22ct-indian-gold-earring-34280\/","url":"https:\/\/www.purejewels.com\/product\/22ct-indian-gold-earring-34280\/","name":"Antika Alt\u0131n K\u00fcpeler | Londra'da 22 Ayar Alt\u0131n K\u00fcpeler","isPartOf":{"@id":"https:\/\/www.purejewels.com\/#website"},"primaryImageOfPage":{"@id":"https:\/\/www.purejewels.com\/product\/22ct-indian-gold-earring-34280\/#primaryimage"},"image":{"@id":"https:\/\/www.purejewels.com\/product\/22ct-indian-gold-earring-34280\/#primaryimage"},"thumbnailUrl":"https:\/\/static.purejewels.com\/wp-content\/uploads\/2022\/02\/34280-5.jpg","datePublished":"2022-02-21T10:53:33+00:00","dateModified":"2025-11-06T07:35:45+00:00","description":"Londra'da 22 Ayar Saf Alt\u0131n Antik K\u00fcpe Sipari\u015fi | PureJewels.com | \u0130ngiltere \u00c7ap\u0131nda \u00dccretsiz Teslimat","breadcrumb":{"@id":"https:\/\/www.purejewels.com\/product\/22ct-indian-gold-earring-34280\/#breadcrumb"},"inLanguage":"tr","potentialAction":[{"@type":"ReadAction","target":["https:\/\/www.purejewels.com\/product\/22ct-indian-gold-earring-34280\/"]}]},{"@type":"ImageObject","inLanguage":"tr","@id":"https:\/\/www.purejewels.com\/product\/22ct-indian-gold-earring-34280\/#primaryimage","url":"https:\/\/static.purejewels.com\/wp-content\/uploads\/2022\/02\/34280-5.jpg","contentUrl":"https:\/\/static.purejewels.com\/wp-content\/uploads\/2022\/02\/34280-5.jpg","width":1075,"height":1075,"caption":"22ct Indian Gold Earring For Wedding 34280-5"},{"@type":"BreadcrumbList","@id":"https:\/\/www.purejewels.com\/product\/22ct-indian-gold-earring-34280\/#breadcrumb","itemListElement":[{"@type":"ListItem","position":1,"name":"Home","item":"https:\/\/www.purejewels.com\/"},{"@type":"ListItem","position":2,"name":"Shop","item":"https:\/\/www.purejewels.com\/shop\/"},{"@type":"ListItem","position":3,"name":"22ct Indian Gold Earring For Wedding"}]},{"@type":"WebSite","@id":"https:\/\/www.purejewels.com\/#website","url":"https:\/\/www.purejewels.com\/","name":"PureJewels \u0130ngiltere","description":"Sevgiyi Payla\u015f\u0131n","publisher":{"@id":"https:\/\/www.purejewels.com\/#organization"},"potentialAction":[{"@type":"SearchAction","target":{"@type":"EntryPoint","urlTemplate":"https:\/\/www.purejewels.com\/?s={search_term_string}"},"query-input":{"@type":"PropertyValueSpecification","valueRequired":true,"valueName":"search_term_string"}}],"inLanguage":"tr"},{"@type":"Organization","@id":"https:\/\/www.purejewels.com\/#organization","name":"PureJewels \u0130ngiltere","url":"https:\/\/www.purejewels.com\/","logo":{"@type":"ImageObject","inLanguage":"tr","@id":"https:\/\/www.purejewels.com\/#\/schema\/logo\/image\/","url":"https:\/\/static.purejewels.com\/wp-content\/uploads\/2020\/11\/Logo-PJ-New-1.png","contentUrl":"https:\/\/static.purejewels.com\/wp-content\/uploads\/2020\/11\/Logo-PJ-New-1.png","width":150,"height":80,"caption":"PureJewels UK"},"image":{"@id":"https:\/\/www.purejewels.com\/#\/schema\/logo\/image\/"}}]}},"_links":{"self":[{"href":"https:\/\/www.purejewels.com\/tr\/wp-json\/wp\/v2\/product\/334657","targetHints":{"allow":["GET"]}}],"collection":[{"href":"https:\/\/www.purejewels.com\/tr\/wp-json\/wp\/v2\/product"}],"about":[{"href":"https:\/\/www.purejewels.com\/tr\/wp-json\/wp\/v2\/types\/product"}],"replies":[{"embeddable":true,"href":"https:\/\/www.purejewels.com\/tr\/wp-json\/wp\/v2\/comments?post=334657"}],"version-history":[{"count":3,"href":"https:\/\/www.purejewels.com\/tr\/wp-json\/wp\/v2\/product\/334657\/revisions"}],"predecessor-version":[{"id":420356,"href":"https:\/\/www.purejewels.com\/tr\/wp-json\/wp\/v2\/product\/334657\/revisions\/420356"}],"wp:featuredmedia":[{"embeddable":true,"href":"https:\/\/www.purejewels.com\/tr\/wp-json\/wp\/v2\/media\/334693"}],"wp:attachment":[{"href":"https:\/\/www.purejewels.com\/tr\/wp-json\/wp\/v2\/media?parent=334657"}],"wp:term":[{"taxonomy":"product_brand","embeddable":true,"href":"https:\/\/www.purejewels.com\/tr\/wp-json\/wp\/v2\/product_brand?post=334657"},{"taxonomy":"product_cat","embeddable":true,"href":"https:\/\/www.purejewels.com\/tr\/wp-json\/wp\/v2\/product_cat?post=334657"},{"taxonomy":"product_tag","embeddable":true,"href":"https:\/\/www.purejewels.com\/tr\/wp-json\/wp\/v2\/product_tag?post=334657"}],"curies":[{"name":"wp","href":"https:\/\/api.w.org\/{rel}","templated":true}]}}