{"id":334669,"date":"2022-02-21T09:07:23","date_gmt":"2022-02-21T09:07:23","guid":{"rendered":"https:\/\/www.purejewels.com\/?post_type=product&#038;p=334669"},"modified":"2025-12-22T08:06:35","modified_gmt":"2025-12-22T08:06:35","slug":"22-ayar-altin-bilezik-41971","status":"publish","type":"product","link":"https:\/\/www.purejewels.com\/tr\/product\/22ct-gold-bracelet-41971\/","title":{"rendered":"22 ayar alt\u0131n rozet ba\u011flant\u0131l\u0131 bilezik"},"content":{"rendered":"<p><strong>Tasar\u0131m<\/strong><\/p>\n<p>Bu 22 ayar alt\u0131n rozet bilezik, klasik tasar\u0131m\u0131n e\u011flenceli bir dokunu\u015fla kutland\u0131\u011f\u0131 bir par\u00e7ad\u0131r. Bilezik, birbirine ge\u00e7meli rozet tarz\u0131 ba\u011flant\u0131larla yumu\u015fak, dantel benzeri bir g\u00f6r\u00fcn\u00fcm sunar. Bir ucunda, \u00fc\u00e7 k\u00fc\u00e7\u00fck charm topu zarif\u00e7e sallanarak par\u00e7aya hareket ve melodik bir \u00e7ekicilik katar.<\/p>\n<p>Kompakt ve simetrik deseni, onu geleneksel ve modern kombinleri zahmetsizce tamamlayan \u00e7ok y\u00f6nl\u00fc bir aksesuar haline getirir.<\/p>\n<p><strong>Zanaatkarl\u0131k<\/strong><\/p>\n<p>Her rozet, a\u00e7\u0131k i\u015f\u00e7ilik tasar\u0131m\u0131n\u0131n inceli\u011fini korurken yap\u0131sal b\u00fct\u00fcnl\u00fc\u011f\u00fc sa\u011flamak i\u00e7in \u00f6zenle birle\u015ftirilmi\u015ftir. 22 ayar alt\u0131n, zengin bir renk tonu ve kal\u0131c\u0131 bir de\u011fer sunar. Bilezik, sa\u011flam bir karabina toka ile sabitlenmi\u015ftir, bu da takarken kolayl\u0131k ve g\u00fcvenlik sa\u011flar.<\/p>\n<p>Toka ucuna el yap\u0131m\u0131 mini alt\u0131n ghungroos eklenmesi, s\u00fcs ve k\u00fclt\u00fcrel \u00e7ekicili\u011fini art\u0131rmaktad\u0131r.<\/p>\n<p><strong>Stil<\/strong><\/p>\n<p>Bu bileklik, ince detaylar\u0131 ve klasik Hint tasar\u0131m etkilerini sevenler i\u00e7in idealdir. Tek ba\u015f\u0131na giyildi\u011finde sade bir zarafet katarken, di\u011fer bileziklerle birlikte giyildi\u011finde de g\u00fcnd\u00fczden geceye sorunsuz bir ge\u00e7i\u015f sa\u011flar.<\/p>","protected":false},"excerpt":{"rendered":"<p>\u0130nce rozet motifleriyle s\u00fcslenmi\u015f ve narin alt\u0131n charm damlalarla tamamlanm\u0131\u015f, karma\u015f\u0131k bir \u015fekilde birbirine ba\u011flanm\u0131\u015f 22 ayar alt\u0131n bilezik. Zarif g\u00fcnl\u00fck kullan\u0131m i\u00e7in m\u00fckemmeldir.<\/p>\n<ul>\n<li>22ct Bayan Bileklik<\/li>\n<li>A\u011f\u0131rl\u0131k 7,7 gms<\/li>\n<li>SKU 41971<\/li>\n<li>T\u00fcm fiyatlara KDV dahildir<\/li>\n<li>T\u00fcm \u00fcr\u00fcnlerimiz Londra Assay ofisi taraf\u0131ndan damgalanm\u0131\u015ft\u0131r<\/li>\n<li>Sunum kutusu ile birlikte gelir<\/li>\n<li>Teslimat Dahil<\/li>\n<li>Hint alt\u0131n\u0131 Bayan Bileklik Uk \u00fcr\u00fcn\u00fcn\u00fcn stok durumu ve daha fazla g\u00f6rsel i\u00e7in bizimle canl\u0131 sohbet edin<\/li>\n<\/ul>\n<p>Toplam Fiyat : 660 Pound<\/p>\n<p>Depozito miktar\u0131: 330 pound<\/p>\n<p>Bakiye tutar\u0131 330 pound<\/p>\n<p>&nbsp;<\/p>","protected":false},"featured_media":334670,"comment_status":"closed","ping_status":"closed","template":"","meta":{"_eb_attr":"","_crsspst_to_jayantr4sg-hostcom":false},"product_brand":[],"product_cat":[1482],"product_tag":[],"class_list":{"0":"post-334669","1":"product","2":"type-product","3":"status-publish","4":"has-post-thumbnail","6":"product_cat-uncategorized","8":"first","9":"outofstock","10":"taxable","11":"shipping-taxable","12":"product-type-simple","13":"add-to-wishlist-before_image"},"yoast_head":"<!-- This site is optimized with the Yoast SEO plugin v27.3 - https:\/\/yoast.com\/product\/yoast-seo-wordpress\/ -->\n<title>22ct Gold Rosette Chain Bracelet with Charm Drops | PureJewels<\/title>\n<meta name=\"description\" content=\"Adorn your wrist with this 22ct gold rosette link bracelet, featuring delicate floral loops and hanging charm drops. A timeless blend of grace and craftsmanship.\" \/>\n<meta name=\"robots\" content=\"index, follow, max-snippet:-1, max-image-preview:large, max-video-preview:-1\" \/>\n<link rel=\"canonical\" href=\"https:\/\/www.purejewels.com\/tr\/urun\/22-ayar-altin-bilezik-41971\/\" \/>\n<meta property=\"og:locale\" content=\"tr_TR\" \/>\n<meta property=\"og:type\" content=\"article\" \/>\n<meta property=\"og:title\" content=\"22ct Gold Rosette Chain Bracelet with Charm Drops | PureJewels\" \/>\n<meta property=\"og:description\" content=\"Adorn your wrist with this 22ct gold rosette link bracelet, featuring delicate floral loops and hanging charm drops. A timeless blend of grace and craftsmanship.\" \/>\n<meta property=\"og:url\" content=\"https:\/\/www.purejewels.com\/tr\/urun\/22-ayar-altin-bilezik-41971\/\" \/>\n<meta property=\"og:site_name\" content=\"PureJewels UK\" \/>\n<meta property=\"article:modified_time\" content=\"2025-12-22T08:06:35+00:00\" \/>\n<meta property=\"og:image\" content=\"https:\/\/static.purejewels.com\/wp-content\/uploads\/2022\/02\/WhatsApp-Image-2022-02-21-at-14.15.42.jpeg\" \/>\n\t<meta property=\"og:image:width\" content=\"1362\" \/>\n\t<meta property=\"og:image:height\" content=\"454\" \/>\n\t<meta property=\"og:image:type\" content=\"image\/jpeg\" \/>\n<meta name=\"twitter:card\" content=\"summary_large_image\" \/>\n<meta name=\"twitter:label1\" content=\"Tahmini okuma s\u00fcresi\" \/>\n\t<meta name=\"twitter:data1\" content=\"1 dakika\" \/>\n<script type=\"application\/ld+json\" class=\"yoast-schema-graph\">{\"@context\":\"https:\\\/\\\/schema.org\",\"@graph\":[{\"@type\":[\"WebPage\",\"ItemPage\"],\"@id\":\"https:\\\/\\\/www.purejewels.com\\\/product\\\/22ct-gold-bracelet-41971\\\/\",\"url\":\"https:\\\/\\\/www.purejewels.com\\\/product\\\/22ct-gold-bracelet-41971\\\/\",\"name\":\"22ct Gold Rosette Chain Bracelet with Charm Drops | PureJewels\",\"isPartOf\":{\"@id\":\"https:\\\/\\\/www.purejewels.com\\\/#website\"},\"primaryImageOfPage\":{\"@id\":\"https:\\\/\\\/www.purejewels.com\\\/product\\\/22ct-gold-bracelet-41971\\\/#primaryimage\"},\"image\":{\"@id\":\"https:\\\/\\\/www.purejewels.com\\\/product\\\/22ct-gold-bracelet-41971\\\/#primaryimage\"},\"thumbnailUrl\":\"https:\\\/\\\/static.purejewels.com\\\/wp-content\\\/uploads\\\/2022\\\/02\\\/WhatsApp-Image-2022-02-21-at-14.15.42.jpeg\",\"datePublished\":\"2022-02-21T09:07:23+00:00\",\"dateModified\":\"2025-12-22T08:06:35+00:00\",\"description\":\"Adorn your wrist with this 22ct gold rosette link bracelet, featuring delicate floral loops and hanging charm drops. A timeless blend of grace and craftsmanship.\",\"breadcrumb\":{\"@id\":\"https:\\\/\\\/www.purejewels.com\\\/product\\\/22ct-gold-bracelet-41971\\\/#breadcrumb\"},\"inLanguage\":\"tr\",\"potentialAction\":[{\"@type\":\"ReadAction\",\"target\":[\"https:\\\/\\\/www.purejewels.com\\\/product\\\/22ct-gold-bracelet-41971\\\/\"]}]},{\"@type\":\"ImageObject\",\"inLanguage\":\"tr\",\"@id\":\"https:\\\/\\\/www.purejewels.com\\\/product\\\/22ct-gold-bracelet-41971\\\/#primaryimage\",\"url\":\"https:\\\/\\\/static.purejewels.com\\\/wp-content\\\/uploads\\\/2022\\\/02\\\/WhatsApp-Image-2022-02-21-at-14.15.42.jpeg\",\"contentUrl\":\"https:\\\/\\\/static.purejewels.com\\\/wp-content\\\/uploads\\\/2022\\\/02\\\/WhatsApp-Image-2022-02-21-at-14.15.42.jpeg\",\"width\":1362,\"height\":454,\"caption\":\"22ct Gold Bracelet\"},{\"@type\":\"BreadcrumbList\",\"@id\":\"https:\\\/\\\/www.purejewels.com\\\/product\\\/22ct-gold-bracelet-41971\\\/#breadcrumb\",\"itemListElement\":[{\"@type\":\"ListItem\",\"position\":1,\"name\":\"Home\",\"item\":\"https:\\\/\\\/www.purejewels.com\\\/\"},{\"@type\":\"ListItem\",\"position\":2,\"name\":\"Shop\",\"item\":\"https:\\\/\\\/www.purejewels.com\\\/shop\\\/\"},{\"@type\":\"ListItem\",\"position\":3,\"name\":\"22ct Gold Rosette Link Bracelet\"}]},{\"@type\":\"WebSite\",\"@id\":\"https:\\\/\\\/www.purejewels.com\\\/#website\",\"url\":\"https:\\\/\\\/www.purejewels.com\\\/\",\"name\":\"PureJewels UK\",\"description\":\"Share the Love\",\"publisher\":{\"@id\":\"https:\\\/\\\/www.purejewels.com\\\/#organization\"},\"potentialAction\":[{\"@type\":\"SearchAction\",\"target\":{\"@type\":\"EntryPoint\",\"urlTemplate\":\"https:\\\/\\\/www.purejewels.com\\\/?s={search_term_string}\"},\"query-input\":{\"@type\":\"PropertyValueSpecification\",\"valueRequired\":true,\"valueName\":\"search_term_string\"}}],\"inLanguage\":\"tr\"},{\"@type\":\"Organization\",\"@id\":\"https:\\\/\\\/www.purejewels.com\\\/#organization\",\"name\":\"PureJewels UK\",\"url\":\"https:\\\/\\\/www.purejewels.com\\\/\",\"logo\":{\"@type\":\"ImageObject\",\"inLanguage\":\"tr\",\"@id\":\"https:\\\/\\\/www.purejewels.com\\\/#\\\/schema\\\/logo\\\/image\\\/\",\"url\":\"https:\\\/\\\/static.purejewels.com\\\/wp-content\\\/uploads\\\/2020\\\/11\\\/Logo-PJ-New-1.png\",\"contentUrl\":\"https:\\\/\\\/static.purejewels.com\\\/wp-content\\\/uploads\\\/2020\\\/11\\\/Logo-PJ-New-1.png\",\"width\":150,\"height\":80,\"caption\":\"PureJewels UK\"},\"image\":{\"@id\":\"https:\\\/\\\/www.purejewels.com\\\/#\\\/schema\\\/logo\\\/image\\\/\"}}]}<\/script>\n<!-- \/ Yoast SEO plugin. -->","yoast_head_json":{"title":"22 ayar alt\u0131n rozet zincir bileklik, damla \u015feklinde charm'lar ile | PureJewels","description":"Narin \u00e7i\u00e7ek desenli halkalar ve sallanan charm damlalar\u0131yla s\u00fcslenmi\u015f bu 22 ayar alt\u0131n rozet ba\u011flant\u0131l\u0131 bileklikle bile\u011finizi s\u00fcsleyin. Zerafet ve ustal\u0131kla harmanlanm\u0131\u015f zamans\u0131z bir tasar\u0131m.","robots":{"index":"index","follow":"follow","max-snippet":"max-snippet:-1","max-image-preview":"max-image-preview:large","max-video-preview":"max-video-preview:-1"},"canonical":"https:\/\/www.purejewels.com\/tr\/urun\/22-ayar-altin-bilezik-41971\/","og_locale":"tr_TR","og_type":"article","og_title":"22ct Gold Rosette Chain Bracelet with Charm Drops | PureJewels","og_description":"Adorn your wrist with this 22ct gold rosette link bracelet, featuring delicate floral loops and hanging charm drops. A timeless blend of grace and craftsmanship.","og_url":"https:\/\/www.purejewels.com\/tr\/urun\/22-ayar-altin-bilezik-41971\/","og_site_name":"PureJewels UK","article_modified_time":"2025-12-22T08:06:35+00:00","og_image":[{"width":1362,"height":454,"url":"https:\/\/static.purejewels.com\/wp-content\/uploads\/2022\/02\/WhatsApp-Image-2022-02-21-at-14.15.42.jpeg","type":"image\/jpeg"}],"twitter_card":"summary_large_image","twitter_misc":{"Tahmini okuma s\u00fcresi":"1 dakika"},"schema":{"@context":"https:\/\/schema.org","@graph":[{"@type":["WebPage","ItemPage"],"@id":"https:\/\/www.purejewels.com\/product\/22ct-gold-bracelet-41971\/","url":"https:\/\/www.purejewels.com\/product\/22ct-gold-bracelet-41971\/","name":"22 ayar alt\u0131n rozet zincir bileklik, damla \u015feklinde charm'lar ile | PureJewels","isPartOf":{"@id":"https:\/\/www.purejewels.com\/#website"},"primaryImageOfPage":{"@id":"https:\/\/www.purejewels.com\/product\/22ct-gold-bracelet-41971\/#primaryimage"},"image":{"@id":"https:\/\/www.purejewels.com\/product\/22ct-gold-bracelet-41971\/#primaryimage"},"thumbnailUrl":"https:\/\/static.purejewels.com\/wp-content\/uploads\/2022\/02\/WhatsApp-Image-2022-02-21-at-14.15.42.jpeg","datePublished":"2022-02-21T09:07:23+00:00","dateModified":"2025-12-22T08:06:35+00:00","description":"Narin \u00e7i\u00e7ek desenli halkalar ve sallanan charm damlalar\u0131yla s\u00fcslenmi\u015f bu 22 ayar alt\u0131n rozet ba\u011flant\u0131l\u0131 bileklikle bile\u011finizi s\u00fcsleyin. Zerafet ve ustal\u0131kla harmanlanm\u0131\u015f zamans\u0131z bir tasar\u0131m.","breadcrumb":{"@id":"https:\/\/www.purejewels.com\/product\/22ct-gold-bracelet-41971\/#breadcrumb"},"inLanguage":"tr","potentialAction":[{"@type":"ReadAction","target":["https:\/\/www.purejewels.com\/product\/22ct-gold-bracelet-41971\/"]}]},{"@type":"ImageObject","inLanguage":"tr","@id":"https:\/\/www.purejewels.com\/product\/22ct-gold-bracelet-41971\/#primaryimage","url":"https:\/\/static.purejewels.com\/wp-content\/uploads\/2022\/02\/WhatsApp-Image-2022-02-21-at-14.15.42.jpeg","contentUrl":"https:\/\/static.purejewels.com\/wp-content\/uploads\/2022\/02\/WhatsApp-Image-2022-02-21-at-14.15.42.jpeg","width":1362,"height":454,"caption":"22ct Gold Bracelet"},{"@type":"BreadcrumbList","@id":"https:\/\/www.purejewels.com\/product\/22ct-gold-bracelet-41971\/#breadcrumb","itemListElement":[{"@type":"ListItem","position":1,"name":"Home","item":"https:\/\/www.purejewels.com\/"},{"@type":"ListItem","position":2,"name":"Shop","item":"https:\/\/www.purejewels.com\/shop\/"},{"@type":"ListItem","position":3,"name":"22ct Gold Rosette Link Bracelet"}]},{"@type":"WebSite","@id":"https:\/\/www.purejewels.com\/#website","url":"https:\/\/www.purejewels.com\/","name":"PureJewels \u0130ngiltere","description":"Sevgiyi Payla\u015f\u0131n","publisher":{"@id":"https:\/\/www.purejewels.com\/#organization"},"potentialAction":[{"@type":"SearchAction","target":{"@type":"EntryPoint","urlTemplate":"https:\/\/www.purejewels.com\/?s={search_term_string}"},"query-input":{"@type":"PropertyValueSpecification","valueRequired":true,"valueName":"search_term_string"}}],"inLanguage":"tr"},{"@type":"Organization","@id":"https:\/\/www.purejewels.com\/#organization","name":"PureJewels \u0130ngiltere","url":"https:\/\/www.purejewels.com\/","logo":{"@type":"ImageObject","inLanguage":"tr","@id":"https:\/\/www.purejewels.com\/#\/schema\/logo\/image\/","url":"https:\/\/static.purejewels.com\/wp-content\/uploads\/2020\/11\/Logo-PJ-New-1.png","contentUrl":"https:\/\/static.purejewels.com\/wp-content\/uploads\/2020\/11\/Logo-PJ-New-1.png","width":150,"height":80,"caption":"PureJewels UK"},"image":{"@id":"https:\/\/www.purejewels.com\/#\/schema\/logo\/image\/"}}]}},"_links":{"self":[{"href":"https:\/\/www.purejewels.com\/tr\/wp-json\/wp\/v2\/product\/334669","targetHints":{"allow":["GET"]}}],"collection":[{"href":"https:\/\/www.purejewels.com\/tr\/wp-json\/wp\/v2\/product"}],"about":[{"href":"https:\/\/www.purejewels.com\/tr\/wp-json\/wp\/v2\/types\/product"}],"replies":[{"embeddable":true,"href":"https:\/\/www.purejewels.com\/tr\/wp-json\/wp\/v2\/comments?post=334669"}],"version-history":[{"count":1,"href":"https:\/\/www.purejewels.com\/tr\/wp-json\/wp\/v2\/product\/334669\/revisions"}],"predecessor-version":[{"id":423631,"href":"https:\/\/www.purejewels.com\/tr\/wp-json\/wp\/v2\/product\/334669\/revisions\/423631"}],"wp:featuredmedia":[{"embeddable":true,"href":"https:\/\/www.purejewels.com\/tr\/wp-json\/wp\/v2\/media\/334670"}],"wp:attachment":[{"href":"https:\/\/www.purejewels.com\/tr\/wp-json\/wp\/v2\/media?parent=334669"}],"wp:term":[{"taxonomy":"product_brand","embeddable":true,"href":"https:\/\/www.purejewels.com\/tr\/wp-json\/wp\/v2\/product_brand?post=334669"},{"taxonomy":"product_cat","embeddable":true,"href":"https:\/\/www.purejewels.com\/tr\/wp-json\/wp\/v2\/product_cat?post=334669"},{"taxonomy":"product_tag","embeddable":true,"href":"https:\/\/www.purejewels.com\/tr\/wp-json\/wp\/v2\/product_tag?post=334669"}],"curies":[{"name":"wp","href":"https:\/\/api.w.org\/{rel}","templated":true}]}}