{"id":334730,"date":"2022-02-22T08:43:45","date_gmt":"2022-02-22T08:43:45","guid":{"rendered":"https:\/\/www.purejewels.com\/?post_type=product&#038;p=334730"},"modified":"2026-01-06T08:09:03","modified_gmt":"2026-01-06T08:09:03","slug":"22-ayar-kalp-kolye-ucu-rodyum-kaplama-41763","status":"publish","type":"product","link":"https:\/\/www.purejewels.com\/tr\/product\/22ct-heart-pendant-rhodium-finish-41763\/","title":{"rendered":"22ct Kalp Kolye | Rodyum Kaplama"},"content":{"rendered":"<h3>Zarafet<\/h3>\n<p>Bu tek seferlik a\u015fk kalbi kolye ucu beyaz rodyum kaplama, bir a\u00e7\u0131klama yapmak i\u00e7in ihtiyac\u0131n\u0131z olan tek \u015fey. Aksesuarlar\u0131n g\u00f6r\u00fcn\u00fcm\u00fcn\u00fcz\u00fc tam anlam\u0131yla de\u011fi\u015ftirebilece\u011fi ya da bozabilece\u011fi s\u00f6ylenir. Bunlar\u0131n parti g\u00f6r\u00fcn\u00fcm\u00fcn\u00fcz\u00fc bir \u00fcst seviyeye ta\u015f\u0131yaca\u011f\u0131 kesin. Purejewels taraf\u0131ndan tasarlanan bu cesur ve sanatsal g\u00f6r\u00fcn\u00fcml\u00fc kolye ucu, benzerlerinden olu\u015fan g\u00fczel bir setin uzant\u0131s\u0131d\u0131r. <a href=\"https:\/\/www.purejewels.com\/tr\/product-category\/22ct-gold-jewellery\/gold-earrings\/\">K\u00fcpeler<\/a>bir partinin hayat\u0131 gibi hissetmek i\u00e7in ihtiyac\u0131n\u0131z olan tek \u015fey.<\/p>\n<h3>\u0130lham kayna\u011f\u0131<\/h3>\n<p>Bu g\u00fczel <a href=\"https:\/\/www.purejewels.com\/tr\/product\/22carat-gold-indian-pendant-23635\/\">ger\u00e7ek alt\u0131n kolye ucu<\/a> karma\u015f\u0131k mimari yap\u0131lardan esinlenilerek saf 22 ayar alt\u0131ndan \u00fcretilmi\u015ftir. Bu el detayl\u0131 kalp unsuru, karigarlar\u0131m\u0131z taraf\u0131ndan kusursuz bir \u015fekilde bir araya getirilerek en karma\u015f\u0131k \u015fekilde haz\u0131rlanm\u0131\u015ft\u0131r. Ayr\u0131ca, kalbin i\u00e7i g\u00fczel bir jali \u00e7al\u0131\u015fmas\u0131yla zenginle\u015ftirilmi\u015f ve her taraf\u0131 mat alt\u0131n tonuyla tamamlanm\u0131\u015ft\u0131r. L\u00fcks mat alt\u0131n ton, a\u015fa\u011f\u0131daki detaylarla b\u00fcy\u00fclenmi\u015ftir <a href=\"https:\/\/www.purejewels.com\/tr\/product\/designer-ring-for-women-in-22-carat-31928\/\">rodyum kaplama<\/a> kalp unsurlar\u0131n\u0131n kenarlar\u0131nda, uzaktan bile g\u00f6ze \u00e7arpmas\u0131n\u0131 sa\u011flar.<\/p>\n<h3>Stil<\/h3>\n<p>Bu g\u00fczellik, t\u00fcm parti k\u0131yafetlerinizle uyum sa\u011flamak i\u00e7in m\u00fckemmeldir. M\u00fckemmel m\u00fccevherleri bulmak i\u00e7in bekledi\u011finiz o d\u00fc\u011f\u00fcn kokteyli gecesi i\u00e7in haz\u0131rlan\u0131n \u00e7\u00fcnk\u00fc aray\u0131\u015f\u0131n\u0131z kesinlikle sona erdi. Swarovski rodyum kaplama k\u0131rm\u0131z\u0131 kristal kalp kolye ucu kadar e\u015fsiz bir \u015fey ar\u0131yorsan\u0131z <strong>KOLYE<\/strong>o zaman bu da harika bir se\u00e7enek gibi g\u00f6r\u00fcnebilir.<\/p>","protected":false},"excerpt":{"rendered":"<ul>\n<li>Rodyum Kaplamal\u0131 22 Ayar Alt\u0131n Kolye<\/li>\n<li>Alt\u0131n Kolye \u0130ngiltere<\/li>\n<li>A\u011f\u0131rl\u0131k 3,9 gms<\/li>\n<li>SKU. 41763<\/li>\n<li>Zincir dahil de\u011fildir.<\/li>\n<li>Resimde g\u00f6sterilen Zincir bir\u00a0<strong>Spiga Zincir<\/strong><\/li>\n<li>T\u00fcm \u00dcr\u00fcnlerimiz Londra Tahlil Ofisi Taraf\u0131ndan Damgalanm\u0131\u015ft\u0131r<\/li>\n<li>Sunum Kutusu ile Birlikte Gelir<\/li>\n<li>Teslimat Dahil<\/li>\n<li>T\u00fcm fiyatlara KDV dahildir<\/li>\n<li>\u00dcr\u00fcn\u00fcn videosunu g\u00f6rmek i\u00e7in bize ula\u015f\u0131n \/ bizimle canl\u0131 sohbet edin<\/li>\n<\/ul>","protected":false},"featured_media":334749,"comment_status":"closed","ping_status":"closed","template":"","meta":{"_eb_attr":"","_crsspst_to_jayantr4sg-hostcom":false},"product_brand":[],"product_cat":[1791,1770,1790,1255,1767,1573,1574],"product_tag":[],"class_list":{"0":"post-334730","1":"product","2":"type-product","3":"status-publish","4":"has-post-thumbnail","6":"product_cat-anniversary-gifts","7":"product_cat-fancy-pendants","8":"product_cat-for-whom-when","9":"product_cat-gold-pendants","10":"product_cat-ladies-pendants","11":"product_cat-wedding-gifts","12":"product_cat-womens-jewellery","14":"first","15":"outofstock","16":"sale","17":"taxable","18":"shipping-taxable","19":"product-type-simple","20":"add-to-wishlist-before_image"},"yoast_head":"<!-- This site is optimized with the Yoast SEO plugin v27.3 - https:\/\/yoast.com\/product\/yoast-seo-wordpress\/ -->\n<title>Heart Pendant in 22ct Gold | Order Now | PureJewels.com<\/title>\n<meta name=\"description\" content=\"22ct Pretty Pendants Online in London | Pure Gold Pendants | Pair it Up With Your Favourite Chain | Fast Delivery\" \/>\n<meta name=\"robots\" content=\"index, follow, max-snippet:-1, max-image-preview:large, max-video-preview:-1\" \/>\n<link rel=\"canonical\" href=\"https:\/\/www.purejewels.com\/tr\/urun\/22-ayar-kalp-kolye-ucu-rodyum-kaplama-41763\/\" \/>\n<meta property=\"og:locale\" content=\"tr_TR\" \/>\n<meta property=\"og:type\" content=\"article\" \/>\n<meta property=\"og:title\" content=\"Heart Pendant in 22ct Gold | Order Now | PureJewels.com\" \/>\n<meta property=\"og:description\" content=\"22ct Pretty Pendants Online in London | Pure Gold Pendants | Pair it Up With Your Favourite Chain | Fast Delivery\" \/>\n<meta property=\"og:url\" content=\"https:\/\/www.purejewels.com\/tr\/urun\/22-ayar-kalp-kolye-ucu-rodyum-kaplama-41763\/\" \/>\n<meta property=\"og:site_name\" content=\"PureJewels UK\" \/>\n<meta property=\"article:modified_time\" content=\"2026-01-06T08:09:03+00:00\" \/>\n<meta property=\"og:image\" content=\"https:\/\/www.purejewels.com\/wp-content\/uploads\/2022\/02\/2022-02-02-12-45-12-BRadius8Smoothing4.jpg\" \/>\n\t<meta property=\"og:image:width\" content=\"1000\" \/>\n\t<meta property=\"og:image:height\" content=\"1000\" \/>\n\t<meta property=\"og:image:type\" content=\"image\/jpeg\" \/>\n<meta name=\"twitter:card\" content=\"summary_large_image\" \/>\n<meta name=\"twitter:label1\" content=\"Tahmini okuma s\u00fcresi\" \/>\n\t<meta name=\"twitter:data1\" content=\"1 dakika\" \/>\n<script type=\"application\/ld+json\" class=\"yoast-schema-graph\">{\"@context\":\"https:\\\/\\\/schema.org\",\"@graph\":[{\"@type\":[\"WebPage\",\"ItemPage\"],\"@id\":\"https:\\\/\\\/www.purejewels.com\\\/product\\\/22ct-heart-pendant-rhodium-finish-41763\\\/\",\"url\":\"https:\\\/\\\/www.purejewels.com\\\/product\\\/22ct-heart-pendant-rhodium-finish-41763\\\/\",\"name\":\"Heart Pendant in 22ct Gold | Order Now | PureJewels.com\",\"isPartOf\":{\"@id\":\"https:\\\/\\\/www.purejewels.com\\\/#website\"},\"primaryImageOfPage\":{\"@id\":\"https:\\\/\\\/www.purejewels.com\\\/product\\\/22ct-heart-pendant-rhodium-finish-41763\\\/#primaryimage\"},\"image\":{\"@id\":\"https:\\\/\\\/www.purejewels.com\\\/product\\\/22ct-heart-pendant-rhodium-finish-41763\\\/#primaryimage\"},\"thumbnailUrl\":\"https:\\\/\\\/static.purejewels.com\\\/wp-content\\\/uploads\\\/2022\\\/02\\\/2022-02-02-12-45-12-BRadius8Smoothing4.jpg\",\"datePublished\":\"2022-02-22T08:43:45+00:00\",\"dateModified\":\"2026-01-06T08:09:03+00:00\",\"description\":\"22ct Pretty Pendants Online in London | Pure Gold Pendants | Pair it Up With Your Favourite Chain | Fast Delivery\",\"breadcrumb\":{\"@id\":\"https:\\\/\\\/www.purejewels.com\\\/product\\\/22ct-heart-pendant-rhodium-finish-41763\\\/#breadcrumb\"},\"inLanguage\":\"tr\",\"potentialAction\":[{\"@type\":\"ReadAction\",\"target\":[\"https:\\\/\\\/www.purejewels.com\\\/product\\\/22ct-heart-pendant-rhodium-finish-41763\\\/\"]}]},{\"@type\":\"ImageObject\",\"inLanguage\":\"tr\",\"@id\":\"https:\\\/\\\/www.purejewels.com\\\/product\\\/22ct-heart-pendant-rhodium-finish-41763\\\/#primaryimage\",\"url\":\"https:\\\/\\\/static.purejewels.com\\\/wp-content\\\/uploads\\\/2022\\\/02\\\/2022-02-02-12-45-12-BRadius8Smoothing4.jpg\",\"contentUrl\":\"https:\\\/\\\/static.purejewels.com\\\/wp-content\\\/uploads\\\/2022\\\/02\\\/2022-02-02-12-45-12-BRadius8Smoothing4.jpg\",\"width\":1000,\"height\":1000,\"caption\":\"22ct Heart Pendant | Rhodium Finish\"},{\"@type\":\"BreadcrumbList\",\"@id\":\"https:\\\/\\\/www.purejewels.com\\\/product\\\/22ct-heart-pendant-rhodium-finish-41763\\\/#breadcrumb\",\"itemListElement\":[{\"@type\":\"ListItem\",\"position\":1,\"name\":\"Home\",\"item\":\"https:\\\/\\\/www.purejewels.com\\\/\"},{\"@type\":\"ListItem\",\"position\":2,\"name\":\"Shop\",\"item\":\"https:\\\/\\\/www.purejewels.com\\\/shop\\\/\"},{\"@type\":\"ListItem\",\"position\":3,\"name\":\"22ct Heart Pendant | Rhodium Finish\"}]},{\"@type\":\"WebSite\",\"@id\":\"https:\\\/\\\/www.purejewels.com\\\/#website\",\"url\":\"https:\\\/\\\/www.purejewels.com\\\/\",\"name\":\"PureJewels UK\",\"description\":\"Share the Love\",\"publisher\":{\"@id\":\"https:\\\/\\\/www.purejewels.com\\\/#organization\"},\"potentialAction\":[{\"@type\":\"SearchAction\",\"target\":{\"@type\":\"EntryPoint\",\"urlTemplate\":\"https:\\\/\\\/www.purejewels.com\\\/?s={search_term_string}\"},\"query-input\":{\"@type\":\"PropertyValueSpecification\",\"valueRequired\":true,\"valueName\":\"search_term_string\"}}],\"inLanguage\":\"tr\"},{\"@type\":\"Organization\",\"@id\":\"https:\\\/\\\/www.purejewels.com\\\/#organization\",\"name\":\"PureJewels UK\",\"url\":\"https:\\\/\\\/www.purejewels.com\\\/\",\"logo\":{\"@type\":\"ImageObject\",\"inLanguage\":\"tr\",\"@id\":\"https:\\\/\\\/www.purejewels.com\\\/#\\\/schema\\\/logo\\\/image\\\/\",\"url\":\"https:\\\/\\\/static.purejewels.com\\\/wp-content\\\/uploads\\\/2020\\\/11\\\/Logo-PJ-New-1.png\",\"contentUrl\":\"https:\\\/\\\/static.purejewels.com\\\/wp-content\\\/uploads\\\/2020\\\/11\\\/Logo-PJ-New-1.png\",\"width\":150,\"height\":80,\"caption\":\"PureJewels UK\"},\"image\":{\"@id\":\"https:\\\/\\\/www.purejewels.com\\\/#\\\/schema\\\/logo\\\/image\\\/\"}}]}<\/script>\n<!-- \/ Yoast SEO plugin. -->","yoast_head_json":{"title":"22 Ayar Alt\u0131n Kalp Kolye Ucu | \u015eimdi Sipari\u015f Verin | PureJewels.com","description":"Londra'da Online 22 Ayar G\u00fczel Kolyeler | Saf Alt\u0131n Kolyeler | En Sevdi\u011finiz Zincirle E\u015fle\u015ftirin | H\u0131zl\u0131 Teslimat","robots":{"index":"index","follow":"follow","max-snippet":"max-snippet:-1","max-image-preview":"max-image-preview:large","max-video-preview":"max-video-preview:-1"},"canonical":"https:\/\/www.purejewels.com\/tr\/urun\/22-ayar-kalp-kolye-ucu-rodyum-kaplama-41763\/","og_locale":"tr_TR","og_type":"article","og_title":"Heart Pendant in 22ct Gold | Order Now | PureJewels.com","og_description":"22ct Pretty Pendants Online in London | Pure Gold Pendants | Pair it Up With Your Favourite Chain | Fast Delivery","og_url":"https:\/\/www.purejewels.com\/tr\/urun\/22-ayar-kalp-kolye-ucu-rodyum-kaplama-41763\/","og_site_name":"PureJewels UK","article_modified_time":"2026-01-06T08:09:03+00:00","og_image":[{"width":1000,"height":1000,"url":"https:\/\/www.purejewels.com\/wp-content\/uploads\/2022\/02\/2022-02-02-12-45-12-BRadius8Smoothing4.jpg","type":"image\/jpeg"}],"twitter_card":"summary_large_image","twitter_misc":{"Tahmini okuma s\u00fcresi":"1 dakika"},"schema":{"@context":"https:\/\/schema.org","@graph":[{"@type":["WebPage","ItemPage"],"@id":"https:\/\/www.purejewels.com\/product\/22ct-heart-pendant-rhodium-finish-41763\/","url":"https:\/\/www.purejewels.com\/product\/22ct-heart-pendant-rhodium-finish-41763\/","name":"22 Ayar Alt\u0131n Kalp Kolye Ucu | \u015eimdi Sipari\u015f Verin | PureJewels.com","isPartOf":{"@id":"https:\/\/www.purejewels.com\/#website"},"primaryImageOfPage":{"@id":"https:\/\/www.purejewels.com\/product\/22ct-heart-pendant-rhodium-finish-41763\/#primaryimage"},"image":{"@id":"https:\/\/www.purejewels.com\/product\/22ct-heart-pendant-rhodium-finish-41763\/#primaryimage"},"thumbnailUrl":"https:\/\/static.purejewels.com\/wp-content\/uploads\/2022\/02\/2022-02-02-12-45-12-BRadius8Smoothing4.jpg","datePublished":"2022-02-22T08:43:45+00:00","dateModified":"2026-01-06T08:09:03+00:00","description":"Londra'da Online 22 Ayar G\u00fczel Kolyeler | Saf Alt\u0131n Kolyeler | En Sevdi\u011finiz Zincirle E\u015fle\u015ftirin | H\u0131zl\u0131 Teslimat","breadcrumb":{"@id":"https:\/\/www.purejewels.com\/product\/22ct-heart-pendant-rhodium-finish-41763\/#breadcrumb"},"inLanguage":"tr","potentialAction":[{"@type":"ReadAction","target":["https:\/\/www.purejewels.com\/product\/22ct-heart-pendant-rhodium-finish-41763\/"]}]},{"@type":"ImageObject","inLanguage":"tr","@id":"https:\/\/www.purejewels.com\/product\/22ct-heart-pendant-rhodium-finish-41763\/#primaryimage","url":"https:\/\/static.purejewels.com\/wp-content\/uploads\/2022\/02\/2022-02-02-12-45-12-BRadius8Smoothing4.jpg","contentUrl":"https:\/\/static.purejewels.com\/wp-content\/uploads\/2022\/02\/2022-02-02-12-45-12-BRadius8Smoothing4.jpg","width":1000,"height":1000,"caption":"22ct Heart Pendant | Rhodium Finish"},{"@type":"BreadcrumbList","@id":"https:\/\/www.purejewels.com\/product\/22ct-heart-pendant-rhodium-finish-41763\/#breadcrumb","itemListElement":[{"@type":"ListItem","position":1,"name":"Home","item":"https:\/\/www.purejewels.com\/"},{"@type":"ListItem","position":2,"name":"Shop","item":"https:\/\/www.purejewels.com\/shop\/"},{"@type":"ListItem","position":3,"name":"22ct Heart Pendant | Rhodium Finish"}]},{"@type":"WebSite","@id":"https:\/\/www.purejewels.com\/#website","url":"https:\/\/www.purejewels.com\/","name":"PureJewels \u0130ngiltere","description":"Sevgiyi Payla\u015f\u0131n","publisher":{"@id":"https:\/\/www.purejewels.com\/#organization"},"potentialAction":[{"@type":"SearchAction","target":{"@type":"EntryPoint","urlTemplate":"https:\/\/www.purejewels.com\/?s={search_term_string}"},"query-input":{"@type":"PropertyValueSpecification","valueRequired":true,"valueName":"search_term_string"}}],"inLanguage":"tr"},{"@type":"Organization","@id":"https:\/\/www.purejewels.com\/#organization","name":"PureJewels \u0130ngiltere","url":"https:\/\/www.purejewels.com\/","logo":{"@type":"ImageObject","inLanguage":"tr","@id":"https:\/\/www.purejewels.com\/#\/schema\/logo\/image\/","url":"https:\/\/static.purejewels.com\/wp-content\/uploads\/2020\/11\/Logo-PJ-New-1.png","contentUrl":"https:\/\/static.purejewels.com\/wp-content\/uploads\/2020\/11\/Logo-PJ-New-1.png","width":150,"height":80,"caption":"PureJewels UK"},"image":{"@id":"https:\/\/www.purejewels.com\/#\/schema\/logo\/image\/"}}]}},"_links":{"self":[{"href":"https:\/\/www.purejewels.com\/tr\/wp-json\/wp\/v2\/product\/334730","targetHints":{"allow":["GET"]}}],"collection":[{"href":"https:\/\/www.purejewels.com\/tr\/wp-json\/wp\/v2\/product"}],"about":[{"href":"https:\/\/www.purejewels.com\/tr\/wp-json\/wp\/v2\/types\/product"}],"replies":[{"embeddable":true,"href":"https:\/\/www.purejewels.com\/tr\/wp-json\/wp\/v2\/comments?post=334730"}],"version-history":[{"count":0,"href":"https:\/\/www.purejewels.com\/tr\/wp-json\/wp\/v2\/product\/334730\/revisions"}],"wp:featuredmedia":[{"embeddable":true,"href":"https:\/\/www.purejewels.com\/tr\/wp-json\/wp\/v2\/media\/334749"}],"wp:attachment":[{"href":"https:\/\/www.purejewels.com\/tr\/wp-json\/wp\/v2\/media?parent=334730"}],"wp:term":[{"taxonomy":"product_brand","embeddable":true,"href":"https:\/\/www.purejewels.com\/tr\/wp-json\/wp\/v2\/product_brand?post=334730"},{"taxonomy":"product_cat","embeddable":true,"href":"https:\/\/www.purejewels.com\/tr\/wp-json\/wp\/v2\/product_cat?post=334730"},{"taxonomy":"product_tag","embeddable":true,"href":"https:\/\/www.purejewels.com\/tr\/wp-json\/wp\/v2\/product_tag?post=334730"}],"curies":[{"name":"wp","href":"https:\/\/api.w.org\/{rel}","templated":true}]}}