{"id":334736,"date":"2022-02-22T08:17:08","date_gmt":"2022-02-22T08:17:08","guid":{"rendered":"https:\/\/www.purejewels.com\/?post_type=product&#038;p=334736"},"modified":"2022-06-11T10:25:08","modified_gmt":"2022-06-11T09:25:08","slug":"altin-damla-kupe-28402","status":"publish","type":"product","link":"https:\/\/www.purejewels.com\/tr\/product\/gold-drop-earring-28402\/","title":{"rendered":"Alt\u0131n Damla K\u00fcpe"},"content":{"rendered":"<h3>\u0130lham kayna\u011f\u0131<\/h3>\n<p>E\u015fsiz ve modern benli\u011finizden ilham alan bu alt\u0131n <a href=\"https:\/\/www.purejewels.com\/tr\/product\/22ct-gold-oval-drop-earrings-rhodium-finish\/\">damla k\u00fcpeler<\/a> s\u0131n\u0131f\u0131n ve modernli\u011fin \u00f6z\u00fcd\u00fcr. \u00c7\u0131t\u00e7\u0131tl\u0131 kulaklar \u00e7a\u011flardan beri tak\u0131lmaktad\u0131r ve geleneksel Hint m\u00fccevher kutular\u0131n\u0131n \u00f6nemli bir par\u00e7as\u0131 olmu\u015ftur. \u00c7\u0131t\u00e7\u0131tl\u0131 kulaklar zahmetsiz, cesur ve muhte\u015femdir. Temelde daha uzun tak\u0131lar\u0131n daha k\u00fc\u00e7\u00fck versiyonlar\u0131d\u0131r. <a href=\"https:\/\/www.purejewels.com\/tr\/product-category\/22ct-gold-jewellery\/gold-earrings\/\">K\u00fcpeler<\/a> kulak memelerinin alt\u0131na d\u00fc\u015fer. \u00c7ok fazla dram katmadan kulak memelerinizi zahmetsizce \u00f6rtecek \u015fekilde \u00fcretilmi\u015ftir.<\/p>\n<h3>Tasar\u0131m<\/h3>\n<p>Bu muhte\u015fem alt\u0131n renginin tasar\u0131m\u0131 <strong>damla k\u00fcpeler<\/strong> \u0130ngiltere, modern stil ve sil\u00fcetlerden ilham al\u0131yor. Cesur bir g\u00f6r\u00fcn\u00fcme sahip olmalar\u0131na ra\u011fmen, \u015fekil ve boyutlar\u0131 incelik ve minimalitenin g\u00fcvence alt\u0131na al\u0131nmas\u0131n\u0131 sa\u011fl\u0131yor. \u0130ngiltere <a href=\"https:\/\/www.purejewels.com\/tr\/product\/22ct-gold-ladies-stud-earring-with-rhodium-finish-46497\/\">K\u00fcpe<\/a> \u00e7ok ince ve zarif yaprak \u015feklinde bir yap\u0131ya sahiptir. Y\u00fczeyi boyunca \u00e7ivilerle s\u00fcslenmi\u015f ve m\u00fckemmel miktarda renkle g\u00f6z kama\u015ft\u0131racak kadar \u015fenlikli.<\/p>\n<h3>Stil<\/h3>\n<p>Bu minimal damla k\u00fcpeleri resmi k\u0131yafetlerinizle ya da seyahat k\u0131yafetlerinizle kombinleyerek zahmetsiz ama \u015f\u0131k bir g\u00f6r\u00fcn\u00fcm yaratabilirsiniz. Bu muhte\u015fem kulak \u00e7\u0131t\u00e7\u0131t\u0131n\u0131n ger\u00e7ek hayranl\u0131k uyand\u0131r\u0131c\u0131 izlenimini b\u0131rakmas\u0131 i\u00e7in sa\u00e7lar\u0131n\u0131z ba\u011fl\u0131yken ipek sarilerinizle ve di\u011fer bayram k\u0131yafetlerinizle de takabilirsiniz. E\u011fer bu size de hitap ediyorsa, ke\u015ffedilmeyi bekleyen birbirinden g\u00fczel alt\u0131n inci damla k\u00fcpeler i\u00e7in web sitemizi ziyaret etmenizi \u00e7ok isteriz.<\/p>","protected":false},"excerpt":{"rendered":"<ul>\n<li>22 Ayar Alt\u0131n K\u00fcpe<\/li>\n<li>A\u011f\u0131rl\u0131k 3,9 gms<\/li>\n<li>SKU. 28402<\/li>\n<li>T\u00fcm fiyatlara KDV dahildir<\/li>\n<li>T\u00fcm \u00dcr\u00fcnlerimiz Londra Tahlil Ofisi Taraf\u0131ndan Damgalanm\u0131\u015ft\u0131r<\/li>\n<li>Sunum Kutusu ile Birlikte Gelir<\/li>\n<li>Teslimat Dahil<\/li>\n<li>\u00dcr\u00fcn\u00fcn videosu i\u00e7in bize ula\u015f\u0131n \/ Bizimle sohbet edin<\/li>\n<\/ul>","protected":false},"featured_media":334737,"comment_status":"closed","ping_status":"closed","template":"","meta":{"_eb_attr":"","_crsspst_to_jayantr4sg-hostcom":false},"product_brand":[],"product_cat":[1685,1254,5344,1570,1573,1574,5349],"product_tag":[66],"class_list":{"0":"post-334736","1":"product","2":"type-product","3":"status-publish","4":"has-post-thumbnail","6":"product_cat-drop-earrings","7":"product_cat-gold-earrings","8":"product_cat-jewellery-under-750","9":"product_cat-mothers-day-gifts","10":"product_cat-wedding-gifts","11":"product_cat-womens-jewellery","12":"product_cat-yellow-gold-jewellery","13":"product_tag-earrings","15":"first","16":"outofstock","17":"taxable","18":"shipping-taxable","19":"product-type-simple","20":"add-to-wishlist-before_image"},"yoast_head":"<!-- This site is optimized with the Yoast SEO plugin v27.3 - https:\/\/yoast.com\/product\/yoast-seo-wordpress\/ -->\n<title>Shop Unique Drop Earrings Online | Earrings Designs<\/title>\n<meta name=\"description\" content=\"Discover the perfect Unique Drop Earrings at PureJewels, UK. Shop Earrings designs at the best price. Free delivery across UK.\" \/>\n<meta name=\"robots\" content=\"index, follow, max-snippet:-1, max-image-preview:large, max-video-preview:-1\" \/>\n<link rel=\"canonical\" href=\"https:\/\/www.purejewels.com\/tr\/urun\/altin-damla-kupe-28402\/\" \/>\n<meta property=\"og:locale\" content=\"tr_TR\" \/>\n<meta property=\"og:type\" content=\"article\" \/>\n<meta property=\"og:title\" content=\"Shop Unique Drop Earrings Online | Earrings Designs\" \/>\n<meta property=\"og:description\" content=\"Discover the perfect Unique Drop Earrings at PureJewels, UK. Shop Earrings designs at the best price. Free delivery across UK.\" \/>\n<meta property=\"og:url\" content=\"https:\/\/www.purejewels.com\/tr\/urun\/altin-damla-kupe-28402\/\" \/>\n<meta property=\"og:site_name\" content=\"PureJewels UK\" \/>\n<meta property=\"article:modified_time\" content=\"2022-06-11T09:25:08+00:00\" \/>\n<meta property=\"og:image\" content=\"https:\/\/www.purejewels.com\/wp-content\/uploads\/2022\/02\/28402-1.jpg\" \/>\n\t<meta property=\"og:image:width\" content=\"1000\" \/>\n\t<meta property=\"og:image:height\" content=\"1000\" \/>\n\t<meta property=\"og:image:type\" content=\"image\/jpeg\" \/>\n<meta name=\"twitter:card\" content=\"summary_large_image\" \/>\n<meta name=\"twitter:label1\" content=\"Tahmini okuma s\u00fcresi\" \/>\n\t<meta name=\"twitter:data1\" content=\"1 dakika\" \/>\n<script type=\"application\/ld+json\" class=\"yoast-schema-graph\">{\"@context\":\"https:\\\/\\\/schema.org\",\"@graph\":[{\"@type\":[\"WebPage\",\"ItemPage\"],\"@id\":\"https:\\\/\\\/www.purejewels.com\\\/product\\\/gold-drop-earring-28402\\\/\",\"url\":\"https:\\\/\\\/www.purejewels.com\\\/product\\\/gold-drop-earring-28402\\\/\",\"name\":\"Shop Unique Drop Earrings Online | Earrings Designs\",\"isPartOf\":{\"@id\":\"https:\\\/\\\/www.purejewels.com\\\/#website\"},\"primaryImageOfPage\":{\"@id\":\"https:\\\/\\\/www.purejewels.com\\\/product\\\/gold-drop-earring-28402\\\/#primaryimage\"},\"image\":{\"@id\":\"https:\\\/\\\/www.purejewels.com\\\/product\\\/gold-drop-earring-28402\\\/#primaryimage\"},\"thumbnailUrl\":\"https:\\\/\\\/static.purejewels.com\\\/wp-content\\\/uploads\\\/2022\\\/02\\\/28402-1.jpg\",\"datePublished\":\"2022-02-22T08:17:08+00:00\",\"dateModified\":\"2022-06-11T09:25:08+00:00\",\"description\":\"Discover the perfect Unique Drop Earrings at PureJewels, UK. Shop Earrings designs at the best price. Free delivery across UK.\",\"breadcrumb\":{\"@id\":\"https:\\\/\\\/www.purejewels.com\\\/product\\\/gold-drop-earring-28402\\\/#breadcrumb\"},\"inLanguage\":\"tr\",\"potentialAction\":[{\"@type\":\"ReadAction\",\"target\":[\"https:\\\/\\\/www.purejewels.com\\\/product\\\/gold-drop-earring-28402\\\/\"]}]},{\"@type\":\"ImageObject\",\"inLanguage\":\"tr\",\"@id\":\"https:\\\/\\\/www.purejewels.com\\\/product\\\/gold-drop-earring-28402\\\/#primaryimage\",\"url\":\"https:\\\/\\\/static.purejewels.com\\\/wp-content\\\/uploads\\\/2022\\\/02\\\/28402-1.jpg\",\"contentUrl\":\"https:\\\/\\\/static.purejewels.com\\\/wp-content\\\/uploads\\\/2022\\\/02\\\/28402-1.jpg\",\"width\":1000,\"height\":1000,\"caption\":\"22ct Gold Earring 28402-1\"},{\"@type\":\"BreadcrumbList\",\"@id\":\"https:\\\/\\\/www.purejewels.com\\\/product\\\/gold-drop-earring-28402\\\/#breadcrumb\",\"itemListElement\":[{\"@type\":\"ListItem\",\"position\":1,\"name\":\"Home\",\"item\":\"https:\\\/\\\/www.purejewels.com\\\/\"},{\"@type\":\"ListItem\",\"position\":2,\"name\":\"Shop\",\"item\":\"https:\\\/\\\/www.purejewels.com\\\/shop\\\/\"},{\"@type\":\"ListItem\",\"position\":3,\"name\":\"Gold Drop Earring\"}]},{\"@type\":\"WebSite\",\"@id\":\"https:\\\/\\\/www.purejewels.com\\\/#website\",\"url\":\"https:\\\/\\\/www.purejewels.com\\\/\",\"name\":\"PureJewels UK\",\"description\":\"Share the Love\",\"publisher\":{\"@id\":\"https:\\\/\\\/www.purejewels.com\\\/#organization\"},\"potentialAction\":[{\"@type\":\"SearchAction\",\"target\":{\"@type\":\"EntryPoint\",\"urlTemplate\":\"https:\\\/\\\/www.purejewels.com\\\/?s={search_term_string}\"},\"query-input\":{\"@type\":\"PropertyValueSpecification\",\"valueRequired\":true,\"valueName\":\"search_term_string\"}}],\"inLanguage\":\"tr\"},{\"@type\":\"Organization\",\"@id\":\"https:\\\/\\\/www.purejewels.com\\\/#organization\",\"name\":\"PureJewels UK\",\"url\":\"https:\\\/\\\/www.purejewels.com\\\/\",\"logo\":{\"@type\":\"ImageObject\",\"inLanguage\":\"tr\",\"@id\":\"https:\\\/\\\/www.purejewels.com\\\/#\\\/schema\\\/logo\\\/image\\\/\",\"url\":\"https:\\\/\\\/static.purejewels.com\\\/wp-content\\\/uploads\\\/2020\\\/11\\\/Logo-PJ-New-1.png\",\"contentUrl\":\"https:\\\/\\\/static.purejewels.com\\\/wp-content\\\/uploads\\\/2020\\\/11\\\/Logo-PJ-New-1.png\",\"width\":150,\"height\":80,\"caption\":\"PureJewels UK\"},\"image\":{\"@id\":\"https:\\\/\\\/www.purejewels.com\\\/#\\\/schema\\\/logo\\\/image\\\/\"}}]}<\/script>\n<!-- \/ Yoast SEO plugin. -->","yoast_head_json":{"title":"Benzersiz Damla K\u00fcpeleri Online Sat\u0131n Al\u0131n | K\u00fcpe Tasar\u0131mlar\u0131","description":"PureJewels, UK'de m\u00fckemmel E\u015fsiz Damla K\u00fcpeleri ke\u015ffedin. K\u00fcpe tasar\u0131mlar\u0131n\u0131 en iyi fiyata sat\u0131n al\u0131n. \u0130ngiltere genelinde \u00fccretsiz teslimat.","robots":{"index":"index","follow":"follow","max-snippet":"max-snippet:-1","max-image-preview":"max-image-preview:large","max-video-preview":"max-video-preview:-1"},"canonical":"https:\/\/www.purejewels.com\/tr\/urun\/altin-damla-kupe-28402\/","og_locale":"tr_TR","og_type":"article","og_title":"Shop Unique Drop Earrings Online | Earrings Designs","og_description":"Discover the perfect Unique Drop Earrings at PureJewels, UK. Shop Earrings designs at the best price. Free delivery across UK.","og_url":"https:\/\/www.purejewels.com\/tr\/urun\/altin-damla-kupe-28402\/","og_site_name":"PureJewels UK","article_modified_time":"2022-06-11T09:25:08+00:00","og_image":[{"width":1000,"height":1000,"url":"https:\/\/www.purejewels.com\/wp-content\/uploads\/2022\/02\/28402-1.jpg","type":"image\/jpeg"}],"twitter_card":"summary_large_image","twitter_misc":{"Tahmini okuma s\u00fcresi":"1 dakika"},"schema":{"@context":"https:\/\/schema.org","@graph":[{"@type":["WebPage","ItemPage"],"@id":"https:\/\/www.purejewels.com\/product\/gold-drop-earring-28402\/","url":"https:\/\/www.purejewels.com\/product\/gold-drop-earring-28402\/","name":"Benzersiz Damla K\u00fcpeleri Online Sat\u0131n Al\u0131n | K\u00fcpe Tasar\u0131mlar\u0131","isPartOf":{"@id":"https:\/\/www.purejewels.com\/#website"},"primaryImageOfPage":{"@id":"https:\/\/www.purejewels.com\/product\/gold-drop-earring-28402\/#primaryimage"},"image":{"@id":"https:\/\/www.purejewels.com\/product\/gold-drop-earring-28402\/#primaryimage"},"thumbnailUrl":"https:\/\/static.purejewels.com\/wp-content\/uploads\/2022\/02\/28402-1.jpg","datePublished":"2022-02-22T08:17:08+00:00","dateModified":"2022-06-11T09:25:08+00:00","description":"PureJewels, UK'de m\u00fckemmel E\u015fsiz Damla K\u00fcpeleri ke\u015ffedin. K\u00fcpe tasar\u0131mlar\u0131n\u0131 en iyi fiyata sat\u0131n al\u0131n. \u0130ngiltere genelinde \u00fccretsiz teslimat.","breadcrumb":{"@id":"https:\/\/www.purejewels.com\/product\/gold-drop-earring-28402\/#breadcrumb"},"inLanguage":"tr","potentialAction":[{"@type":"ReadAction","target":["https:\/\/www.purejewels.com\/product\/gold-drop-earring-28402\/"]}]},{"@type":"ImageObject","inLanguage":"tr","@id":"https:\/\/www.purejewels.com\/product\/gold-drop-earring-28402\/#primaryimage","url":"https:\/\/static.purejewels.com\/wp-content\/uploads\/2022\/02\/28402-1.jpg","contentUrl":"https:\/\/static.purejewels.com\/wp-content\/uploads\/2022\/02\/28402-1.jpg","width":1000,"height":1000,"caption":"22ct Gold Earring 28402-1"},{"@type":"BreadcrumbList","@id":"https:\/\/www.purejewels.com\/product\/gold-drop-earring-28402\/#breadcrumb","itemListElement":[{"@type":"ListItem","position":1,"name":"Home","item":"https:\/\/www.purejewels.com\/"},{"@type":"ListItem","position":2,"name":"Shop","item":"https:\/\/www.purejewels.com\/shop\/"},{"@type":"ListItem","position":3,"name":"Gold Drop Earring"}]},{"@type":"WebSite","@id":"https:\/\/www.purejewels.com\/#website","url":"https:\/\/www.purejewels.com\/","name":"PureJewels \u0130ngiltere","description":"Sevgiyi Payla\u015f\u0131n","publisher":{"@id":"https:\/\/www.purejewels.com\/#organization"},"potentialAction":[{"@type":"SearchAction","target":{"@type":"EntryPoint","urlTemplate":"https:\/\/www.purejewels.com\/?s={search_term_string}"},"query-input":{"@type":"PropertyValueSpecification","valueRequired":true,"valueName":"search_term_string"}}],"inLanguage":"tr"},{"@type":"Organization","@id":"https:\/\/www.purejewels.com\/#organization","name":"PureJewels \u0130ngiltere","url":"https:\/\/www.purejewels.com\/","logo":{"@type":"ImageObject","inLanguage":"tr","@id":"https:\/\/www.purejewels.com\/#\/schema\/logo\/image\/","url":"https:\/\/static.purejewels.com\/wp-content\/uploads\/2020\/11\/Logo-PJ-New-1.png","contentUrl":"https:\/\/static.purejewels.com\/wp-content\/uploads\/2020\/11\/Logo-PJ-New-1.png","width":150,"height":80,"caption":"PureJewels UK"},"image":{"@id":"https:\/\/www.purejewels.com\/#\/schema\/logo\/image\/"}}]}},"_links":{"self":[{"href":"https:\/\/www.purejewels.com\/tr\/wp-json\/wp\/v2\/product\/334736","targetHints":{"allow":["GET"]}}],"collection":[{"href":"https:\/\/www.purejewels.com\/tr\/wp-json\/wp\/v2\/product"}],"about":[{"href":"https:\/\/www.purejewels.com\/tr\/wp-json\/wp\/v2\/types\/product"}],"replies":[{"embeddable":true,"href":"https:\/\/www.purejewels.com\/tr\/wp-json\/wp\/v2\/comments?post=334736"}],"version-history":[{"count":0,"href":"https:\/\/www.purejewels.com\/tr\/wp-json\/wp\/v2\/product\/334736\/revisions"}],"wp:featuredmedia":[{"embeddable":true,"href":"https:\/\/www.purejewels.com\/tr\/wp-json\/wp\/v2\/media\/334737"}],"wp:attachment":[{"href":"https:\/\/www.purejewels.com\/tr\/wp-json\/wp\/v2\/media?parent=334736"}],"wp:term":[{"taxonomy":"product_brand","embeddable":true,"href":"https:\/\/www.purejewels.com\/tr\/wp-json\/wp\/v2\/product_brand?post=334736"},{"taxonomy":"product_cat","embeddable":true,"href":"https:\/\/www.purejewels.com\/tr\/wp-json\/wp\/v2\/product_cat?post=334736"},{"taxonomy":"product_tag","embeddable":true,"href":"https:\/\/www.purejewels.com\/tr\/wp-json\/wp\/v2\/product_tag?post=334736"}],"curies":[{"name":"wp","href":"https:\/\/api.w.org\/{rel}","templated":true}]}}