{"id":334782,"date":"2022-02-23T06:01:13","date_gmt":"2022-02-23T06:01:13","guid":{"rendered":"https:\/\/www.purejewels.com\/?post_type=product&#038;p=334782"},"modified":"2025-05-22T11:21:44","modified_gmt":"2025-05-22T10:21:44","slug":"22-ayar-altin-kare-sekilli-kupe-34614","status":"publish","type":"product","link":"https:\/\/www.purejewels.com\/tr\/product\/22-carat-gold-square-shaped-earring-34614\/","title":{"rendered":"22 Ayar Alt\u0131n Kare \u015eekilli K\u00fcpe"},"content":{"rendered":"<h3>\u0130lham kayna\u011f\u0131<\/h3>\n<p>E\u015fsiz ve modern benli\u011finizden ilham alan bu alt\u0131n kare k\u00fcpe <a href=\"https:\/\/www.purejewels.com\/tr\/product-category\/22ct-gold-jewellery\/gold-earrings\/\">K\u00fcpeler<\/a> s\u0131n\u0131f\u0131n ve modernli\u011fin \u00f6z\u00fcd\u00fcr. \u00c7\u0131t\u00e7\u0131tl\u0131 kulaklar \u00e7a\u011flar boyunca tak\u0131lm\u0131\u015ft\u0131r ve geleneksel Hint m\u00fccevher kutular\u0131n\u0131n \u00f6nemli bir par\u00e7as\u0131 olmu\u015ftur. \u00c7\u0131t\u00e7\u0131tl\u0131 kulaklar zahmetsiz, cesur ve muhte\u015femdir. Temelde kulak memelerinin alt\u0131na d\u00fc\u015fen uzun k\u00fcpelerin daha k\u00fc\u00e7\u00fck versiyonlar\u0131d\u0131r. \u00c7ok fazla dram katmadan kulak memelerinizi zahmetsizce \u00f6rtmek i\u00e7in \u00fcretilmi\u015flerdir.<\/p>\n<h3>Tasar\u0131m<\/h3>\n<p>Bu muhte\u015fem kare alt\u0131n tasar\u0131m <strong><a href=\"https:\/\/www.purejewels.com\/tr\/product-category\/22ct-gold-jewellery\/gold-earrings\/stud-earrings\/\">saplama k\u00fcpeler<\/a><\/strong> modern stillerden ve sil\u00fcetlerden ipu\u00e7lar\u0131 al\u0131yor. Cesur bir g\u00f6r\u00fcn\u00fcme sahip olmalar\u0131na ra\u011fmen \u015fekil ve boyutlar\u0131 incelik ve minimalitenin korunmas\u0131n\u0131 sa\u011flar. Alt\u0131n kare saplama k\u00fcpelerimiz 22 ayar alt\u0131n tabana ve ard\u0131ndan rodyum kaplama y\u00fczeye sahiptir.<\/p>\n<h3>Stil<\/h3>\n<p>Zahmetsiz ama \u015f\u0131k bir g\u00f6r\u00fcn\u00fcm yaratmak i\u00e7in bu cesur ama minimal kulak \u00e7\u0131t\u00e7\u0131tlar\u0131n\u0131 resmi k\u0131yafetlerinizle ve hatta seyahat k\u0131yafetlerinizle kombinleyin. Bu muhte\u015fem kulak \u00e7\u0131t\u00e7\u0131t\u0131n\u0131n ger\u00e7ek hayranl\u0131k uyand\u0131r\u0131c\u0131 izlenimini b\u0131rakmas\u0131 i\u00e7in sa\u00e7lar\u0131n\u0131z ba\u011fl\u0131yken ipek sarileriniz ve di\u011fer bayram k\u0131yafetlerinizle de takabilirsiniz.<\/p>","protected":false},"excerpt":{"rendered":"<table class=\"sh_desc\">\n<tbody>\n<tr>\n<td>K\u00fcpe T\u00fcr\u00fc<\/td>\n<td>Rodyum Kaplamal\u0131 Saplama K\u00fcpe<\/td>\n<\/tr>\n<tr>\n<td>SKU<\/td>\n<td>46514<\/td>\n<\/tr>\n<tr>\n<td>A\u011f\u0131rl\u0131k<\/td>\n<td>1,5 Gms<\/td>\n<\/tr>\n<tr>\n<td>Geni\u015flik<\/td>\n<td>6,3 mm<\/td>\n<\/tr>\n<tr>\n<td>Y\u00fckseklik<\/td>\n<td>6,3 mm<\/td>\n<\/tr>\n<tr>\n<td>Metal<\/td>\n<td>22 Ayar Alt\u0131n<\/td>\n<\/tr>\n<tr>\n<td>\u00dccretler<\/td>\n<td>Teslimat ve KDV Dahil<\/td>\n<\/tr>\n<tr>\n<td>Paketleme<\/td>\n<td>Sunum Kutusu ile Birlikte Gelir<\/td>\n<\/tr>\n<tr>\n<td>Daha Fazla Bilgi<\/td>\n<td>\n<ul>\n<li>M\u00fcsaitlik durumu ve daha fazla resim i\u00e7in bizimle canl\u0131 sohbet edin<\/li>\n<li>T\u00fcm \u00fcr\u00fcnlerimiz London Assay Office taraf\u0131ndan damgalanm\u0131\u015ft\u0131r<\/li>\n<\/ul>\n<\/td>\n<\/tr>\n<\/tbody>\n<\/table>","protected":false},"featured_media":352432,"comment_status":"closed","ping_status":"closed","template":"","meta":{"_eb_attr":"","_crsspst_to_jayantr4sg-hostcom":true},"product_brand":[],"product_cat":[1559,1793,1254,1229,5343,1577,1575,1574,5349],"product_tag":[1430,66],"class_list":{"0":"post-334782","1":"product","2":"type-product","3":"status-publish","4":"has-post-thumbnail","6":"product_cat-birthday-gifts","7":"product_cat-diwali-gifts","8":"product_cat-gold-earrings","9":"product_cat-22ct-gold-jewellery","10":"product_cat-jewellery-under-550","11":"product_cat-stud-earrings","12":"product_cat-teenage-jewellery","13":"product_cat-womens-jewellery","14":"product_cat-yellow-gold-jewellery","15":"product_tag-diwali-gift","16":"product_tag-earrings","18":"first","19":"outofstock","20":"sale","21":"taxable","22":"shipping-taxable","23":"product-type-simple","24":"add-to-wishlist-before_image"},"yoast_head":"<!-- This site is optimized with the Yoast SEO plugin v27.3 - https:\/\/yoast.com\/product\/yoast-seo-wordpress\/ -->\n<title>Square Stud Earrings | Buy Gold Stud Earrings Online<\/title>\n<meta name=\"description\" content=\"Browse our Square stud earrings selection for the very best in unique, handmade pieces from our Stud Earring Collection. Shop Online today!\" \/>\n<meta name=\"robots\" content=\"index, follow, max-snippet:-1, max-image-preview:large, max-video-preview:-1\" \/>\n<link rel=\"canonical\" href=\"https:\/\/www.purejewels.com\/tr\/urun\/22-ayar-altin-kare-sekilli-kupe-34614\/\" \/>\n<meta property=\"og:locale\" content=\"tr_TR\" \/>\n<meta property=\"og:type\" content=\"article\" \/>\n<meta property=\"og:title\" content=\"Square Stud Earrings | Buy Gold Stud Earrings Online\" \/>\n<meta property=\"og:description\" content=\"Browse our Square stud earrings selection for the very best in unique, handmade pieces from our Stud Earring Collection. Shop Online today!\" \/>\n<meta property=\"og:url\" content=\"https:\/\/www.purejewels.com\/tr\/urun\/22-ayar-altin-kare-sekilli-kupe-34614\/\" \/>\n<meta property=\"og:site_name\" content=\"PureJewels UK\" \/>\n<meta property=\"article:modified_time\" content=\"2025-05-22T10:21:44+00:00\" \/>\n<meta property=\"og:image\" content=\"https:\/\/www.purejewels.com\/wp-content\/uploads\/2022\/02\/46514.png\" \/>\n\t<meta property=\"og:image:width\" content=\"1000\" \/>\n\t<meta property=\"og:image:height\" content=\"1000\" \/>\n\t<meta property=\"og:image:type\" content=\"image\/png\" \/>\n<meta name=\"twitter:card\" content=\"summary_large_image\" \/>\n<meta name=\"twitter:label1\" content=\"Tahmini okuma s\u00fcresi\" \/>\n\t<meta name=\"twitter:data1\" content=\"1 dakika\" \/>\n<script type=\"application\/ld+json\" class=\"yoast-schema-graph\">{\"@context\":\"https:\\\/\\\/schema.org\",\"@graph\":[{\"@type\":[\"WebPage\",\"ItemPage\"],\"@id\":\"https:\\\/\\\/www.purejewels.com\\\/product\\\/22-carat-gold-square-shaped-earring-34614\\\/\",\"url\":\"https:\\\/\\\/www.purejewels.com\\\/product\\\/22-carat-gold-square-shaped-earring-34614\\\/\",\"name\":\"Square Stud Earrings | Buy Gold Stud Earrings Online\",\"isPartOf\":{\"@id\":\"https:\\\/\\\/www.purejewels.com\\\/#website\"},\"primaryImageOfPage\":{\"@id\":\"https:\\\/\\\/www.purejewels.com\\\/product\\\/22-carat-gold-square-shaped-earring-34614\\\/#primaryimage\"},\"image\":{\"@id\":\"https:\\\/\\\/www.purejewels.com\\\/product\\\/22-carat-gold-square-shaped-earring-34614\\\/#primaryimage\"},\"thumbnailUrl\":\"https:\\\/\\\/static.purejewels.com\\\/wp-content\\\/uploads\\\/2022\\\/02\\\/46514.png\",\"datePublished\":\"2022-02-23T06:01:13+00:00\",\"dateModified\":\"2025-05-22T10:21:44+00:00\",\"description\":\"Browse our Square stud earrings selection for the very best in unique, handmade pieces from our Stud Earring Collection. Shop Online today!\",\"breadcrumb\":{\"@id\":\"https:\\\/\\\/www.purejewels.com\\\/product\\\/22-carat-gold-square-shaped-earring-34614\\\/#breadcrumb\"},\"inLanguage\":\"tr\",\"potentialAction\":[{\"@type\":\"ReadAction\",\"target\":[\"https:\\\/\\\/www.purejewels.com\\\/product\\\/22-carat-gold-square-shaped-earring-34614\\\/\"]}]},{\"@type\":\"ImageObject\",\"inLanguage\":\"tr\",\"@id\":\"https:\\\/\\\/www.purejewels.com\\\/product\\\/22-carat-gold-square-shaped-earring-34614\\\/#primaryimage\",\"url\":\"https:\\\/\\\/static.purejewels.com\\\/wp-content\\\/uploads\\\/2022\\\/02\\\/46514.png\",\"contentUrl\":\"https:\\\/\\\/static.purejewels.com\\\/wp-content\\\/uploads\\\/2022\\\/02\\\/46514.png\",\"width\":1000,\"height\":1000,\"caption\":\"22 carat Gold Square Shaped Earring\"},{\"@type\":\"BreadcrumbList\",\"@id\":\"https:\\\/\\\/www.purejewels.com\\\/product\\\/22-carat-gold-square-shaped-earring-34614\\\/#breadcrumb\",\"itemListElement\":[{\"@type\":\"ListItem\",\"position\":1,\"name\":\"Home\",\"item\":\"https:\\\/\\\/www.purejewels.com\\\/\"},{\"@type\":\"ListItem\",\"position\":2,\"name\":\"Shop\",\"item\":\"https:\\\/\\\/www.purejewels.com\\\/shop\\\/\"},{\"@type\":\"ListItem\",\"position\":3,\"name\":\"22 carat Gold Square Shaped Earring\"}]},{\"@type\":\"WebSite\",\"@id\":\"https:\\\/\\\/www.purejewels.com\\\/#website\",\"url\":\"https:\\\/\\\/www.purejewels.com\\\/\",\"name\":\"PureJewels UK\",\"description\":\"Share the Love\",\"publisher\":{\"@id\":\"https:\\\/\\\/www.purejewels.com\\\/#organization\"},\"potentialAction\":[{\"@type\":\"SearchAction\",\"target\":{\"@type\":\"EntryPoint\",\"urlTemplate\":\"https:\\\/\\\/www.purejewels.com\\\/?s={search_term_string}\"},\"query-input\":{\"@type\":\"PropertyValueSpecification\",\"valueRequired\":true,\"valueName\":\"search_term_string\"}}],\"inLanguage\":\"tr\"},{\"@type\":\"Organization\",\"@id\":\"https:\\\/\\\/www.purejewels.com\\\/#organization\",\"name\":\"PureJewels UK\",\"url\":\"https:\\\/\\\/www.purejewels.com\\\/\",\"logo\":{\"@type\":\"ImageObject\",\"inLanguage\":\"tr\",\"@id\":\"https:\\\/\\\/www.purejewels.com\\\/#\\\/schema\\\/logo\\\/image\\\/\",\"url\":\"https:\\\/\\\/static.purejewels.com\\\/wp-content\\\/uploads\\\/2020\\\/11\\\/Logo-PJ-New-1.png\",\"contentUrl\":\"https:\\\/\\\/static.purejewels.com\\\/wp-content\\\/uploads\\\/2020\\\/11\\\/Logo-PJ-New-1.png\",\"width\":150,\"height\":80,\"caption\":\"PureJewels UK\"},\"image\":{\"@id\":\"https:\\\/\\\/www.purejewels.com\\\/#\\\/schema\\\/logo\\\/image\\\/\"}}]}<\/script>\n<!-- \/ Yoast SEO plugin. -->","yoast_head_json":{"title":"Kare Saplama K\u00fcpeler | Alt\u0131n Saplama K\u00fcpeleri Online Sat\u0131n Al\u0131n","description":"Saplama K\u00fcpe Koleksiyonumuzdan benzersiz, el yap\u0131m\u0131 par\u00e7alar\u0131n en iyileri i\u00e7in Kare saplama k\u00fcpe se\u00e7imimize g\u00f6z at\u0131n. Bug\u00fcn Online Al\u0131\u015fveri\u015f Yap\u0131n!","robots":{"index":"index","follow":"follow","max-snippet":"max-snippet:-1","max-image-preview":"max-image-preview:large","max-video-preview":"max-video-preview:-1"},"canonical":"https:\/\/www.purejewels.com\/tr\/urun\/22-ayar-altin-kare-sekilli-kupe-34614\/","og_locale":"tr_TR","og_type":"article","og_title":"Square Stud Earrings | Buy Gold Stud Earrings Online","og_description":"Browse our Square stud earrings selection for the very best in unique, handmade pieces from our Stud Earring Collection. Shop Online today!","og_url":"https:\/\/www.purejewels.com\/tr\/urun\/22-ayar-altin-kare-sekilli-kupe-34614\/","og_site_name":"PureJewels UK","article_modified_time":"2025-05-22T10:21:44+00:00","og_image":[{"width":1000,"height":1000,"url":"https:\/\/www.purejewels.com\/wp-content\/uploads\/2022\/02\/46514.png","type":"image\/png"}],"twitter_card":"summary_large_image","twitter_misc":{"Tahmini okuma s\u00fcresi":"1 dakika"},"schema":{"@context":"https:\/\/schema.org","@graph":[{"@type":["WebPage","ItemPage"],"@id":"https:\/\/www.purejewels.com\/product\/22-carat-gold-square-shaped-earring-34614\/","url":"https:\/\/www.purejewels.com\/product\/22-carat-gold-square-shaped-earring-34614\/","name":"Kare Saplama K\u00fcpeler | Alt\u0131n Saplama K\u00fcpeleri Online Sat\u0131n Al\u0131n","isPartOf":{"@id":"https:\/\/www.purejewels.com\/#website"},"primaryImageOfPage":{"@id":"https:\/\/www.purejewels.com\/product\/22-carat-gold-square-shaped-earring-34614\/#primaryimage"},"image":{"@id":"https:\/\/www.purejewels.com\/product\/22-carat-gold-square-shaped-earring-34614\/#primaryimage"},"thumbnailUrl":"https:\/\/static.purejewels.com\/wp-content\/uploads\/2022\/02\/46514.png","datePublished":"2022-02-23T06:01:13+00:00","dateModified":"2025-05-22T10:21:44+00:00","description":"Saplama K\u00fcpe Koleksiyonumuzdan benzersiz, el yap\u0131m\u0131 par\u00e7alar\u0131n en iyileri i\u00e7in Kare saplama k\u00fcpe se\u00e7imimize g\u00f6z at\u0131n. Bug\u00fcn Online Al\u0131\u015fveri\u015f Yap\u0131n!","breadcrumb":{"@id":"https:\/\/www.purejewels.com\/product\/22-carat-gold-square-shaped-earring-34614\/#breadcrumb"},"inLanguage":"tr","potentialAction":[{"@type":"ReadAction","target":["https:\/\/www.purejewels.com\/product\/22-carat-gold-square-shaped-earring-34614\/"]}]},{"@type":"ImageObject","inLanguage":"tr","@id":"https:\/\/www.purejewels.com\/product\/22-carat-gold-square-shaped-earring-34614\/#primaryimage","url":"https:\/\/static.purejewels.com\/wp-content\/uploads\/2022\/02\/46514.png","contentUrl":"https:\/\/static.purejewels.com\/wp-content\/uploads\/2022\/02\/46514.png","width":1000,"height":1000,"caption":"22 carat Gold Square Shaped Earring"},{"@type":"BreadcrumbList","@id":"https:\/\/www.purejewels.com\/product\/22-carat-gold-square-shaped-earring-34614\/#breadcrumb","itemListElement":[{"@type":"ListItem","position":1,"name":"Home","item":"https:\/\/www.purejewels.com\/"},{"@type":"ListItem","position":2,"name":"Shop","item":"https:\/\/www.purejewels.com\/shop\/"},{"@type":"ListItem","position":3,"name":"22 carat Gold Square Shaped Earring"}]},{"@type":"WebSite","@id":"https:\/\/www.purejewels.com\/#website","url":"https:\/\/www.purejewels.com\/","name":"PureJewels \u0130ngiltere","description":"Sevgiyi Payla\u015f\u0131n","publisher":{"@id":"https:\/\/www.purejewels.com\/#organization"},"potentialAction":[{"@type":"SearchAction","target":{"@type":"EntryPoint","urlTemplate":"https:\/\/www.purejewels.com\/?s={search_term_string}"},"query-input":{"@type":"PropertyValueSpecification","valueRequired":true,"valueName":"search_term_string"}}],"inLanguage":"tr"},{"@type":"Organization","@id":"https:\/\/www.purejewels.com\/#organization","name":"PureJewels \u0130ngiltere","url":"https:\/\/www.purejewels.com\/","logo":{"@type":"ImageObject","inLanguage":"tr","@id":"https:\/\/www.purejewels.com\/#\/schema\/logo\/image\/","url":"https:\/\/static.purejewels.com\/wp-content\/uploads\/2020\/11\/Logo-PJ-New-1.png","contentUrl":"https:\/\/static.purejewels.com\/wp-content\/uploads\/2020\/11\/Logo-PJ-New-1.png","width":150,"height":80,"caption":"PureJewels UK"},"image":{"@id":"https:\/\/www.purejewels.com\/#\/schema\/logo\/image\/"}}]}},"_links":{"self":[{"href":"https:\/\/www.purejewels.com\/tr\/wp-json\/wp\/v2\/product\/334782","targetHints":{"allow":["GET"]}}],"collection":[{"href":"https:\/\/www.purejewels.com\/tr\/wp-json\/wp\/v2\/product"}],"about":[{"href":"https:\/\/www.purejewels.com\/tr\/wp-json\/wp\/v2\/types\/product"}],"replies":[{"embeddable":true,"href":"https:\/\/www.purejewels.com\/tr\/wp-json\/wp\/v2\/comments?post=334782"}],"version-history":[{"count":2,"href":"https:\/\/www.purejewels.com\/tr\/wp-json\/wp\/v2\/product\/334782\/revisions"}],"predecessor-version":[{"id":387876,"href":"https:\/\/www.purejewels.com\/tr\/wp-json\/wp\/v2\/product\/334782\/revisions\/387876"}],"wp:featuredmedia":[{"embeddable":true,"href":"https:\/\/www.purejewels.com\/tr\/wp-json\/wp\/v2\/media\/352432"}],"wp:attachment":[{"href":"https:\/\/www.purejewels.com\/tr\/wp-json\/wp\/v2\/media?parent=334782"}],"wp:term":[{"taxonomy":"product_brand","embeddable":true,"href":"https:\/\/www.purejewels.com\/tr\/wp-json\/wp\/v2\/product_brand?post=334782"},{"taxonomy":"product_cat","embeddable":true,"href":"https:\/\/www.purejewels.com\/tr\/wp-json\/wp\/v2\/product_cat?post=334782"},{"taxonomy":"product_tag","embeddable":true,"href":"https:\/\/www.purejewels.com\/tr\/wp-json\/wp\/v2\/product_tag?post=334782"}],"curies":[{"name":"wp","href":"https:\/\/api.w.org\/{rel}","templated":true}]}}