{"id":334827,"date":"2024-04-23T07:45:54","date_gmt":"2024-04-23T06:45:54","guid":{"rendered":"https:\/\/www.purejewels.com\/?post_type=product&#038;p=334827"},"modified":"2026-01-06T05:33:50","modified_gmt":"2026-01-06T05:33:50","slug":"22-ayar-altin-cicekli-citcit-41992","status":"publish","type":"product","link":"https:\/\/www.purejewels.com\/tr\/product\/22ct-gold-floral-studs-41992\/","title":{"rendered":"CZ Ta\u015fl\u0131 22 Ayar Alt\u0131n \u00c7i\u00e7ekli \u00c7\u0131t\u00e7\u0131t"},"content":{"rendered":"<h2>\u0130lham kayna\u011f\u0131<\/h2>\n<p>Bu \u00f6zenle haz\u0131rlanm\u0131\u015f \u00e7ift <strong>Alt\u0131n \u00c7i\u00e7ekli \u00c7\u0131t\u00e7\u0131tlar<\/strong> bayram koleksiyonumuzdan. Bu \u015faheser Hindistan'da el i\u015f\u00e7ili\u011fiyle \u00fcretilmi\u015ftir, bu nedenle modern bir vurguya sahip olsa bile, \u00e7iftin \u00fczerindeki her ayr\u0131nt\u0131 geleneksel bir Hint dokunu\u015funa sahiptir.<\/p>\n<h2>Tasar\u0131m<\/h2>\n<p>Bu \u00e7i\u00e7eksi g\u00fczelliklerin tasar\u0131m\u0131, merkezdeki CZ kapl\u0131 bir detayla ba\u015flar ve ard\u0131ndan, tamamen a\u00e7m\u0131\u015f bir \u00e7i\u00e7e\u011fi tasvir edecek \u015fekilde katmanlara ayr\u0131lm\u0131\u015f \u00e7i\u00e7ek yapraklar\u0131 b\u00fcy\u00fck bir hassasiyetle elle i\u015flenir. Bu geleneksel ama modern <strong>kulak \u00e7ivisi<\/strong> do\u011fadan esinlenilmi\u015ftir ve \u00e7ift do\u011fan\u0131n ger\u00e7ek \u00f6z\u00fcn\u00fc yakalayacak \u015fekilde tasarlanm\u0131\u015ft\u0131r. K\u00fcbik zirkon ta\u015flar, ger\u00e7ek elmaslardan daha az olmayan bir cazibe ile parlak g\u00f6r\u00fcn\u00fcyor.<\/p>\n<h2>Stil<\/h2>\n<p>Purejewels'in bu el yap\u0131m\u0131 alt\u0131n \u00e7\u0131t\u00e7\u0131t \u00e7ifti, ince benli\u011finizi g\u00f6z \u00f6n\u00fcnde bulundurarak \u015fenlikli Hint geleneklerinden ve d\u00fc\u011f\u00fcn g\u00f6r\u00fcn\u00fcmlerinden ilham ald\u0131. B\u00f6ylece bunlar\u0131 toplant\u0131n\u0131zdan kat\u0131lmay\u0131 d\u00f6rt g\u00f6zle bekledi\u011finiz bir etkinli\u011fe kadar zahmetsizce ta\u015f\u0131yabilirsiniz. D\u00fc\u015f\u00fcnceli bir \u015fekilde <a href=\"https:\/\/www.purejewels.com\/tr\/handmade-gold-jewellery\/\">el yap\u0131m\u0131<\/a> senin i\u00e7in, bunlar <strong><a href=\"https:\/\/www.purejewels.com\/tr\/product\/22ct-gold-jali-filigree-ring-jali-collection-31926\/\">22ct<\/a> <a href=\"https:\/\/www.purejewels.com\/tr\/product-category\/22ct-gold-jewellery\/gold-earrings\/\">K\u00fcpeler<\/a><\/strong> sizi her zamankinden daha parlak g\u00f6sterecektir.<\/p>","protected":false},"excerpt":{"rendered":"<table class=\"sh_desc\">\n<tbody>\n<tr>\n<td>K\u00fcpe T\u00fcr\u00fc<\/td>\n<td>Saplama K\u00fcpe<\/td>\n<\/tr>\n<tr>\n<td>SKU<\/td>\n<td>41991<\/td>\n<\/tr>\n<tr>\n<td>A\u011f\u0131rl\u0131k<\/td>\n<td>3.6 Gms<\/td>\n<\/tr>\n<tr>\n<td>Geni\u015flik<\/td>\n<td>10,7 mm<\/td>\n<\/tr>\n<tr>\n<td>Metal<\/td>\n<td>22 Ayar Alt\u0131n<\/td>\n<\/tr>\n<tr>\n<td>\u00dccretler<\/td>\n<td>Teslimat ve KDV Dahil<\/td>\n<\/tr>\n<tr>\n<td>Paketleme<\/td>\n<td>Sunum Kutusu ile Birlikte Gelir<\/td>\n<\/tr>\n<tr>\n<td>Daha Fazla Bilgi<\/td>\n<td>M\u00fcsaitlik durumu ve daha fazla resim i\u00e7in bizimle canl\u0131 sohbet edin<\/td>\n<\/tr>\n<\/tbody>\n<\/table>","protected":false},"featured_media":335050,"comment_status":"closed","ping_status":"closed","template":"","meta":{"_eb_attr":"","_crsspst_to_jayantr4sg-hostcom":true},"product_brand":[],"product_cat":[5682,1791,1794,1793,1792,1790,1254,5344,1577,1575,1569,1573,1574],"product_tag":[66],"class_list":{"0":"post-334827","1":"product","2":"type-product","3":"status-publish","4":"has-post-thumbnail","6":"product_cat-22ct-gold-multi-cz-earrring","7":"product_cat-anniversary-gifts","8":"product_cat-christmas-gifts","9":"product_cat-diwali-gifts","10":"product_cat-festival-gifts","11":"product_cat-for-whom-when","12":"product_cat-gold-earrings","13":"product_cat-jewellery-under-750","14":"product_cat-stud-earrings","15":"product_cat-teenage-jewellery","16":"product_cat-valentine-day-gifts","17":"product_cat-wedding-gifts","18":"product_cat-womens-jewellery","19":"product_tag-earrings","21":"first","22":"outofstock","23":"taxable","24":"shipping-taxable","25":"product-type-simple","26":"add-to-wishlist-before_image"},"yoast_head":"<!-- This site is optimized with the Yoast SEO plugin v27.5 - https:\/\/yoast.com\/product\/yoast-seo-wordpress\/ -->\n<title>Dailywear Studs For Women | PureJewels.com<\/title>\n<meta name=\"description\" content=\"Celebrate the season with elegant Christmas gold earrings! Discover stunning designs in gold, perfect for gifting or adding festive charm to your holiday look.\" \/>\n<meta name=\"robots\" content=\"index, follow, max-snippet:-1, max-image-preview:large, max-video-preview:-1\" \/>\n<link rel=\"canonical\" href=\"https:\/\/www.purejewels.com\/tr\/urun\/22-ayar-altin-cicekli-citcit-41992\/\" \/>\n<meta property=\"og:locale\" content=\"tr_TR\" \/>\n<meta property=\"og:type\" content=\"article\" \/>\n<meta property=\"og:title\" content=\"Dailywear Studs For Women | PureJewels.com\" \/>\n<meta property=\"og:description\" content=\"Celebrate the season with elegant Christmas gold earrings! Discover stunning designs in gold, perfect for gifting or adding festive charm to your holiday look.\" \/>\n<meta property=\"og:url\" content=\"https:\/\/www.purejewels.com\/tr\/urun\/22-ayar-altin-cicekli-citcit-41992\/\" \/>\n<meta property=\"og:site_name\" content=\"PureJewels UK\" \/>\n<meta property=\"article:modified_time\" content=\"2026-01-06T05:33:50+00:00\" \/>\n<meta property=\"og:image\" content=\"https:\/\/www.purejewels.com\/wp-content\/uploads\/2022\/02\/33208.jpg\" \/>\n\t<meta property=\"og:image:width\" content=\"1000\" \/>\n\t<meta property=\"og:image:height\" content=\"1000\" \/>\n\t<meta property=\"og:image:type\" content=\"image\/jpeg\" \/>\n<meta name=\"twitter:card\" content=\"summary_large_image\" \/>\n<meta name=\"twitter:label1\" content=\"Tahmini okuma s\u00fcresi\" \/>\n\t<meta name=\"twitter:data1\" content=\"1 dakika\" \/>\n<script type=\"application\/ld+json\" class=\"yoast-schema-graph\">{\"@context\":\"https:\\\/\\\/schema.org\",\"@graph\":[{\"@type\":[\"WebPage\",\"ItemPage\"],\"@id\":\"https:\\\/\\\/www.purejewels.com\\\/product\\\/22ct-gold-floral-studs-41992\\\/\",\"url\":\"https:\\\/\\\/www.purejewels.com\\\/product\\\/22ct-gold-floral-studs-41992\\\/\",\"name\":\"Dailywear Studs For Women | PureJewels.com\",\"isPartOf\":{\"@id\":\"https:\\\/\\\/www.purejewels.com\\\/#website\"},\"primaryImageOfPage\":{\"@id\":\"https:\\\/\\\/www.purejewels.com\\\/product\\\/22ct-gold-floral-studs-41992\\\/#primaryimage\"},\"image\":{\"@id\":\"https:\\\/\\\/www.purejewels.com\\\/product\\\/22ct-gold-floral-studs-41992\\\/#primaryimage\"},\"thumbnailUrl\":\"https:\\\/\\\/static.purejewels.com\\\/wp-content\\\/uploads\\\/2022\\\/02\\\/33208.jpg\",\"datePublished\":\"2024-04-23T06:45:54+00:00\",\"dateModified\":\"2026-01-06T05:33:50+00:00\",\"description\":\"Celebrate the season with elegant Christmas gold earrings! Discover stunning designs in gold, perfect for gifting or adding festive charm to your holiday look.\",\"breadcrumb\":{\"@id\":\"https:\\\/\\\/www.purejewels.com\\\/product\\\/22ct-gold-floral-studs-41992\\\/#breadcrumb\"},\"inLanguage\":\"tr\",\"potentialAction\":[{\"@type\":\"ReadAction\",\"target\":[\"https:\\\/\\\/www.purejewels.com\\\/product\\\/22ct-gold-floral-studs-41992\\\/\"]}]},{\"@type\":\"ImageObject\",\"inLanguage\":\"tr\",\"@id\":\"https:\\\/\\\/www.purejewels.com\\\/product\\\/22ct-gold-floral-studs-41992\\\/#primaryimage\",\"url\":\"https:\\\/\\\/static.purejewels.com\\\/wp-content\\\/uploads\\\/2022\\\/02\\\/33208.jpg\",\"contentUrl\":\"https:\\\/\\\/static.purejewels.com\\\/wp-content\\\/uploads\\\/2022\\\/02\\\/33208.jpg\",\"width\":1000,\"height\":1000,\"caption\":\"22ct Gold Stud Earrings 33208\"},{\"@type\":\"BreadcrumbList\",\"@id\":\"https:\\\/\\\/www.purejewels.com\\\/product\\\/22ct-gold-floral-studs-41992\\\/#breadcrumb\",\"itemListElement\":[{\"@type\":\"ListItem\",\"position\":1,\"name\":\"Home\",\"item\":\"https:\\\/\\\/www.purejewels.com\\\/\"},{\"@type\":\"ListItem\",\"position\":2,\"name\":\"Shop\",\"item\":\"https:\\\/\\\/www.purejewels.com\\\/shop\\\/\"},{\"@type\":\"ListItem\",\"position\":3,\"name\":\"22ct Gold Floral Studs with CZ Stones\"}]},{\"@type\":\"WebSite\",\"@id\":\"https:\\\/\\\/www.purejewels.com\\\/#website\",\"url\":\"https:\\\/\\\/www.purejewels.com\\\/\",\"name\":\"PureJewels UK\",\"description\":\"Share the Love\",\"publisher\":{\"@id\":\"https:\\\/\\\/www.purejewels.com\\\/#organization\"},\"potentialAction\":[{\"@type\":\"SearchAction\",\"target\":{\"@type\":\"EntryPoint\",\"urlTemplate\":\"https:\\\/\\\/www.purejewels.com\\\/?s={search_term_string}\"},\"query-input\":{\"@type\":\"PropertyValueSpecification\",\"valueRequired\":true,\"valueName\":\"search_term_string\"}}],\"inLanguage\":\"tr\"},{\"@type\":\"Organization\",\"@id\":\"https:\\\/\\\/www.purejewels.com\\\/#organization\",\"name\":\"PureJewels UK\",\"url\":\"https:\\\/\\\/www.purejewels.com\\\/\",\"logo\":{\"@type\":\"ImageObject\",\"inLanguage\":\"tr\",\"@id\":\"https:\\\/\\\/www.purejewels.com\\\/#\\\/schema\\\/logo\\\/image\\\/\",\"url\":\"https:\\\/\\\/static.purejewels.com\\\/wp-content\\\/uploads\\\/2020\\\/11\\\/Logo-PJ-New-1.png\",\"contentUrl\":\"https:\\\/\\\/static.purejewels.com\\\/wp-content\\\/uploads\\\/2020\\\/11\\\/Logo-PJ-New-1.png\",\"width\":150,\"height\":80,\"caption\":\"PureJewels UK\"},\"image\":{\"@id\":\"https:\\\/\\\/www.purejewels.com\\\/#\\\/schema\\\/logo\\\/image\\\/\"}}]}<\/script>\n<!-- \/ Yoast SEO plugin. -->","yoast_head_json":{"title":"Kad\u0131nlar \u0130\u00e7in G\u00fcnl\u00fck Giyim \u00c7\u0131t\u00e7\u0131tlar | PureJewels.com","description":"Sezonu zarif Noel alt\u0131n k\u00fcpeleriyle kutlay\u0131n! Hediye etmek veya y\u0131lba\u015f\u0131 g\u00f6r\u00fcn\u00fcm\u00fcn\u00fcze \u015fenlikli bir \u00e7ekicilik katmak i\u00e7in m\u00fckemmel olan alt\u0131n rengindeki \u00e7arp\u0131c\u0131 tasar\u0131mlar\u0131 ke\u015ffedin.","robots":{"index":"index","follow":"follow","max-snippet":"max-snippet:-1","max-image-preview":"max-image-preview:large","max-video-preview":"max-video-preview:-1"},"canonical":"https:\/\/www.purejewels.com\/tr\/urun\/22-ayar-altin-cicekli-citcit-41992\/","og_locale":"tr_TR","og_type":"article","og_title":"Dailywear Studs For Women | PureJewels.com","og_description":"Celebrate the season with elegant Christmas gold earrings! Discover stunning designs in gold, perfect for gifting or adding festive charm to your holiday look.","og_url":"https:\/\/www.purejewels.com\/tr\/urun\/22-ayar-altin-cicekli-citcit-41992\/","og_site_name":"PureJewels UK","article_modified_time":"2026-01-06T05:33:50+00:00","og_image":[{"width":1000,"height":1000,"url":"https:\/\/www.purejewels.com\/wp-content\/uploads\/2022\/02\/33208.jpg","type":"image\/jpeg"}],"twitter_card":"summary_large_image","twitter_misc":{"Tahmini okuma s\u00fcresi":"1 dakika"},"schema":{"@context":"https:\/\/schema.org","@graph":[{"@type":["WebPage","ItemPage"],"@id":"https:\/\/www.purejewels.com\/product\/22ct-gold-floral-studs-41992\/","url":"https:\/\/www.purejewels.com\/product\/22ct-gold-floral-studs-41992\/","name":"Kad\u0131nlar \u0130\u00e7in G\u00fcnl\u00fck Giyim \u00c7\u0131t\u00e7\u0131tlar | PureJewels.com","isPartOf":{"@id":"https:\/\/www.purejewels.com\/#website"},"primaryImageOfPage":{"@id":"https:\/\/www.purejewels.com\/product\/22ct-gold-floral-studs-41992\/#primaryimage"},"image":{"@id":"https:\/\/www.purejewels.com\/product\/22ct-gold-floral-studs-41992\/#primaryimage"},"thumbnailUrl":"https:\/\/static.purejewels.com\/wp-content\/uploads\/2022\/02\/33208.jpg","datePublished":"2024-04-23T06:45:54+00:00","dateModified":"2026-01-06T05:33:50+00:00","description":"Sezonu zarif Noel alt\u0131n k\u00fcpeleriyle kutlay\u0131n! Hediye etmek veya y\u0131lba\u015f\u0131 g\u00f6r\u00fcn\u00fcm\u00fcn\u00fcze \u015fenlikli bir \u00e7ekicilik katmak i\u00e7in m\u00fckemmel olan alt\u0131n rengindeki \u00e7arp\u0131c\u0131 tasar\u0131mlar\u0131 ke\u015ffedin.","breadcrumb":{"@id":"https:\/\/www.purejewels.com\/product\/22ct-gold-floral-studs-41992\/#breadcrumb"},"inLanguage":"tr","potentialAction":[{"@type":"ReadAction","target":["https:\/\/www.purejewels.com\/product\/22ct-gold-floral-studs-41992\/"]}]},{"@type":"ImageObject","inLanguage":"tr","@id":"https:\/\/www.purejewels.com\/product\/22ct-gold-floral-studs-41992\/#primaryimage","url":"https:\/\/static.purejewels.com\/wp-content\/uploads\/2022\/02\/33208.jpg","contentUrl":"https:\/\/static.purejewels.com\/wp-content\/uploads\/2022\/02\/33208.jpg","width":1000,"height":1000,"caption":"22ct Gold Stud Earrings 33208"},{"@type":"BreadcrumbList","@id":"https:\/\/www.purejewels.com\/product\/22ct-gold-floral-studs-41992\/#breadcrumb","itemListElement":[{"@type":"ListItem","position":1,"name":"Home","item":"https:\/\/www.purejewels.com\/"},{"@type":"ListItem","position":2,"name":"Shop","item":"https:\/\/www.purejewels.com\/shop\/"},{"@type":"ListItem","position":3,"name":"22ct Gold Floral Studs with CZ Stones"}]},{"@type":"WebSite","@id":"https:\/\/www.purejewels.com\/#website","url":"https:\/\/www.purejewels.com\/","name":"PureJewels \u0130ngiltere","description":"Sevgiyi Payla\u015f\u0131n","publisher":{"@id":"https:\/\/www.purejewels.com\/#organization"},"potentialAction":[{"@type":"SearchAction","target":{"@type":"EntryPoint","urlTemplate":"https:\/\/www.purejewels.com\/?s={search_term_string}"},"query-input":{"@type":"PropertyValueSpecification","valueRequired":true,"valueName":"search_term_string"}}],"inLanguage":"tr"},{"@type":"Organization","@id":"https:\/\/www.purejewels.com\/#organization","name":"PureJewels \u0130ngiltere","url":"https:\/\/www.purejewels.com\/","logo":{"@type":"ImageObject","inLanguage":"tr","@id":"https:\/\/www.purejewels.com\/#\/schema\/logo\/image\/","url":"https:\/\/static.purejewels.com\/wp-content\/uploads\/2020\/11\/Logo-PJ-New-1.png","contentUrl":"https:\/\/static.purejewels.com\/wp-content\/uploads\/2020\/11\/Logo-PJ-New-1.png","width":150,"height":80,"caption":"PureJewels UK"},"image":{"@id":"https:\/\/www.purejewels.com\/#\/schema\/logo\/image\/"}}]}},"_links":{"self":[{"href":"https:\/\/www.purejewels.com\/tr\/wp-json\/wp\/v2\/product\/334827","targetHints":{"allow":["GET"]}}],"collection":[{"href":"https:\/\/www.purejewels.com\/tr\/wp-json\/wp\/v2\/product"}],"about":[{"href":"https:\/\/www.purejewels.com\/tr\/wp-json\/wp\/v2\/types\/product"}],"replies":[{"embeddable":true,"href":"https:\/\/www.purejewels.com\/tr\/wp-json\/wp\/v2\/comments?post=334827"}],"version-history":[{"count":4,"href":"https:\/\/www.purejewels.com\/tr\/wp-json\/wp\/v2\/product\/334827\/revisions"}],"predecessor-version":[{"id":399504,"href":"https:\/\/www.purejewels.com\/tr\/wp-json\/wp\/v2\/product\/334827\/revisions\/399504"}],"wp:featuredmedia":[{"embeddable":true,"href":"https:\/\/www.purejewels.com\/tr\/wp-json\/wp\/v2\/media\/335050"}],"wp:attachment":[{"href":"https:\/\/www.purejewels.com\/tr\/wp-json\/wp\/v2\/media?parent=334827"}],"wp:term":[{"taxonomy":"product_brand","embeddable":true,"href":"https:\/\/www.purejewels.com\/tr\/wp-json\/wp\/v2\/product_brand?post=334827"},{"taxonomy":"product_cat","embeddable":true,"href":"https:\/\/www.purejewels.com\/tr\/wp-json\/wp\/v2\/product_cat?post=334827"},{"taxonomy":"product_tag","embeddable":true,"href":"https:\/\/www.purejewels.com\/tr\/wp-json\/wp\/v2\/product_tag?post=334827"}],"curies":[{"name":"wp","href":"https:\/\/api.w.org\/{rel}","templated":true}]}}