{"id":334831,"date":"2022-03-04T05:44:05","date_gmt":"2022-03-04T05:44:05","guid":{"rendered":"https:\/\/www.purejewels.com\/?post_type=product&#038;p=334831"},"modified":"2023-12-09T14:36:01","modified_gmt":"2023-12-09T14:36:01","slug":"22-ayar-altin-kalp-saplama-kupe-41995","status":"publish","type":"product","link":"https:\/\/www.purejewels.com\/tr\/product\/22ct-gold-heart-stud-earring-41995\/","title":{"rendered":"22 Ayar Alt\u0131n Kalp Saplama K\u00fcpe | CZ Ta\u015fl\u0131"},"content":{"rendered":"<h2>Cazibe<\/h2>\n<p>Bu modern \u00e7\u0131t\u00e7\u0131t \u00e7ifti kendinden ge\u00e7mi\u015f ve g\u00fczel g\u00f6r\u00fcn\u00fcyor. \u00c7\u0131t\u00e7\u0131tl\u0131 kulaklar zahmetsiz, cesur ve muhte\u015femdir. Temelde daha uzun kulak k\u00fcpelerinin daha k\u00fc\u00e7\u00fck versiyonlar\u0131d\u0131r. <a href=\"https:\/\/www.purejewels.com\/tr\/product-category\/22ct-gold-jewellery\/gold-earrings\/\">K\u00fcpeler<\/a> kulak memelerinin alt\u0131na d\u00fc\u015fer. \u00c7ok fazla dram katmadan kulak memelerinizi zahmetsizce kapatacak \u015fekilde \u00fcretilmi\u015flerdir. G\u00fcn\u00fcm\u00fczde, bir tak\u0131 ya da ta\u015f damla \u015feklinde biraz daha uzun olan k\u00fcpeler de bulabilirsiniz.<\/p>\n<h2>Tasar\u0131m<\/h2>\n<p>Bu yaprak d\u00f6kmeyen kalp <a href=\"https:\/\/www.purejewels.com\/tr\/product-category\/22ct-gold-jewellery\/gold-earrings\/stud-earrings\/\">saplama k\u00fcpeler<\/a> zariftir. Bu alt\u0131n k\u00fcpeler g\u00fcn\u00fcm\u00fcz k\u00fclt\u00fcr\u00fcnden ilham al\u0131yor. Bu kalp k\u00fcpeler, vintage g\u00f6r\u00fcn\u00fcml\u00fc p\u0131rlanta m\u00fccevher koleksiyonumuzun bir par\u00e7as\u0131d\u0131r ve oyma gibi teknikler kullan\u0131larak el i\u015f\u00e7ili\u011fiyle alt\u0131n olarak \u00fcretilmi\u015ftir, <a href=\"https:\/\/www.purejewels.com\/tr\/a-guide-to-die-stamping\/\">kabartma<\/a> ve \u00e7ivili. Tasar\u0131m, oval \u015fekilli bir unsurda karma\u015f\u0131k bir \u015fekilde detayland\u0131r\u0131lm\u0131\u015f g\u00fcr ve parlak p\u0131rlanta \u00e7izgisiyle ba\u015flar. Bu oval par\u00e7an\u0131n merkezi g\u00fczelce kesilmi\u015f ve incelikle parlat\u0131lm\u0131\u015f bir p\u0131rlanta ile s\u00fcslenmi\u015ftir. <a href=\"https:\/\/www.purejewels.com\/tr\/euphoric-hues-topaz\/\">topaz<\/a> Bu da \u00e7ifte vintage bir par\u0131lt\u0131 kat\u0131yor.<\/p>\n<h2>Hazine<\/h2>\n<p>Bu 22K <a href=\"https:\/\/www.purejewels.com\/tr\/product\/gold-stud-earrings-42487\/\">alt\u0131n saplama k\u00fcpeler<\/a> londra her zaman ye\u015fildir ve d\u00fcnyan\u0131n d\u00f6rt bir yan\u0131nda kalplere dokunmaktad\u0131r. Bu s\u00fcsler bir kez eve getirildi\u011finde, \u00f6nemli ve g\u00fczel anlarda onlar\u0131 s\u00fcslerken aile yadigar\u0131 koleksiyonunuzun bir par\u00e7as\u0131 haline gelecektir. Web sitemize g\u00f6z atabilir ve daha fazlas\u0131n\u0131 ke\u015ffedebilirsiniz <a href=\"https:\/\/www.purejewels.com\/tr\/product\/22ct-gold-heart-shape-with-sigle-pearl-pendant-43591\/\">alt\u0131n kalp<\/a> k\u00fcpeler ve favorilerinizi eve getirin.<\/p>","protected":false},"excerpt":{"rendered":"<table class=\"sh_desc\">\n<tbody>\n<tr>\n<td>K\u00fcpe T\u00fcr\u00fc<\/td>\n<td>Saplama K\u00fcpe<\/td>\n<\/tr>\n<tr>\n<td>SKU<\/td>\n<td>34397<\/td>\n<\/tr>\n<tr>\n<td>A\u011f\u0131rl\u0131k<\/td>\n<td>3.1 Gms<\/td>\n<\/tr>\n<tr>\n<td>Biti\u015f<\/td>\n<td>Rodyum<\/td>\n<\/tr>\n<tr>\n<td>Metal<\/td>\n<td>22 Ayar Alt\u0131n<\/td>\n<\/tr>\n<tr>\n<td>\u00dccretler<\/td>\n<td>Teslimat ve KDV Dahil<\/td>\n<\/tr>\n<tr>\n<td>Paketleme<\/td>\n<td>Sunum Kutusu ile Birlikte Gelir<\/td>\n<\/tr>\n<tr>\n<td>Daha Fazla Bilgi<\/td>\n<td>M\u00fcsaitlik durumu ve daha fazla resim i\u00e7in bizimle canl\u0131 sohbet edin<\/td>\n<\/tr>\n<\/tbody>\n<\/table>","protected":false},"featured_media":335049,"comment_status":"closed","ping_status":"closed","template":"","meta":{"_eb_attr":"","_crsspst_to_jayantr4sg-hostcom":false},"product_brand":[],"product_cat":[1791,1559,1793,1792,1790,1254,5344,1570,1577,1569,1573,1574,5349],"product_tag":[],"class_list":{"0":"post-334831","1":"product","2":"type-product","3":"status-publish","4":"has-post-thumbnail","6":"product_cat-anniversary-gifts","7":"product_cat-birthday-gifts","8":"product_cat-diwali-gifts","9":"product_cat-festival-gifts","10":"product_cat-for-whom-when","11":"product_cat-gold-earrings","12":"product_cat-jewellery-under-750","13":"product_cat-mothers-day-gifts","14":"product_cat-stud-earrings","15":"product_cat-valentine-day-gifts","16":"product_cat-wedding-gifts","17":"product_cat-womens-jewellery","18":"product_cat-yellow-gold-jewellery","20":"first","21":"outofstock","22":"sale","23":"taxable","24":"shipping-taxable","25":"product-type-simple","26":"add-to-wishlist-before_image"},"yoast_head":"<!-- This site is optimized with the Yoast SEO plugin v27.5 - https:\/\/yoast.com\/product\/yoast-seo-wordpress\/ -->\n<title>Heart Shaped Studs in London | Order Now | PureJewels.com<\/title>\n<meta name=\"description\" content=\"Heart Shaped Earrings Online | Order Heart Studs Earring in UK | Gift Stud Earring | Fast Delivery | Easy Returns\" \/>\n<meta name=\"robots\" content=\"index, follow, max-snippet:-1, max-image-preview:large, max-video-preview:-1\" \/>\n<link rel=\"canonical\" href=\"https:\/\/www.purejewels.com\/tr\/urun\/22-ayar-altin-kalp-saplama-kupe-41995\/\" \/>\n<meta property=\"og:locale\" content=\"tr_TR\" \/>\n<meta property=\"og:type\" content=\"article\" \/>\n<meta property=\"og:title\" content=\"Heart Shaped Studs in London | Order Now | PureJewels.com\" \/>\n<meta property=\"og:description\" content=\"Heart Shaped Earrings Online | Order Heart Studs Earring in UK | Gift Stud Earring | Fast Delivery | Easy Returns\" \/>\n<meta property=\"og:url\" content=\"https:\/\/www.purejewels.com\/tr\/urun\/22-ayar-altin-kalp-saplama-kupe-41995\/\" \/>\n<meta property=\"og:site_name\" content=\"PureJewels UK\" \/>\n<meta property=\"article:modified_time\" content=\"2023-12-09T14:36:01+00:00\" \/>\n<meta property=\"og:image\" content=\"https:\/\/www.purejewels.com\/wp-content\/uploads\/2022\/02\/34397-1.jpg\" \/>\n\t<meta property=\"og:image:width\" content=\"1000\" \/>\n\t<meta property=\"og:image:height\" content=\"1000\" \/>\n\t<meta property=\"og:image:type\" content=\"image\/jpeg\" \/>\n<meta name=\"twitter:card\" content=\"summary_large_image\" \/>\n<meta name=\"twitter:label1\" content=\"Tahmini okuma s\u00fcresi\" \/>\n\t<meta name=\"twitter:data1\" content=\"1 dakika\" \/>\n<script type=\"application\/ld+json\" class=\"yoast-schema-graph\">{\"@context\":\"https:\\\/\\\/schema.org\",\"@graph\":[{\"@type\":[\"WebPage\",\"ItemPage\"],\"@id\":\"https:\\\/\\\/www.purejewels.com\\\/product\\\/22ct-gold-heart-stud-earring-41995\\\/\",\"url\":\"https:\\\/\\\/www.purejewels.com\\\/product\\\/22ct-gold-heart-stud-earring-41995\\\/\",\"name\":\"Heart Shaped Studs in London | Order Now | PureJewels.com\",\"isPartOf\":{\"@id\":\"https:\\\/\\\/www.purejewels.com\\\/#website\"},\"primaryImageOfPage\":{\"@id\":\"https:\\\/\\\/www.purejewels.com\\\/product\\\/22ct-gold-heart-stud-earring-41995\\\/#primaryimage\"},\"image\":{\"@id\":\"https:\\\/\\\/www.purejewels.com\\\/product\\\/22ct-gold-heart-stud-earring-41995\\\/#primaryimage\"},\"thumbnailUrl\":\"https:\\\/\\\/static.purejewels.com\\\/wp-content\\\/uploads\\\/2022\\\/02\\\/34397-1.jpg\",\"datePublished\":\"2022-03-04T05:44:05+00:00\",\"dateModified\":\"2023-12-09T14:36:01+00:00\",\"description\":\"Heart Shaped Earrings Online | Order Heart Studs Earring in UK | Gift Stud Earring | Fast Delivery | Easy Returns\",\"breadcrumb\":{\"@id\":\"https:\\\/\\\/www.purejewels.com\\\/product\\\/22ct-gold-heart-stud-earring-41995\\\/#breadcrumb\"},\"inLanguage\":\"tr\",\"potentialAction\":[{\"@type\":\"ReadAction\",\"target\":[\"https:\\\/\\\/www.purejewels.com\\\/product\\\/22ct-gold-heart-stud-earring-41995\\\/\"]}]},{\"@type\":\"ImageObject\",\"inLanguage\":\"tr\",\"@id\":\"https:\\\/\\\/www.purejewels.com\\\/product\\\/22ct-gold-heart-stud-earring-41995\\\/#primaryimage\",\"url\":\"https:\\\/\\\/static.purejewels.com\\\/wp-content\\\/uploads\\\/2022\\\/02\\\/34397-1.jpg\",\"contentUrl\":\"https:\\\/\\\/static.purejewels.com\\\/wp-content\\\/uploads\\\/2022\\\/02\\\/34397-1.jpg\",\"width\":1000,\"height\":1000,\"caption\":\"22ct Gold CZ Stone Earring | Heart Studs\"},{\"@type\":\"BreadcrumbList\",\"@id\":\"https:\\\/\\\/www.purejewels.com\\\/product\\\/22ct-gold-heart-stud-earring-41995\\\/#breadcrumb\",\"itemListElement\":[{\"@type\":\"ListItem\",\"position\":1,\"name\":\"Home\",\"item\":\"https:\\\/\\\/www.purejewels.com\\\/\"},{\"@type\":\"ListItem\",\"position\":2,\"name\":\"Shop\",\"item\":\"https:\\\/\\\/www.purejewels.com\\\/shop\\\/\"},{\"@type\":\"ListItem\",\"position\":3,\"name\":\"22ct Gold Heart Stud Earring | with CZ Stone\"}]},{\"@type\":\"WebSite\",\"@id\":\"https:\\\/\\\/www.purejewels.com\\\/#website\",\"url\":\"https:\\\/\\\/www.purejewels.com\\\/\",\"name\":\"PureJewels UK\",\"description\":\"Share the Love\",\"publisher\":{\"@id\":\"https:\\\/\\\/www.purejewels.com\\\/#organization\"},\"potentialAction\":[{\"@type\":\"SearchAction\",\"target\":{\"@type\":\"EntryPoint\",\"urlTemplate\":\"https:\\\/\\\/www.purejewels.com\\\/?s={search_term_string}\"},\"query-input\":{\"@type\":\"PropertyValueSpecification\",\"valueRequired\":true,\"valueName\":\"search_term_string\"}}],\"inLanguage\":\"tr\"},{\"@type\":\"Organization\",\"@id\":\"https:\\\/\\\/www.purejewels.com\\\/#organization\",\"name\":\"PureJewels UK\",\"url\":\"https:\\\/\\\/www.purejewels.com\\\/\",\"logo\":{\"@type\":\"ImageObject\",\"inLanguage\":\"tr\",\"@id\":\"https:\\\/\\\/www.purejewels.com\\\/#\\\/schema\\\/logo\\\/image\\\/\",\"url\":\"https:\\\/\\\/static.purejewels.com\\\/wp-content\\\/uploads\\\/2020\\\/11\\\/Logo-PJ-New-1.png\",\"contentUrl\":\"https:\\\/\\\/static.purejewels.com\\\/wp-content\\\/uploads\\\/2020\\\/11\\\/Logo-PJ-New-1.png\",\"width\":150,\"height\":80,\"caption\":\"PureJewels UK\"},\"image\":{\"@id\":\"https:\\\/\\\/www.purejewels.com\\\/#\\\/schema\\\/logo\\\/image\\\/\"}}]}<\/script>\n<!-- \/ Yoast SEO plugin. -->","yoast_head_json":{"title":"Londra'da Kalp \u015eeklinde \u00c7iviler | \u015eimdi Sipari\u015f Verin | PureJewels.com","description":"Kalp \u015eeklinde K\u00fcpeler Online | \u0130ngiltere'de Kalp Saplama K\u00fcpe Sipari\u015fi | Hediyelik Saplama K\u00fcpe | H\u0131zl\u0131 Teslimat | Kolay \u0130ade","robots":{"index":"index","follow":"follow","max-snippet":"max-snippet:-1","max-image-preview":"max-image-preview:large","max-video-preview":"max-video-preview:-1"},"canonical":"https:\/\/www.purejewels.com\/tr\/urun\/22-ayar-altin-kalp-saplama-kupe-41995\/","og_locale":"tr_TR","og_type":"article","og_title":"Heart Shaped Studs in London | Order Now | PureJewels.com","og_description":"Heart Shaped Earrings Online | Order Heart Studs Earring in UK | Gift Stud Earring | Fast Delivery | Easy Returns","og_url":"https:\/\/www.purejewels.com\/tr\/urun\/22-ayar-altin-kalp-saplama-kupe-41995\/","og_site_name":"PureJewels UK","article_modified_time":"2023-12-09T14:36:01+00:00","og_image":[{"width":1000,"height":1000,"url":"https:\/\/www.purejewels.com\/wp-content\/uploads\/2022\/02\/34397-1.jpg","type":"image\/jpeg"}],"twitter_card":"summary_large_image","twitter_misc":{"Tahmini okuma s\u00fcresi":"1 dakika"},"schema":{"@context":"https:\/\/schema.org","@graph":[{"@type":["WebPage","ItemPage"],"@id":"https:\/\/www.purejewels.com\/product\/22ct-gold-heart-stud-earring-41995\/","url":"https:\/\/www.purejewels.com\/product\/22ct-gold-heart-stud-earring-41995\/","name":"Londra'da Kalp \u015eeklinde \u00c7iviler | \u015eimdi Sipari\u015f Verin | PureJewels.com","isPartOf":{"@id":"https:\/\/www.purejewels.com\/#website"},"primaryImageOfPage":{"@id":"https:\/\/www.purejewels.com\/product\/22ct-gold-heart-stud-earring-41995\/#primaryimage"},"image":{"@id":"https:\/\/www.purejewels.com\/product\/22ct-gold-heart-stud-earring-41995\/#primaryimage"},"thumbnailUrl":"https:\/\/static.purejewels.com\/wp-content\/uploads\/2022\/02\/34397-1.jpg","datePublished":"2022-03-04T05:44:05+00:00","dateModified":"2023-12-09T14:36:01+00:00","description":"Kalp \u015eeklinde K\u00fcpeler Online | \u0130ngiltere'de Kalp Saplama K\u00fcpe Sipari\u015fi | Hediyelik Saplama K\u00fcpe | H\u0131zl\u0131 Teslimat | Kolay \u0130ade","breadcrumb":{"@id":"https:\/\/www.purejewels.com\/product\/22ct-gold-heart-stud-earring-41995\/#breadcrumb"},"inLanguage":"tr","potentialAction":[{"@type":"ReadAction","target":["https:\/\/www.purejewels.com\/product\/22ct-gold-heart-stud-earring-41995\/"]}]},{"@type":"ImageObject","inLanguage":"tr","@id":"https:\/\/www.purejewels.com\/product\/22ct-gold-heart-stud-earring-41995\/#primaryimage","url":"https:\/\/static.purejewels.com\/wp-content\/uploads\/2022\/02\/34397-1.jpg","contentUrl":"https:\/\/static.purejewels.com\/wp-content\/uploads\/2022\/02\/34397-1.jpg","width":1000,"height":1000,"caption":"22ct Gold CZ Stone Earring | Heart Studs"},{"@type":"BreadcrumbList","@id":"https:\/\/www.purejewels.com\/product\/22ct-gold-heart-stud-earring-41995\/#breadcrumb","itemListElement":[{"@type":"ListItem","position":1,"name":"Home","item":"https:\/\/www.purejewels.com\/"},{"@type":"ListItem","position":2,"name":"Shop","item":"https:\/\/www.purejewels.com\/shop\/"},{"@type":"ListItem","position":3,"name":"22ct Gold Heart Stud Earring | with CZ Stone"}]},{"@type":"WebSite","@id":"https:\/\/www.purejewels.com\/#website","url":"https:\/\/www.purejewels.com\/","name":"PureJewels \u0130ngiltere","description":"Sevgiyi Payla\u015f\u0131n","publisher":{"@id":"https:\/\/www.purejewels.com\/#organization"},"potentialAction":[{"@type":"SearchAction","target":{"@type":"EntryPoint","urlTemplate":"https:\/\/www.purejewels.com\/?s={search_term_string}"},"query-input":{"@type":"PropertyValueSpecification","valueRequired":true,"valueName":"search_term_string"}}],"inLanguage":"tr"},{"@type":"Organization","@id":"https:\/\/www.purejewels.com\/#organization","name":"PureJewels \u0130ngiltere","url":"https:\/\/www.purejewels.com\/","logo":{"@type":"ImageObject","inLanguage":"tr","@id":"https:\/\/www.purejewels.com\/#\/schema\/logo\/image\/","url":"https:\/\/static.purejewels.com\/wp-content\/uploads\/2020\/11\/Logo-PJ-New-1.png","contentUrl":"https:\/\/static.purejewels.com\/wp-content\/uploads\/2020\/11\/Logo-PJ-New-1.png","width":150,"height":80,"caption":"PureJewels UK"},"image":{"@id":"https:\/\/www.purejewels.com\/#\/schema\/logo\/image\/"}}]}},"_links":{"self":[{"href":"https:\/\/www.purejewels.com\/tr\/wp-json\/wp\/v2\/product\/334831","targetHints":{"allow":["GET"]}}],"collection":[{"href":"https:\/\/www.purejewels.com\/tr\/wp-json\/wp\/v2\/product"}],"about":[{"href":"https:\/\/www.purejewels.com\/tr\/wp-json\/wp\/v2\/types\/product"}],"replies":[{"embeddable":true,"href":"https:\/\/www.purejewels.com\/tr\/wp-json\/wp\/v2\/comments?post=334831"}],"version-history":[{"count":0,"href":"https:\/\/www.purejewels.com\/tr\/wp-json\/wp\/v2\/product\/334831\/revisions"}],"wp:featuredmedia":[{"embeddable":true,"href":"https:\/\/www.purejewels.com\/tr\/wp-json\/wp\/v2\/media\/335049"}],"wp:attachment":[{"href":"https:\/\/www.purejewels.com\/tr\/wp-json\/wp\/v2\/media?parent=334831"}],"wp:term":[{"taxonomy":"product_brand","embeddable":true,"href":"https:\/\/www.purejewels.com\/tr\/wp-json\/wp\/v2\/product_brand?post=334831"},{"taxonomy":"product_cat","embeddable":true,"href":"https:\/\/www.purejewels.com\/tr\/wp-json\/wp\/v2\/product_cat?post=334831"},{"taxonomy":"product_tag","embeddable":true,"href":"https:\/\/www.purejewels.com\/tr\/wp-json\/wp\/v2\/product_tag?post=334831"}],"curies":[{"name":"wp","href":"https:\/\/api.w.org\/{rel}","templated":true}]}}