{"id":334844,"date":"2022-03-04T04:55:27","date_gmt":"2022-03-04T04:55:27","guid":{"rendered":"https:\/\/www.purejewels.com\/?post_type=product&#038;p=334844"},"modified":"2026-01-07T06:01:14","modified_gmt":"2026-01-07T06:01:14","slug":"22-ayar-sari-altindan-burgulu-yuzuk-42000","status":"publish","type":"product","link":"https:\/\/www.purejewels.com\/tr\/product\/twisted-ring-in-22ct-yellow-gold-42000\/","title":{"rendered":"22 Ayar Sar\u0131 Alt\u0131n Burgulu Y\u00fcz\u00fck | J Beden"},"content":{"rendered":"<p data-start=\"523\" data-end=\"944\"><strong data-start=\"523\" data-end=\"542\">Tasar\u0131m Konsepti<\/strong><\/p>\n<p data-start=\"523\" data-end=\"944\">Tasar\u0131m, yumu\u015fak k\u0131vr\u0131mlar\u0131n yap\u0131sal \u00e7izgilerle bulu\u015ftu\u011fu do\u011fa ve mimarideki i\u00e7 i\u00e7e ge\u00e7mi\u015f formlardan esinlenmi\u015ftir. Ajurlu b\u00fck\u00fcm motifi, kontrast olu\u015fturan elmas kesim beyaz alt\u0131n bir bant ve alt\u0131n ip dokulu bir katmanla \u00e7er\u00e7evelenerek g\u00f6rsel derinlik ve dokunsal ilgi yarat\u0131r. Sivri V-\u00f6n \u015fekli, klasik istifleme bantlar\u0131na \u00e7a\u011fda\u015f bir yorum getirerek parma\u011f\u0131 uzayan bir zarafetle d\u00fczle\u015ftiriyor.<\/p>\n<hr data-start=\"946\" data-end=\"949\" \/>\n<p data-start=\"951\" data-end=\"1379\"><strong data-start=\"951\" data-end=\"969\">Zanaatkarl\u0131k<\/strong><\/p>\n<p data-start=\"951\" data-end=\"1379\">Zengin malzemeden ustal\u0131kla el yap\u0131m\u0131 <a href=\"https:\/\/www.purejewels.com\/tr\/product\/22ct-gold-jali-filigree-ring-jali-collection-31926\/\">22ct<\/a> alt\u0131n, her bir unsur ayr\u0131 ayr\u0131 yontulmu\u015f ve boyutsal uyum yaratmak i\u00e7in bir araya getirilmi\u015ftir. Beyaz rodyum kaplamal\u0131 vurgu, \u0131\u015f\u0131\u011f\u0131 her a\u00e7\u0131dan yans\u0131tmak i\u00e7in y\u00f6nl\u00fcd\u00fcr; b\u00fck\u00fclm\u00fc\u015f halat detay\u0131 ise ince kal\u0131p damgas\u0131 ve elle b\u00fckme tekniklerini sergiler. Londra Assay Ofisi taraf\u0131ndan tam damgalanm\u0131\u015f olan bu y\u00fcz\u00fck, her detay\u0131nda hem safl\u0131\u011f\u0131 hem de hassasiyeti \u00f6rneklemektedir.<\/p>\n<hr data-start=\"1381\" data-end=\"1384\" \/>\n<p data-start=\"1386\" data-end=\"1406\"><strong data-start=\"1386\" data-end=\"1404\">Stil Fikirleri<\/strong><\/p>\n<ul data-start=\"1407\" data-end=\"1709\">\n<li data-start=\"1407\" data-end=\"1512\">\n<p data-start=\"1409\" data-end=\"1512\"><strong data-start=\"1409\" data-end=\"1422\">Yaln\u0131z giyin<\/strong> rafine bir minimalizm ifadesi olarak benzersiz sil\u00fcetleri takdir edenler i\u00e7in idealdir.<\/p>\n<\/li>\n<li data-start=\"1513\" data-end=\"1607\">\n<p data-start=\"1515\" data-end=\"1607\"><strong data-start=\"1515\" data-end=\"1527\">\u0130stifleyin<\/strong> p\u00fcr\u00fczs\u00fcz alt\u0131n bantl\u0131 veya de\u011ferli ta\u015fl\u0131 <a href=\"https:\/\/www.purejewels.com\/tr\/product-category\/22ct-gold-jewellery\/gold-rings\/\">halkalar<\/a> kontrast ve katmanl\u0131 ifade i\u00e7in.<\/p>\n<\/li>\n<li data-start=\"1608\" data-end=\"1709\">\n<p data-start=\"1610\" data-end=\"1709\"><strong data-start=\"1610\" data-end=\"1649\">E\u015fle\u015fen burgulu bileklik ile e\u015fle\u015ftirin<\/strong> ya da g\u00fcnd\u00fczden ak\u015fama uyumlu bir kombin i\u00e7in damla k\u00fcpeler.<\/p>\n<\/li>\n<\/ul>\n<p data-start=\"1711\" data-end=\"1823\">G\u00fcnl\u00fck ciladan ak\u015fam cazibesine zahmetsizce ge\u00e7i\u015f yapan \u00e7ok y\u00f6nl\u00fc bir y\u00fcz\u00fck - her zaman zarif, her zaman siz.<\/p>","protected":false},"excerpt":{"rendered":"<table class=\"sh_desc\">\n<tbody>\n<tr>\n<td>Y\u00fcz\u00fck Tipi<\/td>\n<td>S\u00fcsl\u00fc Y\u00fcz\u00fck<\/td>\n<\/tr>\n<tr>\n<td>SKU<\/td>\n<td>42000<\/td>\n<\/tr>\n<tr>\n<td>A\u011f\u0131rl\u0131k<\/td>\n<td>2.9 Gms<\/td>\n<\/tr>\n<tr>\n<td>Metal<\/td>\n<td>22 Ayar Alt\u0131n<\/td>\n<\/tr>\n<tr>\n<td>\u00dccretler<\/td>\n<td>Teslimat ve KDV Dahil<\/td>\n<\/tr>\n<tr>\n<td>Paketleme<\/td>\n<td>Sunum Kutusu ile Birlikte Gelir<\/td>\n<\/tr>\n<tr>\n<td>Daha Fazla Bilgi<\/td>\n<td>M\u00fcsaitlik durumu ve daha fazla resim i\u00e7in bizimle canl\u0131 sohbet edin<br \/>\nBenzer Asya d\u00fc\u011f\u00fcnlerini ke\u015ffetmek i\u00e7in bize ula\u015f\u0131n\u00a0<span id=\"urn:enhancement-1162a1de\" class=\"textannotation\">halkalar<\/span><\/td>\n<\/tr>\n<\/tbody>\n<\/table>","protected":false},"featured_media":330641,"comment_status":"closed","ping_status":"closed","template":"","meta":{"_eb_attr":"","_crsspst_to_jayantr4sg-hostcom":false},"product_brand":[],"product_cat":[1785,1790,1235,1783,1574],"product_tag":[64],"class_list":{"0":"post-334844","1":"product","2":"type-product","3":"status-publish","4":"has-post-thumbnail","6":"product_cat-daily-wear-rings","7":"product_cat-for-whom-when","8":"product_cat-gold-rings","9":"product_cat-ladies-rings","10":"product_cat-womens-jewellery","11":"product_tag-rings","13":"first","14":"outofstock","15":"sale","16":"taxable","17":"shipping-taxable","18":"product-type-simple","19":"add-to-wishlist-before_image"},"yoast_head":"<!-- This site is optimized with the Yoast SEO plugin v27.5 - https:\/\/yoast.com\/product\/yoast-seo-wordpress\/ -->\n<title>Rings In Yellow Gold | Everyday Wear Gold Ring | PureJewels.com<\/title>\n<meta name=\"description\" content=\"Different Size Gold Rings Online In London | Shop This Beautiful Ring | Perfect For Dailywear | Free Delivery | Easy Returns.\" \/>\n<meta name=\"robots\" content=\"index, follow, max-snippet:-1, max-image-preview:large, max-video-preview:-1\" \/>\n<link rel=\"canonical\" href=\"https:\/\/www.purejewels.com\/tr\/urun\/22-ayar-sari-altindan-burgulu-yuzuk-42000\/\" \/>\n<meta property=\"og:locale\" content=\"tr_TR\" \/>\n<meta property=\"og:type\" content=\"article\" \/>\n<meta property=\"og:title\" content=\"Rings In Yellow Gold | Everyday Wear Gold Ring | PureJewels.com\" \/>\n<meta property=\"og:description\" content=\"Different Size Gold Rings Online In London | Shop This Beautiful Ring | Perfect For Dailywear | Free Delivery | Easy Returns.\" \/>\n<meta property=\"og:url\" content=\"https:\/\/www.purejewels.com\/tr\/urun\/22-ayar-sari-altindan-burgulu-yuzuk-42000\/\" \/>\n<meta property=\"og:site_name\" content=\"PureJewels UK\" \/>\n<meta property=\"article:modified_time\" content=\"2026-01-07T06:01:14+00:00\" \/>\n<meta property=\"og:image\" content=\"https:\/\/www.purejewels.com\/wp-content\/uploads\/2021\/12\/40625-1.jpg\" \/>\n\t<meta property=\"og:image:width\" content=\"1000\" \/>\n\t<meta property=\"og:image:height\" content=\"1000\" \/>\n\t<meta property=\"og:image:type\" content=\"image\/jpeg\" \/>\n<meta name=\"twitter:card\" content=\"summary_large_image\" \/>\n<meta name=\"twitter:label1\" content=\"Tahmini okuma s\u00fcresi\" \/>\n\t<meta name=\"twitter:data1\" content=\"1 dakika\" \/>\n<script type=\"application\/ld+json\" class=\"yoast-schema-graph\">{\"@context\":\"https:\\\/\\\/schema.org\",\"@graph\":[{\"@type\":[\"WebPage\",\"ItemPage\"],\"@id\":\"https:\\\/\\\/www.purejewels.com\\\/product\\\/twisted-ring-in-22ct-yellow-gold-42000\\\/\",\"url\":\"https:\\\/\\\/www.purejewels.com\\\/product\\\/twisted-ring-in-22ct-yellow-gold-42000\\\/\",\"name\":\"Rings In Yellow Gold | Everyday Wear Gold Ring | PureJewels.com\",\"isPartOf\":{\"@id\":\"https:\\\/\\\/www.purejewels.com\\\/#website\"},\"primaryImageOfPage\":{\"@id\":\"https:\\\/\\\/www.purejewels.com\\\/product\\\/twisted-ring-in-22ct-yellow-gold-42000\\\/#primaryimage\"},\"image\":{\"@id\":\"https:\\\/\\\/www.purejewels.com\\\/product\\\/twisted-ring-in-22ct-yellow-gold-42000\\\/#primaryimage\"},\"thumbnailUrl\":\"https:\\\/\\\/static.purejewels.com\\\/wp-content\\\/uploads\\\/2021\\\/12\\\/40625-1.jpg\",\"datePublished\":\"2022-03-04T04:55:27+00:00\",\"dateModified\":\"2026-01-07T06:01:14+00:00\",\"description\":\"Different Size Gold Rings Online In London | Shop This Beautiful Ring | Perfect For Dailywear | Free Delivery | Easy Returns.\",\"breadcrumb\":{\"@id\":\"https:\\\/\\\/www.purejewels.com\\\/product\\\/twisted-ring-in-22ct-yellow-gold-42000\\\/#breadcrumb\"},\"inLanguage\":\"tr\",\"potentialAction\":[{\"@type\":\"ReadAction\",\"target\":[\"https:\\\/\\\/www.purejewels.com\\\/product\\\/twisted-ring-in-22ct-yellow-gold-42000\\\/\"]}]},{\"@type\":\"ImageObject\",\"inLanguage\":\"tr\",\"@id\":\"https:\\\/\\\/www.purejewels.com\\\/product\\\/twisted-ring-in-22ct-yellow-gold-42000\\\/#primaryimage\",\"url\":\"https:\\\/\\\/static.purejewels.com\\\/wp-content\\\/uploads\\\/2021\\\/12\\\/40625-1.jpg\",\"contentUrl\":\"https:\\\/\\\/static.purejewels.com\\\/wp-content\\\/uploads\\\/2021\\\/12\\\/40625-1.jpg\",\"width\":1000,\"height\":1000,\"caption\":\"22 Carat Gold Ring For Women\"},{\"@type\":\"BreadcrumbList\",\"@id\":\"https:\\\/\\\/www.purejewels.com\\\/product\\\/twisted-ring-in-22ct-yellow-gold-42000\\\/#breadcrumb\",\"itemListElement\":[{\"@type\":\"ListItem\",\"position\":1,\"name\":\"Home\",\"item\":\"https:\\\/\\\/www.purejewels.com\\\/\"},{\"@type\":\"ListItem\",\"position\":2,\"name\":\"Shop\",\"item\":\"https:\\\/\\\/www.purejewels.com\\\/shop\\\/\"},{\"@type\":\"ListItem\",\"position\":3,\"name\":\"Twisted Ring in 22ct Yellow Gold | Size J\"}]},{\"@type\":\"WebSite\",\"@id\":\"https:\\\/\\\/www.purejewels.com\\\/#website\",\"url\":\"https:\\\/\\\/www.purejewels.com\\\/\",\"name\":\"PureJewels UK\",\"description\":\"Share the Love\",\"publisher\":{\"@id\":\"https:\\\/\\\/www.purejewels.com\\\/#organization\"},\"potentialAction\":[{\"@type\":\"SearchAction\",\"target\":{\"@type\":\"EntryPoint\",\"urlTemplate\":\"https:\\\/\\\/www.purejewels.com\\\/?s={search_term_string}\"},\"query-input\":{\"@type\":\"PropertyValueSpecification\",\"valueRequired\":true,\"valueName\":\"search_term_string\"}}],\"inLanguage\":\"tr\"},{\"@type\":\"Organization\",\"@id\":\"https:\\\/\\\/www.purejewels.com\\\/#organization\",\"name\":\"PureJewels UK\",\"url\":\"https:\\\/\\\/www.purejewels.com\\\/\",\"logo\":{\"@type\":\"ImageObject\",\"inLanguage\":\"tr\",\"@id\":\"https:\\\/\\\/www.purejewels.com\\\/#\\\/schema\\\/logo\\\/image\\\/\",\"url\":\"https:\\\/\\\/static.purejewels.com\\\/wp-content\\\/uploads\\\/2020\\\/11\\\/Logo-PJ-New-1.png\",\"contentUrl\":\"https:\\\/\\\/static.purejewels.com\\\/wp-content\\\/uploads\\\/2020\\\/11\\\/Logo-PJ-New-1.png\",\"width\":150,\"height\":80,\"caption\":\"PureJewels UK\"},\"image\":{\"@id\":\"https:\\\/\\\/www.purejewels.com\\\/#\\\/schema\\\/logo\\\/image\\\/\"}}]}<\/script>\n<!-- \/ Yoast SEO plugin. -->","yoast_head_json":{"title":"Sar\u0131 Alt\u0131n Y\u00fcz\u00fckler | G\u00fcnl\u00fck Kullan\u0131m Alt\u0131n Y\u00fcz\u00fck | PureJewels.com","description":"Londra'da Online Farkl\u0131 Boy Alt\u0131n Y\u00fcz\u00fckler | Bu G\u00fczel Y\u00fcz\u00fc\u011f\u00fc Sat\u0131n Al\u0131n | G\u00fcnl\u00fck Giyim \u0130\u00e7in M\u00fckemmel | \u00dccretsiz Teslimat | Kolay \u0130ade.","robots":{"index":"index","follow":"follow","max-snippet":"max-snippet:-1","max-image-preview":"max-image-preview:large","max-video-preview":"max-video-preview:-1"},"canonical":"https:\/\/www.purejewels.com\/tr\/urun\/22-ayar-sari-altindan-burgulu-yuzuk-42000\/","og_locale":"tr_TR","og_type":"article","og_title":"Rings In Yellow Gold | Everyday Wear Gold Ring | PureJewels.com","og_description":"Different Size Gold Rings Online In London | Shop This Beautiful Ring | Perfect For Dailywear | Free Delivery | Easy Returns.","og_url":"https:\/\/www.purejewels.com\/tr\/urun\/22-ayar-sari-altindan-burgulu-yuzuk-42000\/","og_site_name":"PureJewels UK","article_modified_time":"2026-01-07T06:01:14+00:00","og_image":[{"width":1000,"height":1000,"url":"https:\/\/www.purejewels.com\/wp-content\/uploads\/2021\/12\/40625-1.jpg","type":"image\/jpeg"}],"twitter_card":"summary_large_image","twitter_misc":{"Tahmini okuma s\u00fcresi":"1 dakika"},"schema":{"@context":"https:\/\/schema.org","@graph":[{"@type":["WebPage","ItemPage"],"@id":"https:\/\/www.purejewels.com\/product\/twisted-ring-in-22ct-yellow-gold-42000\/","url":"https:\/\/www.purejewels.com\/product\/twisted-ring-in-22ct-yellow-gold-42000\/","name":"Sar\u0131 Alt\u0131n Y\u00fcz\u00fckler | G\u00fcnl\u00fck Kullan\u0131m Alt\u0131n Y\u00fcz\u00fck | PureJewels.com","isPartOf":{"@id":"https:\/\/www.purejewels.com\/#website"},"primaryImageOfPage":{"@id":"https:\/\/www.purejewels.com\/product\/twisted-ring-in-22ct-yellow-gold-42000\/#primaryimage"},"image":{"@id":"https:\/\/www.purejewels.com\/product\/twisted-ring-in-22ct-yellow-gold-42000\/#primaryimage"},"thumbnailUrl":"https:\/\/static.purejewels.com\/wp-content\/uploads\/2021\/12\/40625-1.jpg","datePublished":"2022-03-04T04:55:27+00:00","dateModified":"2026-01-07T06:01:14+00:00","description":"Londra'da Online Farkl\u0131 Boy Alt\u0131n Y\u00fcz\u00fckler | Bu G\u00fczel Y\u00fcz\u00fc\u011f\u00fc Sat\u0131n Al\u0131n | G\u00fcnl\u00fck Giyim \u0130\u00e7in M\u00fckemmel | \u00dccretsiz Teslimat | Kolay \u0130ade.","breadcrumb":{"@id":"https:\/\/www.purejewels.com\/product\/twisted-ring-in-22ct-yellow-gold-42000\/#breadcrumb"},"inLanguage":"tr","potentialAction":[{"@type":"ReadAction","target":["https:\/\/www.purejewels.com\/product\/twisted-ring-in-22ct-yellow-gold-42000\/"]}]},{"@type":"ImageObject","inLanguage":"tr","@id":"https:\/\/www.purejewels.com\/product\/twisted-ring-in-22ct-yellow-gold-42000\/#primaryimage","url":"https:\/\/static.purejewels.com\/wp-content\/uploads\/2021\/12\/40625-1.jpg","contentUrl":"https:\/\/static.purejewels.com\/wp-content\/uploads\/2021\/12\/40625-1.jpg","width":1000,"height":1000,"caption":"22 Carat Gold Ring For Women"},{"@type":"BreadcrumbList","@id":"https:\/\/www.purejewels.com\/product\/twisted-ring-in-22ct-yellow-gold-42000\/#breadcrumb","itemListElement":[{"@type":"ListItem","position":1,"name":"Home","item":"https:\/\/www.purejewels.com\/"},{"@type":"ListItem","position":2,"name":"Shop","item":"https:\/\/www.purejewels.com\/shop\/"},{"@type":"ListItem","position":3,"name":"Twisted Ring in 22ct Yellow Gold | Size J"}]},{"@type":"WebSite","@id":"https:\/\/www.purejewels.com\/#website","url":"https:\/\/www.purejewels.com\/","name":"PureJewels \u0130ngiltere","description":"Sevgiyi Payla\u015f\u0131n","publisher":{"@id":"https:\/\/www.purejewels.com\/#organization"},"potentialAction":[{"@type":"SearchAction","target":{"@type":"EntryPoint","urlTemplate":"https:\/\/www.purejewels.com\/?s={search_term_string}"},"query-input":{"@type":"PropertyValueSpecification","valueRequired":true,"valueName":"search_term_string"}}],"inLanguage":"tr"},{"@type":"Organization","@id":"https:\/\/www.purejewels.com\/#organization","name":"PureJewels \u0130ngiltere","url":"https:\/\/www.purejewels.com\/","logo":{"@type":"ImageObject","inLanguage":"tr","@id":"https:\/\/www.purejewels.com\/#\/schema\/logo\/image\/","url":"https:\/\/static.purejewels.com\/wp-content\/uploads\/2020\/11\/Logo-PJ-New-1.png","contentUrl":"https:\/\/static.purejewels.com\/wp-content\/uploads\/2020\/11\/Logo-PJ-New-1.png","width":150,"height":80,"caption":"PureJewels UK"},"image":{"@id":"https:\/\/www.purejewels.com\/#\/schema\/logo\/image\/"}}]}},"_links":{"self":[{"href":"https:\/\/www.purejewels.com\/tr\/wp-json\/wp\/v2\/product\/334844","targetHints":{"allow":["GET"]}}],"collection":[{"href":"https:\/\/www.purejewels.com\/tr\/wp-json\/wp\/v2\/product"}],"about":[{"href":"https:\/\/www.purejewels.com\/tr\/wp-json\/wp\/v2\/types\/product"}],"replies":[{"embeddable":true,"href":"https:\/\/www.purejewels.com\/tr\/wp-json\/wp\/v2\/comments?post=334844"}],"version-history":[{"count":3,"href":"https:\/\/www.purejewels.com\/tr\/wp-json\/wp\/v2\/product\/334844\/revisions"}],"predecessor-version":[{"id":416413,"href":"https:\/\/www.purejewels.com\/tr\/wp-json\/wp\/v2\/product\/334844\/revisions\/416413"}],"wp:featuredmedia":[{"embeddable":true,"href":"https:\/\/www.purejewels.com\/tr\/wp-json\/wp\/v2\/media\/330641"}],"wp:attachment":[{"href":"https:\/\/www.purejewels.com\/tr\/wp-json\/wp\/v2\/media?parent=334844"}],"wp:term":[{"taxonomy":"product_brand","embeddable":true,"href":"https:\/\/www.purejewels.com\/tr\/wp-json\/wp\/v2\/product_brand?post=334844"},{"taxonomy":"product_cat","embeddable":true,"href":"https:\/\/www.purejewels.com\/tr\/wp-json\/wp\/v2\/product_cat?post=334844"},{"taxonomy":"product_tag","embeddable":true,"href":"https:\/\/www.purejewels.com\/tr\/wp-json\/wp\/v2\/product_tag?post=334844"}],"curies":[{"name":"wp","href":"https:\/\/api.w.org\/{rel}","templated":true}]}}