{"id":334867,"date":"2025-09-19T11:38:11","date_gmt":"2025-09-19T10:38:11","guid":{"rendered":"https:\/\/www.purejewels.com\/?post_type=product&#038;p=334867"},"modified":"2026-04-09T16:50:42","modified_gmt":"2026-04-09T15:50:42","slug":"22ct-hint-antik-altin-citcit","status":"publish","type":"product","link":"https:\/\/www.purejewels.com\/tr\/product\/indian-antique-gold-studs-in-22ct\/","title":{"rendered":"22 Ayar Alt\u0131n \u00c7\u0131t\u00e7\u0131t"},"content":{"rendered":"<p data-start=\"238\" data-end=\"575\">\u015eafakta bir ta\u00e7 yapra\u011f\u0131 gibi a\u00e7\u0131larak <strong data-start=\"274\" data-end=\"317\">22 Ayar Sunrise Alt\u0131n Rozet Saplama K\u00fcpe<\/strong> do\u011fan\u0131n sessiz g\u00fczelli\u011fine zarif bir \u00f6vg\u00fcd\u00fcr. Tek katmanl\u0131 \u00e7i\u00e7ek formunda d\u00f6k\u00fclen her bir k\u00fcpe, mat detaylar ve ayna parlakl\u0131\u011f\u0131n\u0131n m\u00fckemmel dengesi olan cilal\u0131 bir merkezi kubbe ile sonu\u00e7lanan, hafif\u00e7e d\u0131\u015fa do\u011fru k\u0131vr\u0131lan be\u015f dokulu ta\u00e7 yapra\u011f\u0131na sahiptir.<\/p>\n<p data-start=\"577\" data-end=\"886\">\u0130\u00e7inde haz\u0131rlanm\u0131\u015f <strong data-start=\"588\" data-end=\"604\">G\u00fcndo\u011fumu Alt\u0131n<\/strong>Yumu\u015fak \u0131\u015f\u0131lt\u0131s\u0131 ve s\u0131cak renk tonuyla bilinen \u00f6zel bir ala\u015f\u0131m olan bu 8 mm'lik \u00e7\u0131t\u00e7\u0131tlar, farkl\u0131 ama abart\u0131s\u0131z bir \u015f\u0131kl\u0131k sunar. A\u011f\u0131rl\u0131\u011f\u0131 yakla\u015f\u0131k olarak <strong data-start=\"745\" data-end=\"759\">2.12 gram<\/strong>zahmetsizce giyilebilecek \u015fekilde tasarlanm\u0131\u015f olup, geleneksel <strong data-start=\"827\" data-end=\"849\">vidal\u0131 arka kapak<\/strong> hem konfor hem de g\u00fcvenlik sa\u011flamak i\u00e7in.<\/p>\n<p data-start=\"888\" data-end=\"1072\">\u0130ster g\u00fcnl\u00fck bir s\u00fcs olarak tak\u0131ls\u0131n ister d\u00fc\u015f\u00fcnceli bir hediye olarak se\u00e7ilsin, bu damgal\u0131 k\u00fcpeler her PureJewels par\u00e7as\u0131n\u0131 tan\u0131mlayan kal\u0131c\u0131 sanat\u0131 ve duygusal hikaye anlat\u0131m\u0131n\u0131 somutla\u015ft\u0131r\u0131r.<\/p>","protected":false},"excerpt":{"rendered":"<div class=\"woocommerce-product-details__short-description\">\n<p>Rosette koleksiyonuna ait bu k\u00fcpeler, 22 ayar g\u00fcndo\u011fumu alt\u0131ndan kal\u0131p bask\u0131 kullan\u0131larak el i\u015f\u00e7ili\u011fiyle \u00fcretilmi\u015ftir ve zamans\u0131z zarafeti vintage esintili i\u015f\u00e7ilikle harmanlayan karma\u015f\u0131k detaylar sergiler.<\/p>\n<p><strong>Malzeme:<\/strong>\u00a022 Ayar G\u00fcndo\u011fumu Alt\u0131n<br \/>\n<strong>Safl\u0131k:<\/strong>\u00a091.6% saf alt\u0131n<br \/>\n<strong>Hallmark:<\/strong>\u00a0\u0130ngiliz Damgas\u0131<br \/>\n<strong>SKU:<\/strong> 52672, 54803, 54804, 54805<br \/>\n<strong>A\u011f\u0131rl\u0131k:<\/strong> 2.21 gram<br \/>\n<strong>Geni\u015flik:<\/strong> 8mm<\/p>\n<p><strong>Fiyat ve Teslimat:<\/strong>\u00a0KDV ve teslimat \u00fccretleri dahil<br \/>\n<a href=\"https:\/\/www.purejewels.com\/tr\/i%cc%87ade-poli%cc%87ti%cc%87kasi\/\"><strong>\u0130ade Politikas\u0131<\/strong><\/a><\/p>\n<\/div>","protected":false},"featured_media":355135,"comment_status":"closed","ping_status":"closed","template":"","meta":{"_eb_attr":"","_crsspst_to_jayantr4sg-hostcom":false},"product_brand":[],"product_cat":[1791,236,5701,1254,5343,6146,1656,5274,1577,1573],"product_tag":[66],"class_list":{"0":"post-334867","1":"product","2":"type-product","3":"status-publish","4":"has-post-thumbnail","6":"product_cat-anniversary-gifts","7":"product_cat-collections","8":"product_cat-eid-jewellery","9":"product_cat-gold-earrings","10":"product_cat-jewellery-under-550","11":"product_cat-rosette-stud","12":"product_cat-rosettes-collections","13":"product_cat-rosettes-earring","14":"product_cat-stud-earrings","15":"product_cat-wedding-gifts","16":"product_tag-earrings","18":"first","19":"instock","20":"taxable","21":"shipping-taxable","22":"purchasable","23":"product-type-simple","24":"add-to-wishlist-before_image"},"yoast_head":"<!-- This site is optimized with the Yoast SEO plugin v27.4 - https:\/\/yoast.com\/product\/yoast-seo-wordpress\/ -->\n<title>Gold Stud Earring | Gift for Mom | PureJewels.com<\/title>\n<meta name=\"description\" content=\"Crafted In Yellow Gold | Studs For Partywear | Gold Jewellery Online in London | Indian Gold Jewellery Online in London.\" \/>\n<meta name=\"robots\" content=\"index, follow, max-snippet:-1, max-image-preview:large, max-video-preview:-1\" \/>\n<link rel=\"canonical\" href=\"https:\/\/www.purejewels.com\/tr\/urun\/22ct-hint-antik-altin-citcit\/\" \/>\n<meta property=\"og:locale\" content=\"tr_TR\" \/>\n<meta property=\"og:type\" content=\"article\" \/>\n<meta property=\"og:title\" content=\"Gold Stud Earring | Gift for Mom | PureJewels.com\" \/>\n<meta property=\"og:description\" content=\"Crafted In Yellow Gold | Studs For Partywear | Gold Jewellery Online in London | Indian Gold Jewellery Online in London.\" \/>\n<meta property=\"og:url\" content=\"https:\/\/www.purejewels.com\/tr\/urun\/22ct-hint-antik-altin-citcit\/\" \/>\n<meta property=\"og:site_name\" content=\"PureJewels UK\" \/>\n<meta property=\"article:modified_time\" content=\"2026-04-09T15:50:42+00:00\" \/>\n<meta property=\"og:image\" content=\"https:\/\/static.purejewels.com\/wp-content\/uploads\/2022\/03\/46582.jpg\" \/>\n\t<meta property=\"og:image:width\" content=\"1000\" \/>\n\t<meta property=\"og:image:height\" content=\"1000\" \/>\n\t<meta property=\"og:image:type\" content=\"image\/jpeg\" \/>\n<meta name=\"twitter:card\" content=\"summary_large_image\" \/>\n<meta name=\"twitter:label1\" content=\"Tahmini okuma s\u00fcresi\" \/>\n\t<meta name=\"twitter:data1\" content=\"1 dakika\" \/>\n<script type=\"application\/ld+json\" class=\"yoast-schema-graph\">{\"@context\":\"https:\\\/\\\/schema.org\",\"@graph\":[{\"@type\":[\"WebPage\",\"ItemPage\"],\"@id\":\"https:\\\/\\\/www.purejewels.com\\\/product\\\/indian-antique-gold-studs-in-22ct\\\/\",\"url\":\"https:\\\/\\\/www.purejewels.com\\\/product\\\/indian-antique-gold-studs-in-22ct\\\/\",\"name\":\"Gold Stud Earring | Gift for Mom | PureJewels.com\",\"isPartOf\":{\"@id\":\"https:\\\/\\\/www.purejewels.com\\\/#website\"},\"primaryImageOfPage\":{\"@id\":\"https:\\\/\\\/www.purejewels.com\\\/product\\\/indian-antique-gold-studs-in-22ct\\\/#primaryimage\"},\"image\":{\"@id\":\"https:\\\/\\\/www.purejewels.com\\\/product\\\/indian-antique-gold-studs-in-22ct\\\/#primaryimage\"},\"thumbnailUrl\":\"https:\\\/\\\/static.purejewels.com\\\/wp-content\\\/uploads\\\/2022\\\/03\\\/46582.jpg\",\"datePublished\":\"2025-09-19T10:38:11+00:00\",\"dateModified\":\"2026-04-09T15:50:42+00:00\",\"description\":\"Crafted In Yellow Gold | Studs For Partywear | Gold Jewellery Online in London | Indian Gold Jewellery Online in London.\",\"breadcrumb\":{\"@id\":\"https:\\\/\\\/www.purejewels.com\\\/product\\\/indian-antique-gold-studs-in-22ct\\\/#breadcrumb\"},\"inLanguage\":\"tr\",\"potentialAction\":[{\"@type\":\"ReadAction\",\"target\":[\"https:\\\/\\\/www.purejewels.com\\\/product\\\/indian-antique-gold-studs-in-22ct\\\/\"]}]},{\"@type\":\"ImageObject\",\"inLanguage\":\"tr\",\"@id\":\"https:\\\/\\\/www.purejewels.com\\\/product\\\/indian-antique-gold-studs-in-22ct\\\/#primaryimage\",\"url\":\"https:\\\/\\\/static.purejewels.com\\\/wp-content\\\/uploads\\\/2022\\\/03\\\/46582.jpg\",\"contentUrl\":\"https:\\\/\\\/static.purejewels.com\\\/wp-content\\\/uploads\\\/2022\\\/03\\\/46582.jpg\",\"width\":1000,\"height\":1000,\"caption\":\"22ct Gold Stud\"},{\"@type\":\"BreadcrumbList\",\"@id\":\"https:\\\/\\\/www.purejewels.com\\\/product\\\/indian-antique-gold-studs-in-22ct\\\/#breadcrumb\",\"itemListElement\":[{\"@type\":\"ListItem\",\"position\":1,\"name\":\"Home\",\"item\":\"https:\\\/\\\/www.purejewels.com\\\/\"},{\"@type\":\"ListItem\",\"position\":2,\"name\":\"Shop\",\"item\":\"https:\\\/\\\/www.purejewels.com\\\/shop\\\/\"},{\"@type\":\"ListItem\",\"position\":3,\"name\":\"Gold Studs in 22ct\"}]},{\"@type\":\"WebSite\",\"@id\":\"https:\\\/\\\/www.purejewels.com\\\/#website\",\"url\":\"https:\\\/\\\/www.purejewels.com\\\/\",\"name\":\"PureJewels UK\",\"description\":\"Share the Love\",\"publisher\":{\"@id\":\"https:\\\/\\\/www.purejewels.com\\\/#organization\"},\"potentialAction\":[{\"@type\":\"SearchAction\",\"target\":{\"@type\":\"EntryPoint\",\"urlTemplate\":\"https:\\\/\\\/www.purejewels.com\\\/?s={search_term_string}\"},\"query-input\":{\"@type\":\"PropertyValueSpecification\",\"valueRequired\":true,\"valueName\":\"search_term_string\"}}],\"inLanguage\":\"tr\"},{\"@type\":\"Organization\",\"@id\":\"https:\\\/\\\/www.purejewels.com\\\/#organization\",\"name\":\"PureJewels UK\",\"url\":\"https:\\\/\\\/www.purejewels.com\\\/\",\"logo\":{\"@type\":\"ImageObject\",\"inLanguage\":\"tr\",\"@id\":\"https:\\\/\\\/www.purejewels.com\\\/#\\\/schema\\\/logo\\\/image\\\/\",\"url\":\"https:\\\/\\\/static.purejewels.com\\\/wp-content\\\/uploads\\\/2020\\\/11\\\/Logo-PJ-New-1.png\",\"contentUrl\":\"https:\\\/\\\/static.purejewels.com\\\/wp-content\\\/uploads\\\/2020\\\/11\\\/Logo-PJ-New-1.png\",\"width\":150,\"height\":80,\"caption\":\"PureJewels UK\"},\"image\":{\"@id\":\"https:\\\/\\\/www.purejewels.com\\\/#\\\/schema\\\/logo\\\/image\\\/\"}}]}<\/script>\n<!-- \/ Yoast SEO plugin. -->","yoast_head_json":{"title":"Alt\u0131n Saplama K\u00fcpe | Anneye Hediye | PureJewels.com","description":"Sar\u0131 Alt\u0131ndan \u00dcretilmi\u015ftir | Parti K\u0131yafetleri \u0130\u00e7in \u00c7\u0131t\u00e7\u0131tlar | Londra'da \u00c7evrimi\u00e7i Alt\u0131n Tak\u0131lar | Londra'da \u00c7evrimi\u00e7i Hint Alt\u0131n Tak\u0131lar\u0131.","robots":{"index":"index","follow":"follow","max-snippet":"max-snippet:-1","max-image-preview":"max-image-preview:large","max-video-preview":"max-video-preview:-1"},"canonical":"https:\/\/www.purejewels.com\/tr\/urun\/22ct-hint-antik-altin-citcit\/","og_locale":"tr_TR","og_type":"article","og_title":"Gold Stud Earring | Gift for Mom | PureJewels.com","og_description":"Crafted In Yellow Gold | Studs For Partywear | Gold Jewellery Online in London | Indian Gold Jewellery Online in London.","og_url":"https:\/\/www.purejewels.com\/tr\/urun\/22ct-hint-antik-altin-citcit\/","og_site_name":"PureJewels UK","article_modified_time":"2026-04-09T15:50:42+00:00","og_image":[{"width":1000,"height":1000,"url":"https:\/\/static.purejewels.com\/wp-content\/uploads\/2022\/03\/46582.jpg","type":"image\/jpeg"}],"twitter_card":"summary_large_image","twitter_misc":{"Tahmini okuma s\u00fcresi":"1 dakika"},"schema":{"@context":"https:\/\/schema.org","@graph":[{"@type":["WebPage","ItemPage"],"@id":"https:\/\/www.purejewels.com\/product\/indian-antique-gold-studs-in-22ct\/","url":"https:\/\/www.purejewels.com\/product\/indian-antique-gold-studs-in-22ct\/","name":"Alt\u0131n Saplama K\u00fcpe | Anneye Hediye | PureJewels.com","isPartOf":{"@id":"https:\/\/www.purejewels.com\/#website"},"primaryImageOfPage":{"@id":"https:\/\/www.purejewels.com\/product\/indian-antique-gold-studs-in-22ct\/#primaryimage"},"image":{"@id":"https:\/\/www.purejewels.com\/product\/indian-antique-gold-studs-in-22ct\/#primaryimage"},"thumbnailUrl":"https:\/\/static.purejewels.com\/wp-content\/uploads\/2022\/03\/46582.jpg","datePublished":"2025-09-19T10:38:11+00:00","dateModified":"2026-04-09T15:50:42+00:00","description":"Sar\u0131 Alt\u0131ndan \u00dcretilmi\u015ftir | Parti K\u0131yafetleri \u0130\u00e7in \u00c7\u0131t\u00e7\u0131tlar | Londra'da \u00c7evrimi\u00e7i Alt\u0131n Tak\u0131lar | Londra'da \u00c7evrimi\u00e7i Hint Alt\u0131n Tak\u0131lar\u0131.","breadcrumb":{"@id":"https:\/\/www.purejewels.com\/product\/indian-antique-gold-studs-in-22ct\/#breadcrumb"},"inLanguage":"tr","potentialAction":[{"@type":"ReadAction","target":["https:\/\/www.purejewels.com\/product\/indian-antique-gold-studs-in-22ct\/"]}]},{"@type":"ImageObject","inLanguage":"tr","@id":"https:\/\/www.purejewels.com\/product\/indian-antique-gold-studs-in-22ct\/#primaryimage","url":"https:\/\/static.purejewels.com\/wp-content\/uploads\/2022\/03\/46582.jpg","contentUrl":"https:\/\/static.purejewels.com\/wp-content\/uploads\/2022\/03\/46582.jpg","width":1000,"height":1000,"caption":"22ct Gold Stud"},{"@type":"BreadcrumbList","@id":"https:\/\/www.purejewels.com\/product\/indian-antique-gold-studs-in-22ct\/#breadcrumb","itemListElement":[{"@type":"ListItem","position":1,"name":"Home","item":"https:\/\/www.purejewels.com\/"},{"@type":"ListItem","position":2,"name":"Shop","item":"https:\/\/www.purejewels.com\/shop\/"},{"@type":"ListItem","position":3,"name":"Gold Studs in 22ct"}]},{"@type":"WebSite","@id":"https:\/\/www.purejewels.com\/#website","url":"https:\/\/www.purejewels.com\/","name":"PureJewels \u0130ngiltere","description":"Sevgiyi Payla\u015f\u0131n","publisher":{"@id":"https:\/\/www.purejewels.com\/#organization"},"potentialAction":[{"@type":"SearchAction","target":{"@type":"EntryPoint","urlTemplate":"https:\/\/www.purejewels.com\/?s={search_term_string}"},"query-input":{"@type":"PropertyValueSpecification","valueRequired":true,"valueName":"search_term_string"}}],"inLanguage":"tr"},{"@type":"Organization","@id":"https:\/\/www.purejewels.com\/#organization","name":"PureJewels \u0130ngiltere","url":"https:\/\/www.purejewels.com\/","logo":{"@type":"ImageObject","inLanguage":"tr","@id":"https:\/\/www.purejewels.com\/#\/schema\/logo\/image\/","url":"https:\/\/static.purejewels.com\/wp-content\/uploads\/2020\/11\/Logo-PJ-New-1.png","contentUrl":"https:\/\/static.purejewels.com\/wp-content\/uploads\/2020\/11\/Logo-PJ-New-1.png","width":150,"height":80,"caption":"PureJewels UK"},"image":{"@id":"https:\/\/www.purejewels.com\/#\/schema\/logo\/image\/"}}]}},"_links":{"self":[{"href":"https:\/\/www.purejewels.com\/tr\/wp-json\/wp\/v2\/product\/334867","targetHints":{"allow":["GET"]}}],"collection":[{"href":"https:\/\/www.purejewels.com\/tr\/wp-json\/wp\/v2\/product"}],"about":[{"href":"https:\/\/www.purejewels.com\/tr\/wp-json\/wp\/v2\/types\/product"}],"replies":[{"embeddable":true,"href":"https:\/\/www.purejewels.com\/tr\/wp-json\/wp\/v2\/comments?post=334867"}],"version-history":[{"count":5,"href":"https:\/\/www.purejewels.com\/tr\/wp-json\/wp\/v2\/product\/334867\/revisions"}],"predecessor-version":[{"id":426882,"href":"https:\/\/www.purejewels.com\/tr\/wp-json\/wp\/v2\/product\/334867\/revisions\/426882"}],"wp:featuredmedia":[{"embeddable":true,"href":"https:\/\/www.purejewels.com\/tr\/wp-json\/wp\/v2\/media\/355135"}],"wp:attachment":[{"href":"https:\/\/www.purejewels.com\/tr\/wp-json\/wp\/v2\/media?parent=334867"}],"wp:term":[{"taxonomy":"product_brand","embeddable":true,"href":"https:\/\/www.purejewels.com\/tr\/wp-json\/wp\/v2\/product_brand?post=334867"},{"taxonomy":"product_cat","embeddable":true,"href":"https:\/\/www.purejewels.com\/tr\/wp-json\/wp\/v2\/product_cat?post=334867"},{"taxonomy":"product_tag","embeddable":true,"href":"https:\/\/www.purejewels.com\/tr\/wp-json\/wp\/v2\/product_tag?post=334867"}],"curies":[{"name":"wp","href":"https:\/\/api.w.org\/{rel}","templated":true}]}}