{"id":334947,"date":"2022-03-01T06:54:05","date_gmt":"2022-03-01T06:54:05","guid":{"rendered":"https:\/\/www.purejewels.com\/?post_type=product&#038;p=334947"},"modified":"2022-10-11T05:26:44","modified_gmt":"2022-10-11T04:26:44","slug":"22-ayar-altin-duz-sonsuzluk-saplama-kupe-41606","status":"publish","type":"product","link":"https:\/\/www.purejewels.com\/tr\/product\/22ct-gold-plain-infinity-stud-earring-41606\/","title":{"rendered":"22 Ayar Alt\u0131n D\u00fcz Sonsuzluk Saplama K\u00fcpe"},"content":{"rendered":"<h3>\u0130lham kayna\u011f\u0131<\/h3>\n<p>\u00c7\u0131t\u00e7\u0131tl\u0131 kulaklar zahmetsiz, cesur ve muhte\u015femdir. Bu saf <strong><a href=\"https:\/\/www.purejewels.com\/tr\/armari-collection\/\">alt\u0131n k\u00fcpeler<\/a><\/strong> kad\u0131nlar i\u00e7in temel olarak daha uzun <a href=\"https:\/\/www.purejewels.com\/tr\/product-category\/22ct-gold-jewellery\/gold-earrings\/\">K\u00fcpeler<\/a> kulak memelerinizi zahmetsizce g\u00fczelle\u015ftirirken ayn\u0131 zamanda sade ve ince tutmak i\u00e7in \u00fcretilmi\u015ftir.<\/p>\n<h3>Tasar\u0131m<\/h3>\n<p>Bu saf alt\u0131n k\u00fcpeler modern kad\u0131nlar d\u00fc\u015f\u00fcn\u00fclerek yap\u0131lm\u0131\u015ft\u0131r. Tasar\u0131m saf alt\u0131ndan oyulmu\u015ftur. <a href=\"https:\/\/www.purejewels.com\/tr\/product-category\/22ct-gold-jewellery\/\">22 Karat<\/a> El yap\u0131m\u0131 alt\u0131n. Yap\u0131 hassas bir \u015fekilde i\u015flenmi\u015f ve daha da g\u00fczel bir \u015fekilde cilalan\u0131p parlat\u0131larak uzaktan g\u00f6r\u00fclebilen y\u00fcksek parlakl\u0131kta l\u00fcks bir y\u00fczey elde edilmi\u015ftir. Sonsuzluk geleneksel olarak sadece matematiksel bir sembold\u00fc ancak modern zamanlarda pop\u00fcler hale geldi ve insanlar taraf\u0131ndan Sonsuz \u0130yi \u015eans ve Korumay\u0131 ifade etmek i\u00e7in kullan\u0131l\u0131yor.<\/p>\n<h3>Stil<\/h3>\n<p>\u0130\u015fe ya da resmi bir toplant\u0131ya giderken bu sonsuzluk <a href=\"https:\/\/www.purejewels.com\/tr\/product-category\/22ct-gold-jewellery\/gold-earrings\/stud-earrings\/\">saplama k\u00fcpeler<\/a> sizin i\u00e7in m\u00fckemmel bir aksesuar olabilir. Sadece hafif ve minimal oldu\u011fu i\u00e7in de\u011fil, ayn\u0131 zamanda bir a\u00e7\u0131klama yapt\u0131\u011f\u0131 i\u00e7in seyahat ederken de m\u00fckemmeldir. Sonsuzluk elmas k\u00fcpe veya g\u00fcm\u00fc\u015f sonsuzluk k\u00fcpe gibi daha fazla se\u00e7enek i\u00e7in web sitemize g\u00f6z at\u0131n.<\/p>","protected":false},"excerpt":{"rendered":"<ul>\n<li>22 Ayar Alt\u0131n Kulak \u00c7\u0131t\u00e7\u0131tlar\u0131<\/li>\n<li>A\u011f\u0131rl\u0131k 1,4 gms<\/li>\n<li>SKU. 41606<\/li>\n<li>T\u00fcm fiyatlara KDV dahildir<\/li>\n<li>Londra Tahlil Ofisi Taraf\u0131ndan Damgalanm\u0131\u015f 22 Ayar Alt\u0131n<\/li>\n<li>Sunum Kutusu ile Birlikte Gelir<\/li>\n<li>Teslimat Dahil<\/li>\n<li>Stok durumu ve stokta bulunan benzer tasar\u0131mlar\u0131n daha fazla g\u00f6r\u00fcnt\u00fcs\u00fc i\u00e7in bizimle canl\u0131 sohbet edin<\/li>\n<\/ul>","protected":false},"featured_media":334952,"comment_status":"closed","ping_status":"closed","template":"","meta":{"_eb_attr":"","_crsspst_to_jayantr4sg-hostcom":false},"product_brand":[],"product_cat":[1791,1559,1576,1794,1793,1792,1790,1254,5343,5338,1577,1575,1569,1573,1574],"product_tag":[],"class_list":{"0":"post-334947","1":"product","2":"type-product","3":"status-publish","4":"has-post-thumbnail","6":"product_cat-anniversary-gifts","7":"product_cat-birthday-gifts","8":"product_cat-childrens-jewellery","9":"product_cat-christmas-gifts","10":"product_cat-diwali-gifts","11":"product_cat-festival-gifts","12":"product_cat-for-whom-when","13":"product_cat-gold-earrings","14":"product_cat-jewellery-under-550","15":"product_cat-shop-by-price","16":"product_cat-stud-earrings","17":"product_cat-teenage-jewellery","18":"product_cat-valentine-day-gifts","19":"product_cat-wedding-gifts","20":"product_cat-womens-jewellery","22":"first","23":"outofstock","24":"taxable","25":"shipping-taxable","26":"product-type-simple","27":"add-to-wishlist-before_image"},"yoast_head":"<!-- This site is optimized with the Yoast SEO plugin v27.6 - https:\/\/yoast.com\/product\/yoast-seo-wordpress\/ -->\n<title>Infinity Studs Online | 22ct Gold Studs | PureJewels.com<\/title>\n<meta name=\"description\" content=\"22ct Gold Earrings For Women Online in UK | Free Delivery Over \u00a3100 | Fast Delivery\" \/>\n<meta name=\"robots\" content=\"index, follow, max-snippet:-1, max-image-preview:large, max-video-preview:-1\" \/>\n<link rel=\"canonical\" href=\"https:\/\/www.purejewels.com\/tr\/urun\/22-ayar-altin-duz-sonsuzluk-saplama-kupe-41606\/\" \/>\n<meta property=\"og:locale\" content=\"tr_TR\" \/>\n<meta property=\"og:type\" content=\"article\" \/>\n<meta property=\"og:title\" content=\"Infinity Studs Online | 22ct Gold Studs | PureJewels.com\" \/>\n<meta property=\"og:description\" content=\"22ct Gold Earrings For Women Online in UK | Free Delivery Over \u00a3100 | Fast Delivery\" \/>\n<meta property=\"og:url\" content=\"https:\/\/www.purejewels.com\/tr\/urun\/22-ayar-altin-duz-sonsuzluk-saplama-kupe-41606\/\" \/>\n<meta property=\"og:site_name\" content=\"PureJewels UK\" \/>\n<meta property=\"article:modified_time\" content=\"2022-10-11T04:26:44+00:00\" \/>\n<meta property=\"og:image\" content=\"https:\/\/www.purejewels.com\/wp-content\/uploads\/2022\/03\/41606-1.jpg\" \/>\n\t<meta property=\"og:image:width\" content=\"1000\" \/>\n\t<meta property=\"og:image:height\" content=\"1000\" \/>\n\t<meta property=\"og:image:type\" content=\"image\/jpeg\" \/>\n<meta name=\"twitter:card\" content=\"summary_large_image\" \/>\n<meta name=\"twitter:label1\" content=\"Tahmini okuma s\u00fcresi\" \/>\n\t<meta name=\"twitter:data1\" content=\"1 dakika\" \/>\n<script type=\"application\/ld+json\" class=\"yoast-schema-graph\">{\"@context\":\"https:\\\/\\\/schema.org\",\"@graph\":[{\"@type\":[\"WebPage\",\"ItemPage\"],\"@id\":\"https:\\\/\\\/www.purejewels.com\\\/product\\\/22ct-gold-plain-infinity-stud-earring-41606\\\/\",\"url\":\"https:\\\/\\\/www.purejewels.com\\\/product\\\/22ct-gold-plain-infinity-stud-earring-41606\\\/\",\"name\":\"Infinity Studs Online | 22ct Gold Studs | PureJewels.com\",\"isPartOf\":{\"@id\":\"https:\\\/\\\/www.purejewels.com\\\/#website\"},\"primaryImageOfPage\":{\"@id\":\"https:\\\/\\\/www.purejewels.com\\\/product\\\/22ct-gold-plain-infinity-stud-earring-41606\\\/#primaryimage\"},\"image\":{\"@id\":\"https:\\\/\\\/www.purejewels.com\\\/product\\\/22ct-gold-plain-infinity-stud-earring-41606\\\/#primaryimage\"},\"thumbnailUrl\":\"https:\\\/\\\/static.purejewels.com\\\/wp-content\\\/uploads\\\/2022\\\/03\\\/41606-1.jpg\",\"datePublished\":\"2022-03-01T06:54:05+00:00\",\"dateModified\":\"2022-10-11T04:26:44+00:00\",\"description\":\"22ct Gold Earrings For Women Online in UK | Free Delivery Over \u00a3100 | Fast Delivery\",\"breadcrumb\":{\"@id\":\"https:\\\/\\\/www.purejewels.com\\\/product\\\/22ct-gold-plain-infinity-stud-earring-41606\\\/#breadcrumb\"},\"inLanguage\":\"tr\",\"potentialAction\":[{\"@type\":\"ReadAction\",\"target\":[\"https:\\\/\\\/www.purejewels.com\\\/product\\\/22ct-gold-plain-infinity-stud-earring-41606\\\/\"]}]},{\"@type\":\"ImageObject\",\"inLanguage\":\"tr\",\"@id\":\"https:\\\/\\\/www.purejewels.com\\\/product\\\/22ct-gold-plain-infinity-stud-earring-41606\\\/#primaryimage\",\"url\":\"https:\\\/\\\/static.purejewels.com\\\/wp-content\\\/uploads\\\/2022\\\/03\\\/41606-1.jpg\",\"contentUrl\":\"https:\\\/\\\/static.purejewels.com\\\/wp-content\\\/uploads\\\/2022\\\/03\\\/41606-1.jpg\",\"width\":1000,\"height\":1000,\"caption\":\"22ct Gold Plain Infinity Stud Earring\"},{\"@type\":\"BreadcrumbList\",\"@id\":\"https:\\\/\\\/www.purejewels.com\\\/product\\\/22ct-gold-plain-infinity-stud-earring-41606\\\/#breadcrumb\",\"itemListElement\":[{\"@type\":\"ListItem\",\"position\":1,\"name\":\"Home\",\"item\":\"https:\\\/\\\/www.purejewels.com\\\/\"},{\"@type\":\"ListItem\",\"position\":2,\"name\":\"Shop\",\"item\":\"https:\\\/\\\/www.purejewels.com\\\/shop\\\/\"},{\"@type\":\"ListItem\",\"position\":3,\"name\":\"22ct Gold Plain Infinity Stud Earring\"}]},{\"@type\":\"WebSite\",\"@id\":\"https:\\\/\\\/www.purejewels.com\\\/#website\",\"url\":\"https:\\\/\\\/www.purejewels.com\\\/\",\"name\":\"PureJewels UK\",\"description\":\"Share the Love\",\"publisher\":{\"@id\":\"https:\\\/\\\/www.purejewels.com\\\/#organization\"},\"potentialAction\":[{\"@type\":\"SearchAction\",\"target\":{\"@type\":\"EntryPoint\",\"urlTemplate\":\"https:\\\/\\\/www.purejewels.com\\\/?s={search_term_string}\"},\"query-input\":{\"@type\":\"PropertyValueSpecification\",\"valueRequired\":true,\"valueName\":\"search_term_string\"}}],\"inLanguage\":\"tr\"},{\"@type\":\"Organization\",\"@id\":\"https:\\\/\\\/www.purejewels.com\\\/#organization\",\"name\":\"PureJewels UK\",\"url\":\"https:\\\/\\\/www.purejewels.com\\\/\",\"logo\":{\"@type\":\"ImageObject\",\"inLanguage\":\"tr\",\"@id\":\"https:\\\/\\\/www.purejewels.com\\\/#\\\/schema\\\/logo\\\/image\\\/\",\"url\":\"https:\\\/\\\/static.purejewels.com\\\/wp-content\\\/uploads\\\/2020\\\/11\\\/Logo-PJ-New-1.png\",\"contentUrl\":\"https:\\\/\\\/static.purejewels.com\\\/wp-content\\\/uploads\\\/2020\\\/11\\\/Logo-PJ-New-1.png\",\"width\":150,\"height\":80,\"caption\":\"PureJewels UK\"},\"image\":{\"@id\":\"https:\\\/\\\/www.purejewels.com\\\/#\\\/schema\\\/logo\\\/image\\\/\"}}]}<\/script>\n<!-- \/ Yoast SEO plugin. -->","yoast_head_json":{"title":"Sonsuzluk \u00c7\u0131t\u00e7\u0131tlar\u0131 Online | 22 Ayar Alt\u0131n \u00c7\u0131t\u00e7\u0131tlar | PureJewels.com","description":"\u0130ngiltere'de Online Kad\u0131nlar \u0130\u00e7in 22 Ayar Alt\u0131n K\u00fcpe | 100 \u00a3 \u00dczeri \u00dccretsiz Teslimat | H\u0131zl\u0131 Teslimat","robots":{"index":"index","follow":"follow","max-snippet":"max-snippet:-1","max-image-preview":"max-image-preview:large","max-video-preview":"max-video-preview:-1"},"canonical":"https:\/\/www.purejewels.com\/tr\/urun\/22-ayar-altin-duz-sonsuzluk-saplama-kupe-41606\/","og_locale":"tr_TR","og_type":"article","og_title":"Infinity Studs Online | 22ct Gold Studs | PureJewels.com","og_description":"22ct Gold Earrings For Women Online in UK | Free Delivery Over \u00a3100 | Fast Delivery","og_url":"https:\/\/www.purejewels.com\/tr\/urun\/22-ayar-altin-duz-sonsuzluk-saplama-kupe-41606\/","og_site_name":"PureJewels UK","article_modified_time":"2022-10-11T04:26:44+00:00","og_image":[{"width":1000,"height":1000,"url":"https:\/\/www.purejewels.com\/wp-content\/uploads\/2022\/03\/41606-1.jpg","type":"image\/jpeg"}],"twitter_card":"summary_large_image","twitter_misc":{"Tahmini okuma s\u00fcresi":"1 dakika"},"schema":{"@context":"https:\/\/schema.org","@graph":[{"@type":["WebPage","ItemPage"],"@id":"https:\/\/www.purejewels.com\/product\/22ct-gold-plain-infinity-stud-earring-41606\/","url":"https:\/\/www.purejewels.com\/product\/22ct-gold-plain-infinity-stud-earring-41606\/","name":"Sonsuzluk \u00c7\u0131t\u00e7\u0131tlar\u0131 Online | 22 Ayar Alt\u0131n \u00c7\u0131t\u00e7\u0131tlar | PureJewels.com","isPartOf":{"@id":"https:\/\/www.purejewels.com\/#website"},"primaryImageOfPage":{"@id":"https:\/\/www.purejewels.com\/product\/22ct-gold-plain-infinity-stud-earring-41606\/#primaryimage"},"image":{"@id":"https:\/\/www.purejewels.com\/product\/22ct-gold-plain-infinity-stud-earring-41606\/#primaryimage"},"thumbnailUrl":"https:\/\/static.purejewels.com\/wp-content\/uploads\/2022\/03\/41606-1.jpg","datePublished":"2022-03-01T06:54:05+00:00","dateModified":"2022-10-11T04:26:44+00:00","description":"\u0130ngiltere'de Online Kad\u0131nlar \u0130\u00e7in 22 Ayar Alt\u0131n K\u00fcpe | 100 \u00a3 \u00dczeri \u00dccretsiz Teslimat | H\u0131zl\u0131 Teslimat","breadcrumb":{"@id":"https:\/\/www.purejewels.com\/product\/22ct-gold-plain-infinity-stud-earring-41606\/#breadcrumb"},"inLanguage":"tr","potentialAction":[{"@type":"ReadAction","target":["https:\/\/www.purejewels.com\/product\/22ct-gold-plain-infinity-stud-earring-41606\/"]}]},{"@type":"ImageObject","inLanguage":"tr","@id":"https:\/\/www.purejewels.com\/product\/22ct-gold-plain-infinity-stud-earring-41606\/#primaryimage","url":"https:\/\/static.purejewels.com\/wp-content\/uploads\/2022\/03\/41606-1.jpg","contentUrl":"https:\/\/static.purejewels.com\/wp-content\/uploads\/2022\/03\/41606-1.jpg","width":1000,"height":1000,"caption":"22ct Gold Plain Infinity Stud Earring"},{"@type":"BreadcrumbList","@id":"https:\/\/www.purejewels.com\/product\/22ct-gold-plain-infinity-stud-earring-41606\/#breadcrumb","itemListElement":[{"@type":"ListItem","position":1,"name":"Home","item":"https:\/\/www.purejewels.com\/"},{"@type":"ListItem","position":2,"name":"Shop","item":"https:\/\/www.purejewels.com\/shop\/"},{"@type":"ListItem","position":3,"name":"22ct Gold Plain Infinity Stud Earring"}]},{"@type":"WebSite","@id":"https:\/\/www.purejewels.com\/#website","url":"https:\/\/www.purejewels.com\/","name":"PureJewels \u0130ngiltere","description":"Sevgiyi Payla\u015f\u0131n","publisher":{"@id":"https:\/\/www.purejewels.com\/#organization"},"potentialAction":[{"@type":"SearchAction","target":{"@type":"EntryPoint","urlTemplate":"https:\/\/www.purejewels.com\/?s={search_term_string}"},"query-input":{"@type":"PropertyValueSpecification","valueRequired":true,"valueName":"search_term_string"}}],"inLanguage":"tr"},{"@type":"Organization","@id":"https:\/\/www.purejewels.com\/#organization","name":"PureJewels \u0130ngiltere","url":"https:\/\/www.purejewels.com\/","logo":{"@type":"ImageObject","inLanguage":"tr","@id":"https:\/\/www.purejewels.com\/#\/schema\/logo\/image\/","url":"https:\/\/static.purejewels.com\/wp-content\/uploads\/2020\/11\/Logo-PJ-New-1.png","contentUrl":"https:\/\/static.purejewels.com\/wp-content\/uploads\/2020\/11\/Logo-PJ-New-1.png","width":150,"height":80,"caption":"PureJewels UK"},"image":{"@id":"https:\/\/www.purejewels.com\/#\/schema\/logo\/image\/"}}]}},"_links":{"self":[{"href":"https:\/\/www.purejewels.com\/tr\/wp-json\/wp\/v2\/product\/334947","targetHints":{"allow":["GET"]}}],"collection":[{"href":"https:\/\/www.purejewels.com\/tr\/wp-json\/wp\/v2\/product"}],"about":[{"href":"https:\/\/www.purejewels.com\/tr\/wp-json\/wp\/v2\/types\/product"}],"replies":[{"embeddable":true,"href":"https:\/\/www.purejewels.com\/tr\/wp-json\/wp\/v2\/comments?post=334947"}],"version-history":[{"count":0,"href":"https:\/\/www.purejewels.com\/tr\/wp-json\/wp\/v2\/product\/334947\/revisions"}],"wp:featuredmedia":[{"embeddable":true,"href":"https:\/\/www.purejewels.com\/tr\/wp-json\/wp\/v2\/media\/334952"}],"wp:attachment":[{"href":"https:\/\/www.purejewels.com\/tr\/wp-json\/wp\/v2\/media?parent=334947"}],"wp:term":[{"taxonomy":"product_brand","embeddable":true,"href":"https:\/\/www.purejewels.com\/tr\/wp-json\/wp\/v2\/product_brand?post=334947"},{"taxonomy":"product_cat","embeddable":true,"href":"https:\/\/www.purejewels.com\/tr\/wp-json\/wp\/v2\/product_cat?post=334947"},{"taxonomy":"product_tag","embeddable":true,"href":"https:\/\/www.purejewels.com\/tr\/wp-json\/wp\/v2\/product_tag?post=334947"}],"curies":[{"name":"wp","href":"https:\/\/api.w.org\/{rel}","templated":true}]}}