{"id":334950,"date":"2025-01-15T07:12:14","date_gmt":"2025-01-15T07:12:14","guid":{"rendered":"https:\/\/www.purejewels.com\/?post_type=product&#038;p=334950"},"modified":"2026-01-06T05:33:50","modified_gmt":"2026-01-06T05:33:50","slug":"18-ayar-altin-kalp-seklinde-citcit-50125","status":"publish","type":"product","link":"https:\/\/www.purejewels.com\/tr\/product\/18ct-gold-heart-shape-studs-50125\/","title":{"rendered":"18 Ayar Alt\u0131n P\u0131rlantal\u0131 Kalp \u00c7\u0131t\u00e7\u0131t"},"content":{"rendered":"<p>A\u015fk\u0131 ve zarafeti bu \u00e7arp\u0131c\u0131 18 ayar sar\u0131 renkle kutlay\u0131n <a href=\"https:\/\/www.purejewels.com\/tr\/product\/22ct-gold-heart-shape-with-sigle-pearl-pendant-43591\/\">alt\u0131n kalp<\/a> K\u00fcpeler. Zamans\u0131z sevgiyi sembolize etmek i\u00e7in tasarlanan her bir k\u00fcpe, e\u015fsiz \u0131\u015f\u0131lt\u0131 ve parlakl\u0131k i\u00e7in G-H renk ve VVS-VS berrakl\u0131\u011fa sahip 0,05ct p\u0131rlanta ile s\u00fcslenmi\u015ftir.<\/p>\n<p>Sevgililer G\u00fcn\u00fc i\u00e7in m\u00fckemmel bir \u015fekilde haz\u0131rlanm\u0131\u015f bu k\u00fcpeler, en derin duygular\u0131n\u0131z\u0131 ifade etmek i\u00e7in anlaml\u0131 bir hediyedir. S\u0131cak sar\u0131 alt\u0131n, g\u00f6z kama\u015ft\u0131r\u0131c\u0131 p\u0131rlantalar\u0131 tamamlayarak her duruma uygun romantik ve \u00e7ok y\u00f6nl\u00fc bir aksesuar yarat\u0131yor.<\/p>\n<p>Parlak do\u011fal p\u0131rlantalarla s\u00fcslenmi\u015f 18 ayar alt\u0131ndan bir \u00e7ift tatl\u0131 kalp k\u00fcpe - k\u00fc\u00e7\u00fck, parlak ve her g\u00fcn takmas\u0131 kolay. Birle\u015fik Krall\u0131k'ta damgalanm\u0131\u015f olan bu tak\u0131lar, m\u00fccevher Noel hediyeleri i\u00e7in d\u00fc\u015f\u00fcnceli bir se\u00e7im ve Birle\u015fik Krall\u0131k'taki e\u015fler i\u00e7in Noel hediyeleri i\u00e7in g\u00fcvenilir bir se\u00e7enektir. Tek ba\u015flar\u0131na ya da ekstra \u0131\u015f\u0131lt\u0131 i\u00e7in k\u00fc\u00e7\u00fck halkalarla birlikte \u00e7ok ho\u015f dururlar.<\/p>\n<p>\u0130ster partneriniz, ister e\u015finiz ya da \u00f6zel biri i\u00e7in olsun, bu kalp \u015feklindeki k\u00fcpeler a\u015fk\u0131n\u0131z\u0131n kal\u0131c\u0131 bir hat\u0131rlat\u0131c\u0131s\u0131d\u0131r ve sonsuza dek de\u011ferli kalacakt\u0131r. G\u00fczel bir hediye kutusunda sunulan bu k\u00fcpeler, Sevgililer G\u00fcn\u00fc'n\u00fc unutulmaz k\u0131lmaya haz\u0131r.<\/p>","protected":false},"excerpt":{"rendered":"<table class=\"sh_desc\">\n<tbody>\n<tr>\n<td>K\u00fcpe T\u00fcr\u00fc<\/td>\n<td>\u00a0Saplama K\u00fcpe<\/td>\n<\/tr>\n<tr>\n<td>SKU<\/td>\n<td>50125<\/td>\n<\/tr>\n<tr>\n<td>Elmas A\u011f\u0131rl\u0131\u011f\u0131<\/td>\n<td>0.05ct<\/td>\n<\/tr>\n<tr>\n<td>Metal<\/td>\n<td>18 Ayar Sar\u0131 Alt\u0131n<\/td>\n<\/tr>\n<tr>\n<td>Hallmark<\/td>\n<td>Londra Tahlil Ofisi Taraf\u0131ndan Damgalanm\u0131\u015f 18 Ayar Alt\u0131n<\/td>\n<\/tr>\n<tr>\n<td>\u00dccretler<\/td>\n<td>Teslimat ve KDV Dahil<\/td>\n<\/tr>\n<tr>\n<td>Paketleme<\/td>\n<td>Sunum Kutusu ile Birlikte Gelir<\/td>\n<\/tr>\n<\/tbody>\n<\/table>","protected":false},"featured_media":383699,"comment_status":"closed","ping_status":"closed","template":"","meta":{"_eb_attr":"","_crsspst_to_jayantr4sg-hostcom":true},"product_brand":[],"product_cat":[6086,5679,1559,5458,5457,1790,1229,5680,1577,1575,1569,1573,1574],"product_tag":[66],"class_list":{"0":"post-334950","1":"product","2":"type-product","3":"status-publish","4":"has-post-thumbnail","6":"product_cat-18ct-gold-earring","7":"product_cat-18ct-gold-jewellery","8":"product_cat-birthday-gifts","9":"product_cat-diamond-earring","10":"product_cat-diamond-jewellery","11":"product_cat-for-whom-when","12":"product_cat-22ct-gold-jewellery","13":"product_cat-heart-earrings","14":"product_cat-stud-earrings","15":"product_cat-teenage-jewellery","16":"product_cat-valentine-day-gifts","17":"product_cat-wedding-gifts","18":"product_cat-womens-jewellery","19":"product_tag-earrings","21":"first","22":"outofstock","23":"taxable","24":"shipping-taxable","25":"product-type-simple","26":"add-to-wishlist-before_image"},"yoast_head":"<!-- This site is optimized with the Yoast SEO plugin v27.3 - https:\/\/yoast.com\/product\/yoast-seo-wordpress\/ -->\n<title>Heart Shaped 18ct Gold Studs | Dailywear Studs | PureJewels.com<\/title>\n<meta name=\"description\" content=\"Order Heart Studs in 18ct Gold in UK | Dailywear Stud Earring For Kids &amp; Women | Explore Latest Studs Online | Fast Delivery\" \/>\n<meta name=\"robots\" content=\"index, follow, max-snippet:-1, max-image-preview:large, max-video-preview:-1\" \/>\n<link rel=\"canonical\" href=\"https:\/\/www.purejewels.com\/tr\/urun\/18-ayar-altin-kalp-seklinde-citcit-50125\/\" \/>\n<meta property=\"og:locale\" content=\"tr_TR\" \/>\n<meta property=\"og:type\" content=\"article\" \/>\n<meta property=\"og:title\" content=\"Heart Shaped 18ct Gold Studs | Dailywear Studs | PureJewels.com\" \/>\n<meta property=\"og:description\" content=\"Order Heart Studs in 18ct Gold in UK | Dailywear Stud Earring For Kids &amp; Women | Explore Latest Studs Online | Fast Delivery\" \/>\n<meta property=\"og:url\" content=\"https:\/\/www.purejewels.com\/tr\/urun\/18-ayar-altin-kalp-seklinde-citcit-50125\/\" \/>\n<meta property=\"og:site_name\" content=\"PureJewels UK\" \/>\n<meta property=\"article:modified_time\" content=\"2026-01-06T05:33:50+00:00\" \/>\n<meta property=\"og:image\" content=\"https:\/\/www.purejewels.com\/wp-content\/uploads\/2025\/01\/50125.png\" \/>\n\t<meta property=\"og:image:width\" content=\"1000\" \/>\n\t<meta property=\"og:image:height\" content=\"1000\" \/>\n\t<meta property=\"og:image:type\" content=\"image\/png\" \/>\n<meta name=\"twitter:card\" content=\"summary_large_image\" \/>\n<meta name=\"twitter:label1\" content=\"Tahmini okuma s\u00fcresi\" \/>\n\t<meta name=\"twitter:data1\" content=\"1 dakika\" \/>\n<script type=\"application\/ld+json\" class=\"yoast-schema-graph\">{\"@context\":\"https:\\\/\\\/schema.org\",\"@graph\":[{\"@type\":[\"WebPage\",\"ItemPage\"],\"@id\":\"https:\\\/\\\/www.purejewels.com\\\/product\\\/18ct-gold-heart-shape-studs-50125\\\/\",\"url\":\"https:\\\/\\\/www.purejewels.com\\\/product\\\/18ct-gold-heart-shape-studs-50125\\\/\",\"name\":\"Heart Shaped 18ct Gold Studs | Dailywear Studs | PureJewels.com\",\"isPartOf\":{\"@id\":\"https:\\\/\\\/www.purejewels.com\\\/#website\"},\"primaryImageOfPage\":{\"@id\":\"https:\\\/\\\/www.purejewels.com\\\/product\\\/18ct-gold-heart-shape-studs-50125\\\/#primaryimage\"},\"image\":{\"@id\":\"https:\\\/\\\/www.purejewels.com\\\/product\\\/18ct-gold-heart-shape-studs-50125\\\/#primaryimage\"},\"thumbnailUrl\":\"https:\\\/\\\/static.purejewels.com\\\/wp-content\\\/uploads\\\/2025\\\/01\\\/50125.png\",\"datePublished\":\"2025-01-15T07:12:14+00:00\",\"dateModified\":\"2026-01-06T05:33:50+00:00\",\"description\":\"Order Heart Studs in 18ct Gold in UK | Dailywear Stud Earring For Kids & Women | Explore Latest Studs Online | Fast Delivery\",\"breadcrumb\":{\"@id\":\"https:\\\/\\\/www.purejewels.com\\\/product\\\/18ct-gold-heart-shape-studs-50125\\\/#breadcrumb\"},\"inLanguage\":\"tr\",\"potentialAction\":[{\"@type\":\"ReadAction\",\"target\":[\"https:\\\/\\\/www.purejewels.com\\\/product\\\/18ct-gold-heart-shape-studs-50125\\\/\"]}]},{\"@type\":\"ImageObject\",\"inLanguage\":\"tr\",\"@id\":\"https:\\\/\\\/www.purejewels.com\\\/product\\\/18ct-gold-heart-shape-studs-50125\\\/#primaryimage\",\"url\":\"https:\\\/\\\/static.purejewels.com\\\/wp-content\\\/uploads\\\/2025\\\/01\\\/50125.png\",\"contentUrl\":\"https:\\\/\\\/static.purejewels.com\\\/wp-content\\\/uploads\\\/2025\\\/01\\\/50125.png\",\"width\":1000,\"height\":1000,\"caption\":\"18ct Gold Heart Stud with Diamond\"},{\"@type\":\"BreadcrumbList\",\"@id\":\"https:\\\/\\\/www.purejewels.com\\\/product\\\/18ct-gold-heart-shape-studs-50125\\\/#breadcrumb\",\"itemListElement\":[{\"@type\":\"ListItem\",\"position\":1,\"name\":\"Home\",\"item\":\"https:\\\/\\\/www.purejewels.com\\\/\"},{\"@type\":\"ListItem\",\"position\":2,\"name\":\"Shop\",\"item\":\"https:\\\/\\\/www.purejewels.com\\\/shop\\\/\"},{\"@type\":\"ListItem\",\"position\":3,\"name\":\"18ct Gold Heart Stud with Diamond\"}]},{\"@type\":\"WebSite\",\"@id\":\"https:\\\/\\\/www.purejewels.com\\\/#website\",\"url\":\"https:\\\/\\\/www.purejewels.com\\\/\",\"name\":\"PureJewels UK\",\"description\":\"Share the Love\",\"publisher\":{\"@id\":\"https:\\\/\\\/www.purejewels.com\\\/#organization\"},\"potentialAction\":[{\"@type\":\"SearchAction\",\"target\":{\"@type\":\"EntryPoint\",\"urlTemplate\":\"https:\\\/\\\/www.purejewels.com\\\/?s={search_term_string}\"},\"query-input\":{\"@type\":\"PropertyValueSpecification\",\"valueRequired\":true,\"valueName\":\"search_term_string\"}}],\"inLanguage\":\"tr\"},{\"@type\":\"Organization\",\"@id\":\"https:\\\/\\\/www.purejewels.com\\\/#organization\",\"name\":\"PureJewels UK\",\"url\":\"https:\\\/\\\/www.purejewels.com\\\/\",\"logo\":{\"@type\":\"ImageObject\",\"inLanguage\":\"tr\",\"@id\":\"https:\\\/\\\/www.purejewels.com\\\/#\\\/schema\\\/logo\\\/image\\\/\",\"url\":\"https:\\\/\\\/static.purejewels.com\\\/wp-content\\\/uploads\\\/2020\\\/11\\\/Logo-PJ-New-1.png\",\"contentUrl\":\"https:\\\/\\\/static.purejewels.com\\\/wp-content\\\/uploads\\\/2020\\\/11\\\/Logo-PJ-New-1.png\",\"width\":150,\"height\":80,\"caption\":\"PureJewels UK\"},\"image\":{\"@id\":\"https:\\\/\\\/www.purejewels.com\\\/#\\\/schema\\\/logo\\\/image\\\/\"}}]}<\/script>\n<!-- \/ Yoast SEO plugin. -->","yoast_head_json":{"title":"Kalp \u015eeklinde 18 Ayar Alt\u0131n \u00c7\u0131t\u00e7\u0131t | Dailywear \u00c7\u0131t\u00e7\u0131t | PureJewels.com","description":"\u0130ngiltere'de 18 Ayar Alt\u0131n Kalp \u00c7\u0131t\u00e7\u0131t Sipari\u015f Edin | \u00c7ocuklar ve Kad\u0131nlar \u0130\u00e7in G\u00fcnl\u00fck Giyim \u00c7\u0131t\u00e7\u0131t K\u00fcpe | En Yeni \u00c7\u0131t\u00e7\u0131tlar\u0131 \u00c7evrimi\u00e7i Ke\u015ffedin | H\u0131zl\u0131 Teslimat","robots":{"index":"index","follow":"follow","max-snippet":"max-snippet:-1","max-image-preview":"max-image-preview:large","max-video-preview":"max-video-preview:-1"},"canonical":"https:\/\/www.purejewels.com\/tr\/urun\/18-ayar-altin-kalp-seklinde-citcit-50125\/","og_locale":"tr_TR","og_type":"article","og_title":"Heart Shaped 18ct Gold Studs | Dailywear Studs | PureJewels.com","og_description":"Order Heart Studs in 18ct Gold in UK | Dailywear Stud Earring For Kids & Women | Explore Latest Studs Online | Fast Delivery","og_url":"https:\/\/www.purejewels.com\/tr\/urun\/18-ayar-altin-kalp-seklinde-citcit-50125\/","og_site_name":"PureJewels UK","article_modified_time":"2026-01-06T05:33:50+00:00","og_image":[{"width":1000,"height":1000,"url":"https:\/\/www.purejewels.com\/wp-content\/uploads\/2025\/01\/50125.png","type":"image\/png"}],"twitter_card":"summary_large_image","twitter_misc":{"Tahmini okuma s\u00fcresi":"1 dakika"},"schema":{"@context":"https:\/\/schema.org","@graph":[{"@type":["WebPage","ItemPage"],"@id":"https:\/\/www.purejewels.com\/product\/18ct-gold-heart-shape-studs-50125\/","url":"https:\/\/www.purejewels.com\/product\/18ct-gold-heart-shape-studs-50125\/","name":"Kalp \u015eeklinde 18 Ayar Alt\u0131n \u00c7\u0131t\u00e7\u0131t | Dailywear \u00c7\u0131t\u00e7\u0131t | PureJewels.com","isPartOf":{"@id":"https:\/\/www.purejewels.com\/#website"},"primaryImageOfPage":{"@id":"https:\/\/www.purejewels.com\/product\/18ct-gold-heart-shape-studs-50125\/#primaryimage"},"image":{"@id":"https:\/\/www.purejewels.com\/product\/18ct-gold-heart-shape-studs-50125\/#primaryimage"},"thumbnailUrl":"https:\/\/static.purejewels.com\/wp-content\/uploads\/2025\/01\/50125.png","datePublished":"2025-01-15T07:12:14+00:00","dateModified":"2026-01-06T05:33:50+00:00","description":"\u0130ngiltere'de 18 Ayar Alt\u0131n Kalp \u00c7\u0131t\u00e7\u0131t Sipari\u015f Edin | \u00c7ocuklar ve Kad\u0131nlar \u0130\u00e7in G\u00fcnl\u00fck Giyim \u00c7\u0131t\u00e7\u0131t K\u00fcpe | En Yeni \u00c7\u0131t\u00e7\u0131tlar\u0131 \u00c7evrimi\u00e7i Ke\u015ffedin | H\u0131zl\u0131 Teslimat","breadcrumb":{"@id":"https:\/\/www.purejewels.com\/product\/18ct-gold-heart-shape-studs-50125\/#breadcrumb"},"inLanguage":"tr","potentialAction":[{"@type":"ReadAction","target":["https:\/\/www.purejewels.com\/product\/18ct-gold-heart-shape-studs-50125\/"]}]},{"@type":"ImageObject","inLanguage":"tr","@id":"https:\/\/www.purejewels.com\/product\/18ct-gold-heart-shape-studs-50125\/#primaryimage","url":"https:\/\/static.purejewels.com\/wp-content\/uploads\/2025\/01\/50125.png","contentUrl":"https:\/\/static.purejewels.com\/wp-content\/uploads\/2025\/01\/50125.png","width":1000,"height":1000,"caption":"18ct Gold Heart Stud with Diamond"},{"@type":"BreadcrumbList","@id":"https:\/\/www.purejewels.com\/product\/18ct-gold-heart-shape-studs-50125\/#breadcrumb","itemListElement":[{"@type":"ListItem","position":1,"name":"Home","item":"https:\/\/www.purejewels.com\/"},{"@type":"ListItem","position":2,"name":"Shop","item":"https:\/\/www.purejewels.com\/shop\/"},{"@type":"ListItem","position":3,"name":"18ct Gold Heart Stud with Diamond"}]},{"@type":"WebSite","@id":"https:\/\/www.purejewels.com\/#website","url":"https:\/\/www.purejewels.com\/","name":"PureJewels \u0130ngiltere","description":"Sevgiyi Payla\u015f\u0131n","publisher":{"@id":"https:\/\/www.purejewels.com\/#organization"},"potentialAction":[{"@type":"SearchAction","target":{"@type":"EntryPoint","urlTemplate":"https:\/\/www.purejewels.com\/?s={search_term_string}"},"query-input":{"@type":"PropertyValueSpecification","valueRequired":true,"valueName":"search_term_string"}}],"inLanguage":"tr"},{"@type":"Organization","@id":"https:\/\/www.purejewels.com\/#organization","name":"PureJewels \u0130ngiltere","url":"https:\/\/www.purejewels.com\/","logo":{"@type":"ImageObject","inLanguage":"tr","@id":"https:\/\/www.purejewels.com\/#\/schema\/logo\/image\/","url":"https:\/\/static.purejewels.com\/wp-content\/uploads\/2020\/11\/Logo-PJ-New-1.png","contentUrl":"https:\/\/static.purejewels.com\/wp-content\/uploads\/2020\/11\/Logo-PJ-New-1.png","width":150,"height":80,"caption":"PureJewels UK"},"image":{"@id":"https:\/\/www.purejewels.com\/#\/schema\/logo\/image\/"}}]}},"_links":{"self":[{"href":"https:\/\/www.purejewels.com\/tr\/wp-json\/wp\/v2\/product\/334950","targetHints":{"allow":["GET"]}}],"collection":[{"href":"https:\/\/www.purejewels.com\/tr\/wp-json\/wp\/v2\/product"}],"about":[{"href":"https:\/\/www.purejewels.com\/tr\/wp-json\/wp\/v2\/types\/product"}],"replies":[{"embeddable":true,"href":"https:\/\/www.purejewels.com\/tr\/wp-json\/wp\/v2\/comments?post=334950"}],"version-history":[{"count":4,"href":"https:\/\/www.purejewels.com\/tr\/wp-json\/wp\/v2\/product\/334950\/revisions"}],"predecessor-version":[{"id":419881,"href":"https:\/\/www.purejewels.com\/tr\/wp-json\/wp\/v2\/product\/334950\/revisions\/419881"}],"wp:featuredmedia":[{"embeddable":true,"href":"https:\/\/www.purejewels.com\/tr\/wp-json\/wp\/v2\/media\/383699"}],"wp:attachment":[{"href":"https:\/\/www.purejewels.com\/tr\/wp-json\/wp\/v2\/media?parent=334950"}],"wp:term":[{"taxonomy":"product_brand","embeddable":true,"href":"https:\/\/www.purejewels.com\/tr\/wp-json\/wp\/v2\/product_brand?post=334950"},{"taxonomy":"product_cat","embeddable":true,"href":"https:\/\/www.purejewels.com\/tr\/wp-json\/wp\/v2\/product_cat?post=334950"},{"taxonomy":"product_tag","embeddable":true,"href":"https:\/\/www.purejewels.com\/tr\/wp-json\/wp\/v2\/product_tag?post=334950"}],"curies":[{"name":"wp","href":"https:\/\/api.w.org\/{rel}","templated":true}]}}