{"id":334975,"date":"2023-07-24T07:44:51","date_gmt":"2023-07-24T06:44:51","guid":{"rendered":"https:\/\/www.purejewels.com\/?post_type=product&#038;p=334975"},"modified":"2026-03-23T07:41:55","modified_gmt":"2026-03-23T07:41:55","slug":"22-ayar-altin-jhumkas-41363","status":"publish","type":"product","link":"https:\/\/www.purejewels.com\/tr\/product\/22ct-gold-jhumkas-41363\/","title":{"rendered":"22 Ayar Alt\u0131n Jhumkas | Mat Kaplama | Rozet Koleksiyonu"},"content":{"rendered":"<p>Koleksiyonunuza eklemek i\u00e7in \u00e7arp\u0131c\u0131 bir \u00e7ift geleneksel Hint k\u00fcpesi mi ar\u0131yorsunuz? Rosette Koleksiyonu'ndan 22 ayar alt\u0131n Jhumkalar\u0131m\u0131zdan ba\u015fkas\u0131na bakmay\u0131n. Bu g\u00fczel Jhumka k\u00fcpeler her t\u00fcrl\u00fc \u00f6zel durum i\u00e7in m\u00fckemmeldir ve kesinlikle bir a\u00e7\u0131klama yapacakt\u0131r.<\/p>\n<p>\u00d6zenle ve detaylara dikkat edilerek el yap\u0131m\u0131 olarak \u00fcretilen bu Jhumkalar, her k\u0131yafete \u015f\u0131kl\u0131k katan mat bir y\u00fczeye sahiptir. K\u00fcpelerin geleneksel Hint tak\u0131lar\u0131ndan ilham alan karma\u015f\u0131k tasar\u0131m\u0131, onlar\u0131 y\u0131llarca saklanacak zamans\u0131z bir par\u00e7a haline getiriyor.<\/p>\n<p>Her bir Jhumka k\u00fcpe \u00e7ifti 20 gram a\u011f\u0131rl\u0131\u011f\u0131ndad\u0131r ve l\u00fcks bir g\u00f6r\u00fcn\u00fcm ve his i\u00e7in 22 ayar alt\u0131ndan yap\u0131lm\u0131\u015ft\u0131r. Antik mat kaplama, vintage bir cazibe katarak bu k\u00fcpeleri m\u00fccevher koleksiyonunuza \u00e7ok y\u00f6nl\u00fc bir katk\u0131 haline getirir.<\/p>\n<p>Kendi \u00e7iftinizi sipari\u015f edin <a href=\"https:\/\/www.purejewels.com\/tr\/urun-kategori%cc%87si%cc%87\/22-ayar-altin-takilar\/altin-kupeler\/jhumkha-kupeler\/\" target=\"_blank\" rel=\"noopener\">22 ayar alt\u0131n Jhumka k\u00fcpeler<\/a> Rosette Koleksiyonu'ndan bug\u00fcn al\u0131n ve g\u00f6r\u00fcn\u00fcm\u00fcn\u00fcze Hint ihti\u015fam\u0131ndan bir dokunu\u015f kat\u0131n.<\/p>","protected":false},"excerpt":{"rendered":"<table class=\"sh_desc\">\n<tbody>\n<tr>\n<td>K\u00fcpe T\u00fcr\u00fc<\/td>\n<td>Jumkha K\u00fcpe<\/td>\n<\/tr>\n<tr>\n<td>SKU<\/td>\n<td>43472<\/td>\n<\/tr>\n<tr>\n<td>A\u011f\u0131rl\u0131k<\/td>\n<td>20 Gms<\/td>\n<\/tr>\n<tr>\n<td>Biti\u015f<\/td>\n<td>Antique_Matte<\/td>\n<\/tr>\n<tr>\n<td>Koleksiyon<\/td>\n<td><strong>Rozet Koleksiyonu<\/strong><\/td>\n<\/tr>\n<tr>\n<td>Metal<\/td>\n<td>22 Ayar Alt\u0131n<\/td>\n<\/tr>\n<tr>\n<td>\u00dccretler<\/td>\n<td>Teslimat ve KDV Dahil<\/td>\n<\/tr>\n<tr>\n<td>Paketleme<\/td>\n<td>Sunum Kutusu ile Birlikte Gelir<\/td>\n<\/tr>\n<tr>\n<td>Daha Fazla Bilgi<\/td>\n<td>M\u00fcsaitlik durumu ve daha fazla resim i\u00e7in bizimle canl\u0131 sohbet edin<\/td>\n<\/tr>\n<\/tbody>\n<\/table>","protected":false},"featured_media":349127,"comment_status":"closed","ping_status":"closed","template":"","meta":{"_eb_attr":"","_crsspst_to_jayantr4sg-hostcom":false},"product_brand":[],"product_cat":[5315,236,5370,1790,1254,1229,1578,6148,1656,5274,1573,1574,5349],"product_tag":[66],"class_list":{"0":"post-334975","1":"product","2":"type-product","3":"status-publish","4":"has-post-thumbnail","6":"product_cat-bridal-and-wedding-earrings","7":"product_cat-collections","8":"product_cat-ethnic-jewellery","9":"product_cat-for-whom-when","10":"product_cat-gold-earrings","11":"product_cat-22ct-gold-jewellery","12":"product_cat-jhumkha-earrings","13":"product_cat-rosette-jhumka","14":"product_cat-rosettes-collections","15":"product_cat-rosettes-earring","16":"product_cat-wedding-gifts","17":"product_cat-womens-jewellery","18":"product_cat-yellow-gold-jewellery","19":"product_tag-earrings","21":"first","22":"instock","23":"taxable","24":"shipping-taxable","25":"purchasable","26":"product-type-simple","27":"add-to-wishlist-before_image"},"yoast_head":"<!-- This site is optimized with the Yoast SEO plugin v27.5 - https:\/\/yoast.com\/product\/yoast-seo-wordpress\/ -->\n<title>22ct Gold Pretty Jhumkas | Order Now in UK | PureJewels.com<\/title>\n<meta name=\"description\" content=\"Gold Jhumaka Earrings Online in London | Latest &amp; Wide Range of Jhumkas in UK | Fast Delivery &amp; Easy Returns.\" \/>\n<meta name=\"robots\" content=\"index, follow, max-snippet:-1, max-image-preview:large, max-video-preview:-1\" \/>\n<link rel=\"canonical\" href=\"https:\/\/www.purejewels.com\/tr\/urun\/22-ayar-altin-jhumkas-41363\/\" \/>\n<meta property=\"og:locale\" content=\"tr_TR\" \/>\n<meta property=\"og:type\" content=\"article\" \/>\n<meta property=\"og:title\" content=\"22ct Gold Pretty Jhumkas | Order Now in UK | PureJewels.com\" \/>\n<meta property=\"og:description\" content=\"Gold Jhumaka Earrings Online in London | Latest &amp; Wide Range of Jhumkas in UK | Fast Delivery &amp; Easy Returns.\" \/>\n<meta property=\"og:url\" content=\"https:\/\/www.purejewels.com\/tr\/urun\/22-ayar-altin-jhumkas-41363\/\" \/>\n<meta property=\"og:site_name\" content=\"PureJewels UK\" \/>\n<meta property=\"article:modified_time\" content=\"2026-03-23T07:41:55+00:00\" \/>\n<meta property=\"og:image\" content=\"https:\/\/static.purejewels.com\/wp-content\/uploads\/2022\/03\/43472.jpg\" \/>\n\t<meta property=\"og:image:width\" content=\"1000\" \/>\n\t<meta property=\"og:image:height\" content=\"1000\" \/>\n\t<meta property=\"og:image:type\" content=\"image\/jpeg\" \/>\n<meta name=\"twitter:card\" content=\"summary_large_image\" \/>\n<meta name=\"twitter:label1\" content=\"Tahmini okuma s\u00fcresi\" \/>\n\t<meta name=\"twitter:data1\" content=\"1 dakika\" \/>\n<script type=\"application\/ld+json\" class=\"yoast-schema-graph\">{\"@context\":\"https:\\\/\\\/schema.org\",\"@graph\":[{\"@type\":[\"WebPage\",\"ItemPage\"],\"@id\":\"https:\\\/\\\/www.purejewels.com\\\/product\\\/22ct-gold-jhumkas-41363\\\/\",\"url\":\"https:\\\/\\\/www.purejewels.com\\\/product\\\/22ct-gold-jhumkas-41363\\\/\",\"name\":\"22ct Gold Pretty Jhumkas | Order Now in UK | PureJewels.com\",\"isPartOf\":{\"@id\":\"https:\\\/\\\/www.purejewels.com\\\/#website\"},\"primaryImageOfPage\":{\"@id\":\"https:\\\/\\\/www.purejewels.com\\\/product\\\/22ct-gold-jhumkas-41363\\\/#primaryimage\"},\"image\":{\"@id\":\"https:\\\/\\\/www.purejewels.com\\\/product\\\/22ct-gold-jhumkas-41363\\\/#primaryimage\"},\"thumbnailUrl\":\"https:\\\/\\\/static.purejewels.com\\\/wp-content\\\/uploads\\\/2022\\\/03\\\/43472.jpg\",\"datePublished\":\"2023-07-24T06:44:51+00:00\",\"dateModified\":\"2026-03-23T07:41:55+00:00\",\"description\":\"Gold Jhumaka Earrings Online in London | Latest & Wide Range of Jhumkas in UK | Fast Delivery & Easy Returns.\",\"breadcrumb\":{\"@id\":\"https:\\\/\\\/www.purejewels.com\\\/product\\\/22ct-gold-jhumkas-41363\\\/#breadcrumb\"},\"inLanguage\":\"tr\",\"potentialAction\":[{\"@type\":\"ReadAction\",\"target\":[\"https:\\\/\\\/www.purejewels.com\\\/product\\\/22ct-gold-jhumkas-41363\\\/\"]}]},{\"@type\":\"ImageObject\",\"inLanguage\":\"tr\",\"@id\":\"https:\\\/\\\/www.purejewels.com\\\/product\\\/22ct-gold-jhumkas-41363\\\/#primaryimage\",\"url\":\"https:\\\/\\\/static.purejewels.com\\\/wp-content\\\/uploads\\\/2022\\\/03\\\/43472.jpg\",\"contentUrl\":\"https:\\\/\\\/static.purejewels.com\\\/wp-content\\\/uploads\\\/2022\\\/03\\\/43472.jpg\",\"width\":1000,\"height\":1000,\"caption\":\"22ct Gold Jhumkas\"},{\"@type\":\"BreadcrumbList\",\"@id\":\"https:\\\/\\\/www.purejewels.com\\\/product\\\/22ct-gold-jhumkas-41363\\\/#breadcrumb\",\"itemListElement\":[{\"@type\":\"ListItem\",\"position\":1,\"name\":\"Home\",\"item\":\"https:\\\/\\\/www.purejewels.com\\\/\"},{\"@type\":\"ListItem\",\"position\":2,\"name\":\"Shop\",\"item\":\"https:\\\/\\\/www.purejewels.com\\\/shop\\\/\"},{\"@type\":\"ListItem\",\"position\":3,\"name\":\"22ct Gold Jhumkas | Matte Finish | Rosette Collection\"}]},{\"@type\":\"WebSite\",\"@id\":\"https:\\\/\\\/www.purejewels.com\\\/#website\",\"url\":\"https:\\\/\\\/www.purejewels.com\\\/\",\"name\":\"PureJewels UK\",\"description\":\"Share the Love\",\"publisher\":{\"@id\":\"https:\\\/\\\/www.purejewels.com\\\/#organization\"},\"potentialAction\":[{\"@type\":\"SearchAction\",\"target\":{\"@type\":\"EntryPoint\",\"urlTemplate\":\"https:\\\/\\\/www.purejewels.com\\\/?s={search_term_string}\"},\"query-input\":{\"@type\":\"PropertyValueSpecification\",\"valueRequired\":true,\"valueName\":\"search_term_string\"}}],\"inLanguage\":\"tr\"},{\"@type\":\"Organization\",\"@id\":\"https:\\\/\\\/www.purejewels.com\\\/#organization\",\"name\":\"PureJewels UK\",\"url\":\"https:\\\/\\\/www.purejewels.com\\\/\",\"logo\":{\"@type\":\"ImageObject\",\"inLanguage\":\"tr\",\"@id\":\"https:\\\/\\\/www.purejewels.com\\\/#\\\/schema\\\/logo\\\/image\\\/\",\"url\":\"https:\\\/\\\/static.purejewels.com\\\/wp-content\\\/uploads\\\/2020\\\/11\\\/Logo-PJ-New-1.png\",\"contentUrl\":\"https:\\\/\\\/static.purejewels.com\\\/wp-content\\\/uploads\\\/2020\\\/11\\\/Logo-PJ-New-1.png\",\"width\":150,\"height\":80,\"caption\":\"PureJewels UK\"},\"image\":{\"@id\":\"https:\\\/\\\/www.purejewels.com\\\/#\\\/schema\\\/logo\\\/image\\\/\"}}]}<\/script>\n<!-- \/ Yoast SEO plugin. -->","yoast_head_json":{"title":"22 Ayar Alt\u0131n Pretty Jhumkas | \u0130ngiltere'de \u015eimdi Sipari\u015f Verin | PureJewels.com","description":"Londra'da Online Alt\u0131n Jhumaka K\u00fcpeler | \u0130ngiltere'de En Son ve Geni\u015f Jhumkas Yelpazesi | H\u0131zl\u0131 Teslimat ve Kolay \u0130ade.","robots":{"index":"index","follow":"follow","max-snippet":"max-snippet:-1","max-image-preview":"max-image-preview:large","max-video-preview":"max-video-preview:-1"},"canonical":"https:\/\/www.purejewels.com\/tr\/urun\/22-ayar-altin-jhumkas-41363\/","og_locale":"tr_TR","og_type":"article","og_title":"22ct Gold Pretty Jhumkas | Order Now in UK | PureJewels.com","og_description":"Gold Jhumaka Earrings Online in London | Latest & Wide Range of Jhumkas in UK | Fast Delivery & Easy Returns.","og_url":"https:\/\/www.purejewels.com\/tr\/urun\/22-ayar-altin-jhumkas-41363\/","og_site_name":"PureJewels UK","article_modified_time":"2026-03-23T07:41:55+00:00","og_image":[{"width":1000,"height":1000,"url":"https:\/\/static.purejewels.com\/wp-content\/uploads\/2022\/03\/43472.jpg","type":"image\/jpeg"}],"twitter_card":"summary_large_image","twitter_misc":{"Tahmini okuma s\u00fcresi":"1 dakika"},"schema":{"@context":"https:\/\/schema.org","@graph":[{"@type":["WebPage","ItemPage"],"@id":"https:\/\/www.purejewels.com\/product\/22ct-gold-jhumkas-41363\/","url":"https:\/\/www.purejewels.com\/product\/22ct-gold-jhumkas-41363\/","name":"22 Ayar Alt\u0131n Pretty Jhumkas | \u0130ngiltere'de \u015eimdi Sipari\u015f Verin | PureJewels.com","isPartOf":{"@id":"https:\/\/www.purejewels.com\/#website"},"primaryImageOfPage":{"@id":"https:\/\/www.purejewels.com\/product\/22ct-gold-jhumkas-41363\/#primaryimage"},"image":{"@id":"https:\/\/www.purejewels.com\/product\/22ct-gold-jhumkas-41363\/#primaryimage"},"thumbnailUrl":"https:\/\/static.purejewels.com\/wp-content\/uploads\/2022\/03\/43472.jpg","datePublished":"2023-07-24T06:44:51+00:00","dateModified":"2026-03-23T07:41:55+00:00","description":"Londra'da Online Alt\u0131n Jhumaka K\u00fcpeler | \u0130ngiltere'de En Son ve Geni\u015f Jhumkas Yelpazesi | H\u0131zl\u0131 Teslimat ve Kolay \u0130ade.","breadcrumb":{"@id":"https:\/\/www.purejewels.com\/product\/22ct-gold-jhumkas-41363\/#breadcrumb"},"inLanguage":"tr","potentialAction":[{"@type":"ReadAction","target":["https:\/\/www.purejewels.com\/product\/22ct-gold-jhumkas-41363\/"]}]},{"@type":"ImageObject","inLanguage":"tr","@id":"https:\/\/www.purejewels.com\/product\/22ct-gold-jhumkas-41363\/#primaryimage","url":"https:\/\/static.purejewels.com\/wp-content\/uploads\/2022\/03\/43472.jpg","contentUrl":"https:\/\/static.purejewels.com\/wp-content\/uploads\/2022\/03\/43472.jpg","width":1000,"height":1000,"caption":"22ct Gold Jhumkas"},{"@type":"BreadcrumbList","@id":"https:\/\/www.purejewels.com\/product\/22ct-gold-jhumkas-41363\/#breadcrumb","itemListElement":[{"@type":"ListItem","position":1,"name":"Home","item":"https:\/\/www.purejewels.com\/"},{"@type":"ListItem","position":2,"name":"Shop","item":"https:\/\/www.purejewels.com\/shop\/"},{"@type":"ListItem","position":3,"name":"22ct Gold Jhumkas | Matte Finish | Rosette Collection"}]},{"@type":"WebSite","@id":"https:\/\/www.purejewels.com\/#website","url":"https:\/\/www.purejewels.com\/","name":"PureJewels \u0130ngiltere","description":"Sevgiyi Payla\u015f\u0131n","publisher":{"@id":"https:\/\/www.purejewels.com\/#organization"},"potentialAction":[{"@type":"SearchAction","target":{"@type":"EntryPoint","urlTemplate":"https:\/\/www.purejewels.com\/?s={search_term_string}"},"query-input":{"@type":"PropertyValueSpecification","valueRequired":true,"valueName":"search_term_string"}}],"inLanguage":"tr"},{"@type":"Organization","@id":"https:\/\/www.purejewels.com\/#organization","name":"PureJewels \u0130ngiltere","url":"https:\/\/www.purejewels.com\/","logo":{"@type":"ImageObject","inLanguage":"tr","@id":"https:\/\/www.purejewels.com\/#\/schema\/logo\/image\/","url":"https:\/\/static.purejewels.com\/wp-content\/uploads\/2020\/11\/Logo-PJ-New-1.png","contentUrl":"https:\/\/static.purejewels.com\/wp-content\/uploads\/2020\/11\/Logo-PJ-New-1.png","width":150,"height":80,"caption":"PureJewels UK"},"image":{"@id":"https:\/\/www.purejewels.com\/#\/schema\/logo\/image\/"}}]}},"_links":{"self":[{"href":"https:\/\/www.purejewels.com\/tr\/wp-json\/wp\/v2\/product\/334975","targetHints":{"allow":["GET"]}}],"collection":[{"href":"https:\/\/www.purejewels.com\/tr\/wp-json\/wp\/v2\/product"}],"about":[{"href":"https:\/\/www.purejewels.com\/tr\/wp-json\/wp\/v2\/types\/product"}],"replies":[{"embeddable":true,"href":"https:\/\/www.purejewels.com\/tr\/wp-json\/wp\/v2\/comments?post=334975"}],"version-history":[{"count":3,"href":"https:\/\/www.purejewels.com\/tr\/wp-json\/wp\/v2\/product\/334975\/revisions"}],"predecessor-version":[{"id":427472,"href":"https:\/\/www.purejewels.com\/tr\/wp-json\/wp\/v2\/product\/334975\/revisions\/427472"}],"wp:featuredmedia":[{"embeddable":true,"href":"https:\/\/www.purejewels.com\/tr\/wp-json\/wp\/v2\/media\/349127"}],"wp:attachment":[{"href":"https:\/\/www.purejewels.com\/tr\/wp-json\/wp\/v2\/media?parent=334975"}],"wp:term":[{"taxonomy":"product_brand","embeddable":true,"href":"https:\/\/www.purejewels.com\/tr\/wp-json\/wp\/v2\/product_brand?post=334975"},{"taxonomy":"product_cat","embeddable":true,"href":"https:\/\/www.purejewels.com\/tr\/wp-json\/wp\/v2\/product_cat?post=334975"},{"taxonomy":"product_tag","embeddable":true,"href":"https:\/\/www.purejewels.com\/tr\/wp-json\/wp\/v2\/product_tag?post=334975"}],"curies":[{"name":"wp","href":"https:\/\/api.w.org\/{rel}","templated":true}]}}